{"id":7949,"date":"2019-06-28T10:54:30","date_gmt":"2019-06-28T08:54:30","guid":{"rendered":"https:\/\/sysmatec.ch\/produit\/visualisation-de-la-quantite-de-liquide-ajoute-durant-une-reaction\/"},"modified":"2022-05-20T09:20:19","modified_gmt":"2022-05-20T07:20:19","slug":"borescope-with-360-rotation-az-b317d","status":"publish","type":"product","link":"https:\/\/sysmatec.ch\/en\/product\/borescope-with-360-rotation-az-b317d\/","title":{"rendered":"Borescope with 360\u00b0 rotation AZ-B317D"},"content":{"rendered":"<p>An additional high-definition camera is built into the side of the main camera to help detect the side of the pipe. Long press to switch the main\/side camera, allowing you to get a wider field of view. Easy to get start. All buttons are transparent and easy to operate even in dark environment. No mirror is needed.<\/p>\n<p>This endoscope is equipped with an upgraded 5 inch IPS screen which is more energy-saving than others. It makes inspection quicker and easier to take picture &amp; record video.<\/p>\n<p>Featured with 8 adjustable LED lights on the borescope camera tip, providing you a clear picture even in dark or low-light condition. Behind the endoscope, there is a built-in torch light for inspection at night. Great inspection tool! Built-in 3000 mAh rechargeable battery, support continuously work for 4-5 hours.<\/p>\n<p>One click to take photo, record video. It is widely used for Automotive Maintenance, Industrial Inspection, House Check, Pipeline Inspection, Appliance Inspection and sewer drain inspection, etc.<\/p>\n<h2>Features of the borescope<\/h2>\n<ul>\n<li>Lens pixels:\u00a02.0 megapixels<\/li>\n<li>360 degree ration inspection<\/li>\n<li>Cable Length: 1 m \/3 m<\/li>\n<li>Camera diameter: 8mm<\/li>\n<li>View Angle: 60 degree<\/li>\n<li>Working Time: 4-5 hours<\/li>\n<li>Battery Capacity: 3000mAh<\/li>\n<li>Waterproof Grade: IP67 (Lens &amp; Cable)<\/li>\n<li>Focus Distance:\u00a03-10cm\/ 1.18- \u00a03.93 inch<\/li>\n<li>Resolution:\u00a01920*1080, 1280*720<\/li>\n<li>LED : With 8 Dimmable LED Light<\/li>\n<\/ul>\n","protected":false},"excerpt":{"rendered":"<p>Endoscope avec 2 cam\u00e9ras, une frontale et une lat\u00e9rale. Disponible avec diff\u00e9rentes longueurs de c\u00e2bles.<\/p>\n","protected":false},"featured_media":27673,"template":"","meta":{"_crdt_document":""},"product_brand":[],"product_cat":[211],"product_tag":[],"class_list":{"0":"post-7949","1":"product","2":"type-product","3":"status-publish","4":"has-post-thumbnail","6":"product_cat-endoscope-en","8":"first","9":"instock","10":"taxable","11":"shipping-taxable","12":"product-type-simple"},"yoast_head":"<!-- This site is optimized with the Yoast SEO plugin v27.3 - https:\/\/yoast.com\/product\/yoast-seo-wordpress\/ -->\n<title>Borescope with 360\u00b0 rotation AZ-B317D - Sysmatec<\/title>\n<meta name=\"description\" content=\"Endoscope avec 2 cam\u00e9ras, une frontale et une lat\u00e9rale. Disponible avec diff\u00e9rentes longueurs de c\u00e2bles.\" \/>\n<meta name=\"robots\" content=\"index, follow, max-snippet:-1, max-image-preview:large, max-video-preview:-1\" \/>\n<link rel=\"canonical\" href=\"https:\/\/sysmatec.ch\/en\/produit\/borescope-with-360-rotation-az-b317d\/\" \/>\n<meta property=\"og:locale\" content=\"en_US\" \/>\n<meta property=\"og:type\" content=\"article\" \/>\n<meta property=\"og:title\" content=\"Borescope with 360\u00b0 rotation AZ-B317D - Sysmatec\" \/>\n<meta property=\"og:description\" content=\"Endoscope avec 2 cam\u00e9ras, une frontale et une lat\u00e9rale. Disponible avec diff\u00e9rentes longueurs de c\u00e2bles.\" \/>\n<meta property=\"og:url\" content=\"https:\/\/sysmatec.ch\/en\/produit\/borescope-with-360-rotation-az-b317d\/\" \/>\n<meta property=\"og:site_name\" content=\"Sysmatec\" \/>\n<meta property=\"article:modified_time\" content=\"2022-05-20T07:20:19+00:00\" \/>\n<meta property=\"og:image\" content=\"https:\/\/sysmatec.ch\/wp-content\/uploads\/2019\/06\/Endoscope_AtaztechB317D.jpg\" \/>\n\t<meta property=\"og:image:width\" content=\"900\" \/>\n\t<meta property=\"og:image:height\" content=\"900\" \/>\n\t<meta property=\"og:image:type\" content=\"image\/jpeg\" \/>\n<meta name=\"twitter:card\" content=\"summary_large_image\" \/>\n<meta name=\"twitter:label1\" content=\"Est. reading time\" \/>\n\t<meta name=\"twitter:data1\" content=\"2 minutes\" \/>\n<script type=\"application\/ld+json\" class=\"yoast-schema-graph\">{\"@context\":\"https:\\\/\\\/schema.org\",\"@graph\":[{\"@type\":\"WebPage\",\"@id\":\"https:\\\/\\\/sysmatec.ch\\\/en\\\/produit\\\/borescope-with-360-rotation-az-b317d\\\/\",\"url\":\"https:\\\/\\\/sysmatec.ch\\\/en\\\/produit\\\/borescope-with-360-rotation-az-b317d\\\/\",\"name\":\"Borescope with 360\u00b0 rotation AZ-B317D - Sysmatec\",\"isPartOf\":{\"@id\":\"https:\\\/\\\/sysmatec.ch\\\/de\\\/#website\"},\"primaryImageOfPage\":{\"@id\":\"https:\\\/\\\/sysmatec.ch\\\/en\\\/produit\\\/borescope-with-360-rotation-az-b317d\\\/#primaryimage\"},\"image\":{\"@id\":\"https:\\\/\\\/sysmatec.ch\\\/en\\\/produit\\\/borescope-with-360-rotation-az-b317d\\\/#primaryimage\"},\"thumbnailUrl\":\"https:\\\/\\\/sysmatec.ch\\\/wp-content\\\/uploads\\\/2019\\\/06\\\/Endoscope_AtaztechB317D.jpg\",\"datePublished\":\"2019-06-28T08:54:30+00:00\",\"dateModified\":\"2022-05-20T07:20:19+00:00\",\"description\":\"Endoscope avec 2 cam\u00e9ras, une frontale et une lat\u00e9rale. Disponible avec diff\u00e9rentes longueurs de c\u00e2bles.\",\"breadcrumb\":{\"@id\":\"https:\\\/\\\/sysmatec.ch\\\/en\\\/produit\\\/borescope-with-360-rotation-az-b317d\\\/#breadcrumb\"},\"inLanguage\":\"en-US\",\"potentialAction\":[{\"@type\":\"ReadAction\",\"target\":[\"https:\\\/\\\/sysmatec.ch\\\/en\\\/produit\\\/borescope-with-360-rotation-az-b317d\\\/\"]}]},{\"@type\":\"ImageObject\",\"inLanguage\":\"en-US\",\"@id\":\"https:\\\/\\\/sysmatec.ch\\\/en\\\/produit\\\/borescope-with-360-rotation-az-b317d\\\/#primaryimage\",\"url\":\"https:\\\/\\\/sysmatec.ch\\\/wp-content\\\/uploads\\\/2019\\\/06\\\/Endoscope_AtaztechB317D.jpg\",\"contentUrl\":\"https:\\\/\\\/sysmatec.ch\\\/wp-content\\\/uploads\\\/2019\\\/06\\\/Endoscope_AtaztechB317D.jpg\",\"width\":900,\"height\":900},{\"@type\":\"BreadcrumbList\",\"@id\":\"https:\\\/\\\/sysmatec.ch\\\/en\\\/produit\\\/borescope-with-360-rotation-az-b317d\\\/#breadcrumb\",\"itemListElement\":[{\"@type\":\"ListItem\",\"position\":1,\"name\":\"Accueil\",\"item\":\"https:\\\/\\\/sysmatec.ch\\\/en\\\/\"},{\"@type\":\"ListItem\",\"position\":2,\"name\":\"Sysmatec Activities\",\"item\":\"https:\\\/\\\/sysmatec.ch\\\/en\\\/\"},{\"@type\":\"ListItem\",\"position\":3,\"name\":\"Borescope with 360\u00b0 rotation AZ-B317D\"}]},{\"@type\":\"WebSite\",\"@id\":\"https:\\\/\\\/sysmatec.ch\\\/de\\\/#website\",\"url\":\"https:\\\/\\\/sysmatec.ch\\\/de\\\/\",\"name\":\"Sysmatec\",\"description\":\"Equipement de laboratoire et logiciels\",\"publisher\":{\"@id\":\"https:\\\/\\\/sysmatec.ch\\\/de\\\/#organization\"},\"potentialAction\":[{\"@type\":\"SearchAction\",\"target\":{\"@type\":\"EntryPoint\",\"urlTemplate\":\"https:\\\/\\\/sysmatec.ch\\\/de\\\/?s={search_term_string}\"},\"query-input\":{\"@type\":\"PropertyValueSpecification\",\"valueRequired\":true,\"valueName\":\"search_term_string\"}}],\"inLanguage\":\"en-US\"},{\"@type\":\"Organization\",\"@id\":\"https:\\\/\\\/sysmatec.ch\\\/de\\\/#organization\",\"name\":\"Sysmatec\",\"url\":\"https:\\\/\\\/sysmatec.ch\\\/de\\\/\",\"logo\":{\"@type\":\"ImageObject\",\"inLanguage\":\"en-US\",\"@id\":\"https:\\\/\\\/sysmatec.ch\\\/de\\\/#\\\/schema\\\/logo\\\/image\\\/\",\"url\":\"https:\\\/\\\/sysmatec.ch\\\/wp-content\\\/uploads\\\/2018\\\/11\\\/LogoSysmatec.jpg\",\"contentUrl\":\"https:\\\/\\\/sysmatec.ch\\\/wp-content\\\/uploads\\\/2018\\\/11\\\/LogoSysmatec.jpg\",\"width\":301,\"height\":297,\"caption\":\"Sysmatec\"},\"image\":{\"@id\":\"https:\\\/\\\/sysmatec.ch\\\/de\\\/#\\\/schema\\\/logo\\\/image\\\/\"}}]}<\/script>\n<!-- \/ Yoast SEO plugin. -->","yoast_head_json":{"title":"Borescope with 360\u00b0 rotation AZ-B317D - Sysmatec","description":"Endoscope avec 2 cam\u00e9ras, une frontale et une lat\u00e9rale. Disponible avec diff\u00e9rentes longueurs de c\u00e2bles.","robots":{"index":"index","follow":"follow","max-snippet":"max-snippet:-1","max-image-preview":"max-image-preview:large","max-video-preview":"max-video-preview:-1"},"canonical":"https:\/\/sysmatec.ch\/en\/produit\/borescope-with-360-rotation-az-b317d\/","og_locale":"en_US","og_type":"article","og_title":"Borescope with 360\u00b0 rotation AZ-B317D - Sysmatec","og_description":"Endoscope avec 2 cam\u00e9ras, une frontale et une lat\u00e9rale. Disponible avec diff\u00e9rentes longueurs de c\u00e2bles.","og_url":"https:\/\/sysmatec.ch\/en\/produit\/borescope-with-360-rotation-az-b317d\/","og_site_name":"Sysmatec","article_modified_time":"2022-05-20T07:20:19+00:00","og_image":[{"width":900,"height":900,"url":"https:\/\/sysmatec.ch\/wp-content\/uploads\/2019\/06\/Endoscope_AtaztechB317D.jpg","type":"image\/jpeg"}],"twitter_card":"summary_large_image","twitter_misc":{"Est. reading time":"2 minutes"},"schema":{"@context":"https:\/\/schema.org","@graph":[{"@type":"WebPage","@id":"https:\/\/sysmatec.ch\/en\/produit\/borescope-with-360-rotation-az-b317d\/","url":"https:\/\/sysmatec.ch\/en\/produit\/borescope-with-360-rotation-az-b317d\/","name":"Borescope with 360\u00b0 rotation AZ-B317D - Sysmatec","isPartOf":{"@id":"https:\/\/sysmatec.ch\/de\/#website"},"primaryImageOfPage":{"@id":"https:\/\/sysmatec.ch\/en\/produit\/borescope-with-360-rotation-az-b317d\/#primaryimage"},"image":{"@id":"https:\/\/sysmatec.ch\/en\/produit\/borescope-with-360-rotation-az-b317d\/#primaryimage"},"thumbnailUrl":"https:\/\/sysmatec.ch\/wp-content\/uploads\/2019\/06\/Endoscope_AtaztechB317D.jpg","datePublished":"2019-06-28T08:54:30+00:00","dateModified":"2022-05-20T07:20:19+00:00","description":"Endoscope avec 2 cam\u00e9ras, une frontale et une lat\u00e9rale. Disponible avec diff\u00e9rentes longueurs de c\u00e2bles.","breadcrumb":{"@id":"https:\/\/sysmatec.ch\/en\/produit\/borescope-with-360-rotation-az-b317d\/#breadcrumb"},"inLanguage":"en-US","potentialAction":[{"@type":"ReadAction","target":["https:\/\/sysmatec.ch\/en\/produit\/borescope-with-360-rotation-az-b317d\/"]}]},{"@type":"ImageObject","inLanguage":"en-US","@id":"https:\/\/sysmatec.ch\/en\/produit\/borescope-with-360-rotation-az-b317d\/#primaryimage","url":"https:\/\/sysmatec.ch\/wp-content\/uploads\/2019\/06\/Endoscope_AtaztechB317D.jpg","contentUrl":"https:\/\/sysmatec.ch\/wp-content\/uploads\/2019\/06\/Endoscope_AtaztechB317D.jpg","width":900,"height":900},{"@type":"BreadcrumbList","@id":"https:\/\/sysmatec.ch\/en\/produit\/borescope-with-360-rotation-az-b317d\/#breadcrumb","itemListElement":[{"@type":"ListItem","position":1,"name":"Accueil","item":"https:\/\/sysmatec.ch\/en\/"},{"@type":"ListItem","position":2,"name":"Sysmatec Activities","item":"https:\/\/sysmatec.ch\/en\/"},{"@type":"ListItem","position":3,"name":"Borescope with 360\u00b0 rotation AZ-B317D"}]},{"@type":"WebSite","@id":"https:\/\/sysmatec.ch\/de\/#website","url":"https:\/\/sysmatec.ch\/de\/","name":"Sysmatec","description":"Equipement de laboratoire et logiciels","publisher":{"@id":"https:\/\/sysmatec.ch\/de\/#organization"},"potentialAction":[{"@type":"SearchAction","target":{"@type":"EntryPoint","urlTemplate":"https:\/\/sysmatec.ch\/de\/?s={search_term_string}"},"query-input":{"@type":"PropertyValueSpecification","valueRequired":true,"valueName":"search_term_string"}}],"inLanguage":"en-US"},{"@type":"Organization","@id":"https:\/\/sysmatec.ch\/de\/#organization","name":"Sysmatec","url":"https:\/\/sysmatec.ch\/de\/","logo":{"@type":"ImageObject","inLanguage":"en-US","@id":"https:\/\/sysmatec.ch\/de\/#\/schema\/logo\/image\/","url":"https:\/\/sysmatec.ch\/wp-content\/uploads\/2018\/11\/LogoSysmatec.jpg","contentUrl":"https:\/\/sysmatec.ch\/wp-content\/uploads\/2018\/11\/LogoSysmatec.jpg","width":301,"height":297,"caption":"Sysmatec"},"image":{"@id":"https:\/\/sysmatec.ch\/de\/#\/schema\/logo\/image\/"}}]}},"_links":{"self":[{"href":"https:\/\/sysmatec.ch\/en\/wp-json\/wp\/v2\/product\/7949","targetHints":{"allow":["GET"]}}],"collection":[{"href":"https:\/\/sysmatec.ch\/en\/wp-json\/wp\/v2\/product"}],"about":[{"href":"https:\/\/sysmatec.ch\/en\/wp-json\/wp\/v2\/types\/product"}],"wp:featuredmedia":[{"embeddable":true,"href":"https:\/\/sysmatec.ch\/en\/wp-json\/wp\/v2\/media\/27673"}],"wp:attachment":[{"href":"https:\/\/sysmatec.ch\/en\/wp-json\/wp\/v2\/media?parent=7949"}],"wp:term":[{"taxonomy":"product_brand","embeddable":true,"href":"https:\/\/sysmatec.ch\/en\/wp-json\/wp\/v2\/product_brand?post=7949"},{"taxonomy":"product_cat","embeddable":true,"href":"https:\/\/sysmatec.ch\/en\/wp-json\/wp\/v2\/product_cat?post=7949"},{"taxonomy":"product_tag","embeddable":true,"href":"https:\/\/sysmatec.ch\/en\/wp-json\/wp\/v2\/product_tag?post=7949"}],"curies":[{"name":"wp","href":"https:\/\/api.w.org\/{rel}","templated":true}]}}