{"id":5218,"date":"2019-04-08T20:55:13","date_gmt":"2019-04-08T18:55:13","guid":{"rendered":"https:\/\/sysmatec.ch\/produit\/afficheur-digital-pour-temperature-simex-srt73\/"},"modified":"2022-02-04T12:03:59","modified_gmt":"2022-02-04T11:03:59","slug":"digital-meter-or-processmeter-cit-250","status":"publish","type":"product","link":"https:\/\/sysmatec.ch\/en\/product\/digital-meter-or-processmeter-cit-250\/","title":{"rendered":"Digital meter or processmeter CIT 250"},"content":{"rendered":"<p><span title=\"\">This device allows you to display the parameters of your process.<\/span> <span title=\"\">It has either a standard analog input (current and voltage) or an input for Pt100, Pt500, Pt1000 or thermcouples probes.<\/span> <span title=\"\">It is possible to add 1 or 2 relays to connect alarms or to regulate.<\/span><\/p>\n<ul>\n<li>Easy programming and installation<\/li>\n<li>1 or 2 relay outputs make it possible to control processes<\/li>\n<li>An additional 24VDC output is used to power the measuring transducers and the RS-485 enables data transmission in production process monitoring systems.<\/li>\n<li>Power supply: 19V \u00f7 50V DC,16V \u00f7 35V AC, 85 \u00f7 260V AC\/DC<\/li>\n<li>Display: 4&#215;13 mm<\/li>\n<li>Input (3 different devices): 0 \/ 4-20 mA and 0-1 \/ 2\/5\/10 V or Pt100, Pt500, Pt1000 or thermocouple<\/li>\n<li>Outputs: 0, 1 or 2 relays 1A\/250V AC (cos\u00f8=1) or the OC 30mA\/30VDC\/100mW<\/li>\n<li>Interface RS485<\/li>\n<\/ul>\n","protected":false},"excerpt":{"rendered":"<p>Digital display or processmeter for processes for standard current, voltage and temperature sensor signals (Pt100, Pt500, Pt1000, thermocouples)<\/p>\n","protected":false},"featured_media":5212,"template":"","meta":{"_crdt_document":""},"product_brand":[],"product_cat":[190,354,171],"product_tag":[],"class_list":{"0":"post-5218","1":"product","2":"type-product","3":"status-publish","4":"has-post-thumbnail","6":"product_cat-automation-en","7":"product_cat-digital-meter","8":"product_cat-temperature","10":"first","11":"instock","12":"taxable","13":"shipping-taxable","14":"product-type-simple"},"yoast_head":"<!-- This site is optimized with the Yoast SEO plugin v27.3 - https:\/\/yoast.com\/product\/yoast-seo-wordpress\/ -->\n<title>Digital meter or processmeter CIT 250 - Sysmatec<\/title>\n<meta name=\"description\" content=\"Digital display with voltage, current or temperature input. It displays the actual values. Character size 13 mm. It also has digital outputs.\" \/>\n<meta name=\"robots\" content=\"index, follow, max-snippet:-1, max-image-preview:large, max-video-preview:-1\" \/>\n<link rel=\"canonical\" href=\"https:\/\/sysmatec.ch\/en\/produit\/digital-meter-or-processmeter-cit-250\/\" \/>\n<meta property=\"og:locale\" content=\"en_US\" \/>\n<meta property=\"og:type\" content=\"article\" \/>\n<meta property=\"og:title\" content=\"Digital meter or processmeter CIT 250 - Sysmatec\" \/>\n<meta property=\"og:description\" content=\"Digital display with voltage, current or temperature input. It displays the actual values. Character size 13 mm. It also has digital outputs.\" \/>\n<meta property=\"og:url\" content=\"https:\/\/sysmatec.ch\/en\/produit\/digital-meter-or-processmeter-cit-250\/\" \/>\n<meta property=\"og:site_name\" content=\"Sysmatec\" \/>\n<meta property=\"article:modified_time\" content=\"2022-02-04T11:03:59+00:00\" \/>\n<meta property=\"og:image\" content=\"https:\/\/sysmatec.ch\/wp-content\/uploads\/2019\/04\/Afficheur_SimexSRP73.gif\" \/>\n\t<meta property=\"og:image:width\" content=\"199\" \/>\n\t<meta property=\"og:image:height\" content=\"117\" \/>\n\t<meta property=\"og:image:type\" content=\"image\/gif\" \/>\n<meta name=\"twitter:card\" content=\"summary_large_image\" \/>\n<meta name=\"twitter:label1\" content=\"Est. reading time\" \/>\n\t<meta name=\"twitter:data1\" content=\"1 minute\" \/>\n<script type=\"application\/ld+json\" class=\"yoast-schema-graph\">{\"@context\":\"https:\\\/\\\/schema.org\",\"@graph\":[{\"@type\":\"WebPage\",\"@id\":\"https:\\\/\\\/sysmatec.ch\\\/en\\\/produit\\\/digital-meter-or-processmeter-cit-250\\\/\",\"url\":\"https:\\\/\\\/sysmatec.ch\\\/en\\\/produit\\\/digital-meter-or-processmeter-cit-250\\\/\",\"name\":\"Digital meter or processmeter CIT 250 - Sysmatec\",\"isPartOf\":{\"@id\":\"https:\\\/\\\/sysmatec.ch\\\/de\\\/#website\"},\"primaryImageOfPage\":{\"@id\":\"https:\\\/\\\/sysmatec.ch\\\/en\\\/produit\\\/digital-meter-or-processmeter-cit-250\\\/#primaryimage\"},\"image\":{\"@id\":\"https:\\\/\\\/sysmatec.ch\\\/en\\\/produit\\\/digital-meter-or-processmeter-cit-250\\\/#primaryimage\"},\"thumbnailUrl\":\"https:\\\/\\\/sysmatec.ch\\\/wp-content\\\/uploads\\\/2019\\\/04\\\/Afficheur_SimexSRP73.gif\",\"datePublished\":\"2019-04-08T18:55:13+00:00\",\"dateModified\":\"2022-02-04T11:03:59+00:00\",\"description\":\"Digital display with voltage, current or temperature input. It displays the actual values. Character size 13 mm. It also has digital outputs.\",\"breadcrumb\":{\"@id\":\"https:\\\/\\\/sysmatec.ch\\\/en\\\/produit\\\/digital-meter-or-processmeter-cit-250\\\/#breadcrumb\"},\"inLanguage\":\"en-US\",\"potentialAction\":[{\"@type\":\"ReadAction\",\"target\":[\"https:\\\/\\\/sysmatec.ch\\\/en\\\/produit\\\/digital-meter-or-processmeter-cit-250\\\/\"]}]},{\"@type\":\"ImageObject\",\"inLanguage\":\"en-US\",\"@id\":\"https:\\\/\\\/sysmatec.ch\\\/en\\\/produit\\\/digital-meter-or-processmeter-cit-250\\\/#primaryimage\",\"url\":\"https:\\\/\\\/sysmatec.ch\\\/wp-content\\\/uploads\\\/2019\\\/04\\\/Afficheur_SimexSRP73.gif\",\"contentUrl\":\"https:\\\/\\\/sysmatec.ch\\\/wp-content\\\/uploads\\\/2019\\\/04\\\/Afficheur_SimexSRP73.gif\",\"width\":199,\"height\":117},{\"@type\":\"BreadcrumbList\",\"@id\":\"https:\\\/\\\/sysmatec.ch\\\/en\\\/produit\\\/digital-meter-or-processmeter-cit-250\\\/#breadcrumb\",\"itemListElement\":[{\"@type\":\"ListItem\",\"position\":1,\"name\":\"Accueil\",\"item\":\"https:\\\/\\\/sysmatec.ch\\\/en\\\/\"},{\"@type\":\"ListItem\",\"position\":2,\"name\":\"Sysmatec Activities\",\"item\":\"https:\\\/\\\/sysmatec.ch\\\/en\\\/\"},{\"@type\":\"ListItem\",\"position\":3,\"name\":\"Digital meter or processmeter CIT 250\"}]},{\"@type\":\"WebSite\",\"@id\":\"https:\\\/\\\/sysmatec.ch\\\/de\\\/#website\",\"url\":\"https:\\\/\\\/sysmatec.ch\\\/de\\\/\",\"name\":\"Sysmatec\",\"description\":\"Equipement de laboratoire et logiciels\",\"publisher\":{\"@id\":\"https:\\\/\\\/sysmatec.ch\\\/de\\\/#organization\"},\"potentialAction\":[{\"@type\":\"SearchAction\",\"target\":{\"@type\":\"EntryPoint\",\"urlTemplate\":\"https:\\\/\\\/sysmatec.ch\\\/de\\\/?s={search_term_string}\"},\"query-input\":{\"@type\":\"PropertyValueSpecification\",\"valueRequired\":true,\"valueName\":\"search_term_string\"}}],\"inLanguage\":\"en-US\"},{\"@type\":\"Organization\",\"@id\":\"https:\\\/\\\/sysmatec.ch\\\/de\\\/#organization\",\"name\":\"Sysmatec\",\"url\":\"https:\\\/\\\/sysmatec.ch\\\/de\\\/\",\"logo\":{\"@type\":\"ImageObject\",\"inLanguage\":\"en-US\",\"@id\":\"https:\\\/\\\/sysmatec.ch\\\/de\\\/#\\\/schema\\\/logo\\\/image\\\/\",\"url\":\"https:\\\/\\\/sysmatec.ch\\\/wp-content\\\/uploads\\\/2018\\\/11\\\/LogoSysmatec.jpg\",\"contentUrl\":\"https:\\\/\\\/sysmatec.ch\\\/wp-content\\\/uploads\\\/2018\\\/11\\\/LogoSysmatec.jpg\",\"width\":301,\"height\":297,\"caption\":\"Sysmatec\"},\"image\":{\"@id\":\"https:\\\/\\\/sysmatec.ch\\\/de\\\/#\\\/schema\\\/logo\\\/image\\\/\"}}]}<\/script>\n<!-- \/ Yoast SEO plugin. -->","yoast_head_json":{"title":"Digital meter or processmeter CIT 250 - Sysmatec","description":"Digital display with voltage, current or temperature input. It displays the actual values. Character size 13 mm. It also has digital outputs.","robots":{"index":"index","follow":"follow","max-snippet":"max-snippet:-1","max-image-preview":"max-image-preview:large","max-video-preview":"max-video-preview:-1"},"canonical":"https:\/\/sysmatec.ch\/en\/produit\/digital-meter-or-processmeter-cit-250\/","og_locale":"en_US","og_type":"article","og_title":"Digital meter or processmeter CIT 250 - Sysmatec","og_description":"Digital display with voltage, current or temperature input. It displays the actual values. Character size 13 mm. It also has digital outputs.","og_url":"https:\/\/sysmatec.ch\/en\/produit\/digital-meter-or-processmeter-cit-250\/","og_site_name":"Sysmatec","article_modified_time":"2022-02-04T11:03:59+00:00","og_image":[{"width":199,"height":117,"url":"https:\/\/sysmatec.ch\/wp-content\/uploads\/2019\/04\/Afficheur_SimexSRP73.gif","type":"image\/gif"}],"twitter_card":"summary_large_image","twitter_misc":{"Est. reading time":"1 minute"},"schema":{"@context":"https:\/\/schema.org","@graph":[{"@type":"WebPage","@id":"https:\/\/sysmatec.ch\/en\/produit\/digital-meter-or-processmeter-cit-250\/","url":"https:\/\/sysmatec.ch\/en\/produit\/digital-meter-or-processmeter-cit-250\/","name":"Digital meter or processmeter CIT 250 - Sysmatec","isPartOf":{"@id":"https:\/\/sysmatec.ch\/de\/#website"},"primaryImageOfPage":{"@id":"https:\/\/sysmatec.ch\/en\/produit\/digital-meter-or-processmeter-cit-250\/#primaryimage"},"image":{"@id":"https:\/\/sysmatec.ch\/en\/produit\/digital-meter-or-processmeter-cit-250\/#primaryimage"},"thumbnailUrl":"https:\/\/sysmatec.ch\/wp-content\/uploads\/2019\/04\/Afficheur_SimexSRP73.gif","datePublished":"2019-04-08T18:55:13+00:00","dateModified":"2022-02-04T11:03:59+00:00","description":"Digital display with voltage, current or temperature input. It displays the actual values. Character size 13 mm. It also has digital outputs.","breadcrumb":{"@id":"https:\/\/sysmatec.ch\/en\/produit\/digital-meter-or-processmeter-cit-250\/#breadcrumb"},"inLanguage":"en-US","potentialAction":[{"@type":"ReadAction","target":["https:\/\/sysmatec.ch\/en\/produit\/digital-meter-or-processmeter-cit-250\/"]}]},{"@type":"ImageObject","inLanguage":"en-US","@id":"https:\/\/sysmatec.ch\/en\/produit\/digital-meter-or-processmeter-cit-250\/#primaryimage","url":"https:\/\/sysmatec.ch\/wp-content\/uploads\/2019\/04\/Afficheur_SimexSRP73.gif","contentUrl":"https:\/\/sysmatec.ch\/wp-content\/uploads\/2019\/04\/Afficheur_SimexSRP73.gif","width":199,"height":117},{"@type":"BreadcrumbList","@id":"https:\/\/sysmatec.ch\/en\/produit\/digital-meter-or-processmeter-cit-250\/#breadcrumb","itemListElement":[{"@type":"ListItem","position":1,"name":"Accueil","item":"https:\/\/sysmatec.ch\/en\/"},{"@type":"ListItem","position":2,"name":"Sysmatec Activities","item":"https:\/\/sysmatec.ch\/en\/"},{"@type":"ListItem","position":3,"name":"Digital meter or processmeter CIT 250"}]},{"@type":"WebSite","@id":"https:\/\/sysmatec.ch\/de\/#website","url":"https:\/\/sysmatec.ch\/de\/","name":"Sysmatec","description":"Equipement de laboratoire et logiciels","publisher":{"@id":"https:\/\/sysmatec.ch\/de\/#organization"},"potentialAction":[{"@type":"SearchAction","target":{"@type":"EntryPoint","urlTemplate":"https:\/\/sysmatec.ch\/de\/?s={search_term_string}"},"query-input":{"@type":"PropertyValueSpecification","valueRequired":true,"valueName":"search_term_string"}}],"inLanguage":"en-US"},{"@type":"Organization","@id":"https:\/\/sysmatec.ch\/de\/#organization","name":"Sysmatec","url":"https:\/\/sysmatec.ch\/de\/","logo":{"@type":"ImageObject","inLanguage":"en-US","@id":"https:\/\/sysmatec.ch\/de\/#\/schema\/logo\/image\/","url":"https:\/\/sysmatec.ch\/wp-content\/uploads\/2018\/11\/LogoSysmatec.jpg","contentUrl":"https:\/\/sysmatec.ch\/wp-content\/uploads\/2018\/11\/LogoSysmatec.jpg","width":301,"height":297,"caption":"Sysmatec"},"image":{"@id":"https:\/\/sysmatec.ch\/de\/#\/schema\/logo\/image\/"}}]}},"_links":{"self":[{"href":"https:\/\/sysmatec.ch\/en\/wp-json\/wp\/v2\/product\/5218","targetHints":{"allow":["GET"]}}],"collection":[{"href":"https:\/\/sysmatec.ch\/en\/wp-json\/wp\/v2\/product"}],"about":[{"href":"https:\/\/sysmatec.ch\/en\/wp-json\/wp\/v2\/types\/product"}],"wp:featuredmedia":[{"embeddable":true,"href":"https:\/\/sysmatec.ch\/en\/wp-json\/wp\/v2\/media\/5212"}],"wp:attachment":[{"href":"https:\/\/sysmatec.ch\/en\/wp-json\/wp\/v2\/media?parent=5218"}],"wp:term":[{"taxonomy":"product_brand","embeddable":true,"href":"https:\/\/sysmatec.ch\/en\/wp-json\/wp\/v2\/product_brand?post=5218"},{"taxonomy":"product_cat","embeddable":true,"href":"https:\/\/sysmatec.ch\/en\/wp-json\/wp\/v2\/product_cat?post=5218"},{"taxonomy":"product_tag","embeddable":true,"href":"https:\/\/sysmatec.ch\/en\/wp-json\/wp\/v2\/product_tag?post=5218"}],"curies":[{"name":"wp","href":"https:\/\/api.w.org\/{rel}","templated":true}]}}