{"id":3361,"date":"2019-02-19T18:14:49","date_gmt":"2019-02-19T17:14:49","guid":{"rendered":"https:\/\/sysmatec.ch\/produit\/enregistreur-de-temperature-testo-175-t2\/"},"modified":"2022-02-25T21:13:03","modified_gmt":"2022-02-25T20:13:03","slug":"temperature-data-logger-testo-175-t2","status":"publish","type":"product","link":"https:\/\/sysmatec.ch\/en\/product\/temperature-data-logger-testo-175-t2\/","title":{"rendered":"Temperature Data logger Testo 175-T2"},"content":{"rendered":"<ul>\n<li>datalogger with 2 channels: one internal sensor and connector for one external probe, with set<\/li>\n<li>range for the internal sensor: -35 to +55 \u00b0C (NTC sensor)<\/li>\n<li>range for external sensor: -40 to 120 \u00b0C (NTC sensor)<\/li>\n<li>precision internal sensor: \u00b10.5 \u00b0C (-20 to +55 \u00b0C), \u00b11 \u00b0C (-35 to -20 \u00b0C)<\/li>\n<li>precision external sensor: \u00b10.3 \u00b0C (-25 to +55 \u00b0C), \u00b10,5 \u00b0C (outside of the precedent range)<\/li>\n<li>memory: 1 million values<\/li>\n<li>recording interval: 10 sec &#8211; 24 h<\/li>\n<li>ambient operating conditions: -35 to +55 \u00b0C<\/li>\n<li>batteries: mangan AAA type<\/li>\n<li>battery life: 3 years<\/li>\n<li>dimension: 89 x 53 x 27 mm, IP65<\/li>\n<li>when the datalogger is connected to the computer, it is possible to transfer &#8216;on line&#8217; the data and show them as curves<\/li>\n<\/ul>\n<p>Options<\/p>\n<ul>\n<li>SD-card for data transfer<\/li>\n<li>software ComSoft 3 with USB interface: Basic (R\u00e9f. 0554 1766), Professionnel (R\u00e9f. 0554 830), or CFR 21 Part 11 (R\u00e9f. 0554 821)<\/li>\n<li>Ethernet adapter<\/li>\n<\/ul>\n","protected":false},"excerpt":{"rendered":"<p>Temperature Data logger<\/p>\n","protected":false},"featured_media":3359,"template":"","meta":{"_crdt_document":""},"product_brand":[],"product_cat":[166,171],"product_tag":[],"class_list":{"0":"post-3361","1":"product","2":"type-product","3":"status-publish","4":"has-post-thumbnail","6":"product_cat-logger","7":"product_cat-temperature","9":"first","10":"instock","11":"taxable","12":"shipping-taxable","13":"product-type-simple"},"yoast_head":"<!-- This site is optimized with the Yoast SEO plugin v27.4 - https:\/\/yoast.com\/product\/yoast-seo-wordpress\/ -->\n<title>Temperature Data logger Testo 175-T2 - Sysmatec<\/title>\n<meta name=\"description\" content=\"Temperature recorder for an internal probe and an external probe. Large memory of 1,000,000 data.\" \/>\n<meta name=\"robots\" content=\"index, follow, max-snippet:-1, max-image-preview:large, max-video-preview:-1\" \/>\n<link rel=\"canonical\" href=\"https:\/\/sysmatec.ch\/en\/produit\/temperature-data-logger-testo-175-t2\/\" \/>\n<meta property=\"og:locale\" content=\"en_US\" \/>\n<meta property=\"og:type\" content=\"article\" \/>\n<meta property=\"og:title\" content=\"Temperature Data logger Testo 175-T2 - Sysmatec\" \/>\n<meta property=\"og:description\" content=\"Temperature recorder for an internal probe and an external probe. Large memory of 1,000,000 data.\" \/>\n<meta property=\"og:url\" content=\"https:\/\/sysmatec.ch\/en\/produit\/temperature-data-logger-testo-175-t2\/\" \/>\n<meta property=\"og:site_name\" content=\"Sysmatec\" \/>\n<meta property=\"article:modified_time\" content=\"2022-02-25T20:13:03+00:00\" \/>\n<meta name=\"twitter:card\" content=\"summary_large_image\" \/>\n<meta name=\"twitter:label1\" content=\"Est. reading time\" \/>\n\t<meta name=\"twitter:data1\" content=\"1 minute\" \/>\n<script type=\"application\/ld+json\" class=\"yoast-schema-graph\">{\"@context\":\"https:\\\/\\\/schema.org\",\"@graph\":[{\"@type\":\"WebPage\",\"@id\":\"https:\\\/\\\/sysmatec.ch\\\/en\\\/produit\\\/temperature-data-logger-testo-175-t2\\\/\",\"url\":\"https:\\\/\\\/sysmatec.ch\\\/en\\\/produit\\\/temperature-data-logger-testo-175-t2\\\/\",\"name\":\"Temperature Data logger Testo 175-T2 - Sysmatec\",\"isPartOf\":{\"@id\":\"https:\\\/\\\/sysmatec.ch\\\/de\\\/#website\"},\"primaryImageOfPage\":{\"@id\":\"https:\\\/\\\/sysmatec.ch\\\/en\\\/produit\\\/temperature-data-logger-testo-175-t2\\\/#primaryimage\"},\"image\":{\"@id\":\"https:\\\/\\\/sysmatec.ch\\\/en\\\/produit\\\/temperature-data-logger-testo-175-t2\\\/#primaryimage\"},\"thumbnailUrl\":\"https:\\\/\\\/sysmatec.ch\\\/wp-content\\\/uploads\\\/2019\\\/02\\\/Enregistreur_Testo175T2.jpg\",\"datePublished\":\"2019-02-19T17:14:49+00:00\",\"dateModified\":\"2022-02-25T20:13:03+00:00\",\"description\":\"Temperature recorder for an internal probe and an external probe. Large memory of 1,000,000 data.\",\"breadcrumb\":{\"@id\":\"https:\\\/\\\/sysmatec.ch\\\/en\\\/produit\\\/temperature-data-logger-testo-175-t2\\\/#breadcrumb\"},\"inLanguage\":\"en-US\",\"potentialAction\":[{\"@type\":\"ReadAction\",\"target\":[\"https:\\\/\\\/sysmatec.ch\\\/en\\\/produit\\\/temperature-data-logger-testo-175-t2\\\/\"]}]},{\"@type\":\"ImageObject\",\"inLanguage\":\"en-US\",\"@id\":\"https:\\\/\\\/sysmatec.ch\\\/en\\\/produit\\\/temperature-data-logger-testo-175-t2\\\/#primaryimage\",\"url\":\"https:\\\/\\\/sysmatec.ch\\\/wp-content\\\/uploads\\\/2019\\\/02\\\/Enregistreur_Testo175T2.jpg\",\"contentUrl\":\"https:\\\/\\\/sysmatec.ch\\\/wp-content\\\/uploads\\\/2019\\\/02\\\/Enregistreur_Testo175T2.jpg\",\"width\":145,\"height\":177},{\"@type\":\"BreadcrumbList\",\"@id\":\"https:\\\/\\\/sysmatec.ch\\\/en\\\/produit\\\/temperature-data-logger-testo-175-t2\\\/#breadcrumb\",\"itemListElement\":[{\"@type\":\"ListItem\",\"position\":1,\"name\":\"Accueil\",\"item\":\"https:\\\/\\\/sysmatec.ch\\\/en\\\/\"},{\"@type\":\"ListItem\",\"position\":2,\"name\":\"Sysmatec Activities\",\"item\":\"https:\\\/\\\/sysmatec.ch\\\/en\\\/\"},{\"@type\":\"ListItem\",\"position\":3,\"name\":\"Temperature Data logger Testo 175-T2\"}]},{\"@type\":\"WebSite\",\"@id\":\"https:\\\/\\\/sysmatec.ch\\\/de\\\/#website\",\"url\":\"https:\\\/\\\/sysmatec.ch\\\/de\\\/\",\"name\":\"Sysmatec\",\"description\":\"Equipement de laboratoire et logiciels\",\"publisher\":{\"@id\":\"https:\\\/\\\/sysmatec.ch\\\/de\\\/#organization\"},\"potentialAction\":[{\"@type\":\"SearchAction\",\"target\":{\"@type\":\"EntryPoint\",\"urlTemplate\":\"https:\\\/\\\/sysmatec.ch\\\/de\\\/?s={search_term_string}\"},\"query-input\":{\"@type\":\"PropertyValueSpecification\",\"valueRequired\":true,\"valueName\":\"search_term_string\"}}],\"inLanguage\":\"en-US\"},{\"@type\":\"Organization\",\"@id\":\"https:\\\/\\\/sysmatec.ch\\\/de\\\/#organization\",\"name\":\"Sysmatec\",\"url\":\"https:\\\/\\\/sysmatec.ch\\\/de\\\/\",\"logo\":{\"@type\":\"ImageObject\",\"inLanguage\":\"en-US\",\"@id\":\"https:\\\/\\\/sysmatec.ch\\\/de\\\/#\\\/schema\\\/logo\\\/image\\\/\",\"url\":\"https:\\\/\\\/sysmatec.ch\\\/wp-content\\\/uploads\\\/2018\\\/11\\\/LogoSysmatec.jpg\",\"contentUrl\":\"https:\\\/\\\/sysmatec.ch\\\/wp-content\\\/uploads\\\/2018\\\/11\\\/LogoSysmatec.jpg\",\"width\":301,\"height\":297,\"caption\":\"Sysmatec\"},\"image\":{\"@id\":\"https:\\\/\\\/sysmatec.ch\\\/de\\\/#\\\/schema\\\/logo\\\/image\\\/\"}}]}<\/script>\n<!-- \/ Yoast SEO plugin. -->","yoast_head_json":{"title":"Temperature Data logger Testo 175-T2 - Sysmatec","description":"Temperature recorder for an internal probe and an external probe. Large memory of 1,000,000 data.","robots":{"index":"index","follow":"follow","max-snippet":"max-snippet:-1","max-image-preview":"max-image-preview:large","max-video-preview":"max-video-preview:-1"},"canonical":"https:\/\/sysmatec.ch\/en\/produit\/temperature-data-logger-testo-175-t2\/","og_locale":"en_US","og_type":"article","og_title":"Temperature Data logger Testo 175-T2 - Sysmatec","og_description":"Temperature recorder for an internal probe and an external probe. Large memory of 1,000,000 data.","og_url":"https:\/\/sysmatec.ch\/en\/produit\/temperature-data-logger-testo-175-t2\/","og_site_name":"Sysmatec","article_modified_time":"2022-02-25T20:13:03+00:00","twitter_card":"summary_large_image","twitter_misc":{"Est. reading time":"1 minute"},"schema":{"@context":"https:\/\/schema.org","@graph":[{"@type":"WebPage","@id":"https:\/\/sysmatec.ch\/en\/produit\/temperature-data-logger-testo-175-t2\/","url":"https:\/\/sysmatec.ch\/en\/produit\/temperature-data-logger-testo-175-t2\/","name":"Temperature Data logger Testo 175-T2 - Sysmatec","isPartOf":{"@id":"https:\/\/sysmatec.ch\/de\/#website"},"primaryImageOfPage":{"@id":"https:\/\/sysmatec.ch\/en\/produit\/temperature-data-logger-testo-175-t2\/#primaryimage"},"image":{"@id":"https:\/\/sysmatec.ch\/en\/produit\/temperature-data-logger-testo-175-t2\/#primaryimage"},"thumbnailUrl":"https:\/\/sysmatec.ch\/wp-content\/uploads\/2019\/02\/Enregistreur_Testo175T2.jpg","datePublished":"2019-02-19T17:14:49+00:00","dateModified":"2022-02-25T20:13:03+00:00","description":"Temperature recorder for an internal probe and an external probe. Large memory of 1,000,000 data.","breadcrumb":{"@id":"https:\/\/sysmatec.ch\/en\/produit\/temperature-data-logger-testo-175-t2\/#breadcrumb"},"inLanguage":"en-US","potentialAction":[{"@type":"ReadAction","target":["https:\/\/sysmatec.ch\/en\/produit\/temperature-data-logger-testo-175-t2\/"]}]},{"@type":"ImageObject","inLanguage":"en-US","@id":"https:\/\/sysmatec.ch\/en\/produit\/temperature-data-logger-testo-175-t2\/#primaryimage","url":"https:\/\/sysmatec.ch\/wp-content\/uploads\/2019\/02\/Enregistreur_Testo175T2.jpg","contentUrl":"https:\/\/sysmatec.ch\/wp-content\/uploads\/2019\/02\/Enregistreur_Testo175T2.jpg","width":145,"height":177},{"@type":"BreadcrumbList","@id":"https:\/\/sysmatec.ch\/en\/produit\/temperature-data-logger-testo-175-t2\/#breadcrumb","itemListElement":[{"@type":"ListItem","position":1,"name":"Accueil","item":"https:\/\/sysmatec.ch\/en\/"},{"@type":"ListItem","position":2,"name":"Sysmatec Activities","item":"https:\/\/sysmatec.ch\/en\/"},{"@type":"ListItem","position":3,"name":"Temperature Data logger Testo 175-T2"}]},{"@type":"WebSite","@id":"https:\/\/sysmatec.ch\/de\/#website","url":"https:\/\/sysmatec.ch\/de\/","name":"Sysmatec","description":"Equipement de laboratoire et logiciels","publisher":{"@id":"https:\/\/sysmatec.ch\/de\/#organization"},"potentialAction":[{"@type":"SearchAction","target":{"@type":"EntryPoint","urlTemplate":"https:\/\/sysmatec.ch\/de\/?s={search_term_string}"},"query-input":{"@type":"PropertyValueSpecification","valueRequired":true,"valueName":"search_term_string"}}],"inLanguage":"en-US"},{"@type":"Organization","@id":"https:\/\/sysmatec.ch\/de\/#organization","name":"Sysmatec","url":"https:\/\/sysmatec.ch\/de\/","logo":{"@type":"ImageObject","inLanguage":"en-US","@id":"https:\/\/sysmatec.ch\/de\/#\/schema\/logo\/image\/","url":"https:\/\/sysmatec.ch\/wp-content\/uploads\/2018\/11\/LogoSysmatec.jpg","contentUrl":"https:\/\/sysmatec.ch\/wp-content\/uploads\/2018\/11\/LogoSysmatec.jpg","width":301,"height":297,"caption":"Sysmatec"},"image":{"@id":"https:\/\/sysmatec.ch\/de\/#\/schema\/logo\/image\/"}}]}},"_links":{"self":[{"href":"https:\/\/sysmatec.ch\/en\/wp-json\/wp\/v2\/product\/3361","targetHints":{"allow":["GET"]}}],"collection":[{"href":"https:\/\/sysmatec.ch\/en\/wp-json\/wp\/v2\/product"}],"about":[{"href":"https:\/\/sysmatec.ch\/en\/wp-json\/wp\/v2\/types\/product"}],"wp:featuredmedia":[{"embeddable":true,"href":"https:\/\/sysmatec.ch\/en\/wp-json\/wp\/v2\/media\/3359"}],"wp:attachment":[{"href":"https:\/\/sysmatec.ch\/en\/wp-json\/wp\/v2\/media?parent=3361"}],"wp:term":[{"taxonomy":"product_brand","embeddable":true,"href":"https:\/\/sysmatec.ch\/en\/wp-json\/wp\/v2\/product_brand?post=3361"},{"taxonomy":"product_cat","embeddable":true,"href":"https:\/\/sysmatec.ch\/en\/wp-json\/wp\/v2\/product_cat?post=3361"},{"taxonomy":"product_tag","embeddable":true,"href":"https:\/\/sysmatec.ch\/en\/wp-json\/wp\/v2\/product_tag?post=3361"}],"curies":[{"name":"wp","href":"https:\/\/api.w.org\/{rel}","templated":true}]}}