{"id":31787,"date":"2026-01-24T20:21:20","date_gmt":"2026-01-24T19:21:20","guid":{"rendered":"https:\/\/sysmatec.ch\/?post_type=product&#038;p=31787"},"modified":"2026-01-24T22:20:06","modified_gmt":"2026-01-24T21:20:06","slug":"digital-refractometer-orm","status":"publish","type":"product","link":"https:\/\/sysmatec.ch\/en\/product\/digital-refractometer-orm\/","title":{"rendered":"Digital refractometer ORM"},"content":{"rendered":"<p>Digital measurement of refraction index<\/p>\n<p>The KERN ORM refractometers are accurate and universal maintenance free digital handheld refractometers<\/p>\n<p>The large, easy-to-read display with integrated temperature display supports the user to reliably determine the measurement<\/p>\n<p>The integrated automatic temperature compensation (ATC), avoids the manual conversion of the measurement. This allows a quick and<br \/>\nefficient usage of the instrument<\/p>\n<p>Rapid, user-friendly calibration of the refractometer is possible at any time using standard distilled water<\/p>\n<p>The refractometers from the ORM range are protected to international IP65 protection class, against dust and water splashes. After<br \/>\nuse, you can rinse the refractometer under running water<\/p>\n<p>Mean value measurements possible<\/p>\n<p>The follwoing accessory-parts are included: &#8211; Prism cover lid &#8211; Pipette &#8211; Storage box &#8211; 1\u2009\u00d7\u2009AAA battery &#8211; Screwdriver<\/p>\n<h2>Technical data<\/h2>\n<ul>\n<li>\u00a0Measurement temperature: 0 \u00b0C\u2009\u2013\u200940 \u00b0C<\/li>\n<li>Overall dimensions W\u00d7D\u00d7H 121\u00d758\u00d725 mm<\/li>\n<li>Net weight approx. 289 g<\/li>\n<li>Power supply: 1\u2009\u00d7\u2009AAA (1,5 V)<\/li>\n<li>Lifetime of the battery: approx. 10.000 measurements<\/li>\n<li>ATC (Automatic Temperature Compensation 0 \u00b0C\u2009\u2013\u200940 \u00b0C)<\/li>\n<li>Minimum sample volume: 4 drops<\/li>\n<li>Automatic energy management (AUTO-OFF after 60 seconds)<\/li>\n<li>Mean value measurement (15 measurements)<\/li>\n<\/ul>\n<h2>Available models<\/h2>\n<table width=\"514\">\n<tbody>\n<tr>\n<td width=\"80\">Model<\/td>\n<td width=\"150\">Parameter<\/td>\n<td width=\"124\">Range<\/td>\n<td width=\"80\">Precision<\/td>\n<td width=\"80\">Resolution<\/td>\n<\/tr>\n<tr>\n<td rowspan=\"2\">ORM 50BM<\/td>\n<td>Brix<\/td>\n<td>0\u2009- 50 %<\/td>\n<td>\u00b1 0.2 %<\/td>\n<td>0.10%<\/td>\n<\/tr>\n<tr>\n<td>Refractive index<\/td>\n<td>1.3330\u2009\u2013\u20091.4200 nD<\/td>\n<td>\u00b1 0.0003 nD<\/td>\n<td>0.0001 nD<\/td>\n<\/tr>\n<tr>\n<td rowspan=\"2\">ORM 1RS<\/td>\n<td>Brix<\/td>\n<td>0\u2009- 90 %<\/td>\n<td>\u00b1 0.2 %<\/td>\n<td>0.10%<\/td>\n<\/tr>\n<tr>\n<td>Refractive index<\/td>\n<td>1.3330\u2009\u2013\u20091.5177 nD<\/td>\n<td>\u00b1 0.0003 nD<\/td>\n<td>0.0001 nD<\/td>\n<\/tr>\n<tr>\n<td rowspan=\"4\">ORM 1SU<\/td>\n<td>Fructose<\/td>\n<td>0\u2009- 69 %<\/td>\n<td>\u00b1 0.2 %<\/td>\n<td>0.10%<\/td>\n<\/tr>\n<tr>\n<td>Glucose<\/td>\n<td>0 &#8211; 60 %<\/td>\n<td>\u00b1 0.2 %<\/td>\n<td>0.10%<\/td>\n<\/tr>\n<tr>\n<td>Brix<\/td>\n<td>0\u2009- 90 %<\/td>\n<td>\u00b1 0.2 %<\/td>\n<td>0.10%<\/td>\n<\/tr>\n<tr>\n<td>Refractive index<\/td>\n<td>1.3330\u2009\u2013\u20091.5177 nD<\/td>\n<td>\u00b1 0.0003 nD<\/td>\n<td>0.0001 nD<\/td>\n<\/tr>\n<tr>\n<td rowspan=\"4\">ORM 2SU<\/td>\n<td>Lactose<\/td>\n<td>0-17 %<\/td>\n<td>\u00b1 0.2 %<\/td>\n<td>0.10%<\/td>\n<\/tr>\n<tr>\n<td>Maltose<\/td>\n<td>0-16 %<\/td>\n<td>\u00b1 0.2 %<\/td>\n<td>0.10%<\/td>\n<\/tr>\n<tr>\n<td>Dextran<\/td>\n<td>0-11 %<\/td>\n<td>\u00b1 0.2 %<\/td>\n<td>0.10%<\/td>\n<\/tr>\n<tr>\n<td>Brix<\/td>\n<td>0 -50 %<\/td>\n<td>\u00b1 0.2 %<\/td>\n<td>0.10%<\/td>\n<\/tr>\n<tr>\n<td rowspan=\"4\">ORM 1HO, for honey<\/td>\n<td>Water content<\/td>\n<td>0 &#8211; 69 %<\/td>\n<td>\u00b1 0.2 %<\/td>\n<td>0.10%<\/td>\n<\/tr>\n<tr>\n<td>Glucose<\/td>\n<td>0 &#8211; 60 %<\/td>\n<td>\u00b1 0.2 %<\/td>\n<td>0.10%<\/td>\n<\/tr>\n<tr>\n<td>Brix<\/td>\n<td>0 &#8211; 90 %<\/td>\n<td>\u00b1 0.2 %<\/td>\n<td>0.10%<\/td>\n<\/tr>\n<tr>\n<td>Refractive index<\/td>\n<td>1.3330\u2009 &#8211; 1.5177 nD<\/td>\n<td>\u00b1 0.0003 nD<\/td>\n<td>0.0001 nD<\/td>\n<\/tr>\n<tr>\n<td rowspan=\"5\">ORM 1NA, for salt<\/td>\n<td>Salt content (NaCl)<\/td>\n<td>0 -28 %<\/td>\n<td>0.20%<\/td>\n<td>0.10%<\/td>\n<\/tr>\n<tr>\n<td>Salt content (NaCl)<\/td>\n<td>0 -280 %<\/td>\n<td>2.00%<\/td>\n<td>1.00%<\/td>\n<\/tr>\n<tr>\n<td width=\"150\">Salt content<br \/>\n(specific gravity)<\/td>\n<td>1.000 &#8211; 1.220<\/td>\n<td>\u00a0\u00b1 0,002<\/td>\n<td>\u00a00,001<\/td>\n<\/tr>\n<tr>\n<td>Brix<\/td>\n<td>0 &#8211; 50 %<\/td>\n<td>0.20%<\/td>\n<td>0.10%<\/td>\n<\/tr>\n<tr>\n<td>Refractive index<\/td>\n<td>1.3330\u2009 &#8211; 1.4200 nD<\/td>\n<td>\u00b1 0.0003 nD<\/td>\n<td>0.0001 nD<\/td>\n<\/tr>\n<tr>\n<td rowspan=\"5\">ORM 1SW, for Salt<\/td>\n<td>Salt content (NaCl) seawater<\/td>\n<td>0\u2009\u2013\u2009100 \u2030<\/td>\n<td>\u00b1 2 \u2030<\/td>\n<td>1 \u2030<\/td>\n<\/tr>\n<tr>\n<td>Chlorine content<br \/>\nseawater<\/td>\n<td>0\u2009\u2013\u200957 \u2030<\/td>\n<td>\u00b1 2 \u2030<\/td>\n<td>1 \u2030<\/td>\n<\/tr>\n<tr>\n<td width=\"150\">Salt content<br \/>\n(specific gravity)<\/td>\n<td>1.000 &#8211; 1.220<\/td>\n<td>\u00a0\u00b1 0,002<\/td>\n<td>\u00a00,001<\/td>\n<\/tr>\n<tr>\n<td>Brix<\/td>\n<td>0 &#8211; 50 %<\/td>\n<td>0.20%<\/td>\n<td>0.10%<\/td>\n<\/tr>\n<tr>\n<td>Refractive index<\/td>\n<td>1.3330\u2009 &#8211; \u20091.4200 nD<\/td>\n<td>\u00b1 0.0003 nD<\/td>\n<td>0.0001 nD<\/td>\n<\/tr>\n<tr>\n<td rowspan=\"4\">ORM 1AL, beer, alcohol<\/td>\n<td>Percentage by mass<\/td>\n<td>0 &#8211; 72 %<\/td>\n<td>\u00b1 1 %<\/td>\n<td>1%<\/td>\n<\/tr>\n<tr>\n<td>Percentage by mass<\/td>\n<td>0 &#8211; 80 %<\/td>\n<td>\u00b1 1 %<\/td>\n<td>1%<\/td>\n<\/tr>\n<tr>\n<td>Brix<\/td>\n<td>0 &#8211; 50 %<\/td>\n<td>0.20%<\/td>\n<td>0.10%<\/td>\n<\/tr>\n<tr>\n<td>Refractive index<\/td>\n<td>1.3330\u2009 &#8211; \u20091.4200 nD<\/td>\n<td>\u00b1 0.0003 nD<\/td>\n<td>0.0001 nD<\/td>\n<\/tr>\n<tr>\n<td rowspan=\"4\">ORM 1BR, beer, alcohol<\/td>\n<td>Plato<\/td>\n<td>0\u2009 &#8211; \u200931 \u00b0P<\/td>\n<td>\u00b1 0.3 \u00b0P<\/td>\n<td>0.1 \u00b0P<\/td>\n<\/tr>\n<tr>\n<td>Original gravity<br \/>\n(specific weight)<\/td>\n<td>1.000\u2009 &#8211; 1.130<\/td>\n<td>\u00b1 0.002<\/td>\n<td>0.001<\/td>\n<\/tr>\n<tr>\n<td>Brix<\/td>\n<td>0\u2009 &#8211; \u200950 %<\/td>\n<td>\u00b1 0.2 %<\/td>\n<td>0.10%<\/td>\n<\/tr>\n<tr>\n<td>Refractive index<\/td>\n<td>1.3330\u2009 &#8211; 1.4200 nD<\/td>\n<td>\u00b1 0.0003 nD<\/td>\n<td>0.0001 nD<\/td>\n<\/tr>\n<tr>\n<td rowspan=\"4\">ORM 1WN, vin<\/td>\n<td>Oechsle<\/td>\n<td>0\u2009 &#8211; \u2009150 \u00b0Oe<\/td>\n<td>\u00b1 2 \u00b0Oe<\/td>\n<td>1 \u00b0Oe<\/td>\n<\/tr>\n<tr>\n<td>Percentage by volume<\/td>\n<td>0\u2009 &#8211; 22 %<\/td>\n<td>\u00b1 0.2 %<\/td>\n<td>0.10%<\/td>\n<\/tr>\n<tr>\n<td>KMW (Babo)<\/td>\n<td>0\u2009 &#8211; 25 \u00b0KMW<\/td>\n<td>\u00b1 0.2 \u00b0KMW<\/td>\n<td>0.1 \u00b0KMW<\/td>\n<\/tr>\n<tr>\n<td>Brix<\/td>\n<td>0\u2009 &#8211; 50 %<\/td>\n<td>\u00b1 0.2 %<\/td>\n<td>0.10%<\/td>\n<\/tr>\n<tr>\n<td rowspan=\"4\">ORM 2WN<\/td>\n<td>Oechsle France<\/td>\n<td>0\u2009 &#8211; 230 \u00b0Oe<\/td>\n<td>\u00b1 2 \u00b0Oe<\/td>\n<td>1 \u00b0Oe<\/td>\n<\/tr>\n<tr>\n<td>Percentage by volume<\/td>\n<td>0\u2009 &#8211; \u200922 %<\/td>\n<td>\u00b1 0.2 %<\/td>\n<td>0.10%<\/td>\n<\/tr>\n<tr>\n<td>KMW (Babo)<\/td>\n<td>0\u2009 &#8211; \u200925 \u00b0KMW<\/td>\n<td>\u00b1 0.2 \u00b0KMW<\/td>\n<td>0.1 \u00b0KMW<\/td>\n<\/tr>\n<tr>\n<td>Brix<\/td>\n<td>0\u2009 &#8211; \u200950 %<\/td>\n<td>\u00b1 0.2 %<\/td>\n<td>0.10%<\/td>\n<\/tr>\n<tr>\n<td rowspan=\"3\">ORM 1CO, caf\u00e9<\/td>\n<td>Coffee TDS 1<\/td>\n<td>0\u2009 &#8211; 25 %<\/td>\n<td>\u00b1 0.2 %<\/td>\n<td>0.10%<\/td>\n<\/tr>\n<tr>\n<td>Brix<\/td>\n<td>0\u2009 &#8211; 50 %<\/td>\n<td>\u00b1 0.2 %<\/td>\n<td>0.10%<\/td>\n<\/tr>\n<tr>\n<td>Refractive index<\/td>\n<td>1.3330\u2009 &#8211; 1.4200 nD<\/td>\n<td>\u00b1 0.0003 nD<\/td>\n<td>0.0001 nD<\/td>\n<\/tr>\n<tr>\n<td rowspan=\"3\">ORM 2CO, caf\u00e9<\/td>\n<td>Coffee TDS 2<\/td>\n<td>0\u2009 &#8211; \u200925 %<\/td>\n<td>\u00b1 0.2 %<\/td>\n<td>0.01%<\/td>\n<\/tr>\n<tr>\n<td>Brix<\/td>\n<td>0\u2009 &#8211; \u200930 %<\/td>\n<td>\u00b1 0.2 %<\/td>\n<td>0.01%<\/td>\n<\/tr>\n<tr>\n<td>Refractive index<\/td>\n<td>1.3330\u2009 &#8211; \u20091.4200 nD<\/td>\n<td>\u00b1 0.0003 nD<\/td>\n<td>0.0001 nD<\/td>\n<\/tr>\n<tr>\n<td rowspan=\"4\">ORM 1UN, urine<\/td>\n<td>Urine (spec. gravity)<\/td>\n<td>1.000\u2009 &#8211; 1.050<\/td>\n<td>\u00b1 0.002<\/td>\n<td>0.001<\/td>\n<\/tr>\n<tr>\n<td>Serum proteins<\/td>\n<td>0\u2009 &#8211; \u200912 g\/100 ml<\/td>\n<td>\u00b1 0.2 g\/100 m<\/td>\n<td>0.1 g\/100 ml<\/td>\n<\/tr>\n<tr>\n<td>Brix<\/td>\n<td>0\u2009 &#8211; \u200950 %<\/td>\n<td>\u00b1 0.2 %<\/td>\n<td>0.10%<\/td>\n<\/tr>\n<tr>\n<td>Refractive index<\/td>\n<td>1.3330\u2009 &#8211; \u20091.4200 nD<\/td>\n<td>\u00b1 0.0003 nD<\/td>\n<td>0.0001 nD<\/td>\n<\/tr>\n<tr>\n<td rowspan=\"4\">ORM 2UN, urine<\/td>\n<td>Dog urine (spec. gravity)<\/td>\n<td>1.000\u2009 &#8211; \u20091.060<\/td>\n<td>\u00b1 0.002<\/td>\n<td>0.001<\/td>\n<\/tr>\n<tr>\n<td>Cat urine (spec. gravity)<\/td>\n<td>1.000\u2009 &#8211; \u20091.060<\/td>\n<td>\u00b1 0.002<\/td>\n<td>0.001<\/td>\n<\/tr>\n<tr>\n<td>Brix<\/td>\n<td>0\u2009 &#8211; 50 %<\/td>\n<td>\u00b1 0.2 %<\/td>\n<td>0.10%<\/td>\n<\/tr>\n<tr>\n<td>Refractive index<\/td>\n<td>1.3330\u2009- \u20091.4200 nD<\/td>\n<td>\u00b1 0.0003 nD<\/td>\n<td>0.0001 nD<\/td>\n<\/tr>\n<tr>\n<td rowspan=\"5\">ORM 1CA<\/td>\n<td>Wash water<\/td>\n<td>(-60)\u2009 &#8211; \u20090 \u00b0C<\/td>\n<td>\u00b1 0.5 \u00b0C<\/td>\n<td>0.1 \u00b0C<\/td>\n<\/tr>\n<tr>\n<td>AdBlue\u00ae<\/td>\n<td>0\u2009 &#8211; 51 %<\/td>\n<td>\u00b1 0.2 %<\/td>\n<td>0.10%<\/td>\n<\/tr>\n<tr>\n<td>Battery fluid<\/td>\n<td>1.000\u2009 &#8211; 1.500 kg\/l<\/td>\n<td>\u00b1 0.005 kg\/l<\/td>\n<td>0.001 kg\/l<\/td>\n<\/tr>\n<tr>\n<td>Brix<\/td>\n<td>0\u2009 &#8211; \u200950 %<\/td>\n<td>\u00b1 0.2 %<\/td>\n<td>0.10%<\/td>\n<\/tr>\n<tr>\n<td>Refractive index<\/td>\n<td>1.3330\u2009 &#8211; 1.4200 nD<\/td>\n<td>\u00b1 0.0003 nD<\/td>\n<td>0.0001 nD<\/td>\n<\/tr>\n<tr>\n<td rowspan=\"5\">ORM 2CA<\/td>\n<td>\u00c9thylene glycol (%)<\/td>\n<td>0\u2009 &#8211; \u2009100 %<\/td>\n<td>\u00b1 0,5 %<\/td>\n<td>0,1 %<\/td>\n<\/tr>\n<tr>\n<td>\u00c9thylene glycol (\u00b0 C)<\/td>\n<td>(-50)\u2009 &#8211; \u20090 \u00b0C<\/td>\n<td>\u00b1 0.5 \u00b0C<\/td>\n<td>0.1 \u00b0C<\/td>\n<\/tr>\n<tr>\n<td>Propylene glycol (%)<\/td>\n<td>0\u2009 &#8211; \u2009100 %<\/td>\n<td>\u00b1 0,5 %<\/td>\n<td>0,1 %<\/td>\n<\/tr>\n<tr>\n<td>Propylene glycol (\u00b0C)<\/td>\n<td>(-60)\u2009 &#8211; \u20090 \u00b0C<\/td>\n<td>\u00b1 0.5 \u00b0C<\/td>\n<td>0.1 \u00b0C<\/td>\n<\/tr>\n<tr>\n<td>Brix<\/td>\n<td>0\u2009 &#8211; \u200990 %<\/td>\n<td>\u00b1 0,5 %<\/td>\n<td>0,1 %<\/td>\n<\/tr>\n<\/tbody>\n<\/table>\n","protected":false},"excerpt":{"rendered":"<p>Digital refractometer<\/p>\n","protected":false},"featured_media":31790,"template":"","meta":{"_crdt_document":""},"product_brand":[],"product_cat":[220],"product_tag":[],"class_list":{"0":"post-31787","1":"product","2":"type-product","3":"status-publish","4":"has-post-thumbnail","6":"product_cat-refractometer","8":"first","9":"instock","10":"taxable","11":"shipping-taxable","12":"product-type-simple"},"yoast_head":"<!-- This site is optimized with the Yoast SEO plugin v27.4 - https:\/\/yoast.com\/product\/yoast-seo-wordpress\/ -->\n<title>Digital refractometer ORM - Sysmatec<\/title>\n<meta name=\"description\" content=\"Digital refractometer. Automatic measurement and display of results on the screen. Different ranges and units, refractive index, Oechsle, Brix, depending on the model.\" \/>\n<meta name=\"robots\" content=\"index, follow, max-snippet:-1, max-image-preview:large, max-video-preview:-1\" \/>\n<link rel=\"canonical\" href=\"https:\/\/sysmatec.ch\/en\/product\/digital-refractometer-orm\/\" \/>\n<meta property=\"og:locale\" content=\"en_US\" \/>\n<meta property=\"og:type\" content=\"article\" \/>\n<meta property=\"og:title\" content=\"Digital refractometer ORM - Sysmatec\" \/>\n<meta property=\"og:description\" content=\"Digital refractometer. Automatic measurement and display of results on the screen. Different ranges and units, refractive index, Oechsle, Brix, depending on the model.\" \/>\n<meta property=\"og:url\" content=\"https:\/\/sysmatec.ch\/en\/product\/digital-refractometer-orm\/\" \/>\n<meta property=\"og:site_name\" content=\"Sysmatec\" \/>\n<meta property=\"article:modified_time\" content=\"2026-01-24T21:20:06+00:00\" \/>\n<meta property=\"og:image\" content=\"https:\/\/sysmatec.ch\/wp-content\/uploads\/2026\/01\/Colorimetre-KernORM1.jpg\" \/>\n\t<meta property=\"og:image:width\" content=\"466\" \/>\n\t<meta property=\"og:image:height\" content=\"349\" \/>\n\t<meta property=\"og:image:type\" content=\"image\/jpeg\" \/>\n<meta name=\"twitter:card\" content=\"summary_large_image\" \/>\n<meta name=\"twitter:label1\" content=\"Est. reading time\" \/>\n\t<meta name=\"twitter:data1\" content=\"5 minutes\" \/>\n<script type=\"application\/ld+json\" class=\"yoast-schema-graph\">{\"@context\":\"https:\\\/\\\/schema.org\",\"@graph\":[{\"@type\":\"WebPage\",\"@id\":\"https:\\\/\\\/sysmatec.ch\\\/en\\\/product\\\/digital-refractometer-orm\\\/\",\"url\":\"https:\\\/\\\/sysmatec.ch\\\/en\\\/product\\\/digital-refractometer-orm\\\/\",\"name\":\"Digital refractometer ORM - Sysmatec\",\"isPartOf\":{\"@id\":\"https:\\\/\\\/sysmatec.ch\\\/de\\\/#website\"},\"primaryImageOfPage\":{\"@id\":\"https:\\\/\\\/sysmatec.ch\\\/en\\\/product\\\/digital-refractometer-orm\\\/#primaryimage\"},\"image\":{\"@id\":\"https:\\\/\\\/sysmatec.ch\\\/en\\\/product\\\/digital-refractometer-orm\\\/#primaryimage\"},\"thumbnailUrl\":\"https:\\\/\\\/sysmatec.ch\\\/wp-content\\\/uploads\\\/2026\\\/01\\\/Colorimetre-KernORM1.jpg\",\"datePublished\":\"2026-01-24T19:21:20+00:00\",\"dateModified\":\"2026-01-24T21:20:06+00:00\",\"description\":\"Digital refractometer. Automatic measurement and display of results on the screen. Different ranges and units, refractive index, Oechsle, Brix, depending on the model.\",\"breadcrumb\":{\"@id\":\"https:\\\/\\\/sysmatec.ch\\\/en\\\/product\\\/digital-refractometer-orm\\\/#breadcrumb\"},\"inLanguage\":\"en-US\",\"potentialAction\":[{\"@type\":\"ReadAction\",\"target\":[\"https:\\\/\\\/sysmatec.ch\\\/en\\\/product\\\/digital-refractometer-orm\\\/\"]}]},{\"@type\":\"ImageObject\",\"inLanguage\":\"en-US\",\"@id\":\"https:\\\/\\\/sysmatec.ch\\\/en\\\/product\\\/digital-refractometer-orm\\\/#primaryimage\",\"url\":\"https:\\\/\\\/sysmatec.ch\\\/wp-content\\\/uploads\\\/2026\\\/01\\\/Colorimetre-KernORM1.jpg\",\"contentUrl\":\"https:\\\/\\\/sysmatec.ch\\\/wp-content\\\/uploads\\\/2026\\\/01\\\/Colorimetre-KernORM1.jpg\",\"width\":466,\"height\":349},{\"@type\":\"BreadcrumbList\",\"@id\":\"https:\\\/\\\/sysmatec.ch\\\/en\\\/product\\\/digital-refractometer-orm\\\/#breadcrumb\",\"itemListElement\":[{\"@type\":\"ListItem\",\"position\":1,\"name\":\"Accueil\",\"item\":\"https:\\\/\\\/sysmatec.ch\\\/en\\\/\"},{\"@type\":\"ListItem\",\"position\":2,\"name\":\"Sysmatec Activities\",\"item\":\"https:\\\/\\\/sysmatec.ch\\\/en\\\/\"},{\"@type\":\"ListItem\",\"position\":3,\"name\":\"Digital refractometer ORM\"}]},{\"@type\":\"WebSite\",\"@id\":\"https:\\\/\\\/sysmatec.ch\\\/de\\\/#website\",\"url\":\"https:\\\/\\\/sysmatec.ch\\\/de\\\/\",\"name\":\"Sysmatec\",\"description\":\"Equipement de laboratoire et logiciels\",\"publisher\":{\"@id\":\"https:\\\/\\\/sysmatec.ch\\\/de\\\/#organization\"},\"potentialAction\":[{\"@type\":\"SearchAction\",\"target\":{\"@type\":\"EntryPoint\",\"urlTemplate\":\"https:\\\/\\\/sysmatec.ch\\\/de\\\/?s={search_term_string}\"},\"query-input\":{\"@type\":\"PropertyValueSpecification\",\"valueRequired\":true,\"valueName\":\"search_term_string\"}}],\"inLanguage\":\"en-US\"},{\"@type\":\"Organization\",\"@id\":\"https:\\\/\\\/sysmatec.ch\\\/de\\\/#organization\",\"name\":\"Sysmatec\",\"url\":\"https:\\\/\\\/sysmatec.ch\\\/de\\\/\",\"logo\":{\"@type\":\"ImageObject\",\"inLanguage\":\"en-US\",\"@id\":\"https:\\\/\\\/sysmatec.ch\\\/de\\\/#\\\/schema\\\/logo\\\/image\\\/\",\"url\":\"https:\\\/\\\/sysmatec.ch\\\/wp-content\\\/uploads\\\/2018\\\/11\\\/LogoSysmatec.jpg\",\"contentUrl\":\"https:\\\/\\\/sysmatec.ch\\\/wp-content\\\/uploads\\\/2018\\\/11\\\/LogoSysmatec.jpg\",\"width\":301,\"height\":297,\"caption\":\"Sysmatec\"},\"image\":{\"@id\":\"https:\\\/\\\/sysmatec.ch\\\/de\\\/#\\\/schema\\\/logo\\\/image\\\/\"}}]}<\/script>\n<!-- \/ Yoast SEO plugin. -->","yoast_head_json":{"title":"Digital refractometer ORM - Sysmatec","description":"Digital refractometer. Automatic measurement and display of results on the screen. Different ranges and units, refractive index, Oechsle, Brix, depending on the model.","robots":{"index":"index","follow":"follow","max-snippet":"max-snippet:-1","max-image-preview":"max-image-preview:large","max-video-preview":"max-video-preview:-1"},"canonical":"https:\/\/sysmatec.ch\/en\/product\/digital-refractometer-orm\/","og_locale":"en_US","og_type":"article","og_title":"Digital refractometer ORM - Sysmatec","og_description":"Digital refractometer. Automatic measurement and display of results on the screen. Different ranges and units, refractive index, Oechsle, Brix, depending on the model.","og_url":"https:\/\/sysmatec.ch\/en\/product\/digital-refractometer-orm\/","og_site_name":"Sysmatec","article_modified_time":"2026-01-24T21:20:06+00:00","og_image":[{"width":466,"height":349,"url":"https:\/\/sysmatec.ch\/wp-content\/uploads\/2026\/01\/Colorimetre-KernORM1.jpg","type":"image\/jpeg"}],"twitter_card":"summary_large_image","twitter_misc":{"Est. reading time":"5 minutes"},"schema":{"@context":"https:\/\/schema.org","@graph":[{"@type":"WebPage","@id":"https:\/\/sysmatec.ch\/en\/product\/digital-refractometer-orm\/","url":"https:\/\/sysmatec.ch\/en\/product\/digital-refractometer-orm\/","name":"Digital refractometer ORM - Sysmatec","isPartOf":{"@id":"https:\/\/sysmatec.ch\/de\/#website"},"primaryImageOfPage":{"@id":"https:\/\/sysmatec.ch\/en\/product\/digital-refractometer-orm\/#primaryimage"},"image":{"@id":"https:\/\/sysmatec.ch\/en\/product\/digital-refractometer-orm\/#primaryimage"},"thumbnailUrl":"https:\/\/sysmatec.ch\/wp-content\/uploads\/2026\/01\/Colorimetre-KernORM1.jpg","datePublished":"2026-01-24T19:21:20+00:00","dateModified":"2026-01-24T21:20:06+00:00","description":"Digital refractometer. Automatic measurement and display of results on the screen. Different ranges and units, refractive index, Oechsle, Brix, depending on the model.","breadcrumb":{"@id":"https:\/\/sysmatec.ch\/en\/product\/digital-refractometer-orm\/#breadcrumb"},"inLanguage":"en-US","potentialAction":[{"@type":"ReadAction","target":["https:\/\/sysmatec.ch\/en\/product\/digital-refractometer-orm\/"]}]},{"@type":"ImageObject","inLanguage":"en-US","@id":"https:\/\/sysmatec.ch\/en\/product\/digital-refractometer-orm\/#primaryimage","url":"https:\/\/sysmatec.ch\/wp-content\/uploads\/2026\/01\/Colorimetre-KernORM1.jpg","contentUrl":"https:\/\/sysmatec.ch\/wp-content\/uploads\/2026\/01\/Colorimetre-KernORM1.jpg","width":466,"height":349},{"@type":"BreadcrumbList","@id":"https:\/\/sysmatec.ch\/en\/product\/digital-refractometer-orm\/#breadcrumb","itemListElement":[{"@type":"ListItem","position":1,"name":"Accueil","item":"https:\/\/sysmatec.ch\/en\/"},{"@type":"ListItem","position":2,"name":"Sysmatec Activities","item":"https:\/\/sysmatec.ch\/en\/"},{"@type":"ListItem","position":3,"name":"Digital refractometer ORM"}]},{"@type":"WebSite","@id":"https:\/\/sysmatec.ch\/de\/#website","url":"https:\/\/sysmatec.ch\/de\/","name":"Sysmatec","description":"Equipement de laboratoire et logiciels","publisher":{"@id":"https:\/\/sysmatec.ch\/de\/#organization"},"potentialAction":[{"@type":"SearchAction","target":{"@type":"EntryPoint","urlTemplate":"https:\/\/sysmatec.ch\/de\/?s={search_term_string}"},"query-input":{"@type":"PropertyValueSpecification","valueRequired":true,"valueName":"search_term_string"}}],"inLanguage":"en-US"},{"@type":"Organization","@id":"https:\/\/sysmatec.ch\/de\/#organization","name":"Sysmatec","url":"https:\/\/sysmatec.ch\/de\/","logo":{"@type":"ImageObject","inLanguage":"en-US","@id":"https:\/\/sysmatec.ch\/de\/#\/schema\/logo\/image\/","url":"https:\/\/sysmatec.ch\/wp-content\/uploads\/2018\/11\/LogoSysmatec.jpg","contentUrl":"https:\/\/sysmatec.ch\/wp-content\/uploads\/2018\/11\/LogoSysmatec.jpg","width":301,"height":297,"caption":"Sysmatec"},"image":{"@id":"https:\/\/sysmatec.ch\/de\/#\/schema\/logo\/image\/"}}]}},"_links":{"self":[{"href":"https:\/\/sysmatec.ch\/en\/wp-json\/wp\/v2\/product\/31787","targetHints":{"allow":["GET"]}}],"collection":[{"href":"https:\/\/sysmatec.ch\/en\/wp-json\/wp\/v2\/product"}],"about":[{"href":"https:\/\/sysmatec.ch\/en\/wp-json\/wp\/v2\/types\/product"}],"wp:featuredmedia":[{"embeddable":true,"href":"https:\/\/sysmatec.ch\/en\/wp-json\/wp\/v2\/media\/31790"}],"wp:attachment":[{"href":"https:\/\/sysmatec.ch\/en\/wp-json\/wp\/v2\/media?parent=31787"}],"wp:term":[{"taxonomy":"product_brand","embeddable":true,"href":"https:\/\/sysmatec.ch\/en\/wp-json\/wp\/v2\/product_brand?post=31787"},{"taxonomy":"product_cat","embeddable":true,"href":"https:\/\/sysmatec.ch\/en\/wp-json\/wp\/v2\/product_cat?post=31787"},{"taxonomy":"product_tag","embeddable":true,"href":"https:\/\/sysmatec.ch\/en\/wp-json\/wp\/v2\/product_tag?post=31787"}],"curies":[{"name":"wp","href":"https:\/\/api.w.org\/{rel}","templated":true}]}}