{"id":31407,"date":"2026-01-17T20:41:20","date_gmt":"2026-01-17T19:41:20","guid":{"rendered":"https:\/\/sysmatec.ch\/?post_type=product&#038;p=31407"},"modified":"2026-01-17T20:57:08","modified_gmt":"2026-01-17T19:57:08","slug":"palettenwaage-kern-uxc","status":"publish","type":"product","link":"https:\/\/sysmatec.ch\/en\/product\/palettenwaage-kern-uxc\/","title":{"rendered":"Palettenwaage KERN UXC"},"content":{"rendered":"<ul>\n<li>Palettenwaage mit Edelstahl-Lastaufnahme (IP67) und Edelstahl-Auswerteger\u00e4t (IP68), optional mit\u00a0Eichung<\/li>\n<li>Dank Akkubetrieb und kompakter, leichter Bauweise geeignet zum Einsatz an mehreren Standorten<\/li>\n<li>Lastaufnahme: Edelstahl, Details siehe KERN KFU-V30<\/li>\n<li>4 silikonbeschichtete legierte Stahl-W\u00e4gezellen, Staub- und Spritzwasserschutz IP67<\/li>\n<li>Geeignet f\u00fcr die erh\u00f6hten hygienischen Anforderungen in der Nahrungsmittelindustrie<\/li>\n<li>Unterst\u00fctzt Sie in Ihrem\u00a0HACCP-konformen Qualit\u00e4tssystem<\/li>\n<li>Auswerteger\u00e4t: Edelstahl, Staub- und Spritzwasserschutz IP68, Details siehe KERN KXC-TM<\/li>\n<li>IoT-Line: vernetzbare Waage mit komfortabler Bedienphilosophie<\/li>\n<li>Industrie 4.0: Austausch von Daten und Steuerbefehlen optional \u00fcber bis zu vier Schnittstellen nach individuellem Bedarf: zwei kabelgebundene und zwei Funkschnittstellen, Details siehe KERN KXC-TM<\/li>\n<li>Optional mit\u00a0Alibispeicher\u00a0zur papierlosen Archivierung der W\u00e4geergebnisse. Damit lassen sich auch die Ergebnisse eichpflichtiger W\u00e4gungen vorschriftsgem\u00e4\u00df elektronisch auswerten und weiterverarbeiten<\/li>\n<li>Wandhalterung zur Wandmontage des Auswerteger\u00e4ts serienm\u00e4\u00dfig<\/li>\n<li>Waage kann mittels Rollen und Haltegriff bequem transportiert und platzsparend verstaut werden<\/li>\n<li>Hold-Funktion: bei unruhigen W\u00e4gebedingungen wird durch Mittelwertbildung ein stabiler W\u00e4gewert errechnet<\/li>\n<li>Wiegen mit Toleranzbereich (Checkweighing): Ein optisches und akustisches Signal unterst\u00fctzt das Portionieren, Dosieren oder\u00a0Sortieren<\/li>\n<li>Summieren\u00a0von Gewichtswerten<\/li>\n<\/ul>\n<table border=\"1\" width=\"458\" cellspacing=\"0\" cellpadding=\"2\">\n<tbody>\n<tr>\n<td>Modell<\/td>\n<td width=\"10%\">Ablesbarkeit<\/td>\n<td width=\"10%\">W\u00e4gebereich<\/td>\n<\/tr>\n<tr>\n<td><\/td>\n<td width=\"10%\">g<\/td>\n<td width=\"10%\">kg<\/td>\n<\/tr>\n<tr>\n<td>UXC 600K-1M<\/td>\n<td width=\"10%\">200<\/td>\n<td width=\"10%\">600<\/td>\n<\/tr>\n<tr>\n<td>UXC 1.5T-4M<\/td>\n<td width=\"10%\">500<\/td>\n<td width=\"10%\">1500<\/td>\n<\/tr>\n<\/tbody>\n<\/table>\n","protected":false},"excerpt":{"rendered":"<p>Palettenwaage 0-600 kg und 0-1500 kg, IP67, Optional mit\u00a0Eichung.<\/p>\n","protected":false},"featured_media":31422,"template":"","meta":{"_crdt_document":""},"product_brand":[],"product_cat":[338,164],"product_tag":[],"class_list":{"0":"post-31407","1":"product","2":"type-product","3":"status-publish","4":"has-post-thumbnail","6":"product_cat-platform","7":"product_cat-weight","9":"first","10":"instock","11":"taxable","12":"shipping-taxable","13":"product-type-simple"},"yoast_head":"<!-- This site is optimized with the Yoast SEO plugin v27.4 - https:\/\/yoast.com\/product\/yoast-seo-wordpress\/ -->\n<title>Palettenwaage KERN UXC - Sysmatec<\/title>\n<meta name=\"description\" content=\"Freistehende Palettenwaage, dank Rollen mobil, f\u00fcr Tragf\u00e4higkeiten von 0 bis 1500 kg. Optional mit\u00a0Eichung.\" \/>\n<meta name=\"robots\" content=\"index, follow, max-snippet:-1, max-image-preview:large, max-video-preview:-1\" \/>\n<link rel=\"canonical\" href=\"https:\/\/sysmatec.ch\/en\/product\/palettenwaage-kern-uxc\/\" \/>\n<meta property=\"og:locale\" content=\"en_US\" \/>\n<meta property=\"og:type\" content=\"article\" \/>\n<meta property=\"og:title\" content=\"Palettenwaage KERN UXC - Sysmatec\" \/>\n<meta property=\"og:description\" content=\"Freistehende Palettenwaage, dank Rollen mobil, f\u00fcr Tragf\u00e4higkeiten von 0 bis 1500 kg. Optional mit\u00a0Eichung.\" \/>\n<meta property=\"og:url\" content=\"https:\/\/sysmatec.ch\/en\/product\/palettenwaage-kern-uxc\/\" \/>\n<meta property=\"og:site_name\" content=\"Sysmatec\" \/>\n<meta property=\"article:modified_time\" content=\"2026-01-17T19:57:08+00:00\" \/>\n<meta property=\"og:image\" content=\"https:\/\/sysmatec.ch\/wp-content\/uploads\/2026\/01\/Balance_KernUXC1.jpg\" \/>\n\t<meta property=\"og:image:width\" content=\"554\" \/>\n\t<meta property=\"og:image:height\" content=\"462\" \/>\n\t<meta property=\"og:image:type\" content=\"image\/jpeg\" \/>\n<meta name=\"twitter:card\" content=\"summary_large_image\" \/>\n<meta name=\"twitter:label1\" content=\"Est. reading time\" \/>\n\t<meta name=\"twitter:data1\" content=\"2 minutes\" \/>\n<script type=\"application\/ld+json\" class=\"yoast-schema-graph\">{\"@context\":\"https:\\\/\\\/schema.org\",\"@graph\":[{\"@type\":\"WebPage\",\"@id\":\"https:\\\/\\\/sysmatec.ch\\\/en\\\/product\\\/palettenwaage-kern-uxc\\\/\",\"url\":\"https:\\\/\\\/sysmatec.ch\\\/en\\\/product\\\/palettenwaage-kern-uxc\\\/\",\"name\":\"Palettenwaage KERN UXC - Sysmatec\",\"isPartOf\":{\"@id\":\"https:\\\/\\\/sysmatec.ch\\\/de\\\/#website\"},\"primaryImageOfPage\":{\"@id\":\"https:\\\/\\\/sysmatec.ch\\\/en\\\/product\\\/palettenwaage-kern-uxc\\\/#primaryimage\"},\"image\":{\"@id\":\"https:\\\/\\\/sysmatec.ch\\\/en\\\/product\\\/palettenwaage-kern-uxc\\\/#primaryimage\"},\"thumbnailUrl\":\"https:\\\/\\\/sysmatec.ch\\\/wp-content\\\/uploads\\\/2026\\\/01\\\/Balance_KernUXC1.jpg\",\"datePublished\":\"2026-01-17T19:41:20+00:00\",\"dateModified\":\"2026-01-17T19:57:08+00:00\",\"description\":\"Freistehende Palettenwaage, dank Rollen mobil, f\u00fcr Tragf\u00e4higkeiten von 0 bis 1500 kg. Optional mit\u00a0Eichung.\",\"breadcrumb\":{\"@id\":\"https:\\\/\\\/sysmatec.ch\\\/en\\\/product\\\/palettenwaage-kern-uxc\\\/#breadcrumb\"},\"inLanguage\":\"en-US\",\"potentialAction\":[{\"@type\":\"ReadAction\",\"target\":[\"https:\\\/\\\/sysmatec.ch\\\/en\\\/product\\\/palettenwaage-kern-uxc\\\/\"]}]},{\"@type\":\"ImageObject\",\"inLanguage\":\"en-US\",\"@id\":\"https:\\\/\\\/sysmatec.ch\\\/en\\\/product\\\/palettenwaage-kern-uxc\\\/#primaryimage\",\"url\":\"https:\\\/\\\/sysmatec.ch\\\/wp-content\\\/uploads\\\/2026\\\/01\\\/Balance_KernUXC1.jpg\",\"contentUrl\":\"https:\\\/\\\/sysmatec.ch\\\/wp-content\\\/uploads\\\/2026\\\/01\\\/Balance_KernUXC1.jpg\",\"width\":554,\"height\":462},{\"@type\":\"BreadcrumbList\",\"@id\":\"https:\\\/\\\/sysmatec.ch\\\/en\\\/product\\\/palettenwaage-kern-uxc\\\/#breadcrumb\",\"itemListElement\":[{\"@type\":\"ListItem\",\"position\":1,\"name\":\"Accueil\",\"item\":\"https:\\\/\\\/sysmatec.ch\\\/en\\\/\"},{\"@type\":\"ListItem\",\"position\":2,\"name\":\"Sysmatec Activities\",\"item\":\"https:\\\/\\\/sysmatec.ch\\\/en\\\/\"},{\"@type\":\"ListItem\",\"position\":3,\"name\":\"Palettenwaage KERN UXC\"}]},{\"@type\":\"WebSite\",\"@id\":\"https:\\\/\\\/sysmatec.ch\\\/de\\\/#website\",\"url\":\"https:\\\/\\\/sysmatec.ch\\\/de\\\/\",\"name\":\"Sysmatec\",\"description\":\"Equipement de laboratoire et logiciels\",\"publisher\":{\"@id\":\"https:\\\/\\\/sysmatec.ch\\\/de\\\/#organization\"},\"potentialAction\":[{\"@type\":\"SearchAction\",\"target\":{\"@type\":\"EntryPoint\",\"urlTemplate\":\"https:\\\/\\\/sysmatec.ch\\\/de\\\/?s={search_term_string}\"},\"query-input\":{\"@type\":\"PropertyValueSpecification\",\"valueRequired\":true,\"valueName\":\"search_term_string\"}}],\"inLanguage\":\"en-US\"},{\"@type\":\"Organization\",\"@id\":\"https:\\\/\\\/sysmatec.ch\\\/de\\\/#organization\",\"name\":\"Sysmatec\",\"url\":\"https:\\\/\\\/sysmatec.ch\\\/de\\\/\",\"logo\":{\"@type\":\"ImageObject\",\"inLanguage\":\"en-US\",\"@id\":\"https:\\\/\\\/sysmatec.ch\\\/de\\\/#\\\/schema\\\/logo\\\/image\\\/\",\"url\":\"https:\\\/\\\/sysmatec.ch\\\/wp-content\\\/uploads\\\/2018\\\/11\\\/LogoSysmatec.jpg\",\"contentUrl\":\"https:\\\/\\\/sysmatec.ch\\\/wp-content\\\/uploads\\\/2018\\\/11\\\/LogoSysmatec.jpg\",\"width\":301,\"height\":297,\"caption\":\"Sysmatec\"},\"image\":{\"@id\":\"https:\\\/\\\/sysmatec.ch\\\/de\\\/#\\\/schema\\\/logo\\\/image\\\/\"}}]}<\/script>\n<!-- \/ Yoast SEO plugin. -->","yoast_head_json":{"title":"Palettenwaage KERN UXC - Sysmatec","description":"Freistehende Palettenwaage, dank Rollen mobil, f\u00fcr Tragf\u00e4higkeiten von 0 bis 1500 kg. Optional mit\u00a0Eichung.","robots":{"index":"index","follow":"follow","max-snippet":"max-snippet:-1","max-image-preview":"max-image-preview:large","max-video-preview":"max-video-preview:-1"},"canonical":"https:\/\/sysmatec.ch\/en\/product\/palettenwaage-kern-uxc\/","og_locale":"en_US","og_type":"article","og_title":"Palettenwaage KERN UXC - Sysmatec","og_description":"Freistehende Palettenwaage, dank Rollen mobil, f\u00fcr Tragf\u00e4higkeiten von 0 bis 1500 kg. Optional mit\u00a0Eichung.","og_url":"https:\/\/sysmatec.ch\/en\/product\/palettenwaage-kern-uxc\/","og_site_name":"Sysmatec","article_modified_time":"2026-01-17T19:57:08+00:00","og_image":[{"width":554,"height":462,"url":"https:\/\/sysmatec.ch\/wp-content\/uploads\/2026\/01\/Balance_KernUXC1.jpg","type":"image\/jpeg"}],"twitter_card":"summary_large_image","twitter_misc":{"Est. reading time":"2 minutes"},"schema":{"@context":"https:\/\/schema.org","@graph":[{"@type":"WebPage","@id":"https:\/\/sysmatec.ch\/en\/product\/palettenwaage-kern-uxc\/","url":"https:\/\/sysmatec.ch\/en\/product\/palettenwaage-kern-uxc\/","name":"Palettenwaage KERN UXC - Sysmatec","isPartOf":{"@id":"https:\/\/sysmatec.ch\/de\/#website"},"primaryImageOfPage":{"@id":"https:\/\/sysmatec.ch\/en\/product\/palettenwaage-kern-uxc\/#primaryimage"},"image":{"@id":"https:\/\/sysmatec.ch\/en\/product\/palettenwaage-kern-uxc\/#primaryimage"},"thumbnailUrl":"https:\/\/sysmatec.ch\/wp-content\/uploads\/2026\/01\/Balance_KernUXC1.jpg","datePublished":"2026-01-17T19:41:20+00:00","dateModified":"2026-01-17T19:57:08+00:00","description":"Freistehende Palettenwaage, dank Rollen mobil, f\u00fcr Tragf\u00e4higkeiten von 0 bis 1500 kg. Optional mit\u00a0Eichung.","breadcrumb":{"@id":"https:\/\/sysmatec.ch\/en\/product\/palettenwaage-kern-uxc\/#breadcrumb"},"inLanguage":"en-US","potentialAction":[{"@type":"ReadAction","target":["https:\/\/sysmatec.ch\/en\/product\/palettenwaage-kern-uxc\/"]}]},{"@type":"ImageObject","inLanguage":"en-US","@id":"https:\/\/sysmatec.ch\/en\/product\/palettenwaage-kern-uxc\/#primaryimage","url":"https:\/\/sysmatec.ch\/wp-content\/uploads\/2026\/01\/Balance_KernUXC1.jpg","contentUrl":"https:\/\/sysmatec.ch\/wp-content\/uploads\/2026\/01\/Balance_KernUXC1.jpg","width":554,"height":462},{"@type":"BreadcrumbList","@id":"https:\/\/sysmatec.ch\/en\/product\/palettenwaage-kern-uxc\/#breadcrumb","itemListElement":[{"@type":"ListItem","position":1,"name":"Accueil","item":"https:\/\/sysmatec.ch\/en\/"},{"@type":"ListItem","position":2,"name":"Sysmatec Activities","item":"https:\/\/sysmatec.ch\/en\/"},{"@type":"ListItem","position":3,"name":"Palettenwaage KERN UXC"}]},{"@type":"WebSite","@id":"https:\/\/sysmatec.ch\/de\/#website","url":"https:\/\/sysmatec.ch\/de\/","name":"Sysmatec","description":"Equipement de laboratoire et logiciels","publisher":{"@id":"https:\/\/sysmatec.ch\/de\/#organization"},"potentialAction":[{"@type":"SearchAction","target":{"@type":"EntryPoint","urlTemplate":"https:\/\/sysmatec.ch\/de\/?s={search_term_string}"},"query-input":{"@type":"PropertyValueSpecification","valueRequired":true,"valueName":"search_term_string"}}],"inLanguage":"en-US"},{"@type":"Organization","@id":"https:\/\/sysmatec.ch\/de\/#organization","name":"Sysmatec","url":"https:\/\/sysmatec.ch\/de\/","logo":{"@type":"ImageObject","inLanguage":"en-US","@id":"https:\/\/sysmatec.ch\/de\/#\/schema\/logo\/image\/","url":"https:\/\/sysmatec.ch\/wp-content\/uploads\/2018\/11\/LogoSysmatec.jpg","contentUrl":"https:\/\/sysmatec.ch\/wp-content\/uploads\/2018\/11\/LogoSysmatec.jpg","width":301,"height":297,"caption":"Sysmatec"},"image":{"@id":"https:\/\/sysmatec.ch\/de\/#\/schema\/logo\/image\/"}}]}},"_links":{"self":[{"href":"https:\/\/sysmatec.ch\/en\/wp-json\/wp\/v2\/product\/31407","targetHints":{"allow":["GET"]}}],"collection":[{"href":"https:\/\/sysmatec.ch\/en\/wp-json\/wp\/v2\/product"}],"about":[{"href":"https:\/\/sysmatec.ch\/en\/wp-json\/wp\/v2\/types\/product"}],"wp:featuredmedia":[{"embeddable":true,"href":"https:\/\/sysmatec.ch\/en\/wp-json\/wp\/v2\/media\/31422"}],"wp:attachment":[{"href":"https:\/\/sysmatec.ch\/en\/wp-json\/wp\/v2\/media?parent=31407"}],"wp:term":[{"taxonomy":"product_brand","embeddable":true,"href":"https:\/\/sysmatec.ch\/en\/wp-json\/wp\/v2\/product_brand?post=31407"},{"taxonomy":"product_cat","embeddable":true,"href":"https:\/\/sysmatec.ch\/en\/wp-json\/wp\/v2\/product_cat?post=31407"},{"taxonomy":"product_tag","embeddable":true,"href":"https:\/\/sysmatec.ch\/en\/wp-json\/wp\/v2\/product_tag?post=31407"}],"curies":[{"name":"wp","href":"https:\/\/api.w.org\/{rel}","templated":true}]}}