{"id":29548,"date":"2024-05-17T11:51:59","date_gmt":"2024-05-17T09:51:59","guid":{"rendered":"https:\/\/sysmatec.ch\/?post_type=product&#038;p=29548"},"modified":"2024-05-17T12:13:03","modified_gmt":"2024-05-17T10:13:03","slug":"combi-hoods-honeywell-junior-b-vl","status":"publish","type":"product","link":"https:\/\/sysmatec.ch\/en\/product\/combi-hoods-honeywell-junior-b-vl\/","title":{"rendered":"Combi Hoods Honeywell Junior B VL"},"content":{"rendered":"<div class=\"p-descript\">\n<p>La cagoule Junior B VL est pr\u00e9vu pour \u00eatre utilis\u00e9e avec les respirateurs \u00e0 purification d&#8217;air avec alimentation (PAPR) tels que les s\u00e9ries PA500 et PA700. Junior B Combi VL est \u00e9quip\u00e9 d&#8217;un casque de s\u00e9curit\u00e9 int\u00e9gral pour une protection suppl\u00e9mentaire de la t\u00eate<\/p>\n<\/div>\n<h2>Features<\/h2>\n<ul>\n<li>Soft and lightweight balaclava: with polyurethane cape covering the head, neck and shoulders<\/li>\n<li>Disposable visor Ref. A160730: fits over the main visor of the balaclava, protects against damage<\/li>\n<li>Washable and replaceable neck strap: supports a high level of protection.<\/li>\n<li>Combined version: consisting of a full-face safety helmet.<\/li>\n<\/ul>\n<p>Ref. A114400<\/p>\n","protected":false},"excerpt":{"rendered":"<p>Protective hood for use with respirators supplied with filtered air.<\/p>\n","protected":false},"featured_media":29550,"template":"","meta":{"_crdt_document":""},"product_brand":[],"product_cat":[278,380,271],"product_tag":[],"class_list":{"0":"post-29548","1":"product","2":"type-product","3":"status-publish","4":"has-post-thumbnail","6":"product_cat-consumable","7":"product_cat-protection-en","8":"product_cat-second-hand","10":"first","11":"instock","12":"taxable","13":"shipping-taxable","14":"product-type-simple"},"yoast_head":"<!-- This site is optimized with the Yoast SEO plugin v27.3 - https:\/\/yoast.com\/product\/yoast-seo-wordpress\/ -->\n<title>Combi Hoods Honeywell Junior B VL - Sysmatec<\/title>\n<meta name=\"description\" content=\"Protective hood for use with respirators supplied with filtered air.\" \/>\n<meta name=\"robots\" content=\"index, follow, max-snippet:-1, max-image-preview:large, max-video-preview:-1\" \/>\n<link rel=\"canonical\" href=\"https:\/\/sysmatec.ch\/en\/product\/combi-hoods-honeywell-junior-b-vl\/\" \/>\n<meta property=\"og:locale\" content=\"en_US\" \/>\n<meta property=\"og:type\" content=\"article\" \/>\n<meta property=\"og:title\" content=\"Combi Hoods Honeywell Junior B VL - Sysmatec\" \/>\n<meta property=\"og:description\" content=\"Protective hood for use with respirators supplied with filtered air.\" \/>\n<meta property=\"og:url\" content=\"https:\/\/sysmatec.ch\/en\/product\/combi-hoods-honeywell-junior-b-vl\/\" \/>\n<meta property=\"og:site_name\" content=\"Sysmatec\" \/>\n<meta property=\"article:modified_time\" content=\"2024-05-17T10:13:03+00:00\" \/>\n<meta property=\"og:image\" content=\"https:\/\/sysmatec.ch\/wp-content\/uploads\/2024\/05\/Cagoule_Honeywell.jpg\" \/>\n\t<meta property=\"og:image:width\" content=\"300\" \/>\n\t<meta property=\"og:image:height\" content=\"400\" \/>\n\t<meta property=\"og:image:type\" content=\"image\/jpeg\" \/>\n<meta name=\"twitter:card\" content=\"summary_large_image\" \/>\n<meta name=\"twitter:label1\" content=\"Est. reading time\" \/>\n\t<meta name=\"twitter:data1\" content=\"1 minute\" \/>\n<script type=\"application\/ld+json\" class=\"yoast-schema-graph\">{\"@context\":\"https:\\\/\\\/schema.org\",\"@graph\":[{\"@type\":\"WebPage\",\"@id\":\"https:\\\/\\\/sysmatec.ch\\\/en\\\/product\\\/combi-hoods-honeywell-junior-b-vl\\\/\",\"url\":\"https:\\\/\\\/sysmatec.ch\\\/en\\\/product\\\/combi-hoods-honeywell-junior-b-vl\\\/\",\"name\":\"Combi Hoods Honeywell Junior B VL - Sysmatec\",\"isPartOf\":{\"@id\":\"https:\\\/\\\/sysmatec.ch\\\/de\\\/#website\"},\"primaryImageOfPage\":{\"@id\":\"https:\\\/\\\/sysmatec.ch\\\/en\\\/product\\\/combi-hoods-honeywell-junior-b-vl\\\/#primaryimage\"},\"image\":{\"@id\":\"https:\\\/\\\/sysmatec.ch\\\/en\\\/product\\\/combi-hoods-honeywell-junior-b-vl\\\/#primaryimage\"},\"thumbnailUrl\":\"https:\\\/\\\/sysmatec.ch\\\/wp-content\\\/uploads\\\/2024\\\/05\\\/Cagoule_Honeywell.jpg\",\"datePublished\":\"2024-05-17T09:51:59+00:00\",\"dateModified\":\"2024-05-17T10:13:03+00:00\",\"description\":\"Protective hood for use with respirators supplied with filtered air.\",\"breadcrumb\":{\"@id\":\"https:\\\/\\\/sysmatec.ch\\\/en\\\/product\\\/combi-hoods-honeywell-junior-b-vl\\\/#breadcrumb\"},\"inLanguage\":\"en-US\",\"potentialAction\":[{\"@type\":\"ReadAction\",\"target\":[\"https:\\\/\\\/sysmatec.ch\\\/en\\\/product\\\/combi-hoods-honeywell-junior-b-vl\\\/\"]}]},{\"@type\":\"ImageObject\",\"inLanguage\":\"en-US\",\"@id\":\"https:\\\/\\\/sysmatec.ch\\\/en\\\/product\\\/combi-hoods-honeywell-junior-b-vl\\\/#primaryimage\",\"url\":\"https:\\\/\\\/sysmatec.ch\\\/wp-content\\\/uploads\\\/2024\\\/05\\\/Cagoule_Honeywell.jpg\",\"contentUrl\":\"https:\\\/\\\/sysmatec.ch\\\/wp-content\\\/uploads\\\/2024\\\/05\\\/Cagoule_Honeywell.jpg\",\"width\":300,\"height\":400},{\"@type\":\"BreadcrumbList\",\"@id\":\"https:\\\/\\\/sysmatec.ch\\\/en\\\/product\\\/combi-hoods-honeywell-junior-b-vl\\\/#breadcrumb\",\"itemListElement\":[{\"@type\":\"ListItem\",\"position\":1,\"name\":\"Accueil\",\"item\":\"https:\\\/\\\/sysmatec.ch\\\/en\\\/\"},{\"@type\":\"ListItem\",\"position\":2,\"name\":\"Sysmatec Activities\",\"item\":\"https:\\\/\\\/sysmatec.ch\\\/en\\\/\"},{\"@type\":\"ListItem\",\"position\":3,\"name\":\"Combi Hoods Honeywell Junior B VL\"}]},{\"@type\":\"WebSite\",\"@id\":\"https:\\\/\\\/sysmatec.ch\\\/de\\\/#website\",\"url\":\"https:\\\/\\\/sysmatec.ch\\\/de\\\/\",\"name\":\"Sysmatec\",\"description\":\"Equipement de laboratoire et logiciels\",\"publisher\":{\"@id\":\"https:\\\/\\\/sysmatec.ch\\\/de\\\/#organization\"},\"potentialAction\":[{\"@type\":\"SearchAction\",\"target\":{\"@type\":\"EntryPoint\",\"urlTemplate\":\"https:\\\/\\\/sysmatec.ch\\\/de\\\/?s={search_term_string}\"},\"query-input\":{\"@type\":\"PropertyValueSpecification\",\"valueRequired\":true,\"valueName\":\"search_term_string\"}}],\"inLanguage\":\"en-US\"},{\"@type\":\"Organization\",\"@id\":\"https:\\\/\\\/sysmatec.ch\\\/de\\\/#organization\",\"name\":\"Sysmatec\",\"url\":\"https:\\\/\\\/sysmatec.ch\\\/de\\\/\",\"logo\":{\"@type\":\"ImageObject\",\"inLanguage\":\"en-US\",\"@id\":\"https:\\\/\\\/sysmatec.ch\\\/de\\\/#\\\/schema\\\/logo\\\/image\\\/\",\"url\":\"https:\\\/\\\/sysmatec.ch\\\/wp-content\\\/uploads\\\/2018\\\/11\\\/LogoSysmatec.jpg\",\"contentUrl\":\"https:\\\/\\\/sysmatec.ch\\\/wp-content\\\/uploads\\\/2018\\\/11\\\/LogoSysmatec.jpg\",\"width\":301,\"height\":297,\"caption\":\"Sysmatec\"},\"image\":{\"@id\":\"https:\\\/\\\/sysmatec.ch\\\/de\\\/#\\\/schema\\\/logo\\\/image\\\/\"}}]}<\/script>\n<!-- \/ Yoast SEO plugin. -->","yoast_head_json":{"title":"Combi Hoods Honeywell Junior B VL - Sysmatec","description":"Protective hood for use with respirators supplied with filtered air.","robots":{"index":"index","follow":"follow","max-snippet":"max-snippet:-1","max-image-preview":"max-image-preview:large","max-video-preview":"max-video-preview:-1"},"canonical":"https:\/\/sysmatec.ch\/en\/product\/combi-hoods-honeywell-junior-b-vl\/","og_locale":"en_US","og_type":"article","og_title":"Combi Hoods Honeywell Junior B VL - Sysmatec","og_description":"Protective hood for use with respirators supplied with filtered air.","og_url":"https:\/\/sysmatec.ch\/en\/product\/combi-hoods-honeywell-junior-b-vl\/","og_site_name":"Sysmatec","article_modified_time":"2024-05-17T10:13:03+00:00","og_image":[{"width":300,"height":400,"url":"https:\/\/sysmatec.ch\/wp-content\/uploads\/2024\/05\/Cagoule_Honeywell.jpg","type":"image\/jpeg"}],"twitter_card":"summary_large_image","twitter_misc":{"Est. reading time":"1 minute"},"schema":{"@context":"https:\/\/schema.org","@graph":[{"@type":"WebPage","@id":"https:\/\/sysmatec.ch\/en\/product\/combi-hoods-honeywell-junior-b-vl\/","url":"https:\/\/sysmatec.ch\/en\/product\/combi-hoods-honeywell-junior-b-vl\/","name":"Combi Hoods Honeywell Junior B VL - Sysmatec","isPartOf":{"@id":"https:\/\/sysmatec.ch\/de\/#website"},"primaryImageOfPage":{"@id":"https:\/\/sysmatec.ch\/en\/product\/combi-hoods-honeywell-junior-b-vl\/#primaryimage"},"image":{"@id":"https:\/\/sysmatec.ch\/en\/product\/combi-hoods-honeywell-junior-b-vl\/#primaryimage"},"thumbnailUrl":"https:\/\/sysmatec.ch\/wp-content\/uploads\/2024\/05\/Cagoule_Honeywell.jpg","datePublished":"2024-05-17T09:51:59+00:00","dateModified":"2024-05-17T10:13:03+00:00","description":"Protective hood for use with respirators supplied with filtered air.","breadcrumb":{"@id":"https:\/\/sysmatec.ch\/en\/product\/combi-hoods-honeywell-junior-b-vl\/#breadcrumb"},"inLanguage":"en-US","potentialAction":[{"@type":"ReadAction","target":["https:\/\/sysmatec.ch\/en\/product\/combi-hoods-honeywell-junior-b-vl\/"]}]},{"@type":"ImageObject","inLanguage":"en-US","@id":"https:\/\/sysmatec.ch\/en\/product\/combi-hoods-honeywell-junior-b-vl\/#primaryimage","url":"https:\/\/sysmatec.ch\/wp-content\/uploads\/2024\/05\/Cagoule_Honeywell.jpg","contentUrl":"https:\/\/sysmatec.ch\/wp-content\/uploads\/2024\/05\/Cagoule_Honeywell.jpg","width":300,"height":400},{"@type":"BreadcrumbList","@id":"https:\/\/sysmatec.ch\/en\/product\/combi-hoods-honeywell-junior-b-vl\/#breadcrumb","itemListElement":[{"@type":"ListItem","position":1,"name":"Accueil","item":"https:\/\/sysmatec.ch\/en\/"},{"@type":"ListItem","position":2,"name":"Sysmatec Activities","item":"https:\/\/sysmatec.ch\/en\/"},{"@type":"ListItem","position":3,"name":"Combi Hoods Honeywell Junior B VL"}]},{"@type":"WebSite","@id":"https:\/\/sysmatec.ch\/de\/#website","url":"https:\/\/sysmatec.ch\/de\/","name":"Sysmatec","description":"Equipement de laboratoire et logiciels","publisher":{"@id":"https:\/\/sysmatec.ch\/de\/#organization"},"potentialAction":[{"@type":"SearchAction","target":{"@type":"EntryPoint","urlTemplate":"https:\/\/sysmatec.ch\/de\/?s={search_term_string}"},"query-input":{"@type":"PropertyValueSpecification","valueRequired":true,"valueName":"search_term_string"}}],"inLanguage":"en-US"},{"@type":"Organization","@id":"https:\/\/sysmatec.ch\/de\/#organization","name":"Sysmatec","url":"https:\/\/sysmatec.ch\/de\/","logo":{"@type":"ImageObject","inLanguage":"en-US","@id":"https:\/\/sysmatec.ch\/de\/#\/schema\/logo\/image\/","url":"https:\/\/sysmatec.ch\/wp-content\/uploads\/2018\/11\/LogoSysmatec.jpg","contentUrl":"https:\/\/sysmatec.ch\/wp-content\/uploads\/2018\/11\/LogoSysmatec.jpg","width":301,"height":297,"caption":"Sysmatec"},"image":{"@id":"https:\/\/sysmatec.ch\/de\/#\/schema\/logo\/image\/"}}]}},"_links":{"self":[{"href":"https:\/\/sysmatec.ch\/en\/wp-json\/wp\/v2\/product\/29548","targetHints":{"allow":["GET"]}}],"collection":[{"href":"https:\/\/sysmatec.ch\/en\/wp-json\/wp\/v2\/product"}],"about":[{"href":"https:\/\/sysmatec.ch\/en\/wp-json\/wp\/v2\/types\/product"}],"wp:featuredmedia":[{"embeddable":true,"href":"https:\/\/sysmatec.ch\/en\/wp-json\/wp\/v2\/media\/29550"}],"wp:attachment":[{"href":"https:\/\/sysmatec.ch\/en\/wp-json\/wp\/v2\/media?parent=29548"}],"wp:term":[{"taxonomy":"product_brand","embeddable":true,"href":"https:\/\/sysmatec.ch\/en\/wp-json\/wp\/v2\/product_brand?post=29548"},{"taxonomy":"product_cat","embeddable":true,"href":"https:\/\/sysmatec.ch\/en\/wp-json\/wp\/v2\/product_cat?post=29548"},{"taxonomy":"product_tag","embeddable":true,"href":"https:\/\/sysmatec.ch\/en\/wp-json\/wp\/v2\/product_tag?post=29548"}],"curies":[{"name":"wp","href":"https:\/\/api.w.org\/{rel}","templated":true}]}}