{"id":29471,"date":"2024-05-14T19:14:39","date_gmt":"2024-05-14T17:14:39","guid":{"rendered":"https:\/\/sysmatec.ch\/?post_type=product&#038;p=29471"},"modified":"2024-05-14T20:28:29","modified_gmt":"2024-05-14T18:28:29","slug":"temperature-and-humidity-probe-ee99-1","status":"publish","type":"product","link":"https:\/\/sysmatec.ch\/en\/product\/temperature-and-humidity-probe-ee99-1\/","title":{"rendered":"Temperature and humidity probe EE99-1"},"content":{"rendered":"<p>Ce capteur d&#8217;humidit\u00e9 fonctionne sur une plage de -50 \u00b0C \u00e0 180 \u00b0C. Diff\u00e9rentes longueurs de sonde et de c\u00e2ble sont disponibles. la carte \u00e9lectronique dispose d&#8217;une sortie 4-20 mA pour l&#8217;humidit\u00e9.<\/p>\n<p>Le rev\u00eatement exclusif E+E prot\u00e8ge les \u00e9l\u00e9ments de d\u00e9tection contre la pollution corrosive et \u00e9lectriquement conductrice, ce qui conduit \u00e0 une excellente stabilit\u00e9 \u00e0 long terme, m\u00eame dans un environnement difficile.<\/p>\n<h2>Caract\u00e9ristiques techniques<\/h2>\n<ul>\n<li type=\"disc\">Measuring range Relative humidity: 0 to 100%RH<\/li>\n<li type=\"disc\">Precision:<br \/>\n-15 to 40\u00b0C \u226490 %RH \u00b1 (1.3 + 0.003*measured value) %RH<br \/>\n&gt;90%RH \u00b1 2.3%RH<br \/>\n-25 to 70 \u00b0C (-13&#8230;158 \u00b0F) \u00b1 (1.4 + 0.01*measured value) %RH<br \/>\n-50 to 80 \u00b0C (-40&#8230;356 \u00b0F) \u00b1 (1.5 + 0.015*measured value) %RH<\/li>\n<li type=\"disc\">Response time t90, typ. at 20\u00b0C &lt;15 s<\/li>\n<li type=\"disc\">Temperature measuring range -50 to 180\u00b0C for the probe, -40 to 60\u00b0C for the electronics<\/li>\n<li type=\"disc\">HR analog output: 4 &#8211; 20 mA (3-wire) Load resistance \u2264350 \u03a9<\/li>\n<li type=\"disc\">Analogue temperature output Pt100, Pt1000 DIN A (DIN EN 60751), 3-wire connection<\/li>\n<li type=\"disc\">Power supply class III: 10 &#8211; 28 V AC, 10 &#8211; 35 V DC<\/li>\n<li type=\"disc\">Cable lengths: 2, 5 and 10 m<\/li>\n<li type=\"disc\">Probe length: 65 and 200 mm<\/li>\n<\/ul>\n","protected":false},"excerpt":{"rendered":"<p>Humidity measuring probe with 4-20 mA output<\/p>\n","protected":false},"featured_media":29474,"template":"","meta":{"_crdt_document":""},"product_brand":[],"product_cat":[174,179],"product_tag":[],"class_list":{"0":"post-29471","1":"product","2":"type-product","3":"status-publish","4":"has-post-thumbnail","6":"product_cat-humidity","7":"product_cat-measurement","9":"first","10":"instock","11":"taxable","12":"shipping-taxable","13":"product-type-simple"},"yoast_head":"<!-- This site is optimized with the Yoast SEO plugin v27.4 - https:\/\/yoast.com\/product\/yoast-seo-wordpress\/ -->\n<title>Temperature and humidity probe EE99-1 - Sysmatec<\/title>\n<meta name=\"description\" content=\"Temperature and humidity transmitter without display. It has analog outputs for connection to a PLC for example.\" \/>\n<meta name=\"robots\" content=\"index, follow, max-snippet:-1, max-image-preview:large, max-video-preview:-1\" \/>\n<link rel=\"canonical\" href=\"https:\/\/sysmatec.ch\/en\/product\/temperature-and-humidity-probe-ee99-1\/\" \/>\n<meta property=\"og:locale\" content=\"en_US\" \/>\n<meta property=\"og:type\" content=\"article\" \/>\n<meta property=\"og:title\" content=\"Temperature and humidity probe EE99-1 - Sysmatec\" \/>\n<meta property=\"og:description\" content=\"Temperature and humidity transmitter without display. It has analog outputs for connection to a PLC for example.\" \/>\n<meta property=\"og:url\" content=\"https:\/\/sysmatec.ch\/en\/product\/temperature-and-humidity-probe-ee99-1\/\" \/>\n<meta property=\"og:site_name\" content=\"Sysmatec\" \/>\n<meta property=\"article:modified_time\" content=\"2024-05-14T18:28:29+00:00\" \/>\n<meta property=\"og:image\" content=\"https:\/\/sysmatec.ch\/wp-content\/uploads\/2024\/05\/SondeHumidite_EE991.jpg\" \/>\n\t<meta property=\"og:image:width\" content=\"710\" \/>\n\t<meta property=\"og:image:height\" content=\"445\" \/>\n\t<meta property=\"og:image:type\" content=\"image\/jpeg\" \/>\n<meta name=\"twitter:card\" content=\"summary_large_image\" \/>\n<meta name=\"twitter:label1\" content=\"Est. reading time\" \/>\n\t<meta name=\"twitter:data1\" content=\"2 minutes\" \/>\n<script type=\"application\/ld+json\" class=\"yoast-schema-graph\">{\"@context\":\"https:\\\/\\\/schema.org\",\"@graph\":[{\"@type\":\"WebPage\",\"@id\":\"https:\\\/\\\/sysmatec.ch\\\/en\\\/product\\\/temperature-and-humidity-probe-ee99-1\\\/\",\"url\":\"https:\\\/\\\/sysmatec.ch\\\/en\\\/product\\\/temperature-and-humidity-probe-ee99-1\\\/\",\"name\":\"Temperature and humidity probe EE99-1 - Sysmatec\",\"isPartOf\":{\"@id\":\"https:\\\/\\\/sysmatec.ch\\\/de\\\/#website\"},\"primaryImageOfPage\":{\"@id\":\"https:\\\/\\\/sysmatec.ch\\\/en\\\/product\\\/temperature-and-humidity-probe-ee99-1\\\/#primaryimage\"},\"image\":{\"@id\":\"https:\\\/\\\/sysmatec.ch\\\/en\\\/product\\\/temperature-and-humidity-probe-ee99-1\\\/#primaryimage\"},\"thumbnailUrl\":\"https:\\\/\\\/sysmatec.ch\\\/wp-content\\\/uploads\\\/2024\\\/05\\\/SondeHumidite_EE991.jpg\",\"datePublished\":\"2024-05-14T17:14:39+00:00\",\"dateModified\":\"2024-05-14T18:28:29+00:00\",\"description\":\"Temperature and humidity transmitter without display. It has analog outputs for connection to a PLC for example.\",\"breadcrumb\":{\"@id\":\"https:\\\/\\\/sysmatec.ch\\\/en\\\/product\\\/temperature-and-humidity-probe-ee99-1\\\/#breadcrumb\"},\"inLanguage\":\"en-US\",\"potentialAction\":[{\"@type\":\"ReadAction\",\"target\":[\"https:\\\/\\\/sysmatec.ch\\\/en\\\/product\\\/temperature-and-humidity-probe-ee99-1\\\/\"]}]},{\"@type\":\"ImageObject\",\"inLanguage\":\"en-US\",\"@id\":\"https:\\\/\\\/sysmatec.ch\\\/en\\\/product\\\/temperature-and-humidity-probe-ee99-1\\\/#primaryimage\",\"url\":\"https:\\\/\\\/sysmatec.ch\\\/wp-content\\\/uploads\\\/2024\\\/05\\\/SondeHumidite_EE991.jpg\",\"contentUrl\":\"https:\\\/\\\/sysmatec.ch\\\/wp-content\\\/uploads\\\/2024\\\/05\\\/SondeHumidite_EE991.jpg\",\"width\":710,\"height\":445},{\"@type\":\"BreadcrumbList\",\"@id\":\"https:\\\/\\\/sysmatec.ch\\\/en\\\/product\\\/temperature-and-humidity-probe-ee99-1\\\/#breadcrumb\",\"itemListElement\":[{\"@type\":\"ListItem\",\"position\":1,\"name\":\"Accueil\",\"item\":\"https:\\\/\\\/sysmatec.ch\\\/en\\\/\"},{\"@type\":\"ListItem\",\"position\":2,\"name\":\"Sysmatec Activities\",\"item\":\"https:\\\/\\\/sysmatec.ch\\\/en\\\/\"},{\"@type\":\"ListItem\",\"position\":3,\"name\":\"Temperature and humidity probe EE99-1\"}]},{\"@type\":\"WebSite\",\"@id\":\"https:\\\/\\\/sysmatec.ch\\\/de\\\/#website\",\"url\":\"https:\\\/\\\/sysmatec.ch\\\/de\\\/\",\"name\":\"Sysmatec\",\"description\":\"Equipement de laboratoire et logiciels\",\"publisher\":{\"@id\":\"https:\\\/\\\/sysmatec.ch\\\/de\\\/#organization\"},\"potentialAction\":[{\"@type\":\"SearchAction\",\"target\":{\"@type\":\"EntryPoint\",\"urlTemplate\":\"https:\\\/\\\/sysmatec.ch\\\/de\\\/?s={search_term_string}\"},\"query-input\":{\"@type\":\"PropertyValueSpecification\",\"valueRequired\":true,\"valueName\":\"search_term_string\"}}],\"inLanguage\":\"en-US\"},{\"@type\":\"Organization\",\"@id\":\"https:\\\/\\\/sysmatec.ch\\\/de\\\/#organization\",\"name\":\"Sysmatec\",\"url\":\"https:\\\/\\\/sysmatec.ch\\\/de\\\/\",\"logo\":{\"@type\":\"ImageObject\",\"inLanguage\":\"en-US\",\"@id\":\"https:\\\/\\\/sysmatec.ch\\\/de\\\/#\\\/schema\\\/logo\\\/image\\\/\",\"url\":\"https:\\\/\\\/sysmatec.ch\\\/wp-content\\\/uploads\\\/2018\\\/11\\\/LogoSysmatec.jpg\",\"contentUrl\":\"https:\\\/\\\/sysmatec.ch\\\/wp-content\\\/uploads\\\/2018\\\/11\\\/LogoSysmatec.jpg\",\"width\":301,\"height\":297,\"caption\":\"Sysmatec\"},\"image\":{\"@id\":\"https:\\\/\\\/sysmatec.ch\\\/de\\\/#\\\/schema\\\/logo\\\/image\\\/\"}}]}<\/script>\n<!-- \/ Yoast SEO plugin. -->","yoast_head_json":{"title":"Temperature and humidity probe EE99-1 - Sysmatec","description":"Temperature and humidity transmitter without display. It has analog outputs for connection to a PLC for example.","robots":{"index":"index","follow":"follow","max-snippet":"max-snippet:-1","max-image-preview":"max-image-preview:large","max-video-preview":"max-video-preview:-1"},"canonical":"https:\/\/sysmatec.ch\/en\/product\/temperature-and-humidity-probe-ee99-1\/","og_locale":"en_US","og_type":"article","og_title":"Temperature and humidity probe EE99-1 - Sysmatec","og_description":"Temperature and humidity transmitter without display. It has analog outputs for connection to a PLC for example.","og_url":"https:\/\/sysmatec.ch\/en\/product\/temperature-and-humidity-probe-ee99-1\/","og_site_name":"Sysmatec","article_modified_time":"2024-05-14T18:28:29+00:00","og_image":[{"width":710,"height":445,"url":"https:\/\/sysmatec.ch\/wp-content\/uploads\/2024\/05\/SondeHumidite_EE991.jpg","type":"image\/jpeg"}],"twitter_card":"summary_large_image","twitter_misc":{"Est. reading time":"2 minutes"},"schema":{"@context":"https:\/\/schema.org","@graph":[{"@type":"WebPage","@id":"https:\/\/sysmatec.ch\/en\/product\/temperature-and-humidity-probe-ee99-1\/","url":"https:\/\/sysmatec.ch\/en\/product\/temperature-and-humidity-probe-ee99-1\/","name":"Temperature and humidity probe EE99-1 - Sysmatec","isPartOf":{"@id":"https:\/\/sysmatec.ch\/de\/#website"},"primaryImageOfPage":{"@id":"https:\/\/sysmatec.ch\/en\/product\/temperature-and-humidity-probe-ee99-1\/#primaryimage"},"image":{"@id":"https:\/\/sysmatec.ch\/en\/product\/temperature-and-humidity-probe-ee99-1\/#primaryimage"},"thumbnailUrl":"https:\/\/sysmatec.ch\/wp-content\/uploads\/2024\/05\/SondeHumidite_EE991.jpg","datePublished":"2024-05-14T17:14:39+00:00","dateModified":"2024-05-14T18:28:29+00:00","description":"Temperature and humidity transmitter without display. It has analog outputs for connection to a PLC for example.","breadcrumb":{"@id":"https:\/\/sysmatec.ch\/en\/product\/temperature-and-humidity-probe-ee99-1\/#breadcrumb"},"inLanguage":"en-US","potentialAction":[{"@type":"ReadAction","target":["https:\/\/sysmatec.ch\/en\/product\/temperature-and-humidity-probe-ee99-1\/"]}]},{"@type":"ImageObject","inLanguage":"en-US","@id":"https:\/\/sysmatec.ch\/en\/product\/temperature-and-humidity-probe-ee99-1\/#primaryimage","url":"https:\/\/sysmatec.ch\/wp-content\/uploads\/2024\/05\/SondeHumidite_EE991.jpg","contentUrl":"https:\/\/sysmatec.ch\/wp-content\/uploads\/2024\/05\/SondeHumidite_EE991.jpg","width":710,"height":445},{"@type":"BreadcrumbList","@id":"https:\/\/sysmatec.ch\/en\/product\/temperature-and-humidity-probe-ee99-1\/#breadcrumb","itemListElement":[{"@type":"ListItem","position":1,"name":"Accueil","item":"https:\/\/sysmatec.ch\/en\/"},{"@type":"ListItem","position":2,"name":"Sysmatec Activities","item":"https:\/\/sysmatec.ch\/en\/"},{"@type":"ListItem","position":3,"name":"Temperature and humidity probe EE99-1"}]},{"@type":"WebSite","@id":"https:\/\/sysmatec.ch\/de\/#website","url":"https:\/\/sysmatec.ch\/de\/","name":"Sysmatec","description":"Equipement de laboratoire et logiciels","publisher":{"@id":"https:\/\/sysmatec.ch\/de\/#organization"},"potentialAction":[{"@type":"SearchAction","target":{"@type":"EntryPoint","urlTemplate":"https:\/\/sysmatec.ch\/de\/?s={search_term_string}"},"query-input":{"@type":"PropertyValueSpecification","valueRequired":true,"valueName":"search_term_string"}}],"inLanguage":"en-US"},{"@type":"Organization","@id":"https:\/\/sysmatec.ch\/de\/#organization","name":"Sysmatec","url":"https:\/\/sysmatec.ch\/de\/","logo":{"@type":"ImageObject","inLanguage":"en-US","@id":"https:\/\/sysmatec.ch\/de\/#\/schema\/logo\/image\/","url":"https:\/\/sysmatec.ch\/wp-content\/uploads\/2018\/11\/LogoSysmatec.jpg","contentUrl":"https:\/\/sysmatec.ch\/wp-content\/uploads\/2018\/11\/LogoSysmatec.jpg","width":301,"height":297,"caption":"Sysmatec"},"image":{"@id":"https:\/\/sysmatec.ch\/de\/#\/schema\/logo\/image\/"}}]}},"_links":{"self":[{"href":"https:\/\/sysmatec.ch\/en\/wp-json\/wp\/v2\/product\/29471","targetHints":{"allow":["GET"]}}],"collection":[{"href":"https:\/\/sysmatec.ch\/en\/wp-json\/wp\/v2\/product"}],"about":[{"href":"https:\/\/sysmatec.ch\/en\/wp-json\/wp\/v2\/types\/product"}],"wp:featuredmedia":[{"embeddable":true,"href":"https:\/\/sysmatec.ch\/en\/wp-json\/wp\/v2\/media\/29474"}],"wp:attachment":[{"href":"https:\/\/sysmatec.ch\/en\/wp-json\/wp\/v2\/media?parent=29471"}],"wp:term":[{"taxonomy":"product_brand","embeddable":true,"href":"https:\/\/sysmatec.ch\/en\/wp-json\/wp\/v2\/product_brand?post=29471"},{"taxonomy":"product_cat","embeddable":true,"href":"https:\/\/sysmatec.ch\/en\/wp-json\/wp\/v2\/product_cat?post=29471"},{"taxonomy":"product_tag","embeddable":true,"href":"https:\/\/sysmatec.ch\/en\/wp-json\/wp\/v2\/product_tag?post=29471"}],"curies":[{"name":"wp","href":"https:\/\/api.w.org\/{rel}","templated":true}]}}