{"id":28253,"date":"2023-02-04T17:16:01","date_gmt":"2023-02-04T16:16:01","guid":{"rendered":"https:\/\/sysmatec.ch\/produit\/automatic-colony-counter-lz-acc-a112\/"},"modified":"2023-02-04T17:36:17","modified_gmt":"2023-02-04T16:36:17","slug":"automatic-colony-counter-lz-acc-a112","status":"publish","type":"product","link":"https:\/\/sysmatec.ch\/en\/product\/automatic-colony-counter-lz-acc-a112\/","title":{"rendered":"Automatic Colony Counter LZ-ACC-A112"},"content":{"rendered":"<p>The automatic colony counter is equipped with high resolution camera lens and low distortion optical lens. Incorporated with advanced Smart Counter software for accurate automatic microbial colony counting. Open platform design, bottom LED dual light source makes it user friendly counter. Encrypted USB-key guarantees data security, and convenient data management.<\/p>\n<h2>Features<\/h2>\n<ul>\n<li class=\"list-v\">360 degrees LED dual light source<\/li>\n<li class=\"list-v\">High resolution Camera with low distortion optical lens<\/li>\n<li class=\"list-v\">Smart counter operational interface<\/li>\n<li class=\"list-v\">No need to install any drivers or software, software is directly copied and used<\/li>\n<li class=\"list-v\">Automatic data processing and storage<\/li>\n<li class=\"list-v\">Quick counting of the number of colonies<\/li>\n<li class=\"list-v\">Features 3 levels of Authority Management<\/li>\n<li class=\"list-v\">Adhering colonies are automatically segmented by smart counter Intelligent colony identification technology<\/li>\n<li class=\"list-v\">Colonies on the grid filters can be easily identified<\/li>\n<li class=\"list-v\">Comes with features like color adaption settings, colony ratio and diameter settings for the improved counting accuracy<\/li>\n<li class=\"list-v\">Distinguishes 8 different colored colonies<\/li>\n<li class=\"list-v\">Manual addition and deletion of colonies<\/li>\n<li class=\"list-v\">Can set unwanted (non-countable) area<\/li>\n<li>Camera True Color high definition camera<\/li>\n<li>Camera Resolution 8.29 millions pixels<\/li>\n<li>Counting Software Smart counter software<\/li>\n<li>Colony Size Resolution &gt; 0.1 mm<\/li>\n<li>Colony Color Recognition 8 colors<\/li>\n<li>Applicable Methods Plate Type Spread plate, Pour plate, Membrane filter, Spiral plate<\/li>\n<li>Counting Speed \u2264 5 secs<\/li>\n<li>Light Source Long life dual LED light<\/li>\n<li>Working Temperature 0 to 35\u00b0C<\/li>\n<li>Material ABS plastic<\/li>\n<li>Size of Petri dish &lt; 120 mm<\/li>\n<li>Electrical Supply AC 110 to 220 V, 50 Hz<\/li>\n<li>Host Dimension 290 \u00d7 260 \u00d7 380 mm<\/li>\n<li>Weight 3 kg<\/li>\n<\/ul>\n","protected":false},"excerpt":{"rendered":"<p>Automatischer Kolonienz\u00e4hler zum Z\u00e4hlen der Kolonien auf Petrischalen.<\/p>\n","protected":false},"featured_media":28251,"template":"","meta":{"_crdt_document":""},"product_brand":[],"product_cat":[136],"product_tag":[],"class_list":{"0":"post-28253","1":"product","2":"type-product","3":"status-publish","4":"has-post-thumbnail","6":"product_cat-colony-counter","8":"first","9":"instock","10":"taxable","11":"shipping-taxable","12":"product-type-simple"},"yoast_head":"<!-- This site is optimized with the Yoast SEO plugin v27.4 - https:\/\/yoast.com\/product\/yoast-seo-wordpress\/ -->\n<title>Automatic Colony Counter LZ-ACC-A112 - Sysmatec<\/title>\n<meta name=\"description\" content=\"Automatischer Kolonienz\u00e4hler zum Z\u00e4hlen der Kolonien auf Petrischalen. Es kann Kolonien mit unterschiedlichen Gr\u00f6\u00dfen und unterschiedlichen Farben unterscheiden.\" \/>\n<meta name=\"robots\" content=\"index, follow, max-snippet:-1, max-image-preview:large, max-video-preview:-1\" \/>\n<link rel=\"canonical\" href=\"https:\/\/sysmatec.ch\/en\/product\/automatic-colony-counter-lz-acc-a112\/\" \/>\n<meta property=\"og:locale\" content=\"en_US\" \/>\n<meta property=\"og:type\" content=\"article\" \/>\n<meta property=\"og:title\" content=\"Automatic Colony Counter LZ-ACC-A112 - Sysmatec\" \/>\n<meta property=\"og:description\" content=\"Automatischer Kolonienz\u00e4hler zum Z\u00e4hlen der Kolonien auf Petrischalen. Es kann Kolonien mit unterschiedlichen Gr\u00f6\u00dfen und unterschiedlichen Farben unterscheiden.\" \/>\n<meta property=\"og:url\" content=\"https:\/\/sysmatec.ch\/en\/product\/automatic-colony-counter-lz-acc-a112\/\" \/>\n<meta property=\"og:site_name\" content=\"Sysmatec\" \/>\n<meta property=\"article:modified_time\" content=\"2023-02-04T16:36:17+00:00\" \/>\n<meta property=\"og:image\" content=\"https:\/\/sysmatec.ch\/wp-content\/uploads\/2023\/02\/CompteurColonie_LabozonLZ-ACC-A112.jpg\" \/>\n\t<meta property=\"og:image:width\" content=\"407\" \/>\n\t<meta property=\"og:image:height\" content=\"422\" \/>\n\t<meta property=\"og:image:type\" content=\"image\/jpeg\" \/>\n<meta name=\"twitter:card\" content=\"summary_large_image\" \/>\n<meta name=\"twitter:label1\" content=\"Est. reading time\" \/>\n\t<meta name=\"twitter:data1\" content=\"2 minutes\" \/>\n<script type=\"application\/ld+json\" class=\"yoast-schema-graph\">{\"@context\":\"https:\\\/\\\/schema.org\",\"@graph\":[{\"@type\":\"WebPage\",\"@id\":\"https:\\\/\\\/sysmatec.ch\\\/en\\\/product\\\/automatic-colony-counter-lz-acc-a112\\\/\",\"url\":\"https:\\\/\\\/sysmatec.ch\\\/en\\\/product\\\/automatic-colony-counter-lz-acc-a112\\\/\",\"name\":\"Automatic Colony Counter LZ-ACC-A112 - Sysmatec\",\"isPartOf\":{\"@id\":\"https:\\\/\\\/sysmatec.ch\\\/de\\\/#website\"},\"primaryImageOfPage\":{\"@id\":\"https:\\\/\\\/sysmatec.ch\\\/en\\\/product\\\/automatic-colony-counter-lz-acc-a112\\\/#primaryimage\"},\"image\":{\"@id\":\"https:\\\/\\\/sysmatec.ch\\\/en\\\/product\\\/automatic-colony-counter-lz-acc-a112\\\/#primaryimage\"},\"thumbnailUrl\":\"https:\\\/\\\/sysmatec.ch\\\/wp-content\\\/uploads\\\/2023\\\/02\\\/CompteurColonie_LabozonLZ-ACC-A112.jpg\",\"datePublished\":\"2023-02-04T16:16:01+00:00\",\"dateModified\":\"2023-02-04T16:36:17+00:00\",\"description\":\"Automatischer Kolonienz\u00e4hler zum Z\u00e4hlen der Kolonien auf Petrischalen. Es kann Kolonien mit unterschiedlichen Gr\u00f6\u00dfen und unterschiedlichen Farben unterscheiden.\",\"breadcrumb\":{\"@id\":\"https:\\\/\\\/sysmatec.ch\\\/en\\\/product\\\/automatic-colony-counter-lz-acc-a112\\\/#breadcrumb\"},\"inLanguage\":\"en-US\",\"potentialAction\":[{\"@type\":\"ReadAction\",\"target\":[\"https:\\\/\\\/sysmatec.ch\\\/en\\\/product\\\/automatic-colony-counter-lz-acc-a112\\\/\"]}]},{\"@type\":\"ImageObject\",\"inLanguage\":\"en-US\",\"@id\":\"https:\\\/\\\/sysmatec.ch\\\/en\\\/product\\\/automatic-colony-counter-lz-acc-a112\\\/#primaryimage\",\"url\":\"https:\\\/\\\/sysmatec.ch\\\/wp-content\\\/uploads\\\/2023\\\/02\\\/CompteurColonie_LabozonLZ-ACC-A112.jpg\",\"contentUrl\":\"https:\\\/\\\/sysmatec.ch\\\/wp-content\\\/uploads\\\/2023\\\/02\\\/CompteurColonie_LabozonLZ-ACC-A112.jpg\",\"width\":407,\"height\":422},{\"@type\":\"BreadcrumbList\",\"@id\":\"https:\\\/\\\/sysmatec.ch\\\/en\\\/product\\\/automatic-colony-counter-lz-acc-a112\\\/#breadcrumb\",\"itemListElement\":[{\"@type\":\"ListItem\",\"position\":1,\"name\":\"Accueil\",\"item\":\"https:\\\/\\\/sysmatec.ch\\\/en\\\/\"},{\"@type\":\"ListItem\",\"position\":2,\"name\":\"Sysmatec Activities\",\"item\":\"https:\\\/\\\/sysmatec.ch\\\/en\\\/\"},{\"@type\":\"ListItem\",\"position\":3,\"name\":\"Automatic Colony Counter LZ-ACC-A112\"}]},{\"@type\":\"WebSite\",\"@id\":\"https:\\\/\\\/sysmatec.ch\\\/de\\\/#website\",\"url\":\"https:\\\/\\\/sysmatec.ch\\\/de\\\/\",\"name\":\"Sysmatec\",\"description\":\"Equipement de laboratoire et logiciels\",\"publisher\":{\"@id\":\"https:\\\/\\\/sysmatec.ch\\\/de\\\/#organization\"},\"potentialAction\":[{\"@type\":\"SearchAction\",\"target\":{\"@type\":\"EntryPoint\",\"urlTemplate\":\"https:\\\/\\\/sysmatec.ch\\\/de\\\/?s={search_term_string}\"},\"query-input\":{\"@type\":\"PropertyValueSpecification\",\"valueRequired\":true,\"valueName\":\"search_term_string\"}}],\"inLanguage\":\"en-US\"},{\"@type\":\"Organization\",\"@id\":\"https:\\\/\\\/sysmatec.ch\\\/de\\\/#organization\",\"name\":\"Sysmatec\",\"url\":\"https:\\\/\\\/sysmatec.ch\\\/de\\\/\",\"logo\":{\"@type\":\"ImageObject\",\"inLanguage\":\"en-US\",\"@id\":\"https:\\\/\\\/sysmatec.ch\\\/de\\\/#\\\/schema\\\/logo\\\/image\\\/\",\"url\":\"https:\\\/\\\/sysmatec.ch\\\/wp-content\\\/uploads\\\/2018\\\/11\\\/LogoSysmatec.jpg\",\"contentUrl\":\"https:\\\/\\\/sysmatec.ch\\\/wp-content\\\/uploads\\\/2018\\\/11\\\/LogoSysmatec.jpg\",\"width\":301,\"height\":297,\"caption\":\"Sysmatec\"},\"image\":{\"@id\":\"https:\\\/\\\/sysmatec.ch\\\/de\\\/#\\\/schema\\\/logo\\\/image\\\/\"}}]}<\/script>\n<!-- \/ Yoast SEO plugin. -->","yoast_head_json":{"title":"Automatic Colony Counter LZ-ACC-A112 - Sysmatec","description":"Automatischer Kolonienz\u00e4hler zum Z\u00e4hlen der Kolonien auf Petrischalen. Es kann Kolonien mit unterschiedlichen Gr\u00f6\u00dfen und unterschiedlichen Farben unterscheiden.","robots":{"index":"index","follow":"follow","max-snippet":"max-snippet:-1","max-image-preview":"max-image-preview:large","max-video-preview":"max-video-preview:-1"},"canonical":"https:\/\/sysmatec.ch\/en\/product\/automatic-colony-counter-lz-acc-a112\/","og_locale":"en_US","og_type":"article","og_title":"Automatic Colony Counter LZ-ACC-A112 - Sysmatec","og_description":"Automatischer Kolonienz\u00e4hler zum Z\u00e4hlen der Kolonien auf Petrischalen. Es kann Kolonien mit unterschiedlichen Gr\u00f6\u00dfen und unterschiedlichen Farben unterscheiden.","og_url":"https:\/\/sysmatec.ch\/en\/product\/automatic-colony-counter-lz-acc-a112\/","og_site_name":"Sysmatec","article_modified_time":"2023-02-04T16:36:17+00:00","og_image":[{"width":407,"height":422,"url":"https:\/\/sysmatec.ch\/wp-content\/uploads\/2023\/02\/CompteurColonie_LabozonLZ-ACC-A112.jpg","type":"image\/jpeg"}],"twitter_card":"summary_large_image","twitter_misc":{"Est. reading time":"2 minutes"},"schema":{"@context":"https:\/\/schema.org","@graph":[{"@type":"WebPage","@id":"https:\/\/sysmatec.ch\/en\/product\/automatic-colony-counter-lz-acc-a112\/","url":"https:\/\/sysmatec.ch\/en\/product\/automatic-colony-counter-lz-acc-a112\/","name":"Automatic Colony Counter LZ-ACC-A112 - Sysmatec","isPartOf":{"@id":"https:\/\/sysmatec.ch\/de\/#website"},"primaryImageOfPage":{"@id":"https:\/\/sysmatec.ch\/en\/product\/automatic-colony-counter-lz-acc-a112\/#primaryimage"},"image":{"@id":"https:\/\/sysmatec.ch\/en\/product\/automatic-colony-counter-lz-acc-a112\/#primaryimage"},"thumbnailUrl":"https:\/\/sysmatec.ch\/wp-content\/uploads\/2023\/02\/CompteurColonie_LabozonLZ-ACC-A112.jpg","datePublished":"2023-02-04T16:16:01+00:00","dateModified":"2023-02-04T16:36:17+00:00","description":"Automatischer Kolonienz\u00e4hler zum Z\u00e4hlen der Kolonien auf Petrischalen. Es kann Kolonien mit unterschiedlichen Gr\u00f6\u00dfen und unterschiedlichen Farben unterscheiden.","breadcrumb":{"@id":"https:\/\/sysmatec.ch\/en\/product\/automatic-colony-counter-lz-acc-a112\/#breadcrumb"},"inLanguage":"en-US","potentialAction":[{"@type":"ReadAction","target":["https:\/\/sysmatec.ch\/en\/product\/automatic-colony-counter-lz-acc-a112\/"]}]},{"@type":"ImageObject","inLanguage":"en-US","@id":"https:\/\/sysmatec.ch\/en\/product\/automatic-colony-counter-lz-acc-a112\/#primaryimage","url":"https:\/\/sysmatec.ch\/wp-content\/uploads\/2023\/02\/CompteurColonie_LabozonLZ-ACC-A112.jpg","contentUrl":"https:\/\/sysmatec.ch\/wp-content\/uploads\/2023\/02\/CompteurColonie_LabozonLZ-ACC-A112.jpg","width":407,"height":422},{"@type":"BreadcrumbList","@id":"https:\/\/sysmatec.ch\/en\/product\/automatic-colony-counter-lz-acc-a112\/#breadcrumb","itemListElement":[{"@type":"ListItem","position":1,"name":"Accueil","item":"https:\/\/sysmatec.ch\/en\/"},{"@type":"ListItem","position":2,"name":"Sysmatec Activities","item":"https:\/\/sysmatec.ch\/en\/"},{"@type":"ListItem","position":3,"name":"Automatic Colony Counter LZ-ACC-A112"}]},{"@type":"WebSite","@id":"https:\/\/sysmatec.ch\/de\/#website","url":"https:\/\/sysmatec.ch\/de\/","name":"Sysmatec","description":"Equipement de laboratoire et logiciels","publisher":{"@id":"https:\/\/sysmatec.ch\/de\/#organization"},"potentialAction":[{"@type":"SearchAction","target":{"@type":"EntryPoint","urlTemplate":"https:\/\/sysmatec.ch\/de\/?s={search_term_string}"},"query-input":{"@type":"PropertyValueSpecification","valueRequired":true,"valueName":"search_term_string"}}],"inLanguage":"en-US"},{"@type":"Organization","@id":"https:\/\/sysmatec.ch\/de\/#organization","name":"Sysmatec","url":"https:\/\/sysmatec.ch\/de\/","logo":{"@type":"ImageObject","inLanguage":"en-US","@id":"https:\/\/sysmatec.ch\/de\/#\/schema\/logo\/image\/","url":"https:\/\/sysmatec.ch\/wp-content\/uploads\/2018\/11\/LogoSysmatec.jpg","contentUrl":"https:\/\/sysmatec.ch\/wp-content\/uploads\/2018\/11\/LogoSysmatec.jpg","width":301,"height":297,"caption":"Sysmatec"},"image":{"@id":"https:\/\/sysmatec.ch\/de\/#\/schema\/logo\/image\/"}}]}},"_links":{"self":[{"href":"https:\/\/sysmatec.ch\/en\/wp-json\/wp\/v2\/product\/28253","targetHints":{"allow":["GET"]}}],"collection":[{"href":"https:\/\/sysmatec.ch\/en\/wp-json\/wp\/v2\/product"}],"about":[{"href":"https:\/\/sysmatec.ch\/en\/wp-json\/wp\/v2\/types\/product"}],"wp:featuredmedia":[{"embeddable":true,"href":"https:\/\/sysmatec.ch\/en\/wp-json\/wp\/v2\/media\/28251"}],"wp:attachment":[{"href":"https:\/\/sysmatec.ch\/en\/wp-json\/wp\/v2\/media?parent=28253"}],"wp:term":[{"taxonomy":"product_brand","embeddable":true,"href":"https:\/\/sysmatec.ch\/en\/wp-json\/wp\/v2\/product_brand?post=28253"},{"taxonomy":"product_cat","embeddable":true,"href":"https:\/\/sysmatec.ch\/en\/wp-json\/wp\/v2\/product_cat?post=28253"},{"taxonomy":"product_tag","embeddable":true,"href":"https:\/\/sysmatec.ch\/en\/wp-json\/wp\/v2\/product_tag?post=28253"}],"curies":[{"name":"wp","href":"https:\/\/api.w.org\/{rel}","templated":true}]}}