{"id":2652,"date":"2019-02-10T21:03:13","date_gmt":"2019-02-10T20:03:13","guid":{"rendered":"https:\/\/sysmatec.ch\/produit\/balance-kern-ew-n-eg-n\/"},"modified":"2022-03-05T11:38:26","modified_gmt":"2022-03-05T10:38:26","slug":"balance-kern-ew-n-eg-n","status":"publish","type":"product","link":"https:\/\/sysmatec.ch\/en\/product\/balance-kern-ew-n-eg-n\/","title":{"rendered":"Balance KERN EW-N\/EG-N"},"content":{"rendered":"<ul>\n<li>Balance with robust tuning fork measuring system<\/li>\n<li>Only EG-NM: Internal adjustment by rotary knob on the side. Guarantees high degree of accuracy and makes the balance independent of its location<\/li>\n<li>only EW-NM: Adjusting program CAL for quick setting of the balance accuracy using an external test weight<\/li>\n<li>Capacity display: A bar lights up to show how much of the weighing range is still available<\/li>\n<li>Precise counting: The automatic reference weight optimisation of reference weight gradually improves the averag piece weight value<\/li>\n<li>Totalising of pieces when counting<\/li>\n<li>Draught shield standard for models with weighing plate size \u00d8 118 mm. Removable metal cover with pipette opening, weighing space WxDxH 158\u00d7130\u00d778 mm<\/li>\n<\/ul>\n<table border=\"1\" width=\"636\" cellspacing=\"0\" cellpadding=\"2\">\n<tbody>\n<tr>\n<td>Balance Model<\/td>\n<td width=\"10%\">readout<\/td>\n<td width=\"10%\">range<\/td>\n<td width=\"10%\">reproductibility<\/td>\n<td width=\"10%\">linearity<\/td>\n<td width=\"10%\">plate<\/td>\n<\/tr>\n<tr>\n<td><\/td>\n<td width=\"10%\">g<\/td>\n<td width=\"10%\">g<\/td>\n<td width=\"10%\">g<\/td>\n<td width=\"10%\">g<\/td>\n<td width=\"10%\">mm<\/td>\n<\/tr>\n<tr>\n<td>EW 220-3NM<\/td>\n<td width=\"10%\">0,001<\/td>\n<td width=\"10%\">220<\/td>\n<td width=\"10%\">0,001<\/td>\n<td width=\"10%\">\u00b10,002<\/td>\n<td width=\"10%\">diam. 118<\/td>\n<\/tr>\n<tr>\n<td>EW 420-3NM<\/td>\n<td width=\"10%\">0,001<\/td>\n<td width=\"10%\">420<\/td>\n<td width=\"10%\">0,001<\/td>\n<td width=\"10%\">\u00b10,003<\/td>\n<td width=\"10%\">diam. 118<\/td>\n<\/tr>\n<tr>\n<td>EW 620-2NM<\/td>\n<td width=\"10%\">0,001<\/td>\n<td width=\"10%\">620<\/td>\n<td width=\"10%\">0,001<\/td>\n<td width=\"10%\">\u00b10,003<\/td>\n<td width=\"10%\">diam. 118<\/td>\n<\/tr>\n<tr>\n<td>EW 820-2NM<\/td>\n<td width=\"10%\">0,01<\/td>\n<td width=\"10%\">820<\/td>\n<td width=\"10%\">0,01<\/td>\n<td width=\"10%\">\u00b10,01<\/td>\n<td width=\"10%\">170&#215;142<\/td>\n<\/tr>\n<tr>\n<td>EW 2200-2NM<\/td>\n<td width=\"10%\">0,01<\/td>\n<td width=\"10%\">2200<\/td>\n<td width=\"10%\">0,01<\/td>\n<td width=\"10%\">\u00b10,01<\/td>\n<td width=\"10%\">180&#215;160<\/td>\n<\/tr>\n<tr>\n<td>EW 4200-2NM<\/td>\n<td width=\"10%\">0,01<\/td>\n<td width=\"10%\">4200<\/td>\n<td width=\"10%\">0,01<\/td>\n<td width=\"10%\">\u00b10,02<\/td>\n<td width=\"10%\">180&#215;160<\/td>\n<\/tr>\n<tr>\n<td>EW 6200-2NM<\/td>\n<td width=\"10%\">0,01<\/td>\n<td width=\"10%\">6200<\/td>\n<td width=\"10%\">0,01<\/td>\n<td width=\"10%\">\u00b10,03<\/td>\n<td width=\"10%\">180&#215;160<\/td>\n<\/tr>\n<tr>\n<td>EW 12000-1NM<\/td>\n<td width=\"10%\">0,1<\/td>\n<td width=\"10%\">12000<\/td>\n<td width=\"10%\">0,1<\/td>\n<td width=\"10%\">\u00b10,2<\/td>\n<td width=\"10%\">180&#215;160<\/td>\n<\/tr>\n<tr>\n<td>EG 220-3NM<\/td>\n<td width=\"10%\">0,001<\/td>\n<td width=\"10%\">220<\/td>\n<td width=\"10%\">0,001<\/td>\n<td width=\"10%\">\u00b10,002<\/td>\n<td width=\"10%\">diam. 118<\/td>\n<\/tr>\n<tr>\n<td>EG 420-3NM<\/td>\n<td width=\"10%\">0,001<\/td>\n<td width=\"10%\">420<\/td>\n<td width=\"10%\">0,001<\/td>\n<td width=\"10%\">\u00b10,003<\/td>\n<td width=\"10%\">diam. 118<\/td>\n<\/tr>\n<tr>\n<td>EG 620-3NM<\/td>\n<td width=\"10%\">0,001<\/td>\n<td width=\"10%\">620<\/td>\n<td width=\"10%\">0,001<\/td>\n<td width=\"10%\">\u00b10,003<\/td>\n<td width=\"10%\">diam. 118<\/td>\n<\/tr>\n<tr>\n<td>EG 2200-2NM<\/td>\n<td width=\"10%\">0,01<\/td>\n<td width=\"10%\">2200<\/td>\n<td width=\"10%\">0,01<\/td>\n<td width=\"10%\">\u00b10,01<\/td>\n<td width=\"10%\">180&#215;160<\/td>\n<\/tr>\n<tr>\n<td>EG 4200-2NM<\/td>\n<td width=\"10%\">0,01<\/td>\n<td width=\"10%\">4200<\/td>\n<td width=\"10%\">0,01<\/td>\n<td width=\"10%\">\u00b10,2<\/td>\n<td width=\"10%\">180&#215;160<\/td>\n<\/tr>\n<\/tbody>\n<\/table>\n","protected":false},"excerpt":{"rendered":"<p>Laboratory balance 0-220 g to 0-12000 g<\/p>\n","protected":false},"featured_media":22570,"template":"","meta":{"_crdt_document":""},"product_brand":[],"product_cat":[345,164],"product_tag":[],"class_list":{"0":"post-2652","1":"product","2":"type-product","3":"status-publish","4":"has-post-thumbnail","6":"product_cat-laboratory","7":"product_cat-weight","9":"first","10":"instock","11":"taxable","12":"shipping-taxable","13":"purchasable","14":"product-type-variable"},"yoast_head":"<!-- This site is optimized with the Yoast SEO plugin v27.4 - https:\/\/yoast.com\/product\/yoast-seo-wordpress\/ -->\n<title>Balance KERN EW-N\/EG-N - Sysmatec<\/title>\n<meta name=\"description\" content=\"Compact and easy to use precision laboratory balance. Different versions with ranges from 0-220 to 0-12000 g.\" \/>\n<meta name=\"robots\" content=\"index, follow, max-snippet:-1, max-image-preview:large, max-video-preview:-1\" \/>\n<link rel=\"canonical\" href=\"https:\/\/sysmatec.ch\/en\/produit\/balance-kern-ew-n-eg-n\/\" \/>\n<meta property=\"og:locale\" content=\"en_US\" \/>\n<meta property=\"og:type\" content=\"article\" \/>\n<meta property=\"og:title\" content=\"Balance KERN EW-N\/EG-N - Sysmatec\" \/>\n<meta property=\"og:description\" content=\"Compact and easy to use precision laboratory balance. Different versions with ranges from 0-220 to 0-12000 g.\" \/>\n<meta property=\"og:url\" content=\"https:\/\/sysmatec.ch\/en\/produit\/balance-kern-ew-n-eg-n\/\" \/>\n<meta property=\"og:site_name\" content=\"Sysmatec\" \/>\n<meta property=\"article:modified_time\" content=\"2022-03-05T10:38:26+00:00\" \/>\n<meta property=\"og:image\" content=\"https:\/\/sysmatec.ch\/wp-content\/uploads\/2019\/02\/Balance_EW-N.jpg\" \/>\n\t<meta property=\"og:image:width\" content=\"1716\" \/>\n\t<meta property=\"og:image:height\" content=\"1580\" \/>\n\t<meta property=\"og:image:type\" content=\"image\/jpeg\" \/>\n<meta name=\"twitter:card\" content=\"summary_large_image\" \/>\n<meta name=\"twitter:label1\" content=\"Est. reading time\" \/>\n\t<meta name=\"twitter:data1\" content=\"1 minute\" \/>\n<script type=\"application\/ld+json\" class=\"yoast-schema-graph\">{\"@context\":\"https:\\\/\\\/schema.org\",\"@graph\":[{\"@type\":\"WebPage\",\"@id\":\"https:\\\/\\\/sysmatec.ch\\\/en\\\/produit\\\/balance-kern-ew-n-eg-n\\\/\",\"url\":\"https:\\\/\\\/sysmatec.ch\\\/en\\\/produit\\\/balance-kern-ew-n-eg-n\\\/\",\"name\":\"Balance KERN EW-N\\\/EG-N - Sysmatec\",\"isPartOf\":{\"@id\":\"https:\\\/\\\/sysmatec.ch\\\/de\\\/#website\"},\"primaryImageOfPage\":{\"@id\":\"https:\\\/\\\/sysmatec.ch\\\/en\\\/produit\\\/balance-kern-ew-n-eg-n\\\/#primaryimage\"},\"image\":{\"@id\":\"https:\\\/\\\/sysmatec.ch\\\/en\\\/produit\\\/balance-kern-ew-n-eg-n\\\/#primaryimage\"},\"thumbnailUrl\":\"https:\\\/\\\/sysmatec.ch\\\/wp-content\\\/uploads\\\/2019\\\/02\\\/Balance_EW-N.jpg\",\"datePublished\":\"2019-02-10T20:03:13+00:00\",\"dateModified\":\"2022-03-05T10:38:26+00:00\",\"description\":\"Compact and easy to use precision laboratory balance. Different versions with ranges from 0-220 to 0-12000 g.\",\"breadcrumb\":{\"@id\":\"https:\\\/\\\/sysmatec.ch\\\/en\\\/produit\\\/balance-kern-ew-n-eg-n\\\/#breadcrumb\"},\"inLanguage\":\"en-US\",\"potentialAction\":[{\"@type\":\"ReadAction\",\"target\":[\"https:\\\/\\\/sysmatec.ch\\\/en\\\/produit\\\/balance-kern-ew-n-eg-n\\\/\"]}]},{\"@type\":\"ImageObject\",\"inLanguage\":\"en-US\",\"@id\":\"https:\\\/\\\/sysmatec.ch\\\/en\\\/produit\\\/balance-kern-ew-n-eg-n\\\/#primaryimage\",\"url\":\"https:\\\/\\\/sysmatec.ch\\\/wp-content\\\/uploads\\\/2019\\\/02\\\/Balance_EW-N.jpg\",\"contentUrl\":\"https:\\\/\\\/sysmatec.ch\\\/wp-content\\\/uploads\\\/2019\\\/02\\\/Balance_EW-N.jpg\",\"width\":1716,\"height\":1580,\"caption\":\"OLYMPUS DIGITAL CAMERA\"},{\"@type\":\"BreadcrumbList\",\"@id\":\"https:\\\/\\\/sysmatec.ch\\\/en\\\/produit\\\/balance-kern-ew-n-eg-n\\\/#breadcrumb\",\"itemListElement\":[{\"@type\":\"ListItem\",\"position\":1,\"name\":\"Accueil\",\"item\":\"https:\\\/\\\/sysmatec.ch\\\/en\\\/\"},{\"@type\":\"ListItem\",\"position\":2,\"name\":\"Sysmatec Activities\",\"item\":\"https:\\\/\\\/sysmatec.ch\\\/en\\\/\"},{\"@type\":\"ListItem\",\"position\":3,\"name\":\"Balance KERN EW-N\\\/EG-N\"}]},{\"@type\":\"WebSite\",\"@id\":\"https:\\\/\\\/sysmatec.ch\\\/de\\\/#website\",\"url\":\"https:\\\/\\\/sysmatec.ch\\\/de\\\/\",\"name\":\"Sysmatec\",\"description\":\"Equipement de laboratoire et logiciels\",\"publisher\":{\"@id\":\"https:\\\/\\\/sysmatec.ch\\\/de\\\/#organization\"},\"potentialAction\":[{\"@type\":\"SearchAction\",\"target\":{\"@type\":\"EntryPoint\",\"urlTemplate\":\"https:\\\/\\\/sysmatec.ch\\\/de\\\/?s={search_term_string}\"},\"query-input\":{\"@type\":\"PropertyValueSpecification\",\"valueRequired\":true,\"valueName\":\"search_term_string\"}}],\"inLanguage\":\"en-US\"},{\"@type\":\"Organization\",\"@id\":\"https:\\\/\\\/sysmatec.ch\\\/de\\\/#organization\",\"name\":\"Sysmatec\",\"url\":\"https:\\\/\\\/sysmatec.ch\\\/de\\\/\",\"logo\":{\"@type\":\"ImageObject\",\"inLanguage\":\"en-US\",\"@id\":\"https:\\\/\\\/sysmatec.ch\\\/de\\\/#\\\/schema\\\/logo\\\/image\\\/\",\"url\":\"https:\\\/\\\/sysmatec.ch\\\/wp-content\\\/uploads\\\/2018\\\/11\\\/LogoSysmatec.jpg\",\"contentUrl\":\"https:\\\/\\\/sysmatec.ch\\\/wp-content\\\/uploads\\\/2018\\\/11\\\/LogoSysmatec.jpg\",\"width\":301,\"height\":297,\"caption\":\"Sysmatec\"},\"image\":{\"@id\":\"https:\\\/\\\/sysmatec.ch\\\/de\\\/#\\\/schema\\\/logo\\\/image\\\/\"}}]}<\/script>\n<!-- \/ Yoast SEO plugin. -->","yoast_head_json":{"title":"Balance KERN EW-N\/EG-N - Sysmatec","description":"Compact and easy to use precision laboratory balance. Different versions with ranges from 0-220 to 0-12000 g.","robots":{"index":"index","follow":"follow","max-snippet":"max-snippet:-1","max-image-preview":"max-image-preview:large","max-video-preview":"max-video-preview:-1"},"canonical":"https:\/\/sysmatec.ch\/en\/produit\/balance-kern-ew-n-eg-n\/","og_locale":"en_US","og_type":"article","og_title":"Balance KERN EW-N\/EG-N - Sysmatec","og_description":"Compact and easy to use precision laboratory balance. Different versions with ranges from 0-220 to 0-12000 g.","og_url":"https:\/\/sysmatec.ch\/en\/produit\/balance-kern-ew-n-eg-n\/","og_site_name":"Sysmatec","article_modified_time":"2022-03-05T10:38:26+00:00","og_image":[{"width":1716,"height":1580,"url":"https:\/\/sysmatec.ch\/wp-content\/uploads\/2019\/02\/Balance_EW-N.jpg","type":"image\/jpeg"}],"twitter_card":"summary_large_image","twitter_misc":{"Est. reading time":"1 minute"},"schema":{"@context":"https:\/\/schema.org","@graph":[{"@type":"WebPage","@id":"https:\/\/sysmatec.ch\/en\/produit\/balance-kern-ew-n-eg-n\/","url":"https:\/\/sysmatec.ch\/en\/produit\/balance-kern-ew-n-eg-n\/","name":"Balance KERN EW-N\/EG-N - Sysmatec","isPartOf":{"@id":"https:\/\/sysmatec.ch\/de\/#website"},"primaryImageOfPage":{"@id":"https:\/\/sysmatec.ch\/en\/produit\/balance-kern-ew-n-eg-n\/#primaryimage"},"image":{"@id":"https:\/\/sysmatec.ch\/en\/produit\/balance-kern-ew-n-eg-n\/#primaryimage"},"thumbnailUrl":"https:\/\/sysmatec.ch\/wp-content\/uploads\/2019\/02\/Balance_EW-N.jpg","datePublished":"2019-02-10T20:03:13+00:00","dateModified":"2022-03-05T10:38:26+00:00","description":"Compact and easy to use precision laboratory balance. Different versions with ranges from 0-220 to 0-12000 g.","breadcrumb":{"@id":"https:\/\/sysmatec.ch\/en\/produit\/balance-kern-ew-n-eg-n\/#breadcrumb"},"inLanguage":"en-US","potentialAction":[{"@type":"ReadAction","target":["https:\/\/sysmatec.ch\/en\/produit\/balance-kern-ew-n-eg-n\/"]}]},{"@type":"ImageObject","inLanguage":"en-US","@id":"https:\/\/sysmatec.ch\/en\/produit\/balance-kern-ew-n-eg-n\/#primaryimage","url":"https:\/\/sysmatec.ch\/wp-content\/uploads\/2019\/02\/Balance_EW-N.jpg","contentUrl":"https:\/\/sysmatec.ch\/wp-content\/uploads\/2019\/02\/Balance_EW-N.jpg","width":1716,"height":1580,"caption":"OLYMPUS DIGITAL CAMERA"},{"@type":"BreadcrumbList","@id":"https:\/\/sysmatec.ch\/en\/produit\/balance-kern-ew-n-eg-n\/#breadcrumb","itemListElement":[{"@type":"ListItem","position":1,"name":"Accueil","item":"https:\/\/sysmatec.ch\/en\/"},{"@type":"ListItem","position":2,"name":"Sysmatec Activities","item":"https:\/\/sysmatec.ch\/en\/"},{"@type":"ListItem","position":3,"name":"Balance KERN EW-N\/EG-N"}]},{"@type":"WebSite","@id":"https:\/\/sysmatec.ch\/de\/#website","url":"https:\/\/sysmatec.ch\/de\/","name":"Sysmatec","description":"Equipement de laboratoire et logiciels","publisher":{"@id":"https:\/\/sysmatec.ch\/de\/#organization"},"potentialAction":[{"@type":"SearchAction","target":{"@type":"EntryPoint","urlTemplate":"https:\/\/sysmatec.ch\/de\/?s={search_term_string}"},"query-input":{"@type":"PropertyValueSpecification","valueRequired":true,"valueName":"search_term_string"}}],"inLanguage":"en-US"},{"@type":"Organization","@id":"https:\/\/sysmatec.ch\/de\/#organization","name":"Sysmatec","url":"https:\/\/sysmatec.ch\/de\/","logo":{"@type":"ImageObject","inLanguage":"en-US","@id":"https:\/\/sysmatec.ch\/de\/#\/schema\/logo\/image\/","url":"https:\/\/sysmatec.ch\/wp-content\/uploads\/2018\/11\/LogoSysmatec.jpg","contentUrl":"https:\/\/sysmatec.ch\/wp-content\/uploads\/2018\/11\/LogoSysmatec.jpg","width":301,"height":297,"caption":"Sysmatec"},"image":{"@id":"https:\/\/sysmatec.ch\/de\/#\/schema\/logo\/image\/"}}]}},"_links":{"self":[{"href":"https:\/\/sysmatec.ch\/en\/wp-json\/wp\/v2\/product\/2652","targetHints":{"allow":["GET"]}}],"collection":[{"href":"https:\/\/sysmatec.ch\/en\/wp-json\/wp\/v2\/product"}],"about":[{"href":"https:\/\/sysmatec.ch\/en\/wp-json\/wp\/v2\/types\/product"}],"wp:featuredmedia":[{"embeddable":true,"href":"https:\/\/sysmatec.ch\/en\/wp-json\/wp\/v2\/media\/22570"}],"wp:attachment":[{"href":"https:\/\/sysmatec.ch\/en\/wp-json\/wp\/v2\/media?parent=2652"}],"wp:term":[{"taxonomy":"product_brand","embeddable":true,"href":"https:\/\/sysmatec.ch\/en\/wp-json\/wp\/v2\/product_brand?post=2652"},{"taxonomy":"product_cat","embeddable":true,"href":"https:\/\/sysmatec.ch\/en\/wp-json\/wp\/v2\/product_cat?post=2652"},{"taxonomy":"product_tag","embeddable":true,"href":"https:\/\/sysmatec.ch\/en\/wp-json\/wp\/v2\/product_tag?post=2652"}],"curies":[{"name":"wp","href":"https:\/\/api.w.org\/{rel}","templated":true}]}}