{"id":25624,"date":"2021-07-15T18:41:41","date_gmt":"2021-07-15T16:41:41","guid":{"rendered":"https:\/\/sysmatec.ch\/?post_type=product&#038;p=25624"},"modified":"2021-10-21T22:10:17","modified_gmt":"2021-10-21T20:10:17","slug":"strength-and-homogeneity-meter-novotest-ipsm-utd","status":"publish","type":"product","link":"https:\/\/sysmatec.ch\/en\/product\/strength-and-homogeneity-meter-novotest-ipsm-utd\/","title":{"rendered":"Strength and homogeneity meter NOVOTEST IPSM-U+T+D"},"content":{"rendered":"<p>The device allows controlling the strength and homogeneity of the concrete, brick and other materials under the composition and surface sounding in products and designs for construction projects, inspection of buildings and structures. It has the function of determining the depth of cracks by the surface sounding.<\/p>\n<p>It is designed for<\/p>\n<ul>\n<li>detection of voids, cracks and defects encountered in the production and operation of structures (for process control and inspection of facilities)<\/li>\n<li>control and uniformity of concrete strength (Guidelines MDS 62-2.01), construction and composite materials, structures, bridges and waterworks<\/li>\n<li>measure the depth of cracks in the tested materials<\/li>\n<li>determine the density and elastic modulus fiberglass and so on<\/li>\n<li>definitions of sound index of construction ceramics and abrasives<\/li>\n<li>estimates of the porosity, fracturing and anisotropy of the material<\/li>\n<li>assess the degree of maturity of the concrete in a monolithic concreting<\/li>\n<li>visualize the presence of a signal (A-scan)<\/li>\n<li>possibility of control of concrete (and other) constructions for internal defects, discontinuities<\/li>\n<li>improve the accuracy of measurement of time intervals by allowing manual selection of the moment trip meter<\/li>\n<\/ul>\n<p>Specifications<\/p>\n<ul>\n<li>Range of measurements of the propagation of ultrasonic vibrations: 10 to 9999 \u03bcs<\/li>\n<li>Measurement resolution of the propagation time of ultrasonic vibration: 0.1 \u03bcs<\/li>\n<li>Operating frequency of the ultrasonic oscillations: 50-100 kHz<\/li>\n<li>Base surface sounding measurements: 120 mm<\/li>\n<li>Output voltage: to 600 V<\/li>\n<li>Storage of measurement results: 128 (1000 cells)<\/li>\n<li>Overall dimensions of el. unit: 122x65x23 mm<\/li>\n<li>Operating temperature: -20 to +40 C\u00b0<\/li>\n<li>Power: 2 AA batteries<\/li>\n<li>Time of continuous work: 10 hours<\/li>\n<li>Standard: ASTM C597-16<\/li>\n<\/ul>\n","protected":false},"excerpt":{"rendered":"<p>Ultrasonic Flaw Detector, thickness measurement<\/p>\n","protected":false},"featured_media":25630,"template":"","meta":{"_crdt_document":""},"product_brand":[],"product_cat":[179,311],"product_tag":[],"class_list":{"0":"post-25624","1":"product","2":"type-product","3":"status-publish","4":"has-post-thumbnail","6":"product_cat-measurement","7":"product_cat-thickness","9":"first","10":"instock","11":"taxable","12":"shipping-taxable","13":"product-type-simple"},"yoast_head":"<!-- This site is optimized with the Yoast SEO plugin v27.4 - https:\/\/yoast.com\/product\/yoast-seo-wordpress\/ -->\n<title>Strength and homogeneity meter NOVOTEST IPSM-U+T+D - Sysmatec<\/title>\n<meta name=\"description\" content=\"Device for measuring the resistance, the homogeneity of concrete and its defects. Ultrasound measurement.\" \/>\n<meta name=\"robots\" content=\"index, follow, max-snippet:-1, max-image-preview:large, max-video-preview:-1\" \/>\n<link rel=\"canonical\" href=\"https:\/\/sysmatec.ch\/en\/produit\/strength-and-homogeneity-meter-novotest-ipsm-utd\/\" \/>\n<meta property=\"og:locale\" content=\"en_US\" \/>\n<meta property=\"og:type\" content=\"article\" \/>\n<meta property=\"og:title\" content=\"Strength and homogeneity meter NOVOTEST IPSM-U+T+D - Sysmatec\" \/>\n<meta property=\"og:description\" content=\"Device for measuring the resistance, the homogeneity of concrete and its defects. Ultrasound measurement.\" \/>\n<meta property=\"og:url\" content=\"https:\/\/sysmatec.ch\/en\/produit\/strength-and-homogeneity-meter-novotest-ipsm-utd\/\" \/>\n<meta property=\"og:site_name\" content=\"Sysmatec\" \/>\n<meta property=\"article:modified_time\" content=\"2021-10-21T20:10:17+00:00\" \/>\n<meta property=\"og:image\" content=\"https:\/\/sysmatec.ch\/wp-content\/uploads\/2021\/07\/DetecteurBeton_NovotestIPSM.jpg\" \/>\n\t<meta property=\"og:image:width\" content=\"1000\" \/>\n\t<meta property=\"og:image:height\" content=\"1000\" \/>\n\t<meta property=\"og:image:type\" content=\"image\/jpeg\" \/>\n<meta name=\"twitter:card\" content=\"summary_large_image\" \/>\n<meta name=\"twitter:label1\" content=\"Est. reading time\" \/>\n\t<meta name=\"twitter:data1\" content=\"2 minutes\" \/>\n<script type=\"application\/ld+json\" class=\"yoast-schema-graph\">{\"@context\":\"https:\\\/\\\/schema.org\",\"@graph\":[{\"@type\":\"WebPage\",\"@id\":\"https:\\\/\\\/sysmatec.ch\\\/en\\\/produit\\\/strength-and-homogeneity-meter-novotest-ipsm-utd\\\/\",\"url\":\"https:\\\/\\\/sysmatec.ch\\\/en\\\/produit\\\/strength-and-homogeneity-meter-novotest-ipsm-utd\\\/\",\"name\":\"Strength and homogeneity meter NOVOTEST IPSM-U+T+D - Sysmatec\",\"isPartOf\":{\"@id\":\"https:\\\/\\\/sysmatec.ch\\\/de\\\/#website\"},\"primaryImageOfPage\":{\"@id\":\"https:\\\/\\\/sysmatec.ch\\\/en\\\/produit\\\/strength-and-homogeneity-meter-novotest-ipsm-utd\\\/#primaryimage\"},\"image\":{\"@id\":\"https:\\\/\\\/sysmatec.ch\\\/en\\\/produit\\\/strength-and-homogeneity-meter-novotest-ipsm-utd\\\/#primaryimage\"},\"thumbnailUrl\":\"https:\\\/\\\/sysmatec.ch\\\/wp-content\\\/uploads\\\/2021\\\/07\\\/DetecteurBeton_NovotestIPSM.jpg\",\"datePublished\":\"2021-07-15T16:41:41+00:00\",\"dateModified\":\"2021-10-21T20:10:17+00:00\",\"description\":\"Device for measuring the resistance, the homogeneity of concrete and its defects. Ultrasound measurement.\",\"breadcrumb\":{\"@id\":\"https:\\\/\\\/sysmatec.ch\\\/en\\\/produit\\\/strength-and-homogeneity-meter-novotest-ipsm-utd\\\/#breadcrumb\"},\"inLanguage\":\"en-US\",\"potentialAction\":[{\"@type\":\"ReadAction\",\"target\":[\"https:\\\/\\\/sysmatec.ch\\\/en\\\/produit\\\/strength-and-homogeneity-meter-novotest-ipsm-utd\\\/\"]}]},{\"@type\":\"ImageObject\",\"inLanguage\":\"en-US\",\"@id\":\"https:\\\/\\\/sysmatec.ch\\\/en\\\/produit\\\/strength-and-homogeneity-meter-novotest-ipsm-utd\\\/#primaryimage\",\"url\":\"https:\\\/\\\/sysmatec.ch\\\/wp-content\\\/uploads\\\/2021\\\/07\\\/DetecteurBeton_NovotestIPSM.jpg\",\"contentUrl\":\"https:\\\/\\\/sysmatec.ch\\\/wp-content\\\/uploads\\\/2021\\\/07\\\/DetecteurBeton_NovotestIPSM.jpg\",\"width\":1000,\"height\":1000,\"caption\":\"D\u00e9tecteur de l'homog\u00e9n\u00e9it\u00e9 du b\u00e9ton\"},{\"@type\":\"BreadcrumbList\",\"@id\":\"https:\\\/\\\/sysmatec.ch\\\/en\\\/produit\\\/strength-and-homogeneity-meter-novotest-ipsm-utd\\\/#breadcrumb\",\"itemListElement\":[{\"@type\":\"ListItem\",\"position\":1,\"name\":\"Accueil\",\"item\":\"https:\\\/\\\/sysmatec.ch\\\/en\\\/\"},{\"@type\":\"ListItem\",\"position\":2,\"name\":\"Sysmatec Activities\",\"item\":\"https:\\\/\\\/sysmatec.ch\\\/en\\\/\"},{\"@type\":\"ListItem\",\"position\":3,\"name\":\"Strength and homogeneity meter NOVOTEST IPSM-U+T+D\"}]},{\"@type\":\"WebSite\",\"@id\":\"https:\\\/\\\/sysmatec.ch\\\/de\\\/#website\",\"url\":\"https:\\\/\\\/sysmatec.ch\\\/de\\\/\",\"name\":\"Sysmatec\",\"description\":\"Equipement de laboratoire et logiciels\",\"publisher\":{\"@id\":\"https:\\\/\\\/sysmatec.ch\\\/de\\\/#organization\"},\"potentialAction\":[{\"@type\":\"SearchAction\",\"target\":{\"@type\":\"EntryPoint\",\"urlTemplate\":\"https:\\\/\\\/sysmatec.ch\\\/de\\\/?s={search_term_string}\"},\"query-input\":{\"@type\":\"PropertyValueSpecification\",\"valueRequired\":true,\"valueName\":\"search_term_string\"}}],\"inLanguage\":\"en-US\"},{\"@type\":\"Organization\",\"@id\":\"https:\\\/\\\/sysmatec.ch\\\/de\\\/#organization\",\"name\":\"Sysmatec\",\"url\":\"https:\\\/\\\/sysmatec.ch\\\/de\\\/\",\"logo\":{\"@type\":\"ImageObject\",\"inLanguage\":\"en-US\",\"@id\":\"https:\\\/\\\/sysmatec.ch\\\/de\\\/#\\\/schema\\\/logo\\\/image\\\/\",\"url\":\"https:\\\/\\\/sysmatec.ch\\\/wp-content\\\/uploads\\\/2018\\\/11\\\/LogoSysmatec.jpg\",\"contentUrl\":\"https:\\\/\\\/sysmatec.ch\\\/wp-content\\\/uploads\\\/2018\\\/11\\\/LogoSysmatec.jpg\",\"width\":301,\"height\":297,\"caption\":\"Sysmatec\"},\"image\":{\"@id\":\"https:\\\/\\\/sysmatec.ch\\\/de\\\/#\\\/schema\\\/logo\\\/image\\\/\"}}]}<\/script>\n<!-- \/ Yoast SEO plugin. -->","yoast_head_json":{"title":"Strength and homogeneity meter NOVOTEST IPSM-U+T+D - Sysmatec","description":"Device for measuring the resistance, the homogeneity of concrete and its defects. Ultrasound measurement.","robots":{"index":"index","follow":"follow","max-snippet":"max-snippet:-1","max-image-preview":"max-image-preview:large","max-video-preview":"max-video-preview:-1"},"canonical":"https:\/\/sysmatec.ch\/en\/produit\/strength-and-homogeneity-meter-novotest-ipsm-utd\/","og_locale":"en_US","og_type":"article","og_title":"Strength and homogeneity meter NOVOTEST IPSM-U+T+D - Sysmatec","og_description":"Device for measuring the resistance, the homogeneity of concrete and its defects. Ultrasound measurement.","og_url":"https:\/\/sysmatec.ch\/en\/produit\/strength-and-homogeneity-meter-novotest-ipsm-utd\/","og_site_name":"Sysmatec","article_modified_time":"2021-10-21T20:10:17+00:00","og_image":[{"width":1000,"height":1000,"url":"https:\/\/sysmatec.ch\/wp-content\/uploads\/2021\/07\/DetecteurBeton_NovotestIPSM.jpg","type":"image\/jpeg"}],"twitter_card":"summary_large_image","twitter_misc":{"Est. reading time":"2 minutes"},"schema":{"@context":"https:\/\/schema.org","@graph":[{"@type":"WebPage","@id":"https:\/\/sysmatec.ch\/en\/produit\/strength-and-homogeneity-meter-novotest-ipsm-utd\/","url":"https:\/\/sysmatec.ch\/en\/produit\/strength-and-homogeneity-meter-novotest-ipsm-utd\/","name":"Strength and homogeneity meter NOVOTEST IPSM-U+T+D - Sysmatec","isPartOf":{"@id":"https:\/\/sysmatec.ch\/de\/#website"},"primaryImageOfPage":{"@id":"https:\/\/sysmatec.ch\/en\/produit\/strength-and-homogeneity-meter-novotest-ipsm-utd\/#primaryimage"},"image":{"@id":"https:\/\/sysmatec.ch\/en\/produit\/strength-and-homogeneity-meter-novotest-ipsm-utd\/#primaryimage"},"thumbnailUrl":"https:\/\/sysmatec.ch\/wp-content\/uploads\/2021\/07\/DetecteurBeton_NovotestIPSM.jpg","datePublished":"2021-07-15T16:41:41+00:00","dateModified":"2021-10-21T20:10:17+00:00","description":"Device for measuring the resistance, the homogeneity of concrete and its defects. Ultrasound measurement.","breadcrumb":{"@id":"https:\/\/sysmatec.ch\/en\/produit\/strength-and-homogeneity-meter-novotest-ipsm-utd\/#breadcrumb"},"inLanguage":"en-US","potentialAction":[{"@type":"ReadAction","target":["https:\/\/sysmatec.ch\/en\/produit\/strength-and-homogeneity-meter-novotest-ipsm-utd\/"]}]},{"@type":"ImageObject","inLanguage":"en-US","@id":"https:\/\/sysmatec.ch\/en\/produit\/strength-and-homogeneity-meter-novotest-ipsm-utd\/#primaryimage","url":"https:\/\/sysmatec.ch\/wp-content\/uploads\/2021\/07\/DetecteurBeton_NovotestIPSM.jpg","contentUrl":"https:\/\/sysmatec.ch\/wp-content\/uploads\/2021\/07\/DetecteurBeton_NovotestIPSM.jpg","width":1000,"height":1000,"caption":"D\u00e9tecteur de l'homog\u00e9n\u00e9it\u00e9 du b\u00e9ton"},{"@type":"BreadcrumbList","@id":"https:\/\/sysmatec.ch\/en\/produit\/strength-and-homogeneity-meter-novotest-ipsm-utd\/#breadcrumb","itemListElement":[{"@type":"ListItem","position":1,"name":"Accueil","item":"https:\/\/sysmatec.ch\/en\/"},{"@type":"ListItem","position":2,"name":"Sysmatec Activities","item":"https:\/\/sysmatec.ch\/en\/"},{"@type":"ListItem","position":3,"name":"Strength and homogeneity meter NOVOTEST IPSM-U+T+D"}]},{"@type":"WebSite","@id":"https:\/\/sysmatec.ch\/de\/#website","url":"https:\/\/sysmatec.ch\/de\/","name":"Sysmatec","description":"Equipement de laboratoire et logiciels","publisher":{"@id":"https:\/\/sysmatec.ch\/de\/#organization"},"potentialAction":[{"@type":"SearchAction","target":{"@type":"EntryPoint","urlTemplate":"https:\/\/sysmatec.ch\/de\/?s={search_term_string}"},"query-input":{"@type":"PropertyValueSpecification","valueRequired":true,"valueName":"search_term_string"}}],"inLanguage":"en-US"},{"@type":"Organization","@id":"https:\/\/sysmatec.ch\/de\/#organization","name":"Sysmatec","url":"https:\/\/sysmatec.ch\/de\/","logo":{"@type":"ImageObject","inLanguage":"en-US","@id":"https:\/\/sysmatec.ch\/de\/#\/schema\/logo\/image\/","url":"https:\/\/sysmatec.ch\/wp-content\/uploads\/2018\/11\/LogoSysmatec.jpg","contentUrl":"https:\/\/sysmatec.ch\/wp-content\/uploads\/2018\/11\/LogoSysmatec.jpg","width":301,"height":297,"caption":"Sysmatec"},"image":{"@id":"https:\/\/sysmatec.ch\/de\/#\/schema\/logo\/image\/"}}]}},"_links":{"self":[{"href":"https:\/\/sysmatec.ch\/en\/wp-json\/wp\/v2\/product\/25624","targetHints":{"allow":["GET"]}}],"collection":[{"href":"https:\/\/sysmatec.ch\/en\/wp-json\/wp\/v2\/product"}],"about":[{"href":"https:\/\/sysmatec.ch\/en\/wp-json\/wp\/v2\/types\/product"}],"wp:featuredmedia":[{"embeddable":true,"href":"https:\/\/sysmatec.ch\/en\/wp-json\/wp\/v2\/media\/25630"}],"wp:attachment":[{"href":"https:\/\/sysmatec.ch\/en\/wp-json\/wp\/v2\/media?parent=25624"}],"wp:term":[{"taxonomy":"product_brand","embeddable":true,"href":"https:\/\/sysmatec.ch\/en\/wp-json\/wp\/v2\/product_brand?post=25624"},{"taxonomy":"product_cat","embeddable":true,"href":"https:\/\/sysmatec.ch\/en\/wp-json\/wp\/v2\/product_cat?post=25624"},{"taxonomy":"product_tag","embeddable":true,"href":"https:\/\/sysmatec.ch\/en\/wp-json\/wp\/v2\/product_tag?post=25624"}],"curies":[{"name":"wp","href":"https:\/\/api.w.org\/{rel}","templated":true}]}}