{"id":24839,"date":"2021-04-07T21:12:34","date_gmt":"2021-04-07T19:12:34","guid":{"rendered":"https:\/\/sysmatec.ch\/?post_type=product&#038;p=24839"},"modified":"2021-11-22T09:21:35","modified_gmt":"2021-11-22T08:21:35","slug":"crochet-peseur-hfo","status":"publish","type":"product","link":"https:\/\/sysmatec.ch\/en\/product\/crochet-peseur-hfo\/","title":{"rendered":"Crane scale HFO"},"content":{"rendered":"<ul id=\"kernList1\">\n<li>\n<div id=\"verweis_01\">With the T\u00dcV\u00a0<a>certification<\/a>\u00a0mark, the scale meets the requirements of the standard EN 13155 (Non-fixed load lifting attachments\/Breakage resistance) and EN 61010-1 (Electrical safety)<\/div>\n<\/li>\n<li>Professional device for robust applications in production, quality control, logistics etc.<\/li>\n<li>Because of its stable construction and robust design, it is ideal for continuous use in industrial environment<\/li>\n<li>High mobility: thanks to battery operation, compact construction and low weight, it is suitable for use in several locations (production, warehouse, dispatch department etc.)<\/li>\n<li>Adaptation to unstable environmental conditions by changing the readability<\/li>\n<li>High resolution\u00a0<a>readout<\/a>: Read-out [d] for 5 sec increased by one decimal place at the touch of a key, only for models with EC type approval<\/li>\n<li>Hold function: When the weighing value remains unchanged the weight indicated on the display is automatically &#8220;frozen&#8221; until the HOLD key is pressed<\/li>\n<li>Tare: Resets the display to &#8220;0&#8221; when there is a load on the scale. Now removed or added loads are directly displayed<\/li>\n<li>Hook with safety catch, revolving<\/li>\n<li>\n<div id=\"verweis_02\">\u00a0Radio remote control[\/] standard. Range up to 20 m. All functions can be selected (excl. ON\/OFF). W\u00d7D\u00d7H 48\u00d710\u00d795 mm. Batteries included, 2\u00d71,5 V AAA<\/div>\n<\/li>\n<li>Superior display size, digit height 30 mm, bright with high contrast for the easy reading of weighing results, even under poor lighting conditios<\/li>\n<li>Rechargeable battery pack internal, standard, operating time up to h without backlight, charging time approx. 14 h<\/li>\n<\/ul>\n<table border=\"1\" width=\"511\" cellspacing=\"0\" cellpadding=\"2\">\n<tbody>\n<tr>\n<td>Balance model<\/td>\n<td width=\"10%\">Readability<\/td>\n<td width=\"10%\">Weighing capacity<\/td>\n<\/tr>\n<tr>\n<td><\/td>\n<td width=\"10%\">g<\/td>\n<td width=\"10%\">kg<\/td>\n<\/tr>\n<tr>\n<td>HFO 1.5T0.5M<\/td>\n<td width=\"10%\">500<\/td>\n<td width=\"10%\">1500<\/td>\n<\/tr>\n<tr>\n<td>HFO 3T1M<\/td>\n<td width=\"10%\">1000<\/td>\n<td width=\"10%\">3000<\/td>\n<\/tr>\n<tr>\n<td><\/td>\n<td width=\"10%\"><\/td>\n<td width=\"10%\"><\/td>\n<\/tr>\n<\/tbody>\n<\/table>\n","protected":false},"excerpt":{"rendered":"<p><span class=\"VIiyi\" lang=\"en\"><span class=\"JLqJ4b ChMk0b\" data-language-for-alternatives=\"en\" data-language-to-translate-into=\"fr\" data-phrase-index=\"0\">Hanging balance with hook, for weight range 0-1000 kg to 0-10000 kg, battery operated for mobile use. High resolution. Bright LED display. Radio remote control. EC type approval M<\/span><\/span><\/p>\n","protected":false},"featured_media":24853,"template":"","meta":{"_crdt_document":""},"product_brand":[],"product_cat":[342,164],"product_tag":[],"class_list":{"0":"post-24839","1":"product","2":"type-product","3":"status-publish","4":"has-post-thumbnail","6":"product_cat-mobile-en","7":"product_cat-weight","9":"first","10":"instock","11":"taxable","12":"shipping-taxable","13":"purchasable","14":"product-type-variable"},"yoast_head":"<!-- This site is optimized with the Yoast SEO plugin v27.3 - https:\/\/yoast.com\/product\/yoast-seo-wordpress\/ -->\n<title>Crane scale HFO - Sysmatec<\/title>\n<meta name=\"description\" content=\"Dynamometer or crane scale with backlit screen, homologable, with remote control, for the 0 to 3 ton range.\" \/>\n<meta name=\"robots\" content=\"index, follow, max-snippet:-1, max-image-preview:large, max-video-preview:-1\" \/>\n<link rel=\"canonical\" href=\"https:\/\/sysmatec.ch\/en\/produit\/crochet-peseur-hfo\/\" \/>\n<meta property=\"og:locale\" content=\"en_US\" \/>\n<meta property=\"og:type\" content=\"article\" \/>\n<meta property=\"og:title\" content=\"Crane scale HFO - Sysmatec\" \/>\n<meta property=\"og:description\" content=\"Dynamometer or crane scale with backlit screen, homologable, with remote control, for the 0 to 3 ton range.\" \/>\n<meta property=\"og:url\" content=\"https:\/\/sysmatec.ch\/en\/produit\/crochet-peseur-hfo\/\" \/>\n<meta property=\"og:site_name\" content=\"Sysmatec\" \/>\n<meta property=\"article:modified_time\" content=\"2021-11-22T08:21:35+00:00\" \/>\n<meta property=\"og:image\" content=\"https:\/\/sysmatec.ch\/wp-content\/uploads\/2021\/04\/Balance_HFO-1.5T0.5M-scaled.jpg\" \/>\n\t<meta property=\"og:image:width\" content=\"1278\" \/>\n\t<meta property=\"og:image:height\" content=\"2560\" \/>\n\t<meta property=\"og:image:type\" content=\"image\/jpeg\" \/>\n<meta name=\"twitter:card\" content=\"summary_large_image\" \/>\n<meta name=\"twitter:label1\" content=\"Est. reading time\" \/>\n\t<meta name=\"twitter:data1\" content=\"2 minutes\" \/>\n<script type=\"application\/ld+json\" class=\"yoast-schema-graph\">{\"@context\":\"https:\\\/\\\/schema.org\",\"@graph\":[{\"@type\":\"WebPage\",\"@id\":\"https:\\\/\\\/sysmatec.ch\\\/en\\\/produit\\\/crochet-peseur-hfo\\\/\",\"url\":\"https:\\\/\\\/sysmatec.ch\\\/en\\\/produit\\\/crochet-peseur-hfo\\\/\",\"name\":\"Crane scale HFO - Sysmatec\",\"isPartOf\":{\"@id\":\"https:\\\/\\\/sysmatec.ch\\\/de\\\/#website\"},\"primaryImageOfPage\":{\"@id\":\"https:\\\/\\\/sysmatec.ch\\\/en\\\/produit\\\/crochet-peseur-hfo\\\/#primaryimage\"},\"image\":{\"@id\":\"https:\\\/\\\/sysmatec.ch\\\/en\\\/produit\\\/crochet-peseur-hfo\\\/#primaryimage\"},\"thumbnailUrl\":\"https:\\\/\\\/sysmatec.ch\\\/wp-content\\\/uploads\\\/2021\\\/04\\\/Balance_HFO-1.5T0.5M-scaled.jpg\",\"datePublished\":\"2021-04-07T19:12:34+00:00\",\"dateModified\":\"2021-11-22T08:21:35+00:00\",\"description\":\"Dynamometer or crane scale with backlit screen, homologable, with remote control, for the 0 to 3 ton range.\",\"breadcrumb\":{\"@id\":\"https:\\\/\\\/sysmatec.ch\\\/en\\\/produit\\\/crochet-peseur-hfo\\\/#breadcrumb\"},\"inLanguage\":\"en-US\",\"potentialAction\":[{\"@type\":\"ReadAction\",\"target\":[\"https:\\\/\\\/sysmatec.ch\\\/en\\\/produit\\\/crochet-peseur-hfo\\\/\"]}]},{\"@type\":\"ImageObject\",\"inLanguage\":\"en-US\",\"@id\":\"https:\\\/\\\/sysmatec.ch\\\/en\\\/produit\\\/crochet-peseur-hfo\\\/#primaryimage\",\"url\":\"https:\\\/\\\/sysmatec.ch\\\/wp-content\\\/uploads\\\/2021\\\/04\\\/Balance_HFO-1.5T0.5M-scaled.jpg\",\"contentUrl\":\"https:\\\/\\\/sysmatec.ch\\\/wp-content\\\/uploads\\\/2021\\\/04\\\/Balance_HFO-1.5T0.5M-scaled.jpg\",\"width\":1278,\"height\":2560},{\"@type\":\"BreadcrumbList\",\"@id\":\"https:\\\/\\\/sysmatec.ch\\\/en\\\/produit\\\/crochet-peseur-hfo\\\/#breadcrumb\",\"itemListElement\":[{\"@type\":\"ListItem\",\"position\":1,\"name\":\"Accueil\",\"item\":\"https:\\\/\\\/sysmatec.ch\\\/en\\\/\"},{\"@type\":\"ListItem\",\"position\":2,\"name\":\"Sysmatec Activities\",\"item\":\"https:\\\/\\\/sysmatec.ch\\\/en\\\/\"},{\"@type\":\"ListItem\",\"position\":3,\"name\":\"Crane scale HFO\"}]},{\"@type\":\"WebSite\",\"@id\":\"https:\\\/\\\/sysmatec.ch\\\/de\\\/#website\",\"url\":\"https:\\\/\\\/sysmatec.ch\\\/de\\\/\",\"name\":\"Sysmatec\",\"description\":\"Equipement de laboratoire et logiciels\",\"publisher\":{\"@id\":\"https:\\\/\\\/sysmatec.ch\\\/de\\\/#organization\"},\"potentialAction\":[{\"@type\":\"SearchAction\",\"target\":{\"@type\":\"EntryPoint\",\"urlTemplate\":\"https:\\\/\\\/sysmatec.ch\\\/de\\\/?s={search_term_string}\"},\"query-input\":{\"@type\":\"PropertyValueSpecification\",\"valueRequired\":true,\"valueName\":\"search_term_string\"}}],\"inLanguage\":\"en-US\"},{\"@type\":\"Organization\",\"@id\":\"https:\\\/\\\/sysmatec.ch\\\/de\\\/#organization\",\"name\":\"Sysmatec\",\"url\":\"https:\\\/\\\/sysmatec.ch\\\/de\\\/\",\"logo\":{\"@type\":\"ImageObject\",\"inLanguage\":\"en-US\",\"@id\":\"https:\\\/\\\/sysmatec.ch\\\/de\\\/#\\\/schema\\\/logo\\\/image\\\/\",\"url\":\"https:\\\/\\\/sysmatec.ch\\\/wp-content\\\/uploads\\\/2018\\\/11\\\/LogoSysmatec.jpg\",\"contentUrl\":\"https:\\\/\\\/sysmatec.ch\\\/wp-content\\\/uploads\\\/2018\\\/11\\\/LogoSysmatec.jpg\",\"width\":301,\"height\":297,\"caption\":\"Sysmatec\"},\"image\":{\"@id\":\"https:\\\/\\\/sysmatec.ch\\\/de\\\/#\\\/schema\\\/logo\\\/image\\\/\"}}]}<\/script>\n<!-- \/ Yoast SEO plugin. -->","yoast_head_json":{"title":"Crane scale HFO - Sysmatec","description":"Dynamometer or crane scale with backlit screen, homologable, with remote control, for the 0 to 3 ton range.","robots":{"index":"index","follow":"follow","max-snippet":"max-snippet:-1","max-image-preview":"max-image-preview:large","max-video-preview":"max-video-preview:-1"},"canonical":"https:\/\/sysmatec.ch\/en\/produit\/crochet-peseur-hfo\/","og_locale":"en_US","og_type":"article","og_title":"Crane scale HFO - Sysmatec","og_description":"Dynamometer or crane scale with backlit screen, homologable, with remote control, for the 0 to 3 ton range.","og_url":"https:\/\/sysmatec.ch\/en\/produit\/crochet-peseur-hfo\/","og_site_name":"Sysmatec","article_modified_time":"2021-11-22T08:21:35+00:00","og_image":[{"width":1278,"height":2560,"url":"https:\/\/sysmatec.ch\/wp-content\/uploads\/2021\/04\/Balance_HFO-1.5T0.5M-scaled.jpg","type":"image\/jpeg"}],"twitter_card":"summary_large_image","twitter_misc":{"Est. reading time":"2 minutes"},"schema":{"@context":"https:\/\/schema.org","@graph":[{"@type":"WebPage","@id":"https:\/\/sysmatec.ch\/en\/produit\/crochet-peseur-hfo\/","url":"https:\/\/sysmatec.ch\/en\/produit\/crochet-peseur-hfo\/","name":"Crane scale HFO - Sysmatec","isPartOf":{"@id":"https:\/\/sysmatec.ch\/de\/#website"},"primaryImageOfPage":{"@id":"https:\/\/sysmatec.ch\/en\/produit\/crochet-peseur-hfo\/#primaryimage"},"image":{"@id":"https:\/\/sysmatec.ch\/en\/produit\/crochet-peseur-hfo\/#primaryimage"},"thumbnailUrl":"https:\/\/sysmatec.ch\/wp-content\/uploads\/2021\/04\/Balance_HFO-1.5T0.5M-scaled.jpg","datePublished":"2021-04-07T19:12:34+00:00","dateModified":"2021-11-22T08:21:35+00:00","description":"Dynamometer or crane scale with backlit screen, homologable, with remote control, for the 0 to 3 ton range.","breadcrumb":{"@id":"https:\/\/sysmatec.ch\/en\/produit\/crochet-peseur-hfo\/#breadcrumb"},"inLanguage":"en-US","potentialAction":[{"@type":"ReadAction","target":["https:\/\/sysmatec.ch\/en\/produit\/crochet-peseur-hfo\/"]}]},{"@type":"ImageObject","inLanguage":"en-US","@id":"https:\/\/sysmatec.ch\/en\/produit\/crochet-peseur-hfo\/#primaryimage","url":"https:\/\/sysmatec.ch\/wp-content\/uploads\/2021\/04\/Balance_HFO-1.5T0.5M-scaled.jpg","contentUrl":"https:\/\/sysmatec.ch\/wp-content\/uploads\/2021\/04\/Balance_HFO-1.5T0.5M-scaled.jpg","width":1278,"height":2560},{"@type":"BreadcrumbList","@id":"https:\/\/sysmatec.ch\/en\/produit\/crochet-peseur-hfo\/#breadcrumb","itemListElement":[{"@type":"ListItem","position":1,"name":"Accueil","item":"https:\/\/sysmatec.ch\/en\/"},{"@type":"ListItem","position":2,"name":"Sysmatec Activities","item":"https:\/\/sysmatec.ch\/en\/"},{"@type":"ListItem","position":3,"name":"Crane scale HFO"}]},{"@type":"WebSite","@id":"https:\/\/sysmatec.ch\/de\/#website","url":"https:\/\/sysmatec.ch\/de\/","name":"Sysmatec","description":"Equipement de laboratoire et logiciels","publisher":{"@id":"https:\/\/sysmatec.ch\/de\/#organization"},"potentialAction":[{"@type":"SearchAction","target":{"@type":"EntryPoint","urlTemplate":"https:\/\/sysmatec.ch\/de\/?s={search_term_string}"},"query-input":{"@type":"PropertyValueSpecification","valueRequired":true,"valueName":"search_term_string"}}],"inLanguage":"en-US"},{"@type":"Organization","@id":"https:\/\/sysmatec.ch\/de\/#organization","name":"Sysmatec","url":"https:\/\/sysmatec.ch\/de\/","logo":{"@type":"ImageObject","inLanguage":"en-US","@id":"https:\/\/sysmatec.ch\/de\/#\/schema\/logo\/image\/","url":"https:\/\/sysmatec.ch\/wp-content\/uploads\/2018\/11\/LogoSysmatec.jpg","contentUrl":"https:\/\/sysmatec.ch\/wp-content\/uploads\/2018\/11\/LogoSysmatec.jpg","width":301,"height":297,"caption":"Sysmatec"},"image":{"@id":"https:\/\/sysmatec.ch\/de\/#\/schema\/logo\/image\/"}}]}},"_links":{"self":[{"href":"https:\/\/sysmatec.ch\/en\/wp-json\/wp\/v2\/product\/24839","targetHints":{"allow":["GET"]}}],"collection":[{"href":"https:\/\/sysmatec.ch\/en\/wp-json\/wp\/v2\/product"}],"about":[{"href":"https:\/\/sysmatec.ch\/en\/wp-json\/wp\/v2\/types\/product"}],"wp:featuredmedia":[{"embeddable":true,"href":"https:\/\/sysmatec.ch\/en\/wp-json\/wp\/v2\/media\/24853"}],"wp:attachment":[{"href":"https:\/\/sysmatec.ch\/en\/wp-json\/wp\/v2\/media?parent=24839"}],"wp:term":[{"taxonomy":"product_brand","embeddable":true,"href":"https:\/\/sysmatec.ch\/en\/wp-json\/wp\/v2\/product_brand?post=24839"},{"taxonomy":"product_cat","embeddable":true,"href":"https:\/\/sysmatec.ch\/en\/wp-json\/wp\/v2\/product_cat?post=24839"},{"taxonomy":"product_tag","embeddable":true,"href":"https:\/\/sysmatec.ch\/en\/wp-json\/wp\/v2\/product_tag?post=24839"}],"curies":[{"name":"wp","href":"https:\/\/api.w.org\/{rel}","templated":true}]}}