{"id":24730,"date":"2021-04-07T18:39:12","date_gmt":"2021-04-07T16:39:12","guid":{"rendered":"https:\/\/sysmatec.ch\/?post_type=product&#038;p=24730"},"modified":"2021-11-22T21:57:53","modified_gmt":"2021-11-22T20:57:53","slug":"crane-scale-hfc","status":"publish","type":"product","link":"https:\/\/sysmatec.ch\/en\/product\/crane-scale-hfc\/","title":{"rendered":"Crane scale HFC"},"content":{"rendered":"<ul id=\"kernList1\">\n<li>\n<div id=\"verweis_01\">With the T\u00dcV\u00a0<a>certification<\/a>\u00a0mark, the scale meets the requirements of the standard EN 13155 (Non-fixed load lifting attachments\/Breakage resistance) and EN 61010-1 (Electrical safety)<\/div>\n<\/li>\n<li>With its high-quality finish, low weight and compact dimensions, this crane scale (tensile force gauge) is an essential device for industrial use, on building sites, in freight centres, ports etc.<\/li>\n<li>Because of its compact design it is also ideally suited for installation in systems where space is limited, etc.<\/li>\n<li>Peak load display (peak hold)<\/li>\n<li>Hold function: When the weighing value remains unchanged the weight indicated on the display is automatically &#8220;frozen&#8221; until the HOLD key is pressed<\/li>\n<li>Tare: Resets the display to &#8220;0&#8221; when there is a load on the scale. Now removed or added loads are directly displayed<\/li>\n<li>\n<div id=\"verweis_01\">\u00a0Display device with integrated radio module, which the user can carry around with him, thanks to the convenient hand strap. In this way the weighing data can always be read off the display device by the user, even when the user is a long way from the load receptor (force gauge) or under poor lighting conditions. Standard. Range up to 100 m. All functions can be selected. LCD display, digit height 23 mm, Rechargeable battery pack internal, standard. operating time up to 80 h without backlight, charging time approx. 12 h. Can be re-ordered,\u00a0KERN HFC-A01<\/div>\n<\/li>\n<li>Dimensions Housing (display device) W\u00d7D\u00d7H 88\u00d764\u00d7256 mm<\/li>\n<li>Material and design of housing\/load support, models with\n<ul id=\"kernList2\">\n<li>[Max] \u2264 3 t: aluminium\/stainless steel bearing<\/li>\n<li>[Max] &gt; 3 t: steel\/steel<\/li>\n<\/ul>\n<\/li>\n<\/ul>\n<table border=\"1\" width=\"511\" cellspacing=\"0\" cellpadding=\"2\">\n<tbody>\n<tr>\n<td>Balance model<\/td>\n<td width=\"10%\">Readability<\/td>\n<td width=\"10%\">Weighing capacity<\/td>\n<\/tr>\n<tr>\n<td><\/td>\n<td width=\"10%\">g<\/td>\n<td width=\"10%\">kg<\/td>\n<\/tr>\n<tr>\n<td>HFC 600K-1<\/td>\n<td width=\"10%\">200<\/td>\n<td width=\"10%\">600<\/td>\n<\/tr>\n<tr>\n<td>HFC 1T-4<\/td>\n<td width=\"10%\">500<\/td>\n<td width=\"10%\">1000<\/td>\n<\/tr>\n<tr>\n<td>HFC 3T-3<\/td>\n<td width=\"10%\">1000<\/td>\n<td width=\"10%\">3000<\/td>\n<\/tr>\n<tr>\n<td>HFC 5T-3<\/td>\n<td width=\"10%\">2000<\/td>\n<td width=\"10%\">5000<\/td>\n<\/tr>\n<tr>\n<td>HFC 10T-3<\/td>\n<td width=\"10%\">5000<\/td>\n<td width=\"10%\">10000<\/td>\n<\/tr>\n<\/tbody>\n<\/table>\n","protected":false},"excerpt":{"rendered":"<p><span class=\"VIiyi\" lang=\"en\"><span class=\"JLqJ4b ChMk0b\" data-language-for-alternatives=\"en\" data-language-to-translate-into=\"fr\" data-phrase-index=\"0\">Hanging balance for weight range 0-600 kg to 0-1000 kg, battery operated for mobile use,can also be used for tensile force measurement. High resolution.\u00a0<\/span><\/span><\/p>\n","protected":false},"featured_media":24762,"template":"","meta":{"_crdt_document":""},"product_brand":[],"product_cat":[342,164],"product_tag":[],"class_list":{"0":"post-24730","1":"product","2":"type-product","3":"status-publish","4":"has-post-thumbnail","6":"product_cat-mobile-en","7":"product_cat-weight","9":"first","10":"instock","11":"taxable","12":"shipping-taxable","13":"purchasable","14":"product-type-variable"},"yoast_head":"<!-- This site is optimized with the Yoast SEO plugin v27.3 - https:\/\/yoast.com\/product\/yoast-seo-wordpress\/ -->\n<title>Crane scale HFC - Sysmatec<\/title>\n<meta name=\"description\" content=\"Dynamometer or crane scale with backlit screen on the remote control, different versions covering the 0 to 10 ton range.\" \/>\n<meta name=\"robots\" content=\"index, follow, max-snippet:-1, max-image-preview:large, max-video-preview:-1\" \/>\n<link rel=\"canonical\" href=\"https:\/\/sysmatec.ch\/en\/produit\/crane-scale-hfc\/\" \/>\n<meta property=\"og:locale\" content=\"en_US\" \/>\n<meta property=\"og:type\" content=\"article\" \/>\n<meta property=\"og:title\" content=\"Crane scale HFC - Sysmatec\" \/>\n<meta property=\"og:description\" content=\"Dynamometer or crane scale with backlit screen on the remote control, different versions covering the 0 to 10 ton range.\" \/>\n<meta property=\"og:url\" content=\"https:\/\/sysmatec.ch\/en\/produit\/crane-scale-hfc\/\" \/>\n<meta property=\"og:site_name\" content=\"Sysmatec\" \/>\n<meta property=\"article:modified_time\" content=\"2021-11-22T20:57:53+00:00\" \/>\n<meta property=\"og:image\" content=\"https:\/\/sysmatec.ch\/wp-content\/uploads\/2021\/04\/Balance_HFC-scaled.jpg\" \/>\n\t<meta property=\"og:image:width\" content=\"2560\" \/>\n\t<meta property=\"og:image:height\" content=\"1475\" \/>\n\t<meta property=\"og:image:type\" content=\"image\/jpeg\" \/>\n<meta name=\"twitter:card\" content=\"summary_large_image\" \/>\n<meta name=\"twitter:label1\" content=\"Est. reading time\" \/>\n\t<meta name=\"twitter:data1\" content=\"2 minutes\" \/>\n<script type=\"application\/ld+json\" class=\"yoast-schema-graph\">{\"@context\":\"https:\\\/\\\/schema.org\",\"@graph\":[{\"@type\":\"WebPage\",\"@id\":\"https:\\\/\\\/sysmatec.ch\\\/en\\\/produit\\\/crane-scale-hfc\\\/\",\"url\":\"https:\\\/\\\/sysmatec.ch\\\/en\\\/produit\\\/crane-scale-hfc\\\/\",\"name\":\"Crane scale HFC - Sysmatec\",\"isPartOf\":{\"@id\":\"https:\\\/\\\/sysmatec.ch\\\/de\\\/#website\"},\"primaryImageOfPage\":{\"@id\":\"https:\\\/\\\/sysmatec.ch\\\/en\\\/produit\\\/crane-scale-hfc\\\/#primaryimage\"},\"image\":{\"@id\":\"https:\\\/\\\/sysmatec.ch\\\/en\\\/produit\\\/crane-scale-hfc\\\/#primaryimage\"},\"thumbnailUrl\":\"https:\\\/\\\/sysmatec.ch\\\/wp-content\\\/uploads\\\/2021\\\/04\\\/Balance_HFC-scaled.jpg\",\"datePublished\":\"2021-04-07T16:39:12+00:00\",\"dateModified\":\"2021-11-22T20:57:53+00:00\",\"description\":\"Dynamometer or crane scale with backlit screen on the remote control, different versions covering the 0 to 10 ton range.\",\"breadcrumb\":{\"@id\":\"https:\\\/\\\/sysmatec.ch\\\/en\\\/produit\\\/crane-scale-hfc\\\/#breadcrumb\"},\"inLanguage\":\"en-US\",\"potentialAction\":[{\"@type\":\"ReadAction\",\"target\":[\"https:\\\/\\\/sysmatec.ch\\\/en\\\/produit\\\/crane-scale-hfc\\\/\"]}]},{\"@type\":\"ImageObject\",\"inLanguage\":\"en-US\",\"@id\":\"https:\\\/\\\/sysmatec.ch\\\/en\\\/produit\\\/crane-scale-hfc\\\/#primaryimage\",\"url\":\"https:\\\/\\\/sysmatec.ch\\\/wp-content\\\/uploads\\\/2021\\\/04\\\/Balance_HFC-scaled.jpg\",\"contentUrl\":\"https:\\\/\\\/sysmatec.ch\\\/wp-content\\\/uploads\\\/2021\\\/04\\\/Balance_HFC-scaled.jpg\",\"width\":2560,\"height\":1475},{\"@type\":\"BreadcrumbList\",\"@id\":\"https:\\\/\\\/sysmatec.ch\\\/en\\\/produit\\\/crane-scale-hfc\\\/#breadcrumb\",\"itemListElement\":[{\"@type\":\"ListItem\",\"position\":1,\"name\":\"Accueil\",\"item\":\"https:\\\/\\\/sysmatec.ch\\\/en\\\/\"},{\"@type\":\"ListItem\",\"position\":2,\"name\":\"Sysmatec Activities\",\"item\":\"https:\\\/\\\/sysmatec.ch\\\/en\\\/\"},{\"@type\":\"ListItem\",\"position\":3,\"name\":\"Crane scale HFC\"}]},{\"@type\":\"WebSite\",\"@id\":\"https:\\\/\\\/sysmatec.ch\\\/de\\\/#website\",\"url\":\"https:\\\/\\\/sysmatec.ch\\\/de\\\/\",\"name\":\"Sysmatec\",\"description\":\"Equipement de laboratoire et logiciels\",\"publisher\":{\"@id\":\"https:\\\/\\\/sysmatec.ch\\\/de\\\/#organization\"},\"potentialAction\":[{\"@type\":\"SearchAction\",\"target\":{\"@type\":\"EntryPoint\",\"urlTemplate\":\"https:\\\/\\\/sysmatec.ch\\\/de\\\/?s={search_term_string}\"},\"query-input\":{\"@type\":\"PropertyValueSpecification\",\"valueRequired\":true,\"valueName\":\"search_term_string\"}}],\"inLanguage\":\"en-US\"},{\"@type\":\"Organization\",\"@id\":\"https:\\\/\\\/sysmatec.ch\\\/de\\\/#organization\",\"name\":\"Sysmatec\",\"url\":\"https:\\\/\\\/sysmatec.ch\\\/de\\\/\",\"logo\":{\"@type\":\"ImageObject\",\"inLanguage\":\"en-US\",\"@id\":\"https:\\\/\\\/sysmatec.ch\\\/de\\\/#\\\/schema\\\/logo\\\/image\\\/\",\"url\":\"https:\\\/\\\/sysmatec.ch\\\/wp-content\\\/uploads\\\/2018\\\/11\\\/LogoSysmatec.jpg\",\"contentUrl\":\"https:\\\/\\\/sysmatec.ch\\\/wp-content\\\/uploads\\\/2018\\\/11\\\/LogoSysmatec.jpg\",\"width\":301,\"height\":297,\"caption\":\"Sysmatec\"},\"image\":{\"@id\":\"https:\\\/\\\/sysmatec.ch\\\/de\\\/#\\\/schema\\\/logo\\\/image\\\/\"}}]}<\/script>\n<!-- \/ Yoast SEO plugin. -->","yoast_head_json":{"title":"Crane scale HFC - Sysmatec","description":"Dynamometer or crane scale with backlit screen on the remote control, different versions covering the 0 to 10 ton range.","robots":{"index":"index","follow":"follow","max-snippet":"max-snippet:-1","max-image-preview":"max-image-preview:large","max-video-preview":"max-video-preview:-1"},"canonical":"https:\/\/sysmatec.ch\/en\/produit\/crane-scale-hfc\/","og_locale":"en_US","og_type":"article","og_title":"Crane scale HFC - Sysmatec","og_description":"Dynamometer or crane scale with backlit screen on the remote control, different versions covering the 0 to 10 ton range.","og_url":"https:\/\/sysmatec.ch\/en\/produit\/crane-scale-hfc\/","og_site_name":"Sysmatec","article_modified_time":"2021-11-22T20:57:53+00:00","og_image":[{"width":2560,"height":1475,"url":"https:\/\/sysmatec.ch\/wp-content\/uploads\/2021\/04\/Balance_HFC-scaled.jpg","type":"image\/jpeg"}],"twitter_card":"summary_large_image","twitter_misc":{"Est. reading time":"2 minutes"},"schema":{"@context":"https:\/\/schema.org","@graph":[{"@type":"WebPage","@id":"https:\/\/sysmatec.ch\/en\/produit\/crane-scale-hfc\/","url":"https:\/\/sysmatec.ch\/en\/produit\/crane-scale-hfc\/","name":"Crane scale HFC - Sysmatec","isPartOf":{"@id":"https:\/\/sysmatec.ch\/de\/#website"},"primaryImageOfPage":{"@id":"https:\/\/sysmatec.ch\/en\/produit\/crane-scale-hfc\/#primaryimage"},"image":{"@id":"https:\/\/sysmatec.ch\/en\/produit\/crane-scale-hfc\/#primaryimage"},"thumbnailUrl":"https:\/\/sysmatec.ch\/wp-content\/uploads\/2021\/04\/Balance_HFC-scaled.jpg","datePublished":"2021-04-07T16:39:12+00:00","dateModified":"2021-11-22T20:57:53+00:00","description":"Dynamometer or crane scale with backlit screen on the remote control, different versions covering the 0 to 10 ton range.","breadcrumb":{"@id":"https:\/\/sysmatec.ch\/en\/produit\/crane-scale-hfc\/#breadcrumb"},"inLanguage":"en-US","potentialAction":[{"@type":"ReadAction","target":["https:\/\/sysmatec.ch\/en\/produit\/crane-scale-hfc\/"]}]},{"@type":"ImageObject","inLanguage":"en-US","@id":"https:\/\/sysmatec.ch\/en\/produit\/crane-scale-hfc\/#primaryimage","url":"https:\/\/sysmatec.ch\/wp-content\/uploads\/2021\/04\/Balance_HFC-scaled.jpg","contentUrl":"https:\/\/sysmatec.ch\/wp-content\/uploads\/2021\/04\/Balance_HFC-scaled.jpg","width":2560,"height":1475},{"@type":"BreadcrumbList","@id":"https:\/\/sysmatec.ch\/en\/produit\/crane-scale-hfc\/#breadcrumb","itemListElement":[{"@type":"ListItem","position":1,"name":"Accueil","item":"https:\/\/sysmatec.ch\/en\/"},{"@type":"ListItem","position":2,"name":"Sysmatec Activities","item":"https:\/\/sysmatec.ch\/en\/"},{"@type":"ListItem","position":3,"name":"Crane scale HFC"}]},{"@type":"WebSite","@id":"https:\/\/sysmatec.ch\/de\/#website","url":"https:\/\/sysmatec.ch\/de\/","name":"Sysmatec","description":"Equipement de laboratoire et logiciels","publisher":{"@id":"https:\/\/sysmatec.ch\/de\/#organization"},"potentialAction":[{"@type":"SearchAction","target":{"@type":"EntryPoint","urlTemplate":"https:\/\/sysmatec.ch\/de\/?s={search_term_string}"},"query-input":{"@type":"PropertyValueSpecification","valueRequired":true,"valueName":"search_term_string"}}],"inLanguage":"en-US"},{"@type":"Organization","@id":"https:\/\/sysmatec.ch\/de\/#organization","name":"Sysmatec","url":"https:\/\/sysmatec.ch\/de\/","logo":{"@type":"ImageObject","inLanguage":"en-US","@id":"https:\/\/sysmatec.ch\/de\/#\/schema\/logo\/image\/","url":"https:\/\/sysmatec.ch\/wp-content\/uploads\/2018\/11\/LogoSysmatec.jpg","contentUrl":"https:\/\/sysmatec.ch\/wp-content\/uploads\/2018\/11\/LogoSysmatec.jpg","width":301,"height":297,"caption":"Sysmatec"},"image":{"@id":"https:\/\/sysmatec.ch\/de\/#\/schema\/logo\/image\/"}}]}},"_links":{"self":[{"href":"https:\/\/sysmatec.ch\/en\/wp-json\/wp\/v2\/product\/24730","targetHints":{"allow":["GET"]}}],"collection":[{"href":"https:\/\/sysmatec.ch\/en\/wp-json\/wp\/v2\/product"}],"about":[{"href":"https:\/\/sysmatec.ch\/en\/wp-json\/wp\/v2\/types\/product"}],"wp:featuredmedia":[{"embeddable":true,"href":"https:\/\/sysmatec.ch\/en\/wp-json\/wp\/v2\/media\/24762"}],"wp:attachment":[{"href":"https:\/\/sysmatec.ch\/en\/wp-json\/wp\/v2\/media?parent=24730"}],"wp:term":[{"taxonomy":"product_brand","embeddable":true,"href":"https:\/\/sysmatec.ch\/en\/wp-json\/wp\/v2\/product_brand?post=24730"},{"taxonomy":"product_cat","embeddable":true,"href":"https:\/\/sysmatec.ch\/en\/wp-json\/wp\/v2\/product_cat?post=24730"},{"taxonomy":"product_tag","embeddable":true,"href":"https:\/\/sysmatec.ch\/en\/wp-json\/wp\/v2\/product_tag?post=24730"}],"curies":[{"name":"wp","href":"https:\/\/api.w.org\/{rel}","templated":true}]}}