{"id":24585,"date":"2021-04-07T09:20:59","date_gmt":"2021-04-07T07:20:59","guid":{"rendered":"https:\/\/sysmatec.ch\/?post_type=product&#038;p=24585"},"modified":"2021-11-23T08:45:06","modified_gmt":"2021-11-23T07:45:06","slug":"crane-scale-hfb","status":"publish","type":"product","link":"https:\/\/sysmatec.ch\/en\/product\/crane-scale-hfb\/","title":{"rendered":"Crane scale HFB"},"content":{"rendered":"<ul id=\"kernList1\">\n<li>\n<div id=\"verweis_01\">\u00a0With the T\u00dcV\u00a0<a>certification<\/a>\u00a0mark, the scale meets the requirements of the standard EN 13155 (Non-fixed load lifting attachments\/Breakage resistance) and EN 61010-1 (Electrical safety)<\/div>\n<\/li>\n<li>Second display on the rear of the balance<\/li>\n<li>High mobility: thanks to battery operation, compact construction and low weight, it is suitable for use in several locations (production, warehouse, dispatch department etc.)<\/li>\n<li>Hook with safety catch, revolving<\/li>\n<li>Shackle and hook connection made of nickel-plated stainless steel<\/li>\n<li>Hold function: When the weighing value remains unchanged the weight indicated on the display is automatically &#8220;frozen&#8221; until the HOLD key is pressed<\/li>\n<li>Tare: Resets the display to &#8220;0&#8221; when there is a load on the scale. Now removed or added loads are directly displayed<\/li>\n<li>\n<div id=\"verweis_02\">\u00a0Radio remote control standard. Range up to 20 m. All functions can be selected (excl. ON\/OFF). W\u00d7D\u00d7H 48\u00d710\u00d795 mm. Batteries included (2\u00d71,5 V AAA)<\/div>\n<\/li>\n<\/ul>\n<table border=\"1\" width=\"511\" cellspacing=\"0\" cellpadding=\"2\">\n<tbody>\n<tr>\n<td>Balance model<\/td>\n<td width=\"10%\">Readability<\/td>\n<td width=\"10%\">Weighing capacity<\/td>\n<\/tr>\n<tr>\n<td><\/td>\n<td width=\"10%\">g<\/td>\n<td width=\"10%\">kg<\/td>\n<\/tr>\n<tr>\n<td>HFB 150K50<\/td>\n<td width=\"10%\">50<\/td>\n<td width=\"10%\">150<\/td>\n<\/tr>\n<tr>\n<td>HFB 300K100<\/td>\n<td width=\"10%\">100<\/td>\n<td width=\"10%\">300<\/td>\n<\/tr>\n<tr>\n<td>HFB 600K200<\/td>\n<td width=\"10%\">200<\/td>\n<td width=\"10%\">600<\/td>\n<\/tr>\n<\/tbody>\n<\/table>\n","protected":false},"excerpt":{"rendered":"<p><span class=\"VIiyi\" lang=\"en\"><span class=\"JLqJ4b ChMk0b\" data-language-for-alternatives=\"en\" data-language-to-translate-into=\"fr\" data-phrase-index=\"0\">Hanging balance with hook, for weight range 0-150 kg to 0-600 kg, battery operated for mobile use,can also be used for tensile force measurement. High resolution. Dual range versions.<\/span><\/span><\/p>\n","protected":false},"featured_media":24604,"template":"","meta":{"_crdt_document":""},"product_brand":[],"product_cat":[342,164],"product_tag":[],"class_list":{"0":"post-24585","1":"product","2":"type-product","3":"status-publish","4":"has-post-thumbnail","6":"product_cat-mobile-en","7":"product_cat-weight","9":"first","10":"instock","11":"taxable","12":"shipping-taxable","13":"purchasable","14":"product-type-variable"},"yoast_head":"<!-- This site is optimized with the Yoast SEO plugin v27.3 - https:\/\/yoast.com\/product\/yoast-seo-wordpress\/ -->\n<title>Crane scale HFB - Sysmatec<\/title>\n<meta name=\"description\" content=\"Dynamometer or crane scale with backlit display, different versions covering the 0 to 600 kg range. 2 displays.\" \/>\n<meta name=\"robots\" content=\"index, follow, max-snippet:-1, max-image-preview:large, max-video-preview:-1\" \/>\n<link rel=\"canonical\" href=\"https:\/\/sysmatec.ch\/en\/produit\/crane-scale-hfb\/\" \/>\n<meta property=\"og:locale\" content=\"en_US\" \/>\n<meta property=\"og:type\" content=\"article\" \/>\n<meta property=\"og:title\" content=\"Crane scale HFB - Sysmatec\" \/>\n<meta property=\"og:description\" content=\"Dynamometer or crane scale with backlit display, different versions covering the 0 to 600 kg range. 2 displays.\" \/>\n<meta property=\"og:url\" content=\"https:\/\/sysmatec.ch\/en\/produit\/crane-scale-hfb\/\" \/>\n<meta property=\"og:site_name\" content=\"Sysmatec\" \/>\n<meta property=\"article:modified_time\" content=\"2021-11-23T07:45:06+00:00\" \/>\n<meta property=\"og:image\" content=\"https:\/\/sysmatec.ch\/wp-content\/uploads\/2021\/04\/Balance_HFB-150K50-scaled.jpg\" \/>\n\t<meta property=\"og:image:width\" content=\"1406\" \/>\n\t<meta property=\"og:image:height\" content=\"2560\" \/>\n\t<meta property=\"og:image:type\" content=\"image\/jpeg\" \/>\n<meta name=\"twitter:card\" content=\"summary_large_image\" \/>\n<meta name=\"twitter:label1\" content=\"Est. reading time\" \/>\n\t<meta name=\"twitter:data1\" content=\"1 minute\" \/>\n<script type=\"application\/ld+json\" class=\"yoast-schema-graph\">{\"@context\":\"https:\\\/\\\/schema.org\",\"@graph\":[{\"@type\":\"WebPage\",\"@id\":\"https:\\\/\\\/sysmatec.ch\\\/en\\\/produit\\\/crane-scale-hfb\\\/\",\"url\":\"https:\\\/\\\/sysmatec.ch\\\/en\\\/produit\\\/crane-scale-hfb\\\/\",\"name\":\"Crane scale HFB - Sysmatec\",\"isPartOf\":{\"@id\":\"https:\\\/\\\/sysmatec.ch\\\/de\\\/#website\"},\"primaryImageOfPage\":{\"@id\":\"https:\\\/\\\/sysmatec.ch\\\/en\\\/produit\\\/crane-scale-hfb\\\/#primaryimage\"},\"image\":{\"@id\":\"https:\\\/\\\/sysmatec.ch\\\/en\\\/produit\\\/crane-scale-hfb\\\/#primaryimage\"},\"thumbnailUrl\":\"https:\\\/\\\/sysmatec.ch\\\/wp-content\\\/uploads\\\/2021\\\/04\\\/Balance_HFB-150K50-scaled.jpg\",\"datePublished\":\"2021-04-07T07:20:59+00:00\",\"dateModified\":\"2021-11-23T07:45:06+00:00\",\"description\":\"Dynamometer or crane scale with backlit display, different versions covering the 0 to 600 kg range. 2 displays.\",\"breadcrumb\":{\"@id\":\"https:\\\/\\\/sysmatec.ch\\\/en\\\/produit\\\/crane-scale-hfb\\\/#breadcrumb\"},\"inLanguage\":\"en-US\",\"potentialAction\":[{\"@type\":\"ReadAction\",\"target\":[\"https:\\\/\\\/sysmatec.ch\\\/en\\\/produit\\\/crane-scale-hfb\\\/\"]}]},{\"@type\":\"ImageObject\",\"inLanguage\":\"en-US\",\"@id\":\"https:\\\/\\\/sysmatec.ch\\\/en\\\/produit\\\/crane-scale-hfb\\\/#primaryimage\",\"url\":\"https:\\\/\\\/sysmatec.ch\\\/wp-content\\\/uploads\\\/2021\\\/04\\\/Balance_HFB-150K50-scaled.jpg\",\"contentUrl\":\"https:\\\/\\\/sysmatec.ch\\\/wp-content\\\/uploads\\\/2021\\\/04\\\/Balance_HFB-150K50-scaled.jpg\",\"width\":1406,\"height\":2560},{\"@type\":\"BreadcrumbList\",\"@id\":\"https:\\\/\\\/sysmatec.ch\\\/en\\\/produit\\\/crane-scale-hfb\\\/#breadcrumb\",\"itemListElement\":[{\"@type\":\"ListItem\",\"position\":1,\"name\":\"Accueil\",\"item\":\"https:\\\/\\\/sysmatec.ch\\\/en\\\/\"},{\"@type\":\"ListItem\",\"position\":2,\"name\":\"Sysmatec Activities\",\"item\":\"https:\\\/\\\/sysmatec.ch\\\/en\\\/\"},{\"@type\":\"ListItem\",\"position\":3,\"name\":\"Crane scale HFB\"}]},{\"@type\":\"WebSite\",\"@id\":\"https:\\\/\\\/sysmatec.ch\\\/de\\\/#website\",\"url\":\"https:\\\/\\\/sysmatec.ch\\\/de\\\/\",\"name\":\"Sysmatec\",\"description\":\"Equipement de laboratoire et logiciels\",\"publisher\":{\"@id\":\"https:\\\/\\\/sysmatec.ch\\\/de\\\/#organization\"},\"potentialAction\":[{\"@type\":\"SearchAction\",\"target\":{\"@type\":\"EntryPoint\",\"urlTemplate\":\"https:\\\/\\\/sysmatec.ch\\\/de\\\/?s={search_term_string}\"},\"query-input\":{\"@type\":\"PropertyValueSpecification\",\"valueRequired\":true,\"valueName\":\"search_term_string\"}}],\"inLanguage\":\"en-US\"},{\"@type\":\"Organization\",\"@id\":\"https:\\\/\\\/sysmatec.ch\\\/de\\\/#organization\",\"name\":\"Sysmatec\",\"url\":\"https:\\\/\\\/sysmatec.ch\\\/de\\\/\",\"logo\":{\"@type\":\"ImageObject\",\"inLanguage\":\"en-US\",\"@id\":\"https:\\\/\\\/sysmatec.ch\\\/de\\\/#\\\/schema\\\/logo\\\/image\\\/\",\"url\":\"https:\\\/\\\/sysmatec.ch\\\/wp-content\\\/uploads\\\/2018\\\/11\\\/LogoSysmatec.jpg\",\"contentUrl\":\"https:\\\/\\\/sysmatec.ch\\\/wp-content\\\/uploads\\\/2018\\\/11\\\/LogoSysmatec.jpg\",\"width\":301,\"height\":297,\"caption\":\"Sysmatec\"},\"image\":{\"@id\":\"https:\\\/\\\/sysmatec.ch\\\/de\\\/#\\\/schema\\\/logo\\\/image\\\/\"}}]}<\/script>\n<!-- \/ Yoast SEO plugin. -->","yoast_head_json":{"title":"Crane scale HFB - Sysmatec","description":"Dynamometer or crane scale with backlit display, different versions covering the 0 to 600 kg range. 2 displays.","robots":{"index":"index","follow":"follow","max-snippet":"max-snippet:-1","max-image-preview":"max-image-preview:large","max-video-preview":"max-video-preview:-1"},"canonical":"https:\/\/sysmatec.ch\/en\/produit\/crane-scale-hfb\/","og_locale":"en_US","og_type":"article","og_title":"Crane scale HFB - Sysmatec","og_description":"Dynamometer or crane scale with backlit display, different versions covering the 0 to 600 kg range. 2 displays.","og_url":"https:\/\/sysmatec.ch\/en\/produit\/crane-scale-hfb\/","og_site_name":"Sysmatec","article_modified_time":"2021-11-23T07:45:06+00:00","og_image":[{"width":1406,"height":2560,"url":"https:\/\/sysmatec.ch\/wp-content\/uploads\/2021\/04\/Balance_HFB-150K50-scaled.jpg","type":"image\/jpeg"}],"twitter_card":"summary_large_image","twitter_misc":{"Est. reading time":"1 minute"},"schema":{"@context":"https:\/\/schema.org","@graph":[{"@type":"WebPage","@id":"https:\/\/sysmatec.ch\/en\/produit\/crane-scale-hfb\/","url":"https:\/\/sysmatec.ch\/en\/produit\/crane-scale-hfb\/","name":"Crane scale HFB - Sysmatec","isPartOf":{"@id":"https:\/\/sysmatec.ch\/de\/#website"},"primaryImageOfPage":{"@id":"https:\/\/sysmatec.ch\/en\/produit\/crane-scale-hfb\/#primaryimage"},"image":{"@id":"https:\/\/sysmatec.ch\/en\/produit\/crane-scale-hfb\/#primaryimage"},"thumbnailUrl":"https:\/\/sysmatec.ch\/wp-content\/uploads\/2021\/04\/Balance_HFB-150K50-scaled.jpg","datePublished":"2021-04-07T07:20:59+00:00","dateModified":"2021-11-23T07:45:06+00:00","description":"Dynamometer or crane scale with backlit display, different versions covering the 0 to 600 kg range. 2 displays.","breadcrumb":{"@id":"https:\/\/sysmatec.ch\/en\/produit\/crane-scale-hfb\/#breadcrumb"},"inLanguage":"en-US","potentialAction":[{"@type":"ReadAction","target":["https:\/\/sysmatec.ch\/en\/produit\/crane-scale-hfb\/"]}]},{"@type":"ImageObject","inLanguage":"en-US","@id":"https:\/\/sysmatec.ch\/en\/produit\/crane-scale-hfb\/#primaryimage","url":"https:\/\/sysmatec.ch\/wp-content\/uploads\/2021\/04\/Balance_HFB-150K50-scaled.jpg","contentUrl":"https:\/\/sysmatec.ch\/wp-content\/uploads\/2021\/04\/Balance_HFB-150K50-scaled.jpg","width":1406,"height":2560},{"@type":"BreadcrumbList","@id":"https:\/\/sysmatec.ch\/en\/produit\/crane-scale-hfb\/#breadcrumb","itemListElement":[{"@type":"ListItem","position":1,"name":"Accueil","item":"https:\/\/sysmatec.ch\/en\/"},{"@type":"ListItem","position":2,"name":"Sysmatec Activities","item":"https:\/\/sysmatec.ch\/en\/"},{"@type":"ListItem","position":3,"name":"Crane scale HFB"}]},{"@type":"WebSite","@id":"https:\/\/sysmatec.ch\/de\/#website","url":"https:\/\/sysmatec.ch\/de\/","name":"Sysmatec","description":"Equipement de laboratoire et logiciels","publisher":{"@id":"https:\/\/sysmatec.ch\/de\/#organization"},"potentialAction":[{"@type":"SearchAction","target":{"@type":"EntryPoint","urlTemplate":"https:\/\/sysmatec.ch\/de\/?s={search_term_string}"},"query-input":{"@type":"PropertyValueSpecification","valueRequired":true,"valueName":"search_term_string"}}],"inLanguage":"en-US"},{"@type":"Organization","@id":"https:\/\/sysmatec.ch\/de\/#organization","name":"Sysmatec","url":"https:\/\/sysmatec.ch\/de\/","logo":{"@type":"ImageObject","inLanguage":"en-US","@id":"https:\/\/sysmatec.ch\/de\/#\/schema\/logo\/image\/","url":"https:\/\/sysmatec.ch\/wp-content\/uploads\/2018\/11\/LogoSysmatec.jpg","contentUrl":"https:\/\/sysmatec.ch\/wp-content\/uploads\/2018\/11\/LogoSysmatec.jpg","width":301,"height":297,"caption":"Sysmatec"},"image":{"@id":"https:\/\/sysmatec.ch\/de\/#\/schema\/logo\/image\/"}}]}},"_links":{"self":[{"href":"https:\/\/sysmatec.ch\/en\/wp-json\/wp\/v2\/product\/24585","targetHints":{"allow":["GET"]}}],"collection":[{"href":"https:\/\/sysmatec.ch\/en\/wp-json\/wp\/v2\/product"}],"about":[{"href":"https:\/\/sysmatec.ch\/en\/wp-json\/wp\/v2\/types\/product"}],"wp:featuredmedia":[{"embeddable":true,"href":"https:\/\/sysmatec.ch\/en\/wp-json\/wp\/v2\/media\/24604"}],"wp:attachment":[{"href":"https:\/\/sysmatec.ch\/en\/wp-json\/wp\/v2\/media?parent=24585"}],"wp:term":[{"taxonomy":"product_brand","embeddable":true,"href":"https:\/\/sysmatec.ch\/en\/wp-json\/wp\/v2\/product_brand?post=24585"},{"taxonomy":"product_cat","embeddable":true,"href":"https:\/\/sysmatec.ch\/en\/wp-json\/wp\/v2\/product_cat?post=24585"},{"taxonomy":"product_tag","embeddable":true,"href":"https:\/\/sysmatec.ch\/en\/wp-json\/wp\/v2\/product_tag?post=24585"}],"curies":[{"name":"wp","href":"https:\/\/api.w.org\/{rel}","templated":true}]}}