{"id":2298,"date":"2019-01-10T22:24:51","date_gmt":"2019-01-10T21:24:51","guid":{"rendered":"https:\/\/sysmatec.ch\/produit\/centrifugeuse-centrisart-g-16-et-centrisart-g-16c\/"},"modified":"2022-03-11T09:01:45","modified_gmt":"2022-03-11T08:01:45","slug":"centrifuge-centrisart-g-16-et-centrisart-g-16c","status":"publish","type":"product","link":"https:\/\/sysmatec.ch\/en\/product\/centrifuge-centrisart-g-16-et-centrisart-g-16c\/","title":{"rendered":"Centrifuge Centrisart\u00ae G-16 et Centrisart\u00ae G-16C"},"content":{"rendered":"<p>These two benchtop centrifuges were specially developed for high-capacity applications. Thanks to the variety of rotor options, nearly all vessel types can be used for low to high throughput.<\/p>\n<p>Their high capacity makes both centrifuges genuine all-rounders. They can be used for almost any application. Their large program memory gives you the option of storing and retrieving several programs at any time. Their gradual deceleration curves ensure gentle deceleration and keep samples from being churned up. This is particularly advantageous, for example, when using microtiter plates. The powerful compressor cooling of the Centrisart\u00ae G-16C ensures fast and accurate cooling of samples and reliably protects them from heat.<\/p>\n<table border=\"1\" width=\"653\" cellspacing=\"2\" cellpadding=\"0\">\n<tbody>\n<tr>\n<td><\/td>\n<td>Centrisart\u00ae G-16<\/td>\n<td>Centrisart\u00ae G-16C<\/td>\n<\/tr>\n<tr>\n<td>Max. speed rpm<\/td>\n<td>15 300 min-1<\/td>\n<td>15 300 min-1<\/td>\n<\/tr>\n<tr>\n<td>Max. capacity<\/td>\n<td>4 x 400 mL<\/td>\n<td>4 x 400 mL<\/td>\n<\/tr>\n<tr>\n<td>Max. gravitational field<\/td>\n<td>21 460 g<\/td>\n<td>21 460 g<\/td>\n<\/tr>\n<tr>\n<td>Min. speed rpm<\/td>\n<td>100 min-1<\/td>\n<td>100 min-1<\/td>\n<\/tr>\n<tr>\n<td>Motor<\/td>\n<td>Maintenance-free, brushless drive motor<\/td>\n<td>Maintenance-free, brushless drive motor<\/td>\n<\/tr>\n<tr>\n<td>Temperature range<\/td>\n<td>&#8211;<\/td>\n<td>&#8211; 10 \u00b0C to + 40 \u00b0C, with 1 \u00b0C steps<\/td>\n<\/tr>\n<tr>\n<td>Coolant<\/td>\n<td><\/td>\n<td>CFC free (R134a)<\/td>\n<\/tr>\n<tr>\n<td>Lid-lock release<\/td>\n<td>Electromechanical locked lid, automatic lid-lock release<\/td>\n<td>Electromechanical locked lid, automatic lid-lock release<\/td>\n<\/tr>\n<tr>\n<td>Rotor<\/td>\n<td>Rotor detection for fixed angle-\/ swinging rotors<\/td>\n<td>Rotor detection for fixed angle-\/ swinging rotors<\/td>\n<\/tr>\n<tr>\n<td>Lid<\/td>\n<td>Inspection window for independent speed measurement, easy-to-open lid port<\/td>\n<td>Inspection window for independent speed measurement, easy-to-open lid port<\/td>\n<\/tr>\n<tr>\n<td>M\u00e9canisme de s\u00e9curit\u00e9 contre le d\u00e9s\u00e9quilibre<\/td>\n<td>Contr\u00f4le automatique du d\u00e9s\u00e9quilibre<\/td>\n<td>Contr\u00f4le automatique du d\u00e9s\u00e9quilibre<\/td>\n<\/tr>\n<tr>\n<td>Programs<\/td>\n<td>50<\/td>\n<td>50<\/td>\n<\/tr>\n<tr>\n<td>Dimensions (W\u00d7 D \u00d7 H)<\/td>\n<td>460 \u00d7 600 \u00d7 355 mm<\/td>\n<td>630 \u00d7 600 \u00d7 355 mm<\/td>\n<\/tr>\n<tr>\n<td>Height with open lid<\/td>\n<td>785 mm<\/td>\n<td>785 mm<\/td>\n<\/tr>\n<tr>\n<td>Weight<\/td>\n<td>48 kg<\/td>\n<td>78 kg<\/td>\n<\/tr>\n<tr>\n<td>Noise level at max. speed<\/td>\n<td>57 dB<\/td>\n<td>57 dB<\/td>\n<\/tr>\n<\/tbody>\n<\/table>\n<p>Accessories<\/p>\n<p>YCSR-A5B: Angle rotor 6 \u00d7 50 ml, for vessels made of plastic or stainless-steel d 28.5 \u00d7 101.5 mm, with hermetically sealed aluminum lid<\/p>\n<p>YCSR-A6B:Angle rotor for 24 \u00d7 1.5 &#8211; 2 ml reaction vials, with hermetically sealed aluminum lid<\/p>\n<p>YCSR-A7B Angle rotor 4 \u00d7 80\/85 ml, for vessels made of plastic or stainless-steel d 38 \u00d7 103 mm, with hermetically sealed aluminum lid<\/p>\n<p>YCSR-A8B: Angle rotor 6 \u00d7 85 ml for vessels made of plastic or stainless-steel d 38 \u00d7 112 mm, with hermetically sealed aluminum lid<\/p>\n<p>YCSR-S2B: Swinging rotor, 4 inserts, for buckets B8Bdia85mmS2B<\/p>\n<p>YCSR-S6B: Complete set \u2013 swinging rotor including carriers for microtiter plates and caps. Max. height 55 mm; max. load per carrier 290 g<\/p>\n<p>YCSB-B8B: Round bucket, sealable with cap, for round carriers d 85 mm, A2Bxxxx to A8Bxxxx, and 400 ml bottle, max. vessel length approx. 110 mm, 1 set = 2 pcs.<\/p>\n<p>YCSA-C3B: Round carrier for five 15-ml culture tubes, max. d 23 mm, 1 set = 2 pcs.<\/p>\n<p>YCSA-C4B: Round carrier for three 50-ml culture tubes, 1 set = 2 pcs.<\/p>\n<p>YCSA-C5B. Round carrier for 1 flat-bottom bottle (approx. 250 ml), max.d 61,5 \u00d7 90 \u2013 125 mm, 1 set = 2 pcs.<\/p>\n<p>YCSA-C6B: Round carrier for twenty 1.5 | 2.0 ml reaction vials, max. d 11 mm, 1 set = 2 pcs.<\/p>\n<p>YCSA-C7B: Round carrier for nine 15-ml culture tubes, caps, max. d 23 mm, 1 set = 2 pcs.<\/p>\n<p>YCSA-C8B: Round carrier for four 50-ml culture tubes (without caps), 1 set = 2 pcs.<\/p>\n<p>YCSM-B8B: Round locking cap for buckets B8Bdia85mmS2B<\/p>\n<p>YCST-G16C: Centrifuge table made of painted steel housing with 2 doors and room for accessories, moveable,<\/p>\n<p>with locking castors W 650, D 647, H 497 mm for G16C<\/p>\n","protected":false},"excerpt":{"rendered":"<p><span class=\"VIiyi\" lang=\"en\"><span class=\"JLqJ4b ChMk0b\" data-language-for-alternatives=\"en\" data-language-to-translate-into=\"fr\" data-phrase-index=\"4\" data-number-of-phrases=\"5\">Benchtop centrifuge 15 300 rpm.<\/span><\/span><\/p>\n","protected":false},"featured_media":1198,"template":"","meta":{"_crdt_document":""},"product_brand":[],"product_cat":[144],"product_tag":[],"class_list":{"0":"post-2298","1":"product","2":"type-product","3":"status-publish","4":"has-post-thumbnail","6":"product_cat-centrifuge","8":"first","9":"instock","10":"taxable","11":"shipping-taxable","12":"product-type-simple"},"yoast_head":"<!-- This site is optimized with the Yoast SEO plugin v27.3 - https:\/\/yoast.com\/product\/yoast-seo-wordpress\/ -->\n<title>Centrifuge Centrisart\u00ae G-16 et Centrisart\u00ae G-16C - Sysmatec<\/title>\n<meta name=\"description\" content=\"Centrifuge usable with different rotors for different tubes. Maximum speed 15,300 rpm. Optional refrigeration.\" \/>\n<meta name=\"robots\" content=\"index, follow, max-snippet:-1, max-image-preview:large, max-video-preview:-1\" \/>\n<link rel=\"canonical\" href=\"https:\/\/sysmatec.ch\/en\/produit\/centrifuge-centrisart-g-16-et-centrisart-g-16c\/\" \/>\n<meta property=\"og:locale\" content=\"en_US\" \/>\n<meta property=\"og:type\" content=\"article\" \/>\n<meta property=\"og:title\" content=\"Centrifuge Centrisart\u00ae G-16 et Centrisart\u00ae G-16C - Sysmatec\" \/>\n<meta property=\"og:description\" content=\"Centrifuge usable with different rotors for different tubes. Maximum speed 15,300 rpm. Optional refrigeration.\" \/>\n<meta property=\"og:url\" content=\"https:\/\/sysmatec.ch\/en\/produit\/centrifuge-centrisart-g-16-et-centrisart-g-16c\/\" \/>\n<meta property=\"og:site_name\" content=\"Sysmatec\" \/>\n<meta property=\"article:modified_time\" content=\"2022-03-11T08:01:45+00:00\" \/>\n<meta property=\"og:image\" content=\"https:\/\/sysmatec.ch\/wp-content\/uploads\/2019\/01\/Centrifugeuse_SartoriusCentristartD16C.jpg\" \/>\n\t<meta property=\"og:image:width\" content=\"182\" \/>\n\t<meta property=\"og:image:height\" content=\"123\" \/>\n\t<meta property=\"og:image:type\" content=\"image\/jpeg\" \/>\n<meta name=\"twitter:card\" content=\"summary_large_image\" \/>\n<meta name=\"twitter:label1\" content=\"Est. reading time\" \/>\n\t<meta name=\"twitter:data1\" content=\"3 minutes\" \/>\n<script type=\"application\/ld+json\" class=\"yoast-schema-graph\">{\"@context\":\"https:\\\/\\\/schema.org\",\"@graph\":[{\"@type\":\"WebPage\",\"@id\":\"https:\\\/\\\/sysmatec.ch\\\/en\\\/produit\\\/centrifuge-centrisart-g-16-et-centrisart-g-16c\\\/\",\"url\":\"https:\\\/\\\/sysmatec.ch\\\/en\\\/produit\\\/centrifuge-centrisart-g-16-et-centrisart-g-16c\\\/\",\"name\":\"Centrifuge Centrisart\u00ae G-16 et Centrisart\u00ae G-16C - Sysmatec\",\"isPartOf\":{\"@id\":\"https:\\\/\\\/sysmatec.ch\\\/de\\\/#website\"},\"primaryImageOfPage\":{\"@id\":\"https:\\\/\\\/sysmatec.ch\\\/en\\\/produit\\\/centrifuge-centrisart-g-16-et-centrisart-g-16c\\\/#primaryimage\"},\"image\":{\"@id\":\"https:\\\/\\\/sysmatec.ch\\\/en\\\/produit\\\/centrifuge-centrisart-g-16-et-centrisart-g-16c\\\/#primaryimage\"},\"thumbnailUrl\":\"https:\\\/\\\/sysmatec.ch\\\/wp-content\\\/uploads\\\/2019\\\/01\\\/Centrifugeuse_SartoriusCentristartD16C.jpg\",\"datePublished\":\"2019-01-10T21:24:51+00:00\",\"dateModified\":\"2022-03-11T08:01:45+00:00\",\"description\":\"Centrifuge usable with different rotors for different tubes. Maximum speed 15,300 rpm. Optional refrigeration.\",\"breadcrumb\":{\"@id\":\"https:\\\/\\\/sysmatec.ch\\\/en\\\/produit\\\/centrifuge-centrisart-g-16-et-centrisart-g-16c\\\/#breadcrumb\"},\"inLanguage\":\"en-US\",\"potentialAction\":[{\"@type\":\"ReadAction\",\"target\":[\"https:\\\/\\\/sysmatec.ch\\\/en\\\/produit\\\/centrifuge-centrisart-g-16-et-centrisart-g-16c\\\/\"]}]},{\"@type\":\"ImageObject\",\"inLanguage\":\"en-US\",\"@id\":\"https:\\\/\\\/sysmatec.ch\\\/en\\\/produit\\\/centrifuge-centrisart-g-16-et-centrisart-g-16c\\\/#primaryimage\",\"url\":\"https:\\\/\\\/sysmatec.ch\\\/wp-content\\\/uploads\\\/2019\\\/01\\\/Centrifugeuse_SartoriusCentristartD16C.jpg\",\"contentUrl\":\"https:\\\/\\\/sysmatec.ch\\\/wp-content\\\/uploads\\\/2019\\\/01\\\/Centrifugeuse_SartoriusCentristartD16C.jpg\",\"width\":182,\"height\":123},{\"@type\":\"BreadcrumbList\",\"@id\":\"https:\\\/\\\/sysmatec.ch\\\/en\\\/produit\\\/centrifuge-centrisart-g-16-et-centrisart-g-16c\\\/#breadcrumb\",\"itemListElement\":[{\"@type\":\"ListItem\",\"position\":1,\"name\":\"Accueil\",\"item\":\"https:\\\/\\\/sysmatec.ch\\\/en\\\/\"},{\"@type\":\"ListItem\",\"position\":2,\"name\":\"Sysmatec Activities\",\"item\":\"https:\\\/\\\/sysmatec.ch\\\/en\\\/\"},{\"@type\":\"ListItem\",\"position\":3,\"name\":\"Centrifuge Centrisart\u00ae G-16 et Centrisart\u00ae G-16C\"}]},{\"@type\":\"WebSite\",\"@id\":\"https:\\\/\\\/sysmatec.ch\\\/de\\\/#website\",\"url\":\"https:\\\/\\\/sysmatec.ch\\\/de\\\/\",\"name\":\"Sysmatec\",\"description\":\"Equipement de laboratoire et logiciels\",\"publisher\":{\"@id\":\"https:\\\/\\\/sysmatec.ch\\\/de\\\/#organization\"},\"potentialAction\":[{\"@type\":\"SearchAction\",\"target\":{\"@type\":\"EntryPoint\",\"urlTemplate\":\"https:\\\/\\\/sysmatec.ch\\\/de\\\/?s={search_term_string}\"},\"query-input\":{\"@type\":\"PropertyValueSpecification\",\"valueRequired\":true,\"valueName\":\"search_term_string\"}}],\"inLanguage\":\"en-US\"},{\"@type\":\"Organization\",\"@id\":\"https:\\\/\\\/sysmatec.ch\\\/de\\\/#organization\",\"name\":\"Sysmatec\",\"url\":\"https:\\\/\\\/sysmatec.ch\\\/de\\\/\",\"logo\":{\"@type\":\"ImageObject\",\"inLanguage\":\"en-US\",\"@id\":\"https:\\\/\\\/sysmatec.ch\\\/de\\\/#\\\/schema\\\/logo\\\/image\\\/\",\"url\":\"https:\\\/\\\/sysmatec.ch\\\/wp-content\\\/uploads\\\/2018\\\/11\\\/LogoSysmatec.jpg\",\"contentUrl\":\"https:\\\/\\\/sysmatec.ch\\\/wp-content\\\/uploads\\\/2018\\\/11\\\/LogoSysmatec.jpg\",\"width\":301,\"height\":297,\"caption\":\"Sysmatec\"},\"image\":{\"@id\":\"https:\\\/\\\/sysmatec.ch\\\/de\\\/#\\\/schema\\\/logo\\\/image\\\/\"}}]}<\/script>\n<!-- \/ Yoast SEO plugin. -->","yoast_head_json":{"title":"Centrifuge Centrisart\u00ae G-16 et Centrisart\u00ae G-16C - Sysmatec","description":"Centrifuge usable with different rotors for different tubes. Maximum speed 15,300 rpm. Optional refrigeration.","robots":{"index":"index","follow":"follow","max-snippet":"max-snippet:-1","max-image-preview":"max-image-preview:large","max-video-preview":"max-video-preview:-1"},"canonical":"https:\/\/sysmatec.ch\/en\/produit\/centrifuge-centrisart-g-16-et-centrisart-g-16c\/","og_locale":"en_US","og_type":"article","og_title":"Centrifuge Centrisart\u00ae G-16 et Centrisart\u00ae G-16C - Sysmatec","og_description":"Centrifuge usable with different rotors for different tubes. Maximum speed 15,300 rpm. Optional refrigeration.","og_url":"https:\/\/sysmatec.ch\/en\/produit\/centrifuge-centrisart-g-16-et-centrisart-g-16c\/","og_site_name":"Sysmatec","article_modified_time":"2022-03-11T08:01:45+00:00","og_image":[{"width":182,"height":123,"url":"https:\/\/sysmatec.ch\/wp-content\/uploads\/2019\/01\/Centrifugeuse_SartoriusCentristartD16C.jpg","type":"image\/jpeg"}],"twitter_card":"summary_large_image","twitter_misc":{"Est. reading time":"3 minutes"},"schema":{"@context":"https:\/\/schema.org","@graph":[{"@type":"WebPage","@id":"https:\/\/sysmatec.ch\/en\/produit\/centrifuge-centrisart-g-16-et-centrisart-g-16c\/","url":"https:\/\/sysmatec.ch\/en\/produit\/centrifuge-centrisart-g-16-et-centrisart-g-16c\/","name":"Centrifuge Centrisart\u00ae G-16 et Centrisart\u00ae G-16C - Sysmatec","isPartOf":{"@id":"https:\/\/sysmatec.ch\/de\/#website"},"primaryImageOfPage":{"@id":"https:\/\/sysmatec.ch\/en\/produit\/centrifuge-centrisart-g-16-et-centrisart-g-16c\/#primaryimage"},"image":{"@id":"https:\/\/sysmatec.ch\/en\/produit\/centrifuge-centrisart-g-16-et-centrisart-g-16c\/#primaryimage"},"thumbnailUrl":"https:\/\/sysmatec.ch\/wp-content\/uploads\/2019\/01\/Centrifugeuse_SartoriusCentristartD16C.jpg","datePublished":"2019-01-10T21:24:51+00:00","dateModified":"2022-03-11T08:01:45+00:00","description":"Centrifuge usable with different rotors for different tubes. Maximum speed 15,300 rpm. Optional refrigeration.","breadcrumb":{"@id":"https:\/\/sysmatec.ch\/en\/produit\/centrifuge-centrisart-g-16-et-centrisart-g-16c\/#breadcrumb"},"inLanguage":"en-US","potentialAction":[{"@type":"ReadAction","target":["https:\/\/sysmatec.ch\/en\/produit\/centrifuge-centrisart-g-16-et-centrisart-g-16c\/"]}]},{"@type":"ImageObject","inLanguage":"en-US","@id":"https:\/\/sysmatec.ch\/en\/produit\/centrifuge-centrisart-g-16-et-centrisart-g-16c\/#primaryimage","url":"https:\/\/sysmatec.ch\/wp-content\/uploads\/2019\/01\/Centrifugeuse_SartoriusCentristartD16C.jpg","contentUrl":"https:\/\/sysmatec.ch\/wp-content\/uploads\/2019\/01\/Centrifugeuse_SartoriusCentristartD16C.jpg","width":182,"height":123},{"@type":"BreadcrumbList","@id":"https:\/\/sysmatec.ch\/en\/produit\/centrifuge-centrisart-g-16-et-centrisart-g-16c\/#breadcrumb","itemListElement":[{"@type":"ListItem","position":1,"name":"Accueil","item":"https:\/\/sysmatec.ch\/en\/"},{"@type":"ListItem","position":2,"name":"Sysmatec Activities","item":"https:\/\/sysmatec.ch\/en\/"},{"@type":"ListItem","position":3,"name":"Centrifuge Centrisart\u00ae G-16 et Centrisart\u00ae G-16C"}]},{"@type":"WebSite","@id":"https:\/\/sysmatec.ch\/de\/#website","url":"https:\/\/sysmatec.ch\/de\/","name":"Sysmatec","description":"Equipement de laboratoire et logiciels","publisher":{"@id":"https:\/\/sysmatec.ch\/de\/#organization"},"potentialAction":[{"@type":"SearchAction","target":{"@type":"EntryPoint","urlTemplate":"https:\/\/sysmatec.ch\/de\/?s={search_term_string}"},"query-input":{"@type":"PropertyValueSpecification","valueRequired":true,"valueName":"search_term_string"}}],"inLanguage":"en-US"},{"@type":"Organization","@id":"https:\/\/sysmatec.ch\/de\/#organization","name":"Sysmatec","url":"https:\/\/sysmatec.ch\/de\/","logo":{"@type":"ImageObject","inLanguage":"en-US","@id":"https:\/\/sysmatec.ch\/de\/#\/schema\/logo\/image\/","url":"https:\/\/sysmatec.ch\/wp-content\/uploads\/2018\/11\/LogoSysmatec.jpg","contentUrl":"https:\/\/sysmatec.ch\/wp-content\/uploads\/2018\/11\/LogoSysmatec.jpg","width":301,"height":297,"caption":"Sysmatec"},"image":{"@id":"https:\/\/sysmatec.ch\/de\/#\/schema\/logo\/image\/"}}]}},"_links":{"self":[{"href":"https:\/\/sysmatec.ch\/en\/wp-json\/wp\/v2\/product\/2298","targetHints":{"allow":["GET"]}}],"collection":[{"href":"https:\/\/sysmatec.ch\/en\/wp-json\/wp\/v2\/product"}],"about":[{"href":"https:\/\/sysmatec.ch\/en\/wp-json\/wp\/v2\/types\/product"}],"wp:featuredmedia":[{"embeddable":true,"href":"https:\/\/sysmatec.ch\/en\/wp-json\/wp\/v2\/media\/1198"}],"wp:attachment":[{"href":"https:\/\/sysmatec.ch\/en\/wp-json\/wp\/v2\/media?parent=2298"}],"wp:term":[{"taxonomy":"product_brand","embeddable":true,"href":"https:\/\/sysmatec.ch\/en\/wp-json\/wp\/v2\/product_brand?post=2298"},{"taxonomy":"product_cat","embeddable":true,"href":"https:\/\/sysmatec.ch\/en\/wp-json\/wp\/v2\/product_cat?post=2298"},{"taxonomy":"product_tag","embeddable":true,"href":"https:\/\/sysmatec.ch\/en\/wp-json\/wp\/v2\/product_tag?post=2298"}],"curies":[{"name":"wp","href":"https:\/\/api.w.org\/{rel}","templated":true}]}}