{"id":22727,"date":"2021-03-23T20:05:59","date_gmt":"2021-03-23T19:05:59","guid":{"rendered":"https:\/\/sysmatec.ch\/?post_type=product&#038;p=22727"},"modified":"2021-11-26T10:52:01","modified_gmt":"2021-11-26T09:52:01","slug":"balance-kern-pns-pnj","status":"publish","type":"product","link":"https:\/\/sysmatec.ch\/en\/product\/balance-kern-pns-pnj\/","title":{"rendered":"Balance KERN PNS \/ PNJ"},"content":{"rendered":"<ul>\n<li>PNJ: Automatic internal adjustment, guarantees high degree of accuracy and makes the balance independent of its location of use. Ideal for mobile applications which require <a>verification<\/a>, such as ambulatory gold and jewellery purchasing<\/li>\n<li>\n<div id=\"verweis_02\">\u00a0PNS: Adjusting program CAL for quick setting of the balance accuracy using an <a>external test weight<\/a><\/div>\n<\/li>\n<li>High-quality tuning fork measuring system for steady weight values and continuous weighing<\/li>\n<li><a>Capacity display<\/a>: A bar lights up to show how much of the weighing range is still available<\/li>\n<li>Precise counting: The automatic reference weight optimisation of reference weight gradually improves the averag piece weight value<\/li>\n<li>Compact size, practical for small spaces<\/li>\n<li>Large glass draught shield with 3 sliding doors for easy access to the items being weighed, for models with weighing plate size \u00d8 140, weighing space W\u00d7D\u00d7H 172\u00d7171\u00d7160 mm<\/li>\n<li>Protective working cover included with delivery<\/li>\n<\/ul>\n<table border=\"1\" width=\"636\" cellspacing=\"0\" cellpadding=\"2\">\n<tbody>\n<tr>\n<td>Balance model<\/td>\n<td width=\"10%\">readability<\/td>\n<td width=\"10%\">weighting capacity<\/td>\n<td width=\"10%\">reproductibility<\/td>\n<td width=\"10%\">lin\u00e9arity<\/td>\n<td width=\"10%\">plate<\/td>\n<\/tr>\n<tr>\n<td><\/td>\n<td width=\"10%\">g<\/td>\n<td width=\"10%\">g<\/td>\n<td width=\"10%\">g<\/td>\n<td width=\"10%\">g<\/td>\n<td width=\"10%\">mm<\/td>\n<\/tr>\n<tr>\n<td>PNS 600-3<\/td>\n<td width=\"10%\">0.001<\/td>\n<td width=\"10%\">620<\/td>\n<td width=\"10%\">0.001<\/td>\n<td width=\"10%\">\u00b10.004<\/td>\n<td width=\"10%\">diam. 140<\/td>\n<\/tr>\n<tr>\n<td>PNS 3000-2<\/td>\n<td width=\"10%\">0.01<\/td>\n<td width=\"10%\">3200<\/td>\n<td width=\"10%\">0.001<\/td>\n<td width=\"10%\">\u00b10.02<\/td>\n<td width=\"10%\">190&#215;190<\/td>\n<\/tr>\n<tr>\n<td>PNS 12000-1<\/td>\n<td width=\"10%\">0.1<\/td>\n<td width=\"10%\">12000<\/td>\n<td width=\"10%\">0.1<\/td>\n<td width=\"10%\">\u00b10.2<\/td>\n<td width=\"10%\">190&#215;190<\/td>\n<\/tr>\n<tr>\n<td>PNJ 600-3M<\/td>\n<td width=\"10%\">0.001<\/td>\n<td width=\"10%\">620<\/td>\n<td width=\"10%\">0.001<\/td>\n<td width=\"10%\">\u00b10.004<\/td>\n<td width=\"10%\">diam. 140<\/td>\n<\/tr>\n<tr>\n<td>PNJ 3000-2M<\/td>\n<td width=\"10%\">0.01<\/td>\n<td width=\"10%\">3200<\/td>\n<td width=\"10%\">0.01<\/td>\n<td width=\"10%\">\u00b10.02<\/td>\n<td width=\"10%\">190&#215;190<\/td>\n<\/tr>\n<tr>\n<td>PNJ 12000-1M<\/td>\n<td width=\"10%\">0.1<\/td>\n<td width=\"10%\">12000<\/td>\n<td width=\"10%\">0.1<\/td>\n<td width=\"10%\">\u00b10.2<\/td>\n<td width=\"10%\">190&#215;190<\/td>\n<\/tr>\n<\/tbody>\n<\/table>\n","protected":false},"excerpt":{"rendered":"<p>Laboratory balance 0-620 g to 0-12000 g<\/p>\n","protected":false},"featured_media":22809,"template":"","meta":{"_crdt_document":""},"product_brand":[],"product_cat":[345,164],"product_tag":[],"class_list":{"0":"post-22727","1":"product","2":"type-product","3":"status-publish","4":"has-post-thumbnail","6":"product_cat-laboratory","7":"product_cat-weight","9":"first","10":"instock","11":"taxable","12":"shipping-taxable","13":"purchasable","14":"product-type-variable"},"yoast_head":"<!-- This site is optimized with the Yoast SEO plugin v27.3 - https:\/\/yoast.com\/product\/yoast-seo-wordpress\/ -->\n<title>Balance KERN PNS \/ PNJ - Sysmatec<\/title>\n<meta name=\"description\" content=\"Precision balance, different versions for a measuring range up to 12,000 g. Ideal as a laboratory balance.\" \/>\n<meta name=\"robots\" content=\"index, follow, max-snippet:-1, max-image-preview:large, max-video-preview:-1\" \/>\n<link rel=\"canonical\" href=\"https:\/\/sysmatec.ch\/en\/produit\/balance-kern-pns-pnj\/\" \/>\n<meta property=\"og:locale\" content=\"en_US\" \/>\n<meta property=\"og:type\" content=\"article\" \/>\n<meta property=\"og:title\" content=\"Balance KERN PNS \/ PNJ - Sysmatec\" \/>\n<meta property=\"og:description\" content=\"Precision balance, different versions for a measuring range up to 12,000 g. Ideal as a laboratory balance.\" \/>\n<meta property=\"og:url\" content=\"https:\/\/sysmatec.ch\/en\/produit\/balance-kern-pns-pnj\/\" \/>\n<meta property=\"og:site_name\" content=\"Sysmatec\" \/>\n<meta property=\"article:modified_time\" content=\"2021-11-26T09:52:01+00:00\" \/>\n<meta property=\"og:image\" content=\"https:\/\/sysmatec.ch\/wp-content\/uploads\/2021\/03\/Balance_PNS-600-3-1024x902.jpg\" \/>\n\t<meta property=\"og:image:width\" content=\"1024\" \/>\n\t<meta property=\"og:image:height\" content=\"902\" \/>\n\t<meta property=\"og:image:type\" content=\"image\/jpeg\" \/>\n<meta name=\"twitter:card\" content=\"summary_large_image\" \/>\n<meta name=\"twitter:label1\" content=\"Est. reading time\" \/>\n\t<meta name=\"twitter:data1\" content=\"1 minute\" \/>\n<script type=\"application\/ld+json\" class=\"yoast-schema-graph\">{\"@context\":\"https:\\\/\\\/schema.org\",\"@graph\":[{\"@type\":\"WebPage\",\"@id\":\"https:\\\/\\\/sysmatec.ch\\\/en\\\/produit\\\/balance-kern-pns-pnj\\\/\",\"url\":\"https:\\\/\\\/sysmatec.ch\\\/en\\\/produit\\\/balance-kern-pns-pnj\\\/\",\"name\":\"Balance KERN PNS \\\/ PNJ - Sysmatec\",\"isPartOf\":{\"@id\":\"https:\\\/\\\/sysmatec.ch\\\/de\\\/#website\"},\"primaryImageOfPage\":{\"@id\":\"https:\\\/\\\/sysmatec.ch\\\/en\\\/produit\\\/balance-kern-pns-pnj\\\/#primaryimage\"},\"image\":{\"@id\":\"https:\\\/\\\/sysmatec.ch\\\/en\\\/produit\\\/balance-kern-pns-pnj\\\/#primaryimage\"},\"thumbnailUrl\":\"https:\\\/\\\/sysmatec.ch\\\/wp-content\\\/uploads\\\/2021\\\/03\\\/Balance_PNS-600-3-scaled.jpg\",\"datePublished\":\"2021-03-23T19:05:59+00:00\",\"dateModified\":\"2021-11-26T09:52:01+00:00\",\"description\":\"Precision balance, different versions for a measuring range up to 12,000 g. Ideal as a laboratory balance.\",\"breadcrumb\":{\"@id\":\"https:\\\/\\\/sysmatec.ch\\\/en\\\/produit\\\/balance-kern-pns-pnj\\\/#breadcrumb\"},\"inLanguage\":\"en-US\",\"potentialAction\":[{\"@type\":\"ReadAction\",\"target\":[\"https:\\\/\\\/sysmatec.ch\\\/en\\\/produit\\\/balance-kern-pns-pnj\\\/\"]}]},{\"@type\":\"ImageObject\",\"inLanguage\":\"en-US\",\"@id\":\"https:\\\/\\\/sysmatec.ch\\\/en\\\/produit\\\/balance-kern-pns-pnj\\\/#primaryimage\",\"url\":\"https:\\\/\\\/sysmatec.ch\\\/wp-content\\\/uploads\\\/2021\\\/03\\\/Balance_PNS-600-3-scaled.jpg\",\"contentUrl\":\"https:\\\/\\\/sysmatec.ch\\\/wp-content\\\/uploads\\\/2021\\\/03\\\/Balance_PNS-600-3-scaled.jpg\",\"width\":2560,\"height\":2254},{\"@type\":\"BreadcrumbList\",\"@id\":\"https:\\\/\\\/sysmatec.ch\\\/en\\\/produit\\\/balance-kern-pns-pnj\\\/#breadcrumb\",\"itemListElement\":[{\"@type\":\"ListItem\",\"position\":1,\"name\":\"Accueil\",\"item\":\"https:\\\/\\\/sysmatec.ch\\\/en\\\/\"},{\"@type\":\"ListItem\",\"position\":2,\"name\":\"Sysmatec Activities\",\"item\":\"https:\\\/\\\/sysmatec.ch\\\/en\\\/\"},{\"@type\":\"ListItem\",\"position\":3,\"name\":\"Balance KERN PNS \\\/ PNJ\"}]},{\"@type\":\"WebSite\",\"@id\":\"https:\\\/\\\/sysmatec.ch\\\/de\\\/#website\",\"url\":\"https:\\\/\\\/sysmatec.ch\\\/de\\\/\",\"name\":\"Sysmatec\",\"description\":\"Equipement de laboratoire et logiciels\",\"publisher\":{\"@id\":\"https:\\\/\\\/sysmatec.ch\\\/de\\\/#organization\"},\"potentialAction\":[{\"@type\":\"SearchAction\",\"target\":{\"@type\":\"EntryPoint\",\"urlTemplate\":\"https:\\\/\\\/sysmatec.ch\\\/de\\\/?s={search_term_string}\"},\"query-input\":{\"@type\":\"PropertyValueSpecification\",\"valueRequired\":true,\"valueName\":\"search_term_string\"}}],\"inLanguage\":\"en-US\"},{\"@type\":\"Organization\",\"@id\":\"https:\\\/\\\/sysmatec.ch\\\/de\\\/#organization\",\"name\":\"Sysmatec\",\"url\":\"https:\\\/\\\/sysmatec.ch\\\/de\\\/\",\"logo\":{\"@type\":\"ImageObject\",\"inLanguage\":\"en-US\",\"@id\":\"https:\\\/\\\/sysmatec.ch\\\/de\\\/#\\\/schema\\\/logo\\\/image\\\/\",\"url\":\"https:\\\/\\\/sysmatec.ch\\\/wp-content\\\/uploads\\\/2018\\\/11\\\/LogoSysmatec.jpg\",\"contentUrl\":\"https:\\\/\\\/sysmatec.ch\\\/wp-content\\\/uploads\\\/2018\\\/11\\\/LogoSysmatec.jpg\",\"width\":301,\"height\":297,\"caption\":\"Sysmatec\"},\"image\":{\"@id\":\"https:\\\/\\\/sysmatec.ch\\\/de\\\/#\\\/schema\\\/logo\\\/image\\\/\"}}]}<\/script>\n<!-- \/ Yoast SEO plugin. -->","yoast_head_json":{"title":"Balance KERN PNS \/ PNJ - Sysmatec","description":"Precision balance, different versions for a measuring range up to 12,000 g. Ideal as a laboratory balance.","robots":{"index":"index","follow":"follow","max-snippet":"max-snippet:-1","max-image-preview":"max-image-preview:large","max-video-preview":"max-video-preview:-1"},"canonical":"https:\/\/sysmatec.ch\/en\/produit\/balance-kern-pns-pnj\/","og_locale":"en_US","og_type":"article","og_title":"Balance KERN PNS \/ PNJ - Sysmatec","og_description":"Precision balance, different versions for a measuring range up to 12,000 g. Ideal as a laboratory balance.","og_url":"https:\/\/sysmatec.ch\/en\/produit\/balance-kern-pns-pnj\/","og_site_name":"Sysmatec","article_modified_time":"2021-11-26T09:52:01+00:00","og_image":[{"width":1024,"height":902,"url":"https:\/\/sysmatec.ch\/wp-content\/uploads\/2021\/03\/Balance_PNS-600-3-1024x902.jpg","type":"image\/jpeg"}],"twitter_card":"summary_large_image","twitter_misc":{"Est. reading time":"1 minute"},"schema":{"@context":"https:\/\/schema.org","@graph":[{"@type":"WebPage","@id":"https:\/\/sysmatec.ch\/en\/produit\/balance-kern-pns-pnj\/","url":"https:\/\/sysmatec.ch\/en\/produit\/balance-kern-pns-pnj\/","name":"Balance KERN PNS \/ PNJ - Sysmatec","isPartOf":{"@id":"https:\/\/sysmatec.ch\/de\/#website"},"primaryImageOfPage":{"@id":"https:\/\/sysmatec.ch\/en\/produit\/balance-kern-pns-pnj\/#primaryimage"},"image":{"@id":"https:\/\/sysmatec.ch\/en\/produit\/balance-kern-pns-pnj\/#primaryimage"},"thumbnailUrl":"https:\/\/sysmatec.ch\/wp-content\/uploads\/2021\/03\/Balance_PNS-600-3-scaled.jpg","datePublished":"2021-03-23T19:05:59+00:00","dateModified":"2021-11-26T09:52:01+00:00","description":"Precision balance, different versions for a measuring range up to 12,000 g. Ideal as a laboratory balance.","breadcrumb":{"@id":"https:\/\/sysmatec.ch\/en\/produit\/balance-kern-pns-pnj\/#breadcrumb"},"inLanguage":"en-US","potentialAction":[{"@type":"ReadAction","target":["https:\/\/sysmatec.ch\/en\/produit\/balance-kern-pns-pnj\/"]}]},{"@type":"ImageObject","inLanguage":"en-US","@id":"https:\/\/sysmatec.ch\/en\/produit\/balance-kern-pns-pnj\/#primaryimage","url":"https:\/\/sysmatec.ch\/wp-content\/uploads\/2021\/03\/Balance_PNS-600-3-scaled.jpg","contentUrl":"https:\/\/sysmatec.ch\/wp-content\/uploads\/2021\/03\/Balance_PNS-600-3-scaled.jpg","width":2560,"height":2254},{"@type":"BreadcrumbList","@id":"https:\/\/sysmatec.ch\/en\/produit\/balance-kern-pns-pnj\/#breadcrumb","itemListElement":[{"@type":"ListItem","position":1,"name":"Accueil","item":"https:\/\/sysmatec.ch\/en\/"},{"@type":"ListItem","position":2,"name":"Sysmatec Activities","item":"https:\/\/sysmatec.ch\/en\/"},{"@type":"ListItem","position":3,"name":"Balance KERN PNS \/ PNJ"}]},{"@type":"WebSite","@id":"https:\/\/sysmatec.ch\/de\/#website","url":"https:\/\/sysmatec.ch\/de\/","name":"Sysmatec","description":"Equipement de laboratoire et logiciels","publisher":{"@id":"https:\/\/sysmatec.ch\/de\/#organization"},"potentialAction":[{"@type":"SearchAction","target":{"@type":"EntryPoint","urlTemplate":"https:\/\/sysmatec.ch\/de\/?s={search_term_string}"},"query-input":{"@type":"PropertyValueSpecification","valueRequired":true,"valueName":"search_term_string"}}],"inLanguage":"en-US"},{"@type":"Organization","@id":"https:\/\/sysmatec.ch\/de\/#organization","name":"Sysmatec","url":"https:\/\/sysmatec.ch\/de\/","logo":{"@type":"ImageObject","inLanguage":"en-US","@id":"https:\/\/sysmatec.ch\/de\/#\/schema\/logo\/image\/","url":"https:\/\/sysmatec.ch\/wp-content\/uploads\/2018\/11\/LogoSysmatec.jpg","contentUrl":"https:\/\/sysmatec.ch\/wp-content\/uploads\/2018\/11\/LogoSysmatec.jpg","width":301,"height":297,"caption":"Sysmatec"},"image":{"@id":"https:\/\/sysmatec.ch\/de\/#\/schema\/logo\/image\/"}}]}},"_links":{"self":[{"href":"https:\/\/sysmatec.ch\/en\/wp-json\/wp\/v2\/product\/22727","targetHints":{"allow":["GET"]}}],"collection":[{"href":"https:\/\/sysmatec.ch\/en\/wp-json\/wp\/v2\/product"}],"about":[{"href":"https:\/\/sysmatec.ch\/en\/wp-json\/wp\/v2\/types\/product"}],"wp:featuredmedia":[{"embeddable":true,"href":"https:\/\/sysmatec.ch\/en\/wp-json\/wp\/v2\/media\/22809"}],"wp:attachment":[{"href":"https:\/\/sysmatec.ch\/en\/wp-json\/wp\/v2\/media?parent=22727"}],"wp:term":[{"taxonomy":"product_brand","embeddable":true,"href":"https:\/\/sysmatec.ch\/en\/wp-json\/wp\/v2\/product_brand?post=22727"},{"taxonomy":"product_cat","embeddable":true,"href":"https:\/\/sysmatec.ch\/en\/wp-json\/wp\/v2\/product_cat?post=22727"},{"taxonomy":"product_tag","embeddable":true,"href":"https:\/\/sysmatec.ch\/en\/wp-json\/wp\/v2\/product_tag?post=22727"}],"curies":[{"name":"wp","href":"https:\/\/api.w.org\/{rel}","templated":true}]}}