{"id":1981,"date":"2019-01-20T17:35:45","date_gmt":"2019-01-20T16:35:45","guid":{"rendered":"https:\/\/sysmatec.ch\/produit\/microtome-manuel-razor\/"},"modified":"2022-03-05T21:39:20","modified_gmt":"2022-03-05T20:39:20","slug":"manual-rotary-microtome-razor","status":"publish","type":"product","link":"https:\/\/sysmatec.ch\/en\/product\/manual-rotary-microtome-razor\/","title":{"rendered":"Manual Rotary Microtome RAZOR"},"content":{"rendered":"<p>The Razor manual microtome offeres sophisticated features for precise sectioning of paraffin embedded specimen. It uses blade holder for disposable blades.<\/p>\n<p>Highest Safety Standards<\/p>\n<ul>\n<li type=\"disc\">With the conveniently integrated locking lever on the hand wheel the rotation of the wheel can be locked at one of the 24 locking positions.<\/li>\n<li type=\"disc\">The protection guard is to cover the cutting edge when the blade is inserted into the blade holder.<\/li>\n<\/ul>\n<p>Section thickness range<\/p>\n<ul>\n<li type=\"disc\">0.5 \u00b5m \u2013 2 \u00b5m, 0.5 \u00b5m increments<\/li>\n<li type=\"disc\">2 \u00b5m \u2013 10 \u00b5m, 1 \u00b5m increments<\/li>\n<li type=\"disc\">10 \u00b5m \u2013 20 \u00b5m, 2 \u00b5m increments<\/li>\n<li type=\"disc\">20 \u00b5m \u2013 60 \u00b5m, 5 \u00b5m increments<\/li>\n<\/ul>\n<p>Specimen vertical stroke: 70 mm<\/p>\n<p>Specimen horizontally stroke: 40 mm<\/p>\n<p>Dimensions (W\u00d7D\u00d7H) 460\u00d7460\u00d7280 mm<\/p>\n<p>Weight 36 kg<\/p>\n","protected":false},"excerpt":{"rendered":"<p>Manual rotary microtome for thicknesses from 0.5 microns to 60 microns.<\/p>\n","protected":false},"featured_media":1450,"template":"","meta":{"_crdt_document":""},"product_brand":[],"product_cat":[100],"product_tag":[],"class_list":{"0":"post-1981","1":"product","2":"type-product","3":"status-publish","4":"has-post-thumbnail","6":"product_cat-microscopy","8":"first","9":"instock","10":"taxable","11":"shipping-taxable","12":"product-type-simple"},"yoast_head":"<!-- This site is optimized with the Yoast SEO plugin v27.3 - https:\/\/yoast.com\/product\/yoast-seo-wordpress\/ -->\n<title>Manual Rotary Microtome RAZOR - Sysmatec<\/title>\n<meta name=\"description\" content=\"Microtome for making sections in samples embedded in paraffin. Thicknesses from 0.5 microns to 60 microns.\" \/>\n<meta name=\"robots\" content=\"index, follow, max-snippet:-1, max-image-preview:large, max-video-preview:-1\" \/>\n<link rel=\"canonical\" href=\"https:\/\/sysmatec.ch\/en\/produit\/manual-rotary-microtome-razor\/\" \/>\n<meta property=\"og:locale\" content=\"en_US\" \/>\n<meta property=\"og:type\" content=\"article\" \/>\n<meta property=\"og:title\" content=\"Manual Rotary Microtome RAZOR - Sysmatec\" \/>\n<meta property=\"og:description\" content=\"Microtome for making sections in samples embedded in paraffin. Thicknesses from 0.5 microns to 60 microns.\" \/>\n<meta property=\"og:url\" content=\"https:\/\/sysmatec.ch\/en\/produit\/manual-rotary-microtome-razor\/\" \/>\n<meta property=\"og:site_name\" content=\"Sysmatec\" \/>\n<meta property=\"article:modified_time\" content=\"2022-03-05T20:39:20+00:00\" \/>\n<meta property=\"og:image\" content=\"https:\/\/sysmatec.ch\/wp-content\/uploads\/2019\/01\/Microscopie_MicrosRazor1.jpg\" \/>\n\t<meta property=\"og:image:width\" content=\"180\" \/>\n\t<meta property=\"og:image:height\" content=\"222\" \/>\n\t<meta property=\"og:image:type\" content=\"image\/jpeg\" \/>\n<meta name=\"twitter:card\" content=\"summary_large_image\" \/>\n<meta name=\"twitter:label1\" content=\"Est. reading time\" \/>\n\t<meta name=\"twitter:data1\" content=\"1 minute\" \/>\n<script type=\"application\/ld+json\" class=\"yoast-schema-graph\">{\"@context\":\"https:\\\/\\\/schema.org\",\"@graph\":[{\"@type\":\"WebPage\",\"@id\":\"https:\\\/\\\/sysmatec.ch\\\/en\\\/produit\\\/manual-rotary-microtome-razor\\\/\",\"url\":\"https:\\\/\\\/sysmatec.ch\\\/en\\\/produit\\\/manual-rotary-microtome-razor\\\/\",\"name\":\"Manual Rotary Microtome RAZOR - Sysmatec\",\"isPartOf\":{\"@id\":\"https:\\\/\\\/sysmatec.ch\\\/de\\\/#website\"},\"primaryImageOfPage\":{\"@id\":\"https:\\\/\\\/sysmatec.ch\\\/en\\\/produit\\\/manual-rotary-microtome-razor\\\/#primaryimage\"},\"image\":{\"@id\":\"https:\\\/\\\/sysmatec.ch\\\/en\\\/produit\\\/manual-rotary-microtome-razor\\\/#primaryimage\"},\"thumbnailUrl\":\"https:\\\/\\\/sysmatec.ch\\\/wp-content\\\/uploads\\\/2019\\\/01\\\/Microscopie_MicrosRazor1.jpg\",\"datePublished\":\"2019-01-20T16:35:45+00:00\",\"dateModified\":\"2022-03-05T20:39:20+00:00\",\"description\":\"Microtome for making sections in samples embedded in paraffin. Thicknesses from 0.5 microns to 60 microns.\",\"breadcrumb\":{\"@id\":\"https:\\\/\\\/sysmatec.ch\\\/en\\\/produit\\\/manual-rotary-microtome-razor\\\/#breadcrumb\"},\"inLanguage\":\"en-US\",\"potentialAction\":[{\"@type\":\"ReadAction\",\"target\":[\"https:\\\/\\\/sysmatec.ch\\\/en\\\/produit\\\/manual-rotary-microtome-razor\\\/\"]}]},{\"@type\":\"ImageObject\",\"inLanguage\":\"en-US\",\"@id\":\"https:\\\/\\\/sysmatec.ch\\\/en\\\/produit\\\/manual-rotary-microtome-razor\\\/#primaryimage\",\"url\":\"https:\\\/\\\/sysmatec.ch\\\/wp-content\\\/uploads\\\/2019\\\/01\\\/Microscopie_MicrosRazor1.jpg\",\"contentUrl\":\"https:\\\/\\\/sysmatec.ch\\\/wp-content\\\/uploads\\\/2019\\\/01\\\/Microscopie_MicrosRazor1.jpg\",\"width\":180,\"height\":222},{\"@type\":\"BreadcrumbList\",\"@id\":\"https:\\\/\\\/sysmatec.ch\\\/en\\\/produit\\\/manual-rotary-microtome-razor\\\/#breadcrumb\",\"itemListElement\":[{\"@type\":\"ListItem\",\"position\":1,\"name\":\"Accueil\",\"item\":\"https:\\\/\\\/sysmatec.ch\\\/en\\\/\"},{\"@type\":\"ListItem\",\"position\":2,\"name\":\"Sysmatec Activities\",\"item\":\"https:\\\/\\\/sysmatec.ch\\\/en\\\/\"},{\"@type\":\"ListItem\",\"position\":3,\"name\":\"Manual Rotary Microtome RAZOR\"}]},{\"@type\":\"WebSite\",\"@id\":\"https:\\\/\\\/sysmatec.ch\\\/de\\\/#website\",\"url\":\"https:\\\/\\\/sysmatec.ch\\\/de\\\/\",\"name\":\"Sysmatec\",\"description\":\"Equipement de laboratoire et logiciels\",\"publisher\":{\"@id\":\"https:\\\/\\\/sysmatec.ch\\\/de\\\/#organization\"},\"potentialAction\":[{\"@type\":\"SearchAction\",\"target\":{\"@type\":\"EntryPoint\",\"urlTemplate\":\"https:\\\/\\\/sysmatec.ch\\\/de\\\/?s={search_term_string}\"},\"query-input\":{\"@type\":\"PropertyValueSpecification\",\"valueRequired\":true,\"valueName\":\"search_term_string\"}}],\"inLanguage\":\"en-US\"},{\"@type\":\"Organization\",\"@id\":\"https:\\\/\\\/sysmatec.ch\\\/de\\\/#organization\",\"name\":\"Sysmatec\",\"url\":\"https:\\\/\\\/sysmatec.ch\\\/de\\\/\",\"logo\":{\"@type\":\"ImageObject\",\"inLanguage\":\"en-US\",\"@id\":\"https:\\\/\\\/sysmatec.ch\\\/de\\\/#\\\/schema\\\/logo\\\/image\\\/\",\"url\":\"https:\\\/\\\/sysmatec.ch\\\/wp-content\\\/uploads\\\/2018\\\/11\\\/LogoSysmatec.jpg\",\"contentUrl\":\"https:\\\/\\\/sysmatec.ch\\\/wp-content\\\/uploads\\\/2018\\\/11\\\/LogoSysmatec.jpg\",\"width\":301,\"height\":297,\"caption\":\"Sysmatec\"},\"image\":{\"@id\":\"https:\\\/\\\/sysmatec.ch\\\/de\\\/#\\\/schema\\\/logo\\\/image\\\/\"}}]}<\/script>\n<!-- \/ Yoast SEO plugin. -->","yoast_head_json":{"title":"Manual Rotary Microtome RAZOR - Sysmatec","description":"Microtome for making sections in samples embedded in paraffin. Thicknesses from 0.5 microns to 60 microns.","robots":{"index":"index","follow":"follow","max-snippet":"max-snippet:-1","max-image-preview":"max-image-preview:large","max-video-preview":"max-video-preview:-1"},"canonical":"https:\/\/sysmatec.ch\/en\/produit\/manual-rotary-microtome-razor\/","og_locale":"en_US","og_type":"article","og_title":"Manual Rotary Microtome RAZOR - Sysmatec","og_description":"Microtome for making sections in samples embedded in paraffin. Thicknesses from 0.5 microns to 60 microns.","og_url":"https:\/\/sysmatec.ch\/en\/produit\/manual-rotary-microtome-razor\/","og_site_name":"Sysmatec","article_modified_time":"2022-03-05T20:39:20+00:00","og_image":[{"width":180,"height":222,"url":"https:\/\/sysmatec.ch\/wp-content\/uploads\/2019\/01\/Microscopie_MicrosRazor1.jpg","type":"image\/jpeg"}],"twitter_card":"summary_large_image","twitter_misc":{"Est. reading time":"1 minute"},"schema":{"@context":"https:\/\/schema.org","@graph":[{"@type":"WebPage","@id":"https:\/\/sysmatec.ch\/en\/produit\/manual-rotary-microtome-razor\/","url":"https:\/\/sysmatec.ch\/en\/produit\/manual-rotary-microtome-razor\/","name":"Manual Rotary Microtome RAZOR - Sysmatec","isPartOf":{"@id":"https:\/\/sysmatec.ch\/de\/#website"},"primaryImageOfPage":{"@id":"https:\/\/sysmatec.ch\/en\/produit\/manual-rotary-microtome-razor\/#primaryimage"},"image":{"@id":"https:\/\/sysmatec.ch\/en\/produit\/manual-rotary-microtome-razor\/#primaryimage"},"thumbnailUrl":"https:\/\/sysmatec.ch\/wp-content\/uploads\/2019\/01\/Microscopie_MicrosRazor1.jpg","datePublished":"2019-01-20T16:35:45+00:00","dateModified":"2022-03-05T20:39:20+00:00","description":"Microtome for making sections in samples embedded in paraffin. Thicknesses from 0.5 microns to 60 microns.","breadcrumb":{"@id":"https:\/\/sysmatec.ch\/en\/produit\/manual-rotary-microtome-razor\/#breadcrumb"},"inLanguage":"en-US","potentialAction":[{"@type":"ReadAction","target":["https:\/\/sysmatec.ch\/en\/produit\/manual-rotary-microtome-razor\/"]}]},{"@type":"ImageObject","inLanguage":"en-US","@id":"https:\/\/sysmatec.ch\/en\/produit\/manual-rotary-microtome-razor\/#primaryimage","url":"https:\/\/sysmatec.ch\/wp-content\/uploads\/2019\/01\/Microscopie_MicrosRazor1.jpg","contentUrl":"https:\/\/sysmatec.ch\/wp-content\/uploads\/2019\/01\/Microscopie_MicrosRazor1.jpg","width":180,"height":222},{"@type":"BreadcrumbList","@id":"https:\/\/sysmatec.ch\/en\/produit\/manual-rotary-microtome-razor\/#breadcrumb","itemListElement":[{"@type":"ListItem","position":1,"name":"Accueil","item":"https:\/\/sysmatec.ch\/en\/"},{"@type":"ListItem","position":2,"name":"Sysmatec Activities","item":"https:\/\/sysmatec.ch\/en\/"},{"@type":"ListItem","position":3,"name":"Manual Rotary Microtome RAZOR"}]},{"@type":"WebSite","@id":"https:\/\/sysmatec.ch\/de\/#website","url":"https:\/\/sysmatec.ch\/de\/","name":"Sysmatec","description":"Equipement de laboratoire et logiciels","publisher":{"@id":"https:\/\/sysmatec.ch\/de\/#organization"},"potentialAction":[{"@type":"SearchAction","target":{"@type":"EntryPoint","urlTemplate":"https:\/\/sysmatec.ch\/de\/?s={search_term_string}"},"query-input":{"@type":"PropertyValueSpecification","valueRequired":true,"valueName":"search_term_string"}}],"inLanguage":"en-US"},{"@type":"Organization","@id":"https:\/\/sysmatec.ch\/de\/#organization","name":"Sysmatec","url":"https:\/\/sysmatec.ch\/de\/","logo":{"@type":"ImageObject","inLanguage":"en-US","@id":"https:\/\/sysmatec.ch\/de\/#\/schema\/logo\/image\/","url":"https:\/\/sysmatec.ch\/wp-content\/uploads\/2018\/11\/LogoSysmatec.jpg","contentUrl":"https:\/\/sysmatec.ch\/wp-content\/uploads\/2018\/11\/LogoSysmatec.jpg","width":301,"height":297,"caption":"Sysmatec"},"image":{"@id":"https:\/\/sysmatec.ch\/de\/#\/schema\/logo\/image\/"}}]}},"_links":{"self":[{"href":"https:\/\/sysmatec.ch\/en\/wp-json\/wp\/v2\/product\/1981","targetHints":{"allow":["GET"]}}],"collection":[{"href":"https:\/\/sysmatec.ch\/en\/wp-json\/wp\/v2\/product"}],"about":[{"href":"https:\/\/sysmatec.ch\/en\/wp-json\/wp\/v2\/types\/product"}],"wp:featuredmedia":[{"embeddable":true,"href":"https:\/\/sysmatec.ch\/en\/wp-json\/wp\/v2\/media\/1450"}],"wp:attachment":[{"href":"https:\/\/sysmatec.ch\/en\/wp-json\/wp\/v2\/media?parent=1981"}],"wp:term":[{"taxonomy":"product_brand","embeddable":true,"href":"https:\/\/sysmatec.ch\/en\/wp-json\/wp\/v2\/product_brand?post=1981"},{"taxonomy":"product_cat","embeddable":true,"href":"https:\/\/sysmatec.ch\/en\/wp-json\/wp\/v2\/product_cat?post=1981"},{"taxonomy":"product_tag","embeddable":true,"href":"https:\/\/sysmatec.ch\/en\/wp-json\/wp\/v2\/product_tag?post=1981"}],"curies":[{"name":"wp","href":"https:\/\/api.w.org\/{rel}","templated":true}]}}