{"id":14602,"date":"2019-12-14T17:45:10","date_gmt":"2019-12-14T16:53:56","guid":{"rendered":"https:\/\/sysmatec.ch\/?post_type=product&#038;p=14602"},"modified":"2021-12-05T10:49:16","modified_gmt":"2021-12-05T09:49:16","slug":"filtra-bag-sampling-bag","status":"publish","type":"product","link":"https:\/\/sysmatec.ch\/en\/product\/filtra-bag-sampling-bag\/","title":{"rendered":"FILTRA-BAG sampling bag"},"content":{"rendered":"<p>Once in the laboratory, the solid samples must be homogenized and separated. Labplas FILTRA-BAGs are perfect for use in a homogenizer.<\/p>\n<p>Filter bags for Labplas FILTRA-BAG mixers have a design that makes it easy to take aliquot with samples containing a lot of residue and \/ or semi-solid \/ solid substances. When adding the aliquot to the culture medium, it is essential that the volume of aliquot is precise and free of any solid. This prevents blocking of the pipettes and uneven dispensing.<br \/>\nExternal polyethylene \/ PET membrane which eliminates any risk of piercing the walls of the bag during grinding<br \/>\nFilter membrane with 1840 holes per square inch with a pore diameter of 330 microns to ensure optimal passage between the compartments during grinding<\/p>\n<h2>How to use the sampling bag<\/h2>\n<ul>\n<li>Insert the solid sample on the printed side of the FILTRA-BAG<\/li>\n<li>Pass the bag through a full cycle of homogenizer<\/li>\n<li>Insert the pipette on the clear side of the bag and take the aliquot.<\/li>\n<\/ul>\n<h3>FILTRA-BAG Open &#8211; Clear<\/h3>\n<div class=\"table-responsive\">\n<table class=\"table table-striped\">\n<tbody>\n<tr>\n<th>Code<\/th>\n<th>mil. po<\/th>\n<th>micr.<\/th>\n<th>po x po<\/th>\n<th>mm x mm<\/th>\n<th>oz<\/th>\n<th>ml<\/th>\n<th>Packaging<\/th>\n<\/tr>\n<tr>\n<td>SCTO7012A &#8211; Pour broyeur serie 400<\/td>\n<td>4.0<\/td>\n<td>101<\/td>\n<td>7 x 12<\/td>\n<td>178 x 305<\/td>\n<td>55<\/td>\n<td>1650<\/td>\n<td>Cs\/400 (4&#215;100)<\/td>\n<\/tr>\n<\/tbody>\n<\/table>\n<\/div>\n<h3>FILTRA-BAG with detachable strip &#8211; Clear<\/h3>\n<div class=\"table-responsive\">\n<table class=\"table table-striped\">\n<tbody>\n<tr>\n<th>Code<\/th>\n<th>mil. po<\/th>\n<th>micr.<\/th>\n<th>po x po<\/th>\n<th>mm x mm<\/th>\n<th>oz<\/th>\n<th>ml<\/th>\n<th>Packaging<\/th>\n<\/tr>\n<tr>\n<td>SCT-6090A &#8211; Pour broyeur serie 400<\/td>\n<td>4.0<\/td>\n<td>101<\/td>\n<td>6 x 9<\/td>\n<td>152 x 229<\/td>\n<td>24<\/td>\n<td>710<\/td>\n<td>Cs\/400 (4&#215;100)<\/td>\n<\/tr>\n<tr>\n<td>SCT-7012A &#8211; Pour broyeur serie 400<\/td>\n<td>4.0<\/td>\n<td>101<\/td>\n<td>7 x 12<\/td>\n<td>178 x 305<\/td>\n<td>55<\/td>\n<td>1650<\/td>\n<td>Cs\/400 (4&#215;100)<\/td>\n<\/tr>\n<tr>\n<td>SCT-1015A &#8211; Pour broyeur serie 3500<\/td>\n<td>4.0<\/td>\n<td>101<\/td>\n<td>10 x 15<\/td>\n<td>254 x 381<\/td>\n<td>92<\/td>\n<td>2720<\/td>\n<td>Cs\/400 (4&#215;100)<\/td>\n<\/tr>\n<tr>\n<td>SCT-1515A &#8211; Pour broyeur serie 3500<\/td>\n<td>4.0<\/td>\n<td>101<\/td>\n<td>15 x 15<\/td>\n<td>381 x 381<\/td>\n<td>138<\/td>\n<td>4000<\/td>\n<td>Cs\/200 (2&#215;100)<\/td>\n<\/tr>\n<tr>\n<td>SCT-1520A &#8211; Pour broyeur serie 3500<\/td>\n<td>4.0<\/td>\n<td>101<\/td>\n<td>15 x 20<\/td>\n<td>381 x 508<\/td>\n<td>405<\/td>\n<td>12L<\/td>\n<td>Cs\/200 (2&#215;100)<\/td>\n<\/tr>\n<\/tbody>\n<\/table>\n<\/div>\n<h3>FILTRA-BAG &#8211; Covered ends &#8211; Clear &#8211; Tie 1 round wire and 1 strip<\/h3>\n<div class=\"table-responsive\">\n<table class=\"table table-striped\">\n<tbody>\n<tr>\n<th>Code<\/th>\n<th>mil. po<\/th>\n<th>micr.<\/th>\n<th>po x po<\/th>\n<th>mm x mm<\/th>\n<th>oz<\/th>\n<th>ml<\/th>\n<th>Packaging<\/th>\n<\/tr>\n<tr>\n<td>EFT-6090A &#8211; Pour broyeur serie 400<\/td>\n<td>4.0<\/td>\n<td>101<\/td>\n<td>6 x 9<\/td>\n<td>152 x 229<\/td>\n<td>24<\/td>\n<td>710<\/td>\n<td>Cs\/400 (4&#215;100)<\/td>\n<\/tr>\n<tr>\n<td>EFT-7012A &#8211; Pour broyeur serie 400<\/td>\n<td>4.0<\/td>\n<td>101<\/td>\n<td>7 x 12<\/td>\n<td>178 x 305<\/td>\n<td>55<\/td>\n<td>1650<\/td>\n<td>Cs\/400 (4&#215;100)<\/td>\n<\/tr>\n<tr>\n<td>EFT-1015A &#8211; Pour broyeur serie 3500<\/td>\n<td>4.0<\/td>\n<td>101<\/td>\n<td>10 x 15<\/td>\n<td>254 x 381<\/td>\n<td>92<\/td>\n<td>2720<\/td>\n<td>Cs\/400 (4&#215;100)<\/td>\n<\/tr>\n<tr>\n<td>EFT-1515A &#8211; Pour broyeur serie 3500<\/td>\n<td>4.0<\/td>\n<td>101<\/td>\n<td>15 x 15<\/td>\n<td>381 x 381<\/td>\n<td>138<\/td>\n<td>4000<\/td>\n<td>Cs\/200 (2&#215;100)<\/td>\n<\/tr>\n<tr>\n<td>EFT-1520A &#8211; Pour broyeur serie 3500<\/td>\n<td>4.0<\/td>\n<td>101<\/td>\n<td>15 x 20<\/td>\n<td>381 x 508<\/td>\n<td>405<\/td>\n<td>12L<\/td>\n<td>Cs\/200 (2&#215;100)<\/td>\n<\/tr>\n<\/tbody>\n<\/table>\n<\/div>\n","protected":false},"excerpt":{"rendered":"<p>Sac d&#8217;\u00e9chantillonnage pour homog\u00e9n\u00e9isateur<\/p>\n","protected":false},"featured_media":14599,"template":"","meta":{"_crdt_document":""},"product_brand":[],"product_cat":[278,132],"product_tag":[],"class_list":{"0":"post-14602","1":"product","2":"type-product","3":"status-publish","4":"has-post-thumbnail","6":"product_cat-consumable","7":"product_cat-sample","9":"first","10":"instock","11":"taxable","12":"shipping-taxable","13":"product-type-simple"},"yoast_head":"<!-- This site is optimized with the Yoast SEO plugin v27.4 - https:\/\/yoast.com\/product\/yoast-seo-wordpress\/ -->\n<title>FILTRA-BAG sampling bag - Sysmatec<\/title>\n<meta name=\"description\" content=\"Sampling bag for crusher. It has two compartments separated by a filter making it possible to obtain a sample free of solids.\" \/>\n<meta name=\"robots\" content=\"index, follow, max-snippet:-1, max-image-preview:large, max-video-preview:-1\" \/>\n<link rel=\"canonical\" href=\"https:\/\/sysmatec.ch\/en\/produit\/filtra-bag-sampling-bag\/\" \/>\n<meta property=\"og:locale\" content=\"en_US\" \/>\n<meta property=\"og:type\" content=\"article\" \/>\n<meta property=\"og:title\" content=\"FILTRA-BAG sampling bag - Sysmatec\" \/>\n<meta property=\"og:description\" content=\"Sampling bag for crusher. It has two compartments separated by a filter making it possible to obtain a sample free of solids.\" \/>\n<meta property=\"og:url\" content=\"https:\/\/sysmatec.ch\/en\/produit\/filtra-bag-sampling-bag\/\" \/>\n<meta property=\"og:site_name\" content=\"Sysmatec\" \/>\n<meta property=\"article:modified_time\" content=\"2021-12-05T09:49:16+00:00\" \/>\n<meta property=\"og:image\" content=\"https:\/\/sysmatec.ch\/wp-content\/uploads\/2019\/12\/SacEchantillon_FiltraBag3.jpg\" \/>\n\t<meta property=\"og:image:width\" content=\"1000\" \/>\n\t<meta property=\"og:image:height\" content=\"1000\" \/>\n\t<meta property=\"og:image:type\" content=\"image\/jpeg\" \/>\n<meta name=\"twitter:card\" content=\"summary_large_image\" \/>\n<meta name=\"twitter:label1\" content=\"Est. reading time\" \/>\n\t<meta name=\"twitter:data1\" content=\"2 minutes\" \/>\n<script type=\"application\/ld+json\" class=\"yoast-schema-graph\">{\"@context\":\"https:\\\/\\\/schema.org\",\"@graph\":[{\"@type\":\"WebPage\",\"@id\":\"https:\\\/\\\/sysmatec.ch\\\/en\\\/produit\\\/filtra-bag-sampling-bag\\\/\",\"url\":\"https:\\\/\\\/sysmatec.ch\\\/en\\\/produit\\\/filtra-bag-sampling-bag\\\/\",\"name\":\"FILTRA-BAG sampling bag - Sysmatec\",\"isPartOf\":{\"@id\":\"https:\\\/\\\/sysmatec.ch\\\/de\\\/#website\"},\"primaryImageOfPage\":{\"@id\":\"https:\\\/\\\/sysmatec.ch\\\/en\\\/produit\\\/filtra-bag-sampling-bag\\\/#primaryimage\"},\"image\":{\"@id\":\"https:\\\/\\\/sysmatec.ch\\\/en\\\/produit\\\/filtra-bag-sampling-bag\\\/#primaryimage\"},\"thumbnailUrl\":\"https:\\\/\\\/sysmatec.ch\\\/wp-content\\\/uploads\\\/2019\\\/12\\\/SacEchantillon_FiltraBag3.jpg\",\"datePublished\":\"2019-12-14T16:53:56+00:00\",\"dateModified\":\"2021-12-05T09:49:16+00:00\",\"description\":\"Sampling bag for crusher. It has two compartments separated by a filter making it possible to obtain a sample free of solids.\",\"breadcrumb\":{\"@id\":\"https:\\\/\\\/sysmatec.ch\\\/en\\\/produit\\\/filtra-bag-sampling-bag\\\/#breadcrumb\"},\"inLanguage\":\"en-US\",\"potentialAction\":[{\"@type\":\"ReadAction\",\"target\":[\"https:\\\/\\\/sysmatec.ch\\\/en\\\/produit\\\/filtra-bag-sampling-bag\\\/\"]}]},{\"@type\":\"ImageObject\",\"inLanguage\":\"en-US\",\"@id\":\"https:\\\/\\\/sysmatec.ch\\\/en\\\/produit\\\/filtra-bag-sampling-bag\\\/#primaryimage\",\"url\":\"https:\\\/\\\/sysmatec.ch\\\/wp-content\\\/uploads\\\/2019\\\/12\\\/SacEchantillon_FiltraBag3.jpg\",\"contentUrl\":\"https:\\\/\\\/sysmatec.ch\\\/wp-content\\\/uploads\\\/2019\\\/12\\\/SacEchantillon_FiltraBag3.jpg\",\"width\":1000,\"height\":1000},{\"@type\":\"BreadcrumbList\",\"@id\":\"https:\\\/\\\/sysmatec.ch\\\/en\\\/produit\\\/filtra-bag-sampling-bag\\\/#breadcrumb\",\"itemListElement\":[{\"@type\":\"ListItem\",\"position\":1,\"name\":\"Accueil\",\"item\":\"https:\\\/\\\/sysmatec.ch\\\/en\\\/\"},{\"@type\":\"ListItem\",\"position\":2,\"name\":\"Sysmatec Activities\",\"item\":\"https:\\\/\\\/sysmatec.ch\\\/en\\\/\"},{\"@type\":\"ListItem\",\"position\":3,\"name\":\"FILTRA-BAG sampling bag\"}]},{\"@type\":\"WebSite\",\"@id\":\"https:\\\/\\\/sysmatec.ch\\\/de\\\/#website\",\"url\":\"https:\\\/\\\/sysmatec.ch\\\/de\\\/\",\"name\":\"Sysmatec\",\"description\":\"Equipement de laboratoire et logiciels\",\"publisher\":{\"@id\":\"https:\\\/\\\/sysmatec.ch\\\/de\\\/#organization\"},\"potentialAction\":[{\"@type\":\"SearchAction\",\"target\":{\"@type\":\"EntryPoint\",\"urlTemplate\":\"https:\\\/\\\/sysmatec.ch\\\/de\\\/?s={search_term_string}\"},\"query-input\":{\"@type\":\"PropertyValueSpecification\",\"valueRequired\":true,\"valueName\":\"search_term_string\"}}],\"inLanguage\":\"en-US\"},{\"@type\":\"Organization\",\"@id\":\"https:\\\/\\\/sysmatec.ch\\\/de\\\/#organization\",\"name\":\"Sysmatec\",\"url\":\"https:\\\/\\\/sysmatec.ch\\\/de\\\/\",\"logo\":{\"@type\":\"ImageObject\",\"inLanguage\":\"en-US\",\"@id\":\"https:\\\/\\\/sysmatec.ch\\\/de\\\/#\\\/schema\\\/logo\\\/image\\\/\",\"url\":\"https:\\\/\\\/sysmatec.ch\\\/wp-content\\\/uploads\\\/2018\\\/11\\\/LogoSysmatec.jpg\",\"contentUrl\":\"https:\\\/\\\/sysmatec.ch\\\/wp-content\\\/uploads\\\/2018\\\/11\\\/LogoSysmatec.jpg\",\"width\":301,\"height\":297,\"caption\":\"Sysmatec\"},\"image\":{\"@id\":\"https:\\\/\\\/sysmatec.ch\\\/de\\\/#\\\/schema\\\/logo\\\/image\\\/\"}}]}<\/script>\n<!-- \/ Yoast SEO plugin. -->","yoast_head_json":{"title":"FILTRA-BAG sampling bag - Sysmatec","description":"Sampling bag for crusher. It has two compartments separated by a filter making it possible to obtain a sample free of solids.","robots":{"index":"index","follow":"follow","max-snippet":"max-snippet:-1","max-image-preview":"max-image-preview:large","max-video-preview":"max-video-preview:-1"},"canonical":"https:\/\/sysmatec.ch\/en\/produit\/filtra-bag-sampling-bag\/","og_locale":"en_US","og_type":"article","og_title":"FILTRA-BAG sampling bag - Sysmatec","og_description":"Sampling bag for crusher. It has two compartments separated by a filter making it possible to obtain a sample free of solids.","og_url":"https:\/\/sysmatec.ch\/en\/produit\/filtra-bag-sampling-bag\/","og_site_name":"Sysmatec","article_modified_time":"2021-12-05T09:49:16+00:00","og_image":[{"width":1000,"height":1000,"url":"https:\/\/sysmatec.ch\/wp-content\/uploads\/2019\/12\/SacEchantillon_FiltraBag3.jpg","type":"image\/jpeg"}],"twitter_card":"summary_large_image","twitter_misc":{"Est. reading time":"2 minutes"},"schema":{"@context":"https:\/\/schema.org","@graph":[{"@type":"WebPage","@id":"https:\/\/sysmatec.ch\/en\/produit\/filtra-bag-sampling-bag\/","url":"https:\/\/sysmatec.ch\/en\/produit\/filtra-bag-sampling-bag\/","name":"FILTRA-BAG sampling bag - Sysmatec","isPartOf":{"@id":"https:\/\/sysmatec.ch\/de\/#website"},"primaryImageOfPage":{"@id":"https:\/\/sysmatec.ch\/en\/produit\/filtra-bag-sampling-bag\/#primaryimage"},"image":{"@id":"https:\/\/sysmatec.ch\/en\/produit\/filtra-bag-sampling-bag\/#primaryimage"},"thumbnailUrl":"https:\/\/sysmatec.ch\/wp-content\/uploads\/2019\/12\/SacEchantillon_FiltraBag3.jpg","datePublished":"2019-12-14T16:53:56+00:00","dateModified":"2021-12-05T09:49:16+00:00","description":"Sampling bag for crusher. It has two compartments separated by a filter making it possible to obtain a sample free of solids.","breadcrumb":{"@id":"https:\/\/sysmatec.ch\/en\/produit\/filtra-bag-sampling-bag\/#breadcrumb"},"inLanguage":"en-US","potentialAction":[{"@type":"ReadAction","target":["https:\/\/sysmatec.ch\/en\/produit\/filtra-bag-sampling-bag\/"]}]},{"@type":"ImageObject","inLanguage":"en-US","@id":"https:\/\/sysmatec.ch\/en\/produit\/filtra-bag-sampling-bag\/#primaryimage","url":"https:\/\/sysmatec.ch\/wp-content\/uploads\/2019\/12\/SacEchantillon_FiltraBag3.jpg","contentUrl":"https:\/\/sysmatec.ch\/wp-content\/uploads\/2019\/12\/SacEchantillon_FiltraBag3.jpg","width":1000,"height":1000},{"@type":"BreadcrumbList","@id":"https:\/\/sysmatec.ch\/en\/produit\/filtra-bag-sampling-bag\/#breadcrumb","itemListElement":[{"@type":"ListItem","position":1,"name":"Accueil","item":"https:\/\/sysmatec.ch\/en\/"},{"@type":"ListItem","position":2,"name":"Sysmatec Activities","item":"https:\/\/sysmatec.ch\/en\/"},{"@type":"ListItem","position":3,"name":"FILTRA-BAG sampling bag"}]},{"@type":"WebSite","@id":"https:\/\/sysmatec.ch\/de\/#website","url":"https:\/\/sysmatec.ch\/de\/","name":"Sysmatec","description":"Equipement de laboratoire et logiciels","publisher":{"@id":"https:\/\/sysmatec.ch\/de\/#organization"},"potentialAction":[{"@type":"SearchAction","target":{"@type":"EntryPoint","urlTemplate":"https:\/\/sysmatec.ch\/de\/?s={search_term_string}"},"query-input":{"@type":"PropertyValueSpecification","valueRequired":true,"valueName":"search_term_string"}}],"inLanguage":"en-US"},{"@type":"Organization","@id":"https:\/\/sysmatec.ch\/de\/#organization","name":"Sysmatec","url":"https:\/\/sysmatec.ch\/de\/","logo":{"@type":"ImageObject","inLanguage":"en-US","@id":"https:\/\/sysmatec.ch\/de\/#\/schema\/logo\/image\/","url":"https:\/\/sysmatec.ch\/wp-content\/uploads\/2018\/11\/LogoSysmatec.jpg","contentUrl":"https:\/\/sysmatec.ch\/wp-content\/uploads\/2018\/11\/LogoSysmatec.jpg","width":301,"height":297,"caption":"Sysmatec"},"image":{"@id":"https:\/\/sysmatec.ch\/de\/#\/schema\/logo\/image\/"}}]}},"_links":{"self":[{"href":"https:\/\/sysmatec.ch\/en\/wp-json\/wp\/v2\/product\/14602","targetHints":{"allow":["GET"]}}],"collection":[{"href":"https:\/\/sysmatec.ch\/en\/wp-json\/wp\/v2\/product"}],"about":[{"href":"https:\/\/sysmatec.ch\/en\/wp-json\/wp\/v2\/types\/product"}],"wp:featuredmedia":[{"embeddable":true,"href":"https:\/\/sysmatec.ch\/en\/wp-json\/wp\/v2\/media\/14599"}],"wp:attachment":[{"href":"https:\/\/sysmatec.ch\/en\/wp-json\/wp\/v2\/media?parent=14602"}],"wp:term":[{"taxonomy":"product_brand","embeddable":true,"href":"https:\/\/sysmatec.ch\/en\/wp-json\/wp\/v2\/product_brand?post=14602"},{"taxonomy":"product_cat","embeddable":true,"href":"https:\/\/sysmatec.ch\/en\/wp-json\/wp\/v2\/product_cat?post=14602"},{"taxonomy":"product_tag","embeddable":true,"href":"https:\/\/sysmatec.ch\/en\/wp-json\/wp\/v2\/product_tag?post=14602"}],"curies":[{"name":"wp","href":"https:\/\/api.w.org\/{rel}","templated":true}]}}