{"id":13665,"date":"2019-11-08T21:07:36","date_gmt":"2019-11-08T20:09:57","guid":{"rendered":"https:\/\/sysmatec.ch\/?post_type=product&#038;p=13665"},"modified":"2021-12-11T14:01:52","modified_gmt":"2021-12-11T13:01:52","slug":"multichannel-peristaltic-pump-ipump2ldg-2","status":"publish","type":"product","link":"https:\/\/sysmatec.ch\/en\/product\/multichannel-peristaltic-pump-ipump2ldg-2\/","title":{"rendered":"Multichannel peristaltic pump iPump2L+DG"},"content":{"rendered":"<h2>Features of the peristaltic pump<\/h2>\n<ul>\n<li type=\"disc\">4 to 6 channels<\/li>\n<li type=\"disc\">Flow rate:0.00001 to 75.12 mL\/min, depending on the tube diameter<\/li>\n<li type=\"disc\">Applicable pump heads:DG-4, DG-6, DG8, DG 12<\/li>\n<li type=\"disc\">Flow rate and speed display<\/li>\n<li type=\"disc\">Flow rate calibration function, Flow accuracy\u00b10.5%<\/li>\n<li type=\"disc\">3 mode: speed, flow rate, time<\/li>\n<li type=\"disc\">Speed adjustable (clockwise and counterclockwise direction)<\/li>\n<li type=\"disc\">MAX speed key, prompt tube filling and emptying or for easy cleaning<\/li>\n<li type=\"disc\">Foot switch for choice for more convenient operation.<\/li>\n<li type=\"disc\">Stepper motor drive,128 times segmentation<\/li>\n<li type=\"disc\">Power down memory function, storing the running parameters automatically,safe and reliable.<\/li>\n<li type=\"disc\">Tube wall thickness: 0.8-1 mm<\/li>\n<li type=\"disc\">Max tube outer diameter: 3.17 mm<\/li>\n<li type=\"disc\">Speed range 0.01 to 200 RPM<\/li>\n<li type=\"disc\">Speed resolution 0.01 to 1 RPM<\/li>\n<li type=\"disc\">RS485 communication interface (Generic Modbus statute)<\/li>\n<li type=\"disc\">Optionnal 0-5 V, 0-10 V, 4-20 mA inputs<\/li>\n<li type=\"disc\">Power consumption &lt;35W<\/li>\n<li type=\"disc\">Power supply AC 176-264V, 50Hz\/60Hz<\/li>\n<li type=\"disc\">Drive Dimension (L\u00d7W\u00d7H): 292 mm\u00d7208mm\u00d7180 mm (not including the pump head)<\/li>\n<li type=\"disc\">Weight: 4 kg<\/li>\n<li type=\"disc\">IP31<\/li>\n<\/ul>\n<table border=\"1\" width=\"582\" cellspacing=\"0\" cellpadding=\"2\">\n<tbody>\n<tr>\n<td>Model<\/td>\n<td>Rollers<\/td>\n<td>Channel<\/td>\n<td>Flow rate (ml\/min) depending on tube size<\/td>\n<\/tr>\n<tr>\n<td>iPump2S+DG-4A<\/td>\n<td>6<\/td>\n<td>4<\/td>\n<td>0.00016-75.12<\/td>\n<\/tr>\n<tr>\n<td>iPump2S+DG-4B<\/td>\n<td>10<\/td>\n<td>4<\/td>\n<td>0.0001-54.65<\/td>\n<\/tr>\n<tr>\n<td>iPump2S+DG-6A<\/td>\n<td>6<\/td>\n<td>6<\/td>\n<td>0.00016-75.12<\/td>\n<\/tr>\n<tr>\n<td>iPump2S+DG-6B<\/td>\n<td>10<\/td>\n<td>6<\/td>\n<td>0.0001-54.65<\/td>\n<\/tr>\n<\/tbody>\n<\/table>\n","protected":false},"excerpt":{"rendered":"<p>Multichannel peristaltic pump<\/p>\n","protected":false},"featured_media":13660,"template":"","meta":{"_crdt_document":""},"product_brand":[],"product_cat":[96,97],"product_tag":[],"class_list":{"0":"post-13665","1":"product","2":"type-product","3":"status-publish","4":"has-post-thumbnail","6":"product_cat-peristaltic","7":"product_cat-pump","9":"first","10":"instock","11":"taxable","12":"shipping-taxable","13":"product-type-simple"},"yoast_head":"<!-- This site is optimized with the Yoast SEO plugin v27.4 - https:\/\/yoast.com\/product\/yoast-seo-wordpress\/ -->\n<title>Multichannel peristaltic pump iPump2L+DG - Sysmatec<\/title>\n<meta name=\"description\" content=\"Multichannel peristaltic pump. The head is interchangeable. The number of channels can vary from 4 to 6 and flow rates from 0.1 \u00b5L \/ min to 75 mL \/ min.\" \/>\n<meta name=\"robots\" content=\"index, follow, max-snippet:-1, max-image-preview:large, max-video-preview:-1\" \/>\n<link rel=\"canonical\" href=\"https:\/\/sysmatec.ch\/en\/produit\/multichannel-peristaltic-pump-ipump2ldg-2\/\" \/>\n<meta property=\"og:locale\" content=\"en_US\" \/>\n<meta property=\"og:type\" content=\"article\" \/>\n<meta property=\"og:title\" content=\"Multichannel peristaltic pump iPump2L+DG - Sysmatec\" \/>\n<meta property=\"og:description\" content=\"Multichannel peristaltic pump. The head is interchangeable. The number of channels can vary from 4 to 6 and flow rates from 0.1 \u00b5L \/ min to 75 mL \/ min.\" \/>\n<meta property=\"og:url\" content=\"https:\/\/sysmatec.ch\/en\/produit\/multichannel-peristaltic-pump-ipump2ldg-2\/\" \/>\n<meta property=\"og:site_name\" content=\"Sysmatec\" \/>\n<meta property=\"article:modified_time\" content=\"2021-12-11T13:01:52+00:00\" \/>\n<meta property=\"og:image\" content=\"https:\/\/sysmatec.ch\/wp-content\/uploads\/2019\/11\/SFuild_iPump2SDG6.jpg\" \/>\n\t<meta property=\"og:image:width\" content=\"182\" \/>\n\t<meta property=\"og:image:height\" content=\"145\" \/>\n\t<meta property=\"og:image:type\" content=\"image\/jpeg\" \/>\n<meta name=\"twitter:card\" content=\"summary_large_image\" \/>\n<meta name=\"twitter:label1\" content=\"Est. reading time\" \/>\n\t<meta name=\"twitter:data1\" content=\"1 minute\" \/>\n<script type=\"application\/ld+json\" class=\"yoast-schema-graph\">{\"@context\":\"https:\\\/\\\/schema.org\",\"@graph\":[{\"@type\":\"WebPage\",\"@id\":\"https:\\\/\\\/sysmatec.ch\\\/en\\\/produit\\\/multichannel-peristaltic-pump-ipump2ldg-2\\\/\",\"url\":\"https:\\\/\\\/sysmatec.ch\\\/en\\\/produit\\\/multichannel-peristaltic-pump-ipump2ldg-2\\\/\",\"name\":\"Multichannel peristaltic pump iPump2L+DG - Sysmatec\",\"isPartOf\":{\"@id\":\"https:\\\/\\\/sysmatec.ch\\\/de\\\/#website\"},\"primaryImageOfPage\":{\"@id\":\"https:\\\/\\\/sysmatec.ch\\\/en\\\/produit\\\/multichannel-peristaltic-pump-ipump2ldg-2\\\/#primaryimage\"},\"image\":{\"@id\":\"https:\\\/\\\/sysmatec.ch\\\/en\\\/produit\\\/multichannel-peristaltic-pump-ipump2ldg-2\\\/#primaryimage\"},\"thumbnailUrl\":\"https:\\\/\\\/sysmatec.ch\\\/wp-content\\\/uploads\\\/2019\\\/11\\\/SFuild_iPump2SDG6.jpg\",\"datePublished\":\"2019-11-08T20:09:57+00:00\",\"dateModified\":\"2021-12-11T13:01:52+00:00\",\"description\":\"Multichannel peristaltic pump. The head is interchangeable. The number of channels can vary from 4 to 6 and flow rates from 0.1 \u00b5L \\\/ min to 75 mL \\\/ min.\",\"breadcrumb\":{\"@id\":\"https:\\\/\\\/sysmatec.ch\\\/en\\\/produit\\\/multichannel-peristaltic-pump-ipump2ldg-2\\\/#breadcrumb\"},\"inLanguage\":\"en-US\",\"potentialAction\":[{\"@type\":\"ReadAction\",\"target\":[\"https:\\\/\\\/sysmatec.ch\\\/en\\\/produit\\\/multichannel-peristaltic-pump-ipump2ldg-2\\\/\"]}]},{\"@type\":\"ImageObject\",\"inLanguage\":\"en-US\",\"@id\":\"https:\\\/\\\/sysmatec.ch\\\/en\\\/produit\\\/multichannel-peristaltic-pump-ipump2ldg-2\\\/#primaryimage\",\"url\":\"https:\\\/\\\/sysmatec.ch\\\/wp-content\\\/uploads\\\/2019\\\/11\\\/SFuild_iPump2SDG6.jpg\",\"contentUrl\":\"https:\\\/\\\/sysmatec.ch\\\/wp-content\\\/uploads\\\/2019\\\/11\\\/SFuild_iPump2SDG6.jpg\",\"width\":182,\"height\":145},{\"@type\":\"BreadcrumbList\",\"@id\":\"https:\\\/\\\/sysmatec.ch\\\/en\\\/produit\\\/multichannel-peristaltic-pump-ipump2ldg-2\\\/#breadcrumb\",\"itemListElement\":[{\"@type\":\"ListItem\",\"position\":1,\"name\":\"Accueil\",\"item\":\"https:\\\/\\\/sysmatec.ch\\\/en\\\/\"},{\"@type\":\"ListItem\",\"position\":2,\"name\":\"Sysmatec Activities\",\"item\":\"https:\\\/\\\/sysmatec.ch\\\/en\\\/\"},{\"@type\":\"ListItem\",\"position\":3,\"name\":\"Multichannel peristaltic pump iPump2L+DG\"}]},{\"@type\":\"WebSite\",\"@id\":\"https:\\\/\\\/sysmatec.ch\\\/de\\\/#website\",\"url\":\"https:\\\/\\\/sysmatec.ch\\\/de\\\/\",\"name\":\"Sysmatec\",\"description\":\"Equipement de laboratoire et logiciels\",\"publisher\":{\"@id\":\"https:\\\/\\\/sysmatec.ch\\\/de\\\/#organization\"},\"potentialAction\":[{\"@type\":\"SearchAction\",\"target\":{\"@type\":\"EntryPoint\",\"urlTemplate\":\"https:\\\/\\\/sysmatec.ch\\\/de\\\/?s={search_term_string}\"},\"query-input\":{\"@type\":\"PropertyValueSpecification\",\"valueRequired\":true,\"valueName\":\"search_term_string\"}}],\"inLanguage\":\"en-US\"},{\"@type\":\"Organization\",\"@id\":\"https:\\\/\\\/sysmatec.ch\\\/de\\\/#organization\",\"name\":\"Sysmatec\",\"url\":\"https:\\\/\\\/sysmatec.ch\\\/de\\\/\",\"logo\":{\"@type\":\"ImageObject\",\"inLanguage\":\"en-US\",\"@id\":\"https:\\\/\\\/sysmatec.ch\\\/de\\\/#\\\/schema\\\/logo\\\/image\\\/\",\"url\":\"https:\\\/\\\/sysmatec.ch\\\/wp-content\\\/uploads\\\/2018\\\/11\\\/LogoSysmatec.jpg\",\"contentUrl\":\"https:\\\/\\\/sysmatec.ch\\\/wp-content\\\/uploads\\\/2018\\\/11\\\/LogoSysmatec.jpg\",\"width\":301,\"height\":297,\"caption\":\"Sysmatec\"},\"image\":{\"@id\":\"https:\\\/\\\/sysmatec.ch\\\/de\\\/#\\\/schema\\\/logo\\\/image\\\/\"}}]}<\/script>\n<!-- \/ Yoast SEO plugin. -->","yoast_head_json":{"title":"Multichannel peristaltic pump iPump2L+DG - Sysmatec","description":"Multichannel peristaltic pump. The head is interchangeable. The number of channels can vary from 4 to 6 and flow rates from 0.1 \u00b5L \/ min to 75 mL \/ min.","robots":{"index":"index","follow":"follow","max-snippet":"max-snippet:-1","max-image-preview":"max-image-preview:large","max-video-preview":"max-video-preview:-1"},"canonical":"https:\/\/sysmatec.ch\/en\/produit\/multichannel-peristaltic-pump-ipump2ldg-2\/","og_locale":"en_US","og_type":"article","og_title":"Multichannel peristaltic pump iPump2L+DG - Sysmatec","og_description":"Multichannel peristaltic pump. The head is interchangeable. The number of channels can vary from 4 to 6 and flow rates from 0.1 \u00b5L \/ min to 75 mL \/ min.","og_url":"https:\/\/sysmatec.ch\/en\/produit\/multichannel-peristaltic-pump-ipump2ldg-2\/","og_site_name":"Sysmatec","article_modified_time":"2021-12-11T13:01:52+00:00","og_image":[{"width":182,"height":145,"url":"https:\/\/sysmatec.ch\/wp-content\/uploads\/2019\/11\/SFuild_iPump2SDG6.jpg","type":"image\/jpeg"}],"twitter_card":"summary_large_image","twitter_misc":{"Est. reading time":"1 minute"},"schema":{"@context":"https:\/\/schema.org","@graph":[{"@type":"WebPage","@id":"https:\/\/sysmatec.ch\/en\/produit\/multichannel-peristaltic-pump-ipump2ldg-2\/","url":"https:\/\/sysmatec.ch\/en\/produit\/multichannel-peristaltic-pump-ipump2ldg-2\/","name":"Multichannel peristaltic pump iPump2L+DG - Sysmatec","isPartOf":{"@id":"https:\/\/sysmatec.ch\/de\/#website"},"primaryImageOfPage":{"@id":"https:\/\/sysmatec.ch\/en\/produit\/multichannel-peristaltic-pump-ipump2ldg-2\/#primaryimage"},"image":{"@id":"https:\/\/sysmatec.ch\/en\/produit\/multichannel-peristaltic-pump-ipump2ldg-2\/#primaryimage"},"thumbnailUrl":"https:\/\/sysmatec.ch\/wp-content\/uploads\/2019\/11\/SFuild_iPump2SDG6.jpg","datePublished":"2019-11-08T20:09:57+00:00","dateModified":"2021-12-11T13:01:52+00:00","description":"Multichannel peristaltic pump. The head is interchangeable. The number of channels can vary from 4 to 6 and flow rates from 0.1 \u00b5L \/ min to 75 mL \/ min.","breadcrumb":{"@id":"https:\/\/sysmatec.ch\/en\/produit\/multichannel-peristaltic-pump-ipump2ldg-2\/#breadcrumb"},"inLanguage":"en-US","potentialAction":[{"@type":"ReadAction","target":["https:\/\/sysmatec.ch\/en\/produit\/multichannel-peristaltic-pump-ipump2ldg-2\/"]}]},{"@type":"ImageObject","inLanguage":"en-US","@id":"https:\/\/sysmatec.ch\/en\/produit\/multichannel-peristaltic-pump-ipump2ldg-2\/#primaryimage","url":"https:\/\/sysmatec.ch\/wp-content\/uploads\/2019\/11\/SFuild_iPump2SDG6.jpg","contentUrl":"https:\/\/sysmatec.ch\/wp-content\/uploads\/2019\/11\/SFuild_iPump2SDG6.jpg","width":182,"height":145},{"@type":"BreadcrumbList","@id":"https:\/\/sysmatec.ch\/en\/produit\/multichannel-peristaltic-pump-ipump2ldg-2\/#breadcrumb","itemListElement":[{"@type":"ListItem","position":1,"name":"Accueil","item":"https:\/\/sysmatec.ch\/en\/"},{"@type":"ListItem","position":2,"name":"Sysmatec Activities","item":"https:\/\/sysmatec.ch\/en\/"},{"@type":"ListItem","position":3,"name":"Multichannel peristaltic pump iPump2L+DG"}]},{"@type":"WebSite","@id":"https:\/\/sysmatec.ch\/de\/#website","url":"https:\/\/sysmatec.ch\/de\/","name":"Sysmatec","description":"Equipement de laboratoire et logiciels","publisher":{"@id":"https:\/\/sysmatec.ch\/de\/#organization"},"potentialAction":[{"@type":"SearchAction","target":{"@type":"EntryPoint","urlTemplate":"https:\/\/sysmatec.ch\/de\/?s={search_term_string}"},"query-input":{"@type":"PropertyValueSpecification","valueRequired":true,"valueName":"search_term_string"}}],"inLanguage":"en-US"},{"@type":"Organization","@id":"https:\/\/sysmatec.ch\/de\/#organization","name":"Sysmatec","url":"https:\/\/sysmatec.ch\/de\/","logo":{"@type":"ImageObject","inLanguage":"en-US","@id":"https:\/\/sysmatec.ch\/de\/#\/schema\/logo\/image\/","url":"https:\/\/sysmatec.ch\/wp-content\/uploads\/2018\/11\/LogoSysmatec.jpg","contentUrl":"https:\/\/sysmatec.ch\/wp-content\/uploads\/2018\/11\/LogoSysmatec.jpg","width":301,"height":297,"caption":"Sysmatec"},"image":{"@id":"https:\/\/sysmatec.ch\/de\/#\/schema\/logo\/image\/"}}]}},"_links":{"self":[{"href":"https:\/\/sysmatec.ch\/en\/wp-json\/wp\/v2\/product\/13665","targetHints":{"allow":["GET"]}}],"collection":[{"href":"https:\/\/sysmatec.ch\/en\/wp-json\/wp\/v2\/product"}],"about":[{"href":"https:\/\/sysmatec.ch\/en\/wp-json\/wp\/v2\/types\/product"}],"wp:featuredmedia":[{"embeddable":true,"href":"https:\/\/sysmatec.ch\/en\/wp-json\/wp\/v2\/media\/13660"}],"wp:attachment":[{"href":"https:\/\/sysmatec.ch\/en\/wp-json\/wp\/v2\/media?parent=13665"}],"wp:term":[{"taxonomy":"product_brand","embeddable":true,"href":"https:\/\/sysmatec.ch\/en\/wp-json\/wp\/v2\/product_brand?post=13665"},{"taxonomy":"product_cat","embeddable":true,"href":"https:\/\/sysmatec.ch\/en\/wp-json\/wp\/v2\/product_cat?post=13665"},{"taxonomy":"product_tag","embeddable":true,"href":"https:\/\/sysmatec.ch\/en\/wp-json\/wp\/v2\/product_tag?post=13665"}],"curies":[{"name":"wp","href":"https:\/\/api.w.org\/{rel}","templated":true}]}}