{"id":21882,"date":"2021-01-08T10:22:29","date_gmt":"2021-01-08T09:22:29","guid":{"rendered":"https:\/\/sysmatec.ch\/?page_id=21882"},"modified":"2022-06-13T19:18:22","modified_gmt":"2022-06-13T17:18:22","slug":"building-thermography","status":"publish","type":"page","link":"https:\/\/sysmatec.ch\/en\/building-thermography\/","title":{"rendered":"Building thermography"},"content":{"rendered":"\n<p class=\"wp-block-paragraph\">Ziel der Geb\u00e4ude-Thermographie ist zu Energieverluste zu beobachten und die damit verbundenen Verbrauchskosten zu sinken. Mit der Thermografie Messung kann man die Verteilung der Oberfl\u00e4chentemperatur (abgestrahlte thermische Energie) an einer Wandfl\u00e4che grafisch darstellen. Man kann so erkennen, an welchen Stellen die Isolierung durch die einzelnen Baustoffe am Geb\u00e4ude zu schwach.<\/p>\n\n\n\n<p class=\"wp-block-paragraph\">Anwendungsgebiete: <\/p>\n\n\n\n<p class=\"wp-block-paragraph\">Auffinden von fehlenden D\u00e4mmungen und W\u00e4rmebr\u00fccken an Immobilien <\/p>\n\n\n\n<p class=\"wp-block-paragraph\">Analysieren der Ursachen von Schimmelbildung <\/p>\n\n\n\n<p class=\"wp-block-paragraph\">Untersuchung von K\u00fchldecken <\/p>\n\n\n\n<p class=\"wp-block-paragraph\">Lecksuche bei Heizk\u00f6rpern im Boden <\/p>\n\n\n\n<p class=\"wp-block-paragraph\">Thermografie Messung durch einen Techniker in Ihre Region: verlangen uns Sie eine Offerte<\/p>\n\n\n<div class=\"wp-block-image\">\n<figure class=\"aligncenter size-large is-resized\"><img loading=\"lazy\" decoding=\"async\" src=\"https:\/\/sysmatec.ch\/wp-content\/uploads\/2021\/01\/ThermographieBatiment-1.jpg\" alt=\"\" class=\"wp-image-21884\" width=\"586\" height=\"500\" srcset=\"https:\/\/sysmatec.ch\/wp-content\/uploads\/2021\/01\/ThermographieBatiment-1.jpg 445w, https:\/\/sysmatec.ch\/wp-content\/uploads\/2021\/01\/ThermographieBatiment-1-416x355.jpg 416w, https:\/\/sysmatec.ch\/wp-content\/uploads\/2021\/01\/ThermographieBatiment-1-300x256.jpg 300w, https:\/\/sysmatec.ch\/wp-content\/uploads\/2021\/01\/ThermographieBatiment-1-70x60.jpg 70w, https:\/\/sysmatec.ch\/wp-content\/uploads\/2021\/01\/ThermographieBatiment-1-105x90.jpg 105w\" sizes=\"auto, (max-width: 586px) 100vw, 586px\" \/><\/figure>\n<\/div>","protected":false},"excerpt":{"rendered":"<p>Ziel der Geb\u00e4ude-Thermographie ist zu Energieverluste zu beobachten und die damit verbundenen Verbrauchskosten zu sinken. Mit der Thermografie Messung kann man die Verteilung der Oberfl\u00e4chentemperatur (abgestrahlte thermische Energie) an einer Wandfl\u00e4che grafisch darstellen. Man kann so erkennen, an welchen Stellen die Isolierung durch die einzelnen Baustoffe am Geb\u00e4ude zu schwach. Anwendungsgebiete: Auffinden von fehlenden D\u00e4mmungen [&hellip;]<\/p>\n","protected":false},"author":3,"featured_media":0,"parent":0,"menu_order":0,"comment_status":"closed","ping_status":"closed","template":"","meta":{"_crdt_document":"","footnotes":""},"class_list":["post-21882","page","type-page","status-publish","hentry"],"yoast_head":"<!-- This site is optimized with the Yoast SEO plugin v27.4 - https:\/\/yoast.com\/product\/yoast-seo-wordpress\/ -->\n<title>Building thermography - Sysmatec<\/title>\n<meta name=\"description\" content=\"The purpose of building thermography is to observe energy losses and reduce the associated consumption costs.\" \/>\n<meta name=\"robots\" content=\"index, follow, max-snippet:-1, max-image-preview:large, max-video-preview:-1\" \/>\n<link rel=\"canonical\" href=\"https:\/\/sysmatec.ch\/en\/building-thermography\/\" \/>\n<meta property=\"og:locale\" content=\"en_US\" \/>\n<meta property=\"og:type\" content=\"article\" \/>\n<meta property=\"og:title\" content=\"Building thermography - Sysmatec\" \/>\n<meta property=\"og:description\" content=\"The purpose of building thermography is to observe energy losses and reduce the associated consumption costs.\" \/>\n<meta property=\"og:url\" content=\"https:\/\/sysmatec.ch\/en\/building-thermography\/\" \/>\n<meta property=\"og:site_name\" content=\"Sysmatec\" \/>\n<meta property=\"article:modified_time\" content=\"2022-06-13T17:18:22+00:00\" \/>\n<meta property=\"og:image\" content=\"https:\/\/sysmatec.ch\/wp-content\/uploads\/2021\/01\/ThermographieBatiment-1.jpg\" \/>\n<meta name=\"twitter:card\" content=\"summary_large_image\" \/>\n<meta name=\"twitter:label1\" content=\"Est. reading time\" \/>\n\t<meta name=\"twitter:data1\" content=\"1 minute\" \/>\n<script type=\"application\/ld+json\" class=\"yoast-schema-graph\">{\"@context\":\"https:\\\/\\\/schema.org\",\"@graph\":[{\"@type\":\"WebPage\",\"@id\":\"https:\\\/\\\/sysmatec.ch\\\/en\\\/building-thermography\\\/\",\"url\":\"https:\\\/\\\/sysmatec.ch\\\/en\\\/building-thermography\\\/\",\"name\":\"Building thermography - Sysmatec\",\"isPartOf\":{\"@id\":\"https:\\\/\\\/sysmatec.ch\\\/de\\\/#website\"},\"primaryImageOfPage\":{\"@id\":\"https:\\\/\\\/sysmatec.ch\\\/en\\\/building-thermography\\\/#primaryimage\"},\"image\":{\"@id\":\"https:\\\/\\\/sysmatec.ch\\\/en\\\/building-thermography\\\/#primaryimage\"},\"thumbnailUrl\":\"https:\\\/\\\/sysmatec.ch\\\/wp-content\\\/uploads\\\/2021\\\/01\\\/ThermographieBatiment-1.jpg\",\"datePublished\":\"2021-01-08T09:22:29+00:00\",\"dateModified\":\"2022-06-13T17:18:22+00:00\",\"description\":\"The purpose of building thermography is to observe energy losses and reduce the associated consumption costs.\",\"breadcrumb\":{\"@id\":\"https:\\\/\\\/sysmatec.ch\\\/en\\\/building-thermography\\\/#breadcrumb\"},\"inLanguage\":\"en-US\",\"potentialAction\":[{\"@type\":\"ReadAction\",\"target\":[\"https:\\\/\\\/sysmatec.ch\\\/en\\\/building-thermography\\\/\"]}]},{\"@type\":\"ImageObject\",\"inLanguage\":\"en-US\",\"@id\":\"https:\\\/\\\/sysmatec.ch\\\/en\\\/building-thermography\\\/#primaryimage\",\"url\":\"https:\\\/\\\/sysmatec.ch\\\/wp-content\\\/uploads\\\/2021\\\/01\\\/ThermographieBatiment-1.jpg\",\"contentUrl\":\"https:\\\/\\\/sysmatec.ch\\\/wp-content\\\/uploads\\\/2021\\\/01\\\/ThermographieBatiment-1.jpg\"},{\"@type\":\"BreadcrumbList\",\"@id\":\"https:\\\/\\\/sysmatec.ch\\\/en\\\/building-thermography\\\/#breadcrumb\",\"itemListElement\":[{\"@type\":\"ListItem\",\"position\":1,\"name\":\"Accueil\",\"item\":\"https:\\\/\\\/sysmatec.ch\\\/en\\\/\"},{\"@type\":\"ListItem\",\"position\":2,\"name\":\"Building thermography\"}]},{\"@type\":\"WebSite\",\"@id\":\"https:\\\/\\\/sysmatec.ch\\\/de\\\/#website\",\"url\":\"https:\\\/\\\/sysmatec.ch\\\/de\\\/\",\"name\":\"Sysmatec\",\"description\":\"Equipement de laboratoire et logiciels\",\"publisher\":{\"@id\":\"https:\\\/\\\/sysmatec.ch\\\/de\\\/#organization\"},\"potentialAction\":[{\"@type\":\"SearchAction\",\"target\":{\"@type\":\"EntryPoint\",\"urlTemplate\":\"https:\\\/\\\/sysmatec.ch\\\/de\\\/?s={search_term_string}\"},\"query-input\":{\"@type\":\"PropertyValueSpecification\",\"valueRequired\":true,\"valueName\":\"search_term_string\"}}],\"inLanguage\":\"en-US\"},{\"@type\":\"Organization\",\"@id\":\"https:\\\/\\\/sysmatec.ch\\\/de\\\/#organization\",\"name\":\"Sysmatec\",\"url\":\"https:\\\/\\\/sysmatec.ch\\\/de\\\/\",\"logo\":{\"@type\":\"ImageObject\",\"inLanguage\":\"en-US\",\"@id\":\"https:\\\/\\\/sysmatec.ch\\\/de\\\/#\\\/schema\\\/logo\\\/image\\\/\",\"url\":\"https:\\\/\\\/sysmatec.ch\\\/wp-content\\\/uploads\\\/2018\\\/11\\\/LogoSysmatec.jpg\",\"contentUrl\":\"https:\\\/\\\/sysmatec.ch\\\/wp-content\\\/uploads\\\/2018\\\/11\\\/LogoSysmatec.jpg\",\"width\":301,\"height\":297,\"caption\":\"Sysmatec\"},\"image\":{\"@id\":\"https:\\\/\\\/sysmatec.ch\\\/de\\\/#\\\/schema\\\/logo\\\/image\\\/\"}}]}<\/script>\n<!-- \/ Yoast SEO plugin. -->","yoast_head_json":{"title":"Building thermography - Sysmatec","description":"The purpose of building thermography is to observe energy losses and reduce the associated consumption costs.","robots":{"index":"index","follow":"follow","max-snippet":"max-snippet:-1","max-image-preview":"max-image-preview:large","max-video-preview":"max-video-preview:-1"},"canonical":"https:\/\/sysmatec.ch\/en\/building-thermography\/","og_locale":"en_US","og_type":"article","og_title":"Building thermography - Sysmatec","og_description":"The purpose of building thermography is to observe energy losses and reduce the associated consumption costs.","og_url":"https:\/\/sysmatec.ch\/en\/building-thermography\/","og_site_name":"Sysmatec","article_modified_time":"2022-06-13T17:18:22+00:00","og_image":[{"url":"https:\/\/sysmatec.ch\/wp-content\/uploads\/2021\/01\/ThermographieBatiment-1.jpg","type":"","width":"","height":""}],"twitter_card":"summary_large_image","twitter_misc":{"Est. reading time":"1 minute"},"schema":{"@context":"https:\/\/schema.org","@graph":[{"@type":"WebPage","@id":"https:\/\/sysmatec.ch\/en\/building-thermography\/","url":"https:\/\/sysmatec.ch\/en\/building-thermography\/","name":"Building thermography - Sysmatec","isPartOf":{"@id":"https:\/\/sysmatec.ch\/de\/#website"},"primaryImageOfPage":{"@id":"https:\/\/sysmatec.ch\/en\/building-thermography\/#primaryimage"},"image":{"@id":"https:\/\/sysmatec.ch\/en\/building-thermography\/#primaryimage"},"thumbnailUrl":"https:\/\/sysmatec.ch\/wp-content\/uploads\/2021\/01\/ThermographieBatiment-1.jpg","datePublished":"2021-01-08T09:22:29+00:00","dateModified":"2022-06-13T17:18:22+00:00","description":"The purpose of building thermography is to observe energy losses and reduce the associated consumption costs.","breadcrumb":{"@id":"https:\/\/sysmatec.ch\/en\/building-thermography\/#breadcrumb"},"inLanguage":"en-US","potentialAction":[{"@type":"ReadAction","target":["https:\/\/sysmatec.ch\/en\/building-thermography\/"]}]},{"@type":"ImageObject","inLanguage":"en-US","@id":"https:\/\/sysmatec.ch\/en\/building-thermography\/#primaryimage","url":"https:\/\/sysmatec.ch\/wp-content\/uploads\/2021\/01\/ThermographieBatiment-1.jpg","contentUrl":"https:\/\/sysmatec.ch\/wp-content\/uploads\/2021\/01\/ThermographieBatiment-1.jpg"},{"@type":"BreadcrumbList","@id":"https:\/\/sysmatec.ch\/en\/building-thermography\/#breadcrumb","itemListElement":[{"@type":"ListItem","position":1,"name":"Accueil","item":"https:\/\/sysmatec.ch\/en\/"},{"@type":"ListItem","position":2,"name":"Building thermography"}]},{"@type":"WebSite","@id":"https:\/\/sysmatec.ch\/de\/#website","url":"https:\/\/sysmatec.ch\/de\/","name":"Sysmatec","description":"Equipement de laboratoire et logiciels","publisher":{"@id":"https:\/\/sysmatec.ch\/de\/#organization"},"potentialAction":[{"@type":"SearchAction","target":{"@type":"EntryPoint","urlTemplate":"https:\/\/sysmatec.ch\/de\/?s={search_term_string}"},"query-input":{"@type":"PropertyValueSpecification","valueRequired":true,"valueName":"search_term_string"}}],"inLanguage":"en-US"},{"@type":"Organization","@id":"https:\/\/sysmatec.ch\/de\/#organization","name":"Sysmatec","url":"https:\/\/sysmatec.ch\/de\/","logo":{"@type":"ImageObject","inLanguage":"en-US","@id":"https:\/\/sysmatec.ch\/de\/#\/schema\/logo\/image\/","url":"https:\/\/sysmatec.ch\/wp-content\/uploads\/2018\/11\/LogoSysmatec.jpg","contentUrl":"https:\/\/sysmatec.ch\/wp-content\/uploads\/2018\/11\/LogoSysmatec.jpg","width":301,"height":297,"caption":"Sysmatec"},"image":{"@id":"https:\/\/sysmatec.ch\/de\/#\/schema\/logo\/image\/"}}]}},"_links":{"self":[{"href":"https:\/\/sysmatec.ch\/en\/wp-json\/wp\/v2\/pages\/21882","targetHints":{"allow":["GET"]}}],"collection":[{"href":"https:\/\/sysmatec.ch\/en\/wp-json\/wp\/v2\/pages"}],"about":[{"href":"https:\/\/sysmatec.ch\/en\/wp-json\/wp\/v2\/types\/page"}],"author":[{"embeddable":true,"href":"https:\/\/sysmatec.ch\/en\/wp-json\/wp\/v2\/users\/3"}],"replies":[{"embeddable":true,"href":"https:\/\/sysmatec.ch\/en\/wp-json\/wp\/v2\/comments?post=21882"}],"version-history":[{"count":3,"href":"https:\/\/sysmatec.ch\/en\/wp-json\/wp\/v2\/pages\/21882\/revisions"}],"predecessor-version":[{"id":27935,"href":"https:\/\/sysmatec.ch\/en\/wp-json\/wp\/v2\/pages\/21882\/revisions\/27935"}],"wp:attachment":[{"href":"https:\/\/sysmatec.ch\/en\/wp-json\/wp\/v2\/media?parent=21882"}],"curies":[{"name":"wp","href":"https:\/\/api.w.org\/{rel}","templated":true}]}}