{"id":1668,"date":"2019-01-26T21:31:01","date_gmt":"2019-01-26T20:31:01","guid":{"rendered":"https:\/\/sysmatec.ch\/?page_id=1668"},"modified":"2019-01-26T21:31:07","modified_gmt":"2019-01-26T20:31:07","slug":"pressure-datalogger","status":"publish","type":"page","link":"https:\/\/sysmatec.ch\/en\/pressure-datalogger\/","title":{"rendered":"Pressure Datalogger"},"content":{"rendered":"\n<h2 class=\"wp-block-heading\"><\/h2>\n\n\n\n<p class=\"wp-block-paragraph\">Ils enregistrent la pression. Certains d&#8217;entre eux peuvent enregistrer d&#8217;autres param\u00e8tres (temp\u00e9rature, humidi\u00e9, lumi\u00e8re, acc\u00e9l\u00e9ration\u2026)<\/p>\n\n\n\n<p class=\"wp-block-paragraph\"><div class=\"woocommerce columns-4 \"><ul class=\"products columns-4\">\n<li class=\"product type-product post-22464 status-publish first instock product_cat-humidity product_cat-light product_cat-logger product_cat-pressure product_cat-temperature has-post-thumbnail taxable shipping-taxable product-type-simple\">\n\t<a href=\"https:\/\/sysmatec.ch\/en\/product\/temperature-humidity-pressure-and-light-radio-monitoring-with-lo-ra-deepwave\/\" class=\"woocommerce-LoopProduct-link woocommerce-loop-product__link\"><img loading=\"lazy\" decoding=\"async\" width=\"324\" height=\"324\" src=\"https:\/\/sysmatec.ch\/wp-content\/uploads\/2021\/03\/EnregistreurLora_Tecnosoft-324x324.jpg\" class=\"attachment-woocommerce_thumbnail size-woocommerce_thumbnail\" alt=\"Temperature, Humidity , Pressure and Light - Radio Monitoring with Lo.Ra. (DeepWave)\" srcset=\"https:\/\/sysmatec.ch\/wp-content\/uploads\/2021\/03\/EnregistreurLora_Tecnosoft-324x324.jpg 324w, https:\/\/sysmatec.ch\/wp-content\/uploads\/2021\/03\/EnregistreurLora_Tecnosoft-100x100.jpg 100w, https:\/\/sysmatec.ch\/wp-content\/uploads\/2021\/03\/EnregistreurLora_Tecnosoft-150x150.jpg 150w\" sizes=\"auto, (max-width: 324px) 100vw, 324px\" \/><h2 class=\"woocommerce-loop-product__title\">Temperature, Humidity , Pressure and Light &#8211; Radio Monitoring with Lo.Ra. (DeepWave)<\/h2>\n<\/a><a href=\"https:\/\/sysmatec.ch\/en\/product\/temperature-humidity-pressure-and-light-radio-monitoring-with-lo-ra-deepwave\/\" aria-describedby=\"woocommerce_loop_add_to_cart_link_describedby_22464\" data-quantity=\"1\" class=\"button product_type_simple\" data-product_id=\"22464\" data-product_sku=\"\" aria-label=\"Read more about &ldquo;Temperature, Humidity , Pressure and Light - Radio Monitoring with Lo.Ra. (DeepWave)&rdquo;\" rel=\"nofollow\" data-success_message=\"\">Read more<\/a>\t<span id=\"woocommerce_loop_add_to_cart_link_describedby_22464\" class=\"screen-reader-text\">\n\t\t\t<\/span>\n<\/li>\n<li class=\"product type-product post-29089 status-publish instock product_cat-co2-en product_cat-humidity product_cat-logger product_cat-pressure has-post-thumbnail taxable shipping-taxable product-type-simple\">\n\t<a href=\"https:\/\/sysmatec.ch\/en\/product\/wireless-temperature-humidity-and-pressure-logger-nb-iot\/\" class=\"woocommerce-LoopProduct-link woocommerce-loop-product__link\"><img loading=\"lazy\" decoding=\"async\" width=\"324\" height=\"324\" src=\"https:\/\/sysmatec.ch\/wp-content\/uploads\/2024\/02\/EnregistreurTemperature_EfentoNBIOT1-324x324.jpg\" class=\"attachment-woocommerce_thumbnail size-woocommerce_thumbnail\" alt=\"Wireless temperature, humidity and pressure logger NB-IOT\" srcset=\"https:\/\/sysmatec.ch\/wp-content\/uploads\/2024\/02\/EnregistreurTemperature_EfentoNBIOT1-324x324.jpg 324w, https:\/\/sysmatec.ch\/wp-content\/uploads\/2024\/02\/EnregistreurTemperature_EfentoNBIOT1-100x100.jpg 100w, https:\/\/sysmatec.ch\/wp-content\/uploads\/2024\/02\/EnregistreurTemperature_EfentoNBIOT1-150x150.jpg 150w\" sizes=\"auto, (max-width: 324px) 100vw, 324px\" \/><h2 class=\"woocommerce-loop-product__title\">Wireless temperature, humidity and pressure logger NB-IOT<\/h2>\n<\/a><a href=\"https:\/\/sysmatec.ch\/en\/product\/wireless-temperature-humidity-and-pressure-logger-nb-iot\/\" aria-describedby=\"woocommerce_loop_add_to_cart_link_describedby_29089\" data-quantity=\"1\" class=\"button product_type_simple\" data-product_id=\"29089\" data-product_sku=\"\" aria-label=\"Read more about &ldquo;Wireless temperature, humidity and pressure logger NB-IOT&rdquo;\" rel=\"nofollow\" data-success_message=\"\">Read more<\/a>\t<span id=\"woocommerce_loop_add_to_cart_link_describedby_29089\" class=\"screen-reader-text\">\n\t\t\t<\/span>\n<\/li>\n<li class=\"product type-product post-14453 status-publish instock product_cat-humidity product_cat-logger product_cat-pressure product_cat-temperature has-post-thumbnail taxable shipping-taxable product-type-simple\">\n\t<a href=\"https:\/\/sysmatec.ch\/en\/product\/multiparameter-datalogger\/\" class=\"woocommerce-LoopProduct-link woocommerce-loop-product__link\"><img loading=\"lazy\" decoding=\"async\" width=\"324\" height=\"324\" src=\"https:\/\/sysmatec.ch\/wp-content\/uploads\/2019\/12\/Enregistreur_ELSIE1-324x324.jpg\" class=\"attachment-woocommerce_thumbnail size-woocommerce_thumbnail\" alt=\"Multiparameter datalogger\" srcset=\"https:\/\/sysmatec.ch\/wp-content\/uploads\/2019\/12\/Enregistreur_ELSIE1-324x324.jpg 324w, https:\/\/sysmatec.ch\/wp-content\/uploads\/2019\/12\/Enregistreur_ELSIE1-100x100.jpg 100w, https:\/\/sysmatec.ch\/wp-content\/uploads\/2019\/12\/Enregistreur_ELSIE1-150x150.jpg 150w\" sizes=\"auto, (max-width: 324px) 100vw, 324px\" \/><h2 class=\"woocommerce-loop-product__title\">Multiparameter datalogger<\/h2>\n<\/a><a href=\"https:\/\/sysmatec.ch\/en\/product\/multiparameter-datalogger\/\" aria-describedby=\"woocommerce_loop_add_to_cart_link_describedby_14453\" data-quantity=\"1\" class=\"button product_type_simple\" data-product_id=\"14453\" data-product_sku=\"\" aria-label=\"Read more about &ldquo;Multiparameter datalogger&rdquo;\" rel=\"nofollow\" data-success_message=\"\">Read more<\/a>\t<span id=\"woocommerce_loop_add_to_cart_link_describedby_14453\" class=\"screen-reader-text\">\n\t\t\t<\/span>\n<\/li>\n<li class=\"product type-product post-3383 status-publish last instock product_cat-acceleration-en product_cat-humidity product_cat-light product_cat-logger product_cat-pressure product_cat-temperature product_cat-universal-data-logger has-post-thumbnail taxable shipping-taxable product-type-simple\">\n\t<a href=\"https:\/\/sysmatec.ch\/en\/product\/temperature-humidity-pressure-brightness-acceleration-logger-msr145\/\" class=\"woocommerce-LoopProduct-link woocommerce-loop-product__link\"><img loading=\"lazy\" decoding=\"async\" width=\"183\" height=\"122\" src=\"https:\/\/sysmatec.ch\/wp-content\/uploads\/2019\/02\/Enregistreur_MSR145S.jpg\" class=\"attachment-woocommerce_thumbnail size-woocommerce_thumbnail\" alt=\"Temperature, humidity, pressure, brightness and acceleration logger MSR145\" \/><h2 class=\"woocommerce-loop-product__title\">Temperature, humidity, pressure, brightness and acceleration logger MSR145<\/h2>\n<\/a><a href=\"https:\/\/sysmatec.ch\/en\/product\/temperature-humidity-pressure-brightness-acceleration-logger-msr145\/\" aria-describedby=\"woocommerce_loop_add_to_cart_link_describedby_3383\" data-quantity=\"1\" class=\"button product_type_simple\" data-product_id=\"3383\" data-product_sku=\"\" aria-label=\"Read more about &ldquo;Temperature, humidity, pressure, brightness and acceleration logger MSR145&rdquo;\" rel=\"nofollow\" data-success_message=\"\">Read more<\/a>\t<span id=\"woocommerce_loop_add_to_cart_link_describedby_3383\" class=\"screen-reader-text\">\n\t\t\t<\/span>\n<\/li>\n<li class=\"product type-product post-3482 status-publish first instock product_cat-acceleration-en product_cat-humidity product_cat-light product_cat-logger product_cat-pressure product_cat-temperature has-post-thumbnail taxable shipping-taxable product-type-simple\">\n\t<a href=\"https:\/\/sysmatec.ch\/en\/product\/temperature-humidity-pressure-light-acceleration-logger-msr145wd\/\" class=\"woocommerce-LoopProduct-link woocommerce-loop-product__link\"><img loading=\"lazy\" decoding=\"async\" width=\"187\" height=\"114\" src=\"https:\/\/sysmatec.ch\/wp-content\/uploads\/2019\/02\/Enregistreur_MSR145WD.jpg\" class=\"attachment-woocommerce_thumbnail size-woocommerce_thumbnail\" alt=\"Temperature, humidity, pressure, light and acceleration logger MSR145WD\" \/><h2 class=\"woocommerce-loop-product__title\">Temperature, humidity, pressure, light and acceleration logger MSR145WD<\/h2>\n<\/a><a href=\"https:\/\/sysmatec.ch\/en\/product\/temperature-humidity-pressure-light-acceleration-logger-msr145wd\/\" aria-describedby=\"woocommerce_loop_add_to_cart_link_describedby_3482\" data-quantity=\"1\" class=\"button product_type_simple\" data-product_id=\"3482\" data-product_sku=\"\" aria-label=\"Read more about &ldquo;Temperature, humidity, pressure, light and acceleration logger MSR145WD&rdquo;\" rel=\"nofollow\" data-success_message=\"\">Read more<\/a>\t<span id=\"woocommerce_loop_add_to_cart_link_describedby_3482\" class=\"screen-reader-text\">\n\t\t\t<\/span>\n<\/li>\n<li class=\"product type-product post-14126 status-publish instock product_cat-acceleration-en product_cat-humidity product_cat-light product_cat-logger product_cat-pressure product_cat-temperature has-post-thumbnail taxable shipping-taxable product-type-simple\">\n\t<a href=\"https:\/\/sysmatec.ch\/en\/product\/temperature-humidity-pressure-light-and-acceleration-logger-wifi-msr145w2d\/\" class=\"woocommerce-LoopProduct-link woocommerce-loop-product__link\"><img loading=\"lazy\" decoding=\"async\" width=\"187\" height=\"114\" src=\"https:\/\/sysmatec.ch\/wp-content\/uploads\/2019\/02\/Enregistreur_MSR145WD.jpg\" class=\"attachment-woocommerce_thumbnail size-woocommerce_thumbnail\" alt=\"Temperature, humidity, pressure, light and acceleration logger WIFI MSR145W2D\" \/><h2 class=\"woocommerce-loop-product__title\">Temperature, humidity, pressure, light and acceleration logger WIFI MSR145W2D<\/h2>\n<\/a><a href=\"https:\/\/sysmatec.ch\/en\/product\/temperature-humidity-pressure-light-and-acceleration-logger-wifi-msr145w2d\/\" aria-describedby=\"woocommerce_loop_add_to_cart_link_describedby_14126\" data-quantity=\"1\" class=\"button product_type_simple\" data-product_id=\"14126\" data-product_sku=\"\" aria-label=\"Read more about &ldquo;Temperature, humidity, pressure, light and acceleration logger WIFI MSR145W2D&rdquo;\" rel=\"nofollow\" data-success_message=\"\">Read more<\/a>\t<span id=\"woocommerce_loop_add_to_cart_link_describedby_14126\" class=\"screen-reader-text\">\n\t\t\t<\/span>\n<\/li>\n<li class=\"product type-product post-8740 status-publish instock product_cat-acceleration-en product_cat-humidity product_cat-logger product_cat-pressure product_cat-temperature product_cat-universal-data-logger has-post-thumbnail taxable shipping-taxable product-type-simple\">\n\t<a href=\"https:\/\/sysmatec.ch\/en\/product\/temperature-humidity-pressure-acceleration-current-voltage-logger-msr160\/\" class=\"woocommerce-LoopProduct-link woocommerce-loop-product__link\"><img loading=\"lazy\" decoding=\"async\" width=\"183\" height=\"248\" src=\"https:\/\/sysmatec.ch\/wp-content\/uploads\/2019\/07\/Enregistreur_MSR160.jpg\" class=\"attachment-woocommerce_thumbnail size-woocommerce_thumbnail\" alt=\"Temperature, humidity, pressure, acceleration, current and voltage logger MSR160\" \/><h2 class=\"woocommerce-loop-product__title\">Temperature, humidity, pressure, acceleration, current and voltage logger MSR160<\/h2>\n<\/a><a href=\"https:\/\/sysmatec.ch\/en\/product\/temperature-humidity-pressure-acceleration-current-voltage-logger-msr160\/\" aria-describedby=\"woocommerce_loop_add_to_cart_link_describedby_8740\" data-quantity=\"1\" class=\"button product_type_simple\" data-product_id=\"8740\" data-product_sku=\"\" aria-label=\"Read more about &ldquo;Temperature, humidity, pressure, acceleration, current and voltage logger MSR160&rdquo;\" rel=\"nofollow\" data-success_message=\"\">Read more<\/a>\t<span id=\"woocommerce_loop_add_to_cart_link_describedby_8740\" class=\"screen-reader-text\">\n\t\t\t<\/span>\n<\/li>\n<li class=\"product type-product post-3516 status-publish last instock product_cat-humidity product_cat-logger product_cat-pressure product_cat-temperature has-post-thumbnail taxable shipping-taxable product-type-simple\">\n\t<a href=\"https:\/\/sysmatec.ch\/en\/product\/temperature-humidity-and-pressure-data-logger-msr385wd\/\" class=\"woocommerce-LoopProduct-link woocommerce-loop-product__link\"><img loading=\"lazy\" decoding=\"async\" width=\"181\" height=\"216\" src=\"https:\/\/sysmatec.ch\/wp-content\/uploads\/2019\/02\/Enregistreur_MSR385WD.jpg\" class=\"attachment-woocommerce_thumbnail size-woocommerce_thumbnail\" alt=\"Temperature, humidity and pressure data logger MSR385WD\" \/><h2 class=\"woocommerce-loop-product__title\">Temperature, humidity and pressure data logger MSR385WD<\/h2>\n<\/a><a href=\"https:\/\/sysmatec.ch\/en\/product\/temperature-humidity-and-pressure-data-logger-msr385wd\/\" aria-describedby=\"woocommerce_loop_add_to_cart_link_describedby_3516\" data-quantity=\"1\" class=\"button product_type_simple\" data-product_id=\"3516\" data-product_sku=\"\" aria-label=\"Read more about &ldquo;Temperature, humidity and pressure data logger MSR385WD&rdquo;\" rel=\"nofollow\" data-success_message=\"\">Read more<\/a>\t<span id=\"woocommerce_loop_add_to_cart_link_describedby_3516\" class=\"screen-reader-text\">\n\t\t\t<\/span>\n<\/li>\n<\/ul>\n<\/div><\/p>\n\n\n\n<p class=\"wp-block-paragraph\"><\/p>\n","protected":false},"excerpt":{"rendered":"<p>Ils enregistrent la pression. Certains d&#8217;entre eux peuvent enregistrer d&#8217;autres param\u00e8tres (temp\u00e9rature, humidi\u00e9, lumi\u00e8re, acc\u00e9l\u00e9ration\u2026)<\/p>\n","protected":false},"author":3,"featured_media":0,"parent":0,"menu_order":0,"comment_status":"closed","ping_status":"closed","template":"","meta":{"_crdt_document":"","footnotes":""},"class_list":["post-1668","page","type-page","status-publish","hentry"],"yoast_head":"<!-- This site is optimized with the Yoast SEO plugin v27.4 - https:\/\/yoast.com\/product\/yoast-seo-wordpress\/ -->\n<title>Pressure Datalogger - Sysmatec<\/title>\n<meta name=\"robots\" content=\"index, follow, max-snippet:-1, max-image-preview:large, max-video-preview:-1\" \/>\n<link rel=\"canonical\" href=\"https:\/\/sysmatec.ch\/en\/pressure-datalogger\/\" \/>\n<meta property=\"og:locale\" content=\"en_US\" \/>\n<meta property=\"og:type\" content=\"article\" \/>\n<meta property=\"og:title\" content=\"Pressure Datalogger - Sysmatec\" \/>\n<meta property=\"og:description\" content=\"Ils enregistrent la pression. Certains d&#8217;entre eux peuvent enregistrer d&#8217;autres param\u00e8tres (temp\u00e9rature, humidi\u00e9, lumi\u00e8re, acc\u00e9l\u00e9ration\u2026)\" \/>\n<meta property=\"og:url\" content=\"https:\/\/sysmatec.ch\/en\/pressure-datalogger\/\" \/>\n<meta property=\"og:site_name\" content=\"Sysmatec\" \/>\n<meta property=\"article:modified_time\" content=\"2019-01-26T20:31:07+00:00\" \/>\n<meta name=\"twitter:card\" content=\"summary_large_image\" \/>\n<script type=\"application\/ld+json\" class=\"yoast-schema-graph\">{\"@context\":\"https:\\\/\\\/schema.org\",\"@graph\":[{\"@type\":\"WebPage\",\"@id\":\"https:\\\/\\\/sysmatec.ch\\\/en\\\/pressure-datalogger\\\/\",\"url\":\"https:\\\/\\\/sysmatec.ch\\\/en\\\/pressure-datalogger\\\/\",\"name\":\"Pressure Datalogger - Sysmatec\",\"isPartOf\":{\"@id\":\"https:\\\/\\\/sysmatec.ch\\\/de\\\/#website\"},\"datePublished\":\"2019-01-26T20:31:01+00:00\",\"dateModified\":\"2019-01-26T20:31:07+00:00\",\"breadcrumb\":{\"@id\":\"https:\\\/\\\/sysmatec.ch\\\/en\\\/pressure-datalogger\\\/#breadcrumb\"},\"inLanguage\":\"en-US\",\"potentialAction\":[{\"@type\":\"ReadAction\",\"target\":[\"https:\\\/\\\/sysmatec.ch\\\/en\\\/pressure-datalogger\\\/\"]}]},{\"@type\":\"BreadcrumbList\",\"@id\":\"https:\\\/\\\/sysmatec.ch\\\/en\\\/pressure-datalogger\\\/#breadcrumb\",\"itemListElement\":[{\"@type\":\"ListItem\",\"position\":1,\"name\":\"Accueil\",\"item\":\"https:\\\/\\\/sysmatec.ch\\\/en\\\/\"},{\"@type\":\"ListItem\",\"position\":2,\"name\":\"Pressure Datalogger\"}]},{\"@type\":\"WebSite\",\"@id\":\"https:\\\/\\\/sysmatec.ch\\\/de\\\/#website\",\"url\":\"https:\\\/\\\/sysmatec.ch\\\/de\\\/\",\"name\":\"Sysmatec\",\"description\":\"Equipement de laboratoire et logiciels\",\"publisher\":{\"@id\":\"https:\\\/\\\/sysmatec.ch\\\/de\\\/#organization\"},\"potentialAction\":[{\"@type\":\"SearchAction\",\"target\":{\"@type\":\"EntryPoint\",\"urlTemplate\":\"https:\\\/\\\/sysmatec.ch\\\/de\\\/?s={search_term_string}\"},\"query-input\":{\"@type\":\"PropertyValueSpecification\",\"valueRequired\":true,\"valueName\":\"search_term_string\"}}],\"inLanguage\":\"en-US\"},{\"@type\":\"Organization\",\"@id\":\"https:\\\/\\\/sysmatec.ch\\\/de\\\/#organization\",\"name\":\"Sysmatec\",\"url\":\"https:\\\/\\\/sysmatec.ch\\\/de\\\/\",\"logo\":{\"@type\":\"ImageObject\",\"inLanguage\":\"en-US\",\"@id\":\"https:\\\/\\\/sysmatec.ch\\\/de\\\/#\\\/schema\\\/logo\\\/image\\\/\",\"url\":\"https:\\\/\\\/sysmatec.ch\\\/wp-content\\\/uploads\\\/2018\\\/11\\\/LogoSysmatec.jpg\",\"contentUrl\":\"https:\\\/\\\/sysmatec.ch\\\/wp-content\\\/uploads\\\/2018\\\/11\\\/LogoSysmatec.jpg\",\"width\":301,\"height\":297,\"caption\":\"Sysmatec\"},\"image\":{\"@id\":\"https:\\\/\\\/sysmatec.ch\\\/de\\\/#\\\/schema\\\/logo\\\/image\\\/\"}}]}<\/script>\n<!-- \/ Yoast SEO plugin. -->","yoast_head_json":{"title":"Pressure Datalogger - Sysmatec","robots":{"index":"index","follow":"follow","max-snippet":"max-snippet:-1","max-image-preview":"max-image-preview:large","max-video-preview":"max-video-preview:-1"},"canonical":"https:\/\/sysmatec.ch\/en\/pressure-datalogger\/","og_locale":"en_US","og_type":"article","og_title":"Pressure Datalogger - Sysmatec","og_description":"Ils enregistrent la pression. Certains d&#8217;entre eux peuvent enregistrer d&#8217;autres param\u00e8tres (temp\u00e9rature, humidi\u00e9, lumi\u00e8re, acc\u00e9l\u00e9ration\u2026)","og_url":"https:\/\/sysmatec.ch\/en\/pressure-datalogger\/","og_site_name":"Sysmatec","article_modified_time":"2019-01-26T20:31:07+00:00","twitter_card":"summary_large_image","schema":{"@context":"https:\/\/schema.org","@graph":[{"@type":"WebPage","@id":"https:\/\/sysmatec.ch\/en\/pressure-datalogger\/","url":"https:\/\/sysmatec.ch\/en\/pressure-datalogger\/","name":"Pressure Datalogger - Sysmatec","isPartOf":{"@id":"https:\/\/sysmatec.ch\/de\/#website"},"datePublished":"2019-01-26T20:31:01+00:00","dateModified":"2019-01-26T20:31:07+00:00","breadcrumb":{"@id":"https:\/\/sysmatec.ch\/en\/pressure-datalogger\/#breadcrumb"},"inLanguage":"en-US","potentialAction":[{"@type":"ReadAction","target":["https:\/\/sysmatec.ch\/en\/pressure-datalogger\/"]}]},{"@type":"BreadcrumbList","@id":"https:\/\/sysmatec.ch\/en\/pressure-datalogger\/#breadcrumb","itemListElement":[{"@type":"ListItem","position":1,"name":"Accueil","item":"https:\/\/sysmatec.ch\/en\/"},{"@type":"ListItem","position":2,"name":"Pressure Datalogger"}]},{"@type":"WebSite","@id":"https:\/\/sysmatec.ch\/de\/#website","url":"https:\/\/sysmatec.ch\/de\/","name":"Sysmatec","description":"Equipement de laboratoire et logiciels","publisher":{"@id":"https:\/\/sysmatec.ch\/de\/#organization"},"potentialAction":[{"@type":"SearchAction","target":{"@type":"EntryPoint","urlTemplate":"https:\/\/sysmatec.ch\/de\/?s={search_term_string}"},"query-input":{"@type":"PropertyValueSpecification","valueRequired":true,"valueName":"search_term_string"}}],"inLanguage":"en-US"},{"@type":"Organization","@id":"https:\/\/sysmatec.ch\/de\/#organization","name":"Sysmatec","url":"https:\/\/sysmatec.ch\/de\/","logo":{"@type":"ImageObject","inLanguage":"en-US","@id":"https:\/\/sysmatec.ch\/de\/#\/schema\/logo\/image\/","url":"https:\/\/sysmatec.ch\/wp-content\/uploads\/2018\/11\/LogoSysmatec.jpg","contentUrl":"https:\/\/sysmatec.ch\/wp-content\/uploads\/2018\/11\/LogoSysmatec.jpg","width":301,"height":297,"caption":"Sysmatec"},"image":{"@id":"https:\/\/sysmatec.ch\/de\/#\/schema\/logo\/image\/"}}]}},"_links":{"self":[{"href":"https:\/\/sysmatec.ch\/en\/wp-json\/wp\/v2\/pages\/1668","targetHints":{"allow":["GET"]}}],"collection":[{"href":"https:\/\/sysmatec.ch\/en\/wp-json\/wp\/v2\/pages"}],"about":[{"href":"https:\/\/sysmatec.ch\/en\/wp-json\/wp\/v2\/types\/page"}],"author":[{"embeddable":true,"href":"https:\/\/sysmatec.ch\/en\/wp-json\/wp\/v2\/users\/3"}],"replies":[{"embeddable":true,"href":"https:\/\/sysmatec.ch\/en\/wp-json\/wp\/v2\/comments?post=1668"}],"version-history":[{"count":1,"href":"https:\/\/sysmatec.ch\/en\/wp-json\/wp\/v2\/pages\/1668\/revisions"}],"predecessor-version":[{"id":1669,"href":"https:\/\/sysmatec.ch\/en\/wp-json\/wp\/v2\/pages\/1668\/revisions\/1669"}],"wp:attachment":[{"href":"https:\/\/sysmatec.ch\/en\/wp-json\/wp\/v2\/media?parent=1668"}],"curies":[{"name":"wp","href":"https:\/\/api.w.org\/{rel}","templated":true}]}}