{"id":13321,"date":"2018-11-18T21:06:36","date_gmt":"2018-11-18T20:06:36","guid":{"rendered":"https:\/\/sysmatec.ch\/conditions-de-vente\/"},"modified":"2022-05-25T16:51:27","modified_gmt":"2022-05-25T14:51:27","slug":"conditions-de-vente","status":"publish","type":"page","link":"https:\/\/sysmatec.ch\/en\/conditions-de-vente\/","title":{"rendered":"Conditions g\u00e9n\u00e9rales de vente"},"content":{"rendered":"<p>1. <strong>Validit\u00e9<\/strong><br \/>La soci\u00e9t\u00e9 Sysmatec qui g\u00e8re le site Sysmatec.ch est inscrite au registre du commerce sous le num\u00e9ro CH60010015336. Nos prestations sont soumises aux pr\u00e9sentes conditions g\u00e9n\u00e9rales, sauf d\u00e9rogation pr\u00e9alable \u00e9crite.<\/p>\n<p>2. <strong>Formation du contrat<\/strong> <br \/>Le contrat entre le client et notre soci\u00e9t\u00e9 entre en vigueur par une commande pass\u00e9e par le client par internet ou par \u00e9crit et son acceptation par Sysmatec.ch.<\/p>\n<p>3. <strong>Produits<\/strong> <br \/>Tous les renseignements donn\u00e9s au client sur la marchandise lors de la commande le sont \u00e0 titre indicatif, sous r\u00e9serve des modifications visant \u00e0 am\u00e9liorer le produit, ainsi que les erreurs dans la description.<\/p>\n<p>4. <strong>Prix<\/strong> <br \/>Nous nous r\u00e9servons le droit de modifier nos prix \u00e0 tout moment. Les frais de transport et emballage sont factur\u00e9s en sus. Les prix s&#8217;entendent TVA comprise (7.7 %).<\/p>\n<p>5.<strong>Conditions de paiement<\/strong> <br \/>Les commandes sont pass\u00e9es sur notre site et la marchandise est pay\u00e9e par les diff\u00e9rents moyens mis \u00e0 sa disposition. Nous restons propri\u00e9taire de la marchandise jusqu&#8217;\u00e0 son paiement int\u00e9gral.<\/p>\n<p>6. <strong>Livraison<\/strong> <br \/><span style=\"display: inline !important; float: none; background-color: #ffffff; color: #000000; cursor: text; font-family: 'Source Sans Pro','HelveticaNeue-Light','Helvetica Neue Light','Helvetica Neue',Helvetica,Arial,'Lucida Grande',sans-serif; font-size: 16px; font-style: normal; font-variant: normal; font-weight: 400; letter-spacing: normal; orphans: 2; text-align: left; text-decoration: none; text-indent: 0px; text-transform: none; -webkit-text-stroke-width: 0px; white-space: normal; word-spacing: 0px;\">Sysmatec<\/span>.ch s&#8217;engage \u00e0 livrer toute commande confirm\u00e9e. Si le produit n&#8217;est plus en stock nous proposerons un produit de remplacement que l&#8217;acheteur pourra accepter ou refuser. Nous nous efforcerons de respecter les d\u00e9lais de livraison indiqu\u00e9s sur la confirmation de commande.<\/p>\n<p>7. <strong>Propri\u00e9t\u00e9<\/strong> <br \/>Les marchandises livr\u00e9es restent notre propri\u00e9t\u00e9 jusqu&#8217;au paiement int\u00e9gral. En cas de retard du paiement nous nous r\u00e9servons le droit de reprendre les marchandises livr\u00e9es.<\/p>\n<p>8. <strong>R\u00e9clamation<\/strong> <br \/>Les erreurs dans la livraison ainsi que les d\u00e9fauts constat\u00e9s peuvent faire l&#8217;objet d&#8217;une r\u00e9clamation aupr\u00e8s de Sysmatec.chm dans les 7 jours suivant la r\u00e9ception. Les frais de retour sont \u00e0 la charge du client. Tout dommage subit lors du transport doit \u00eatre annonc\u00e9 imm\u00e9diatement au transporteur.<\/p>\n<p>9. <strong>Garantie<\/strong> <br \/>La marchandise livr\u00e9e est garantie un an \u00e0 partir de la date de vente. Si le produit ne peut plus \u00eatre r\u00e9par\u00e9 ou remplac\u00e9, un produit \u00e9quivalent ou un bon d&#8217;achat de m\u00eame valeur seront propos\u00e9s. Le vendeur n&#8217;est pas tenu responsable des dommages r\u00e9sultants de la mauvaise utilisation ou dus \u00e0 une usure naturelle du produit.<\/p>\n<p>10. <strong>Protection des donn\u00e9es<\/strong> <br \/>Les donn\u00e9es personnelles recueillies lors de l&#8217;ex\u00e9cution des commandes ne sont pas transmises \u00e0 des tiers.<\/p>\n\n\n<p class=\"wp-block-paragraph\">Les informations diffus\u00e9es sur ce site sont donn\u00e9es \u00e0 titre indicatif et nous d\u00e9clinons toute responsabilit\u00e9 en cas d&#8217;erreur \u00e9ventuelle.<\/p>\n","protected":false},"excerpt":{"rendered":"<p>1. Validit\u00e9La soci\u00e9t\u00e9 Sysmatec qui g\u00e8re le site Sysmatec.ch est inscrite au registre du commerce sous le num\u00e9ro CH60010015336. Nos prestations sont soumises aux pr\u00e9sentes conditions g\u00e9n\u00e9rales, sauf d\u00e9rogation pr\u00e9alable \u00e9crite. 2. Formation du contrat Le contrat entre le client et notre soci\u00e9t\u00e9 entre en vigueur par une commande pass\u00e9e par le client par internet [&hellip;]<\/p>\n","protected":false},"author":3,"featured_media":0,"parent":0,"menu_order":0,"comment_status":"closed","ping_status":"closed","template":"","meta":{"_crdt_document":"","footnotes":""},"class_list":["post-13321","page","type-page","status-publish","hentry"],"yoast_head":"<!-- This site is optimized with the Yoast SEO plugin v27.4 - https:\/\/yoast.com\/product\/yoast-seo-wordpress\/ -->\n<title>Conditions g\u00e9n\u00e9rales de vente - Sysmatec<\/title>\n<meta name=\"robots\" content=\"index, follow, max-snippet:-1, max-image-preview:large, max-video-preview:-1\" \/>\n<link rel=\"canonical\" href=\"https:\/\/sysmatec.ch\/en\/conditions-de-vente\/\" \/>\n<meta property=\"og:locale\" content=\"en_US\" \/>\n<meta property=\"og:type\" content=\"article\" \/>\n<meta property=\"og:title\" content=\"Conditions g\u00e9n\u00e9rales de vente - Sysmatec\" \/>\n<meta property=\"og:description\" content=\"1. Validit\u00e9La soci\u00e9t\u00e9 Sysmatec qui g\u00e8re le site Sysmatec.ch est inscrite au registre du commerce sous le num\u00e9ro CH60010015336. Nos prestations sont soumises aux pr\u00e9sentes conditions g\u00e9n\u00e9rales, sauf d\u00e9rogation pr\u00e9alable \u00e9crite. 2. Formation du contrat Le contrat entre le client et notre soci\u00e9t\u00e9 entre en vigueur par une commande pass\u00e9e par le client par internet [&hellip;]\" \/>\n<meta property=\"og:url\" content=\"https:\/\/sysmatec.ch\/en\/conditions-de-vente\/\" \/>\n<meta property=\"og:site_name\" content=\"Sysmatec\" \/>\n<meta property=\"article:modified_time\" content=\"2022-05-25T14:51:27+00:00\" \/>\n<meta name=\"twitter:card\" content=\"summary_large_image\" \/>\n<meta name=\"twitter:label1\" content=\"Est. reading time\" \/>\n\t<meta name=\"twitter:data1\" content=\"2 minutes\" \/>\n<script type=\"application\/ld+json\" class=\"yoast-schema-graph\">{\"@context\":\"https:\\\/\\\/schema.org\",\"@graph\":[{\"@type\":\"WebPage\",\"@id\":\"https:\\\/\\\/sysmatec.ch\\\/en\\\/conditions-de-vente\\\/\",\"url\":\"https:\\\/\\\/sysmatec.ch\\\/en\\\/conditions-de-vente\\\/\",\"name\":\"Conditions g\u00e9n\u00e9rales de vente - Sysmatec\",\"isPartOf\":{\"@id\":\"https:\\\/\\\/sysmatec.ch\\\/de\\\/#website\"},\"datePublished\":\"2018-11-18T20:06:36+00:00\",\"dateModified\":\"2022-05-25T14:51:27+00:00\",\"breadcrumb\":{\"@id\":\"https:\\\/\\\/sysmatec.ch\\\/en\\\/conditions-de-vente\\\/#breadcrumb\"},\"inLanguage\":\"en-US\",\"potentialAction\":[{\"@type\":\"ReadAction\",\"target\":[\"https:\\\/\\\/sysmatec.ch\\\/en\\\/conditions-de-vente\\\/\"]}]},{\"@type\":\"BreadcrumbList\",\"@id\":\"https:\\\/\\\/sysmatec.ch\\\/en\\\/conditions-de-vente\\\/#breadcrumb\",\"itemListElement\":[{\"@type\":\"ListItem\",\"position\":1,\"name\":\"Accueil\",\"item\":\"https:\\\/\\\/sysmatec.ch\\\/en\\\/\"},{\"@type\":\"ListItem\",\"position\":2,\"name\":\"Conditions g\u00e9n\u00e9rales de vente\"}]},{\"@type\":\"WebSite\",\"@id\":\"https:\\\/\\\/sysmatec.ch\\\/de\\\/#website\",\"url\":\"https:\\\/\\\/sysmatec.ch\\\/de\\\/\",\"name\":\"Sysmatec\",\"description\":\"Equipement de laboratoire et logiciels\",\"publisher\":{\"@id\":\"https:\\\/\\\/sysmatec.ch\\\/de\\\/#organization\"},\"potentialAction\":[{\"@type\":\"SearchAction\",\"target\":{\"@type\":\"EntryPoint\",\"urlTemplate\":\"https:\\\/\\\/sysmatec.ch\\\/de\\\/?s={search_term_string}\"},\"query-input\":{\"@type\":\"PropertyValueSpecification\",\"valueRequired\":true,\"valueName\":\"search_term_string\"}}],\"inLanguage\":\"en-US\"},{\"@type\":\"Organization\",\"@id\":\"https:\\\/\\\/sysmatec.ch\\\/de\\\/#organization\",\"name\":\"Sysmatec\",\"url\":\"https:\\\/\\\/sysmatec.ch\\\/de\\\/\",\"logo\":{\"@type\":\"ImageObject\",\"inLanguage\":\"en-US\",\"@id\":\"https:\\\/\\\/sysmatec.ch\\\/de\\\/#\\\/schema\\\/logo\\\/image\\\/\",\"url\":\"https:\\\/\\\/sysmatec.ch\\\/wp-content\\\/uploads\\\/2018\\\/11\\\/LogoSysmatec.jpg\",\"contentUrl\":\"https:\\\/\\\/sysmatec.ch\\\/wp-content\\\/uploads\\\/2018\\\/11\\\/LogoSysmatec.jpg\",\"width\":301,\"height\":297,\"caption\":\"Sysmatec\"},\"image\":{\"@id\":\"https:\\\/\\\/sysmatec.ch\\\/de\\\/#\\\/schema\\\/logo\\\/image\\\/\"}}]}<\/script>\n<!-- \/ Yoast SEO plugin. -->","yoast_head_json":{"title":"Conditions g\u00e9n\u00e9rales de vente - Sysmatec","robots":{"index":"index","follow":"follow","max-snippet":"max-snippet:-1","max-image-preview":"max-image-preview:large","max-video-preview":"max-video-preview:-1"},"canonical":"https:\/\/sysmatec.ch\/en\/conditions-de-vente\/","og_locale":"en_US","og_type":"article","og_title":"Conditions g\u00e9n\u00e9rales de vente - Sysmatec","og_description":"1. Validit\u00e9La soci\u00e9t\u00e9 Sysmatec qui g\u00e8re le site Sysmatec.ch est inscrite au registre du commerce sous le num\u00e9ro CH60010015336. Nos prestations sont soumises aux pr\u00e9sentes conditions g\u00e9n\u00e9rales, sauf d\u00e9rogation pr\u00e9alable \u00e9crite. 2. Formation du contrat Le contrat entre le client et notre soci\u00e9t\u00e9 entre en vigueur par une commande pass\u00e9e par le client par internet [&hellip;]","og_url":"https:\/\/sysmatec.ch\/en\/conditions-de-vente\/","og_site_name":"Sysmatec","article_modified_time":"2022-05-25T14:51:27+00:00","twitter_card":"summary_large_image","twitter_misc":{"Est. reading time":"2 minutes"},"schema":{"@context":"https:\/\/schema.org","@graph":[{"@type":"WebPage","@id":"https:\/\/sysmatec.ch\/en\/conditions-de-vente\/","url":"https:\/\/sysmatec.ch\/en\/conditions-de-vente\/","name":"Conditions g\u00e9n\u00e9rales de vente - Sysmatec","isPartOf":{"@id":"https:\/\/sysmatec.ch\/de\/#website"},"datePublished":"2018-11-18T20:06:36+00:00","dateModified":"2022-05-25T14:51:27+00:00","breadcrumb":{"@id":"https:\/\/sysmatec.ch\/en\/conditions-de-vente\/#breadcrumb"},"inLanguage":"en-US","potentialAction":[{"@type":"ReadAction","target":["https:\/\/sysmatec.ch\/en\/conditions-de-vente\/"]}]},{"@type":"BreadcrumbList","@id":"https:\/\/sysmatec.ch\/en\/conditions-de-vente\/#breadcrumb","itemListElement":[{"@type":"ListItem","position":1,"name":"Accueil","item":"https:\/\/sysmatec.ch\/en\/"},{"@type":"ListItem","position":2,"name":"Conditions g\u00e9n\u00e9rales de vente"}]},{"@type":"WebSite","@id":"https:\/\/sysmatec.ch\/de\/#website","url":"https:\/\/sysmatec.ch\/de\/","name":"Sysmatec","description":"Equipement de laboratoire et logiciels","publisher":{"@id":"https:\/\/sysmatec.ch\/de\/#organization"},"potentialAction":[{"@type":"SearchAction","target":{"@type":"EntryPoint","urlTemplate":"https:\/\/sysmatec.ch\/de\/?s={search_term_string}"},"query-input":{"@type":"PropertyValueSpecification","valueRequired":true,"valueName":"search_term_string"}}],"inLanguage":"en-US"},{"@type":"Organization","@id":"https:\/\/sysmatec.ch\/de\/#organization","name":"Sysmatec","url":"https:\/\/sysmatec.ch\/de\/","logo":{"@type":"ImageObject","inLanguage":"en-US","@id":"https:\/\/sysmatec.ch\/de\/#\/schema\/logo\/image\/","url":"https:\/\/sysmatec.ch\/wp-content\/uploads\/2018\/11\/LogoSysmatec.jpg","contentUrl":"https:\/\/sysmatec.ch\/wp-content\/uploads\/2018\/11\/LogoSysmatec.jpg","width":301,"height":297,"caption":"Sysmatec"},"image":{"@id":"https:\/\/sysmatec.ch\/de\/#\/schema\/logo\/image\/"}}]}},"_links":{"self":[{"href":"https:\/\/sysmatec.ch\/en\/wp-json\/wp\/v2\/pages\/13321","targetHints":{"allow":["GET"]}}],"collection":[{"href":"https:\/\/sysmatec.ch\/en\/wp-json\/wp\/v2\/pages"}],"about":[{"href":"https:\/\/sysmatec.ch\/en\/wp-json\/wp\/v2\/types\/page"}],"author":[{"embeddable":true,"href":"https:\/\/sysmatec.ch\/en\/wp-json\/wp\/v2\/users\/3"}],"replies":[{"embeddable":true,"href":"https:\/\/sysmatec.ch\/en\/wp-json\/wp\/v2\/comments?post=13321"}],"version-history":[{"count":1,"href":"https:\/\/sysmatec.ch\/en\/wp-json\/wp\/v2\/pages\/13321\/revisions"}],"predecessor-version":[{"id":27747,"href":"https:\/\/sysmatec.ch\/en\/wp-json\/wp\/v2\/pages\/13321\/revisions\/27747"}],"wp:attachment":[{"href":"https:\/\/sysmatec.ch\/en\/wp-json\/wp\/v2\/media?parent=13321"}],"curies":[{"name":"wp","href":"https:\/\/api.w.org\/{rel}","templated":true}]}}