{"id":9187,"date":"2019-07-16T16:06:11","date_gmt":"2019-07-16T14:06:11","guid":{"rendered":"https:\/\/sysmatec.ch\/produit\/capteur-dynamometrique-numerique-kern-fk\/"},"modified":"2021-12-11T18:31:36","modified_gmt":"2021-12-11T17:31:36","slug":"kern-fk-digitales-kraftmessgeraet","status":"publish","type":"product","link":"https:\/\/sysmatec.ch\/de\/Produkt\/kern-fk-digitales-kraftmessgeraet\/","title":{"rendered":"KERN FK Digitales Kraftmessger\u00e4t"},"content":{"rendered":"<ul>\n<li>Sichere Bedienbarkeit durch ergonomisches Geh\u00e4usedesign<\/li>\n<li>\u00dcberlastschutz 200% des Messbereichs<\/li>\n<li>Umkehrbares Display &#8211; automatische Richtungserkennung<\/li>\n<li>W\u00e4hlbare Einheiten: Newton, kg, lb, oz<\/li>\n<li>Peak-Hold-Funktion zur Erfassung des Spitzenwerts bzw. Track-Funktion zur kontinuierlichen Messanzeige<\/li>\n<li>Befestigungsm\u00f6glichkeit an allen SAUTER Pr\u00fcfst\u00e4nden<\/li>\n<li>Auto-Power-Off<\/li>\n<li>Nettogewicht ca. 0.6 kg<\/li>\n<li>Gesamtabmessungen BxTxH 195x84x35 mm<\/li>\n<\/ul>\n<table border=\"1\" width=\"442\" cellspacing=\"0\" cellpadding=\"2\">\n<tbody>\n<tr>\n<td>Kraftmessger\u00e4t Model<\/td>\n<td width=\"10%\">Ablesbarkeit<\/td>\n<td width=\"10%\">Messbereich<\/td>\n<\/tr>\n<tr>\n<td><\/td>\n<td width=\"10%\">N<\/td>\n<td width=\"10%\">N<\/td>\n<\/tr>\n<tr>\n<td>KERN FK10<\/td>\n<td width=\"10%\">0.01<\/td>\n<td width=\"10%\">10<\/td>\n<\/tr>\n<tr>\n<td>KERN FK25<\/td>\n<td width=\"10%\">0.01<\/td>\n<td width=\"10%\">25<\/td>\n<\/tr>\n<tr>\n<td>KERN FK50<\/td>\n<td width=\"10%\">0.02<\/td>\n<td width=\"10%\">50<\/td>\n<\/tr>\n<tr>\n<td>KERN FK100<\/td>\n<td width=\"10%\">0.05<\/td>\n<td width=\"10%\">100<\/td>\n<\/tr>\n<tr>\n<td>KERN FK250<\/td>\n<td width=\"10%\">0.1<\/td>\n<td width=\"10%\">250<\/td>\n<\/tr>\n<tr>\n<td>KERN FK500<\/td>\n<td width=\"10%\">0.2<\/td>\n<td width=\"10%\">1000<\/td>\n<\/tr>\n<tr>\n<td>KERN FK1K<\/td>\n<td width=\"10%\">0.5<\/td>\n<td width=\"10%\">1000<\/td>\n<\/tr>\n<\/tbody>\n<\/table>\n","protected":false},"excerpt":{"rendered":"<p>Digitales Kraftmessger\u00e4t<\/p>\n","protected":false},"featured_media":9169,"template":"","meta":{"_crdt_document":""},"product_brand":[],"product_cat":[318,180],"product_tag":[],"class_list":{"0":"post-9187","1":"product","2":"type-product","3":"status-publish","4":"has-post-thumbnail","6":"product_cat-kraft","7":"product_cat-messung","9":"first","10":"instock","11":"taxable","12":"shipping-taxable","13":"purchasable","14":"product-type-variable"},"yoast_head":"<!-- This site is optimized with the Yoast SEO plugin v27.3 - https:\/\/yoast.com\/product\/yoast-seo-wordpress\/ -->\n<title>KERN FK Digitales Kraftmessger\u00e4t - Sysmatec<\/title>\n<meta name=\"description\" content=\"Tragbares Dynamometer f\u00fcr die Bereiche 0-10 bis 0-1000 N. Einheiten: Newton, lb oder kg. Anzeige des Maximalwertes oder des kontinuierlich gemessenen.\" \/>\n<meta name=\"robots\" content=\"index, follow, max-snippet:-1, max-image-preview:large, max-video-preview:-1\" \/>\n<link rel=\"canonical\" href=\"https:\/\/sysmatec.ch\/de\/produit\/kern-fk-digitales-kraftmessgeraet\/\" \/>\n<meta property=\"og:locale\" content=\"de_DE\" \/>\n<meta property=\"og:type\" content=\"article\" \/>\n<meta property=\"og:title\" content=\"KERN FK Digitales Kraftmessger\u00e4t - Sysmatec\" \/>\n<meta property=\"og:description\" content=\"Tragbares Dynamometer f\u00fcr die Bereiche 0-10 bis 0-1000 N. Einheiten: Newton, lb oder kg. Anzeige des Maximalwertes oder des kontinuierlich gemessenen.\" \/>\n<meta property=\"og:url\" content=\"https:\/\/sysmatec.ch\/de\/produit\/kern-fk-digitales-kraftmessgeraet\/\" \/>\n<meta property=\"og:site_name\" content=\"Sysmatec\" \/>\n<meta property=\"article:modified_time\" content=\"2021-12-11T17:31:36+00:00\" \/>\n<meta property=\"og:image\" content=\"https:\/\/sysmatec.ch\/wp-content\/uploads\/2019\/07\/Force_KERNFK10.jpg\" \/>\n\t<meta property=\"og:image:width\" content=\"154\" \/>\n\t<meta property=\"og:image:height\" content=\"169\" \/>\n\t<meta property=\"og:image:type\" content=\"image\/jpeg\" \/>\n<meta name=\"twitter:card\" content=\"summary_large_image\" \/>\n<meta name=\"twitter:label1\" content=\"Gesch\u00e4tzte Lesezeit\" \/>\n\t<meta name=\"twitter:data1\" content=\"1\u00a0Minute\" \/>\n<script type=\"application\/ld+json\" class=\"yoast-schema-graph\">{\"@context\":\"https:\\\/\\\/schema.org\",\"@graph\":[{\"@type\":\"WebPage\",\"@id\":\"https:\\\/\\\/sysmatec.ch\\\/de\\\/produit\\\/kern-fk-digitales-kraftmessgeraet\\\/\",\"url\":\"https:\\\/\\\/sysmatec.ch\\\/de\\\/produit\\\/kern-fk-digitales-kraftmessgeraet\\\/\",\"name\":\"KERN FK Digitales Kraftmessger\u00e4t - Sysmatec\",\"isPartOf\":{\"@id\":\"https:\\\/\\\/sysmatec.ch\\\/de\\\/#website\"},\"primaryImageOfPage\":{\"@id\":\"https:\\\/\\\/sysmatec.ch\\\/de\\\/produit\\\/kern-fk-digitales-kraftmessgeraet\\\/#primaryimage\"},\"image\":{\"@id\":\"https:\\\/\\\/sysmatec.ch\\\/de\\\/produit\\\/kern-fk-digitales-kraftmessgeraet\\\/#primaryimage\"},\"thumbnailUrl\":\"https:\\\/\\\/sysmatec.ch\\\/wp-content\\\/uploads\\\/2019\\\/07\\\/Force_KERNFK10.jpg\",\"datePublished\":\"2019-07-16T14:06:11+00:00\",\"dateModified\":\"2021-12-11T17:31:36+00:00\",\"description\":\"Tragbares Dynamometer f\u00fcr die Bereiche 0-10 bis 0-1000 N. Einheiten: Newton, lb oder kg. Anzeige des Maximalwertes oder des kontinuierlich gemessenen.\",\"breadcrumb\":{\"@id\":\"https:\\\/\\\/sysmatec.ch\\\/de\\\/produit\\\/kern-fk-digitales-kraftmessgeraet\\\/#breadcrumb\"},\"inLanguage\":\"de\",\"potentialAction\":[{\"@type\":\"ReadAction\",\"target\":[\"https:\\\/\\\/sysmatec.ch\\\/de\\\/produit\\\/kern-fk-digitales-kraftmessgeraet\\\/\"]}]},{\"@type\":\"ImageObject\",\"inLanguage\":\"de\",\"@id\":\"https:\\\/\\\/sysmatec.ch\\\/de\\\/produit\\\/kern-fk-digitales-kraftmessgeraet\\\/#primaryimage\",\"url\":\"https:\\\/\\\/sysmatec.ch\\\/wp-content\\\/uploads\\\/2019\\\/07\\\/Force_KERNFK10.jpg\",\"contentUrl\":\"https:\\\/\\\/sysmatec.ch\\\/wp-content\\\/uploads\\\/2019\\\/07\\\/Force_KERNFK10.jpg\",\"width\":154,\"height\":169},{\"@type\":\"BreadcrumbList\",\"@id\":\"https:\\\/\\\/sysmatec.ch\\\/de\\\/produit\\\/kern-fk-digitales-kraftmessgeraet\\\/#breadcrumb\",\"itemListElement\":[{\"@type\":\"ListItem\",\"position\":1,\"name\":\"Accueil\",\"item\":\"https:\\\/\\\/sysmatec.ch\\\/de\\\/\"},{\"@type\":\"ListItem\",\"position\":2,\"name\":\"Die Aktivit\u00e4t von Sysmatec\",\"item\":\"https:\\\/\\\/sysmatec.ch\\\/de\\\/\"},{\"@type\":\"ListItem\",\"position\":3,\"name\":\"KERN FK Digitales Kraftmessger\u00e4t\"}]},{\"@type\":\"WebSite\",\"@id\":\"https:\\\/\\\/sysmatec.ch\\\/de\\\/#website\",\"url\":\"https:\\\/\\\/sysmatec.ch\\\/de\\\/\",\"name\":\"Sysmatec\",\"description\":\"Equipement de laboratoire et logiciels\",\"publisher\":{\"@id\":\"https:\\\/\\\/sysmatec.ch\\\/de\\\/#organization\"},\"potentialAction\":[{\"@type\":\"SearchAction\",\"target\":{\"@type\":\"EntryPoint\",\"urlTemplate\":\"https:\\\/\\\/sysmatec.ch\\\/de\\\/?s={search_term_string}\"},\"query-input\":{\"@type\":\"PropertyValueSpecification\",\"valueRequired\":true,\"valueName\":\"search_term_string\"}}],\"inLanguage\":\"de\"},{\"@type\":\"Organization\",\"@id\":\"https:\\\/\\\/sysmatec.ch\\\/de\\\/#organization\",\"name\":\"Sysmatec\",\"url\":\"https:\\\/\\\/sysmatec.ch\\\/de\\\/\",\"logo\":{\"@type\":\"ImageObject\",\"inLanguage\":\"de\",\"@id\":\"https:\\\/\\\/sysmatec.ch\\\/de\\\/#\\\/schema\\\/logo\\\/image\\\/\",\"url\":\"https:\\\/\\\/sysmatec.ch\\\/wp-content\\\/uploads\\\/2018\\\/11\\\/LogoSysmatec.jpg\",\"contentUrl\":\"https:\\\/\\\/sysmatec.ch\\\/wp-content\\\/uploads\\\/2018\\\/11\\\/LogoSysmatec.jpg\",\"width\":301,\"height\":297,\"caption\":\"Sysmatec\"},\"image\":{\"@id\":\"https:\\\/\\\/sysmatec.ch\\\/de\\\/#\\\/schema\\\/logo\\\/image\\\/\"}}]}<\/script>\n<!-- \/ Yoast SEO plugin. -->","yoast_head_json":{"title":"KERN FK Digitales Kraftmessger\u00e4t - Sysmatec","description":"Tragbares Dynamometer f\u00fcr die Bereiche 0-10 bis 0-1000 N. Einheiten: Newton, lb oder kg. Anzeige des Maximalwertes oder des kontinuierlich gemessenen.","robots":{"index":"index","follow":"follow","max-snippet":"max-snippet:-1","max-image-preview":"max-image-preview:large","max-video-preview":"max-video-preview:-1"},"canonical":"https:\/\/sysmatec.ch\/de\/produit\/kern-fk-digitales-kraftmessgeraet\/","og_locale":"de_DE","og_type":"article","og_title":"KERN FK Digitales Kraftmessger\u00e4t - Sysmatec","og_description":"Tragbares Dynamometer f\u00fcr die Bereiche 0-10 bis 0-1000 N. Einheiten: Newton, lb oder kg. Anzeige des Maximalwertes oder des kontinuierlich gemessenen.","og_url":"https:\/\/sysmatec.ch\/de\/produit\/kern-fk-digitales-kraftmessgeraet\/","og_site_name":"Sysmatec","article_modified_time":"2021-12-11T17:31:36+00:00","og_image":[{"width":154,"height":169,"url":"https:\/\/sysmatec.ch\/wp-content\/uploads\/2019\/07\/Force_KERNFK10.jpg","type":"image\/jpeg"}],"twitter_card":"summary_large_image","twitter_misc":{"Gesch\u00e4tzte Lesezeit":"1\u00a0Minute"},"schema":{"@context":"https:\/\/schema.org","@graph":[{"@type":"WebPage","@id":"https:\/\/sysmatec.ch\/de\/produit\/kern-fk-digitales-kraftmessgeraet\/","url":"https:\/\/sysmatec.ch\/de\/produit\/kern-fk-digitales-kraftmessgeraet\/","name":"KERN FK Digitales Kraftmessger\u00e4t - Sysmatec","isPartOf":{"@id":"https:\/\/sysmatec.ch\/de\/#website"},"primaryImageOfPage":{"@id":"https:\/\/sysmatec.ch\/de\/produit\/kern-fk-digitales-kraftmessgeraet\/#primaryimage"},"image":{"@id":"https:\/\/sysmatec.ch\/de\/produit\/kern-fk-digitales-kraftmessgeraet\/#primaryimage"},"thumbnailUrl":"https:\/\/sysmatec.ch\/wp-content\/uploads\/2019\/07\/Force_KERNFK10.jpg","datePublished":"2019-07-16T14:06:11+00:00","dateModified":"2021-12-11T17:31:36+00:00","description":"Tragbares Dynamometer f\u00fcr die Bereiche 0-10 bis 0-1000 N. Einheiten: Newton, lb oder kg. Anzeige des Maximalwertes oder des kontinuierlich gemessenen.","breadcrumb":{"@id":"https:\/\/sysmatec.ch\/de\/produit\/kern-fk-digitales-kraftmessgeraet\/#breadcrumb"},"inLanguage":"de","potentialAction":[{"@type":"ReadAction","target":["https:\/\/sysmatec.ch\/de\/produit\/kern-fk-digitales-kraftmessgeraet\/"]}]},{"@type":"ImageObject","inLanguage":"de","@id":"https:\/\/sysmatec.ch\/de\/produit\/kern-fk-digitales-kraftmessgeraet\/#primaryimage","url":"https:\/\/sysmatec.ch\/wp-content\/uploads\/2019\/07\/Force_KERNFK10.jpg","contentUrl":"https:\/\/sysmatec.ch\/wp-content\/uploads\/2019\/07\/Force_KERNFK10.jpg","width":154,"height":169},{"@type":"BreadcrumbList","@id":"https:\/\/sysmatec.ch\/de\/produit\/kern-fk-digitales-kraftmessgeraet\/#breadcrumb","itemListElement":[{"@type":"ListItem","position":1,"name":"Accueil","item":"https:\/\/sysmatec.ch\/de\/"},{"@type":"ListItem","position":2,"name":"Die Aktivit\u00e4t von Sysmatec","item":"https:\/\/sysmatec.ch\/de\/"},{"@type":"ListItem","position":3,"name":"KERN FK Digitales Kraftmessger\u00e4t"}]},{"@type":"WebSite","@id":"https:\/\/sysmatec.ch\/de\/#website","url":"https:\/\/sysmatec.ch\/de\/","name":"Sysmatec","description":"Equipement de laboratoire et logiciels","publisher":{"@id":"https:\/\/sysmatec.ch\/de\/#organization"},"potentialAction":[{"@type":"SearchAction","target":{"@type":"EntryPoint","urlTemplate":"https:\/\/sysmatec.ch\/de\/?s={search_term_string}"},"query-input":{"@type":"PropertyValueSpecification","valueRequired":true,"valueName":"search_term_string"}}],"inLanguage":"de"},{"@type":"Organization","@id":"https:\/\/sysmatec.ch\/de\/#organization","name":"Sysmatec","url":"https:\/\/sysmatec.ch\/de\/","logo":{"@type":"ImageObject","inLanguage":"de","@id":"https:\/\/sysmatec.ch\/de\/#\/schema\/logo\/image\/","url":"https:\/\/sysmatec.ch\/wp-content\/uploads\/2018\/11\/LogoSysmatec.jpg","contentUrl":"https:\/\/sysmatec.ch\/wp-content\/uploads\/2018\/11\/LogoSysmatec.jpg","width":301,"height":297,"caption":"Sysmatec"},"image":{"@id":"https:\/\/sysmatec.ch\/de\/#\/schema\/logo\/image\/"}}]}},"_links":{"self":[{"href":"https:\/\/sysmatec.ch\/de\/wp-json\/wp\/v2\/product\/9187","targetHints":{"allow":["GET"]}}],"collection":[{"href":"https:\/\/sysmatec.ch\/de\/wp-json\/wp\/v2\/product"}],"about":[{"href":"https:\/\/sysmatec.ch\/de\/wp-json\/wp\/v2\/types\/product"}],"wp:featuredmedia":[{"embeddable":true,"href":"https:\/\/sysmatec.ch\/de\/wp-json\/wp\/v2\/media\/9169"}],"wp:attachment":[{"href":"https:\/\/sysmatec.ch\/de\/wp-json\/wp\/v2\/media?parent=9187"}],"wp:term":[{"taxonomy":"product_brand","embeddable":true,"href":"https:\/\/sysmatec.ch\/de\/wp-json\/wp\/v2\/product_brand?post=9187"},{"taxonomy":"product_cat","embeddable":true,"href":"https:\/\/sysmatec.ch\/de\/wp-json\/wp\/v2\/product_cat?post=9187"},{"taxonomy":"product_tag","embeddable":true,"href":"https:\/\/sysmatec.ch\/de\/wp-json\/wp\/v2\/product_tag?post=9187"}],"curies":[{"name":"wp","href":"https:\/\/api.w.org\/{rel}","templated":true}]}}