{"id":9183,"date":"2019-07-16T15:41:20","date_gmt":"2019-07-16T13:41:20","guid":{"rendered":"https:\/\/sysmatec.ch\/produit\/dynamometre-mecanique-kern-fb\/"},"modified":"2021-12-11T18:37:47","modified_gmt":"2021-12-11T17:37:47","slug":"kern-fb-mechanisches-kraftmessgeraet","status":"publish","type":"product","link":"https:\/\/sysmatec.ch\/de\/Produkt\/kern-fb-mechanisches-kraftmessgeraet\/","title":{"rendered":"KERN FB Mechanisches Kraftmessger\u00e4t"},"content":{"rendered":"<ul>\n<li>Robustes Metallgeh\u00e4use f\u00fcr hohe Kraftbereiche<\/li>\n<li>Drehbare Ableseeinheit zur einfachen Justierung des Ger\u00e4tes<\/li>\n<li>Duale Skala: Newton und kg parallel ablesbar<\/li>\n<li>Peak Hold durch Schleppzeiger<\/li>\n<li>Nullstellung der Anzeige per Knopfdruck<\/li>\n<li>Montierbar an den motorisierten Pr\u00fcfstand TVM<\/li>\n<li>Nettogewicht ca. 3,24 kg<\/li>\n<li>Gesamtabmessungen BxTxH 295x95x80 mm<\/li>\n<\/ul>\n<table border=\"1\" width=\"442\" cellspacing=\"0\" cellpadding=\"2\">\n<tbody>\n<tr>\n<td>Kraftmessger\u00e4t Modell<\/td>\n<td width=\"10%\">Ablesbarkeit<\/td>\n<td width=\"10%\">Messbereich<\/td>\n<\/tr>\n<tr>\n<td><\/td>\n<td width=\"10%\">N<\/td>\n<td width=\"10%\">N<\/td>\n<\/tr>\n<tr>\n<td>KERN FB 1K<\/td>\n<td width=\"10%\">5<\/td>\n<td width=\"10%\">1000<\/td>\n<\/tr>\n<tr>\n<td>KERN FB 2K<\/td>\n<td width=\"10%\">12<\/td>\n<td width=\"10%\">2000<\/td>\n<\/tr>\n<tr>\n<td>KERN FB 3K<\/td>\n<td width=\"10%\">20<\/td>\n<td width=\"10%\">3000<\/td>\n<\/tr>\n<tr>\n<td>KERN FB 5K<\/td>\n<td width=\"10%\">25<\/td>\n<td width=\"10%\">5000<\/td>\n<\/tr>\n<\/tbody>\n<\/table>\n","protected":false},"excerpt":{"rendered":"<p>Mechanisches Kraftmessger\u00e4t<\/p>\n","protected":false},"featured_media":9178,"template":"","meta":{"_crdt_document":""},"product_brand":[],"product_cat":[318,180],"product_tag":[],"class_list":{"0":"post-9183","1":"product","2":"type-product","3":"status-publish","4":"has-post-thumbnail","6":"product_cat-kraft","7":"product_cat-messung","9":"first","10":"instock","11":"taxable","12":"shipping-taxable","13":"product-type-simple"},"yoast_head":"<!-- This site is optimized with the Yoast SEO plugin v27.3 - https:\/\/yoast.com\/product\/yoast-seo-wordpress\/ -->\n<title>KERN FB Mechanisches Kraftmessger\u00e4t - Sysmatec<\/title>\n<meta name=\"description\" content=\"Mechanischer Kraftmessger\u00e4t f\u00fcr die Bereiche 0-1000 bis 0-5000 N. Einheiten: Newton und kg. Anzeige des Maximalwertes oder des kontinuierlich gemessenen.\" \/>\n<meta name=\"robots\" content=\"index, follow, max-snippet:-1, max-image-preview:large, max-video-preview:-1\" \/>\n<link rel=\"canonical\" href=\"https:\/\/sysmatec.ch\/de\/produit\/kern-fb-mechanisches-kraftmessgeraet\/\" \/>\n<meta property=\"og:locale\" content=\"de_DE\" \/>\n<meta property=\"og:type\" content=\"article\" \/>\n<meta property=\"og:title\" content=\"KERN FB Mechanisches Kraftmessger\u00e4t - Sysmatec\" \/>\n<meta property=\"og:description\" content=\"Mechanischer Kraftmessger\u00e4t f\u00fcr die Bereiche 0-1000 bis 0-5000 N. Einheiten: Newton und kg. Anzeige des Maximalwertes oder des kontinuierlich gemessenen.\" \/>\n<meta property=\"og:url\" content=\"https:\/\/sysmatec.ch\/de\/produit\/kern-fb-mechanisches-kraftmessgeraet\/\" \/>\n<meta property=\"og:site_name\" content=\"Sysmatec\" \/>\n<meta property=\"article:modified_time\" content=\"2021-12-11T17:37:47+00:00\" \/>\n<meta property=\"og:image\" content=\"https:\/\/sysmatec.ch\/wp-content\/uploads\/2019\/07\/Force_KERNFB1K.jpg\" \/>\n\t<meta property=\"og:image:width\" content=\"151\" \/>\n\t<meta property=\"og:image:height\" content=\"169\" \/>\n\t<meta property=\"og:image:type\" content=\"image\/jpeg\" \/>\n<meta name=\"twitter:card\" content=\"summary_large_image\" \/>\n<meta name=\"twitter:label1\" content=\"Gesch\u00e4tzte Lesezeit\" \/>\n\t<meta name=\"twitter:data1\" content=\"1\u00a0Minute\" \/>\n<script type=\"application\/ld+json\" class=\"yoast-schema-graph\">{\"@context\":\"https:\\\/\\\/schema.org\",\"@graph\":[{\"@type\":\"WebPage\",\"@id\":\"https:\\\/\\\/sysmatec.ch\\\/de\\\/produit\\\/kern-fb-mechanisches-kraftmessgeraet\\\/\",\"url\":\"https:\\\/\\\/sysmatec.ch\\\/de\\\/produit\\\/kern-fb-mechanisches-kraftmessgeraet\\\/\",\"name\":\"KERN FB Mechanisches Kraftmessger\u00e4t - Sysmatec\",\"isPartOf\":{\"@id\":\"https:\\\/\\\/sysmatec.ch\\\/de\\\/#website\"},\"primaryImageOfPage\":{\"@id\":\"https:\\\/\\\/sysmatec.ch\\\/de\\\/produit\\\/kern-fb-mechanisches-kraftmessgeraet\\\/#primaryimage\"},\"image\":{\"@id\":\"https:\\\/\\\/sysmatec.ch\\\/de\\\/produit\\\/kern-fb-mechanisches-kraftmessgeraet\\\/#primaryimage\"},\"thumbnailUrl\":\"https:\\\/\\\/sysmatec.ch\\\/wp-content\\\/uploads\\\/2019\\\/07\\\/Force_KERNFB1K.jpg\",\"datePublished\":\"2019-07-16T13:41:20+00:00\",\"dateModified\":\"2021-12-11T17:37:47+00:00\",\"description\":\"Mechanischer Kraftmessger\u00e4t f\u00fcr die Bereiche 0-1000 bis 0-5000 N. Einheiten: Newton und kg. Anzeige des Maximalwertes oder des kontinuierlich gemessenen.\",\"breadcrumb\":{\"@id\":\"https:\\\/\\\/sysmatec.ch\\\/de\\\/produit\\\/kern-fb-mechanisches-kraftmessgeraet\\\/#breadcrumb\"},\"inLanguage\":\"de\",\"potentialAction\":[{\"@type\":\"ReadAction\",\"target\":[\"https:\\\/\\\/sysmatec.ch\\\/de\\\/produit\\\/kern-fb-mechanisches-kraftmessgeraet\\\/\"]}]},{\"@type\":\"ImageObject\",\"inLanguage\":\"de\",\"@id\":\"https:\\\/\\\/sysmatec.ch\\\/de\\\/produit\\\/kern-fb-mechanisches-kraftmessgeraet\\\/#primaryimage\",\"url\":\"https:\\\/\\\/sysmatec.ch\\\/wp-content\\\/uploads\\\/2019\\\/07\\\/Force_KERNFB1K.jpg\",\"contentUrl\":\"https:\\\/\\\/sysmatec.ch\\\/wp-content\\\/uploads\\\/2019\\\/07\\\/Force_KERNFB1K.jpg\",\"width\":151,\"height\":169},{\"@type\":\"BreadcrumbList\",\"@id\":\"https:\\\/\\\/sysmatec.ch\\\/de\\\/produit\\\/kern-fb-mechanisches-kraftmessgeraet\\\/#breadcrumb\",\"itemListElement\":[{\"@type\":\"ListItem\",\"position\":1,\"name\":\"Accueil\",\"item\":\"https:\\\/\\\/sysmatec.ch\\\/de\\\/\"},{\"@type\":\"ListItem\",\"position\":2,\"name\":\"Die Aktivit\u00e4t von Sysmatec\",\"item\":\"https:\\\/\\\/sysmatec.ch\\\/de\\\/\"},{\"@type\":\"ListItem\",\"position\":3,\"name\":\"KERN FB Mechanisches Kraftmessger\u00e4t\"}]},{\"@type\":\"WebSite\",\"@id\":\"https:\\\/\\\/sysmatec.ch\\\/de\\\/#website\",\"url\":\"https:\\\/\\\/sysmatec.ch\\\/de\\\/\",\"name\":\"Sysmatec\",\"description\":\"Equipement de laboratoire et logiciels\",\"publisher\":{\"@id\":\"https:\\\/\\\/sysmatec.ch\\\/de\\\/#organization\"},\"potentialAction\":[{\"@type\":\"SearchAction\",\"target\":{\"@type\":\"EntryPoint\",\"urlTemplate\":\"https:\\\/\\\/sysmatec.ch\\\/de\\\/?s={search_term_string}\"},\"query-input\":{\"@type\":\"PropertyValueSpecification\",\"valueRequired\":true,\"valueName\":\"search_term_string\"}}],\"inLanguage\":\"de\"},{\"@type\":\"Organization\",\"@id\":\"https:\\\/\\\/sysmatec.ch\\\/de\\\/#organization\",\"name\":\"Sysmatec\",\"url\":\"https:\\\/\\\/sysmatec.ch\\\/de\\\/\",\"logo\":{\"@type\":\"ImageObject\",\"inLanguage\":\"de\",\"@id\":\"https:\\\/\\\/sysmatec.ch\\\/de\\\/#\\\/schema\\\/logo\\\/image\\\/\",\"url\":\"https:\\\/\\\/sysmatec.ch\\\/wp-content\\\/uploads\\\/2018\\\/11\\\/LogoSysmatec.jpg\",\"contentUrl\":\"https:\\\/\\\/sysmatec.ch\\\/wp-content\\\/uploads\\\/2018\\\/11\\\/LogoSysmatec.jpg\",\"width\":301,\"height\":297,\"caption\":\"Sysmatec\"},\"image\":{\"@id\":\"https:\\\/\\\/sysmatec.ch\\\/de\\\/#\\\/schema\\\/logo\\\/image\\\/\"}}]}<\/script>\n<!-- \/ Yoast SEO plugin. -->","yoast_head_json":{"title":"KERN FB Mechanisches Kraftmessger\u00e4t - Sysmatec","description":"Mechanischer Kraftmessger\u00e4t f\u00fcr die Bereiche 0-1000 bis 0-5000 N. Einheiten: Newton und kg. Anzeige des Maximalwertes oder des kontinuierlich gemessenen.","robots":{"index":"index","follow":"follow","max-snippet":"max-snippet:-1","max-image-preview":"max-image-preview:large","max-video-preview":"max-video-preview:-1"},"canonical":"https:\/\/sysmatec.ch\/de\/produit\/kern-fb-mechanisches-kraftmessgeraet\/","og_locale":"de_DE","og_type":"article","og_title":"KERN FB Mechanisches Kraftmessger\u00e4t - Sysmatec","og_description":"Mechanischer Kraftmessger\u00e4t f\u00fcr die Bereiche 0-1000 bis 0-5000 N. Einheiten: Newton und kg. Anzeige des Maximalwertes oder des kontinuierlich gemessenen.","og_url":"https:\/\/sysmatec.ch\/de\/produit\/kern-fb-mechanisches-kraftmessgeraet\/","og_site_name":"Sysmatec","article_modified_time":"2021-12-11T17:37:47+00:00","og_image":[{"width":151,"height":169,"url":"https:\/\/sysmatec.ch\/wp-content\/uploads\/2019\/07\/Force_KERNFB1K.jpg","type":"image\/jpeg"}],"twitter_card":"summary_large_image","twitter_misc":{"Gesch\u00e4tzte Lesezeit":"1\u00a0Minute"},"schema":{"@context":"https:\/\/schema.org","@graph":[{"@type":"WebPage","@id":"https:\/\/sysmatec.ch\/de\/produit\/kern-fb-mechanisches-kraftmessgeraet\/","url":"https:\/\/sysmatec.ch\/de\/produit\/kern-fb-mechanisches-kraftmessgeraet\/","name":"KERN FB Mechanisches Kraftmessger\u00e4t - Sysmatec","isPartOf":{"@id":"https:\/\/sysmatec.ch\/de\/#website"},"primaryImageOfPage":{"@id":"https:\/\/sysmatec.ch\/de\/produit\/kern-fb-mechanisches-kraftmessgeraet\/#primaryimage"},"image":{"@id":"https:\/\/sysmatec.ch\/de\/produit\/kern-fb-mechanisches-kraftmessgeraet\/#primaryimage"},"thumbnailUrl":"https:\/\/sysmatec.ch\/wp-content\/uploads\/2019\/07\/Force_KERNFB1K.jpg","datePublished":"2019-07-16T13:41:20+00:00","dateModified":"2021-12-11T17:37:47+00:00","description":"Mechanischer Kraftmessger\u00e4t f\u00fcr die Bereiche 0-1000 bis 0-5000 N. Einheiten: Newton und kg. Anzeige des Maximalwertes oder des kontinuierlich gemessenen.","breadcrumb":{"@id":"https:\/\/sysmatec.ch\/de\/produit\/kern-fb-mechanisches-kraftmessgeraet\/#breadcrumb"},"inLanguage":"de","potentialAction":[{"@type":"ReadAction","target":["https:\/\/sysmatec.ch\/de\/produit\/kern-fb-mechanisches-kraftmessgeraet\/"]}]},{"@type":"ImageObject","inLanguage":"de","@id":"https:\/\/sysmatec.ch\/de\/produit\/kern-fb-mechanisches-kraftmessgeraet\/#primaryimage","url":"https:\/\/sysmatec.ch\/wp-content\/uploads\/2019\/07\/Force_KERNFB1K.jpg","contentUrl":"https:\/\/sysmatec.ch\/wp-content\/uploads\/2019\/07\/Force_KERNFB1K.jpg","width":151,"height":169},{"@type":"BreadcrumbList","@id":"https:\/\/sysmatec.ch\/de\/produit\/kern-fb-mechanisches-kraftmessgeraet\/#breadcrumb","itemListElement":[{"@type":"ListItem","position":1,"name":"Accueil","item":"https:\/\/sysmatec.ch\/de\/"},{"@type":"ListItem","position":2,"name":"Die Aktivit\u00e4t von Sysmatec","item":"https:\/\/sysmatec.ch\/de\/"},{"@type":"ListItem","position":3,"name":"KERN FB Mechanisches Kraftmessger\u00e4t"}]},{"@type":"WebSite","@id":"https:\/\/sysmatec.ch\/de\/#website","url":"https:\/\/sysmatec.ch\/de\/","name":"Sysmatec","description":"Equipement de laboratoire et logiciels","publisher":{"@id":"https:\/\/sysmatec.ch\/de\/#organization"},"potentialAction":[{"@type":"SearchAction","target":{"@type":"EntryPoint","urlTemplate":"https:\/\/sysmatec.ch\/de\/?s={search_term_string}"},"query-input":{"@type":"PropertyValueSpecification","valueRequired":true,"valueName":"search_term_string"}}],"inLanguage":"de"},{"@type":"Organization","@id":"https:\/\/sysmatec.ch\/de\/#organization","name":"Sysmatec","url":"https:\/\/sysmatec.ch\/de\/","logo":{"@type":"ImageObject","inLanguage":"de","@id":"https:\/\/sysmatec.ch\/de\/#\/schema\/logo\/image\/","url":"https:\/\/sysmatec.ch\/wp-content\/uploads\/2018\/11\/LogoSysmatec.jpg","contentUrl":"https:\/\/sysmatec.ch\/wp-content\/uploads\/2018\/11\/LogoSysmatec.jpg","width":301,"height":297,"caption":"Sysmatec"},"image":{"@id":"https:\/\/sysmatec.ch\/de\/#\/schema\/logo\/image\/"}}]}},"_links":{"self":[{"href":"https:\/\/sysmatec.ch\/de\/wp-json\/wp\/v2\/product\/9183","targetHints":{"allow":["GET"]}}],"collection":[{"href":"https:\/\/sysmatec.ch\/de\/wp-json\/wp\/v2\/product"}],"about":[{"href":"https:\/\/sysmatec.ch\/de\/wp-json\/wp\/v2\/types\/product"}],"wp:featuredmedia":[{"embeddable":true,"href":"https:\/\/sysmatec.ch\/de\/wp-json\/wp\/v2\/media\/9178"}],"wp:attachment":[{"href":"https:\/\/sysmatec.ch\/de\/wp-json\/wp\/v2\/media?parent=9183"}],"wp:term":[{"taxonomy":"product_brand","embeddable":true,"href":"https:\/\/sysmatec.ch\/de\/wp-json\/wp\/v2\/product_brand?post=9183"},{"taxonomy":"product_cat","embeddable":true,"href":"https:\/\/sysmatec.ch\/de\/wp-json\/wp\/v2\/product_cat?post=9183"},{"taxonomy":"product_tag","embeddable":true,"href":"https:\/\/sysmatec.ch\/de\/wp-json\/wp\/v2\/product_tag?post=9183"}],"curies":[{"name":"wp","href":"https:\/\/api.w.org\/{rel}","templated":true}]}}