{"id":9138,"date":"2019-07-15T20:12:39","date_gmt":"2019-07-15T18:12:39","guid":{"rendered":"https:\/\/sysmatec.ch\/produit\/enregistreur-de-donnees-a-communication-sans-fil-miniomnialog\/"},"modified":"2021-12-11T19:19:54","modified_gmt":"2021-12-11T18:19:54","slug":"drahtloser-datenlogger-miniomnialog","status":"publish","type":"product","link":"https:\/\/sysmatec.ch\/de\/Produkt\/drahtloser-datenlogger-miniomnialog\/","title":{"rendered":"Drahtloser Datenlogger miniOMNIAlog"},"content":{"rendered":"<p>Dieser Datenlogger hat einen sehr kleinen Verbrauch. OPtional kann einen GSM Modem eingebaut werden.<\/p>\n<h2>Datenlogger Spezifikationen<\/h2>\n<ul>\n<li type=\"disc\">Kompakte L\u00f6sung mit niedrigen Kosten in einem wasserdichten Geh\u00e4use.<\/li>\n<li type=\"disc\">Die Daten k\u00f6nnen auf dem Cloud gespeichert werden.<\/li>\n<li type=\"disc\">Konfigurationssoftware mit eingebetteten Web-Server<\/li>\n<li type=\"disc\">interne Speicher und USB Speicher<\/li>\n<li type=\"disc\">Batteriebetrieben<\/li>\n<li type=\"disc\">4 differentielle analoge Kan\u00e4le (mV, mA, mV \/ V, NTC, Thermoelement, je nach Modell).<\/li>\n<li type=\"disc\">Genauigkeit: 0.05% FS<\/li>\n<li type=\"disc\">GPRS optional<\/li>\n<li type=\"disc\">Integrierter Web-Server<\/li>\n<li type=\"disc\">Technologie: Internet der Dinge (IOT)<\/li>\n<\/ul>\n<h2>Wireless-L\u00f6sungen<\/h2>\n<ul>\n<li type=\"disc\">Die GSM \/ 2G \/ 3G-L\u00f6sung kann die richtige Wahl f\u00fcr IoT-Anwendungen, die Langstrecken\u00fcbertragung erfordern, sein. Globale Abdeckung (je nach ISP). Quad-Band EGSM 850\/900\/1800\/1900 MHz. GPRS Klasse 10<\/li>\n<li type=\"disc\">WMBus: es ist die drahtlose Version des M-Bus-Standard 169 MHz. Es wurde Z\u00e4hlerfernauslesung zu erm\u00f6glichen, wie Z.B f\u00fcr den Stromverbrauch im Haus.<\/li>\n<li type=\"disc\">SIGFOX: dieser Standard liegt zwischen dem WLAN und dem Mobilfunknetz. Die ISM-Band erfordert keine licence.Sie ist ideal f\u00fcr M2M-Anwendungen die nur kleinen Batterien und wenig Daten zu \u00fcbertragen haben. Reichweite, 30-50km (l\u00e4ndliche Einstellungen), 3-10Km (Stadt \/ lauter Umgebungen). Frequenz: 868 MHz-Frequenz.<\/li>\n<\/ul>\n","protected":false},"excerpt":{"rendered":"<p>Drahtloser Datenlogger<\/p>\n","protected":false},"featured_media":9123,"template":"","meta":{"_crdt_document":""},"product_brand":[],"product_cat":[315],"product_tag":[],"class_list":{"0":"post-9138","1":"product","2":"type-product","3":"status-publish","4":"has-post-thumbnail","6":"product_cat-universal-datenlogger","8":"first","9":"instock","10":"taxable","11":"shipping-taxable","12":"product-type-simple"},"yoast_head":"<!-- This site is optimized with the Yoast SEO plugin v27.3 - https:\/\/yoast.com\/product\/yoast-seo-wordpress\/ -->\n<title>Drahtloser Datenlogger miniOMNIAlog - Sysmatec<\/title>\n<meta name=\"description\" content=\"Universeller Multisensor-Datenlogger wie 4-20 mA, 0-10 V, Thermoelement. Es verf\u00fcgt \u00fcber einen integrierten Webserver.\" \/>\n<meta name=\"robots\" content=\"index, follow, max-snippet:-1, max-image-preview:large, max-video-preview:-1\" \/>\n<link rel=\"canonical\" href=\"https:\/\/sysmatec.ch\/de\/produit\/drahtloser-datenlogger-miniomnialog\/\" \/>\n<meta property=\"og:locale\" content=\"de_DE\" \/>\n<meta property=\"og:type\" content=\"article\" \/>\n<meta property=\"og:title\" content=\"Drahtloser Datenlogger miniOMNIAlog - Sysmatec\" \/>\n<meta property=\"og:description\" content=\"Universeller Multisensor-Datenlogger wie 4-20 mA, 0-10 V, Thermoelement. Es verf\u00fcgt \u00fcber einen integrierten Webserver.\" \/>\n<meta property=\"og:url\" content=\"https:\/\/sysmatec.ch\/de\/produit\/drahtloser-datenlogger-miniomnialog\/\" \/>\n<meta property=\"og:site_name\" content=\"Sysmatec\" \/>\n<meta property=\"article:modified_time\" content=\"2021-12-11T18:19:54+00:00\" \/>\n<meta property=\"og:image\" content=\"https:\/\/sysmatec.ch\/wp-content\/uploads\/2019\/07\/Enregistreur_RuggedMiniOmnialog.jpg\" \/>\n\t<meta property=\"og:image:width\" content=\"190\" \/>\n\t<meta property=\"og:image:height\" content=\"176\" \/>\n\t<meta property=\"og:image:type\" content=\"image\/jpeg\" \/>\n<meta name=\"twitter:card\" content=\"summary_large_image\" \/>\n<meta name=\"twitter:label1\" content=\"Gesch\u00e4tzte Lesezeit\" \/>\n\t<meta name=\"twitter:data1\" content=\"1\u00a0Minute\" \/>\n<script type=\"application\/ld+json\" class=\"yoast-schema-graph\">{\"@context\":\"https:\\\/\\\/schema.org\",\"@graph\":[{\"@type\":\"WebPage\",\"@id\":\"https:\\\/\\\/sysmatec.ch\\\/de\\\/produit\\\/drahtloser-datenlogger-miniomnialog\\\/\",\"url\":\"https:\\\/\\\/sysmatec.ch\\\/de\\\/produit\\\/drahtloser-datenlogger-miniomnialog\\\/\",\"name\":\"Drahtloser Datenlogger miniOMNIAlog - Sysmatec\",\"isPartOf\":{\"@id\":\"https:\\\/\\\/sysmatec.ch\\\/de\\\/#website\"},\"primaryImageOfPage\":{\"@id\":\"https:\\\/\\\/sysmatec.ch\\\/de\\\/produit\\\/drahtloser-datenlogger-miniomnialog\\\/#primaryimage\"},\"image\":{\"@id\":\"https:\\\/\\\/sysmatec.ch\\\/de\\\/produit\\\/drahtloser-datenlogger-miniomnialog\\\/#primaryimage\"},\"thumbnailUrl\":\"https:\\\/\\\/sysmatec.ch\\\/wp-content\\\/uploads\\\/2019\\\/07\\\/Enregistreur_RuggedMiniOmnialog.jpg\",\"datePublished\":\"2019-07-15T18:12:39+00:00\",\"dateModified\":\"2021-12-11T18:19:54+00:00\",\"description\":\"Universeller Multisensor-Datenlogger wie 4-20 mA, 0-10 V, Thermoelement. Es verf\u00fcgt \u00fcber einen integrierten Webserver.\",\"breadcrumb\":{\"@id\":\"https:\\\/\\\/sysmatec.ch\\\/de\\\/produit\\\/drahtloser-datenlogger-miniomnialog\\\/#breadcrumb\"},\"inLanguage\":\"de\",\"potentialAction\":[{\"@type\":\"ReadAction\",\"target\":[\"https:\\\/\\\/sysmatec.ch\\\/de\\\/produit\\\/drahtloser-datenlogger-miniomnialog\\\/\"]}]},{\"@type\":\"ImageObject\",\"inLanguage\":\"de\",\"@id\":\"https:\\\/\\\/sysmatec.ch\\\/de\\\/produit\\\/drahtloser-datenlogger-miniomnialog\\\/#primaryimage\",\"url\":\"https:\\\/\\\/sysmatec.ch\\\/wp-content\\\/uploads\\\/2019\\\/07\\\/Enregistreur_RuggedMiniOmnialog.jpg\",\"contentUrl\":\"https:\\\/\\\/sysmatec.ch\\\/wp-content\\\/uploads\\\/2019\\\/07\\\/Enregistreur_RuggedMiniOmnialog.jpg\",\"width\":190,\"height\":176},{\"@type\":\"BreadcrumbList\",\"@id\":\"https:\\\/\\\/sysmatec.ch\\\/de\\\/produit\\\/drahtloser-datenlogger-miniomnialog\\\/#breadcrumb\",\"itemListElement\":[{\"@type\":\"ListItem\",\"position\":1,\"name\":\"Accueil\",\"item\":\"https:\\\/\\\/sysmatec.ch\\\/de\\\/\"},{\"@type\":\"ListItem\",\"position\":2,\"name\":\"Die Aktivit\u00e4t von Sysmatec\",\"item\":\"https:\\\/\\\/sysmatec.ch\\\/de\\\/\"},{\"@type\":\"ListItem\",\"position\":3,\"name\":\"Drahtloser Datenlogger miniOMNIAlog\"}]},{\"@type\":\"WebSite\",\"@id\":\"https:\\\/\\\/sysmatec.ch\\\/de\\\/#website\",\"url\":\"https:\\\/\\\/sysmatec.ch\\\/de\\\/\",\"name\":\"Sysmatec\",\"description\":\"Equipement de laboratoire et logiciels\",\"publisher\":{\"@id\":\"https:\\\/\\\/sysmatec.ch\\\/de\\\/#organization\"},\"potentialAction\":[{\"@type\":\"SearchAction\",\"target\":{\"@type\":\"EntryPoint\",\"urlTemplate\":\"https:\\\/\\\/sysmatec.ch\\\/de\\\/?s={search_term_string}\"},\"query-input\":{\"@type\":\"PropertyValueSpecification\",\"valueRequired\":true,\"valueName\":\"search_term_string\"}}],\"inLanguage\":\"de\"},{\"@type\":\"Organization\",\"@id\":\"https:\\\/\\\/sysmatec.ch\\\/de\\\/#organization\",\"name\":\"Sysmatec\",\"url\":\"https:\\\/\\\/sysmatec.ch\\\/de\\\/\",\"logo\":{\"@type\":\"ImageObject\",\"inLanguage\":\"de\",\"@id\":\"https:\\\/\\\/sysmatec.ch\\\/de\\\/#\\\/schema\\\/logo\\\/image\\\/\",\"url\":\"https:\\\/\\\/sysmatec.ch\\\/wp-content\\\/uploads\\\/2018\\\/11\\\/LogoSysmatec.jpg\",\"contentUrl\":\"https:\\\/\\\/sysmatec.ch\\\/wp-content\\\/uploads\\\/2018\\\/11\\\/LogoSysmatec.jpg\",\"width\":301,\"height\":297,\"caption\":\"Sysmatec\"},\"image\":{\"@id\":\"https:\\\/\\\/sysmatec.ch\\\/de\\\/#\\\/schema\\\/logo\\\/image\\\/\"}}]}<\/script>\n<!-- \/ Yoast SEO plugin. -->","yoast_head_json":{"title":"Drahtloser Datenlogger miniOMNIAlog - Sysmatec","description":"Universeller Multisensor-Datenlogger wie 4-20 mA, 0-10 V, Thermoelement. Es verf\u00fcgt \u00fcber einen integrierten Webserver.","robots":{"index":"index","follow":"follow","max-snippet":"max-snippet:-1","max-image-preview":"max-image-preview:large","max-video-preview":"max-video-preview:-1"},"canonical":"https:\/\/sysmatec.ch\/de\/produit\/drahtloser-datenlogger-miniomnialog\/","og_locale":"de_DE","og_type":"article","og_title":"Drahtloser Datenlogger miniOMNIAlog - Sysmatec","og_description":"Universeller Multisensor-Datenlogger wie 4-20 mA, 0-10 V, Thermoelement. Es verf\u00fcgt \u00fcber einen integrierten Webserver.","og_url":"https:\/\/sysmatec.ch\/de\/produit\/drahtloser-datenlogger-miniomnialog\/","og_site_name":"Sysmatec","article_modified_time":"2021-12-11T18:19:54+00:00","og_image":[{"width":190,"height":176,"url":"https:\/\/sysmatec.ch\/wp-content\/uploads\/2019\/07\/Enregistreur_RuggedMiniOmnialog.jpg","type":"image\/jpeg"}],"twitter_card":"summary_large_image","twitter_misc":{"Gesch\u00e4tzte Lesezeit":"1\u00a0Minute"},"schema":{"@context":"https:\/\/schema.org","@graph":[{"@type":"WebPage","@id":"https:\/\/sysmatec.ch\/de\/produit\/drahtloser-datenlogger-miniomnialog\/","url":"https:\/\/sysmatec.ch\/de\/produit\/drahtloser-datenlogger-miniomnialog\/","name":"Drahtloser Datenlogger miniOMNIAlog - Sysmatec","isPartOf":{"@id":"https:\/\/sysmatec.ch\/de\/#website"},"primaryImageOfPage":{"@id":"https:\/\/sysmatec.ch\/de\/produit\/drahtloser-datenlogger-miniomnialog\/#primaryimage"},"image":{"@id":"https:\/\/sysmatec.ch\/de\/produit\/drahtloser-datenlogger-miniomnialog\/#primaryimage"},"thumbnailUrl":"https:\/\/sysmatec.ch\/wp-content\/uploads\/2019\/07\/Enregistreur_RuggedMiniOmnialog.jpg","datePublished":"2019-07-15T18:12:39+00:00","dateModified":"2021-12-11T18:19:54+00:00","description":"Universeller Multisensor-Datenlogger wie 4-20 mA, 0-10 V, Thermoelement. Es verf\u00fcgt \u00fcber einen integrierten Webserver.","breadcrumb":{"@id":"https:\/\/sysmatec.ch\/de\/produit\/drahtloser-datenlogger-miniomnialog\/#breadcrumb"},"inLanguage":"de","potentialAction":[{"@type":"ReadAction","target":["https:\/\/sysmatec.ch\/de\/produit\/drahtloser-datenlogger-miniomnialog\/"]}]},{"@type":"ImageObject","inLanguage":"de","@id":"https:\/\/sysmatec.ch\/de\/produit\/drahtloser-datenlogger-miniomnialog\/#primaryimage","url":"https:\/\/sysmatec.ch\/wp-content\/uploads\/2019\/07\/Enregistreur_RuggedMiniOmnialog.jpg","contentUrl":"https:\/\/sysmatec.ch\/wp-content\/uploads\/2019\/07\/Enregistreur_RuggedMiniOmnialog.jpg","width":190,"height":176},{"@type":"BreadcrumbList","@id":"https:\/\/sysmatec.ch\/de\/produit\/drahtloser-datenlogger-miniomnialog\/#breadcrumb","itemListElement":[{"@type":"ListItem","position":1,"name":"Accueil","item":"https:\/\/sysmatec.ch\/de\/"},{"@type":"ListItem","position":2,"name":"Die Aktivit\u00e4t von Sysmatec","item":"https:\/\/sysmatec.ch\/de\/"},{"@type":"ListItem","position":3,"name":"Drahtloser Datenlogger miniOMNIAlog"}]},{"@type":"WebSite","@id":"https:\/\/sysmatec.ch\/de\/#website","url":"https:\/\/sysmatec.ch\/de\/","name":"Sysmatec","description":"Equipement de laboratoire et logiciels","publisher":{"@id":"https:\/\/sysmatec.ch\/de\/#organization"},"potentialAction":[{"@type":"SearchAction","target":{"@type":"EntryPoint","urlTemplate":"https:\/\/sysmatec.ch\/de\/?s={search_term_string}"},"query-input":{"@type":"PropertyValueSpecification","valueRequired":true,"valueName":"search_term_string"}}],"inLanguage":"de"},{"@type":"Organization","@id":"https:\/\/sysmatec.ch\/de\/#organization","name":"Sysmatec","url":"https:\/\/sysmatec.ch\/de\/","logo":{"@type":"ImageObject","inLanguage":"de","@id":"https:\/\/sysmatec.ch\/de\/#\/schema\/logo\/image\/","url":"https:\/\/sysmatec.ch\/wp-content\/uploads\/2018\/11\/LogoSysmatec.jpg","contentUrl":"https:\/\/sysmatec.ch\/wp-content\/uploads\/2018\/11\/LogoSysmatec.jpg","width":301,"height":297,"caption":"Sysmatec"},"image":{"@id":"https:\/\/sysmatec.ch\/de\/#\/schema\/logo\/image\/"}}]}},"_links":{"self":[{"href":"https:\/\/sysmatec.ch\/de\/wp-json\/wp\/v2\/product\/9138","targetHints":{"allow":["GET"]}}],"collection":[{"href":"https:\/\/sysmatec.ch\/de\/wp-json\/wp\/v2\/product"}],"about":[{"href":"https:\/\/sysmatec.ch\/de\/wp-json\/wp\/v2\/types\/product"}],"wp:featuredmedia":[{"embeddable":true,"href":"https:\/\/sysmatec.ch\/de\/wp-json\/wp\/v2\/media\/9123"}],"wp:attachment":[{"href":"https:\/\/sysmatec.ch\/de\/wp-json\/wp\/v2\/media?parent=9138"}],"wp:term":[{"taxonomy":"product_brand","embeddable":true,"href":"https:\/\/sysmatec.ch\/de\/wp-json\/wp\/v2\/product_brand?post=9138"},{"taxonomy":"product_cat","embeddable":true,"href":"https:\/\/sysmatec.ch\/de\/wp-json\/wp\/v2\/product_cat?post=9138"},{"taxonomy":"product_tag","embeddable":true,"href":"https:\/\/sysmatec.ch\/de\/wp-json\/wp\/v2\/product_tag?post=9138"}],"curies":[{"name":"wp","href":"https:\/\/api.w.org\/{rel}","templated":true}]}}