{"id":9135,"date":"2019-07-15T20:05:26","date_gmt":"2019-07-15T18:05:26","guid":{"rendered":"https:\/\/sysmatec.ch\/produit\/enregistreur-a-transmission-par-onde-radio-newsteo\/"},"modified":"2021-12-11T21:03:31","modified_gmt":"2021-12-11T20:03:31","slug":"funk-datenlogger-newsteo","status":"publish","type":"product","link":"https:\/\/sysmatec.ch\/de\/Produkt\/funk-datenlogger-newsteo\/","title":{"rendered":"Funk-Datenlogger Newsteo"},"content":{"rendered":"<p>Echtzeit\u00fcbertragung von Messwerten (an einem PC) oder Datenlogger w\u00e4hrend eines Warentransportes mit sp\u00e4terer \u00dcbergabe der Messwerte.<\/p>\n<p>Bis zu 500 Loggern k\u00f6nnen an einen PC durch die USB Antenne verbunden werden.<\/p>\n<h2>Datenlogger Spezifikationen<\/h2>\n<ul>\n<li>Aufl\u00f6sung: 12 bits<\/li>\n<li>Speicherungsintervall: einstellbar, 1 Sekunde bis 1 Tag<\/li>\n<li>Speicher: 32768 Punkte<\/li>\n<li>Minimaler und maximaler Wert<\/li>\n<li>Betriebsdauer auf Batterie: 2 Jahre (1 Messung\/10 Minute). Es gibt auch eine Erweituerung f\u00fcr eine gr\u00f6ssere Batterie (4 bis 7 Jahre Lebensdauer).<\/li>\n<li>Dimension: 96 mm x 40 mm x 20 mm (Antenne: 90mm)<\/li>\n<li>Reichweite: 30 m bis 1 km (es gibt verschiedene Antenne)<\/li>\n<li>Frequenz: ISM 868 MHz<\/li>\n<\/ul>\n<table border=\"1\" width=\"550\" cellspacing=\"2\" cellpadding=\"0\">\n<tbody>\n<tr>\n<td>Ref.<\/td>\n<td>Sensor<\/td>\n<td>Geh\u00e4use<\/td>\n<td>Max. Reichweite (m)<\/td>\n<td>Antenne<\/td>\n<\/tr>\n<tr>\n<td>LGS31<\/td>\n<td>potentiometrisch 1 Ohm-10 MOhm<\/td>\n<td>IP65<\/td>\n<td>900<\/td>\n<td>extern, 1\/2 Welle<\/td>\n<\/tr>\n<tr>\n<td>LGS32<\/td>\n<td>potentiometrisch 100 Ohm-5 KOhm<\/td>\n<td>IP65<\/td>\n<td>900<\/td>\n<td>extern, 1\/2 Welle<\/td>\n<\/tr>\n<tr>\n<td>LGS34<\/td>\n<td>4-20 mA<\/td>\n<td>IP65<\/td>\n<td>900<\/td>\n<td>extern, 1\/2 Welle<\/td>\n<\/tr>\n<tr>\n<td>LGS36<\/td>\n<td>Relai, 10 Hz max.<\/td>\n<td>IP65<\/td>\n<td>900<\/td>\n<td>extern, 1\/2 Welle<\/td>\n<\/tr>\n<tr>\n<td>LGS39<\/td>\n<td>Impuls 1000 Hz max.<\/td>\n<td>IP65<\/td>\n<td>900<\/td>\n<td>extern, 1\/2 Welle<\/td>\n<\/tr>\n<tr>\n<td>LGS37<\/td>\n<td>-50 mV &#8211; +50 mV<\/td>\n<td>IP65<\/td>\n<td>900<\/td>\n<td>extern, 1\/2 Welle<\/td>\n<\/tr>\n<tr>\n<td>LGS35<\/td>\n<td>0-10 V<\/td>\n<td>IP65<\/td>\n<td>900<\/td>\n<td>extern, 1\/2 Welle<\/td>\n<\/tr>\n<\/tbody>\n<\/table>\n<p>Spezielle Sensoren f\u00fcr LGS31<\/p>\n<ul>\n<li type=\"disc\">Fissurometer FISSU-0001: 0 bis 10 mm, IP40, andere Bereiche auf Anfrage, soll mit de Kabel STY58-002 bestellt werden<\/li>\n<li type=\"disc\">Fissurometer FISSU-0002 : 0 bis 25 mm, IP67, andere Bereiche auf Anfrage, soll mit de Kabel STY58-003 bestellt werden<\/li>\n<li type=\"disc\">Fissurometer FISSU-0003 : Typ Gefran PCM050 (0 bis 50 mm-500 mm), IP65, andere Bereiche auf Anfrage, soll mit de Kabel STY58-004 bestellt werden<\/li>\n<\/ul>\n","protected":false},"excerpt":{"rendered":"<p>Funk-Datenlogger<\/p>\n","protected":false},"featured_media":6099,"template":"","meta":{"_crdt_document":""},"product_brand":[],"product_cat":[315],"product_tag":[],"class_list":{"0":"post-9135","1":"product","2":"type-product","3":"status-publish","4":"has-post-thumbnail","6":"product_cat-universal-datenlogger","8":"first","9":"instock","10":"taxable","11":"shipping-taxable","12":"purchasable","13":"product-type-variable"},"yoast_head":"<!-- This site is optimized with the Yoast SEO plugin v27.3 - https:\/\/yoast.com\/product\/yoast-seo-wordpress\/ -->\n<title>Funk-Datenlogger Newsteo - Sysmatec<\/title>\n<meta name=\"description\" content=\"Recorder mit Kommunikation \u00fcber Funkwellen. Reichweite bis zu einigen Kilometern. Sie haben einen Strom- oder Spannungseingang.\" \/>\n<meta name=\"robots\" content=\"index, follow, max-snippet:-1, max-image-preview:large, max-video-preview:-1\" \/>\n<link rel=\"canonical\" href=\"https:\/\/sysmatec.ch\/de\/produit\/funk-datenlogger-newsteo\/\" \/>\n<meta property=\"og:locale\" content=\"de_DE\" \/>\n<meta property=\"og:type\" content=\"article\" \/>\n<meta property=\"og:title\" content=\"Funk-Datenlogger Newsteo - Sysmatec\" \/>\n<meta property=\"og:description\" content=\"Recorder mit Kommunikation \u00fcber Funkwellen. Reichweite bis zu einigen Kilometern. Sie haben einen Strom- oder Spannungseingang.\" \/>\n<meta property=\"og:url\" content=\"https:\/\/sysmatec.ch\/de\/produit\/funk-datenlogger-newsteo\/\" \/>\n<meta property=\"og:site_name\" content=\"Sysmatec\" \/>\n<meta property=\"article:modified_time\" content=\"2021-12-11T20:03:31+00:00\" \/>\n<meta property=\"og:image\" content=\"https:\/\/sysmatec.ch\/wp-content\/uploads\/2019\/05\/Humidite_NewsteoLog211.gif\" \/>\n\t<meta property=\"og:image:width\" content=\"148\" \/>\n\t<meta property=\"og:image:height\" content=\"148\" \/>\n\t<meta property=\"og:image:type\" content=\"image\/gif\" \/>\n<meta name=\"twitter:card\" content=\"summary_large_image\" \/>\n<meta name=\"twitter:label1\" content=\"Gesch\u00e4tzte Lesezeit\" \/>\n\t<meta name=\"twitter:data1\" content=\"2\u00a0Minuten\" \/>\n<script type=\"application\/ld+json\" class=\"yoast-schema-graph\">{\"@context\":\"https:\\\/\\\/schema.org\",\"@graph\":[{\"@type\":\"WebPage\",\"@id\":\"https:\\\/\\\/sysmatec.ch\\\/de\\\/produit\\\/funk-datenlogger-newsteo\\\/\",\"url\":\"https:\\\/\\\/sysmatec.ch\\\/de\\\/produit\\\/funk-datenlogger-newsteo\\\/\",\"name\":\"Funk-Datenlogger Newsteo - Sysmatec\",\"isPartOf\":{\"@id\":\"https:\\\/\\\/sysmatec.ch\\\/de\\\/#website\"},\"primaryImageOfPage\":{\"@id\":\"https:\\\/\\\/sysmatec.ch\\\/de\\\/produit\\\/funk-datenlogger-newsteo\\\/#primaryimage\"},\"image\":{\"@id\":\"https:\\\/\\\/sysmatec.ch\\\/de\\\/produit\\\/funk-datenlogger-newsteo\\\/#primaryimage\"},\"thumbnailUrl\":\"https:\\\/\\\/sysmatec.ch\\\/wp-content\\\/uploads\\\/2019\\\/05\\\/Humidite_NewsteoLog211.gif\",\"datePublished\":\"2019-07-15T18:05:26+00:00\",\"dateModified\":\"2021-12-11T20:03:31+00:00\",\"description\":\"Recorder mit Kommunikation \u00fcber Funkwellen. Reichweite bis zu einigen Kilometern. Sie haben einen Strom- oder Spannungseingang.\",\"breadcrumb\":{\"@id\":\"https:\\\/\\\/sysmatec.ch\\\/de\\\/produit\\\/funk-datenlogger-newsteo\\\/#breadcrumb\"},\"inLanguage\":\"de\",\"potentialAction\":[{\"@type\":\"ReadAction\",\"target\":[\"https:\\\/\\\/sysmatec.ch\\\/de\\\/produit\\\/funk-datenlogger-newsteo\\\/\"]}]},{\"@type\":\"ImageObject\",\"inLanguage\":\"de\",\"@id\":\"https:\\\/\\\/sysmatec.ch\\\/de\\\/produit\\\/funk-datenlogger-newsteo\\\/#primaryimage\",\"url\":\"https:\\\/\\\/sysmatec.ch\\\/wp-content\\\/uploads\\\/2019\\\/05\\\/Humidite_NewsteoLog211.gif\",\"contentUrl\":\"https:\\\/\\\/sysmatec.ch\\\/wp-content\\\/uploads\\\/2019\\\/05\\\/Humidite_NewsteoLog211.gif\",\"width\":148,\"height\":148},{\"@type\":\"BreadcrumbList\",\"@id\":\"https:\\\/\\\/sysmatec.ch\\\/de\\\/produit\\\/funk-datenlogger-newsteo\\\/#breadcrumb\",\"itemListElement\":[{\"@type\":\"ListItem\",\"position\":1,\"name\":\"Accueil\",\"item\":\"https:\\\/\\\/sysmatec.ch\\\/de\\\/\"},{\"@type\":\"ListItem\",\"position\":2,\"name\":\"Die Aktivit\u00e4t von Sysmatec\",\"item\":\"https:\\\/\\\/sysmatec.ch\\\/de\\\/\"},{\"@type\":\"ListItem\",\"position\":3,\"name\":\"Funk-Datenlogger Newsteo\"}]},{\"@type\":\"WebSite\",\"@id\":\"https:\\\/\\\/sysmatec.ch\\\/de\\\/#website\",\"url\":\"https:\\\/\\\/sysmatec.ch\\\/de\\\/\",\"name\":\"Sysmatec\",\"description\":\"Equipement de laboratoire et logiciels\",\"publisher\":{\"@id\":\"https:\\\/\\\/sysmatec.ch\\\/de\\\/#organization\"},\"potentialAction\":[{\"@type\":\"SearchAction\",\"target\":{\"@type\":\"EntryPoint\",\"urlTemplate\":\"https:\\\/\\\/sysmatec.ch\\\/de\\\/?s={search_term_string}\"},\"query-input\":{\"@type\":\"PropertyValueSpecification\",\"valueRequired\":true,\"valueName\":\"search_term_string\"}}],\"inLanguage\":\"de\"},{\"@type\":\"Organization\",\"@id\":\"https:\\\/\\\/sysmatec.ch\\\/de\\\/#organization\",\"name\":\"Sysmatec\",\"url\":\"https:\\\/\\\/sysmatec.ch\\\/de\\\/\",\"logo\":{\"@type\":\"ImageObject\",\"inLanguage\":\"de\",\"@id\":\"https:\\\/\\\/sysmatec.ch\\\/de\\\/#\\\/schema\\\/logo\\\/image\\\/\",\"url\":\"https:\\\/\\\/sysmatec.ch\\\/wp-content\\\/uploads\\\/2018\\\/11\\\/LogoSysmatec.jpg\",\"contentUrl\":\"https:\\\/\\\/sysmatec.ch\\\/wp-content\\\/uploads\\\/2018\\\/11\\\/LogoSysmatec.jpg\",\"width\":301,\"height\":297,\"caption\":\"Sysmatec\"},\"image\":{\"@id\":\"https:\\\/\\\/sysmatec.ch\\\/de\\\/#\\\/schema\\\/logo\\\/image\\\/\"}}]}<\/script>\n<!-- \/ Yoast SEO plugin. -->","yoast_head_json":{"title":"Funk-Datenlogger Newsteo - Sysmatec","description":"Recorder mit Kommunikation \u00fcber Funkwellen. Reichweite bis zu einigen Kilometern. Sie haben einen Strom- oder Spannungseingang.","robots":{"index":"index","follow":"follow","max-snippet":"max-snippet:-1","max-image-preview":"max-image-preview:large","max-video-preview":"max-video-preview:-1"},"canonical":"https:\/\/sysmatec.ch\/de\/produit\/funk-datenlogger-newsteo\/","og_locale":"de_DE","og_type":"article","og_title":"Funk-Datenlogger Newsteo - Sysmatec","og_description":"Recorder mit Kommunikation \u00fcber Funkwellen. Reichweite bis zu einigen Kilometern. Sie haben einen Strom- oder Spannungseingang.","og_url":"https:\/\/sysmatec.ch\/de\/produit\/funk-datenlogger-newsteo\/","og_site_name":"Sysmatec","article_modified_time":"2021-12-11T20:03:31+00:00","og_image":[{"width":148,"height":148,"url":"https:\/\/sysmatec.ch\/wp-content\/uploads\/2019\/05\/Humidite_NewsteoLog211.gif","type":"image\/gif"}],"twitter_card":"summary_large_image","twitter_misc":{"Gesch\u00e4tzte Lesezeit":"2\u00a0Minuten"},"schema":{"@context":"https:\/\/schema.org","@graph":[{"@type":"WebPage","@id":"https:\/\/sysmatec.ch\/de\/produit\/funk-datenlogger-newsteo\/","url":"https:\/\/sysmatec.ch\/de\/produit\/funk-datenlogger-newsteo\/","name":"Funk-Datenlogger Newsteo - Sysmatec","isPartOf":{"@id":"https:\/\/sysmatec.ch\/de\/#website"},"primaryImageOfPage":{"@id":"https:\/\/sysmatec.ch\/de\/produit\/funk-datenlogger-newsteo\/#primaryimage"},"image":{"@id":"https:\/\/sysmatec.ch\/de\/produit\/funk-datenlogger-newsteo\/#primaryimage"},"thumbnailUrl":"https:\/\/sysmatec.ch\/wp-content\/uploads\/2019\/05\/Humidite_NewsteoLog211.gif","datePublished":"2019-07-15T18:05:26+00:00","dateModified":"2021-12-11T20:03:31+00:00","description":"Recorder mit Kommunikation \u00fcber Funkwellen. Reichweite bis zu einigen Kilometern. Sie haben einen Strom- oder Spannungseingang.","breadcrumb":{"@id":"https:\/\/sysmatec.ch\/de\/produit\/funk-datenlogger-newsteo\/#breadcrumb"},"inLanguage":"de","potentialAction":[{"@type":"ReadAction","target":["https:\/\/sysmatec.ch\/de\/produit\/funk-datenlogger-newsteo\/"]}]},{"@type":"ImageObject","inLanguage":"de","@id":"https:\/\/sysmatec.ch\/de\/produit\/funk-datenlogger-newsteo\/#primaryimage","url":"https:\/\/sysmatec.ch\/wp-content\/uploads\/2019\/05\/Humidite_NewsteoLog211.gif","contentUrl":"https:\/\/sysmatec.ch\/wp-content\/uploads\/2019\/05\/Humidite_NewsteoLog211.gif","width":148,"height":148},{"@type":"BreadcrumbList","@id":"https:\/\/sysmatec.ch\/de\/produit\/funk-datenlogger-newsteo\/#breadcrumb","itemListElement":[{"@type":"ListItem","position":1,"name":"Accueil","item":"https:\/\/sysmatec.ch\/de\/"},{"@type":"ListItem","position":2,"name":"Die Aktivit\u00e4t von Sysmatec","item":"https:\/\/sysmatec.ch\/de\/"},{"@type":"ListItem","position":3,"name":"Funk-Datenlogger Newsteo"}]},{"@type":"WebSite","@id":"https:\/\/sysmatec.ch\/de\/#website","url":"https:\/\/sysmatec.ch\/de\/","name":"Sysmatec","description":"Equipement de laboratoire et logiciels","publisher":{"@id":"https:\/\/sysmatec.ch\/de\/#organization"},"potentialAction":[{"@type":"SearchAction","target":{"@type":"EntryPoint","urlTemplate":"https:\/\/sysmatec.ch\/de\/?s={search_term_string}"},"query-input":{"@type":"PropertyValueSpecification","valueRequired":true,"valueName":"search_term_string"}}],"inLanguage":"de"},{"@type":"Organization","@id":"https:\/\/sysmatec.ch\/de\/#organization","name":"Sysmatec","url":"https:\/\/sysmatec.ch\/de\/","logo":{"@type":"ImageObject","inLanguage":"de","@id":"https:\/\/sysmatec.ch\/de\/#\/schema\/logo\/image\/","url":"https:\/\/sysmatec.ch\/wp-content\/uploads\/2018\/11\/LogoSysmatec.jpg","contentUrl":"https:\/\/sysmatec.ch\/wp-content\/uploads\/2018\/11\/LogoSysmatec.jpg","width":301,"height":297,"caption":"Sysmatec"},"image":{"@id":"https:\/\/sysmatec.ch\/de\/#\/schema\/logo\/image\/"}}]}},"_links":{"self":[{"href":"https:\/\/sysmatec.ch\/de\/wp-json\/wp\/v2\/product\/9135","targetHints":{"allow":["GET"]}}],"collection":[{"href":"https:\/\/sysmatec.ch\/de\/wp-json\/wp\/v2\/product"}],"about":[{"href":"https:\/\/sysmatec.ch\/de\/wp-json\/wp\/v2\/types\/product"}],"wp:featuredmedia":[{"embeddable":true,"href":"https:\/\/sysmatec.ch\/de\/wp-json\/wp\/v2\/media\/6099"}],"wp:attachment":[{"href":"https:\/\/sysmatec.ch\/de\/wp-json\/wp\/v2\/media?parent=9135"}],"wp:term":[{"taxonomy":"product_brand","embeddable":true,"href":"https:\/\/sysmatec.ch\/de\/wp-json\/wp\/v2\/product_brand?post=9135"},{"taxonomy":"product_cat","embeddable":true,"href":"https:\/\/sysmatec.ch\/de\/wp-json\/wp\/v2\/product_cat?post=9135"},{"taxonomy":"product_tag","embeddable":true,"href":"https:\/\/sysmatec.ch\/de\/wp-json\/wp\/v2\/product_tag?post=9135"}],"curies":[{"name":"wp","href":"https:\/\/api.w.org\/{rel}","templated":true}]}}