{"id":9128,"date":"2019-07-15T19:28:38","date_gmt":"2019-07-15T17:28:38","guid":{"rendered":"https:\/\/sysmatec.ch\/produit\/enregistreur-omnialog\/"},"modified":"2021-12-12T19:04:51","modified_gmt":"2021-12-12T18:04:51","slug":"datenlogger-ominalog","status":"publish","type":"product","link":"https:\/\/sysmatec.ch\/de\/Produkt\/datenlogger-ominalog\/","title":{"rendered":"Datenlogger OMINAlog"},"content":{"rendered":"<p>Dies ist ein neuer Mehrkanal -Datenrekorder mit 8\/16\/24 universellen Analogeing\u00e4ngen, USB-Port, hoch und tief-Alarmen, 2 digitalen Eing\u00e4ngen, 1 digitaler Ausgang , optionnelle Kommunikation \u00fcber GPRS oder WLAN.<\/p>\n<h2>Datenlogger Spezifikationen<\/h2>\n<ul>\n<li type=\"disc\">gro\u00dfe Anzahl von Sensoren (bis zu 405 Sensoren \u00fcber eine gemultiplexte Karte k\u00f6nnen angeschlossen werden)<\/li>\n<li type=\"disc\">Viele Arten von Sensoren werden als Thermistoren, Potentiometer, DMS, Vibrieren Sohn, Reflektometer und Feuchtemessung unterst\u00fctzt.<\/li>\n<li type=\"disc\">8\/16\/24 universelle Eingangskan\u00e4le (mV, mA, mV, V, PT100, PT1000, TC)<\/li>\n<li type=\"disc\">Thermoelemente J, K, R, S, T, N, E und B.<\/li>\n<li type=\"disc\">Interne Temperatur-,Feuchtigkeit- und Druck-Messungen<\/li>\n<li type=\"disc\">USB-Stecker<\/li>\n<li type=\"disc\">GPRS und WiFi<\/li>\n<li type=\"disc\">Ethernet, RS485<\/li>\n<li type=\"disc\">Schaltbare Sensorversorgung<\/li>\n<\/ul>\n","protected":false},"excerpt":{"rendered":"<p>Datenlogger <span class=\"VIiyi\" lang=\"de\"><span class=\"JLqJ4b ChMk0b\" data-language-for-alternatives=\"de\" data-language-to-translate-into=\"fr\" data-phrase-index=\"2\" data-number-of-phrases=\"3\">mit Universaleing\u00e4ngen<\/span><\/span><\/p>\n","protected":false},"featured_media":9126,"template":"","meta":{"_crdt_document":""},"product_brand":[],"product_cat":[315],"product_tag":[],"class_list":{"0":"post-9128","1":"product","2":"type-product","3":"status-publish","4":"has-post-thumbnail","6":"product_cat-universal-datenlogger","8":"first","9":"instock","10":"taxable","11":"shipping-taxable","12":"product-type-simple"},"yoast_head":"<!-- This site is optimized with the Yoast SEO plugin v27.3 - https:\/\/yoast.com\/product\/yoast-seo-wordpress\/ -->\n<title>Datenlogger OMINAlog - Sysmatec<\/title>\n<meta name=\"description\" content=\"Mehrkanal-Datenlogger mit universellen analogen Eing\u00e4ngen, Ethernet-, RS485-, GPRS- oder Wifi-Kommunikation.\" \/>\n<meta name=\"robots\" content=\"index, follow, max-snippet:-1, max-image-preview:large, max-video-preview:-1\" \/>\n<link rel=\"canonical\" href=\"https:\/\/sysmatec.ch\/de\/produit\/datenlogger-ominalog\/\" \/>\n<meta property=\"og:locale\" content=\"de_DE\" \/>\n<meta property=\"og:type\" content=\"article\" \/>\n<meta property=\"og:title\" content=\"Datenlogger OMINAlog - Sysmatec\" \/>\n<meta property=\"og:description\" content=\"Mehrkanal-Datenlogger mit universellen analogen Eing\u00e4ngen, Ethernet-, RS485-, GPRS- oder Wifi-Kommunikation.\" \/>\n<meta property=\"og:url\" content=\"https:\/\/sysmatec.ch\/de\/produit\/datenlogger-ominalog\/\" \/>\n<meta property=\"og:site_name\" content=\"Sysmatec\" \/>\n<meta property=\"article:modified_time\" content=\"2021-12-12T18:04:51+00:00\" \/>\n<meta property=\"og:image\" content=\"https:\/\/sysmatec.ch\/wp-content\/uploads\/2019\/07\/Enregistreur_RuggedOmnialog.jpg\" \/>\n\t<meta property=\"og:image:width\" content=\"182\" \/>\n\t<meta property=\"og:image:height\" content=\"170\" \/>\n\t<meta property=\"og:image:type\" content=\"image\/jpeg\" \/>\n<meta name=\"twitter:card\" content=\"summary_large_image\" \/>\n<meta name=\"twitter:label1\" content=\"Gesch\u00e4tzte Lesezeit\" \/>\n\t<meta name=\"twitter:data1\" content=\"1\u00a0Minute\" \/>\n<script type=\"application\/ld+json\" class=\"yoast-schema-graph\">{\"@context\":\"https:\\\/\\\/schema.org\",\"@graph\":[{\"@type\":\"WebPage\",\"@id\":\"https:\\\/\\\/sysmatec.ch\\\/de\\\/produit\\\/datenlogger-ominalog\\\/\",\"url\":\"https:\\\/\\\/sysmatec.ch\\\/de\\\/produit\\\/datenlogger-ominalog\\\/\",\"name\":\"Datenlogger OMINAlog - Sysmatec\",\"isPartOf\":{\"@id\":\"https:\\\/\\\/sysmatec.ch\\\/de\\\/#website\"},\"primaryImageOfPage\":{\"@id\":\"https:\\\/\\\/sysmatec.ch\\\/de\\\/produit\\\/datenlogger-ominalog\\\/#primaryimage\"},\"image\":{\"@id\":\"https:\\\/\\\/sysmatec.ch\\\/de\\\/produit\\\/datenlogger-ominalog\\\/#primaryimage\"},\"thumbnailUrl\":\"https:\\\/\\\/sysmatec.ch\\\/wp-content\\\/uploads\\\/2019\\\/07\\\/Enregistreur_RuggedOmnialog.jpg\",\"datePublished\":\"2019-07-15T17:28:38+00:00\",\"dateModified\":\"2021-12-12T18:04:51+00:00\",\"description\":\"Mehrkanal-Datenlogger mit universellen analogen Eing\u00e4ngen, Ethernet-, RS485-, GPRS- oder Wifi-Kommunikation.\",\"breadcrumb\":{\"@id\":\"https:\\\/\\\/sysmatec.ch\\\/de\\\/produit\\\/datenlogger-ominalog\\\/#breadcrumb\"},\"inLanguage\":\"de\",\"potentialAction\":[{\"@type\":\"ReadAction\",\"target\":[\"https:\\\/\\\/sysmatec.ch\\\/de\\\/produit\\\/datenlogger-ominalog\\\/\"]}]},{\"@type\":\"ImageObject\",\"inLanguage\":\"de\",\"@id\":\"https:\\\/\\\/sysmatec.ch\\\/de\\\/produit\\\/datenlogger-ominalog\\\/#primaryimage\",\"url\":\"https:\\\/\\\/sysmatec.ch\\\/wp-content\\\/uploads\\\/2019\\\/07\\\/Enregistreur_RuggedOmnialog.jpg\",\"contentUrl\":\"https:\\\/\\\/sysmatec.ch\\\/wp-content\\\/uploads\\\/2019\\\/07\\\/Enregistreur_RuggedOmnialog.jpg\",\"width\":182,\"height\":170},{\"@type\":\"BreadcrumbList\",\"@id\":\"https:\\\/\\\/sysmatec.ch\\\/de\\\/produit\\\/datenlogger-ominalog\\\/#breadcrumb\",\"itemListElement\":[{\"@type\":\"ListItem\",\"position\":1,\"name\":\"Accueil\",\"item\":\"https:\\\/\\\/sysmatec.ch\\\/de\\\/\"},{\"@type\":\"ListItem\",\"position\":2,\"name\":\"Die Aktivit\u00e4t von Sysmatec\",\"item\":\"https:\\\/\\\/sysmatec.ch\\\/de\\\/\"},{\"@type\":\"ListItem\",\"position\":3,\"name\":\"Datenlogger OMINAlog\"}]},{\"@type\":\"WebSite\",\"@id\":\"https:\\\/\\\/sysmatec.ch\\\/de\\\/#website\",\"url\":\"https:\\\/\\\/sysmatec.ch\\\/de\\\/\",\"name\":\"Sysmatec\",\"description\":\"Equipement de laboratoire et logiciels\",\"publisher\":{\"@id\":\"https:\\\/\\\/sysmatec.ch\\\/de\\\/#organization\"},\"potentialAction\":[{\"@type\":\"SearchAction\",\"target\":{\"@type\":\"EntryPoint\",\"urlTemplate\":\"https:\\\/\\\/sysmatec.ch\\\/de\\\/?s={search_term_string}\"},\"query-input\":{\"@type\":\"PropertyValueSpecification\",\"valueRequired\":true,\"valueName\":\"search_term_string\"}}],\"inLanguage\":\"de\"},{\"@type\":\"Organization\",\"@id\":\"https:\\\/\\\/sysmatec.ch\\\/de\\\/#organization\",\"name\":\"Sysmatec\",\"url\":\"https:\\\/\\\/sysmatec.ch\\\/de\\\/\",\"logo\":{\"@type\":\"ImageObject\",\"inLanguage\":\"de\",\"@id\":\"https:\\\/\\\/sysmatec.ch\\\/de\\\/#\\\/schema\\\/logo\\\/image\\\/\",\"url\":\"https:\\\/\\\/sysmatec.ch\\\/wp-content\\\/uploads\\\/2018\\\/11\\\/LogoSysmatec.jpg\",\"contentUrl\":\"https:\\\/\\\/sysmatec.ch\\\/wp-content\\\/uploads\\\/2018\\\/11\\\/LogoSysmatec.jpg\",\"width\":301,\"height\":297,\"caption\":\"Sysmatec\"},\"image\":{\"@id\":\"https:\\\/\\\/sysmatec.ch\\\/de\\\/#\\\/schema\\\/logo\\\/image\\\/\"}}]}<\/script>\n<!-- \/ Yoast SEO plugin. -->","yoast_head_json":{"title":"Datenlogger OMINAlog - Sysmatec","description":"Mehrkanal-Datenlogger mit universellen analogen Eing\u00e4ngen, Ethernet-, RS485-, GPRS- oder Wifi-Kommunikation.","robots":{"index":"index","follow":"follow","max-snippet":"max-snippet:-1","max-image-preview":"max-image-preview:large","max-video-preview":"max-video-preview:-1"},"canonical":"https:\/\/sysmatec.ch\/de\/produit\/datenlogger-ominalog\/","og_locale":"de_DE","og_type":"article","og_title":"Datenlogger OMINAlog - Sysmatec","og_description":"Mehrkanal-Datenlogger mit universellen analogen Eing\u00e4ngen, Ethernet-, RS485-, GPRS- oder Wifi-Kommunikation.","og_url":"https:\/\/sysmatec.ch\/de\/produit\/datenlogger-ominalog\/","og_site_name":"Sysmatec","article_modified_time":"2021-12-12T18:04:51+00:00","og_image":[{"width":182,"height":170,"url":"https:\/\/sysmatec.ch\/wp-content\/uploads\/2019\/07\/Enregistreur_RuggedOmnialog.jpg","type":"image\/jpeg"}],"twitter_card":"summary_large_image","twitter_misc":{"Gesch\u00e4tzte Lesezeit":"1\u00a0Minute"},"schema":{"@context":"https:\/\/schema.org","@graph":[{"@type":"WebPage","@id":"https:\/\/sysmatec.ch\/de\/produit\/datenlogger-ominalog\/","url":"https:\/\/sysmatec.ch\/de\/produit\/datenlogger-ominalog\/","name":"Datenlogger OMINAlog - Sysmatec","isPartOf":{"@id":"https:\/\/sysmatec.ch\/de\/#website"},"primaryImageOfPage":{"@id":"https:\/\/sysmatec.ch\/de\/produit\/datenlogger-ominalog\/#primaryimage"},"image":{"@id":"https:\/\/sysmatec.ch\/de\/produit\/datenlogger-ominalog\/#primaryimage"},"thumbnailUrl":"https:\/\/sysmatec.ch\/wp-content\/uploads\/2019\/07\/Enregistreur_RuggedOmnialog.jpg","datePublished":"2019-07-15T17:28:38+00:00","dateModified":"2021-12-12T18:04:51+00:00","description":"Mehrkanal-Datenlogger mit universellen analogen Eing\u00e4ngen, Ethernet-, RS485-, GPRS- oder Wifi-Kommunikation.","breadcrumb":{"@id":"https:\/\/sysmatec.ch\/de\/produit\/datenlogger-ominalog\/#breadcrumb"},"inLanguage":"de","potentialAction":[{"@type":"ReadAction","target":["https:\/\/sysmatec.ch\/de\/produit\/datenlogger-ominalog\/"]}]},{"@type":"ImageObject","inLanguage":"de","@id":"https:\/\/sysmatec.ch\/de\/produit\/datenlogger-ominalog\/#primaryimage","url":"https:\/\/sysmatec.ch\/wp-content\/uploads\/2019\/07\/Enregistreur_RuggedOmnialog.jpg","contentUrl":"https:\/\/sysmatec.ch\/wp-content\/uploads\/2019\/07\/Enregistreur_RuggedOmnialog.jpg","width":182,"height":170},{"@type":"BreadcrumbList","@id":"https:\/\/sysmatec.ch\/de\/produit\/datenlogger-ominalog\/#breadcrumb","itemListElement":[{"@type":"ListItem","position":1,"name":"Accueil","item":"https:\/\/sysmatec.ch\/de\/"},{"@type":"ListItem","position":2,"name":"Die Aktivit\u00e4t von Sysmatec","item":"https:\/\/sysmatec.ch\/de\/"},{"@type":"ListItem","position":3,"name":"Datenlogger OMINAlog"}]},{"@type":"WebSite","@id":"https:\/\/sysmatec.ch\/de\/#website","url":"https:\/\/sysmatec.ch\/de\/","name":"Sysmatec","description":"Equipement de laboratoire et logiciels","publisher":{"@id":"https:\/\/sysmatec.ch\/de\/#organization"},"potentialAction":[{"@type":"SearchAction","target":{"@type":"EntryPoint","urlTemplate":"https:\/\/sysmatec.ch\/de\/?s={search_term_string}"},"query-input":{"@type":"PropertyValueSpecification","valueRequired":true,"valueName":"search_term_string"}}],"inLanguage":"de"},{"@type":"Organization","@id":"https:\/\/sysmatec.ch\/de\/#organization","name":"Sysmatec","url":"https:\/\/sysmatec.ch\/de\/","logo":{"@type":"ImageObject","inLanguage":"de","@id":"https:\/\/sysmatec.ch\/de\/#\/schema\/logo\/image\/","url":"https:\/\/sysmatec.ch\/wp-content\/uploads\/2018\/11\/LogoSysmatec.jpg","contentUrl":"https:\/\/sysmatec.ch\/wp-content\/uploads\/2018\/11\/LogoSysmatec.jpg","width":301,"height":297,"caption":"Sysmatec"},"image":{"@id":"https:\/\/sysmatec.ch\/de\/#\/schema\/logo\/image\/"}}]}},"_links":{"self":[{"href":"https:\/\/sysmatec.ch\/de\/wp-json\/wp\/v2\/product\/9128","targetHints":{"allow":["GET"]}}],"collection":[{"href":"https:\/\/sysmatec.ch\/de\/wp-json\/wp\/v2\/product"}],"about":[{"href":"https:\/\/sysmatec.ch\/de\/wp-json\/wp\/v2\/types\/product"}],"wp:featuredmedia":[{"embeddable":true,"href":"https:\/\/sysmatec.ch\/de\/wp-json\/wp\/v2\/media\/9126"}],"wp:attachment":[{"href":"https:\/\/sysmatec.ch\/de\/wp-json\/wp\/v2\/media?parent=9128"}],"wp:term":[{"taxonomy":"product_brand","embeddable":true,"href":"https:\/\/sysmatec.ch\/de\/wp-json\/wp\/v2\/product_brand?post=9128"},{"taxonomy":"product_cat","embeddable":true,"href":"https:\/\/sysmatec.ch\/de\/wp-json\/wp\/v2\/product_cat?post=9128"},{"taxonomy":"product_tag","embeddable":true,"href":"https:\/\/sysmatec.ch\/de\/wp-json\/wp\/v2\/product_tag?post=9128"}],"curies":[{"name":"wp","href":"https:\/\/api.w.org\/{rel}","templated":true}]}}