{"id":9105,"date":"2019-07-15T18:46:15","date_gmt":"2019-07-15T16:46:15","guid":{"rendered":"https:\/\/sysmatec.ch\/produit\/datenlogger-srd-99\/"},"modified":"2021-12-11T21:43:25","modified_gmt":"2021-12-11T20:43:25","slug":"datenlogger-srd-99","status":"publish","type":"product","link":"https:\/\/sysmatec.ch\/de\/Produkt\/datenlogger-srd-99\/","title":{"rendered":"Datenlogger SRD-99"},"content":{"rendered":"<p>Der SRD-99 besitzt 8 Temperaturen (Pt100\/500\/1000) oder Strom (0\/4-20 mA Standard) Eing\u00e4nge, einen Puls (digital) Eingang und einen USB Port. Er kann die Daten als Zahlen oder als Graphik anzeigen.<\/p>\n<p>Interner Speicher: 2 MB (0.5 Million Daten) oder 8 MB in f\u00fcr die Version mit USB Port (2 Million Daten).<\/p>\n<p>Externer Speicher: USB Flash. Wenn die Karte dauernd einbebaut ist, kann sie als Speicher ben\u00fctzt werden. Zum Beispiel: mit einer Karte von 1GB kann man Daten \u00fcber ein Jahr speichern (ca. 250 Million Daten).<\/p>\n<h2>Datenlogger Beschreibung<\/h2>\n<ul>\n<li>Analoge Eing\u00e4nge: Pt100; Pt500; Pt1000 (2 und 3 Draht) oder 0\/4-20 mA ; gemeinsame Masse<\/li>\n<li>Aufl\u00f6sung:16 Bit (12 Bit mit 0\/4-20mA Eing\u00e4nge)<\/li>\n<li>Stromspeisung: 19V \u00f7 50V DC, 16V \u00f7 35V AC, 85 \u00f7 260V AC\/DC<\/li>\n<li>Verbrauch: Typisch 7 VA; Max. 12 VA<\/li>\n<li>Display: Graphik LCD, 128 x 64 Punkten, Hinterbeleuchtung<\/li>\n<li>Kommunikation: RS-485 (MODBUS RTU) oder USB Port, galvanisch getrennt<\/li>\n<li>Arbeitstemperatur: 0\u00b0C \u00f7 +60\u00b0C<\/li>\n<li>Masse: 96 x 96 x 100 mm<\/li>\n<li>Inklusiv Software f\u00fcr den Datentransfer und Konfiguration<\/li>\n<\/ul>\n","protected":false},"excerpt":{"rendered":"<p>Datenlogger<\/p>\n","protected":false},"featured_media":9103,"template":"","meta":{"_crdt_document":""},"product_brand":[],"product_cat":[315],"product_tag":[],"class_list":{"0":"post-9105","1":"product","2":"type-product","3":"status-publish","4":"has-post-thumbnail","6":"product_cat-universal-datenlogger","8":"first","9":"instock","10":"taxable","11":"shipping-taxable","12":"product-type-simple"},"yoast_head":"<!-- This site is optimized with the Yoast SEO plugin v27.3 - https:\/\/yoast.com\/product\/yoast-seo-wordpress\/ -->\n<title>Datenlogger SRD-99 - Sysmatec<\/title>\n<meta name=\"description\" content=\"Mehrkanal-Datenlogger. Es verf\u00fcgt \u00fcber universelle analoge Eing\u00e4nge. Die Kommunikation erfolgt \u00fcber USB-Port oder RS485-Modbus-Schnittstelle.\" \/>\n<meta name=\"robots\" content=\"index, follow, max-snippet:-1, max-image-preview:large, max-video-preview:-1\" \/>\n<link rel=\"canonical\" href=\"https:\/\/sysmatec.ch\/de\/produit\/datenlogger-srd-99\/\" \/>\n<meta property=\"og:locale\" content=\"de_DE\" \/>\n<meta property=\"og:type\" content=\"article\" \/>\n<meta property=\"og:title\" content=\"Datenlogger SRD-99 - Sysmatec\" \/>\n<meta property=\"og:description\" content=\"Mehrkanal-Datenlogger. Es verf\u00fcgt \u00fcber universelle analoge Eing\u00e4nge. Die Kommunikation erfolgt \u00fcber USB-Port oder RS485-Modbus-Schnittstelle.\" \/>\n<meta property=\"og:url\" content=\"https:\/\/sysmatec.ch\/de\/produit\/datenlogger-srd-99\/\" \/>\n<meta property=\"og:site_name\" content=\"Sysmatec\" \/>\n<meta property=\"article:modified_time\" content=\"2021-12-11T20:43:25+00:00\" \/>\n<meta property=\"og:image\" content=\"https:\/\/sysmatec.ch\/wp-content\/uploads\/2019\/07\/Enregistreur_SimexSRD99A.gif\" \/>\n\t<meta property=\"og:image:width\" content=\"173\" \/>\n\t<meta property=\"og:image:height\" content=\"173\" \/>\n\t<meta property=\"og:image:type\" content=\"image\/gif\" \/>\n<meta name=\"twitter:card\" content=\"summary_large_image\" \/>\n<meta name=\"twitter:label1\" content=\"Gesch\u00e4tzte Lesezeit\" \/>\n\t<meta name=\"twitter:data1\" content=\"1\u00a0Minute\" \/>\n<script type=\"application\/ld+json\" class=\"yoast-schema-graph\">{\"@context\":\"https:\\\/\\\/schema.org\",\"@graph\":[{\"@type\":\"WebPage\",\"@id\":\"https:\\\/\\\/sysmatec.ch\\\/de\\\/produit\\\/datenlogger-srd-99\\\/\",\"url\":\"https:\\\/\\\/sysmatec.ch\\\/de\\\/produit\\\/datenlogger-srd-99\\\/\",\"name\":\"Datenlogger SRD-99 - Sysmatec\",\"isPartOf\":{\"@id\":\"https:\\\/\\\/sysmatec.ch\\\/de\\\/#website\"},\"primaryImageOfPage\":{\"@id\":\"https:\\\/\\\/sysmatec.ch\\\/de\\\/produit\\\/datenlogger-srd-99\\\/#primaryimage\"},\"image\":{\"@id\":\"https:\\\/\\\/sysmatec.ch\\\/de\\\/produit\\\/datenlogger-srd-99\\\/#primaryimage\"},\"thumbnailUrl\":\"https:\\\/\\\/sysmatec.ch\\\/wp-content\\\/uploads\\\/2019\\\/07\\\/Enregistreur_SimexSRD99A.gif\",\"datePublished\":\"2019-07-15T16:46:15+00:00\",\"dateModified\":\"2021-12-11T20:43:25+00:00\",\"description\":\"Mehrkanal-Datenlogger. Es verf\u00fcgt \u00fcber universelle analoge Eing\u00e4nge. Die Kommunikation erfolgt \u00fcber USB-Port oder RS485-Modbus-Schnittstelle.\",\"breadcrumb\":{\"@id\":\"https:\\\/\\\/sysmatec.ch\\\/de\\\/produit\\\/datenlogger-srd-99\\\/#breadcrumb\"},\"inLanguage\":\"de\",\"potentialAction\":[{\"@type\":\"ReadAction\",\"target\":[\"https:\\\/\\\/sysmatec.ch\\\/de\\\/produit\\\/datenlogger-srd-99\\\/\"]}]},{\"@type\":\"ImageObject\",\"inLanguage\":\"de\",\"@id\":\"https:\\\/\\\/sysmatec.ch\\\/de\\\/produit\\\/datenlogger-srd-99\\\/#primaryimage\",\"url\":\"https:\\\/\\\/sysmatec.ch\\\/wp-content\\\/uploads\\\/2019\\\/07\\\/Enregistreur_SimexSRD99A.gif\",\"contentUrl\":\"https:\\\/\\\/sysmatec.ch\\\/wp-content\\\/uploads\\\/2019\\\/07\\\/Enregistreur_SimexSRD99A.gif\",\"width\":173,\"height\":173},{\"@type\":\"BreadcrumbList\",\"@id\":\"https:\\\/\\\/sysmatec.ch\\\/de\\\/produit\\\/datenlogger-srd-99\\\/#breadcrumb\",\"itemListElement\":[{\"@type\":\"ListItem\",\"position\":1,\"name\":\"Accueil\",\"item\":\"https:\\\/\\\/sysmatec.ch\\\/de\\\/\"},{\"@type\":\"ListItem\",\"position\":2,\"name\":\"Die Aktivit\u00e4t von Sysmatec\",\"item\":\"https:\\\/\\\/sysmatec.ch\\\/de\\\/\"},{\"@type\":\"ListItem\",\"position\":3,\"name\":\"Datenlogger SRD-99\"}]},{\"@type\":\"WebSite\",\"@id\":\"https:\\\/\\\/sysmatec.ch\\\/de\\\/#website\",\"url\":\"https:\\\/\\\/sysmatec.ch\\\/de\\\/\",\"name\":\"Sysmatec\",\"description\":\"Equipement de laboratoire et logiciels\",\"publisher\":{\"@id\":\"https:\\\/\\\/sysmatec.ch\\\/de\\\/#organization\"},\"potentialAction\":[{\"@type\":\"SearchAction\",\"target\":{\"@type\":\"EntryPoint\",\"urlTemplate\":\"https:\\\/\\\/sysmatec.ch\\\/de\\\/?s={search_term_string}\"},\"query-input\":{\"@type\":\"PropertyValueSpecification\",\"valueRequired\":true,\"valueName\":\"search_term_string\"}}],\"inLanguage\":\"de\"},{\"@type\":\"Organization\",\"@id\":\"https:\\\/\\\/sysmatec.ch\\\/de\\\/#organization\",\"name\":\"Sysmatec\",\"url\":\"https:\\\/\\\/sysmatec.ch\\\/de\\\/\",\"logo\":{\"@type\":\"ImageObject\",\"inLanguage\":\"de\",\"@id\":\"https:\\\/\\\/sysmatec.ch\\\/de\\\/#\\\/schema\\\/logo\\\/image\\\/\",\"url\":\"https:\\\/\\\/sysmatec.ch\\\/wp-content\\\/uploads\\\/2018\\\/11\\\/LogoSysmatec.jpg\",\"contentUrl\":\"https:\\\/\\\/sysmatec.ch\\\/wp-content\\\/uploads\\\/2018\\\/11\\\/LogoSysmatec.jpg\",\"width\":301,\"height\":297,\"caption\":\"Sysmatec\"},\"image\":{\"@id\":\"https:\\\/\\\/sysmatec.ch\\\/de\\\/#\\\/schema\\\/logo\\\/image\\\/\"}}]}<\/script>\n<!-- \/ Yoast SEO plugin. -->","yoast_head_json":{"title":"Datenlogger SRD-99 - Sysmatec","description":"Mehrkanal-Datenlogger. Es verf\u00fcgt \u00fcber universelle analoge Eing\u00e4nge. Die Kommunikation erfolgt \u00fcber USB-Port oder RS485-Modbus-Schnittstelle.","robots":{"index":"index","follow":"follow","max-snippet":"max-snippet:-1","max-image-preview":"max-image-preview:large","max-video-preview":"max-video-preview:-1"},"canonical":"https:\/\/sysmatec.ch\/de\/produit\/datenlogger-srd-99\/","og_locale":"de_DE","og_type":"article","og_title":"Datenlogger SRD-99 - Sysmatec","og_description":"Mehrkanal-Datenlogger. Es verf\u00fcgt \u00fcber universelle analoge Eing\u00e4nge. Die Kommunikation erfolgt \u00fcber USB-Port oder RS485-Modbus-Schnittstelle.","og_url":"https:\/\/sysmatec.ch\/de\/produit\/datenlogger-srd-99\/","og_site_name":"Sysmatec","article_modified_time":"2021-12-11T20:43:25+00:00","og_image":[{"width":173,"height":173,"url":"https:\/\/sysmatec.ch\/wp-content\/uploads\/2019\/07\/Enregistreur_SimexSRD99A.gif","type":"image\/gif"}],"twitter_card":"summary_large_image","twitter_misc":{"Gesch\u00e4tzte Lesezeit":"1\u00a0Minute"},"schema":{"@context":"https:\/\/schema.org","@graph":[{"@type":"WebPage","@id":"https:\/\/sysmatec.ch\/de\/produit\/datenlogger-srd-99\/","url":"https:\/\/sysmatec.ch\/de\/produit\/datenlogger-srd-99\/","name":"Datenlogger SRD-99 - Sysmatec","isPartOf":{"@id":"https:\/\/sysmatec.ch\/de\/#website"},"primaryImageOfPage":{"@id":"https:\/\/sysmatec.ch\/de\/produit\/datenlogger-srd-99\/#primaryimage"},"image":{"@id":"https:\/\/sysmatec.ch\/de\/produit\/datenlogger-srd-99\/#primaryimage"},"thumbnailUrl":"https:\/\/sysmatec.ch\/wp-content\/uploads\/2019\/07\/Enregistreur_SimexSRD99A.gif","datePublished":"2019-07-15T16:46:15+00:00","dateModified":"2021-12-11T20:43:25+00:00","description":"Mehrkanal-Datenlogger. Es verf\u00fcgt \u00fcber universelle analoge Eing\u00e4nge. Die Kommunikation erfolgt \u00fcber USB-Port oder RS485-Modbus-Schnittstelle.","breadcrumb":{"@id":"https:\/\/sysmatec.ch\/de\/produit\/datenlogger-srd-99\/#breadcrumb"},"inLanguage":"de","potentialAction":[{"@type":"ReadAction","target":["https:\/\/sysmatec.ch\/de\/produit\/datenlogger-srd-99\/"]}]},{"@type":"ImageObject","inLanguage":"de","@id":"https:\/\/sysmatec.ch\/de\/produit\/datenlogger-srd-99\/#primaryimage","url":"https:\/\/sysmatec.ch\/wp-content\/uploads\/2019\/07\/Enregistreur_SimexSRD99A.gif","contentUrl":"https:\/\/sysmatec.ch\/wp-content\/uploads\/2019\/07\/Enregistreur_SimexSRD99A.gif","width":173,"height":173},{"@type":"BreadcrumbList","@id":"https:\/\/sysmatec.ch\/de\/produit\/datenlogger-srd-99\/#breadcrumb","itemListElement":[{"@type":"ListItem","position":1,"name":"Accueil","item":"https:\/\/sysmatec.ch\/de\/"},{"@type":"ListItem","position":2,"name":"Die Aktivit\u00e4t von Sysmatec","item":"https:\/\/sysmatec.ch\/de\/"},{"@type":"ListItem","position":3,"name":"Datenlogger SRD-99"}]},{"@type":"WebSite","@id":"https:\/\/sysmatec.ch\/de\/#website","url":"https:\/\/sysmatec.ch\/de\/","name":"Sysmatec","description":"Equipement de laboratoire et logiciels","publisher":{"@id":"https:\/\/sysmatec.ch\/de\/#organization"},"potentialAction":[{"@type":"SearchAction","target":{"@type":"EntryPoint","urlTemplate":"https:\/\/sysmatec.ch\/de\/?s={search_term_string}"},"query-input":{"@type":"PropertyValueSpecification","valueRequired":true,"valueName":"search_term_string"}}],"inLanguage":"de"},{"@type":"Organization","@id":"https:\/\/sysmatec.ch\/de\/#organization","name":"Sysmatec","url":"https:\/\/sysmatec.ch\/de\/","logo":{"@type":"ImageObject","inLanguage":"de","@id":"https:\/\/sysmatec.ch\/de\/#\/schema\/logo\/image\/","url":"https:\/\/sysmatec.ch\/wp-content\/uploads\/2018\/11\/LogoSysmatec.jpg","contentUrl":"https:\/\/sysmatec.ch\/wp-content\/uploads\/2018\/11\/LogoSysmatec.jpg","width":301,"height":297,"caption":"Sysmatec"},"image":{"@id":"https:\/\/sysmatec.ch\/de\/#\/schema\/logo\/image\/"}}]}},"_links":{"self":[{"href":"https:\/\/sysmatec.ch\/de\/wp-json\/wp\/v2\/product\/9105","targetHints":{"allow":["GET"]}}],"collection":[{"href":"https:\/\/sysmatec.ch\/de\/wp-json\/wp\/v2\/product"}],"about":[{"href":"https:\/\/sysmatec.ch\/de\/wp-json\/wp\/v2\/types\/product"}],"wp:featuredmedia":[{"embeddable":true,"href":"https:\/\/sysmatec.ch\/de\/wp-json\/wp\/v2\/media\/9103"}],"wp:attachment":[{"href":"https:\/\/sysmatec.ch\/de\/wp-json\/wp\/v2\/media?parent=9105"}],"wp:term":[{"taxonomy":"product_brand","embeddable":true,"href":"https:\/\/sysmatec.ch\/de\/wp-json\/wp\/v2\/product_brand?post=9105"},{"taxonomy":"product_cat","embeddable":true,"href":"https:\/\/sysmatec.ch\/de\/wp-json\/wp\/v2\/product_cat?post=9105"},{"taxonomy":"product_tag","embeddable":true,"href":"https:\/\/sysmatec.ch\/de\/wp-json\/wp\/v2\/product_tag?post=9105"}],"curies":[{"name":"wp","href":"https:\/\/api.w.org\/{rel}","templated":true}]}}