{"id":9088,"date":"2019-07-15T18:17:35","date_gmt":"2019-07-15T16:17:35","guid":{"rendered":"https:\/\/sysmatec.ch\/produit\/enregistreur-gigalog-s\/"},"modified":"2021-12-12T09:51:18","modified_gmt":"2021-12-12T08:51:18","slug":"datalogger-gigalog-s","status":"publish","type":"product","link":"https:\/\/sysmatec.ch\/de\/Produkt\/datalogger-gigalog-s\/","title":{"rendered":"Datalogger Gigalog S"},"content":{"rendered":"<p>GigaLog ist ein Daten Logger auf Basis einer Micro SD Speicherkarte bis zu 2 Giga Bytes. Damit kann man mehr as ein Million Daten speichern. Die Daten k\u00f6nnen aus der SD Karte gelesen werden oder \u00fcber die RS232\/RS485\/USB Schnittstelle transferiert werden.<\/p>\n<h2>Datenlogger Beschreibung<\/h2>\n<ul>\n<li>Konfigurierbar<\/li>\n<li>2 Versionen: standar print or with Rail DIN Geh\u00e4use<\/li>\n<li>Speichert Daten von Analogen oder Digitalen Eing\u00e4ngen<\/li>\n<li>16 Eing\u00e4nge 0-2.5 V oder 0-20 mA, 24 bit Aufl\u00f6sung, jeder Eingang kann ein Thermoelement K (50\u00b0C bis 1300\u00b0C) oder ein Pt100 (-200\u00b0C bis 850\u00b0C) aufnehmen, oder 8 differenziale Eing\u00e4nge<\/li>\n<li>Digitale Eing\u00e4nge, 0\/5V<\/li>\n<li>Z\u00e4hler bis zu 500 Hz<\/li>\n<li>Eingangsoptionen: RC Filter, Spannungsteiler f\u00fcr h\u00f6here Spannungen<\/li>\n<li>Speicherung jede 10 ms bis zu 24 Stunden<\/li>\n<li>Erkennt NMEA Daten vom GPS<\/li>\n<li>Lesen der Daten \u00fcber RS232 oder RS485 Port, von 300 bis 115200 baud, optionaler Zeitstempel am Anfang oder am Ende eines Frames. Die daten k\u00f6nnen auch \u00fcber einen USB Schnittstelle gelesen werden.<\/li>\n<li>Fernbedienung per Modem (GigaLog F): Status \u00fcberpr\u00fcfen, Konfiguration \u00e4ndern, Platte bedienen, Daten hochladen, Status per SMS, GSM Modem abfragen, bei Alarmern, Relais umlegen, Meldung in einer Datei eintragen, Zentrale per Modem anrufen, SMS per Modem GSM senden, Zentrale anrufen, SMS schicken jede Stunde, jeden Tag<\/li>\n<li>2 Halbleiter Relais (60V, 150 mA).<\/li>\n<li>Msdos\/ Windows kompatibles Dateisystem<\/li>\n<li>Verbrauch: 6 bis 16 V, 50mA, Sparmodus 50 \u00b5A<\/li>\n<li>100x86x25 mm oder 105x90x60 mit Geh\u00e4use<\/li>\n<li>Arbeitsbedingungen: Temperatur -20\u00b0C bis 70\u00b0C, Feuchte 0 bis 90% nicht kondensierend<\/li>\n<li>RoHS konform<\/li>\n<li>optional: Touschscreen als display f\u00fcr Kurven<\/li>\n<\/ul>\n","protected":false},"excerpt":{"rendered":"<p>Mehrkanal-Datalogger<\/p>\n","protected":false},"featured_media":9083,"template":"","meta":{"_crdt_document":""},"product_brand":[],"product_cat":[315],"product_tag":[],"class_list":{"0":"post-9088","1":"product","2":"type-product","3":"status-publish","4":"has-post-thumbnail","6":"product_cat-universal-datenlogger","8":"first","9":"instock","10":"taxable","11":"shipping-taxable","12":"product-type-simple"},"yoast_head":"<!-- This site is optimized with the Yoast SEO plugin v27.3 - https:\/\/yoast.com\/product\/yoast-seo-wordpress\/ -->\n<title>Datalogger Gigalog S - Sysmatec<\/title>\n<meta name=\"description\" content=\"Mehrkanal-Datenlogger mit universellen Analogeing\u00e4ngen. Die Daten werden auf einer SD-Speicherkarte gespeichert.\" \/>\n<meta name=\"robots\" content=\"index, follow, max-snippet:-1, max-image-preview:large, max-video-preview:-1\" \/>\n<link rel=\"canonical\" href=\"https:\/\/sysmatec.ch\/de\/produit\/datalogger-gigalog-s\/\" \/>\n<meta property=\"og:locale\" content=\"de_DE\" \/>\n<meta property=\"og:type\" content=\"article\" \/>\n<meta property=\"og:title\" content=\"Datalogger Gigalog S - Sysmatec\" \/>\n<meta property=\"og:description\" content=\"Mehrkanal-Datenlogger mit universellen Analogeing\u00e4ngen. Die Daten werden auf einer SD-Speicherkarte gespeichert.\" \/>\n<meta property=\"og:url\" content=\"https:\/\/sysmatec.ch\/de\/produit\/datalogger-gigalog-s\/\" \/>\n<meta property=\"og:site_name\" content=\"Sysmatec\" \/>\n<meta property=\"article:modified_time\" content=\"2021-12-12T08:51:18+00:00\" \/>\n<meta property=\"og:image\" content=\"https:\/\/sysmatec.ch\/wp-content\/uploads\/2019\/07\/Enregistreur_Controlord1.gif\" \/>\n\t<meta property=\"og:image:width\" content=\"164\" \/>\n\t<meta property=\"og:image:height\" content=\"116\" \/>\n\t<meta property=\"og:image:type\" content=\"image\/gif\" \/>\n<meta name=\"twitter:card\" content=\"summary_large_image\" \/>\n<meta name=\"twitter:label1\" content=\"Gesch\u00e4tzte Lesezeit\" \/>\n\t<meta name=\"twitter:data1\" content=\"2\u00a0Minuten\" \/>\n<script type=\"application\/ld+json\" class=\"yoast-schema-graph\">{\"@context\":\"https:\\\/\\\/schema.org\",\"@graph\":[{\"@type\":\"WebPage\",\"@id\":\"https:\\\/\\\/sysmatec.ch\\\/de\\\/produit\\\/datalogger-gigalog-s\\\/\",\"url\":\"https:\\\/\\\/sysmatec.ch\\\/de\\\/produit\\\/datalogger-gigalog-s\\\/\",\"name\":\"Datalogger Gigalog S - Sysmatec\",\"isPartOf\":{\"@id\":\"https:\\\/\\\/sysmatec.ch\\\/de\\\/#website\"},\"primaryImageOfPage\":{\"@id\":\"https:\\\/\\\/sysmatec.ch\\\/de\\\/produit\\\/datalogger-gigalog-s\\\/#primaryimage\"},\"image\":{\"@id\":\"https:\\\/\\\/sysmatec.ch\\\/de\\\/produit\\\/datalogger-gigalog-s\\\/#primaryimage\"},\"thumbnailUrl\":\"https:\\\/\\\/sysmatec.ch\\\/wp-content\\\/uploads\\\/2019\\\/07\\\/Enregistreur_Controlord1.gif\",\"datePublished\":\"2019-07-15T16:17:35+00:00\",\"dateModified\":\"2021-12-12T08:51:18+00:00\",\"description\":\"Mehrkanal-Datenlogger mit universellen Analogeing\u00e4ngen. Die Daten werden auf einer SD-Speicherkarte gespeichert.\",\"breadcrumb\":{\"@id\":\"https:\\\/\\\/sysmatec.ch\\\/de\\\/produit\\\/datalogger-gigalog-s\\\/#breadcrumb\"},\"inLanguage\":\"de\",\"potentialAction\":[{\"@type\":\"ReadAction\",\"target\":[\"https:\\\/\\\/sysmatec.ch\\\/de\\\/produit\\\/datalogger-gigalog-s\\\/\"]}]},{\"@type\":\"ImageObject\",\"inLanguage\":\"de\",\"@id\":\"https:\\\/\\\/sysmatec.ch\\\/de\\\/produit\\\/datalogger-gigalog-s\\\/#primaryimage\",\"url\":\"https:\\\/\\\/sysmatec.ch\\\/wp-content\\\/uploads\\\/2019\\\/07\\\/Enregistreur_Controlord1.gif\",\"contentUrl\":\"https:\\\/\\\/sysmatec.ch\\\/wp-content\\\/uploads\\\/2019\\\/07\\\/Enregistreur_Controlord1.gif\",\"width\":164,\"height\":116},{\"@type\":\"BreadcrumbList\",\"@id\":\"https:\\\/\\\/sysmatec.ch\\\/de\\\/produit\\\/datalogger-gigalog-s\\\/#breadcrumb\",\"itemListElement\":[{\"@type\":\"ListItem\",\"position\":1,\"name\":\"Accueil\",\"item\":\"https:\\\/\\\/sysmatec.ch\\\/de\\\/\"},{\"@type\":\"ListItem\",\"position\":2,\"name\":\"Die Aktivit\u00e4t von Sysmatec\",\"item\":\"https:\\\/\\\/sysmatec.ch\\\/de\\\/\"},{\"@type\":\"ListItem\",\"position\":3,\"name\":\"Datalogger Gigalog S\"}]},{\"@type\":\"WebSite\",\"@id\":\"https:\\\/\\\/sysmatec.ch\\\/de\\\/#website\",\"url\":\"https:\\\/\\\/sysmatec.ch\\\/de\\\/\",\"name\":\"Sysmatec\",\"description\":\"Equipement de laboratoire et logiciels\",\"publisher\":{\"@id\":\"https:\\\/\\\/sysmatec.ch\\\/de\\\/#organization\"},\"potentialAction\":[{\"@type\":\"SearchAction\",\"target\":{\"@type\":\"EntryPoint\",\"urlTemplate\":\"https:\\\/\\\/sysmatec.ch\\\/de\\\/?s={search_term_string}\"},\"query-input\":{\"@type\":\"PropertyValueSpecification\",\"valueRequired\":true,\"valueName\":\"search_term_string\"}}],\"inLanguage\":\"de\"},{\"@type\":\"Organization\",\"@id\":\"https:\\\/\\\/sysmatec.ch\\\/de\\\/#organization\",\"name\":\"Sysmatec\",\"url\":\"https:\\\/\\\/sysmatec.ch\\\/de\\\/\",\"logo\":{\"@type\":\"ImageObject\",\"inLanguage\":\"de\",\"@id\":\"https:\\\/\\\/sysmatec.ch\\\/de\\\/#\\\/schema\\\/logo\\\/image\\\/\",\"url\":\"https:\\\/\\\/sysmatec.ch\\\/wp-content\\\/uploads\\\/2018\\\/11\\\/LogoSysmatec.jpg\",\"contentUrl\":\"https:\\\/\\\/sysmatec.ch\\\/wp-content\\\/uploads\\\/2018\\\/11\\\/LogoSysmatec.jpg\",\"width\":301,\"height\":297,\"caption\":\"Sysmatec\"},\"image\":{\"@id\":\"https:\\\/\\\/sysmatec.ch\\\/de\\\/#\\\/schema\\\/logo\\\/image\\\/\"}}]}<\/script>\n<!-- \/ Yoast SEO plugin. -->","yoast_head_json":{"title":"Datalogger Gigalog S - Sysmatec","description":"Mehrkanal-Datenlogger mit universellen Analogeing\u00e4ngen. Die Daten werden auf einer SD-Speicherkarte gespeichert.","robots":{"index":"index","follow":"follow","max-snippet":"max-snippet:-1","max-image-preview":"max-image-preview:large","max-video-preview":"max-video-preview:-1"},"canonical":"https:\/\/sysmatec.ch\/de\/produit\/datalogger-gigalog-s\/","og_locale":"de_DE","og_type":"article","og_title":"Datalogger Gigalog S - Sysmatec","og_description":"Mehrkanal-Datenlogger mit universellen Analogeing\u00e4ngen. Die Daten werden auf einer SD-Speicherkarte gespeichert.","og_url":"https:\/\/sysmatec.ch\/de\/produit\/datalogger-gigalog-s\/","og_site_name":"Sysmatec","article_modified_time":"2021-12-12T08:51:18+00:00","og_image":[{"width":164,"height":116,"url":"https:\/\/sysmatec.ch\/wp-content\/uploads\/2019\/07\/Enregistreur_Controlord1.gif","type":"image\/gif"}],"twitter_card":"summary_large_image","twitter_misc":{"Gesch\u00e4tzte Lesezeit":"2\u00a0Minuten"},"schema":{"@context":"https:\/\/schema.org","@graph":[{"@type":"WebPage","@id":"https:\/\/sysmatec.ch\/de\/produit\/datalogger-gigalog-s\/","url":"https:\/\/sysmatec.ch\/de\/produit\/datalogger-gigalog-s\/","name":"Datalogger Gigalog S - Sysmatec","isPartOf":{"@id":"https:\/\/sysmatec.ch\/de\/#website"},"primaryImageOfPage":{"@id":"https:\/\/sysmatec.ch\/de\/produit\/datalogger-gigalog-s\/#primaryimage"},"image":{"@id":"https:\/\/sysmatec.ch\/de\/produit\/datalogger-gigalog-s\/#primaryimage"},"thumbnailUrl":"https:\/\/sysmatec.ch\/wp-content\/uploads\/2019\/07\/Enregistreur_Controlord1.gif","datePublished":"2019-07-15T16:17:35+00:00","dateModified":"2021-12-12T08:51:18+00:00","description":"Mehrkanal-Datenlogger mit universellen Analogeing\u00e4ngen. Die Daten werden auf einer SD-Speicherkarte gespeichert.","breadcrumb":{"@id":"https:\/\/sysmatec.ch\/de\/produit\/datalogger-gigalog-s\/#breadcrumb"},"inLanguage":"de","potentialAction":[{"@type":"ReadAction","target":["https:\/\/sysmatec.ch\/de\/produit\/datalogger-gigalog-s\/"]}]},{"@type":"ImageObject","inLanguage":"de","@id":"https:\/\/sysmatec.ch\/de\/produit\/datalogger-gigalog-s\/#primaryimage","url":"https:\/\/sysmatec.ch\/wp-content\/uploads\/2019\/07\/Enregistreur_Controlord1.gif","contentUrl":"https:\/\/sysmatec.ch\/wp-content\/uploads\/2019\/07\/Enregistreur_Controlord1.gif","width":164,"height":116},{"@type":"BreadcrumbList","@id":"https:\/\/sysmatec.ch\/de\/produit\/datalogger-gigalog-s\/#breadcrumb","itemListElement":[{"@type":"ListItem","position":1,"name":"Accueil","item":"https:\/\/sysmatec.ch\/de\/"},{"@type":"ListItem","position":2,"name":"Die Aktivit\u00e4t von Sysmatec","item":"https:\/\/sysmatec.ch\/de\/"},{"@type":"ListItem","position":3,"name":"Datalogger Gigalog S"}]},{"@type":"WebSite","@id":"https:\/\/sysmatec.ch\/de\/#website","url":"https:\/\/sysmatec.ch\/de\/","name":"Sysmatec","description":"Equipement de laboratoire et logiciels","publisher":{"@id":"https:\/\/sysmatec.ch\/de\/#organization"},"potentialAction":[{"@type":"SearchAction","target":{"@type":"EntryPoint","urlTemplate":"https:\/\/sysmatec.ch\/de\/?s={search_term_string}"},"query-input":{"@type":"PropertyValueSpecification","valueRequired":true,"valueName":"search_term_string"}}],"inLanguage":"de"},{"@type":"Organization","@id":"https:\/\/sysmatec.ch\/de\/#organization","name":"Sysmatec","url":"https:\/\/sysmatec.ch\/de\/","logo":{"@type":"ImageObject","inLanguage":"de","@id":"https:\/\/sysmatec.ch\/de\/#\/schema\/logo\/image\/","url":"https:\/\/sysmatec.ch\/wp-content\/uploads\/2018\/11\/LogoSysmatec.jpg","contentUrl":"https:\/\/sysmatec.ch\/wp-content\/uploads\/2018\/11\/LogoSysmatec.jpg","width":301,"height":297,"caption":"Sysmatec"},"image":{"@id":"https:\/\/sysmatec.ch\/de\/#\/schema\/logo\/image\/"}}]}},"_links":{"self":[{"href":"https:\/\/sysmatec.ch\/de\/wp-json\/wp\/v2\/product\/9088","targetHints":{"allow":["GET"]}}],"collection":[{"href":"https:\/\/sysmatec.ch\/de\/wp-json\/wp\/v2\/product"}],"about":[{"href":"https:\/\/sysmatec.ch\/de\/wp-json\/wp\/v2\/types\/product"}],"wp:featuredmedia":[{"embeddable":true,"href":"https:\/\/sysmatec.ch\/de\/wp-json\/wp\/v2\/media\/9083"}],"wp:attachment":[{"href":"https:\/\/sysmatec.ch\/de\/wp-json\/wp\/v2\/media?parent=9088"}],"wp:term":[{"taxonomy":"product_brand","embeddable":true,"href":"https:\/\/sysmatec.ch\/de\/wp-json\/wp\/v2\/product_brand?post=9088"},{"taxonomy":"product_cat","embeddable":true,"href":"https:\/\/sysmatec.ch\/de\/wp-json\/wp\/v2\/product_cat?post=9088"},{"taxonomy":"product_tag","embeddable":true,"href":"https:\/\/sysmatec.ch\/de\/wp-json\/wp\/v2\/product_tag?post=9088"}],"curies":[{"name":"wp","href":"https:\/\/api.w.org\/{rel}","templated":true}]}}