{"id":9054,"date":"2019-07-14T10:35:36","date_gmt":"2019-07-14T08:35:36","guid":{"rendered":"https:\/\/sysmatec.ch\/produit\/enregistreur-daqlink\/"},"modified":"2021-12-12T10:23:35","modified_gmt":"2021-12-12T09:23:35","slug":"datenlogger-daqlink","status":"publish","type":"product","link":"https:\/\/sysmatec.ch\/de\/Produkt\/datenlogger-daqlink\/","title":{"rendered":"Datenlogger DaqLink"},"content":{"rendered":"<p>4-Kanal-Multi-Sensor Datenlogger<\/p>\n<p>Die DaqLink eingebauten Sensoren unterst\u00fctzen Standard-Temperatur und Luftfeuchtigkeit \u00dcberwachung. Das Ger\u00e4t ist auch mit vier externen Sensor Eing\u00e4nge f\u00fcr PT-100, Thermoelement J, K und T, 0-1 V, 0-50 mV, 4-20 mA, Kontakt, Frequenz-und Impulsz\u00e4hler ausger\u00fcstet.<\/p>\n<h2>Sensoren Eing\u00e4nge f\u00fcr DBSA710<\/h2>\n<ul>\n<li>Interne Temperatur<\/li>\n<li>4-20 mA<\/li>\n<li>0 bis 50 mV<\/li>\n<li>0-1 V<\/li>\n<li>Temperatur PT-100 (2-Draht)<\/li>\n<li>Temperatur Thermoelement J, K oder T<\/li>\n<li>Impulsz\u00e4hler oder Frequenz (nur Eingang 4)<\/li>\n<\/ul>\n<h2>Sensoren Eing\u00e4nge f\u00fcr DBSA720<\/h2>\n<ul>\n<li>Interne Temperatur<\/li>\n<li>Interne Luftfeuchtigkeit<\/li>\n<li>4-20 mA<\/li>\n<li>0 bis 50 mV<\/li>\n<li>0-1 V<\/li>\n<li>Temperatur PT-100 (2-Draht)<\/li>\n<li>Temperatur Thermoelement J, K oder T<\/li>\n<li>Impulsz\u00e4hler oder Frequenz (nur Eingang 4)<\/li>\n<\/ul>\n","protected":false},"excerpt":{"rendered":"<p>Multifunktion Datenlogger<\/p>\n","protected":false},"featured_media":9052,"template":"","meta":{"_crdt_document":""},"product_brand":[],"product_cat":[315],"product_tag":[],"class_list":{"0":"post-9054","1":"product","2":"type-product","3":"status-publish","4":"has-post-thumbnail","6":"product_cat-universal-datenlogger","8":"first","9":"instock","10":"taxable","11":"shipping-taxable","12":"purchasable","13":"product-type-variable"},"yoast_head":"<!-- This site is optimized with the Yoast SEO plugin v27.3 - https:\/\/yoast.com\/product\/yoast-seo-wordpress\/ -->\n<title>Datenlogger DaqLink - Sysmatec<\/title>\n<meta name=\"description\" content=\"Spannungsdatenlogger mit mehreren Sensoren, Thermoelementstrom, Pt100-F\u00fchler. Funktioniert mit wiederaufladbarem Akku. Schraubverbinder.\" \/>\n<meta name=\"robots\" content=\"index, follow, max-snippet:-1, max-image-preview:large, max-video-preview:-1\" \/>\n<link rel=\"canonical\" href=\"https:\/\/sysmatec.ch\/de\/produit\/datenlogger-daqlink\/\" \/>\n<meta property=\"og:locale\" content=\"de_DE\" \/>\n<meta property=\"og:type\" content=\"article\" \/>\n<meta property=\"og:title\" content=\"Datenlogger DaqLink - Sysmatec\" \/>\n<meta property=\"og:description\" content=\"Spannungsdatenlogger mit mehreren Sensoren, Thermoelementstrom, Pt100-F\u00fchler. Funktioniert mit wiederaufladbarem Akku. Schraubverbinder.\" \/>\n<meta property=\"og:url\" content=\"https:\/\/sysmatec.ch\/de\/produit\/datenlogger-daqlink\/\" \/>\n<meta property=\"og:site_name\" content=\"Sysmatec\" \/>\n<meta property=\"article:modified_time\" content=\"2021-12-12T09:23:35+00:00\" \/>\n<meta property=\"og:image\" content=\"https:\/\/sysmatec.ch\/wp-content\/uploads\/2019\/07\/Enregistreur_FourierDaqLink.jpg\" \/>\n\t<meta property=\"og:image:width\" content=\"154\" \/>\n\t<meta property=\"og:image:height\" content=\"173\" \/>\n\t<meta property=\"og:image:type\" content=\"image\/jpeg\" \/>\n<meta name=\"twitter:card\" content=\"summary_large_image\" \/>\n<meta name=\"twitter:label1\" content=\"Gesch\u00e4tzte Lesezeit\" \/>\n\t<meta name=\"twitter:data1\" content=\"1\u00a0Minute\" \/>\n<script type=\"application\/ld+json\" class=\"yoast-schema-graph\">{\"@context\":\"https:\\\/\\\/schema.org\",\"@graph\":[{\"@type\":\"WebPage\",\"@id\":\"https:\\\/\\\/sysmatec.ch\\\/de\\\/produit\\\/datenlogger-daqlink\\\/\",\"url\":\"https:\\\/\\\/sysmatec.ch\\\/de\\\/produit\\\/datenlogger-daqlink\\\/\",\"name\":\"Datenlogger DaqLink - Sysmatec\",\"isPartOf\":{\"@id\":\"https:\\\/\\\/sysmatec.ch\\\/de\\\/#website\"},\"primaryImageOfPage\":{\"@id\":\"https:\\\/\\\/sysmatec.ch\\\/de\\\/produit\\\/datenlogger-daqlink\\\/#primaryimage\"},\"image\":{\"@id\":\"https:\\\/\\\/sysmatec.ch\\\/de\\\/produit\\\/datenlogger-daqlink\\\/#primaryimage\"},\"thumbnailUrl\":\"https:\\\/\\\/sysmatec.ch\\\/wp-content\\\/uploads\\\/2019\\\/07\\\/Enregistreur_FourierDaqLink.jpg\",\"datePublished\":\"2019-07-14T08:35:36+00:00\",\"dateModified\":\"2021-12-12T09:23:35+00:00\",\"description\":\"Spannungsdatenlogger mit mehreren Sensoren, Thermoelementstrom, Pt100-F\u00fchler. Funktioniert mit wiederaufladbarem Akku. Schraubverbinder.\",\"breadcrumb\":{\"@id\":\"https:\\\/\\\/sysmatec.ch\\\/de\\\/produit\\\/datenlogger-daqlink\\\/#breadcrumb\"},\"inLanguage\":\"de\",\"potentialAction\":[{\"@type\":\"ReadAction\",\"target\":[\"https:\\\/\\\/sysmatec.ch\\\/de\\\/produit\\\/datenlogger-daqlink\\\/\"]}]},{\"@type\":\"ImageObject\",\"inLanguage\":\"de\",\"@id\":\"https:\\\/\\\/sysmatec.ch\\\/de\\\/produit\\\/datenlogger-daqlink\\\/#primaryimage\",\"url\":\"https:\\\/\\\/sysmatec.ch\\\/wp-content\\\/uploads\\\/2019\\\/07\\\/Enregistreur_FourierDaqLink.jpg\",\"contentUrl\":\"https:\\\/\\\/sysmatec.ch\\\/wp-content\\\/uploads\\\/2019\\\/07\\\/Enregistreur_FourierDaqLink.jpg\",\"width\":154,\"height\":173},{\"@type\":\"BreadcrumbList\",\"@id\":\"https:\\\/\\\/sysmatec.ch\\\/de\\\/produit\\\/datenlogger-daqlink\\\/#breadcrumb\",\"itemListElement\":[{\"@type\":\"ListItem\",\"position\":1,\"name\":\"Accueil\",\"item\":\"https:\\\/\\\/sysmatec.ch\\\/de\\\/\"},{\"@type\":\"ListItem\",\"position\":2,\"name\":\"Die Aktivit\u00e4t von Sysmatec\",\"item\":\"https:\\\/\\\/sysmatec.ch\\\/de\\\/\"},{\"@type\":\"ListItem\",\"position\":3,\"name\":\"Datenlogger DaqLink\"}]},{\"@type\":\"WebSite\",\"@id\":\"https:\\\/\\\/sysmatec.ch\\\/de\\\/#website\",\"url\":\"https:\\\/\\\/sysmatec.ch\\\/de\\\/\",\"name\":\"Sysmatec\",\"description\":\"Equipement de laboratoire et logiciels\",\"publisher\":{\"@id\":\"https:\\\/\\\/sysmatec.ch\\\/de\\\/#organization\"},\"potentialAction\":[{\"@type\":\"SearchAction\",\"target\":{\"@type\":\"EntryPoint\",\"urlTemplate\":\"https:\\\/\\\/sysmatec.ch\\\/de\\\/?s={search_term_string}\"},\"query-input\":{\"@type\":\"PropertyValueSpecification\",\"valueRequired\":true,\"valueName\":\"search_term_string\"}}],\"inLanguage\":\"de\"},{\"@type\":\"Organization\",\"@id\":\"https:\\\/\\\/sysmatec.ch\\\/de\\\/#organization\",\"name\":\"Sysmatec\",\"url\":\"https:\\\/\\\/sysmatec.ch\\\/de\\\/\",\"logo\":{\"@type\":\"ImageObject\",\"inLanguage\":\"de\",\"@id\":\"https:\\\/\\\/sysmatec.ch\\\/de\\\/#\\\/schema\\\/logo\\\/image\\\/\",\"url\":\"https:\\\/\\\/sysmatec.ch\\\/wp-content\\\/uploads\\\/2018\\\/11\\\/LogoSysmatec.jpg\",\"contentUrl\":\"https:\\\/\\\/sysmatec.ch\\\/wp-content\\\/uploads\\\/2018\\\/11\\\/LogoSysmatec.jpg\",\"width\":301,\"height\":297,\"caption\":\"Sysmatec\"},\"image\":{\"@id\":\"https:\\\/\\\/sysmatec.ch\\\/de\\\/#\\\/schema\\\/logo\\\/image\\\/\"}}]}<\/script>\n<!-- \/ Yoast SEO plugin. -->","yoast_head_json":{"title":"Datenlogger DaqLink - Sysmatec","description":"Spannungsdatenlogger mit mehreren Sensoren, Thermoelementstrom, Pt100-F\u00fchler. Funktioniert mit wiederaufladbarem Akku. Schraubverbinder.","robots":{"index":"index","follow":"follow","max-snippet":"max-snippet:-1","max-image-preview":"max-image-preview:large","max-video-preview":"max-video-preview:-1"},"canonical":"https:\/\/sysmatec.ch\/de\/produit\/datenlogger-daqlink\/","og_locale":"de_DE","og_type":"article","og_title":"Datenlogger DaqLink - Sysmatec","og_description":"Spannungsdatenlogger mit mehreren Sensoren, Thermoelementstrom, Pt100-F\u00fchler. Funktioniert mit wiederaufladbarem Akku. Schraubverbinder.","og_url":"https:\/\/sysmatec.ch\/de\/produit\/datenlogger-daqlink\/","og_site_name":"Sysmatec","article_modified_time":"2021-12-12T09:23:35+00:00","og_image":[{"width":154,"height":173,"url":"https:\/\/sysmatec.ch\/wp-content\/uploads\/2019\/07\/Enregistreur_FourierDaqLink.jpg","type":"image\/jpeg"}],"twitter_card":"summary_large_image","twitter_misc":{"Gesch\u00e4tzte Lesezeit":"1\u00a0Minute"},"schema":{"@context":"https:\/\/schema.org","@graph":[{"@type":"WebPage","@id":"https:\/\/sysmatec.ch\/de\/produit\/datenlogger-daqlink\/","url":"https:\/\/sysmatec.ch\/de\/produit\/datenlogger-daqlink\/","name":"Datenlogger DaqLink - Sysmatec","isPartOf":{"@id":"https:\/\/sysmatec.ch\/de\/#website"},"primaryImageOfPage":{"@id":"https:\/\/sysmatec.ch\/de\/produit\/datenlogger-daqlink\/#primaryimage"},"image":{"@id":"https:\/\/sysmatec.ch\/de\/produit\/datenlogger-daqlink\/#primaryimage"},"thumbnailUrl":"https:\/\/sysmatec.ch\/wp-content\/uploads\/2019\/07\/Enregistreur_FourierDaqLink.jpg","datePublished":"2019-07-14T08:35:36+00:00","dateModified":"2021-12-12T09:23:35+00:00","description":"Spannungsdatenlogger mit mehreren Sensoren, Thermoelementstrom, Pt100-F\u00fchler. Funktioniert mit wiederaufladbarem Akku. Schraubverbinder.","breadcrumb":{"@id":"https:\/\/sysmatec.ch\/de\/produit\/datenlogger-daqlink\/#breadcrumb"},"inLanguage":"de","potentialAction":[{"@type":"ReadAction","target":["https:\/\/sysmatec.ch\/de\/produit\/datenlogger-daqlink\/"]}]},{"@type":"ImageObject","inLanguage":"de","@id":"https:\/\/sysmatec.ch\/de\/produit\/datenlogger-daqlink\/#primaryimage","url":"https:\/\/sysmatec.ch\/wp-content\/uploads\/2019\/07\/Enregistreur_FourierDaqLink.jpg","contentUrl":"https:\/\/sysmatec.ch\/wp-content\/uploads\/2019\/07\/Enregistreur_FourierDaqLink.jpg","width":154,"height":173},{"@type":"BreadcrumbList","@id":"https:\/\/sysmatec.ch\/de\/produit\/datenlogger-daqlink\/#breadcrumb","itemListElement":[{"@type":"ListItem","position":1,"name":"Accueil","item":"https:\/\/sysmatec.ch\/de\/"},{"@type":"ListItem","position":2,"name":"Die Aktivit\u00e4t von Sysmatec","item":"https:\/\/sysmatec.ch\/de\/"},{"@type":"ListItem","position":3,"name":"Datenlogger DaqLink"}]},{"@type":"WebSite","@id":"https:\/\/sysmatec.ch\/de\/#website","url":"https:\/\/sysmatec.ch\/de\/","name":"Sysmatec","description":"Equipement de laboratoire et logiciels","publisher":{"@id":"https:\/\/sysmatec.ch\/de\/#organization"},"potentialAction":[{"@type":"SearchAction","target":{"@type":"EntryPoint","urlTemplate":"https:\/\/sysmatec.ch\/de\/?s={search_term_string}"},"query-input":{"@type":"PropertyValueSpecification","valueRequired":true,"valueName":"search_term_string"}}],"inLanguage":"de"},{"@type":"Organization","@id":"https:\/\/sysmatec.ch\/de\/#organization","name":"Sysmatec","url":"https:\/\/sysmatec.ch\/de\/","logo":{"@type":"ImageObject","inLanguage":"de","@id":"https:\/\/sysmatec.ch\/de\/#\/schema\/logo\/image\/","url":"https:\/\/sysmatec.ch\/wp-content\/uploads\/2018\/11\/LogoSysmatec.jpg","contentUrl":"https:\/\/sysmatec.ch\/wp-content\/uploads\/2018\/11\/LogoSysmatec.jpg","width":301,"height":297,"caption":"Sysmatec"},"image":{"@id":"https:\/\/sysmatec.ch\/de\/#\/schema\/logo\/image\/"}}]}},"_links":{"self":[{"href":"https:\/\/sysmatec.ch\/de\/wp-json\/wp\/v2\/product\/9054","targetHints":{"allow":["GET"]}}],"collection":[{"href":"https:\/\/sysmatec.ch\/de\/wp-json\/wp\/v2\/product"}],"about":[{"href":"https:\/\/sysmatec.ch\/de\/wp-json\/wp\/v2\/types\/product"}],"wp:featuredmedia":[{"embeddable":true,"href":"https:\/\/sysmatec.ch\/de\/wp-json\/wp\/v2\/media\/9052"}],"wp:attachment":[{"href":"https:\/\/sysmatec.ch\/de\/wp-json\/wp\/v2\/media?parent=9054"}],"wp:term":[{"taxonomy":"product_brand","embeddable":true,"href":"https:\/\/sysmatec.ch\/de\/wp-json\/wp\/v2\/product_brand?post=9054"},{"taxonomy":"product_cat","embeddable":true,"href":"https:\/\/sysmatec.ch\/de\/wp-json\/wp\/v2\/product_cat?post=9054"},{"taxonomy":"product_tag","embeddable":true,"href":"https:\/\/sysmatec.ch\/de\/wp-json\/wp\/v2\/product_tag?post=9054"}],"curies":[{"name":"wp","href":"https:\/\/api.w.org\/{rel}","templated":true}]}}