{"id":9040,"date":"2019-07-13T15:28:26","date_gmt":"2019-07-13T13:28:26","guid":{"rendered":"https:\/\/sysmatec.ch\/produit\/jauge-depaisseur-ultrasonique-sous-marine-cygnus-dive\/"},"modified":"2021-12-12T17:25:54","modified_gmt":"2021-12-12T16:25:54","slug":"unterwasser-ultraschall-dickenmessgeraet-cygnus-dive","status":"publish","type":"product","link":"https:\/\/sysmatec.ch\/de\/Produkt\/unterwasser-ultraschall-dickenmessgeraet-cygnus-dive\/","title":{"rendered":"Unterwasser-Ultraschall-Dickenmessger\u00e4t Cygnus DIVE"},"content":{"rendered":"<p>Das Cygnus DIVE Materialdickenmessger\u00e4t ist genau, zuverl\u00e4ssig und einfach zu bedienen. Es kann bis zu einer Tiefe von 300 m verwendet werden. Der Cygnus DIVE wird am Unterarm des Tauchers getragen, was eine freie Hand w\u00e4hrend der Dickenmessung erm\u00f6glicht.<\/p>\n<p>Das helle AMOLED-Farbdisplay zeigt die Dickenwerte mit gro\u00dfen Zahlen an. Es kann auch ein Diagramm der Intensit\u00e4t der Antwort angezeigt werden. Die Stromversorgung erfolgt \u00fcber einen austauschbaren Lithium-Ionen-Akku, der eine ununterbrochene Akkulaufzeit von ca. 11 Stunden bietet. Die Ultraschallsonde ist durch ein Doppelmantelkabel und einen robusten Verriegelungsstecker verbunden. Es kann je nach Sondentyp im Single-Echo oder Echo-Echo-Modus verwendet werden.<\/p>\n<p>Der Single-Echo-Modus wird auf unbeschichteten Oberfl\u00e4chen und Echo-Echo f\u00fcr Lacke bis 0.5 mm Dicke verwendet. Eine optionale Datenprotokollierungsfunktion ist verf\u00fcgbar, um bis zu 5000 Messungen und Scans zu speichern. Das CygLink v4-Modul. erm\u00f6glicht die Anzeige auf einer Oberfl\u00e4che Computer und Datenprotokollierung. Das HelmetView-Modul zeigt die Messungen in einem Helm an.<\/p>\n<p>Basiskit 001-7210 \/ 2: Cygnus DIVE MK2 Ultraschall Dickenmesser, S2C 2,25 MHz 13 mm (1\/2 &#8222;) Sonde, 2 Akkus, Ladeger\u00e4t, Displayschutzfolie, Silikonfett, Kabel, Manuell Gebrauchs- und Tragetasche.<\/p>\n","protected":false},"excerpt":{"rendered":"<p>Unterwasser-Ultraschall-Dickenmessger\u00e4t<\/p>\n","protected":false},"featured_media":9034,"template":"","meta":{"_crdt_document":""},"product_brand":[],"product_cat":[312,180],"product_tag":[],"class_list":{"0":"post-9040","1":"product","2":"type-product","3":"status-publish","4":"has-post-thumbnail","6":"product_cat-dicke","7":"product_cat-messung","9":"first","10":"instock","11":"taxable","12":"shipping-taxable","13":"product-type-simple"},"yoast_head":"<!-- This site is optimized with the Yoast SEO plugin v27.3 - https:\/\/yoast.com\/product\/yoast-seo-wordpress\/ -->\n<title>Unterwasser-Ultraschall-Dickenmessger\u00e4t Cygnus DIVE - Sysmatec<\/title>\n<meta name=\"description\" content=\"Ultraschall-Dickenmesser f\u00fcr Messungen unter Wasser bis zu einer Tiefe von 300 m. Funktioniert im Einzelecho- oder Echo-Echo-Modus.\" \/>\n<meta name=\"robots\" content=\"index, follow, max-snippet:-1, max-image-preview:large, max-video-preview:-1\" \/>\n<link rel=\"canonical\" href=\"https:\/\/sysmatec.ch\/de\/produit\/unterwasser-ultraschall-dickenmessgeraet-cygnus-dive\/\" \/>\n<meta property=\"og:locale\" content=\"de_DE\" \/>\n<meta property=\"og:type\" content=\"article\" \/>\n<meta property=\"og:title\" content=\"Unterwasser-Ultraschall-Dickenmessger\u00e4t Cygnus DIVE - Sysmatec\" \/>\n<meta property=\"og:description\" content=\"Ultraschall-Dickenmesser f\u00fcr Messungen unter Wasser bis zu einer Tiefe von 300 m. Funktioniert im Einzelecho- oder Echo-Echo-Modus.\" \/>\n<meta property=\"og:url\" content=\"https:\/\/sysmatec.ch\/de\/produit\/unterwasser-ultraschall-dickenmessgeraet-cygnus-dive\/\" \/>\n<meta property=\"og:site_name\" content=\"Sysmatec\" \/>\n<meta property=\"article:modified_time\" content=\"2021-12-12T16:25:54+00:00\" \/>\n<meta property=\"og:image\" content=\"https:\/\/sysmatec.ch\/wp-content\/uploads\/2019\/07\/Epaisseur_CygnusDive.jpg\" \/>\n\t<meta property=\"og:image:width\" content=\"190\" \/>\n\t<meta property=\"og:image:height\" content=\"190\" \/>\n\t<meta property=\"og:image:type\" content=\"image\/jpeg\" \/>\n<meta name=\"twitter:card\" content=\"summary_large_image\" \/>\n<meta name=\"twitter:label1\" content=\"Gesch\u00e4tzte Lesezeit\" \/>\n\t<meta name=\"twitter:data1\" content=\"1\u00a0Minute\" \/>\n<script type=\"application\/ld+json\" class=\"yoast-schema-graph\">{\"@context\":\"https:\\\/\\\/schema.org\",\"@graph\":[{\"@type\":\"WebPage\",\"@id\":\"https:\\\/\\\/sysmatec.ch\\\/de\\\/produit\\\/unterwasser-ultraschall-dickenmessgeraet-cygnus-dive\\\/\",\"url\":\"https:\\\/\\\/sysmatec.ch\\\/de\\\/produit\\\/unterwasser-ultraschall-dickenmessgeraet-cygnus-dive\\\/\",\"name\":\"Unterwasser-Ultraschall-Dickenmessger\u00e4t Cygnus DIVE - Sysmatec\",\"isPartOf\":{\"@id\":\"https:\\\/\\\/sysmatec.ch\\\/de\\\/#website\"},\"primaryImageOfPage\":{\"@id\":\"https:\\\/\\\/sysmatec.ch\\\/de\\\/produit\\\/unterwasser-ultraschall-dickenmessgeraet-cygnus-dive\\\/#primaryimage\"},\"image\":{\"@id\":\"https:\\\/\\\/sysmatec.ch\\\/de\\\/produit\\\/unterwasser-ultraschall-dickenmessgeraet-cygnus-dive\\\/#primaryimage\"},\"thumbnailUrl\":\"https:\\\/\\\/sysmatec.ch\\\/wp-content\\\/uploads\\\/2019\\\/07\\\/Epaisseur_CygnusDive.jpg\",\"datePublished\":\"2019-07-13T13:28:26+00:00\",\"dateModified\":\"2021-12-12T16:25:54+00:00\",\"description\":\"Ultraschall-Dickenmesser f\u00fcr Messungen unter Wasser bis zu einer Tiefe von 300 m. Funktioniert im Einzelecho- oder Echo-Echo-Modus.\",\"breadcrumb\":{\"@id\":\"https:\\\/\\\/sysmatec.ch\\\/de\\\/produit\\\/unterwasser-ultraschall-dickenmessgeraet-cygnus-dive\\\/#breadcrumb\"},\"inLanguage\":\"de\",\"potentialAction\":[{\"@type\":\"ReadAction\",\"target\":[\"https:\\\/\\\/sysmatec.ch\\\/de\\\/produit\\\/unterwasser-ultraschall-dickenmessgeraet-cygnus-dive\\\/\"]}]},{\"@type\":\"ImageObject\",\"inLanguage\":\"de\",\"@id\":\"https:\\\/\\\/sysmatec.ch\\\/de\\\/produit\\\/unterwasser-ultraschall-dickenmessgeraet-cygnus-dive\\\/#primaryimage\",\"url\":\"https:\\\/\\\/sysmatec.ch\\\/wp-content\\\/uploads\\\/2019\\\/07\\\/Epaisseur_CygnusDive.jpg\",\"contentUrl\":\"https:\\\/\\\/sysmatec.ch\\\/wp-content\\\/uploads\\\/2019\\\/07\\\/Epaisseur_CygnusDive.jpg\",\"width\":190,\"height\":190},{\"@type\":\"BreadcrumbList\",\"@id\":\"https:\\\/\\\/sysmatec.ch\\\/de\\\/produit\\\/unterwasser-ultraschall-dickenmessgeraet-cygnus-dive\\\/#breadcrumb\",\"itemListElement\":[{\"@type\":\"ListItem\",\"position\":1,\"name\":\"Accueil\",\"item\":\"https:\\\/\\\/sysmatec.ch\\\/de\\\/\"},{\"@type\":\"ListItem\",\"position\":2,\"name\":\"Die Aktivit\u00e4t von Sysmatec\",\"item\":\"https:\\\/\\\/sysmatec.ch\\\/de\\\/\"},{\"@type\":\"ListItem\",\"position\":3,\"name\":\"Unterwasser-Ultraschall-Dickenmessger\u00e4t Cygnus DIVE\"}]},{\"@type\":\"WebSite\",\"@id\":\"https:\\\/\\\/sysmatec.ch\\\/de\\\/#website\",\"url\":\"https:\\\/\\\/sysmatec.ch\\\/de\\\/\",\"name\":\"Sysmatec\",\"description\":\"Equipement de laboratoire et logiciels\",\"publisher\":{\"@id\":\"https:\\\/\\\/sysmatec.ch\\\/de\\\/#organization\"},\"potentialAction\":[{\"@type\":\"SearchAction\",\"target\":{\"@type\":\"EntryPoint\",\"urlTemplate\":\"https:\\\/\\\/sysmatec.ch\\\/de\\\/?s={search_term_string}\"},\"query-input\":{\"@type\":\"PropertyValueSpecification\",\"valueRequired\":true,\"valueName\":\"search_term_string\"}}],\"inLanguage\":\"de\"},{\"@type\":\"Organization\",\"@id\":\"https:\\\/\\\/sysmatec.ch\\\/de\\\/#organization\",\"name\":\"Sysmatec\",\"url\":\"https:\\\/\\\/sysmatec.ch\\\/de\\\/\",\"logo\":{\"@type\":\"ImageObject\",\"inLanguage\":\"de\",\"@id\":\"https:\\\/\\\/sysmatec.ch\\\/de\\\/#\\\/schema\\\/logo\\\/image\\\/\",\"url\":\"https:\\\/\\\/sysmatec.ch\\\/wp-content\\\/uploads\\\/2018\\\/11\\\/LogoSysmatec.jpg\",\"contentUrl\":\"https:\\\/\\\/sysmatec.ch\\\/wp-content\\\/uploads\\\/2018\\\/11\\\/LogoSysmatec.jpg\",\"width\":301,\"height\":297,\"caption\":\"Sysmatec\"},\"image\":{\"@id\":\"https:\\\/\\\/sysmatec.ch\\\/de\\\/#\\\/schema\\\/logo\\\/image\\\/\"}}]}<\/script>\n<!-- \/ Yoast SEO plugin. -->","yoast_head_json":{"title":"Unterwasser-Ultraschall-Dickenmessger\u00e4t Cygnus DIVE - Sysmatec","description":"Ultraschall-Dickenmesser f\u00fcr Messungen unter Wasser bis zu einer Tiefe von 300 m. Funktioniert im Einzelecho- oder Echo-Echo-Modus.","robots":{"index":"index","follow":"follow","max-snippet":"max-snippet:-1","max-image-preview":"max-image-preview:large","max-video-preview":"max-video-preview:-1"},"canonical":"https:\/\/sysmatec.ch\/de\/produit\/unterwasser-ultraschall-dickenmessgeraet-cygnus-dive\/","og_locale":"de_DE","og_type":"article","og_title":"Unterwasser-Ultraschall-Dickenmessger\u00e4t Cygnus DIVE - Sysmatec","og_description":"Ultraschall-Dickenmesser f\u00fcr Messungen unter Wasser bis zu einer Tiefe von 300 m. Funktioniert im Einzelecho- oder Echo-Echo-Modus.","og_url":"https:\/\/sysmatec.ch\/de\/produit\/unterwasser-ultraschall-dickenmessgeraet-cygnus-dive\/","og_site_name":"Sysmatec","article_modified_time":"2021-12-12T16:25:54+00:00","og_image":[{"width":190,"height":190,"url":"https:\/\/sysmatec.ch\/wp-content\/uploads\/2019\/07\/Epaisseur_CygnusDive.jpg","type":"image\/jpeg"}],"twitter_card":"summary_large_image","twitter_misc":{"Gesch\u00e4tzte Lesezeit":"1\u00a0Minute"},"schema":{"@context":"https:\/\/schema.org","@graph":[{"@type":"WebPage","@id":"https:\/\/sysmatec.ch\/de\/produit\/unterwasser-ultraschall-dickenmessgeraet-cygnus-dive\/","url":"https:\/\/sysmatec.ch\/de\/produit\/unterwasser-ultraschall-dickenmessgeraet-cygnus-dive\/","name":"Unterwasser-Ultraschall-Dickenmessger\u00e4t Cygnus DIVE - Sysmatec","isPartOf":{"@id":"https:\/\/sysmatec.ch\/de\/#website"},"primaryImageOfPage":{"@id":"https:\/\/sysmatec.ch\/de\/produit\/unterwasser-ultraschall-dickenmessgeraet-cygnus-dive\/#primaryimage"},"image":{"@id":"https:\/\/sysmatec.ch\/de\/produit\/unterwasser-ultraschall-dickenmessgeraet-cygnus-dive\/#primaryimage"},"thumbnailUrl":"https:\/\/sysmatec.ch\/wp-content\/uploads\/2019\/07\/Epaisseur_CygnusDive.jpg","datePublished":"2019-07-13T13:28:26+00:00","dateModified":"2021-12-12T16:25:54+00:00","description":"Ultraschall-Dickenmesser f\u00fcr Messungen unter Wasser bis zu einer Tiefe von 300 m. Funktioniert im Einzelecho- oder Echo-Echo-Modus.","breadcrumb":{"@id":"https:\/\/sysmatec.ch\/de\/produit\/unterwasser-ultraschall-dickenmessgeraet-cygnus-dive\/#breadcrumb"},"inLanguage":"de","potentialAction":[{"@type":"ReadAction","target":["https:\/\/sysmatec.ch\/de\/produit\/unterwasser-ultraschall-dickenmessgeraet-cygnus-dive\/"]}]},{"@type":"ImageObject","inLanguage":"de","@id":"https:\/\/sysmatec.ch\/de\/produit\/unterwasser-ultraschall-dickenmessgeraet-cygnus-dive\/#primaryimage","url":"https:\/\/sysmatec.ch\/wp-content\/uploads\/2019\/07\/Epaisseur_CygnusDive.jpg","contentUrl":"https:\/\/sysmatec.ch\/wp-content\/uploads\/2019\/07\/Epaisseur_CygnusDive.jpg","width":190,"height":190},{"@type":"BreadcrumbList","@id":"https:\/\/sysmatec.ch\/de\/produit\/unterwasser-ultraschall-dickenmessgeraet-cygnus-dive\/#breadcrumb","itemListElement":[{"@type":"ListItem","position":1,"name":"Accueil","item":"https:\/\/sysmatec.ch\/de\/"},{"@type":"ListItem","position":2,"name":"Die Aktivit\u00e4t von Sysmatec","item":"https:\/\/sysmatec.ch\/de\/"},{"@type":"ListItem","position":3,"name":"Unterwasser-Ultraschall-Dickenmessger\u00e4t Cygnus DIVE"}]},{"@type":"WebSite","@id":"https:\/\/sysmatec.ch\/de\/#website","url":"https:\/\/sysmatec.ch\/de\/","name":"Sysmatec","description":"Equipement de laboratoire et logiciels","publisher":{"@id":"https:\/\/sysmatec.ch\/de\/#organization"},"potentialAction":[{"@type":"SearchAction","target":{"@type":"EntryPoint","urlTemplate":"https:\/\/sysmatec.ch\/de\/?s={search_term_string}"},"query-input":{"@type":"PropertyValueSpecification","valueRequired":true,"valueName":"search_term_string"}}],"inLanguage":"de"},{"@type":"Organization","@id":"https:\/\/sysmatec.ch\/de\/#organization","name":"Sysmatec","url":"https:\/\/sysmatec.ch\/de\/","logo":{"@type":"ImageObject","inLanguage":"de","@id":"https:\/\/sysmatec.ch\/de\/#\/schema\/logo\/image\/","url":"https:\/\/sysmatec.ch\/wp-content\/uploads\/2018\/11\/LogoSysmatec.jpg","contentUrl":"https:\/\/sysmatec.ch\/wp-content\/uploads\/2018\/11\/LogoSysmatec.jpg","width":301,"height":297,"caption":"Sysmatec"},"image":{"@id":"https:\/\/sysmatec.ch\/de\/#\/schema\/logo\/image\/"}}]}},"_links":{"self":[{"href":"https:\/\/sysmatec.ch\/de\/wp-json\/wp\/v2\/product\/9040","targetHints":{"allow":["GET"]}}],"collection":[{"href":"https:\/\/sysmatec.ch\/de\/wp-json\/wp\/v2\/product"}],"about":[{"href":"https:\/\/sysmatec.ch\/de\/wp-json\/wp\/v2\/types\/product"}],"wp:featuredmedia":[{"embeddable":true,"href":"https:\/\/sysmatec.ch\/de\/wp-json\/wp\/v2\/media\/9034"}],"wp:attachment":[{"href":"https:\/\/sysmatec.ch\/de\/wp-json\/wp\/v2\/media?parent=9040"}],"wp:term":[{"taxonomy":"product_brand","embeddable":true,"href":"https:\/\/sysmatec.ch\/de\/wp-json\/wp\/v2\/product_brand?post=9040"},{"taxonomy":"product_cat","embeddable":true,"href":"https:\/\/sysmatec.ch\/de\/wp-json\/wp\/v2\/product_cat?post=9040"},{"taxonomy":"product_tag","embeddable":true,"href":"https:\/\/sysmatec.ch\/de\/wp-json\/wp\/v2\/product_tag?post=9040"}],"curies":[{"name":"wp","href":"https:\/\/api.w.org\/{rel}","templated":true}]}}