{"id":9036,"date":"2019-07-13T15:21:11","date_gmt":"2019-07-13T13:21:11","guid":{"rendered":"https:\/\/sysmatec.ch\/produit\/jauge-depaisseur-ultrasonique-multimode-cygnus-4\/"},"modified":"2021-12-12T17:32:01","modified_gmt":"2021-12-12T16:32:01","slug":"multimode-ultraschall-dickenmessgeraet-cygnus-4","status":"publish","type":"product","link":"https:\/\/sysmatec.ch\/de\/Produkt\/multimode-ultraschall-dickenmessgeraet-cygnus-4\/","title":{"rendered":"Multimode Ultraschall-Dickenmessger\u00e4t Cygnus 4 +"},"content":{"rendered":"<p>Cygnus 4PLUS ist ein kompaktes Multi-Modus-Ultraschall-Dickenmessger\u00e4t mit grafischer LCD-Anzeige, einfacher sequenzieller Datenprotokollierung und manueller und automatischer Verst\u00e4rkungseinstellung.<\/p>\n<p>Entworfen f\u00fcr die rauesten Umgebungen, mit einer einfach zu bedienenden Tastatur, intuitiven Men\u00fcs und einem Farb-LCD, das bei allen Lichtverh\u00e4ltnissen betrachtet werden kann.<\/p>\n<p>Das Ger\u00e4t ist in einer weichen Schutzh\u00fclle verpackt.<\/p>\n<p>Das Ger\u00e4t arbeitet im Mehrfach-Echo-Modus, um einfache und genaue Messungen zu erm\u00f6glichen. Es bietet auch Echo-Echo und Mono-Echo-Modi mit Zwei-Kristall-Sonden f\u00fcr Oberfl\u00e4chen mit hoher Korrosion. Der Echo-Echo-Modus eignet sich gut f\u00fcr Messungen an lackierten Metallen, jedoch mit Korrosion \/ Lochfra\u00df an den R\u00fcckw\u00e4nden. Der Single-Echo-Modus wird f\u00fcr Messungen auf unbeschichteten Oberfl\u00e4chen mit einer schweren Vorderseite und \/ oder Korrosion auf der R\u00fcckseite und d\u00e4mpfenden Materialien wie geformten Metallen oder Kunststoffen \/ Verbundwerkstoffen verwendet.<\/p>\n<ul>\n<li type=\"disc\">Messmodi: Mehrfachecho mit 3 Schallimpulsen zur Beseitigung von Beschichtungen bis 20 mm Dicke, Echo-Echo mit 2 Schallimpulsen zum Ignorieren von Beschichtungen bis 1 mm Dicke, Single-Echo mit 1 Schallimpuls.<\/li>\n<li type=\"disc\">Materialien: Schallgeschwindigkeiten von 1.000 bis 9.000 m \/ s<\/li>\n<li type=\"disc\">Genauigkeit: \u00b1 0.1 mm (oder 0.1% der Dickenmessung, je nachdem, welcher Wert gr\u00f6\u00dfer ist, wenn sie gem\u00e4\u00df dem Kalibrierungsverfahren von Cygnus Instruments kalibriert wurde.<\/li>\n<li type=\"disc\">Aufl\u00f6sung:\n<ul>\n<li type=\"disc\">Mehrfach-Echo-Modus &#8211; 0.1 mm oder 0.05 mm<\/li>\n<li type=\"disc\">Echo Single und Echo Echo Modes &#8211; 0.1 mm oder 0.5 mm oder 0.01 mm<\/li>\n<\/ul>\n<\/li>\n<li type=\"disc\">Monokristalline Sonden: 6 mm &#8211; 5 MHz (S5A), 13 mm &#8211; 2.25 MHz (S2C, Standard), 3.5 MHz (S3C) oder 5 MHz (S5C), 19 mm &#8211; 2.25 MHz (S2D)<\/li>\n<li type=\"disc\">Doppelkristallsonden: 5 mm &#8211; 7.5 MHz (T7A), 8 mm &#8211; 5 MHz (T5B, Standard), 12 mm &#8211; 2 MHz (T2C, f\u00fcr Materialien mit hoher D\u00e4mpfung, Gussmetalle, Kunststoffe und Verbundwerkstoffe)<\/li>\n<li type=\"disc\">Messbereich auf Stahl\n<ul>\n<li type=\"disc\">mit monokristallinen Sonden: 1 &#8211; 250 mm<\/li>\n<li type=\"disc\">mit einzelnen Echokristallsonden: 0.8 &#8211; 250 mm<\/li>\n<li type=\"disc\">mit Echo-Echo-Zwillingskristallsonden: 3 &#8211; 50 mm<\/li>\n<\/ul>\n<\/li>\n<li type=\"disc\">Verbinder: Twin Lemo 00<\/li>\n<li type=\"disc\">Stromversorgung: 3 AA Batterien<\/li>\n<li type=\"disc\">Batterielebensdauer: mindestens 10 Stunden<\/li>\n<li type=\"disc\">Elektronik: Zweikanal-Impulsgeber<\/li>\n<li type=\"disc\">2.4 &#8222;VGA LCD Display<\/li>\n<li type=\"disc\">Angezeigte Information: Dickenwert und A-Scan<\/li>\n<li type=\"disc\">Gr\u00f6\u00dfe: 132 mm x 82 mm x 34 mm (B x H x T)<\/li>\n<li type=\"disc\">Gewicht: 300 Gramm (Batterien enthalten)<\/li>\n<li type=\"disc\">Betriebstemperatur: -10 \u00b0 C bis 55 \u00b0 C<\/li>\n<li type=\"disc\">Datenprotokollierung: 500.000 Messpunkte, einschlie\u00dflich A-Scan (5000 Lesevorg\u00e4nge pro Datensatz, begrenzt auf 100 Datens\u00e4tze)<\/li>\n<\/ul>\n","protected":false},"excerpt":{"rendered":"<p>Multimode Ultraschall-Dickenmessger\u00e4t Cygnus<\/p>\n","protected":false},"featured_media":9031,"template":"","meta":{"_crdt_document":""},"product_brand":[],"product_cat":[312,180],"product_tag":[],"class_list":{"0":"post-9036","1":"product","2":"type-product","3":"status-publish","4":"has-post-thumbnail","6":"product_cat-dicke","7":"product_cat-messung","9":"first","10":"instock","11":"taxable","12":"shipping-taxable","13":"product-type-simple"},"yoast_head":"<!-- This site is optimized with the Yoast SEO plugin v27.3 - https:\/\/yoast.com\/product\/yoast-seo-wordpress\/ -->\n<title>Multimode Ultraschall-Dickenmessger\u00e4t Cygnus 4 + - Sysmatec<\/title>\n<meta name=\"description\" content=\"Ultraschall-Dickenmessger\u00e4t. Funktioniert im Einzelecho- oder Echo-Echo-Modus. Letzteres erm\u00f6glicht Ihnen, die Dicke eines Gem\u00e4ldes zu subtrahieren.\" \/>\n<meta name=\"robots\" content=\"index, follow, max-snippet:-1, max-image-preview:large, max-video-preview:-1\" \/>\n<link rel=\"canonical\" href=\"https:\/\/sysmatec.ch\/de\/produit\/multimode-ultraschall-dickenmessgeraet-cygnus-4\/\" \/>\n<meta property=\"og:locale\" content=\"de_DE\" \/>\n<meta property=\"og:type\" content=\"article\" \/>\n<meta property=\"og:title\" content=\"Multimode Ultraschall-Dickenmessger\u00e4t Cygnus 4 + - Sysmatec\" \/>\n<meta property=\"og:description\" content=\"Ultraschall-Dickenmessger\u00e4t. Funktioniert im Einzelecho- oder Echo-Echo-Modus. Letzteres erm\u00f6glicht Ihnen, die Dicke eines Gem\u00e4ldes zu subtrahieren.\" \/>\n<meta property=\"og:url\" content=\"https:\/\/sysmatec.ch\/de\/produit\/multimode-ultraschall-dickenmessgeraet-cygnus-4\/\" \/>\n<meta property=\"og:site_name\" content=\"Sysmatec\" \/>\n<meta property=\"article:modified_time\" content=\"2021-12-12T16:32:01+00:00\" \/>\n<meta property=\"og:image\" content=\"https:\/\/sysmatec.ch\/wp-content\/uploads\/2019\/07\/Epaisseur_Cygnus4.jpg\" \/>\n\t<meta property=\"og:image:width\" content=\"190\" \/>\n\t<meta property=\"og:image:height\" content=\"190\" \/>\n\t<meta property=\"og:image:type\" content=\"image\/jpeg\" \/>\n<meta name=\"twitter:card\" content=\"summary_large_image\" \/>\n<meta name=\"twitter:label1\" content=\"Gesch\u00e4tzte Lesezeit\" \/>\n\t<meta name=\"twitter:data1\" content=\"2\u00a0Minuten\" \/>\n<script type=\"application\/ld+json\" class=\"yoast-schema-graph\">{\"@context\":\"https:\\\/\\\/schema.org\",\"@graph\":[{\"@type\":\"WebPage\",\"@id\":\"https:\\\/\\\/sysmatec.ch\\\/de\\\/produit\\\/multimode-ultraschall-dickenmessgeraet-cygnus-4\\\/\",\"url\":\"https:\\\/\\\/sysmatec.ch\\\/de\\\/produit\\\/multimode-ultraschall-dickenmessgeraet-cygnus-4\\\/\",\"name\":\"Multimode Ultraschall-Dickenmessger\u00e4t Cygnus 4 + - Sysmatec\",\"isPartOf\":{\"@id\":\"https:\\\/\\\/sysmatec.ch\\\/de\\\/#website\"},\"primaryImageOfPage\":{\"@id\":\"https:\\\/\\\/sysmatec.ch\\\/de\\\/produit\\\/multimode-ultraschall-dickenmessgeraet-cygnus-4\\\/#primaryimage\"},\"image\":{\"@id\":\"https:\\\/\\\/sysmatec.ch\\\/de\\\/produit\\\/multimode-ultraschall-dickenmessgeraet-cygnus-4\\\/#primaryimage\"},\"thumbnailUrl\":\"https:\\\/\\\/sysmatec.ch\\\/wp-content\\\/uploads\\\/2019\\\/07\\\/Epaisseur_Cygnus4.jpg\",\"datePublished\":\"2019-07-13T13:21:11+00:00\",\"dateModified\":\"2021-12-12T16:32:01+00:00\",\"description\":\"Ultraschall-Dickenmessger\u00e4t. Funktioniert im Einzelecho- oder Echo-Echo-Modus. Letzteres erm\u00f6glicht Ihnen, die Dicke eines Gem\u00e4ldes zu subtrahieren.\",\"breadcrumb\":{\"@id\":\"https:\\\/\\\/sysmatec.ch\\\/de\\\/produit\\\/multimode-ultraschall-dickenmessgeraet-cygnus-4\\\/#breadcrumb\"},\"inLanguage\":\"de\",\"potentialAction\":[{\"@type\":\"ReadAction\",\"target\":[\"https:\\\/\\\/sysmatec.ch\\\/de\\\/produit\\\/multimode-ultraschall-dickenmessgeraet-cygnus-4\\\/\"]}]},{\"@type\":\"ImageObject\",\"inLanguage\":\"de\",\"@id\":\"https:\\\/\\\/sysmatec.ch\\\/de\\\/produit\\\/multimode-ultraschall-dickenmessgeraet-cygnus-4\\\/#primaryimage\",\"url\":\"https:\\\/\\\/sysmatec.ch\\\/wp-content\\\/uploads\\\/2019\\\/07\\\/Epaisseur_Cygnus4.jpg\",\"contentUrl\":\"https:\\\/\\\/sysmatec.ch\\\/wp-content\\\/uploads\\\/2019\\\/07\\\/Epaisseur_Cygnus4.jpg\",\"width\":190,\"height\":190},{\"@type\":\"BreadcrumbList\",\"@id\":\"https:\\\/\\\/sysmatec.ch\\\/de\\\/produit\\\/multimode-ultraschall-dickenmessgeraet-cygnus-4\\\/#breadcrumb\",\"itemListElement\":[{\"@type\":\"ListItem\",\"position\":1,\"name\":\"Accueil\",\"item\":\"https:\\\/\\\/sysmatec.ch\\\/de\\\/\"},{\"@type\":\"ListItem\",\"position\":2,\"name\":\"Die Aktivit\u00e4t von Sysmatec\",\"item\":\"https:\\\/\\\/sysmatec.ch\\\/de\\\/\"},{\"@type\":\"ListItem\",\"position\":3,\"name\":\"Multimode Ultraschall-Dickenmessger\u00e4t Cygnus 4 +\"}]},{\"@type\":\"WebSite\",\"@id\":\"https:\\\/\\\/sysmatec.ch\\\/de\\\/#website\",\"url\":\"https:\\\/\\\/sysmatec.ch\\\/de\\\/\",\"name\":\"Sysmatec\",\"description\":\"Equipement de laboratoire et logiciels\",\"publisher\":{\"@id\":\"https:\\\/\\\/sysmatec.ch\\\/de\\\/#organization\"},\"potentialAction\":[{\"@type\":\"SearchAction\",\"target\":{\"@type\":\"EntryPoint\",\"urlTemplate\":\"https:\\\/\\\/sysmatec.ch\\\/de\\\/?s={search_term_string}\"},\"query-input\":{\"@type\":\"PropertyValueSpecification\",\"valueRequired\":true,\"valueName\":\"search_term_string\"}}],\"inLanguage\":\"de\"},{\"@type\":\"Organization\",\"@id\":\"https:\\\/\\\/sysmatec.ch\\\/de\\\/#organization\",\"name\":\"Sysmatec\",\"url\":\"https:\\\/\\\/sysmatec.ch\\\/de\\\/\",\"logo\":{\"@type\":\"ImageObject\",\"inLanguage\":\"de\",\"@id\":\"https:\\\/\\\/sysmatec.ch\\\/de\\\/#\\\/schema\\\/logo\\\/image\\\/\",\"url\":\"https:\\\/\\\/sysmatec.ch\\\/wp-content\\\/uploads\\\/2018\\\/11\\\/LogoSysmatec.jpg\",\"contentUrl\":\"https:\\\/\\\/sysmatec.ch\\\/wp-content\\\/uploads\\\/2018\\\/11\\\/LogoSysmatec.jpg\",\"width\":301,\"height\":297,\"caption\":\"Sysmatec\"},\"image\":{\"@id\":\"https:\\\/\\\/sysmatec.ch\\\/de\\\/#\\\/schema\\\/logo\\\/image\\\/\"}}]}<\/script>\n<!-- \/ Yoast SEO plugin. -->","yoast_head_json":{"title":"Multimode Ultraschall-Dickenmessger\u00e4t Cygnus 4 + - Sysmatec","description":"Ultraschall-Dickenmessger\u00e4t. Funktioniert im Einzelecho- oder Echo-Echo-Modus. Letzteres erm\u00f6glicht Ihnen, die Dicke eines Gem\u00e4ldes zu subtrahieren.","robots":{"index":"index","follow":"follow","max-snippet":"max-snippet:-1","max-image-preview":"max-image-preview:large","max-video-preview":"max-video-preview:-1"},"canonical":"https:\/\/sysmatec.ch\/de\/produit\/multimode-ultraschall-dickenmessgeraet-cygnus-4\/","og_locale":"de_DE","og_type":"article","og_title":"Multimode Ultraschall-Dickenmessger\u00e4t Cygnus 4 + - Sysmatec","og_description":"Ultraschall-Dickenmessger\u00e4t. Funktioniert im Einzelecho- oder Echo-Echo-Modus. Letzteres erm\u00f6glicht Ihnen, die Dicke eines Gem\u00e4ldes zu subtrahieren.","og_url":"https:\/\/sysmatec.ch\/de\/produit\/multimode-ultraschall-dickenmessgeraet-cygnus-4\/","og_site_name":"Sysmatec","article_modified_time":"2021-12-12T16:32:01+00:00","og_image":[{"width":190,"height":190,"url":"https:\/\/sysmatec.ch\/wp-content\/uploads\/2019\/07\/Epaisseur_Cygnus4.jpg","type":"image\/jpeg"}],"twitter_card":"summary_large_image","twitter_misc":{"Gesch\u00e4tzte Lesezeit":"2\u00a0Minuten"},"schema":{"@context":"https:\/\/schema.org","@graph":[{"@type":"WebPage","@id":"https:\/\/sysmatec.ch\/de\/produit\/multimode-ultraschall-dickenmessgeraet-cygnus-4\/","url":"https:\/\/sysmatec.ch\/de\/produit\/multimode-ultraschall-dickenmessgeraet-cygnus-4\/","name":"Multimode Ultraschall-Dickenmessger\u00e4t Cygnus 4 + - Sysmatec","isPartOf":{"@id":"https:\/\/sysmatec.ch\/de\/#website"},"primaryImageOfPage":{"@id":"https:\/\/sysmatec.ch\/de\/produit\/multimode-ultraschall-dickenmessgeraet-cygnus-4\/#primaryimage"},"image":{"@id":"https:\/\/sysmatec.ch\/de\/produit\/multimode-ultraschall-dickenmessgeraet-cygnus-4\/#primaryimage"},"thumbnailUrl":"https:\/\/sysmatec.ch\/wp-content\/uploads\/2019\/07\/Epaisseur_Cygnus4.jpg","datePublished":"2019-07-13T13:21:11+00:00","dateModified":"2021-12-12T16:32:01+00:00","description":"Ultraschall-Dickenmessger\u00e4t. Funktioniert im Einzelecho- oder Echo-Echo-Modus. Letzteres erm\u00f6glicht Ihnen, die Dicke eines Gem\u00e4ldes zu subtrahieren.","breadcrumb":{"@id":"https:\/\/sysmatec.ch\/de\/produit\/multimode-ultraschall-dickenmessgeraet-cygnus-4\/#breadcrumb"},"inLanguage":"de","potentialAction":[{"@type":"ReadAction","target":["https:\/\/sysmatec.ch\/de\/produit\/multimode-ultraschall-dickenmessgeraet-cygnus-4\/"]}]},{"@type":"ImageObject","inLanguage":"de","@id":"https:\/\/sysmatec.ch\/de\/produit\/multimode-ultraschall-dickenmessgeraet-cygnus-4\/#primaryimage","url":"https:\/\/sysmatec.ch\/wp-content\/uploads\/2019\/07\/Epaisseur_Cygnus4.jpg","contentUrl":"https:\/\/sysmatec.ch\/wp-content\/uploads\/2019\/07\/Epaisseur_Cygnus4.jpg","width":190,"height":190},{"@type":"BreadcrumbList","@id":"https:\/\/sysmatec.ch\/de\/produit\/multimode-ultraschall-dickenmessgeraet-cygnus-4\/#breadcrumb","itemListElement":[{"@type":"ListItem","position":1,"name":"Accueil","item":"https:\/\/sysmatec.ch\/de\/"},{"@type":"ListItem","position":2,"name":"Die Aktivit\u00e4t von Sysmatec","item":"https:\/\/sysmatec.ch\/de\/"},{"@type":"ListItem","position":3,"name":"Multimode Ultraschall-Dickenmessger\u00e4t Cygnus 4 +"}]},{"@type":"WebSite","@id":"https:\/\/sysmatec.ch\/de\/#website","url":"https:\/\/sysmatec.ch\/de\/","name":"Sysmatec","description":"Equipement de laboratoire et logiciels","publisher":{"@id":"https:\/\/sysmatec.ch\/de\/#organization"},"potentialAction":[{"@type":"SearchAction","target":{"@type":"EntryPoint","urlTemplate":"https:\/\/sysmatec.ch\/de\/?s={search_term_string}"},"query-input":{"@type":"PropertyValueSpecification","valueRequired":true,"valueName":"search_term_string"}}],"inLanguage":"de"},{"@type":"Organization","@id":"https:\/\/sysmatec.ch\/de\/#organization","name":"Sysmatec","url":"https:\/\/sysmatec.ch\/de\/","logo":{"@type":"ImageObject","inLanguage":"de","@id":"https:\/\/sysmatec.ch\/de\/#\/schema\/logo\/image\/","url":"https:\/\/sysmatec.ch\/wp-content\/uploads\/2018\/11\/LogoSysmatec.jpg","contentUrl":"https:\/\/sysmatec.ch\/wp-content\/uploads\/2018\/11\/LogoSysmatec.jpg","width":301,"height":297,"caption":"Sysmatec"},"image":{"@id":"https:\/\/sysmatec.ch\/de\/#\/schema\/logo\/image\/"}}]}},"_links":{"self":[{"href":"https:\/\/sysmatec.ch\/de\/wp-json\/wp\/v2\/product\/9036","targetHints":{"allow":["GET"]}}],"collection":[{"href":"https:\/\/sysmatec.ch\/de\/wp-json\/wp\/v2\/product"}],"about":[{"href":"https:\/\/sysmatec.ch\/de\/wp-json\/wp\/v2\/types\/product"}],"wp:featuredmedia":[{"embeddable":true,"href":"https:\/\/sysmatec.ch\/de\/wp-json\/wp\/v2\/media\/9031"}],"wp:attachment":[{"href":"https:\/\/sysmatec.ch\/de\/wp-json\/wp\/v2\/media?parent=9036"}],"wp:term":[{"taxonomy":"product_brand","embeddable":true,"href":"https:\/\/sysmatec.ch\/de\/wp-json\/wp\/v2\/product_brand?post=9036"},{"taxonomy":"product_cat","embeddable":true,"href":"https:\/\/sysmatec.ch\/de\/wp-json\/wp\/v2\/product_cat?post=9036"},{"taxonomy":"product_tag","embeddable":true,"href":"https:\/\/sysmatec.ch\/de\/wp-json\/wp\/v2\/product_tag?post=9036"}],"curies":[{"name":"wp","href":"https:\/\/api.w.org\/{rel}","templated":true}]}}