{"id":9027,"date":"2019-07-13T15:08:35","date_gmt":"2019-07-13T13:08:35","guid":{"rendered":"https:\/\/sysmatec.ch\/produit\/jauge-depaisseur-a-ultrasons-multi-mode-mt660\/"},"modified":"2021-12-12T17:35:57","modified_gmt":"2021-12-12T16:35:57","slug":"multimode-ultraschall-dickenmessgeraet-mt660","status":"publish","type":"product","link":"https:\/\/sysmatec.ch\/de\/Produkt\/multimode-ultraschall-dickenmessgeraet-mt660\/","title":{"rendered":"Multimode-Ultraschall-Dickenmessger\u00e4t MT660"},"content":{"rendered":"<p>Die digitale Ultraschalldickenmessung bestimmt die Dicke eines Teils oder einer Struktur durch genaues Messen der Zeit, die f\u00fcr einen kurzen Ultraschallimpuls erforderlich ist, um durch die Dicke des Materials zu reisen. Die gemessene Zwei-Wege-Laufzeit wird durch zwei geteilt, um den R\u00fcckw\u00e4rts- und R\u00fcckweg zu ber\u00fccksichtigen.<\/p>\n<p>Das Ger\u00e4t kann f\u00fcr eine breite Palette von Material, einschlie\u00dflich Metalle, Kunststoff, Keramik, Composites, Epoxide, Glas und andere Ultraschallwellen gut leitf\u00e4higen Materialien eingesetzt werden. Verschiedene Implus-K\u00f6pfe sind f\u00fcr spezielle Anwendungen erh\u00e4ltlich, auch f\u00fcr grobk\u00f6rniges Material und Hochtemperaturanwendungen.<\/p>\n<p>Die Schallgeschwindigkeit durch eine Substanz ist abh\u00e4ngig von ihrer Temperatur. Wenn die Materialien sich erw\u00e4rmen, nimmt die Schallgeschwindigkeit durch sie ab. Bei den meisten Anwendungen mit Oberfl\u00e4chentemperaturen von weniger als etwa 100 \u00b0C sind keine speziellen Verfahren zu beachten. Bei Temperaturen oberhalb dieses Punktes beginnt die \u00c4nderung der Schallgeschwindigkeit des zu messenden Materials eine sp\u00fcrbare Wirkung auf die Ultraschallmessung. Bei solchen erh\u00f6hten Temperaturen empfiehlt es sich, dass der Benutzer ein Kalibrierverfahren an einem Probenst\u00fcck mit bekannter Dicke durchf\u00fchrt, das bei oder nahe der Temperatur des zu messenden Materials liegt. Dies erm\u00f6glicht es dem Messger\u00e4t, die Schallgeschwindigkeit durch das hei\u00dfe Material korrekt zu berechnen.<\/p>\n<h2>Dickenmessger\u00e4t Eigenschaften<\/h2>\n<ul>\n<li type=\"disc\">Betriebstemperatur: -20 bis 60 \u00b0C<\/li>\n<li type=\"disc\">Relative Feuchtigkeit: &lt;=90 RF<\/li>\n<li type=\"disc\">Multi-Mode: Pulse-Echo-Modus (P-E-Modus) und Echo-Echo-Modus (E-E-Modus). Im Echo-Echo-Modus kann von der Wanddicke die Farbe oder Beschichtungsdicke eliminiert werden.<\/li>\n<li type=\"disc\">Breiter Messbereich: Pulse-Echo mode: (0.65 bis 600)mm (in Stahl). Echo-Echo mode: (2.5 bis 100)mm<\/li>\n<li type=\"disc\">V-Pfad-Korrektur, um die Nichtlinearit\u00e4t der Sonde zu kompensieren<\/li>\n<li type=\"disc\">Farb-TFT-Display (320 \u00d7 240 TFT LCD) mit verstellbarer Hintergrundbeleuchtung<\/li>\n<li type=\"disc\">Nicht-fl\u00fcchtiger Speicher kann 100 Testpr\u00fcfdicken speichern. Einhundert Aufzeichnungen max f\u00fcr jede Gruppe.<\/li>\n<li type=\"disc\">Zwei AA Alkalibatterien als Stromquelle. Ununterbrochene Betriebsdauer von mindestens 100 Stunden (Standard-Helligkeitseinstellung). Standby- und Auto-Power-Off-Funktionen zum Spahren von Stromversorgung.<\/li>\n<li type=\"disc\">Bluetooth-Modul<\/li>\n<\/ul>\n","protected":false},"excerpt":{"rendered":"<p>Multimode-Ultraschall-Dickenmessger\u00e4t<\/p>\n","protected":false},"featured_media":9025,"template":"","meta":{"_crdt_document":""},"product_brand":[],"product_cat":[312,180],"product_tag":[],"class_list":{"0":"post-9027","1":"product","2":"type-product","3":"status-publish","4":"has-post-thumbnail","6":"product_cat-dicke","7":"product_cat-messung","9":"first","10":"instock","11":"taxable","12":"shipping-taxable","13":"product-type-simple"},"yoast_head":"<!-- This site is optimized with the Yoast SEO plugin v27.3 - https:\/\/yoast.com\/product\/yoast-seo-wordpress\/ -->\n<title>Multimode-Ultraschall-Dickenmessger\u00e4t MT660 - Sysmatec<\/title>\n<meta name=\"description\" content=\"Ultraschall-Dickenmessger\u00e4t. Funktioniert im Einzelecho- oder Echo-Echo-Modus. Letzteres erm\u00f6glicht Ihnen, die Dicke eines Gem\u00e4ldes zu subtrahieren.\" \/>\n<meta name=\"robots\" content=\"index, follow, max-snippet:-1, max-image-preview:large, max-video-preview:-1\" \/>\n<link rel=\"canonical\" href=\"https:\/\/sysmatec.ch\/de\/produit\/multimode-ultraschall-dickenmessgeraet-mt660\/\" \/>\n<meta property=\"og:locale\" content=\"de_DE\" \/>\n<meta property=\"og:type\" content=\"article\" \/>\n<meta property=\"og:title\" content=\"Multimode-Ultraschall-Dickenmessger\u00e4t MT660 - Sysmatec\" \/>\n<meta property=\"og:description\" content=\"Ultraschall-Dickenmessger\u00e4t. Funktioniert im Einzelecho- oder Echo-Echo-Modus. Letzteres erm\u00f6glicht Ihnen, die Dicke eines Gem\u00e4ldes zu subtrahieren.\" \/>\n<meta property=\"og:url\" content=\"https:\/\/sysmatec.ch\/de\/produit\/multimode-ultraschall-dickenmessgeraet-mt660\/\" \/>\n<meta property=\"og:site_name\" content=\"Sysmatec\" \/>\n<meta property=\"article:modified_time\" content=\"2021-12-12T16:35:57+00:00\" \/>\n<meta property=\"og:image\" content=\"https:\/\/sysmatec.ch\/wp-content\/uploads\/2019\/07\/Epaisseur_MitechMT660.jpg\" \/>\n\t<meta property=\"og:image:width\" content=\"184\" \/>\n\t<meta property=\"og:image:height\" content=\"184\" \/>\n\t<meta property=\"og:image:type\" content=\"image\/jpeg\" \/>\n<meta name=\"twitter:card\" content=\"summary_large_image\" \/>\n<meta name=\"twitter:label1\" content=\"Gesch\u00e4tzte Lesezeit\" \/>\n\t<meta name=\"twitter:data1\" content=\"2\u00a0Minuten\" \/>\n<script type=\"application\/ld+json\" class=\"yoast-schema-graph\">{\"@context\":\"https:\\\/\\\/schema.org\",\"@graph\":[{\"@type\":\"WebPage\",\"@id\":\"https:\\\/\\\/sysmatec.ch\\\/de\\\/produit\\\/multimode-ultraschall-dickenmessgeraet-mt660\\\/\",\"url\":\"https:\\\/\\\/sysmatec.ch\\\/de\\\/produit\\\/multimode-ultraschall-dickenmessgeraet-mt660\\\/\",\"name\":\"Multimode-Ultraschall-Dickenmessger\u00e4t MT660 - Sysmatec\",\"isPartOf\":{\"@id\":\"https:\\\/\\\/sysmatec.ch\\\/de\\\/#website\"},\"primaryImageOfPage\":{\"@id\":\"https:\\\/\\\/sysmatec.ch\\\/de\\\/produit\\\/multimode-ultraschall-dickenmessgeraet-mt660\\\/#primaryimage\"},\"image\":{\"@id\":\"https:\\\/\\\/sysmatec.ch\\\/de\\\/produit\\\/multimode-ultraschall-dickenmessgeraet-mt660\\\/#primaryimage\"},\"thumbnailUrl\":\"https:\\\/\\\/sysmatec.ch\\\/wp-content\\\/uploads\\\/2019\\\/07\\\/Epaisseur_MitechMT660.jpg\",\"datePublished\":\"2019-07-13T13:08:35+00:00\",\"dateModified\":\"2021-12-12T16:35:57+00:00\",\"description\":\"Ultraschall-Dickenmessger\u00e4t. Funktioniert im Einzelecho- oder Echo-Echo-Modus. Letzteres erm\u00f6glicht Ihnen, die Dicke eines Gem\u00e4ldes zu subtrahieren.\",\"breadcrumb\":{\"@id\":\"https:\\\/\\\/sysmatec.ch\\\/de\\\/produit\\\/multimode-ultraschall-dickenmessgeraet-mt660\\\/#breadcrumb\"},\"inLanguage\":\"de\",\"potentialAction\":[{\"@type\":\"ReadAction\",\"target\":[\"https:\\\/\\\/sysmatec.ch\\\/de\\\/produit\\\/multimode-ultraschall-dickenmessgeraet-mt660\\\/\"]}]},{\"@type\":\"ImageObject\",\"inLanguage\":\"de\",\"@id\":\"https:\\\/\\\/sysmatec.ch\\\/de\\\/produit\\\/multimode-ultraschall-dickenmessgeraet-mt660\\\/#primaryimage\",\"url\":\"https:\\\/\\\/sysmatec.ch\\\/wp-content\\\/uploads\\\/2019\\\/07\\\/Epaisseur_MitechMT660.jpg\",\"contentUrl\":\"https:\\\/\\\/sysmatec.ch\\\/wp-content\\\/uploads\\\/2019\\\/07\\\/Epaisseur_MitechMT660.jpg\",\"width\":184,\"height\":184},{\"@type\":\"BreadcrumbList\",\"@id\":\"https:\\\/\\\/sysmatec.ch\\\/de\\\/produit\\\/multimode-ultraschall-dickenmessgeraet-mt660\\\/#breadcrumb\",\"itemListElement\":[{\"@type\":\"ListItem\",\"position\":1,\"name\":\"Accueil\",\"item\":\"https:\\\/\\\/sysmatec.ch\\\/de\\\/\"},{\"@type\":\"ListItem\",\"position\":2,\"name\":\"Die Aktivit\u00e4t von Sysmatec\",\"item\":\"https:\\\/\\\/sysmatec.ch\\\/de\\\/\"},{\"@type\":\"ListItem\",\"position\":3,\"name\":\"Multimode-Ultraschall-Dickenmessger\u00e4t MT660\"}]},{\"@type\":\"WebSite\",\"@id\":\"https:\\\/\\\/sysmatec.ch\\\/de\\\/#website\",\"url\":\"https:\\\/\\\/sysmatec.ch\\\/de\\\/\",\"name\":\"Sysmatec\",\"description\":\"Equipement de laboratoire et logiciels\",\"publisher\":{\"@id\":\"https:\\\/\\\/sysmatec.ch\\\/de\\\/#organization\"},\"potentialAction\":[{\"@type\":\"SearchAction\",\"target\":{\"@type\":\"EntryPoint\",\"urlTemplate\":\"https:\\\/\\\/sysmatec.ch\\\/de\\\/?s={search_term_string}\"},\"query-input\":{\"@type\":\"PropertyValueSpecification\",\"valueRequired\":true,\"valueName\":\"search_term_string\"}}],\"inLanguage\":\"de\"},{\"@type\":\"Organization\",\"@id\":\"https:\\\/\\\/sysmatec.ch\\\/de\\\/#organization\",\"name\":\"Sysmatec\",\"url\":\"https:\\\/\\\/sysmatec.ch\\\/de\\\/\",\"logo\":{\"@type\":\"ImageObject\",\"inLanguage\":\"de\",\"@id\":\"https:\\\/\\\/sysmatec.ch\\\/de\\\/#\\\/schema\\\/logo\\\/image\\\/\",\"url\":\"https:\\\/\\\/sysmatec.ch\\\/wp-content\\\/uploads\\\/2018\\\/11\\\/LogoSysmatec.jpg\",\"contentUrl\":\"https:\\\/\\\/sysmatec.ch\\\/wp-content\\\/uploads\\\/2018\\\/11\\\/LogoSysmatec.jpg\",\"width\":301,\"height\":297,\"caption\":\"Sysmatec\"},\"image\":{\"@id\":\"https:\\\/\\\/sysmatec.ch\\\/de\\\/#\\\/schema\\\/logo\\\/image\\\/\"}}]}<\/script>\n<!-- \/ Yoast SEO plugin. -->","yoast_head_json":{"title":"Multimode-Ultraschall-Dickenmessger\u00e4t MT660 - Sysmatec","description":"Ultraschall-Dickenmessger\u00e4t. Funktioniert im Einzelecho- oder Echo-Echo-Modus. Letzteres erm\u00f6glicht Ihnen, die Dicke eines Gem\u00e4ldes zu subtrahieren.","robots":{"index":"index","follow":"follow","max-snippet":"max-snippet:-1","max-image-preview":"max-image-preview:large","max-video-preview":"max-video-preview:-1"},"canonical":"https:\/\/sysmatec.ch\/de\/produit\/multimode-ultraschall-dickenmessgeraet-mt660\/","og_locale":"de_DE","og_type":"article","og_title":"Multimode-Ultraschall-Dickenmessger\u00e4t MT660 - Sysmatec","og_description":"Ultraschall-Dickenmessger\u00e4t. Funktioniert im Einzelecho- oder Echo-Echo-Modus. Letzteres erm\u00f6glicht Ihnen, die Dicke eines Gem\u00e4ldes zu subtrahieren.","og_url":"https:\/\/sysmatec.ch\/de\/produit\/multimode-ultraschall-dickenmessgeraet-mt660\/","og_site_name":"Sysmatec","article_modified_time":"2021-12-12T16:35:57+00:00","og_image":[{"width":184,"height":184,"url":"https:\/\/sysmatec.ch\/wp-content\/uploads\/2019\/07\/Epaisseur_MitechMT660.jpg","type":"image\/jpeg"}],"twitter_card":"summary_large_image","twitter_misc":{"Gesch\u00e4tzte Lesezeit":"2\u00a0Minuten"},"schema":{"@context":"https:\/\/schema.org","@graph":[{"@type":"WebPage","@id":"https:\/\/sysmatec.ch\/de\/produit\/multimode-ultraschall-dickenmessgeraet-mt660\/","url":"https:\/\/sysmatec.ch\/de\/produit\/multimode-ultraschall-dickenmessgeraet-mt660\/","name":"Multimode-Ultraschall-Dickenmessger\u00e4t MT660 - Sysmatec","isPartOf":{"@id":"https:\/\/sysmatec.ch\/de\/#website"},"primaryImageOfPage":{"@id":"https:\/\/sysmatec.ch\/de\/produit\/multimode-ultraschall-dickenmessgeraet-mt660\/#primaryimage"},"image":{"@id":"https:\/\/sysmatec.ch\/de\/produit\/multimode-ultraschall-dickenmessgeraet-mt660\/#primaryimage"},"thumbnailUrl":"https:\/\/sysmatec.ch\/wp-content\/uploads\/2019\/07\/Epaisseur_MitechMT660.jpg","datePublished":"2019-07-13T13:08:35+00:00","dateModified":"2021-12-12T16:35:57+00:00","description":"Ultraschall-Dickenmessger\u00e4t. Funktioniert im Einzelecho- oder Echo-Echo-Modus. Letzteres erm\u00f6glicht Ihnen, die Dicke eines Gem\u00e4ldes zu subtrahieren.","breadcrumb":{"@id":"https:\/\/sysmatec.ch\/de\/produit\/multimode-ultraschall-dickenmessgeraet-mt660\/#breadcrumb"},"inLanguage":"de","potentialAction":[{"@type":"ReadAction","target":["https:\/\/sysmatec.ch\/de\/produit\/multimode-ultraschall-dickenmessgeraet-mt660\/"]}]},{"@type":"ImageObject","inLanguage":"de","@id":"https:\/\/sysmatec.ch\/de\/produit\/multimode-ultraschall-dickenmessgeraet-mt660\/#primaryimage","url":"https:\/\/sysmatec.ch\/wp-content\/uploads\/2019\/07\/Epaisseur_MitechMT660.jpg","contentUrl":"https:\/\/sysmatec.ch\/wp-content\/uploads\/2019\/07\/Epaisseur_MitechMT660.jpg","width":184,"height":184},{"@type":"BreadcrumbList","@id":"https:\/\/sysmatec.ch\/de\/produit\/multimode-ultraschall-dickenmessgeraet-mt660\/#breadcrumb","itemListElement":[{"@type":"ListItem","position":1,"name":"Accueil","item":"https:\/\/sysmatec.ch\/de\/"},{"@type":"ListItem","position":2,"name":"Die Aktivit\u00e4t von Sysmatec","item":"https:\/\/sysmatec.ch\/de\/"},{"@type":"ListItem","position":3,"name":"Multimode-Ultraschall-Dickenmessger\u00e4t MT660"}]},{"@type":"WebSite","@id":"https:\/\/sysmatec.ch\/de\/#website","url":"https:\/\/sysmatec.ch\/de\/","name":"Sysmatec","description":"Equipement de laboratoire et logiciels","publisher":{"@id":"https:\/\/sysmatec.ch\/de\/#organization"},"potentialAction":[{"@type":"SearchAction","target":{"@type":"EntryPoint","urlTemplate":"https:\/\/sysmatec.ch\/de\/?s={search_term_string}"},"query-input":{"@type":"PropertyValueSpecification","valueRequired":true,"valueName":"search_term_string"}}],"inLanguage":"de"},{"@type":"Organization","@id":"https:\/\/sysmatec.ch\/de\/#organization","name":"Sysmatec","url":"https:\/\/sysmatec.ch\/de\/","logo":{"@type":"ImageObject","inLanguage":"de","@id":"https:\/\/sysmatec.ch\/de\/#\/schema\/logo\/image\/","url":"https:\/\/sysmatec.ch\/wp-content\/uploads\/2018\/11\/LogoSysmatec.jpg","contentUrl":"https:\/\/sysmatec.ch\/wp-content\/uploads\/2018\/11\/LogoSysmatec.jpg","width":301,"height":297,"caption":"Sysmatec"},"image":{"@id":"https:\/\/sysmatec.ch\/de\/#\/schema\/logo\/image\/"}}]}},"_links":{"self":[{"href":"https:\/\/sysmatec.ch\/de\/wp-json\/wp\/v2\/product\/9027","targetHints":{"allow":["GET"]}}],"collection":[{"href":"https:\/\/sysmatec.ch\/de\/wp-json\/wp\/v2\/product"}],"about":[{"href":"https:\/\/sysmatec.ch\/de\/wp-json\/wp\/v2\/types\/product"}],"wp:featuredmedia":[{"embeddable":true,"href":"https:\/\/sysmatec.ch\/de\/wp-json\/wp\/v2\/media\/9025"}],"wp:attachment":[{"href":"https:\/\/sysmatec.ch\/de\/wp-json\/wp\/v2\/media?parent=9027"}],"wp:term":[{"taxonomy":"product_brand","embeddable":true,"href":"https:\/\/sysmatec.ch\/de\/wp-json\/wp\/v2\/product_brand?post=9027"},{"taxonomy":"product_cat","embeddable":true,"href":"https:\/\/sysmatec.ch\/de\/wp-json\/wp\/v2\/product_cat?post=9027"},{"taxonomy":"product_tag","embeddable":true,"href":"https:\/\/sysmatec.ch\/de\/wp-json\/wp\/v2\/product_tag?post=9027"}],"curies":[{"name":"wp","href":"https:\/\/api.w.org\/{rel}","templated":true}]}}