{"id":8989,"date":"2019-07-12T15:41:44","date_gmt":"2019-07-12T13:41:44","guid":{"rendered":"https:\/\/sysmatec.ch\/produit\/testeur-de-rugosite-de-surface-mr200\/"},"modified":"2021-12-12T19:03:46","modified_gmt":"2021-12-12T18:03:46","slug":"oberflaechenrauigkeitspruefgeraet-mr200","status":"publish","type":"product","link":"https:\/\/sysmatec.ch\/de\/Produkt\/oberflaechenrauigkeitspruefgeraet-mr200\/","title":{"rendered":"Oberfl\u00e4chenrauigkeitspr\u00fcfger\u00e4t MR200"},"content":{"rendered":"<p>Dieses Instrument verwendet das Scannen einer Nadel Verfahren zum, um die Oberfl\u00e4chenrauhigkeit des zu messenden Werkst\u00fccks zu untersuchen. Um die Rauhigkeit der Oberfl\u00e4che des Werkst\u00fccks zu messen, wird die Sonde auf der Oberfl\u00e4che des Werkst\u00fccks platziert und bewegt sich dann in seine Fl\u00e4che. Die Sonde misst die Oberfl\u00e4chenrauheit mit einem scharfen Stift auf der Sonde. Die Rauheit verursacht die Verschiebung der Sonde, die in einer \u00c4nderung des Induktivit\u00e4tswert der Induktionsspulen f\u00fchrt, wodurch ein Analogsignal erzeugt, das an die Oberfl\u00e4chenrauigkeit proportional ist. Die gesammelten Daten werden von digitalen Filtern verarbeitet und das Ergebnis wird auf dem OLED-Bildschirm angezeigt. Die Ergebnisse k\u00f6nnen mit dem Bluetooth-Drucker gedruckt werden.<\/p>\n<h2>Oberfl\u00e4chenrauigkeitspr\u00fcfger\u00e4t Spezifikationen<\/h2>\n<ul>\n<li type=\"disc\">28 Me\u00dfparameter Ra, Rq, Rz, Rt, Rp, Rv, RS, RSm, Rz (JIS), Ry (JIS), Rsk, R3z, Rmax, RPc, Rmr, Rku, Ra, Rq, Rcc, Ry ; Rk, Rpk, RVK, Mr1, Mr2, A1, A2, V0<\/li>\n<li type=\"disc\">Verwendet eine hochpr\u00e4zise Induktivit\u00e4tssonde von 320\u03bcm<\/li>\n<li type=\"disc\">Vier Methoden zum Filtern von RC, PC-RC, GAUSS, D-P<\/li>\n<li type=\"disc\">Kompatibel mit vier ISO, DIN, ANSI, JIS Standards<\/li>\n<li type=\"disc\">2.7-Zoll-OLED-Display mit 128 \u00d7 64 Punkten, ohne Hintergrundbeleuchtung und neutral. Anzeige aller Parameter, Profildiagramm und Men\u00fc in Englisch<\/li>\n<li type=\"disc\">Speicher f\u00fcr 20 S\u00e4tze kompletter Messdaten<\/li>\n<li type=\"disc\">Externe SD-Karte kann den Datenspeicher erweitern<\/li>\n<li type=\"disc\">Eingebautes kabelloses Fernsteuermodul f\u00fcr die Fernmessung<\/li>\n<li type=\"disc\">Kann mit dem Bluetooth-Drucker verbunden werden, um alle Einstellungen und Profile zu drucken<\/li>\n<li type=\"disc\">Micro-USB-Anschluss zur Kommunikation mit einem PC zur Analyse von Messergebnissen durch eine Datenverarbeitungssoftware<\/li>\n<li type=\"disc\">Integrierte Lithium-Polymer-Akkus und Ladeschutzschaltung<\/li>\n<li type=\"disc\">Komplettes Zubeh\u00f6r, Optionen f\u00fcr Kurvenfl\u00e4chensonde, Grobsonde, Sonde f\u00fcr kleine L\u00f6cher, &#8230;<\/li>\n<\/ul>\n","protected":false},"excerpt":{"rendered":"<p>Oberfl\u00e4chenrauigkeitspr\u00fcfger\u00e4t<\/p>\n","protected":false},"featured_media":8981,"template":"","meta":{"_crdt_document":""},"product_brand":[],"product_cat":[312,180],"product_tag":[],"class_list":{"0":"post-8989","1":"product","2":"type-product","3":"status-publish","4":"has-post-thumbnail","6":"product_cat-dicke","7":"product_cat-messung","9":"first","10":"instock","11":"taxable","12":"shipping-taxable","13":"product-type-simple"},"yoast_head":"<!-- This site is optimized with the Yoast SEO plugin v27.3 - https:\/\/yoast.com\/product\/yoast-seo-wordpress\/ -->\n<title>Oberfl\u00e4chenrauigkeitspr\u00fcfger\u00e4t MR200 - Sysmatec<\/title>\n<meta name=\"description\" content=\"Messen Sie die Rauheit einer Oberfl\u00e4che mit einem Stift, der sich \u00fcber die Oberfl\u00e4che bewegt. Kompatibel mit ISO-, DIN-, ANSI-, JIS-Standards.\" \/>\n<meta name=\"robots\" content=\"index, follow, max-snippet:-1, max-image-preview:large, max-video-preview:-1\" \/>\n<link rel=\"canonical\" href=\"https:\/\/sysmatec.ch\/de\/produit\/oberflaechenrauigkeitspruefgeraet-mr200\/\" \/>\n<meta property=\"og:locale\" content=\"de_DE\" \/>\n<meta property=\"og:type\" content=\"article\" \/>\n<meta property=\"og:title\" content=\"Oberfl\u00e4chenrauigkeitspr\u00fcfger\u00e4t MR200 - Sysmatec\" \/>\n<meta property=\"og:description\" content=\"Messen Sie die Rauheit einer Oberfl\u00e4che mit einem Stift, der sich \u00fcber die Oberfl\u00e4che bewegt. Kompatibel mit ISO-, DIN-, ANSI-, JIS-Standards.\" \/>\n<meta property=\"og:url\" content=\"https:\/\/sysmatec.ch\/de\/produit\/oberflaechenrauigkeitspruefgeraet-mr200\/\" \/>\n<meta property=\"og:site_name\" content=\"Sysmatec\" \/>\n<meta property=\"article:modified_time\" content=\"2021-12-12T18:03:46+00:00\" \/>\n<meta property=\"og:image\" content=\"https:\/\/sysmatec.ch\/wp-content\/uploads\/2019\/07\/Epaisseur_MitechMR200.jpg\" \/>\n\t<meta property=\"og:image:width\" content=\"188\" \/>\n\t<meta property=\"og:image:height\" content=\"188\" \/>\n\t<meta property=\"og:image:type\" content=\"image\/jpeg\" \/>\n<meta name=\"twitter:card\" content=\"summary_large_image\" \/>\n<meta name=\"twitter:label1\" content=\"Gesch\u00e4tzte Lesezeit\" \/>\n\t<meta name=\"twitter:data1\" content=\"2\u00a0Minuten\" \/>\n<script type=\"application\/ld+json\" class=\"yoast-schema-graph\">{\"@context\":\"https:\\\/\\\/schema.org\",\"@graph\":[{\"@type\":\"WebPage\",\"@id\":\"https:\\\/\\\/sysmatec.ch\\\/de\\\/produit\\\/oberflaechenrauigkeitspruefgeraet-mr200\\\/\",\"url\":\"https:\\\/\\\/sysmatec.ch\\\/de\\\/produit\\\/oberflaechenrauigkeitspruefgeraet-mr200\\\/\",\"name\":\"Oberfl\u00e4chenrauigkeitspr\u00fcfger\u00e4t MR200 - Sysmatec\",\"isPartOf\":{\"@id\":\"https:\\\/\\\/sysmatec.ch\\\/de\\\/#website\"},\"primaryImageOfPage\":{\"@id\":\"https:\\\/\\\/sysmatec.ch\\\/de\\\/produit\\\/oberflaechenrauigkeitspruefgeraet-mr200\\\/#primaryimage\"},\"image\":{\"@id\":\"https:\\\/\\\/sysmatec.ch\\\/de\\\/produit\\\/oberflaechenrauigkeitspruefgeraet-mr200\\\/#primaryimage\"},\"thumbnailUrl\":\"https:\\\/\\\/sysmatec.ch\\\/wp-content\\\/uploads\\\/2019\\\/07\\\/Epaisseur_MitechMR200.jpg\",\"datePublished\":\"2019-07-12T13:41:44+00:00\",\"dateModified\":\"2021-12-12T18:03:46+00:00\",\"description\":\"Messen Sie die Rauheit einer Oberfl\u00e4che mit einem Stift, der sich \u00fcber die Oberfl\u00e4che bewegt. Kompatibel mit ISO-, DIN-, ANSI-, JIS-Standards.\",\"breadcrumb\":{\"@id\":\"https:\\\/\\\/sysmatec.ch\\\/de\\\/produit\\\/oberflaechenrauigkeitspruefgeraet-mr200\\\/#breadcrumb\"},\"inLanguage\":\"de\",\"potentialAction\":[{\"@type\":\"ReadAction\",\"target\":[\"https:\\\/\\\/sysmatec.ch\\\/de\\\/produit\\\/oberflaechenrauigkeitspruefgeraet-mr200\\\/\"]}]},{\"@type\":\"ImageObject\",\"inLanguage\":\"de\",\"@id\":\"https:\\\/\\\/sysmatec.ch\\\/de\\\/produit\\\/oberflaechenrauigkeitspruefgeraet-mr200\\\/#primaryimage\",\"url\":\"https:\\\/\\\/sysmatec.ch\\\/wp-content\\\/uploads\\\/2019\\\/07\\\/Epaisseur_MitechMR200.jpg\",\"contentUrl\":\"https:\\\/\\\/sysmatec.ch\\\/wp-content\\\/uploads\\\/2019\\\/07\\\/Epaisseur_MitechMR200.jpg\",\"width\":188,\"height\":188},{\"@type\":\"BreadcrumbList\",\"@id\":\"https:\\\/\\\/sysmatec.ch\\\/de\\\/produit\\\/oberflaechenrauigkeitspruefgeraet-mr200\\\/#breadcrumb\",\"itemListElement\":[{\"@type\":\"ListItem\",\"position\":1,\"name\":\"Accueil\",\"item\":\"https:\\\/\\\/sysmatec.ch\\\/de\\\/\"},{\"@type\":\"ListItem\",\"position\":2,\"name\":\"Die Aktivit\u00e4t von Sysmatec\",\"item\":\"https:\\\/\\\/sysmatec.ch\\\/de\\\/\"},{\"@type\":\"ListItem\",\"position\":3,\"name\":\"Oberfl\u00e4chenrauigkeitspr\u00fcfger\u00e4t MR200\"}]},{\"@type\":\"WebSite\",\"@id\":\"https:\\\/\\\/sysmatec.ch\\\/de\\\/#website\",\"url\":\"https:\\\/\\\/sysmatec.ch\\\/de\\\/\",\"name\":\"Sysmatec\",\"description\":\"Equipement de laboratoire et logiciels\",\"publisher\":{\"@id\":\"https:\\\/\\\/sysmatec.ch\\\/de\\\/#organization\"},\"potentialAction\":[{\"@type\":\"SearchAction\",\"target\":{\"@type\":\"EntryPoint\",\"urlTemplate\":\"https:\\\/\\\/sysmatec.ch\\\/de\\\/?s={search_term_string}\"},\"query-input\":{\"@type\":\"PropertyValueSpecification\",\"valueRequired\":true,\"valueName\":\"search_term_string\"}}],\"inLanguage\":\"de\"},{\"@type\":\"Organization\",\"@id\":\"https:\\\/\\\/sysmatec.ch\\\/de\\\/#organization\",\"name\":\"Sysmatec\",\"url\":\"https:\\\/\\\/sysmatec.ch\\\/de\\\/\",\"logo\":{\"@type\":\"ImageObject\",\"inLanguage\":\"de\",\"@id\":\"https:\\\/\\\/sysmatec.ch\\\/de\\\/#\\\/schema\\\/logo\\\/image\\\/\",\"url\":\"https:\\\/\\\/sysmatec.ch\\\/wp-content\\\/uploads\\\/2018\\\/11\\\/LogoSysmatec.jpg\",\"contentUrl\":\"https:\\\/\\\/sysmatec.ch\\\/wp-content\\\/uploads\\\/2018\\\/11\\\/LogoSysmatec.jpg\",\"width\":301,\"height\":297,\"caption\":\"Sysmatec\"},\"image\":{\"@id\":\"https:\\\/\\\/sysmatec.ch\\\/de\\\/#\\\/schema\\\/logo\\\/image\\\/\"}}]}<\/script>\n<!-- \/ Yoast SEO plugin. -->","yoast_head_json":{"title":"Oberfl\u00e4chenrauigkeitspr\u00fcfger\u00e4t MR200 - Sysmatec","description":"Messen Sie die Rauheit einer Oberfl\u00e4che mit einem Stift, der sich \u00fcber die Oberfl\u00e4che bewegt. Kompatibel mit ISO-, DIN-, ANSI-, JIS-Standards.","robots":{"index":"index","follow":"follow","max-snippet":"max-snippet:-1","max-image-preview":"max-image-preview:large","max-video-preview":"max-video-preview:-1"},"canonical":"https:\/\/sysmatec.ch\/de\/produit\/oberflaechenrauigkeitspruefgeraet-mr200\/","og_locale":"de_DE","og_type":"article","og_title":"Oberfl\u00e4chenrauigkeitspr\u00fcfger\u00e4t MR200 - Sysmatec","og_description":"Messen Sie die Rauheit einer Oberfl\u00e4che mit einem Stift, der sich \u00fcber die Oberfl\u00e4che bewegt. Kompatibel mit ISO-, DIN-, ANSI-, JIS-Standards.","og_url":"https:\/\/sysmatec.ch\/de\/produit\/oberflaechenrauigkeitspruefgeraet-mr200\/","og_site_name":"Sysmatec","article_modified_time":"2021-12-12T18:03:46+00:00","og_image":[{"width":188,"height":188,"url":"https:\/\/sysmatec.ch\/wp-content\/uploads\/2019\/07\/Epaisseur_MitechMR200.jpg","type":"image\/jpeg"}],"twitter_card":"summary_large_image","twitter_misc":{"Gesch\u00e4tzte Lesezeit":"2\u00a0Minuten"},"schema":{"@context":"https:\/\/schema.org","@graph":[{"@type":"WebPage","@id":"https:\/\/sysmatec.ch\/de\/produit\/oberflaechenrauigkeitspruefgeraet-mr200\/","url":"https:\/\/sysmatec.ch\/de\/produit\/oberflaechenrauigkeitspruefgeraet-mr200\/","name":"Oberfl\u00e4chenrauigkeitspr\u00fcfger\u00e4t MR200 - Sysmatec","isPartOf":{"@id":"https:\/\/sysmatec.ch\/de\/#website"},"primaryImageOfPage":{"@id":"https:\/\/sysmatec.ch\/de\/produit\/oberflaechenrauigkeitspruefgeraet-mr200\/#primaryimage"},"image":{"@id":"https:\/\/sysmatec.ch\/de\/produit\/oberflaechenrauigkeitspruefgeraet-mr200\/#primaryimage"},"thumbnailUrl":"https:\/\/sysmatec.ch\/wp-content\/uploads\/2019\/07\/Epaisseur_MitechMR200.jpg","datePublished":"2019-07-12T13:41:44+00:00","dateModified":"2021-12-12T18:03:46+00:00","description":"Messen Sie die Rauheit einer Oberfl\u00e4che mit einem Stift, der sich \u00fcber die Oberfl\u00e4che bewegt. Kompatibel mit ISO-, DIN-, ANSI-, JIS-Standards.","breadcrumb":{"@id":"https:\/\/sysmatec.ch\/de\/produit\/oberflaechenrauigkeitspruefgeraet-mr200\/#breadcrumb"},"inLanguage":"de","potentialAction":[{"@type":"ReadAction","target":["https:\/\/sysmatec.ch\/de\/produit\/oberflaechenrauigkeitspruefgeraet-mr200\/"]}]},{"@type":"ImageObject","inLanguage":"de","@id":"https:\/\/sysmatec.ch\/de\/produit\/oberflaechenrauigkeitspruefgeraet-mr200\/#primaryimage","url":"https:\/\/sysmatec.ch\/wp-content\/uploads\/2019\/07\/Epaisseur_MitechMR200.jpg","contentUrl":"https:\/\/sysmatec.ch\/wp-content\/uploads\/2019\/07\/Epaisseur_MitechMR200.jpg","width":188,"height":188},{"@type":"BreadcrumbList","@id":"https:\/\/sysmatec.ch\/de\/produit\/oberflaechenrauigkeitspruefgeraet-mr200\/#breadcrumb","itemListElement":[{"@type":"ListItem","position":1,"name":"Accueil","item":"https:\/\/sysmatec.ch\/de\/"},{"@type":"ListItem","position":2,"name":"Die Aktivit\u00e4t von Sysmatec","item":"https:\/\/sysmatec.ch\/de\/"},{"@type":"ListItem","position":3,"name":"Oberfl\u00e4chenrauigkeitspr\u00fcfger\u00e4t MR200"}]},{"@type":"WebSite","@id":"https:\/\/sysmatec.ch\/de\/#website","url":"https:\/\/sysmatec.ch\/de\/","name":"Sysmatec","description":"Equipement de laboratoire et logiciels","publisher":{"@id":"https:\/\/sysmatec.ch\/de\/#organization"},"potentialAction":[{"@type":"SearchAction","target":{"@type":"EntryPoint","urlTemplate":"https:\/\/sysmatec.ch\/de\/?s={search_term_string}"},"query-input":{"@type":"PropertyValueSpecification","valueRequired":true,"valueName":"search_term_string"}}],"inLanguage":"de"},{"@type":"Organization","@id":"https:\/\/sysmatec.ch\/de\/#organization","name":"Sysmatec","url":"https:\/\/sysmatec.ch\/de\/","logo":{"@type":"ImageObject","inLanguage":"de","@id":"https:\/\/sysmatec.ch\/de\/#\/schema\/logo\/image\/","url":"https:\/\/sysmatec.ch\/wp-content\/uploads\/2018\/11\/LogoSysmatec.jpg","contentUrl":"https:\/\/sysmatec.ch\/wp-content\/uploads\/2018\/11\/LogoSysmatec.jpg","width":301,"height":297,"caption":"Sysmatec"},"image":{"@id":"https:\/\/sysmatec.ch\/de\/#\/schema\/logo\/image\/"}}]}},"_links":{"self":[{"href":"https:\/\/sysmatec.ch\/de\/wp-json\/wp\/v2\/product\/8989","targetHints":{"allow":["GET"]}}],"collection":[{"href":"https:\/\/sysmatec.ch\/de\/wp-json\/wp\/v2\/product"}],"about":[{"href":"https:\/\/sysmatec.ch\/de\/wp-json\/wp\/v2\/types\/product"}],"wp:featuredmedia":[{"embeddable":true,"href":"https:\/\/sysmatec.ch\/de\/wp-json\/wp\/v2\/media\/8981"}],"wp:attachment":[{"href":"https:\/\/sysmatec.ch\/de\/wp-json\/wp\/v2\/media?parent=8989"}],"wp:term":[{"taxonomy":"product_brand","embeddable":true,"href":"https:\/\/sysmatec.ch\/de\/wp-json\/wp\/v2\/product_brand?post=8989"},{"taxonomy":"product_cat","embeddable":true,"href":"https:\/\/sysmatec.ch\/de\/wp-json\/wp\/v2\/product_cat?post=8989"},{"taxonomy":"product_tag","embeddable":true,"href":"https:\/\/sysmatec.ch\/de\/wp-json\/wp\/v2\/product_tag?post=8989"}],"curies":[{"name":"wp","href":"https:\/\/api.w.org\/{rel}","templated":true}]}}