{"id":8983,"date":"2019-07-12T15:29:36","date_gmt":"2019-07-12T13:29:36","guid":{"rendered":"https:\/\/sysmatec.ch\/produit\/appareil-digital-de-mesure-depaisseur-de-revetement-mct200\/"},"modified":"2019-07-12T15:33:26","modified_gmt":"2019-07-12T13:33:26","slug":"appareil-digital-de-mesure-depaisseur-de-revetement-mct200","status":"publish","type":"product","link":"https:\/\/sysmatec.ch\/de\/Produkt\/appareil-digital-de-mesure-depaisseur-de-revetement-mct200\/","title":{"rendered":"Digitales Schichtdickenmessger\u00e4t MCT200"},"content":{"rendered":"<p><span style=\"font-family: Arial,Helvetica,Geneva,Swiss,SunSans-Regular; font-size: small;\">Es ist f\u00fcr die zerst\u00f6rungsfreie, schnelle und genaue Messung der Dicke von Beschichtungen und Filmen konzipiert. Es ist in der metallverarbeitenden Industrie weit verbreitet. Der Messbereich liegt zwischen 0 und 10 Millimetern. Es ist ein gutes professionelles Pr\u00e4zisionsinstrument, um Produktionseffizienz und Herstellungsqualit\u00e4t zu verbessern.<\/span><\/p>\n<p><span style=\"font-family: Arial,Helvetica,Geneva,Swiss,SunSans-Regular; font-size: small;\">Die Messung basiert auf magnetischer Induktion und Wirbelstrom. Mit verschiedenen externen Sonden, kann das Messger\u00e4t zur Messung der Dicke der nichtmagnetischen Beschichtung auf einem magnetischen Metallsubstrat sowie der nicht leitenden Beschichtung auf einem nichtmagnetischen Metallsubstrat verwendet werden.<\/span><\/p>\n<p><span style=\"font-family: Arial,Helvetica,Geneva,Swiss,SunSans-Regular; font-size: small;\">Spezifikationen<\/span><\/p>\n<ul>\n<li type=\"disc\"><span style=\"font-family: Arial,Helvetica,Geneva,Swiss,SunSans-Regular; font-size: small;\">Betriebstemperatur: -10 \u00b0 C bis + 50 \u00b0 C<\/span><\/li>\n<li type=\"disc\"><span style=\"font-family: Arial,Helvetica,Geneva,Swiss,SunSans-Regular; font-size: small;\">Relative Luftfeuchtigkeit: &lt;= 90%<\/span><\/li>\n<li type=\"disc\"><span style=\"font-family: Arial,Helvetica,Geneva,Swiss,SunSans-Regular; font-size: small;\">Die Messumgebung sollte m\u00f6glichst frei von Vibrationen, starken Magnetfeldern, korrosiven Medien und Staub sein.<\/span><\/li>\n<li type=\"disc\"><span style=\"font-family: Arial,Helvetica,Geneva,Swiss,SunSans-Regular; font-size: small;\">F\u00fcnf verschiedene Sondenarten (F400, F1, F10, N1, CN02) stehen f\u00fcr verschiedene Anwendungen zur Verf\u00fcgung. Die F10-Sonde misst bis zu 10 mm. Abh\u00e4ngig von der Dicke ist es m\u00f6glich, die Dicke der nichtmagnetischen Beschichtung auf einem magnetischen Metallsubstrat sowie eine nichtleitende Beschichtung auf einem nichtmagnetischen Metallsubstrat zu messen.<\/span><\/li>\n<li type=\"disc\"><span style=\"font-family: Arial,Helvetica,Geneva,Swiss,SunSans-Regular; font-size: small;\">Zwei Kalibrierungsmethoden k\u00f6nnen auf das Messger\u00e4t angewendet werden.<\/span><\/li>\n<li type=\"disc\"><span style=\"font-family: Arial,Helvetica,Geneva,Swiss,SunSans-Regular; font-size: small;\">Zwei Messmodi: einfach oder kontinuierlich, modifizierbar.<\/span><\/li>\n<li type=\"disc\"><span style=\"font-family: Arial,Helvetica,Geneva,Swiss,SunSans-Regular; font-size: small;\">Die Messstatusanzeige zeigt den Messstatus an.<\/span><\/li>\n<li type=\"disc\"><span style=\"font-family: Arial,Helvetica,Geneva,Swiss,SunSans-Regular; font-size: small;\">Messwerte und Benutzerinformationen werden auf einem gro\u00dfen, gut ablesbaren LCD-Bildschirm angezeigt. Die Hintergrundbeleuchtung des Bildschirms gew\u00e4hrleistet ein einfaches Ablesen der Bildschirmdaten bei schlechten Lichtverh\u00e4ltnissen.<\/span><\/li>\n<li type=\"disc\"><span style=\"font-family: Arial,Helvetica,Geneva,Swiss,SunSans-Regular; font-size: small;\">Automatische Standby- und automatische Abschaltfunktion zur Verl\u00e4ngerung der Akkulaufzeit.<\/span><\/li>\n<li type=\"disc\"><span style=\"font-family: Arial,Helvetica,Geneva,Swiss,SunSans-Regular; font-size: small;\">USB1.1-Kommunikationsanschluss, optionale Software zur Verarbeitung von Daten aus dem Speicher des PCs.<\/span><\/li>\n<li type=\"disc\"><span style=\"font-family: Arial,Helvetica,Geneva,Swiss,SunSans-Regular; font-size: small;\">Die data-pro-Software kann Messungen, Archivierung, Analyse von Messdaten, Druck von Messberichten usw. durchf\u00fchren.<\/span><\/li>\n<li type=\"disc\"><span style=\"font-family: Arial,Helvetica,Geneva,Swiss,SunSans-Regular; font-size: small;\">Kommt in einem kompakten Aluminiumgeh\u00e4use.<\/span><\/li>\n<\/ul>\n","protected":false},"excerpt":{"rendered":"<p><span>Digitales Schichtdickenmessger\u00e4t<\/span><\/p>\n","protected":false},"featured_media":8978,"template":"","meta":{"_crdt_document":""},"product_brand":[],"product_cat":[312,180],"product_tag":[],"class_list":{"0":"post-8983","1":"product","2":"type-product","3":"status-publish","4":"has-post-thumbnail","6":"product_cat-dicke","7":"product_cat-messung","9":"first","10":"instock","11":"taxable","12":"shipping-taxable","13":"product-type-simple"},"yoast_head":"<!-- This site is optimized with the Yoast SEO plugin v27.3 - https:\/\/yoast.com\/product\/yoast-seo-wordpress\/ -->\n<title>Digitales Schichtdickenmessger\u00e4t MCT200 - Sysmatec<\/title>\n<meta name=\"robots\" content=\"index, follow, max-snippet:-1, max-image-preview:large, max-video-preview:-1\" \/>\n<link rel=\"canonical\" href=\"https:\/\/sysmatec.ch\/de\/produit\/appareil-digital-de-mesure-depaisseur-de-revetement-mct200\/\" \/>\n<meta property=\"og:locale\" content=\"de_DE\" \/>\n<meta property=\"og:type\" content=\"article\" \/>\n<meta property=\"og:title\" content=\"Digitales Schichtdickenmessger\u00e4t MCT200 - Sysmatec\" \/>\n<meta property=\"og:description\" content=\"Digitales Schichtdickenmessger\u00e4t\" \/>\n<meta property=\"og:url\" content=\"https:\/\/sysmatec.ch\/de\/produit\/appareil-digital-de-mesure-depaisseur-de-revetement-mct200\/\" \/>\n<meta property=\"og:site_name\" content=\"Sysmatec\" \/>\n<meta property=\"article:modified_time\" content=\"2019-07-12T13:33:26+00:00\" \/>\n<meta property=\"og:image\" content=\"https:\/\/sysmatec.ch\/wp-content\/uploads\/2019\/07\/Epaisseur_MitechMCT200.jpg\" \/>\n\t<meta property=\"og:image:width\" content=\"187\" \/>\n\t<meta property=\"og:image:height\" content=\"188\" \/>\n\t<meta property=\"og:image:type\" content=\"image\/jpeg\" \/>\n<meta name=\"twitter:card\" content=\"summary_large_image\" \/>\n<meta name=\"twitter:label1\" content=\"Gesch\u00e4tzte Lesezeit\" \/>\n\t<meta name=\"twitter:data1\" content=\"1\u00a0Minute\" \/>\n<script type=\"application\/ld+json\" class=\"yoast-schema-graph\">{\"@context\":\"https:\\\/\\\/schema.org\",\"@graph\":[{\"@type\":\"WebPage\",\"@id\":\"https:\\\/\\\/sysmatec.ch\\\/de\\\/produit\\\/appareil-digital-de-mesure-depaisseur-de-revetement-mct200\\\/\",\"url\":\"https:\\\/\\\/sysmatec.ch\\\/de\\\/produit\\\/appareil-digital-de-mesure-depaisseur-de-revetement-mct200\\\/\",\"name\":\"Digitales Schichtdickenmessger\u00e4t MCT200 - Sysmatec\",\"isPartOf\":{\"@id\":\"https:\\\/\\\/sysmatec.ch\\\/de\\\/#website\"},\"primaryImageOfPage\":{\"@id\":\"https:\\\/\\\/sysmatec.ch\\\/de\\\/produit\\\/appareil-digital-de-mesure-depaisseur-de-revetement-mct200\\\/#primaryimage\"},\"image\":{\"@id\":\"https:\\\/\\\/sysmatec.ch\\\/de\\\/produit\\\/appareil-digital-de-mesure-depaisseur-de-revetement-mct200\\\/#primaryimage\"},\"thumbnailUrl\":\"https:\\\/\\\/sysmatec.ch\\\/wp-content\\\/uploads\\\/2019\\\/07\\\/Epaisseur_MitechMCT200.jpg\",\"datePublished\":\"2019-07-12T13:29:36+00:00\",\"dateModified\":\"2019-07-12T13:33:26+00:00\",\"breadcrumb\":{\"@id\":\"https:\\\/\\\/sysmatec.ch\\\/de\\\/produit\\\/appareil-digital-de-mesure-depaisseur-de-revetement-mct200\\\/#breadcrumb\"},\"inLanguage\":\"de\",\"potentialAction\":[{\"@type\":\"ReadAction\",\"target\":[\"https:\\\/\\\/sysmatec.ch\\\/de\\\/produit\\\/appareil-digital-de-mesure-depaisseur-de-revetement-mct200\\\/\"]}]},{\"@type\":\"ImageObject\",\"inLanguage\":\"de\",\"@id\":\"https:\\\/\\\/sysmatec.ch\\\/de\\\/produit\\\/appareil-digital-de-mesure-depaisseur-de-revetement-mct200\\\/#primaryimage\",\"url\":\"https:\\\/\\\/sysmatec.ch\\\/wp-content\\\/uploads\\\/2019\\\/07\\\/Epaisseur_MitechMCT200.jpg\",\"contentUrl\":\"https:\\\/\\\/sysmatec.ch\\\/wp-content\\\/uploads\\\/2019\\\/07\\\/Epaisseur_MitechMCT200.jpg\",\"width\":187,\"height\":188},{\"@type\":\"BreadcrumbList\",\"@id\":\"https:\\\/\\\/sysmatec.ch\\\/de\\\/produit\\\/appareil-digital-de-mesure-depaisseur-de-revetement-mct200\\\/#breadcrumb\",\"itemListElement\":[{\"@type\":\"ListItem\",\"position\":1,\"name\":\"Accueil\",\"item\":\"https:\\\/\\\/sysmatec.ch\\\/de\\\/\"},{\"@type\":\"ListItem\",\"position\":2,\"name\":\"Die Aktivit\u00e4t von Sysmatec\",\"item\":\"https:\\\/\\\/sysmatec.ch\\\/de\\\/\"},{\"@type\":\"ListItem\",\"position\":3,\"name\":\"Digitales Schichtdickenmessger\u00e4t MCT200\"}]},{\"@type\":\"WebSite\",\"@id\":\"https:\\\/\\\/sysmatec.ch\\\/de\\\/#website\",\"url\":\"https:\\\/\\\/sysmatec.ch\\\/de\\\/\",\"name\":\"Sysmatec\",\"description\":\"Equipement de laboratoire et logiciels\",\"publisher\":{\"@id\":\"https:\\\/\\\/sysmatec.ch\\\/de\\\/#organization\"},\"potentialAction\":[{\"@type\":\"SearchAction\",\"target\":{\"@type\":\"EntryPoint\",\"urlTemplate\":\"https:\\\/\\\/sysmatec.ch\\\/de\\\/?s={search_term_string}\"},\"query-input\":{\"@type\":\"PropertyValueSpecification\",\"valueRequired\":true,\"valueName\":\"search_term_string\"}}],\"inLanguage\":\"de\"},{\"@type\":\"Organization\",\"@id\":\"https:\\\/\\\/sysmatec.ch\\\/de\\\/#organization\",\"name\":\"Sysmatec\",\"url\":\"https:\\\/\\\/sysmatec.ch\\\/de\\\/\",\"logo\":{\"@type\":\"ImageObject\",\"inLanguage\":\"de\",\"@id\":\"https:\\\/\\\/sysmatec.ch\\\/de\\\/#\\\/schema\\\/logo\\\/image\\\/\",\"url\":\"https:\\\/\\\/sysmatec.ch\\\/wp-content\\\/uploads\\\/2018\\\/11\\\/LogoSysmatec.jpg\",\"contentUrl\":\"https:\\\/\\\/sysmatec.ch\\\/wp-content\\\/uploads\\\/2018\\\/11\\\/LogoSysmatec.jpg\",\"width\":301,\"height\":297,\"caption\":\"Sysmatec\"},\"image\":{\"@id\":\"https:\\\/\\\/sysmatec.ch\\\/de\\\/#\\\/schema\\\/logo\\\/image\\\/\"}}]}<\/script>\n<!-- \/ Yoast SEO plugin. -->","yoast_head_json":{"title":"Digitales Schichtdickenmessger\u00e4t MCT200 - Sysmatec","robots":{"index":"index","follow":"follow","max-snippet":"max-snippet:-1","max-image-preview":"max-image-preview:large","max-video-preview":"max-video-preview:-1"},"canonical":"https:\/\/sysmatec.ch\/de\/produit\/appareil-digital-de-mesure-depaisseur-de-revetement-mct200\/","og_locale":"de_DE","og_type":"article","og_title":"Digitales Schichtdickenmessger\u00e4t MCT200 - Sysmatec","og_description":"Digitales Schichtdickenmessger\u00e4t","og_url":"https:\/\/sysmatec.ch\/de\/produit\/appareil-digital-de-mesure-depaisseur-de-revetement-mct200\/","og_site_name":"Sysmatec","article_modified_time":"2019-07-12T13:33:26+00:00","og_image":[{"width":187,"height":188,"url":"https:\/\/sysmatec.ch\/wp-content\/uploads\/2019\/07\/Epaisseur_MitechMCT200.jpg","type":"image\/jpeg"}],"twitter_card":"summary_large_image","twitter_misc":{"Gesch\u00e4tzte Lesezeit":"1\u00a0Minute"},"schema":{"@context":"https:\/\/schema.org","@graph":[{"@type":"WebPage","@id":"https:\/\/sysmatec.ch\/de\/produit\/appareil-digital-de-mesure-depaisseur-de-revetement-mct200\/","url":"https:\/\/sysmatec.ch\/de\/produit\/appareil-digital-de-mesure-depaisseur-de-revetement-mct200\/","name":"Digitales Schichtdickenmessger\u00e4t MCT200 - Sysmatec","isPartOf":{"@id":"https:\/\/sysmatec.ch\/de\/#website"},"primaryImageOfPage":{"@id":"https:\/\/sysmatec.ch\/de\/produit\/appareil-digital-de-mesure-depaisseur-de-revetement-mct200\/#primaryimage"},"image":{"@id":"https:\/\/sysmatec.ch\/de\/produit\/appareil-digital-de-mesure-depaisseur-de-revetement-mct200\/#primaryimage"},"thumbnailUrl":"https:\/\/sysmatec.ch\/wp-content\/uploads\/2019\/07\/Epaisseur_MitechMCT200.jpg","datePublished":"2019-07-12T13:29:36+00:00","dateModified":"2019-07-12T13:33:26+00:00","breadcrumb":{"@id":"https:\/\/sysmatec.ch\/de\/produit\/appareil-digital-de-mesure-depaisseur-de-revetement-mct200\/#breadcrumb"},"inLanguage":"de","potentialAction":[{"@type":"ReadAction","target":["https:\/\/sysmatec.ch\/de\/produit\/appareil-digital-de-mesure-depaisseur-de-revetement-mct200\/"]}]},{"@type":"ImageObject","inLanguage":"de","@id":"https:\/\/sysmatec.ch\/de\/produit\/appareil-digital-de-mesure-depaisseur-de-revetement-mct200\/#primaryimage","url":"https:\/\/sysmatec.ch\/wp-content\/uploads\/2019\/07\/Epaisseur_MitechMCT200.jpg","contentUrl":"https:\/\/sysmatec.ch\/wp-content\/uploads\/2019\/07\/Epaisseur_MitechMCT200.jpg","width":187,"height":188},{"@type":"BreadcrumbList","@id":"https:\/\/sysmatec.ch\/de\/produit\/appareil-digital-de-mesure-depaisseur-de-revetement-mct200\/#breadcrumb","itemListElement":[{"@type":"ListItem","position":1,"name":"Accueil","item":"https:\/\/sysmatec.ch\/de\/"},{"@type":"ListItem","position":2,"name":"Die Aktivit\u00e4t von Sysmatec","item":"https:\/\/sysmatec.ch\/de\/"},{"@type":"ListItem","position":3,"name":"Digitales Schichtdickenmessger\u00e4t MCT200"}]},{"@type":"WebSite","@id":"https:\/\/sysmatec.ch\/de\/#website","url":"https:\/\/sysmatec.ch\/de\/","name":"Sysmatec","description":"Equipement de laboratoire et logiciels","publisher":{"@id":"https:\/\/sysmatec.ch\/de\/#organization"},"potentialAction":[{"@type":"SearchAction","target":{"@type":"EntryPoint","urlTemplate":"https:\/\/sysmatec.ch\/de\/?s={search_term_string}"},"query-input":{"@type":"PropertyValueSpecification","valueRequired":true,"valueName":"search_term_string"}}],"inLanguage":"de"},{"@type":"Organization","@id":"https:\/\/sysmatec.ch\/de\/#organization","name":"Sysmatec","url":"https:\/\/sysmatec.ch\/de\/","logo":{"@type":"ImageObject","inLanguage":"de","@id":"https:\/\/sysmatec.ch\/de\/#\/schema\/logo\/image\/","url":"https:\/\/sysmatec.ch\/wp-content\/uploads\/2018\/11\/LogoSysmatec.jpg","contentUrl":"https:\/\/sysmatec.ch\/wp-content\/uploads\/2018\/11\/LogoSysmatec.jpg","width":301,"height":297,"caption":"Sysmatec"},"image":{"@id":"https:\/\/sysmatec.ch\/de\/#\/schema\/logo\/image\/"}}]}},"_links":{"self":[{"href":"https:\/\/sysmatec.ch\/de\/wp-json\/wp\/v2\/product\/8983","targetHints":{"allow":["GET"]}}],"collection":[{"href":"https:\/\/sysmatec.ch\/de\/wp-json\/wp\/v2\/product"}],"about":[{"href":"https:\/\/sysmatec.ch\/de\/wp-json\/wp\/v2\/types\/product"}],"wp:featuredmedia":[{"embeddable":true,"href":"https:\/\/sysmatec.ch\/de\/wp-json\/wp\/v2\/media\/8978"}],"wp:attachment":[{"href":"https:\/\/sysmatec.ch\/de\/wp-json\/wp\/v2\/media?parent=8983"}],"wp:term":[{"taxonomy":"product_brand","embeddable":true,"href":"https:\/\/sysmatec.ch\/de\/wp-json\/wp\/v2\/product_brand?post=8983"},{"taxonomy":"product_cat","embeddable":true,"href":"https:\/\/sysmatec.ch\/de\/wp-json\/wp\/v2\/product_cat?post=8983"},{"taxonomy":"product_tag","embeddable":true,"href":"https:\/\/sysmatec.ch\/de\/wp-json\/wp\/v2\/product_tag?post=8983"}],"curies":[{"name":"wp","href":"https:\/\/api.w.org\/{rel}","templated":true}]}}