{"id":8966,"date":"2019-07-12T14:57:34","date_gmt":"2019-07-12T12:57:34","guid":{"rendered":"https:\/\/sysmatec.ch\/produit\/appareil-digital-de-mesure-depaisseur-de-revetement-kern-tb\/"},"modified":"2021-12-13T21:10:45","modified_gmt":"2021-12-13T20:10:45","slug":"digitales-schichtdickenmessgeraet-kern-tb","status":"publish","type":"product","link":"https:\/\/sysmatec.ch\/de\/Produkt\/digitales-schichtdickenmessgeraet-kern-tb\/","title":{"rendered":"Digitales Schichtdickenmessger\u00e4t KERN TB"},"content":{"rendered":"<h2>Schichtdickenmessger\u00e4t Beschreibung<\/h2>\n<ul>\n<li>Auto-Power-Off<\/li>\n<li>Lieferung im robusten Tragekoffer<\/li>\n<li>W\u00e4hlbare Einheiten: \u00b5m, inch (mil)<\/li>\n<li>Nullplatte und Distanzfolien inklusive<\/li>\n<li>Externer Messkopf zum leichteren Erreichen schwer zug\u00e4nglicher Messpunkte. Kabell\u00e4nge: 1 m<\/li>\n<li>Offset-Accur: Mit dieser Funktion kann das Messger\u00e4t durch eine Zweitpunktkalibrierung genau auf den konkreten Messbereich eingestellt werden, um so eine kleinere Messunsicherheit von 1 % (oder weniger) des Messwertes zu erreichen.<\/li>\n<li>Nettogewicht ca. 0.25 kg<\/li>\n<li>Gesamtabmessungen BxTxH 161x69x32 mm<\/li>\n<li>Minimale St\u00e4rke des Grundmaterials: 0,3 mm<\/li>\n<\/ul>\n<table border=\"1\" cellspacing=\"0\" cellpadding=\"2\">\n<tbody>\n<tr>\n<td>Modell<\/td>\n<td>Ablesbarkeit<\/td>\n<td>Messbereich<\/td>\n<td>Pr\u00fcfobjekt<\/td>\n<td width=\"147\">Kleinste (runde) Probenfl\u00e4che (Radius)<\/td>\n<\/tr>\n<tr>\n<td><\/td>\n<td>\u00b5m<\/td>\n<td>\u00b5m<\/td>\n<td><\/td>\n<td width=\"147\"><\/td>\n<\/tr>\n<tr>\n<td>KERN TB 1000-0.1F<\/td>\n<td>0.1<\/td>\n<td>1000<\/td>\n<td>Nicht-Schichten auf Eisen und Stahl<\/td>\n<td width=\"147\">Konvex: 1.5 mm Konkav: 25 mm<\/td>\n<\/tr>\n<tr>\n<td>KERN TB 1000-0.1N<\/td>\n<td>0.1<\/td>\n<td>1000<\/td>\n<td>Isolierende Beschichtungen auf nicht-magnetischen Metallen<\/td>\n<td width=\"147\">Konvex: 3 mm Konkav: 50 mm<\/td>\n<\/tr>\n<tr>\n<td>KERN TB 1000-0.1 FN<\/td>\n<td>0.1<\/td>\n<td>1000<\/td>\n<td>Kombinationsmessger\u00e4t: F und N<\/td>\n<td width=\"147\">As F or N<\/td>\n<\/tr>\n<tr>\n<td>KERN TB 2000-0.1 F<\/td>\n<td>0.1<\/td>\n<td>2000<\/td>\n<td>Nicht-magnetische Schichten auf Eisen, Stahl<\/td>\n<td width=\"147\">Konvex: 1.5 mm Konkav: 25 mm<\/td>\n<\/tr>\n<\/tbody>\n<\/table>\n","protected":false},"excerpt":{"rendered":"<p>Digitales Schichtdickenmessger\u00e4t<\/p>\n","protected":false},"featured_media":8961,"template":"","meta":{"_crdt_document":""},"product_brand":[],"product_cat":[312,180],"product_tag":[],"class_list":{"0":"post-8966","1":"product","2":"type-product","3":"status-publish","4":"has-post-thumbnail","6":"product_cat-dicke","7":"product_cat-messung","9":"first","10":"instock","11":"taxable","12":"shipping-taxable","13":"purchasable","14":"product-type-variable"},"yoast_head":"<!-- This site is optimized with the Yoast SEO plugin v27.3 - https:\/\/yoast.com\/product\/yoast-seo-wordpress\/ -->\n<title>Digitales Schichtdickenmessger\u00e4t KERN TB - Sysmatec<\/title>\n<meta name=\"description\" content=\"Digitales Ger\u00e4t zur Messung der Schichtdicke auf einem Metalltr\u00e4ger. Der Messbereich der Schichtdicke betr\u00e4gt 0-2 mm.\" \/>\n<meta name=\"robots\" content=\"index, follow, max-snippet:-1, max-image-preview:large, max-video-preview:-1\" \/>\n<link rel=\"canonical\" href=\"https:\/\/sysmatec.ch\/de\/produit\/digitales-schichtdickenmessgeraet-kern-tb\/\" \/>\n<meta property=\"og:locale\" content=\"de_DE\" \/>\n<meta property=\"og:type\" content=\"article\" \/>\n<meta property=\"og:title\" content=\"Digitales Schichtdickenmessger\u00e4t KERN TB - Sysmatec\" \/>\n<meta property=\"og:description\" content=\"Digitales Ger\u00e4t zur Messung der Schichtdicke auf einem Metalltr\u00e4ger. Der Messbereich der Schichtdicke betr\u00e4gt 0-2 mm.\" \/>\n<meta property=\"og:url\" content=\"https:\/\/sysmatec.ch\/de\/produit\/digitales-schichtdickenmessgeraet-kern-tb\/\" \/>\n<meta property=\"og:site_name\" content=\"Sysmatec\" \/>\n<meta property=\"article:modified_time\" content=\"2021-12-13T20:10:45+00:00\" \/>\n<meta property=\"og:image\" content=\"https:\/\/sysmatec.ch\/wp-content\/uploads\/2019\/07\/Epaisseur_KERNTB.jpg\" \/>\n\t<meta property=\"og:image:width\" content=\"163\" \/>\n\t<meta property=\"og:image:height\" content=\"215\" \/>\n\t<meta property=\"og:image:type\" content=\"image\/jpeg\" \/>\n<meta name=\"twitter:card\" content=\"summary_large_image\" \/>\n<meta name=\"twitter:label1\" content=\"Gesch\u00e4tzte Lesezeit\" \/>\n\t<meta name=\"twitter:data1\" content=\"1\u00a0Minute\" \/>\n<script type=\"application\/ld+json\" class=\"yoast-schema-graph\">{\"@context\":\"https:\\\/\\\/schema.org\",\"@graph\":[{\"@type\":\"WebPage\",\"@id\":\"https:\\\/\\\/sysmatec.ch\\\/de\\\/produit\\\/digitales-schichtdickenmessgeraet-kern-tb\\\/\",\"url\":\"https:\\\/\\\/sysmatec.ch\\\/de\\\/produit\\\/digitales-schichtdickenmessgeraet-kern-tb\\\/\",\"name\":\"Digitales Schichtdickenmessger\u00e4t KERN TB - Sysmatec\",\"isPartOf\":{\"@id\":\"https:\\\/\\\/sysmatec.ch\\\/de\\\/#website\"},\"primaryImageOfPage\":{\"@id\":\"https:\\\/\\\/sysmatec.ch\\\/de\\\/produit\\\/digitales-schichtdickenmessgeraet-kern-tb\\\/#primaryimage\"},\"image\":{\"@id\":\"https:\\\/\\\/sysmatec.ch\\\/de\\\/produit\\\/digitales-schichtdickenmessgeraet-kern-tb\\\/#primaryimage\"},\"thumbnailUrl\":\"https:\\\/\\\/sysmatec.ch\\\/wp-content\\\/uploads\\\/2019\\\/07\\\/Epaisseur_KERNTB.jpg\",\"datePublished\":\"2019-07-12T12:57:34+00:00\",\"dateModified\":\"2021-12-13T20:10:45+00:00\",\"description\":\"Digitales Ger\u00e4t zur Messung der Schichtdicke auf einem Metalltr\u00e4ger. Der Messbereich der Schichtdicke betr\u00e4gt 0-2 mm.\",\"breadcrumb\":{\"@id\":\"https:\\\/\\\/sysmatec.ch\\\/de\\\/produit\\\/digitales-schichtdickenmessgeraet-kern-tb\\\/#breadcrumb\"},\"inLanguage\":\"de\",\"potentialAction\":[{\"@type\":\"ReadAction\",\"target\":[\"https:\\\/\\\/sysmatec.ch\\\/de\\\/produit\\\/digitales-schichtdickenmessgeraet-kern-tb\\\/\"]}]},{\"@type\":\"ImageObject\",\"inLanguage\":\"de\",\"@id\":\"https:\\\/\\\/sysmatec.ch\\\/de\\\/produit\\\/digitales-schichtdickenmessgeraet-kern-tb\\\/#primaryimage\",\"url\":\"https:\\\/\\\/sysmatec.ch\\\/wp-content\\\/uploads\\\/2019\\\/07\\\/Epaisseur_KERNTB.jpg\",\"contentUrl\":\"https:\\\/\\\/sysmatec.ch\\\/wp-content\\\/uploads\\\/2019\\\/07\\\/Epaisseur_KERNTB.jpg\",\"width\":163,\"height\":215},{\"@type\":\"BreadcrumbList\",\"@id\":\"https:\\\/\\\/sysmatec.ch\\\/de\\\/produit\\\/digitales-schichtdickenmessgeraet-kern-tb\\\/#breadcrumb\",\"itemListElement\":[{\"@type\":\"ListItem\",\"position\":1,\"name\":\"Accueil\",\"item\":\"https:\\\/\\\/sysmatec.ch\\\/de\\\/\"},{\"@type\":\"ListItem\",\"position\":2,\"name\":\"Die Aktivit\u00e4t von Sysmatec\",\"item\":\"https:\\\/\\\/sysmatec.ch\\\/de\\\/\"},{\"@type\":\"ListItem\",\"position\":3,\"name\":\"Digitales Schichtdickenmessger\u00e4t KERN TB\"}]},{\"@type\":\"WebSite\",\"@id\":\"https:\\\/\\\/sysmatec.ch\\\/de\\\/#website\",\"url\":\"https:\\\/\\\/sysmatec.ch\\\/de\\\/\",\"name\":\"Sysmatec\",\"description\":\"Equipement de laboratoire et logiciels\",\"publisher\":{\"@id\":\"https:\\\/\\\/sysmatec.ch\\\/de\\\/#organization\"},\"potentialAction\":[{\"@type\":\"SearchAction\",\"target\":{\"@type\":\"EntryPoint\",\"urlTemplate\":\"https:\\\/\\\/sysmatec.ch\\\/de\\\/?s={search_term_string}\"},\"query-input\":{\"@type\":\"PropertyValueSpecification\",\"valueRequired\":true,\"valueName\":\"search_term_string\"}}],\"inLanguage\":\"de\"},{\"@type\":\"Organization\",\"@id\":\"https:\\\/\\\/sysmatec.ch\\\/de\\\/#organization\",\"name\":\"Sysmatec\",\"url\":\"https:\\\/\\\/sysmatec.ch\\\/de\\\/\",\"logo\":{\"@type\":\"ImageObject\",\"inLanguage\":\"de\",\"@id\":\"https:\\\/\\\/sysmatec.ch\\\/de\\\/#\\\/schema\\\/logo\\\/image\\\/\",\"url\":\"https:\\\/\\\/sysmatec.ch\\\/wp-content\\\/uploads\\\/2018\\\/11\\\/LogoSysmatec.jpg\",\"contentUrl\":\"https:\\\/\\\/sysmatec.ch\\\/wp-content\\\/uploads\\\/2018\\\/11\\\/LogoSysmatec.jpg\",\"width\":301,\"height\":297,\"caption\":\"Sysmatec\"},\"image\":{\"@id\":\"https:\\\/\\\/sysmatec.ch\\\/de\\\/#\\\/schema\\\/logo\\\/image\\\/\"}}]}<\/script>\n<!-- \/ Yoast SEO plugin. -->","yoast_head_json":{"title":"Digitales Schichtdickenmessger\u00e4t KERN TB - Sysmatec","description":"Digitales Ger\u00e4t zur Messung der Schichtdicke auf einem Metalltr\u00e4ger. Der Messbereich der Schichtdicke betr\u00e4gt 0-2 mm.","robots":{"index":"index","follow":"follow","max-snippet":"max-snippet:-1","max-image-preview":"max-image-preview:large","max-video-preview":"max-video-preview:-1"},"canonical":"https:\/\/sysmatec.ch\/de\/produit\/digitales-schichtdickenmessgeraet-kern-tb\/","og_locale":"de_DE","og_type":"article","og_title":"Digitales Schichtdickenmessger\u00e4t KERN TB - Sysmatec","og_description":"Digitales Ger\u00e4t zur Messung der Schichtdicke auf einem Metalltr\u00e4ger. Der Messbereich der Schichtdicke betr\u00e4gt 0-2 mm.","og_url":"https:\/\/sysmatec.ch\/de\/produit\/digitales-schichtdickenmessgeraet-kern-tb\/","og_site_name":"Sysmatec","article_modified_time":"2021-12-13T20:10:45+00:00","og_image":[{"width":163,"height":215,"url":"https:\/\/sysmatec.ch\/wp-content\/uploads\/2019\/07\/Epaisseur_KERNTB.jpg","type":"image\/jpeg"}],"twitter_card":"summary_large_image","twitter_misc":{"Gesch\u00e4tzte Lesezeit":"1\u00a0Minute"},"schema":{"@context":"https:\/\/schema.org","@graph":[{"@type":"WebPage","@id":"https:\/\/sysmatec.ch\/de\/produit\/digitales-schichtdickenmessgeraet-kern-tb\/","url":"https:\/\/sysmatec.ch\/de\/produit\/digitales-schichtdickenmessgeraet-kern-tb\/","name":"Digitales Schichtdickenmessger\u00e4t KERN TB - Sysmatec","isPartOf":{"@id":"https:\/\/sysmatec.ch\/de\/#website"},"primaryImageOfPage":{"@id":"https:\/\/sysmatec.ch\/de\/produit\/digitales-schichtdickenmessgeraet-kern-tb\/#primaryimage"},"image":{"@id":"https:\/\/sysmatec.ch\/de\/produit\/digitales-schichtdickenmessgeraet-kern-tb\/#primaryimage"},"thumbnailUrl":"https:\/\/sysmatec.ch\/wp-content\/uploads\/2019\/07\/Epaisseur_KERNTB.jpg","datePublished":"2019-07-12T12:57:34+00:00","dateModified":"2021-12-13T20:10:45+00:00","description":"Digitales Ger\u00e4t zur Messung der Schichtdicke auf einem Metalltr\u00e4ger. Der Messbereich der Schichtdicke betr\u00e4gt 0-2 mm.","breadcrumb":{"@id":"https:\/\/sysmatec.ch\/de\/produit\/digitales-schichtdickenmessgeraet-kern-tb\/#breadcrumb"},"inLanguage":"de","potentialAction":[{"@type":"ReadAction","target":["https:\/\/sysmatec.ch\/de\/produit\/digitales-schichtdickenmessgeraet-kern-tb\/"]}]},{"@type":"ImageObject","inLanguage":"de","@id":"https:\/\/sysmatec.ch\/de\/produit\/digitales-schichtdickenmessgeraet-kern-tb\/#primaryimage","url":"https:\/\/sysmatec.ch\/wp-content\/uploads\/2019\/07\/Epaisseur_KERNTB.jpg","contentUrl":"https:\/\/sysmatec.ch\/wp-content\/uploads\/2019\/07\/Epaisseur_KERNTB.jpg","width":163,"height":215},{"@type":"BreadcrumbList","@id":"https:\/\/sysmatec.ch\/de\/produit\/digitales-schichtdickenmessgeraet-kern-tb\/#breadcrumb","itemListElement":[{"@type":"ListItem","position":1,"name":"Accueil","item":"https:\/\/sysmatec.ch\/de\/"},{"@type":"ListItem","position":2,"name":"Die Aktivit\u00e4t von Sysmatec","item":"https:\/\/sysmatec.ch\/de\/"},{"@type":"ListItem","position":3,"name":"Digitales Schichtdickenmessger\u00e4t KERN TB"}]},{"@type":"WebSite","@id":"https:\/\/sysmatec.ch\/de\/#website","url":"https:\/\/sysmatec.ch\/de\/","name":"Sysmatec","description":"Equipement de laboratoire et logiciels","publisher":{"@id":"https:\/\/sysmatec.ch\/de\/#organization"},"potentialAction":[{"@type":"SearchAction","target":{"@type":"EntryPoint","urlTemplate":"https:\/\/sysmatec.ch\/de\/?s={search_term_string}"},"query-input":{"@type":"PropertyValueSpecification","valueRequired":true,"valueName":"search_term_string"}}],"inLanguage":"de"},{"@type":"Organization","@id":"https:\/\/sysmatec.ch\/de\/#organization","name":"Sysmatec","url":"https:\/\/sysmatec.ch\/de\/","logo":{"@type":"ImageObject","inLanguage":"de","@id":"https:\/\/sysmatec.ch\/de\/#\/schema\/logo\/image\/","url":"https:\/\/sysmatec.ch\/wp-content\/uploads\/2018\/11\/LogoSysmatec.jpg","contentUrl":"https:\/\/sysmatec.ch\/wp-content\/uploads\/2018\/11\/LogoSysmatec.jpg","width":301,"height":297,"caption":"Sysmatec"},"image":{"@id":"https:\/\/sysmatec.ch\/de\/#\/schema\/logo\/image\/"}}]}},"_links":{"self":[{"href":"https:\/\/sysmatec.ch\/de\/wp-json\/wp\/v2\/product\/8966","targetHints":{"allow":["GET"]}}],"collection":[{"href":"https:\/\/sysmatec.ch\/de\/wp-json\/wp\/v2\/product"}],"about":[{"href":"https:\/\/sysmatec.ch\/de\/wp-json\/wp\/v2\/types\/product"}],"wp:featuredmedia":[{"embeddable":true,"href":"https:\/\/sysmatec.ch\/de\/wp-json\/wp\/v2\/media\/8961"}],"wp:attachment":[{"href":"https:\/\/sysmatec.ch\/de\/wp-json\/wp\/v2\/media?parent=8966"}],"wp:term":[{"taxonomy":"product_brand","embeddable":true,"href":"https:\/\/sysmatec.ch\/de\/wp-json\/wp\/v2\/product_brand?post=8966"},{"taxonomy":"product_cat","embeddable":true,"href":"https:\/\/sysmatec.ch\/de\/wp-json\/wp\/v2\/product_cat?post=8966"},{"taxonomy":"product_tag","embeddable":true,"href":"https:\/\/sysmatec.ch\/de\/wp-json\/wp\/v2\/product_tag?post=8966"}],"curies":[{"name":"wp","href":"https:\/\/api.w.org\/{rel}","templated":true}]}}