{"id":8947,"date":"2019-07-12T11:52:28","date_gmt":"2019-07-12T09:52:28","guid":{"rendered":"https:\/\/sysmatec.ch\/produit\/regulateur-de-debit-massique-pour-gaz-type-8711\/"},"modified":"2021-12-13T21:19:34","modified_gmt":"2021-12-13T20:19:34","slug":"massendurchflussregler-fuer-gase-typ-8711","status":"publish","type":"product","link":"https:\/\/sysmatec.ch\/de\/Produkt\/massendurchflussregler-fuer-gase-typ-8711\/","title":{"rendered":"Massendurchflussregler f\u00fcr Gase Typ 8711"},"content":{"rendered":"<p>Der Massenstromregler (MFC) Typ 8711 eignet sich zur Regelung der Massenstr\u00f6mung von Gasen \u00fcber einen gro\u00dfen Durchflussbereich. Der thermische MEMS-Sensor befindet sich direkt im Gasstrom und erreicht dadurch sehr schnelle Reaktionszeiten. Ein direktwirkendes Proportionalventil garantiert eine hohe Empfindlichkeit. Der integrierte PI-Regler sorgt f\u00fcr hervorragende Regelcharakteristika des MFC.<\/p>\n<h2>Durchflussregler Beschreibung<\/h2>\n<ul>\n<li type=\"disc\">Nenndurchflussbereich: 10 mlN \/ min bis 80 lN \/ min (N2)<\/li>\n<li type=\"disc\">Betriebsgas Neutrale, nicht kontaminierte Gase<\/li>\n<li type=\"disc\">Kalibriergas Betriebsgas oder Luft mit Umrechnungsfaktor<\/li>\n<li type=\"disc\">Max. Betriebsdruck (Eingangsdruck) 10 bar (145 psi) abh\u00e4ngig von der \u00d6ffnung des Ventils<\/li>\n<li type=\"disc\">Gastemperatur &#8211; 10 bis + 70 \u00b0 C (- 10 bis + 60 \u00b0 C mit Sauerstoff)<\/li>\n<li type=\"disc\">Umgebungstemperatur &#8211; 10 bis + 50 \u00b0 C<\/li>\n<li type=\"disc\">Genauigkeit \u00b1 0.8% o.R. \u00b1 0.3% F.S. (nach 1 min Aufw\u00e4rmzeit)<\/li>\n<li type=\"disc\">Wiederholbarkeit \u00b1 0.1% F.<\/li>\n<li type=\"disc\">Einschwingzeit (t95%) &lt;300 ms<\/li>\n<li type=\"disc\">Werkstoffe Geh\u00e4use: Aluminium oder Edelstahl, Geh\u00e4use: PC (Polycarbonat) oder Metall, Dichtungen: FKM, EPDM<\/li>\n<li type=\"disc\">Anschlussverbindung NPT \u00bc, G \u00bc, einschraubbar<\/li>\n<li type=\"disc\">Regeleinheit (Proportionalventil): normal geschlossen, Ventil\u00f6ffnung: 0,05 bis 4,0 mm, kVS-Wert: 0,00006 bis 0,32 m3 \/ h<\/li>\n<li type=\"disc\">Elektr. Anschluss zus\u00e4tzlich: Stecker D-Sub 15-polig, optional PROFIBUS-DP: Buchse M12 5-polig mit CANopen: Buchse M12 5-polig<\/li>\n<li type=\"disc\">Stromversorgung 24 V DC<\/li>\n<li type=\"disc\">Stromaufnahme max. 3.5 bis 14 W (abh\u00e4ngig vom verwendeten Proportionalventil)<\/li>\n<li type=\"disc\">Eingangssignal: 0 bis 5 V, 0 bis 10 V, 0 bis 20 mA oder 4 bis 20 mA&gt; 20 kOhm (Spannung), &lt;300 Ohm (Strom)<\/li>\n<li type=\"disc\">Ausgangssignal: 0 bis 5 V, 0 bis 10 V, 0 bis 20 mA oder 4 bis 20 mA, max. Strom (Spannung): 10 mA, Max. Belastung (Strom) 600 Ohm<\/li>\n<li type=\"disc\">Digitale Kommunikation \u00fcber Adapter m\u00f6glich: RS232, Modbus RTU (\u00fcber RS-Adapter) RS485, RS422 oder USB<\/li>\n<\/ul>\n","protected":false},"excerpt":{"rendered":"<p>Massendurchflussregler f\u00fcr Gase<\/p>\n","protected":false},"featured_media":8945,"template":"","meta":{"_crdt_document":""},"product_brand":[],"product_cat":[307,309],"product_tag":[],"class_list":{"0":"post-8947","1":"product","2":"type-product","3":"status-publish","4":"has-post-thumbnail","6":"product_cat-durchfluss","7":"product_cat-regler","9":"first","10":"instock","11":"taxable","12":"shipping-taxable","13":"product-type-simple"},"yoast_head":"<!-- This site is optimized with the Yoast SEO plugin v27.4 - https:\/\/yoast.com\/product\/yoast-seo-wordpress\/ -->\n<title>Massendurchflussregler f\u00fcr Gase Typ 8711 - Sysmatec<\/title>\n<meta name=\"description\" content=\"Massendurchflussregler f\u00fcr Gas f\u00fcr niedrige Durchflussraten (max. 80 L\/min). Es kann f\u00fcr Dr\u00fccke bis 10 bar arbeiten.\" \/>\n<meta name=\"robots\" content=\"index, follow, max-snippet:-1, max-image-preview:large, max-video-preview:-1\" \/>\n<link rel=\"canonical\" href=\"https:\/\/sysmatec.ch\/de\/produit\/massendurchflussregler-fuer-gase-typ-8711\/\" \/>\n<meta property=\"og:locale\" content=\"de_DE\" \/>\n<meta property=\"og:type\" content=\"article\" \/>\n<meta property=\"og:title\" content=\"Massendurchflussregler f\u00fcr Gase Typ 8711 - Sysmatec\" \/>\n<meta property=\"og:description\" content=\"Massendurchflussregler f\u00fcr Gas f\u00fcr niedrige Durchflussraten (max. 80 L\/min). Es kann f\u00fcr Dr\u00fccke bis 10 bar arbeiten.\" \/>\n<meta property=\"og:url\" content=\"https:\/\/sysmatec.ch\/de\/produit\/massendurchflussregler-fuer-gase-typ-8711\/\" \/>\n<meta property=\"og:site_name\" content=\"Sysmatec\" \/>\n<meta property=\"article:modified_time\" content=\"2021-12-13T20:19:34+00:00\" \/>\n<meta property=\"og:image\" content=\"https:\/\/sysmatec.ch\/wp-content\/uploads\/2019\/07\/Debit_BurkertValve8711.jpg\" \/>\n\t<meta property=\"og:image:width\" content=\"184\" \/>\n\t<meta property=\"og:image:height\" content=\"204\" \/>\n\t<meta property=\"og:image:type\" content=\"image\/jpeg\" \/>\n<meta name=\"twitter:card\" content=\"summary_large_image\" \/>\n<meta name=\"twitter:label1\" content=\"Gesch\u00e4tzte Lesezeit\" \/>\n\t<meta name=\"twitter:data1\" content=\"2\u00a0Minuten\" \/>\n<script type=\"application\/ld+json\" class=\"yoast-schema-graph\">{\"@context\":\"https:\\\/\\\/schema.org\",\"@graph\":[{\"@type\":\"WebPage\",\"@id\":\"https:\\\/\\\/sysmatec.ch\\\/de\\\/produit\\\/massendurchflussregler-fuer-gase-typ-8711\\\/\",\"url\":\"https:\\\/\\\/sysmatec.ch\\\/de\\\/produit\\\/massendurchflussregler-fuer-gase-typ-8711\\\/\",\"name\":\"Massendurchflussregler f\u00fcr Gase Typ 8711 - Sysmatec\",\"isPartOf\":{\"@id\":\"https:\\\/\\\/sysmatec.ch\\\/de\\\/#website\"},\"primaryImageOfPage\":{\"@id\":\"https:\\\/\\\/sysmatec.ch\\\/de\\\/produit\\\/massendurchflussregler-fuer-gase-typ-8711\\\/#primaryimage\"},\"image\":{\"@id\":\"https:\\\/\\\/sysmatec.ch\\\/de\\\/produit\\\/massendurchflussregler-fuer-gase-typ-8711\\\/#primaryimage\"},\"thumbnailUrl\":\"https:\\\/\\\/sysmatec.ch\\\/wp-content\\\/uploads\\\/2019\\\/07\\\/Debit_BurkertValve8711.jpg\",\"datePublished\":\"2019-07-12T09:52:28+00:00\",\"dateModified\":\"2021-12-13T20:19:34+00:00\",\"description\":\"Massendurchflussregler f\u00fcr Gas f\u00fcr niedrige Durchflussraten (max. 80 L\\\/min). Es kann f\u00fcr Dr\u00fccke bis 10 bar arbeiten.\",\"breadcrumb\":{\"@id\":\"https:\\\/\\\/sysmatec.ch\\\/de\\\/produit\\\/massendurchflussregler-fuer-gase-typ-8711\\\/#breadcrumb\"},\"inLanguage\":\"de\",\"potentialAction\":[{\"@type\":\"ReadAction\",\"target\":[\"https:\\\/\\\/sysmatec.ch\\\/de\\\/produit\\\/massendurchflussregler-fuer-gase-typ-8711\\\/\"]}]},{\"@type\":\"ImageObject\",\"inLanguage\":\"de\",\"@id\":\"https:\\\/\\\/sysmatec.ch\\\/de\\\/produit\\\/massendurchflussregler-fuer-gase-typ-8711\\\/#primaryimage\",\"url\":\"https:\\\/\\\/sysmatec.ch\\\/wp-content\\\/uploads\\\/2019\\\/07\\\/Debit_BurkertValve8711.jpg\",\"contentUrl\":\"https:\\\/\\\/sysmatec.ch\\\/wp-content\\\/uploads\\\/2019\\\/07\\\/Debit_BurkertValve8711.jpg\",\"width\":184,\"height\":204},{\"@type\":\"BreadcrumbList\",\"@id\":\"https:\\\/\\\/sysmatec.ch\\\/de\\\/produit\\\/massendurchflussregler-fuer-gase-typ-8711\\\/#breadcrumb\",\"itemListElement\":[{\"@type\":\"ListItem\",\"position\":1,\"name\":\"Accueil\",\"item\":\"https:\\\/\\\/sysmatec.ch\\\/de\\\/\"},{\"@type\":\"ListItem\",\"position\":2,\"name\":\"Die Aktivit\u00e4t von Sysmatec\",\"item\":\"https:\\\/\\\/sysmatec.ch\\\/de\\\/\"},{\"@type\":\"ListItem\",\"position\":3,\"name\":\"Massendurchflussregler f\u00fcr Gase Typ 8711\"}]},{\"@type\":\"WebSite\",\"@id\":\"https:\\\/\\\/sysmatec.ch\\\/de\\\/#website\",\"url\":\"https:\\\/\\\/sysmatec.ch\\\/de\\\/\",\"name\":\"Sysmatec\",\"description\":\"Equipement de laboratoire et logiciels\",\"publisher\":{\"@id\":\"https:\\\/\\\/sysmatec.ch\\\/de\\\/#organization\"},\"potentialAction\":[{\"@type\":\"SearchAction\",\"target\":{\"@type\":\"EntryPoint\",\"urlTemplate\":\"https:\\\/\\\/sysmatec.ch\\\/de\\\/?s={search_term_string}\"},\"query-input\":{\"@type\":\"PropertyValueSpecification\",\"valueRequired\":true,\"valueName\":\"search_term_string\"}}],\"inLanguage\":\"de\"},{\"@type\":\"Organization\",\"@id\":\"https:\\\/\\\/sysmatec.ch\\\/de\\\/#organization\",\"name\":\"Sysmatec\",\"url\":\"https:\\\/\\\/sysmatec.ch\\\/de\\\/\",\"logo\":{\"@type\":\"ImageObject\",\"inLanguage\":\"de\",\"@id\":\"https:\\\/\\\/sysmatec.ch\\\/de\\\/#\\\/schema\\\/logo\\\/image\\\/\",\"url\":\"https:\\\/\\\/sysmatec.ch\\\/wp-content\\\/uploads\\\/2018\\\/11\\\/LogoSysmatec.jpg\",\"contentUrl\":\"https:\\\/\\\/sysmatec.ch\\\/wp-content\\\/uploads\\\/2018\\\/11\\\/LogoSysmatec.jpg\",\"width\":301,\"height\":297,\"caption\":\"Sysmatec\"},\"image\":{\"@id\":\"https:\\\/\\\/sysmatec.ch\\\/de\\\/#\\\/schema\\\/logo\\\/image\\\/\"}}]}<\/script>\n<!-- \/ Yoast SEO plugin. -->","yoast_head_json":{"title":"Massendurchflussregler f\u00fcr Gase Typ 8711 - Sysmatec","description":"Massendurchflussregler f\u00fcr Gas f\u00fcr niedrige Durchflussraten (max. 80 L\/min). Es kann f\u00fcr Dr\u00fccke bis 10 bar arbeiten.","robots":{"index":"index","follow":"follow","max-snippet":"max-snippet:-1","max-image-preview":"max-image-preview:large","max-video-preview":"max-video-preview:-1"},"canonical":"https:\/\/sysmatec.ch\/de\/produit\/massendurchflussregler-fuer-gase-typ-8711\/","og_locale":"de_DE","og_type":"article","og_title":"Massendurchflussregler f\u00fcr Gase Typ 8711 - Sysmatec","og_description":"Massendurchflussregler f\u00fcr Gas f\u00fcr niedrige Durchflussraten (max. 80 L\/min). Es kann f\u00fcr Dr\u00fccke bis 10 bar arbeiten.","og_url":"https:\/\/sysmatec.ch\/de\/produit\/massendurchflussregler-fuer-gase-typ-8711\/","og_site_name":"Sysmatec","article_modified_time":"2021-12-13T20:19:34+00:00","og_image":[{"width":184,"height":204,"url":"https:\/\/sysmatec.ch\/wp-content\/uploads\/2019\/07\/Debit_BurkertValve8711.jpg","type":"image\/jpeg"}],"twitter_card":"summary_large_image","twitter_misc":{"Gesch\u00e4tzte Lesezeit":"2\u00a0Minuten"},"schema":{"@context":"https:\/\/schema.org","@graph":[{"@type":"WebPage","@id":"https:\/\/sysmatec.ch\/de\/produit\/massendurchflussregler-fuer-gase-typ-8711\/","url":"https:\/\/sysmatec.ch\/de\/produit\/massendurchflussregler-fuer-gase-typ-8711\/","name":"Massendurchflussregler f\u00fcr Gase Typ 8711 - Sysmatec","isPartOf":{"@id":"https:\/\/sysmatec.ch\/de\/#website"},"primaryImageOfPage":{"@id":"https:\/\/sysmatec.ch\/de\/produit\/massendurchflussregler-fuer-gase-typ-8711\/#primaryimage"},"image":{"@id":"https:\/\/sysmatec.ch\/de\/produit\/massendurchflussregler-fuer-gase-typ-8711\/#primaryimage"},"thumbnailUrl":"https:\/\/sysmatec.ch\/wp-content\/uploads\/2019\/07\/Debit_BurkertValve8711.jpg","datePublished":"2019-07-12T09:52:28+00:00","dateModified":"2021-12-13T20:19:34+00:00","description":"Massendurchflussregler f\u00fcr Gas f\u00fcr niedrige Durchflussraten (max. 80 L\/min). Es kann f\u00fcr Dr\u00fccke bis 10 bar arbeiten.","breadcrumb":{"@id":"https:\/\/sysmatec.ch\/de\/produit\/massendurchflussregler-fuer-gase-typ-8711\/#breadcrumb"},"inLanguage":"de","potentialAction":[{"@type":"ReadAction","target":["https:\/\/sysmatec.ch\/de\/produit\/massendurchflussregler-fuer-gase-typ-8711\/"]}]},{"@type":"ImageObject","inLanguage":"de","@id":"https:\/\/sysmatec.ch\/de\/produit\/massendurchflussregler-fuer-gase-typ-8711\/#primaryimage","url":"https:\/\/sysmatec.ch\/wp-content\/uploads\/2019\/07\/Debit_BurkertValve8711.jpg","contentUrl":"https:\/\/sysmatec.ch\/wp-content\/uploads\/2019\/07\/Debit_BurkertValve8711.jpg","width":184,"height":204},{"@type":"BreadcrumbList","@id":"https:\/\/sysmatec.ch\/de\/produit\/massendurchflussregler-fuer-gase-typ-8711\/#breadcrumb","itemListElement":[{"@type":"ListItem","position":1,"name":"Accueil","item":"https:\/\/sysmatec.ch\/de\/"},{"@type":"ListItem","position":2,"name":"Die Aktivit\u00e4t von Sysmatec","item":"https:\/\/sysmatec.ch\/de\/"},{"@type":"ListItem","position":3,"name":"Massendurchflussregler f\u00fcr Gase Typ 8711"}]},{"@type":"WebSite","@id":"https:\/\/sysmatec.ch\/de\/#website","url":"https:\/\/sysmatec.ch\/de\/","name":"Sysmatec","description":"Equipement de laboratoire et logiciels","publisher":{"@id":"https:\/\/sysmatec.ch\/de\/#organization"},"potentialAction":[{"@type":"SearchAction","target":{"@type":"EntryPoint","urlTemplate":"https:\/\/sysmatec.ch\/de\/?s={search_term_string}"},"query-input":{"@type":"PropertyValueSpecification","valueRequired":true,"valueName":"search_term_string"}}],"inLanguage":"de"},{"@type":"Organization","@id":"https:\/\/sysmatec.ch\/de\/#organization","name":"Sysmatec","url":"https:\/\/sysmatec.ch\/de\/","logo":{"@type":"ImageObject","inLanguage":"de","@id":"https:\/\/sysmatec.ch\/de\/#\/schema\/logo\/image\/","url":"https:\/\/sysmatec.ch\/wp-content\/uploads\/2018\/11\/LogoSysmatec.jpg","contentUrl":"https:\/\/sysmatec.ch\/wp-content\/uploads\/2018\/11\/LogoSysmatec.jpg","width":301,"height":297,"caption":"Sysmatec"},"image":{"@id":"https:\/\/sysmatec.ch\/de\/#\/schema\/logo\/image\/"}}]}},"_links":{"self":[{"href":"https:\/\/sysmatec.ch\/de\/wp-json\/wp\/v2\/product\/8947","targetHints":{"allow":["GET"]}}],"collection":[{"href":"https:\/\/sysmatec.ch\/de\/wp-json\/wp\/v2\/product"}],"about":[{"href":"https:\/\/sysmatec.ch\/de\/wp-json\/wp\/v2\/types\/product"}],"wp:featuredmedia":[{"embeddable":true,"href":"https:\/\/sysmatec.ch\/de\/wp-json\/wp\/v2\/media\/8945"}],"wp:attachment":[{"href":"https:\/\/sysmatec.ch\/de\/wp-json\/wp\/v2\/media?parent=8947"}],"wp:term":[{"taxonomy":"product_brand","embeddable":true,"href":"https:\/\/sysmatec.ch\/de\/wp-json\/wp\/v2\/product_brand?post=8947"},{"taxonomy":"product_cat","embeddable":true,"href":"https:\/\/sysmatec.ch\/de\/wp-json\/wp\/v2\/product_cat?post=8947"},{"taxonomy":"product_tag","embeddable":true,"href":"https:\/\/sysmatec.ch\/de\/wp-json\/wp\/v2\/product_tag?post=8947"}],"curies":[{"name":"wp","href":"https:\/\/api.w.org\/{rel}","templated":true}]}}