{"id":8895,"date":"2019-07-12T10:37:47","date_gmt":"2019-07-12T08:37:47","guid":{"rendered":"https:\/\/sysmatec.ch\/produit\/debitmetre-a-turbine-pel-l\/"},"modified":"2021-12-14T08:56:44","modified_gmt":"2021-12-14T07:56:44","slug":"turbinenrad-kleinstmengen-pel-l","status":"publish","type":"product","link":"https:\/\/sysmatec.ch\/de\/Produkt\/turbinenrad-kleinstmengen-pel-l\/","title":{"rendered":"Turbinenrad-Kleinstmengen PEL-L"},"content":{"rendered":"<p>Das auf einem Peltonrad basierende Geberprinzip zeichnet sich durch hohe Zuverl\u00e4ssigkeit aus &#8211; bewiesen in mehr als zehn Jahren praktischem Einsatz. Diese Durchflussmesser finden sich in zahlreichen verschiedenen Einrichtungen, wobei sie sich vor allem f\u00fcr die Messung von geringen Volumenstr\u00f6men von Medien wie Treibstoffen, destilliertem Wasser oder hei\u00dfen Fetten eignen. Mit Grenztemperaturen von 135 \u00b0C und Nenndr\u00fccken bis 345 bar (h\u00f6here Dr\u00fccke auf Anfrage), erf\u00fcllen die Geber fast alle industriellen Anforderungen. F\u00fcr die metallischen Teile wird nur V4A-Supra- Edelstahl (Wst.-Nr. 1.4571) verwendet. Schweizer Pr\u00e4zisions-Saphir-Lager gew\u00e4hrleisten lange Lebensdauer und Zuverl\u00e4ssigkeit.<\/p>\n<h2>Durchflussmesser Beschreibung<\/h2>\n<ul>\n<li type=\"disc\">Messbereich: 0.004 &#8211; 0.06 l\/min bis 0.1 &#8211; 28 l\/min Wasser<\/li>\n<li type=\"disc\">Anschluss: R \u00bc, R \u00bd<\/li>\n<li type=\"disc\">Material: Edelstahl, Aluminium<\/li>\n<li type=\"disc\">Druckbereich: 5 bis 345 bar<\/li>\n<li type=\"disc\">tmax: 70 \u00b0C (135 \u00b0C)<\/li>\n<li type=\"disc\">Genauigkeit: \u00b12 % vom ME<\/li>\n<li type=\"disc\">Ausgang: Impulsausgang<\/li>\n<\/ul>\n","protected":false},"excerpt":{"rendered":"<p>Turbinenrad-Kleinstmengen<\/p>\n","protected":false},"featured_media":8889,"template":"","meta":{"_crdt_document":""},"product_brand":[],"product_cat":[307,180],"product_tag":[],"class_list":{"0":"post-8895","1":"product","2":"type-product","3":"status-publish","4":"has-post-thumbnail","6":"product_cat-durchfluss","7":"product_cat-messung","9":"first","10":"instock","11":"taxable","12":"shipping-taxable","13":"product-type-simple"},"yoast_head":"<!-- This site is optimized with the Yoast SEO plugin v27.3 - https:\/\/yoast.com\/product\/yoast-seo-wordpress\/ -->\n<title>Turbinenrad-Kleinstmengen PEL-L - Sysmatec<\/title>\n<meta name=\"description\" content=\"Turbinen-Durchflussmesser zur Durchflussmessung in den Bereichen 0,004 - 0,06 l\/min bis 0,1 - 28 l\/min. Frequenzausgang.\" \/>\n<meta name=\"robots\" content=\"index, follow, max-snippet:-1, max-image-preview:large, max-video-preview:-1\" \/>\n<link rel=\"canonical\" href=\"https:\/\/sysmatec.ch\/de\/produit\/turbinenrad-kleinstmengen-pel-l\/\" \/>\n<meta property=\"og:locale\" content=\"de_DE\" \/>\n<meta property=\"og:type\" content=\"article\" \/>\n<meta property=\"og:title\" content=\"Turbinenrad-Kleinstmengen PEL-L - Sysmatec\" \/>\n<meta property=\"og:description\" content=\"Turbinen-Durchflussmesser zur Durchflussmessung in den Bereichen 0,004 - 0,06 l\/min bis 0,1 - 28 l\/min. Frequenzausgang.\" \/>\n<meta property=\"og:url\" content=\"https:\/\/sysmatec.ch\/de\/produit\/turbinenrad-kleinstmengen-pel-l\/\" \/>\n<meta property=\"og:site_name\" content=\"Sysmatec\" \/>\n<meta property=\"article:modified_time\" content=\"2021-12-14T07:56:44+00:00\" \/>\n<meta property=\"og:image\" content=\"https:\/\/sysmatec.ch\/wp-content\/uploads\/2019\/07\/Debit_KoboldPEL.jpg\" \/>\n\t<meta property=\"og:image:width\" content=\"183\" \/>\n\t<meta property=\"og:image:height\" content=\"146\" \/>\n\t<meta property=\"og:image:type\" content=\"image\/jpeg\" \/>\n<meta name=\"twitter:card\" content=\"summary_large_image\" \/>\n<meta name=\"twitter:label1\" content=\"Gesch\u00e4tzte Lesezeit\" \/>\n\t<meta name=\"twitter:data1\" content=\"1\u00a0Minute\" \/>\n<script type=\"application\/ld+json\" class=\"yoast-schema-graph\">{\"@context\":\"https:\\\/\\\/schema.org\",\"@graph\":[{\"@type\":\"WebPage\",\"@id\":\"https:\\\/\\\/sysmatec.ch\\\/de\\\/produit\\\/turbinenrad-kleinstmengen-pel-l\\\/\",\"url\":\"https:\\\/\\\/sysmatec.ch\\\/de\\\/produit\\\/turbinenrad-kleinstmengen-pel-l\\\/\",\"name\":\"Turbinenrad-Kleinstmengen PEL-L - Sysmatec\",\"isPartOf\":{\"@id\":\"https:\\\/\\\/sysmatec.ch\\\/de\\\/#website\"},\"primaryImageOfPage\":{\"@id\":\"https:\\\/\\\/sysmatec.ch\\\/de\\\/produit\\\/turbinenrad-kleinstmengen-pel-l\\\/#primaryimage\"},\"image\":{\"@id\":\"https:\\\/\\\/sysmatec.ch\\\/de\\\/produit\\\/turbinenrad-kleinstmengen-pel-l\\\/#primaryimage\"},\"thumbnailUrl\":\"https:\\\/\\\/sysmatec.ch\\\/wp-content\\\/uploads\\\/2019\\\/07\\\/Debit_KoboldPEL.jpg\",\"datePublished\":\"2019-07-12T08:37:47+00:00\",\"dateModified\":\"2021-12-14T07:56:44+00:00\",\"description\":\"Turbinen-Durchflussmesser zur Durchflussmessung in den Bereichen 0,004 - 0,06 l\\\/min bis 0,1 - 28 l\\\/min. Frequenzausgang.\",\"breadcrumb\":{\"@id\":\"https:\\\/\\\/sysmatec.ch\\\/de\\\/produit\\\/turbinenrad-kleinstmengen-pel-l\\\/#breadcrumb\"},\"inLanguage\":\"de\",\"potentialAction\":[{\"@type\":\"ReadAction\",\"target\":[\"https:\\\/\\\/sysmatec.ch\\\/de\\\/produit\\\/turbinenrad-kleinstmengen-pel-l\\\/\"]}]},{\"@type\":\"ImageObject\",\"inLanguage\":\"de\",\"@id\":\"https:\\\/\\\/sysmatec.ch\\\/de\\\/produit\\\/turbinenrad-kleinstmengen-pel-l\\\/#primaryimage\",\"url\":\"https:\\\/\\\/sysmatec.ch\\\/wp-content\\\/uploads\\\/2019\\\/07\\\/Debit_KoboldPEL.jpg\",\"contentUrl\":\"https:\\\/\\\/sysmatec.ch\\\/wp-content\\\/uploads\\\/2019\\\/07\\\/Debit_KoboldPEL.jpg\",\"width\":183,\"height\":146},{\"@type\":\"BreadcrumbList\",\"@id\":\"https:\\\/\\\/sysmatec.ch\\\/de\\\/produit\\\/turbinenrad-kleinstmengen-pel-l\\\/#breadcrumb\",\"itemListElement\":[{\"@type\":\"ListItem\",\"position\":1,\"name\":\"Accueil\",\"item\":\"https:\\\/\\\/sysmatec.ch\\\/de\\\/\"},{\"@type\":\"ListItem\",\"position\":2,\"name\":\"Die Aktivit\u00e4t von Sysmatec\",\"item\":\"https:\\\/\\\/sysmatec.ch\\\/de\\\/\"},{\"@type\":\"ListItem\",\"position\":3,\"name\":\"Turbinenrad-Kleinstmengen PEL-L\"}]},{\"@type\":\"WebSite\",\"@id\":\"https:\\\/\\\/sysmatec.ch\\\/de\\\/#website\",\"url\":\"https:\\\/\\\/sysmatec.ch\\\/de\\\/\",\"name\":\"Sysmatec\",\"description\":\"Equipement de laboratoire et logiciels\",\"publisher\":{\"@id\":\"https:\\\/\\\/sysmatec.ch\\\/de\\\/#organization\"},\"potentialAction\":[{\"@type\":\"SearchAction\",\"target\":{\"@type\":\"EntryPoint\",\"urlTemplate\":\"https:\\\/\\\/sysmatec.ch\\\/de\\\/?s={search_term_string}\"},\"query-input\":{\"@type\":\"PropertyValueSpecification\",\"valueRequired\":true,\"valueName\":\"search_term_string\"}}],\"inLanguage\":\"de\"},{\"@type\":\"Organization\",\"@id\":\"https:\\\/\\\/sysmatec.ch\\\/de\\\/#organization\",\"name\":\"Sysmatec\",\"url\":\"https:\\\/\\\/sysmatec.ch\\\/de\\\/\",\"logo\":{\"@type\":\"ImageObject\",\"inLanguage\":\"de\",\"@id\":\"https:\\\/\\\/sysmatec.ch\\\/de\\\/#\\\/schema\\\/logo\\\/image\\\/\",\"url\":\"https:\\\/\\\/sysmatec.ch\\\/wp-content\\\/uploads\\\/2018\\\/11\\\/LogoSysmatec.jpg\",\"contentUrl\":\"https:\\\/\\\/sysmatec.ch\\\/wp-content\\\/uploads\\\/2018\\\/11\\\/LogoSysmatec.jpg\",\"width\":301,\"height\":297,\"caption\":\"Sysmatec\"},\"image\":{\"@id\":\"https:\\\/\\\/sysmatec.ch\\\/de\\\/#\\\/schema\\\/logo\\\/image\\\/\"}}]}<\/script>\n<!-- \/ Yoast SEO plugin. -->","yoast_head_json":{"title":"Turbinenrad-Kleinstmengen PEL-L - Sysmatec","description":"Turbinen-Durchflussmesser zur Durchflussmessung in den Bereichen 0,004 - 0,06 l\/min bis 0,1 - 28 l\/min. Frequenzausgang.","robots":{"index":"index","follow":"follow","max-snippet":"max-snippet:-1","max-image-preview":"max-image-preview:large","max-video-preview":"max-video-preview:-1"},"canonical":"https:\/\/sysmatec.ch\/de\/produit\/turbinenrad-kleinstmengen-pel-l\/","og_locale":"de_DE","og_type":"article","og_title":"Turbinenrad-Kleinstmengen PEL-L - Sysmatec","og_description":"Turbinen-Durchflussmesser zur Durchflussmessung in den Bereichen 0,004 - 0,06 l\/min bis 0,1 - 28 l\/min. Frequenzausgang.","og_url":"https:\/\/sysmatec.ch\/de\/produit\/turbinenrad-kleinstmengen-pel-l\/","og_site_name":"Sysmatec","article_modified_time":"2021-12-14T07:56:44+00:00","og_image":[{"width":183,"height":146,"url":"https:\/\/sysmatec.ch\/wp-content\/uploads\/2019\/07\/Debit_KoboldPEL.jpg","type":"image\/jpeg"}],"twitter_card":"summary_large_image","twitter_misc":{"Gesch\u00e4tzte Lesezeit":"1\u00a0Minute"},"schema":{"@context":"https:\/\/schema.org","@graph":[{"@type":"WebPage","@id":"https:\/\/sysmatec.ch\/de\/produit\/turbinenrad-kleinstmengen-pel-l\/","url":"https:\/\/sysmatec.ch\/de\/produit\/turbinenrad-kleinstmengen-pel-l\/","name":"Turbinenrad-Kleinstmengen PEL-L - Sysmatec","isPartOf":{"@id":"https:\/\/sysmatec.ch\/de\/#website"},"primaryImageOfPage":{"@id":"https:\/\/sysmatec.ch\/de\/produit\/turbinenrad-kleinstmengen-pel-l\/#primaryimage"},"image":{"@id":"https:\/\/sysmatec.ch\/de\/produit\/turbinenrad-kleinstmengen-pel-l\/#primaryimage"},"thumbnailUrl":"https:\/\/sysmatec.ch\/wp-content\/uploads\/2019\/07\/Debit_KoboldPEL.jpg","datePublished":"2019-07-12T08:37:47+00:00","dateModified":"2021-12-14T07:56:44+00:00","description":"Turbinen-Durchflussmesser zur Durchflussmessung in den Bereichen 0,004 - 0,06 l\/min bis 0,1 - 28 l\/min. Frequenzausgang.","breadcrumb":{"@id":"https:\/\/sysmatec.ch\/de\/produit\/turbinenrad-kleinstmengen-pel-l\/#breadcrumb"},"inLanguage":"de","potentialAction":[{"@type":"ReadAction","target":["https:\/\/sysmatec.ch\/de\/produit\/turbinenrad-kleinstmengen-pel-l\/"]}]},{"@type":"ImageObject","inLanguage":"de","@id":"https:\/\/sysmatec.ch\/de\/produit\/turbinenrad-kleinstmengen-pel-l\/#primaryimage","url":"https:\/\/sysmatec.ch\/wp-content\/uploads\/2019\/07\/Debit_KoboldPEL.jpg","contentUrl":"https:\/\/sysmatec.ch\/wp-content\/uploads\/2019\/07\/Debit_KoboldPEL.jpg","width":183,"height":146},{"@type":"BreadcrumbList","@id":"https:\/\/sysmatec.ch\/de\/produit\/turbinenrad-kleinstmengen-pel-l\/#breadcrumb","itemListElement":[{"@type":"ListItem","position":1,"name":"Accueil","item":"https:\/\/sysmatec.ch\/de\/"},{"@type":"ListItem","position":2,"name":"Die Aktivit\u00e4t von Sysmatec","item":"https:\/\/sysmatec.ch\/de\/"},{"@type":"ListItem","position":3,"name":"Turbinenrad-Kleinstmengen PEL-L"}]},{"@type":"WebSite","@id":"https:\/\/sysmatec.ch\/de\/#website","url":"https:\/\/sysmatec.ch\/de\/","name":"Sysmatec","description":"Equipement de laboratoire et logiciels","publisher":{"@id":"https:\/\/sysmatec.ch\/de\/#organization"},"potentialAction":[{"@type":"SearchAction","target":{"@type":"EntryPoint","urlTemplate":"https:\/\/sysmatec.ch\/de\/?s={search_term_string}"},"query-input":{"@type":"PropertyValueSpecification","valueRequired":true,"valueName":"search_term_string"}}],"inLanguage":"de"},{"@type":"Organization","@id":"https:\/\/sysmatec.ch\/de\/#organization","name":"Sysmatec","url":"https:\/\/sysmatec.ch\/de\/","logo":{"@type":"ImageObject","inLanguage":"de","@id":"https:\/\/sysmatec.ch\/de\/#\/schema\/logo\/image\/","url":"https:\/\/sysmatec.ch\/wp-content\/uploads\/2018\/11\/LogoSysmatec.jpg","contentUrl":"https:\/\/sysmatec.ch\/wp-content\/uploads\/2018\/11\/LogoSysmatec.jpg","width":301,"height":297,"caption":"Sysmatec"},"image":{"@id":"https:\/\/sysmatec.ch\/de\/#\/schema\/logo\/image\/"}}]}},"_links":{"self":[{"href":"https:\/\/sysmatec.ch\/de\/wp-json\/wp\/v2\/product\/8895","targetHints":{"allow":["GET"]}}],"collection":[{"href":"https:\/\/sysmatec.ch\/de\/wp-json\/wp\/v2\/product"}],"about":[{"href":"https:\/\/sysmatec.ch\/de\/wp-json\/wp\/v2\/types\/product"}],"wp:featuredmedia":[{"embeddable":true,"href":"https:\/\/sysmatec.ch\/de\/wp-json\/wp\/v2\/media\/8889"}],"wp:attachment":[{"href":"https:\/\/sysmatec.ch\/de\/wp-json\/wp\/v2\/media?parent=8895"}],"wp:term":[{"taxonomy":"product_brand","embeddable":true,"href":"https:\/\/sysmatec.ch\/de\/wp-json\/wp\/v2\/product_brand?post=8895"},{"taxonomy":"product_cat","embeddable":true,"href":"https:\/\/sysmatec.ch\/de\/wp-json\/wp\/v2\/product_cat?post=8895"},{"taxonomy":"product_tag","embeddable":true,"href":"https:\/\/sysmatec.ch\/de\/wp-json\/wp\/v2\/product_tag?post=8895"}],"curies":[{"name":"wp","href":"https:\/\/api.w.org\/{rel}","templated":true}]}}