{"id":8891,"date":"2019-07-11T12:06:25","date_gmt":"2019-07-11T10:06:25","guid":{"rendered":"https:\/\/sysmatec.ch\/produit\/debitmetres-kff-kfg\/"},"modified":"2021-12-14T15:11:20","modified_gmt":"2021-12-14T14:11:20","slug":"durchflussmesser-kff-kfg","status":"publish","type":"product","link":"https:\/\/sysmatec.ch\/de\/Produkt\/durchflussmesser-kff-kfg\/","title":{"rendered":"Durchflussmesser KFF\/KFG"},"content":{"rendered":"<p>Sie dienen zur Erfassung kleiner und kleinster Volumenstr\u00f6me von Gasen (KFG) und Fl\u00fcssigkeiten (KFF). Die Medien m\u00fcssen durchl\u00e4ssig f\u00fcr Infrarotlicht sein. Die Ger\u00e4te der Serie KFF\/KFG 1000 sind in den Werkstoffen Ryton\u00ae, Messing und PTFE erh\u00e4ltlich und somit f\u00fcr viele Anwendungen in der Industrie, in Labors usw. einsetzbar.<\/p>\n<p>Der neue PTFE Sensor der Serie 1000 wird standardm\u00e4\u00dfig mit Analogausgang (0 bis 5 VDC) und Frequenzausgang geliefert. Bei den anderen Modellen ist der Frequenzausgang optional erh\u00e4ltlich. Die Ger\u00e4te der Serie KFF\/KFG 3000 sind in den Werkstoffen Ryton\u00ae und Messing erh\u00e4ltlich.<\/p>\n<p>Die Ger\u00e4te arbeiten nach dem Pelton prinzip. Das Fliessende Medium versetzt ein Fl\u00fcgelrad in Rotation. Die Drehbewegung wird \u00fcber Photodioden in elektrische Impluse umgesetzt. Der Durchfluss wird dann entweder als Frequenzsignal oder Analogsignale ausgegeben.<\/p>\n<h2>Durchflussmesser Eingeschaften<\/h2>\n<ul>\n<li type=\"disc\">Messbereich: 15 &#8211; 100 ml\/min bis 1 &#8211; 10 l\/min Wasser; 25 &#8211; 100 ml\/min bis 100 &#8211; 500 l\/min Luft<\/li>\n<li type=\"disc\">Anschluss: G \u215b &#8211; G \u00bd<\/li>\n<li type=\"disc\">Material: PPS, Messing, PTFE<\/li>\n<li type=\"disc\">Max Druck: 35 bar<\/li>\n<li type=\"disc\">Max Temperatur: 50\u00b0C<\/li>\n<li type=\"disc\">Genauigkeit: \u00b13 % vom ME<\/li>\n<li type=\"disc\">Viskosit\u00e4tsbereich: niederviskos<\/li>\n<li type=\"disc\">Ausg\u00e4nge: Impulsausgang und\/oder 0 &#8211; 5 V<\/li>\n<\/ul>\n","protected":false},"excerpt":{"rendered":"<p>Durchflussmesser<\/p>\n","protected":false},"featured_media":8886,"template":"","meta":{"_crdt_document":""},"product_brand":[],"product_cat":[307],"product_tag":[],"class_list":{"0":"post-8891","1":"product","2":"type-product","3":"status-publish","4":"has-post-thumbnail","6":"product_cat-durchfluss","8":"first","9":"instock","10":"taxable","11":"shipping-taxable","12":"product-type-simple"},"yoast_head":"<!-- This site is optimized with the Yoast SEO plugin v27.4 - https:\/\/yoast.com\/product\/yoast-seo-wordpress\/ -->\n<title>Durchflussmesser KFF\/KFG - Sysmatec<\/title>\n<meta name=\"description\" content=\"Laufrad-Durchflussmesser f\u00fcr sehr kleine Durchflussmengen. Zwei Versionen f\u00fcr Gas und Fl\u00fcssigkeiten. Impuls- oder Analogausgang.\" \/>\n<meta name=\"robots\" content=\"index, follow, max-snippet:-1, max-image-preview:large, max-video-preview:-1\" \/>\n<link rel=\"canonical\" href=\"https:\/\/sysmatec.ch\/de\/produit\/durchflussmesser-kff-kfg\/\" \/>\n<meta property=\"og:locale\" content=\"de_DE\" \/>\n<meta property=\"og:type\" content=\"article\" \/>\n<meta property=\"og:title\" content=\"Durchflussmesser KFF\/KFG - Sysmatec\" \/>\n<meta property=\"og:description\" content=\"Laufrad-Durchflussmesser f\u00fcr sehr kleine Durchflussmengen. Zwei Versionen f\u00fcr Gas und Fl\u00fcssigkeiten. Impuls- oder Analogausgang.\" \/>\n<meta property=\"og:url\" content=\"https:\/\/sysmatec.ch\/de\/produit\/durchflussmesser-kff-kfg\/\" \/>\n<meta property=\"og:site_name\" content=\"Sysmatec\" \/>\n<meta property=\"article:modified_time\" content=\"2021-12-14T14:11:20+00:00\" \/>\n<meta property=\"og:image\" content=\"https:\/\/sysmatec.ch\/wp-content\/uploads\/2019\/07\/Debit_KoboldKFF1.jpg\" \/>\n\t<meta property=\"og:image:width\" content=\"190\" \/>\n\t<meta property=\"og:image:height\" content=\"154\" \/>\n\t<meta property=\"og:image:type\" content=\"image\/jpeg\" \/>\n<meta name=\"twitter:card\" content=\"summary_large_image\" \/>\n<meta name=\"twitter:label1\" content=\"Gesch\u00e4tzte Lesezeit\" \/>\n\t<meta name=\"twitter:data1\" content=\"1\u00a0Minute\" \/>\n<script type=\"application\/ld+json\" class=\"yoast-schema-graph\">{\"@context\":\"https:\\\/\\\/schema.org\",\"@graph\":[{\"@type\":\"WebPage\",\"@id\":\"https:\\\/\\\/sysmatec.ch\\\/de\\\/produit\\\/durchflussmesser-kff-kfg\\\/\",\"url\":\"https:\\\/\\\/sysmatec.ch\\\/de\\\/produit\\\/durchflussmesser-kff-kfg\\\/\",\"name\":\"Durchflussmesser KFF\\\/KFG - Sysmatec\",\"isPartOf\":{\"@id\":\"https:\\\/\\\/sysmatec.ch\\\/de\\\/#website\"},\"primaryImageOfPage\":{\"@id\":\"https:\\\/\\\/sysmatec.ch\\\/de\\\/produit\\\/durchflussmesser-kff-kfg\\\/#primaryimage\"},\"image\":{\"@id\":\"https:\\\/\\\/sysmatec.ch\\\/de\\\/produit\\\/durchflussmesser-kff-kfg\\\/#primaryimage\"},\"thumbnailUrl\":\"https:\\\/\\\/sysmatec.ch\\\/wp-content\\\/uploads\\\/2019\\\/07\\\/Debit_KoboldKFF1.jpg\",\"datePublished\":\"2019-07-11T10:06:25+00:00\",\"dateModified\":\"2021-12-14T14:11:20+00:00\",\"description\":\"Laufrad-Durchflussmesser f\u00fcr sehr kleine Durchflussmengen. Zwei Versionen f\u00fcr Gas und Fl\u00fcssigkeiten. Impuls- oder Analogausgang.\",\"breadcrumb\":{\"@id\":\"https:\\\/\\\/sysmatec.ch\\\/de\\\/produit\\\/durchflussmesser-kff-kfg\\\/#breadcrumb\"},\"inLanguage\":\"de\",\"potentialAction\":[{\"@type\":\"ReadAction\",\"target\":[\"https:\\\/\\\/sysmatec.ch\\\/de\\\/produit\\\/durchflussmesser-kff-kfg\\\/\"]}]},{\"@type\":\"ImageObject\",\"inLanguage\":\"de\",\"@id\":\"https:\\\/\\\/sysmatec.ch\\\/de\\\/produit\\\/durchflussmesser-kff-kfg\\\/#primaryimage\",\"url\":\"https:\\\/\\\/sysmatec.ch\\\/wp-content\\\/uploads\\\/2019\\\/07\\\/Debit_KoboldKFF1.jpg\",\"contentUrl\":\"https:\\\/\\\/sysmatec.ch\\\/wp-content\\\/uploads\\\/2019\\\/07\\\/Debit_KoboldKFF1.jpg\",\"width\":190,\"height\":154},{\"@type\":\"BreadcrumbList\",\"@id\":\"https:\\\/\\\/sysmatec.ch\\\/de\\\/produit\\\/durchflussmesser-kff-kfg\\\/#breadcrumb\",\"itemListElement\":[{\"@type\":\"ListItem\",\"position\":1,\"name\":\"Accueil\",\"item\":\"https:\\\/\\\/sysmatec.ch\\\/de\\\/\"},{\"@type\":\"ListItem\",\"position\":2,\"name\":\"Die Aktivit\u00e4t von Sysmatec\",\"item\":\"https:\\\/\\\/sysmatec.ch\\\/de\\\/\"},{\"@type\":\"ListItem\",\"position\":3,\"name\":\"Durchflussmesser KFF\\\/KFG\"}]},{\"@type\":\"WebSite\",\"@id\":\"https:\\\/\\\/sysmatec.ch\\\/de\\\/#website\",\"url\":\"https:\\\/\\\/sysmatec.ch\\\/de\\\/\",\"name\":\"Sysmatec\",\"description\":\"Equipement de laboratoire et logiciels\",\"publisher\":{\"@id\":\"https:\\\/\\\/sysmatec.ch\\\/de\\\/#organization\"},\"potentialAction\":[{\"@type\":\"SearchAction\",\"target\":{\"@type\":\"EntryPoint\",\"urlTemplate\":\"https:\\\/\\\/sysmatec.ch\\\/de\\\/?s={search_term_string}\"},\"query-input\":{\"@type\":\"PropertyValueSpecification\",\"valueRequired\":true,\"valueName\":\"search_term_string\"}}],\"inLanguage\":\"de\"},{\"@type\":\"Organization\",\"@id\":\"https:\\\/\\\/sysmatec.ch\\\/de\\\/#organization\",\"name\":\"Sysmatec\",\"url\":\"https:\\\/\\\/sysmatec.ch\\\/de\\\/\",\"logo\":{\"@type\":\"ImageObject\",\"inLanguage\":\"de\",\"@id\":\"https:\\\/\\\/sysmatec.ch\\\/de\\\/#\\\/schema\\\/logo\\\/image\\\/\",\"url\":\"https:\\\/\\\/sysmatec.ch\\\/wp-content\\\/uploads\\\/2018\\\/11\\\/LogoSysmatec.jpg\",\"contentUrl\":\"https:\\\/\\\/sysmatec.ch\\\/wp-content\\\/uploads\\\/2018\\\/11\\\/LogoSysmatec.jpg\",\"width\":301,\"height\":297,\"caption\":\"Sysmatec\"},\"image\":{\"@id\":\"https:\\\/\\\/sysmatec.ch\\\/de\\\/#\\\/schema\\\/logo\\\/image\\\/\"}}]}<\/script>\n<!-- \/ Yoast SEO plugin. -->","yoast_head_json":{"title":"Durchflussmesser KFF\/KFG - Sysmatec","description":"Laufrad-Durchflussmesser f\u00fcr sehr kleine Durchflussmengen. Zwei Versionen f\u00fcr Gas und Fl\u00fcssigkeiten. Impuls- oder Analogausgang.","robots":{"index":"index","follow":"follow","max-snippet":"max-snippet:-1","max-image-preview":"max-image-preview:large","max-video-preview":"max-video-preview:-1"},"canonical":"https:\/\/sysmatec.ch\/de\/produit\/durchflussmesser-kff-kfg\/","og_locale":"de_DE","og_type":"article","og_title":"Durchflussmesser KFF\/KFG - Sysmatec","og_description":"Laufrad-Durchflussmesser f\u00fcr sehr kleine Durchflussmengen. Zwei Versionen f\u00fcr Gas und Fl\u00fcssigkeiten. Impuls- oder Analogausgang.","og_url":"https:\/\/sysmatec.ch\/de\/produit\/durchflussmesser-kff-kfg\/","og_site_name":"Sysmatec","article_modified_time":"2021-12-14T14:11:20+00:00","og_image":[{"width":190,"height":154,"url":"https:\/\/sysmatec.ch\/wp-content\/uploads\/2019\/07\/Debit_KoboldKFF1.jpg","type":"image\/jpeg"}],"twitter_card":"summary_large_image","twitter_misc":{"Gesch\u00e4tzte Lesezeit":"1\u00a0Minute"},"schema":{"@context":"https:\/\/schema.org","@graph":[{"@type":"WebPage","@id":"https:\/\/sysmatec.ch\/de\/produit\/durchflussmesser-kff-kfg\/","url":"https:\/\/sysmatec.ch\/de\/produit\/durchflussmesser-kff-kfg\/","name":"Durchflussmesser KFF\/KFG - Sysmatec","isPartOf":{"@id":"https:\/\/sysmatec.ch\/de\/#website"},"primaryImageOfPage":{"@id":"https:\/\/sysmatec.ch\/de\/produit\/durchflussmesser-kff-kfg\/#primaryimage"},"image":{"@id":"https:\/\/sysmatec.ch\/de\/produit\/durchflussmesser-kff-kfg\/#primaryimage"},"thumbnailUrl":"https:\/\/sysmatec.ch\/wp-content\/uploads\/2019\/07\/Debit_KoboldKFF1.jpg","datePublished":"2019-07-11T10:06:25+00:00","dateModified":"2021-12-14T14:11:20+00:00","description":"Laufrad-Durchflussmesser f\u00fcr sehr kleine Durchflussmengen. Zwei Versionen f\u00fcr Gas und Fl\u00fcssigkeiten. Impuls- oder Analogausgang.","breadcrumb":{"@id":"https:\/\/sysmatec.ch\/de\/produit\/durchflussmesser-kff-kfg\/#breadcrumb"},"inLanguage":"de","potentialAction":[{"@type":"ReadAction","target":["https:\/\/sysmatec.ch\/de\/produit\/durchflussmesser-kff-kfg\/"]}]},{"@type":"ImageObject","inLanguage":"de","@id":"https:\/\/sysmatec.ch\/de\/produit\/durchflussmesser-kff-kfg\/#primaryimage","url":"https:\/\/sysmatec.ch\/wp-content\/uploads\/2019\/07\/Debit_KoboldKFF1.jpg","contentUrl":"https:\/\/sysmatec.ch\/wp-content\/uploads\/2019\/07\/Debit_KoboldKFF1.jpg","width":190,"height":154},{"@type":"BreadcrumbList","@id":"https:\/\/sysmatec.ch\/de\/produit\/durchflussmesser-kff-kfg\/#breadcrumb","itemListElement":[{"@type":"ListItem","position":1,"name":"Accueil","item":"https:\/\/sysmatec.ch\/de\/"},{"@type":"ListItem","position":2,"name":"Die Aktivit\u00e4t von Sysmatec","item":"https:\/\/sysmatec.ch\/de\/"},{"@type":"ListItem","position":3,"name":"Durchflussmesser KFF\/KFG"}]},{"@type":"WebSite","@id":"https:\/\/sysmatec.ch\/de\/#website","url":"https:\/\/sysmatec.ch\/de\/","name":"Sysmatec","description":"Equipement de laboratoire et logiciels","publisher":{"@id":"https:\/\/sysmatec.ch\/de\/#organization"},"potentialAction":[{"@type":"SearchAction","target":{"@type":"EntryPoint","urlTemplate":"https:\/\/sysmatec.ch\/de\/?s={search_term_string}"},"query-input":{"@type":"PropertyValueSpecification","valueRequired":true,"valueName":"search_term_string"}}],"inLanguage":"de"},{"@type":"Organization","@id":"https:\/\/sysmatec.ch\/de\/#organization","name":"Sysmatec","url":"https:\/\/sysmatec.ch\/de\/","logo":{"@type":"ImageObject","inLanguage":"de","@id":"https:\/\/sysmatec.ch\/de\/#\/schema\/logo\/image\/","url":"https:\/\/sysmatec.ch\/wp-content\/uploads\/2018\/11\/LogoSysmatec.jpg","contentUrl":"https:\/\/sysmatec.ch\/wp-content\/uploads\/2018\/11\/LogoSysmatec.jpg","width":301,"height":297,"caption":"Sysmatec"},"image":{"@id":"https:\/\/sysmatec.ch\/de\/#\/schema\/logo\/image\/"}}]}},"_links":{"self":[{"href":"https:\/\/sysmatec.ch\/de\/wp-json\/wp\/v2\/product\/8891","targetHints":{"allow":["GET"]}}],"collection":[{"href":"https:\/\/sysmatec.ch\/de\/wp-json\/wp\/v2\/product"}],"about":[{"href":"https:\/\/sysmatec.ch\/de\/wp-json\/wp\/v2\/types\/product"}],"wp:featuredmedia":[{"embeddable":true,"href":"https:\/\/sysmatec.ch\/de\/wp-json\/wp\/v2\/media\/8886"}],"wp:attachment":[{"href":"https:\/\/sysmatec.ch\/de\/wp-json\/wp\/v2\/media?parent=8891"}],"wp:term":[{"taxonomy":"product_brand","embeddable":true,"href":"https:\/\/sysmatec.ch\/de\/wp-json\/wp\/v2\/product_brand?post=8891"},{"taxonomy":"product_cat","embeddable":true,"href":"https:\/\/sysmatec.ch\/de\/wp-json\/wp\/v2\/product_cat?post=8891"},{"taxonomy":"product_tag","embeddable":true,"href":"https:\/\/sysmatec.ch\/de\/wp-json\/wp\/v2\/product_tag?post=8891"}],"curies":[{"name":"wp","href":"https:\/\/api.w.org\/{rel}","templated":true}]}}