{"id":8880,"date":"2019-07-11T11:55:31","date_gmt":"2019-07-11T09:55:31","guid":{"rendered":"https:\/\/sysmatec.ch\/produit\/capteur-de-debit-ultra-precis-ee75\/"},"modified":"2021-12-14T15:21:43","modified_gmt":"2021-12-14T14:21:43","slug":"hochgenauer-stroemungssensor-ee75","status":"publish","type":"product","link":"https:\/\/sysmatec.ch\/de\/Produkt\/hochgenauer-stroemungssensor-ee75\/","title":{"rendered":"Hochgenauer Str\u00f6mungssensor EE75"},"content":{"rendered":"<p>Der neue Str\u00f6mungsmessumformer EE75 erlaubt die pr\u00e4zise Messung von Luftgeschwindigkeiten und Gasstr\u00f6mungen im Bereich zwischen 0 und 40m\/s.<\/p>\n<p>Das daf\u00fcr verwendete hochqualitative Hei\u00dffilm-Sensorelement basiert auf modernster D\u00fcnnschichttechnologie und garantiert h\u00f6chste Sensitivit\u00e4t selbst bei geringsten Massenstr\u00f6men. Die Abh\u00e4ngigkeit der Messergebnisse vom Anstr\u00f6mwinkel wurde auf Grund der innovativen Konstruktion des F\u00fchlerkopfes auf ein Minimum reduziert.<\/p>\n<p>Die integrierte Temperaturkompensation reduziert die Temperaturquerempfindlichkeit dieses Messumformers auf ein Minimum. In Verbindung mit dem robusten Metallgeh\u00e4use erlaubt dies den Einsatz und die Messung bei Prozesstemperaturen von -40 bis +120\u00b0C.<\/p>\n<p>Um der jeweiligen Anwendung optimal gerecht zu werden, stehen Modelle zur Kanal- und Wandmontage, sowie mit einem bis zu 10m absetzbaren Messf\u00fchler zur Verf\u00fcgung. Bis 10bar druckdichte Bauformen mit abgesetztem F\u00fchler und zur Kanalmontage komplettieren die Modellvielfalt.<\/p>\n<h2>Durchflussmesser Eingenschaften<\/h2>\n<ul>\n<li type=\"disc\">Verf\u00fcgbare Meesbereiche: 0 bis 2 m\/s, 0 bis 10 m\/s, 0 bis 40 m\/s<\/li>\n<li type=\"disc\">Temperatur Messbereich (Sonde): -40 bis 120 \u00b0C<\/li>\n<li type=\"disc\">Ansprechzeit: 10 s<\/li>\n<li type=\"disc\">Analoge Ausg\u00e4nge: 0-10V oder 0\/4-20 mA<\/li>\n<li type=\"disc\">Stromspeisung: 24 V DC\/AC +\/- 20 %<\/li>\n<li type=\"disc\">Dichtigkeit bis 10 Bar<\/li>\n<li type=\"disc\">Feuchtebereich: 0-99 %RF, keine Kondensation<\/li>\n<\/ul>\n","protected":false},"excerpt":{"rendered":"<p>Hochgenauer Str\u00f6mungssensor<\/p>\n","protected":false},"featured_media":8878,"template":"","meta":{"_crdt_document":""},"product_brand":[],"product_cat":[307],"product_tag":[],"class_list":{"0":"post-8880","1":"product","2":"type-product","3":"status-publish","4":"has-post-thumbnail","6":"product_cat-durchfluss","8":"first","9":"instock","10":"taxable","11":"shipping-taxable","12":"product-type-simple"},"yoast_head":"<!-- This site is optimized with the Yoast SEO plugin v27.3 - https:\/\/yoast.com\/product\/yoast-seo-wordpress\/ -->\n<title>Hochgenauer Str\u00f6mungssensor EE75 - Sysmatec<\/title>\n<meta name=\"description\" content=\"Luftkanal-Durchflussmesser. Es misst die Geschwindigkeit der Luftbewegung. Dieser kann bei bekannter Schnittmenge in Volumenstrom umgerechnet werden.\" \/>\n<meta name=\"robots\" content=\"index, follow, max-snippet:-1, max-image-preview:large, max-video-preview:-1\" \/>\n<link rel=\"canonical\" href=\"https:\/\/sysmatec.ch\/de\/produit\/hochgenauer-stroemungssensor-ee75\/\" \/>\n<meta property=\"og:locale\" content=\"de_DE\" \/>\n<meta property=\"og:type\" content=\"article\" \/>\n<meta property=\"og:title\" content=\"Hochgenauer Str\u00f6mungssensor EE75 - Sysmatec\" \/>\n<meta property=\"og:description\" content=\"Luftkanal-Durchflussmesser. Es misst die Geschwindigkeit der Luftbewegung. Dieser kann bei bekannter Schnittmenge in Volumenstrom umgerechnet werden.\" \/>\n<meta property=\"og:url\" content=\"https:\/\/sysmatec.ch\/de\/produit\/hochgenauer-stroemungssensor-ee75\/\" \/>\n<meta property=\"og:site_name\" content=\"Sysmatec\" \/>\n<meta property=\"article:modified_time\" content=\"2021-12-14T14:21:43+00:00\" \/>\n<meta property=\"og:image\" content=\"https:\/\/sysmatec.ch\/wp-content\/uploads\/2019\/07\/Debit_EPLUSEE75.jpg\" \/>\n\t<meta property=\"og:image:width\" content=\"189\" \/>\n\t<meta property=\"og:image:height\" content=\"142\" \/>\n\t<meta property=\"og:image:type\" content=\"image\/jpeg\" \/>\n<meta name=\"twitter:card\" content=\"summary_large_image\" \/>\n<meta name=\"twitter:label1\" content=\"Gesch\u00e4tzte Lesezeit\" \/>\n\t<meta name=\"twitter:data1\" content=\"1\u00a0Minute\" \/>\n<script type=\"application\/ld+json\" class=\"yoast-schema-graph\">{\"@context\":\"https:\\\/\\\/schema.org\",\"@graph\":[{\"@type\":\"WebPage\",\"@id\":\"https:\\\/\\\/sysmatec.ch\\\/de\\\/produit\\\/hochgenauer-stroemungssensor-ee75\\\/\",\"url\":\"https:\\\/\\\/sysmatec.ch\\\/de\\\/produit\\\/hochgenauer-stroemungssensor-ee75\\\/\",\"name\":\"Hochgenauer Str\u00f6mungssensor EE75 - Sysmatec\",\"isPartOf\":{\"@id\":\"https:\\\/\\\/sysmatec.ch\\\/de\\\/#website\"},\"primaryImageOfPage\":{\"@id\":\"https:\\\/\\\/sysmatec.ch\\\/de\\\/produit\\\/hochgenauer-stroemungssensor-ee75\\\/#primaryimage\"},\"image\":{\"@id\":\"https:\\\/\\\/sysmatec.ch\\\/de\\\/produit\\\/hochgenauer-stroemungssensor-ee75\\\/#primaryimage\"},\"thumbnailUrl\":\"https:\\\/\\\/sysmatec.ch\\\/wp-content\\\/uploads\\\/2019\\\/07\\\/Debit_EPLUSEE75.jpg\",\"datePublished\":\"2019-07-11T09:55:31+00:00\",\"dateModified\":\"2021-12-14T14:21:43+00:00\",\"description\":\"Luftkanal-Durchflussmesser. Es misst die Geschwindigkeit der Luftbewegung. Dieser kann bei bekannter Schnittmenge in Volumenstrom umgerechnet werden.\",\"breadcrumb\":{\"@id\":\"https:\\\/\\\/sysmatec.ch\\\/de\\\/produit\\\/hochgenauer-stroemungssensor-ee75\\\/#breadcrumb\"},\"inLanguage\":\"de\",\"potentialAction\":[{\"@type\":\"ReadAction\",\"target\":[\"https:\\\/\\\/sysmatec.ch\\\/de\\\/produit\\\/hochgenauer-stroemungssensor-ee75\\\/\"]}]},{\"@type\":\"ImageObject\",\"inLanguage\":\"de\",\"@id\":\"https:\\\/\\\/sysmatec.ch\\\/de\\\/produit\\\/hochgenauer-stroemungssensor-ee75\\\/#primaryimage\",\"url\":\"https:\\\/\\\/sysmatec.ch\\\/wp-content\\\/uploads\\\/2019\\\/07\\\/Debit_EPLUSEE75.jpg\",\"contentUrl\":\"https:\\\/\\\/sysmatec.ch\\\/wp-content\\\/uploads\\\/2019\\\/07\\\/Debit_EPLUSEE75.jpg\",\"width\":189,\"height\":142},{\"@type\":\"BreadcrumbList\",\"@id\":\"https:\\\/\\\/sysmatec.ch\\\/de\\\/produit\\\/hochgenauer-stroemungssensor-ee75\\\/#breadcrumb\",\"itemListElement\":[{\"@type\":\"ListItem\",\"position\":1,\"name\":\"Accueil\",\"item\":\"https:\\\/\\\/sysmatec.ch\\\/de\\\/\"},{\"@type\":\"ListItem\",\"position\":2,\"name\":\"Die Aktivit\u00e4t von Sysmatec\",\"item\":\"https:\\\/\\\/sysmatec.ch\\\/de\\\/\"},{\"@type\":\"ListItem\",\"position\":3,\"name\":\"Hochgenauer Str\u00f6mungssensor EE75\"}]},{\"@type\":\"WebSite\",\"@id\":\"https:\\\/\\\/sysmatec.ch\\\/de\\\/#website\",\"url\":\"https:\\\/\\\/sysmatec.ch\\\/de\\\/\",\"name\":\"Sysmatec\",\"description\":\"Equipement de laboratoire et logiciels\",\"publisher\":{\"@id\":\"https:\\\/\\\/sysmatec.ch\\\/de\\\/#organization\"},\"potentialAction\":[{\"@type\":\"SearchAction\",\"target\":{\"@type\":\"EntryPoint\",\"urlTemplate\":\"https:\\\/\\\/sysmatec.ch\\\/de\\\/?s={search_term_string}\"},\"query-input\":{\"@type\":\"PropertyValueSpecification\",\"valueRequired\":true,\"valueName\":\"search_term_string\"}}],\"inLanguage\":\"de\"},{\"@type\":\"Organization\",\"@id\":\"https:\\\/\\\/sysmatec.ch\\\/de\\\/#organization\",\"name\":\"Sysmatec\",\"url\":\"https:\\\/\\\/sysmatec.ch\\\/de\\\/\",\"logo\":{\"@type\":\"ImageObject\",\"inLanguage\":\"de\",\"@id\":\"https:\\\/\\\/sysmatec.ch\\\/de\\\/#\\\/schema\\\/logo\\\/image\\\/\",\"url\":\"https:\\\/\\\/sysmatec.ch\\\/wp-content\\\/uploads\\\/2018\\\/11\\\/LogoSysmatec.jpg\",\"contentUrl\":\"https:\\\/\\\/sysmatec.ch\\\/wp-content\\\/uploads\\\/2018\\\/11\\\/LogoSysmatec.jpg\",\"width\":301,\"height\":297,\"caption\":\"Sysmatec\"},\"image\":{\"@id\":\"https:\\\/\\\/sysmatec.ch\\\/de\\\/#\\\/schema\\\/logo\\\/image\\\/\"}}]}<\/script>\n<!-- \/ Yoast SEO plugin. -->","yoast_head_json":{"title":"Hochgenauer Str\u00f6mungssensor EE75 - Sysmatec","description":"Luftkanal-Durchflussmesser. Es misst die Geschwindigkeit der Luftbewegung. Dieser kann bei bekannter Schnittmenge in Volumenstrom umgerechnet werden.","robots":{"index":"index","follow":"follow","max-snippet":"max-snippet:-1","max-image-preview":"max-image-preview:large","max-video-preview":"max-video-preview:-1"},"canonical":"https:\/\/sysmatec.ch\/de\/produit\/hochgenauer-stroemungssensor-ee75\/","og_locale":"de_DE","og_type":"article","og_title":"Hochgenauer Str\u00f6mungssensor EE75 - Sysmatec","og_description":"Luftkanal-Durchflussmesser. Es misst die Geschwindigkeit der Luftbewegung. Dieser kann bei bekannter Schnittmenge in Volumenstrom umgerechnet werden.","og_url":"https:\/\/sysmatec.ch\/de\/produit\/hochgenauer-stroemungssensor-ee75\/","og_site_name":"Sysmatec","article_modified_time":"2021-12-14T14:21:43+00:00","og_image":[{"width":189,"height":142,"url":"https:\/\/sysmatec.ch\/wp-content\/uploads\/2019\/07\/Debit_EPLUSEE75.jpg","type":"image\/jpeg"}],"twitter_card":"summary_large_image","twitter_misc":{"Gesch\u00e4tzte Lesezeit":"1\u00a0Minute"},"schema":{"@context":"https:\/\/schema.org","@graph":[{"@type":"WebPage","@id":"https:\/\/sysmatec.ch\/de\/produit\/hochgenauer-stroemungssensor-ee75\/","url":"https:\/\/sysmatec.ch\/de\/produit\/hochgenauer-stroemungssensor-ee75\/","name":"Hochgenauer Str\u00f6mungssensor EE75 - Sysmatec","isPartOf":{"@id":"https:\/\/sysmatec.ch\/de\/#website"},"primaryImageOfPage":{"@id":"https:\/\/sysmatec.ch\/de\/produit\/hochgenauer-stroemungssensor-ee75\/#primaryimage"},"image":{"@id":"https:\/\/sysmatec.ch\/de\/produit\/hochgenauer-stroemungssensor-ee75\/#primaryimage"},"thumbnailUrl":"https:\/\/sysmatec.ch\/wp-content\/uploads\/2019\/07\/Debit_EPLUSEE75.jpg","datePublished":"2019-07-11T09:55:31+00:00","dateModified":"2021-12-14T14:21:43+00:00","description":"Luftkanal-Durchflussmesser. Es misst die Geschwindigkeit der Luftbewegung. Dieser kann bei bekannter Schnittmenge in Volumenstrom umgerechnet werden.","breadcrumb":{"@id":"https:\/\/sysmatec.ch\/de\/produit\/hochgenauer-stroemungssensor-ee75\/#breadcrumb"},"inLanguage":"de","potentialAction":[{"@type":"ReadAction","target":["https:\/\/sysmatec.ch\/de\/produit\/hochgenauer-stroemungssensor-ee75\/"]}]},{"@type":"ImageObject","inLanguage":"de","@id":"https:\/\/sysmatec.ch\/de\/produit\/hochgenauer-stroemungssensor-ee75\/#primaryimage","url":"https:\/\/sysmatec.ch\/wp-content\/uploads\/2019\/07\/Debit_EPLUSEE75.jpg","contentUrl":"https:\/\/sysmatec.ch\/wp-content\/uploads\/2019\/07\/Debit_EPLUSEE75.jpg","width":189,"height":142},{"@type":"BreadcrumbList","@id":"https:\/\/sysmatec.ch\/de\/produit\/hochgenauer-stroemungssensor-ee75\/#breadcrumb","itemListElement":[{"@type":"ListItem","position":1,"name":"Accueil","item":"https:\/\/sysmatec.ch\/de\/"},{"@type":"ListItem","position":2,"name":"Die Aktivit\u00e4t von Sysmatec","item":"https:\/\/sysmatec.ch\/de\/"},{"@type":"ListItem","position":3,"name":"Hochgenauer Str\u00f6mungssensor EE75"}]},{"@type":"WebSite","@id":"https:\/\/sysmatec.ch\/de\/#website","url":"https:\/\/sysmatec.ch\/de\/","name":"Sysmatec","description":"Equipement de laboratoire et logiciels","publisher":{"@id":"https:\/\/sysmatec.ch\/de\/#organization"},"potentialAction":[{"@type":"SearchAction","target":{"@type":"EntryPoint","urlTemplate":"https:\/\/sysmatec.ch\/de\/?s={search_term_string}"},"query-input":{"@type":"PropertyValueSpecification","valueRequired":true,"valueName":"search_term_string"}}],"inLanguage":"de"},{"@type":"Organization","@id":"https:\/\/sysmatec.ch\/de\/#organization","name":"Sysmatec","url":"https:\/\/sysmatec.ch\/de\/","logo":{"@type":"ImageObject","inLanguage":"de","@id":"https:\/\/sysmatec.ch\/de\/#\/schema\/logo\/image\/","url":"https:\/\/sysmatec.ch\/wp-content\/uploads\/2018\/11\/LogoSysmatec.jpg","contentUrl":"https:\/\/sysmatec.ch\/wp-content\/uploads\/2018\/11\/LogoSysmatec.jpg","width":301,"height":297,"caption":"Sysmatec"},"image":{"@id":"https:\/\/sysmatec.ch\/de\/#\/schema\/logo\/image\/"}}]}},"_links":{"self":[{"href":"https:\/\/sysmatec.ch\/de\/wp-json\/wp\/v2\/product\/8880","targetHints":{"allow":["GET"]}}],"collection":[{"href":"https:\/\/sysmatec.ch\/de\/wp-json\/wp\/v2\/product"}],"about":[{"href":"https:\/\/sysmatec.ch\/de\/wp-json\/wp\/v2\/types\/product"}],"wp:featuredmedia":[{"embeddable":true,"href":"https:\/\/sysmatec.ch\/de\/wp-json\/wp\/v2\/media\/8878"}],"wp:attachment":[{"href":"https:\/\/sysmatec.ch\/de\/wp-json\/wp\/v2\/media?parent=8880"}],"wp:term":[{"taxonomy":"product_brand","embeddable":true,"href":"https:\/\/sysmatec.ch\/de\/wp-json\/wp\/v2\/product_brand?post=8880"},{"taxonomy":"product_cat","embeddable":true,"href":"https:\/\/sysmatec.ch\/de\/wp-json\/wp\/v2\/product_cat?post=8880"},{"taxonomy":"product_tag","embeddable":true,"href":"https:\/\/sysmatec.ch\/de\/wp-json\/wp\/v2\/product_tag?post=8880"}],"curies":[{"name":"wp","href":"https:\/\/api.w.org\/{rel}","templated":true}]}}