{"id":8867,"date":"2019-07-11T11:29:20","date_gmt":"2019-07-11T09:29:20","guid":{"rendered":"https:\/\/sysmatec.ch\/produit\/anemometre-testo-417\/"},"modified":"2021-12-15T08:06:38","modified_gmt":"2021-12-15T07:06:38","slug":"fluegelrad-anemometer-testo-417","status":"publish","type":"product","link":"https:\/\/sysmatec.ch\/de\/Produkt\/fluegelrad-anemometer-testo-417\/","title":{"rendered":"Fl\u00fcgelrad-Anemometer Testo 417"},"content":{"rendered":"<h2>Anemometer Beschreibung<\/h2>\n<ul>\n<li>Fl\u00fcgelrad-Anemometer mit integriertem 100 mm Fl\u00fcgelrad, inkl. Temperaturmessung (F\u00fchlertyp NTC)<\/li>\n<li>Optionale Trichter-Set f\u00fcr Messungen an L\u00fcftungsgittern und Tellerventilen<\/li>\n<li>Richtungserkennung der Str\u00f6mung<\/li>\n<li>Messung von Temperatur, Str\u00f6mung und Volumenstrom<\/li>\n<li>Punktuelle und zeitliche Mittelwertbildung<\/li>\n<li>Max-\/Min-Werte<\/li>\n<li>Hold-Taste zum Festhalten des Messwertes<\/li>\n<li>Messbereich Str\u00f6mung: +0.3 bis +20 m\/s<\/li>\n<li>Genauigkeit: \u00b1(0.1 m\/s +1.5% Messwert)<\/li>\n<li>Aufl\u00f6sung: 0.01 m\/s<\/li>\n<li>Messbereich Temperatur: 0 bis +50 \u00b0C<\/li>\n<li>Genauigkeit: \u00b10.5 \u00b0C<\/li>\n<li>Aufl\u00f6sung: 0.1 \u00b0C<\/li>\n<\/ul>\n","protected":false},"excerpt":{"rendered":"<p>Fl\u00fcgelrad-Anemometer<\/p>\n","protected":false},"featured_media":8858,"template":"","meta":{"_crdt_document":""},"product_brand":[],"product_cat":[307],"product_tag":[],"class_list":{"0":"post-8867","1":"product","2":"type-product","3":"status-publish","4":"has-post-thumbnail","6":"product_cat-durchfluss","8":"first","9":"instock","10":"taxable","11":"shipping-taxable","12":"purchasable","13":"product-type-simple"},"yoast_head":"<!-- This site is optimized with the Yoast SEO plugin v27.3 - https:\/\/yoast.com\/product\/yoast-seo-wordpress\/ -->\n<title>Fl\u00fcgelrad-Anemometer Testo 417 - Sysmatec<\/title>\n<meta name=\"description\" content=\"Anemometer zur Messung von Geschwindigkeit und Luftstrom. Es hat einen integrierten Propeller. Es kann auch die Temperatur messen.\" \/>\n<meta name=\"robots\" content=\"index, follow, max-snippet:-1, max-image-preview:large, max-video-preview:-1\" \/>\n<link rel=\"canonical\" href=\"https:\/\/sysmatec.ch\/de\/produit\/fluegelrad-anemometer-testo-417\/\" \/>\n<meta property=\"og:locale\" content=\"de_DE\" \/>\n<meta property=\"og:type\" content=\"article\" \/>\n<meta property=\"og:title\" content=\"Fl\u00fcgelrad-Anemometer Testo 417 - Sysmatec\" \/>\n<meta property=\"og:description\" content=\"Anemometer zur Messung von Geschwindigkeit und Luftstrom. Es hat einen integrierten Propeller. Es kann auch die Temperatur messen.\" \/>\n<meta property=\"og:url\" content=\"https:\/\/sysmatec.ch\/de\/produit\/fluegelrad-anemometer-testo-417\/\" \/>\n<meta property=\"og:site_name\" content=\"Sysmatec\" \/>\n<meta property=\"article:modified_time\" content=\"2021-12-15T07:06:38+00:00\" \/>\n<meta property=\"og:image\" content=\"https:\/\/sysmatec.ch\/wp-content\/uploads\/2019\/07\/Debit_Testo417.jpg\" \/>\n\t<meta property=\"og:image:width\" content=\"150\" \/>\n\t<meta property=\"og:image:height\" content=\"183\" \/>\n\t<meta property=\"og:image:type\" content=\"image\/jpeg\" \/>\n<meta name=\"twitter:card\" content=\"summary_large_image\" \/>\n<meta name=\"twitter:label1\" content=\"Gesch\u00e4tzte Lesezeit\" \/>\n\t<meta name=\"twitter:data1\" content=\"1\u00a0Minute\" \/>\n<script type=\"application\/ld+json\" class=\"yoast-schema-graph\">{\"@context\":\"https:\\\/\\\/schema.org\",\"@graph\":[{\"@type\":\"WebPage\",\"@id\":\"https:\\\/\\\/sysmatec.ch\\\/de\\\/produit\\\/fluegelrad-anemometer-testo-417\\\/\",\"url\":\"https:\\\/\\\/sysmatec.ch\\\/de\\\/produit\\\/fluegelrad-anemometer-testo-417\\\/\",\"name\":\"Fl\u00fcgelrad-Anemometer Testo 417 - Sysmatec\",\"isPartOf\":{\"@id\":\"https:\\\/\\\/sysmatec.ch\\\/de\\\/#website\"},\"primaryImageOfPage\":{\"@id\":\"https:\\\/\\\/sysmatec.ch\\\/de\\\/produit\\\/fluegelrad-anemometer-testo-417\\\/#primaryimage\"},\"image\":{\"@id\":\"https:\\\/\\\/sysmatec.ch\\\/de\\\/produit\\\/fluegelrad-anemometer-testo-417\\\/#primaryimage\"},\"thumbnailUrl\":\"https:\\\/\\\/sysmatec.ch\\\/wp-content\\\/uploads\\\/2019\\\/07\\\/Debit_Testo417.jpg\",\"datePublished\":\"2019-07-11T09:29:20+00:00\",\"dateModified\":\"2021-12-15T07:06:38+00:00\",\"description\":\"Anemometer zur Messung von Geschwindigkeit und Luftstrom. Es hat einen integrierten Propeller. Es kann auch die Temperatur messen.\",\"breadcrumb\":{\"@id\":\"https:\\\/\\\/sysmatec.ch\\\/de\\\/produit\\\/fluegelrad-anemometer-testo-417\\\/#breadcrumb\"},\"inLanguage\":\"de\",\"potentialAction\":[{\"@type\":\"ReadAction\",\"target\":[\"https:\\\/\\\/sysmatec.ch\\\/de\\\/produit\\\/fluegelrad-anemometer-testo-417\\\/\"]}]},{\"@type\":\"ImageObject\",\"inLanguage\":\"de\",\"@id\":\"https:\\\/\\\/sysmatec.ch\\\/de\\\/produit\\\/fluegelrad-anemometer-testo-417\\\/#primaryimage\",\"url\":\"https:\\\/\\\/sysmatec.ch\\\/wp-content\\\/uploads\\\/2019\\\/07\\\/Debit_Testo417.jpg\",\"contentUrl\":\"https:\\\/\\\/sysmatec.ch\\\/wp-content\\\/uploads\\\/2019\\\/07\\\/Debit_Testo417.jpg\",\"width\":150,\"height\":183},{\"@type\":\"BreadcrumbList\",\"@id\":\"https:\\\/\\\/sysmatec.ch\\\/de\\\/produit\\\/fluegelrad-anemometer-testo-417\\\/#breadcrumb\",\"itemListElement\":[{\"@type\":\"ListItem\",\"position\":1,\"name\":\"Accueil\",\"item\":\"https:\\\/\\\/sysmatec.ch\\\/de\\\/\"},{\"@type\":\"ListItem\",\"position\":2,\"name\":\"Die Aktivit\u00e4t von Sysmatec\",\"item\":\"https:\\\/\\\/sysmatec.ch\\\/de\\\/\"},{\"@type\":\"ListItem\",\"position\":3,\"name\":\"Fl\u00fcgelrad-Anemometer Testo 417\"}]},{\"@type\":\"WebSite\",\"@id\":\"https:\\\/\\\/sysmatec.ch\\\/de\\\/#website\",\"url\":\"https:\\\/\\\/sysmatec.ch\\\/de\\\/\",\"name\":\"Sysmatec\",\"description\":\"Equipement de laboratoire et logiciels\",\"publisher\":{\"@id\":\"https:\\\/\\\/sysmatec.ch\\\/de\\\/#organization\"},\"potentialAction\":[{\"@type\":\"SearchAction\",\"target\":{\"@type\":\"EntryPoint\",\"urlTemplate\":\"https:\\\/\\\/sysmatec.ch\\\/de\\\/?s={search_term_string}\"},\"query-input\":{\"@type\":\"PropertyValueSpecification\",\"valueRequired\":true,\"valueName\":\"search_term_string\"}}],\"inLanguage\":\"de\"},{\"@type\":\"Organization\",\"@id\":\"https:\\\/\\\/sysmatec.ch\\\/de\\\/#organization\",\"name\":\"Sysmatec\",\"url\":\"https:\\\/\\\/sysmatec.ch\\\/de\\\/\",\"logo\":{\"@type\":\"ImageObject\",\"inLanguage\":\"de\",\"@id\":\"https:\\\/\\\/sysmatec.ch\\\/de\\\/#\\\/schema\\\/logo\\\/image\\\/\",\"url\":\"https:\\\/\\\/sysmatec.ch\\\/wp-content\\\/uploads\\\/2018\\\/11\\\/LogoSysmatec.jpg\",\"contentUrl\":\"https:\\\/\\\/sysmatec.ch\\\/wp-content\\\/uploads\\\/2018\\\/11\\\/LogoSysmatec.jpg\",\"width\":301,\"height\":297,\"caption\":\"Sysmatec\"},\"image\":{\"@id\":\"https:\\\/\\\/sysmatec.ch\\\/de\\\/#\\\/schema\\\/logo\\\/image\\\/\"}}]}<\/script>\n<!-- \/ Yoast SEO plugin. -->","yoast_head_json":{"title":"Fl\u00fcgelrad-Anemometer Testo 417 - Sysmatec","description":"Anemometer zur Messung von Geschwindigkeit und Luftstrom. Es hat einen integrierten Propeller. Es kann auch die Temperatur messen.","robots":{"index":"index","follow":"follow","max-snippet":"max-snippet:-1","max-image-preview":"max-image-preview:large","max-video-preview":"max-video-preview:-1"},"canonical":"https:\/\/sysmatec.ch\/de\/produit\/fluegelrad-anemometer-testo-417\/","og_locale":"de_DE","og_type":"article","og_title":"Fl\u00fcgelrad-Anemometer Testo 417 - Sysmatec","og_description":"Anemometer zur Messung von Geschwindigkeit und Luftstrom. Es hat einen integrierten Propeller. Es kann auch die Temperatur messen.","og_url":"https:\/\/sysmatec.ch\/de\/produit\/fluegelrad-anemometer-testo-417\/","og_site_name":"Sysmatec","article_modified_time":"2021-12-15T07:06:38+00:00","og_image":[{"width":150,"height":183,"url":"https:\/\/sysmatec.ch\/wp-content\/uploads\/2019\/07\/Debit_Testo417.jpg","type":"image\/jpeg"}],"twitter_card":"summary_large_image","twitter_misc":{"Gesch\u00e4tzte Lesezeit":"1\u00a0Minute"},"schema":{"@context":"https:\/\/schema.org","@graph":[{"@type":"WebPage","@id":"https:\/\/sysmatec.ch\/de\/produit\/fluegelrad-anemometer-testo-417\/","url":"https:\/\/sysmatec.ch\/de\/produit\/fluegelrad-anemometer-testo-417\/","name":"Fl\u00fcgelrad-Anemometer Testo 417 - Sysmatec","isPartOf":{"@id":"https:\/\/sysmatec.ch\/de\/#website"},"primaryImageOfPage":{"@id":"https:\/\/sysmatec.ch\/de\/produit\/fluegelrad-anemometer-testo-417\/#primaryimage"},"image":{"@id":"https:\/\/sysmatec.ch\/de\/produit\/fluegelrad-anemometer-testo-417\/#primaryimage"},"thumbnailUrl":"https:\/\/sysmatec.ch\/wp-content\/uploads\/2019\/07\/Debit_Testo417.jpg","datePublished":"2019-07-11T09:29:20+00:00","dateModified":"2021-12-15T07:06:38+00:00","description":"Anemometer zur Messung von Geschwindigkeit und Luftstrom. Es hat einen integrierten Propeller. Es kann auch die Temperatur messen.","breadcrumb":{"@id":"https:\/\/sysmatec.ch\/de\/produit\/fluegelrad-anemometer-testo-417\/#breadcrumb"},"inLanguage":"de","potentialAction":[{"@type":"ReadAction","target":["https:\/\/sysmatec.ch\/de\/produit\/fluegelrad-anemometer-testo-417\/"]}]},{"@type":"ImageObject","inLanguage":"de","@id":"https:\/\/sysmatec.ch\/de\/produit\/fluegelrad-anemometer-testo-417\/#primaryimage","url":"https:\/\/sysmatec.ch\/wp-content\/uploads\/2019\/07\/Debit_Testo417.jpg","contentUrl":"https:\/\/sysmatec.ch\/wp-content\/uploads\/2019\/07\/Debit_Testo417.jpg","width":150,"height":183},{"@type":"BreadcrumbList","@id":"https:\/\/sysmatec.ch\/de\/produit\/fluegelrad-anemometer-testo-417\/#breadcrumb","itemListElement":[{"@type":"ListItem","position":1,"name":"Accueil","item":"https:\/\/sysmatec.ch\/de\/"},{"@type":"ListItem","position":2,"name":"Die Aktivit\u00e4t von Sysmatec","item":"https:\/\/sysmatec.ch\/de\/"},{"@type":"ListItem","position":3,"name":"Fl\u00fcgelrad-Anemometer Testo 417"}]},{"@type":"WebSite","@id":"https:\/\/sysmatec.ch\/de\/#website","url":"https:\/\/sysmatec.ch\/de\/","name":"Sysmatec","description":"Equipement de laboratoire et logiciels","publisher":{"@id":"https:\/\/sysmatec.ch\/de\/#organization"},"potentialAction":[{"@type":"SearchAction","target":{"@type":"EntryPoint","urlTemplate":"https:\/\/sysmatec.ch\/de\/?s={search_term_string}"},"query-input":{"@type":"PropertyValueSpecification","valueRequired":true,"valueName":"search_term_string"}}],"inLanguage":"de"},{"@type":"Organization","@id":"https:\/\/sysmatec.ch\/de\/#organization","name":"Sysmatec","url":"https:\/\/sysmatec.ch\/de\/","logo":{"@type":"ImageObject","inLanguage":"de","@id":"https:\/\/sysmatec.ch\/de\/#\/schema\/logo\/image\/","url":"https:\/\/sysmatec.ch\/wp-content\/uploads\/2018\/11\/LogoSysmatec.jpg","contentUrl":"https:\/\/sysmatec.ch\/wp-content\/uploads\/2018\/11\/LogoSysmatec.jpg","width":301,"height":297,"caption":"Sysmatec"},"image":{"@id":"https:\/\/sysmatec.ch\/de\/#\/schema\/logo\/image\/"}}]}},"_links":{"self":[{"href":"https:\/\/sysmatec.ch\/de\/wp-json\/wp\/v2\/product\/8867","targetHints":{"allow":["GET"]}}],"collection":[{"href":"https:\/\/sysmatec.ch\/de\/wp-json\/wp\/v2\/product"}],"about":[{"href":"https:\/\/sysmatec.ch\/de\/wp-json\/wp\/v2\/types\/product"}],"wp:featuredmedia":[{"embeddable":true,"href":"https:\/\/sysmatec.ch\/de\/wp-json\/wp\/v2\/media\/8858"}],"wp:attachment":[{"href":"https:\/\/sysmatec.ch\/de\/wp-json\/wp\/v2\/media?parent=8867"}],"wp:term":[{"taxonomy":"product_brand","embeddable":true,"href":"https:\/\/sysmatec.ch\/de\/wp-json\/wp\/v2\/product_brand?post=8867"},{"taxonomy":"product_cat","embeddable":true,"href":"https:\/\/sysmatec.ch\/de\/wp-json\/wp\/v2\/product_cat?post=8867"},{"taxonomy":"product_tag","embeddable":true,"href":"https:\/\/sysmatec.ch\/de\/wp-json\/wp\/v2\/product_tag?post=8867"}],"curies":[{"name":"wp","href":"https:\/\/api.w.org\/{rel}","templated":true}]}}