{"id":8812,"date":"2019-07-11T08:52:49","date_gmt":"2019-07-11T06:52:49","guid":{"rendered":"https:\/\/sysmatec.ch\/produit\/sonometre-testo-815\/"},"modified":"2021-12-16T21:25:58","modified_gmt":"2021-12-16T20:25:58","slug":"schallpegelmessgeraet-testo-815","status":"publish","type":"product","link":"https:\/\/sysmatec.ch\/de\/Produkt\/schallpegelmessgeraet-testo-815\/","title":{"rendered":"Schallpegelmessger\u00e4t Testo 815"},"content":{"rendered":"<p>Das Ger\u00e4t kann verwendet werden, um schnell und genau zu \u00fcberwachen, L\u00e4rm Technik Heizung oder Klimaanlage, Nachtclubs, Maschinen oder Verbrennungsanlagen werden.<\/p>\n<p>Bei Nutzung der &#8222;FAST SLOW&#8220; Funktion k\u00f6nnen die Messzeit von 1 Sekunde bis 125 ms eingestellen, um die Quelle des Ger\u00e4usches besser zu bestimmen. Die Frequenz kann durch zwei Kennlinien A analysiert und C. Die Kurve A entspricht dem Rauschempfinden des menschlichen Ohres. Kurve C wird verwendet, wenn es notwendig ist, in niedrigen Frequenzen zu messen.<\/p>\n<p>Mit Hilfe eines Kalibrators (optional) kann das Messger\u00e4t direkt vor Ort mit dem mitgelieferten Schraubenzieher kalibriert werden. Die Kappe Schutz gegen Wind, erm\u00f6glicht auch bessere Messergebnisse f\u00fcr Messungne in Aussen und kann auch das Mikrofon vor Schmutz und Staub sch\u00fctzen.<\/p>\n<ul>\n<li type=\"disc\">Messbereich: 32 bis 130 dB<\/li>\n<li type=\"disc\">Messbereiche: 30 bis 80 dB; 50 bis 100 dB; 80 bis 130 dB<\/li>\n<li type=\"disc\">Frequenz 31.5 Hz bis 8 kHz<\/li>\n<li type=\"disc\">Variable Zeitkonstante von 125 ms (schnell) und 1 s (langsam)<\/li>\n<li type=\"disc\">Einfluss von Druck: -0.0016 dB \/ hPa<\/li>\n<li type=\"disc\">Genauigkeit: \u00b1 1 Digit, \u00b1 1.0 dB<\/li>\n<li type=\"disc\">Aufl\u00f6sung 0.1 dB<\/li>\n<li type=\"disc\">Temperaturbereich 0 bis +40 \u00b0 C<\/li>\n<li type=\"disc\">Lagertemperatur -10 bis +60 \u00b0 C<\/li>\n<li type=\"disc\">Batterie Typ 9V<\/li>\n<li type=\"disc\">Batteriedauer 70 h<\/li>\n<li type=\"disc\">Gewicht 195 g<\/li>\n<li type=\"disc\">Abmessungen 255 x 55 x 43 mm<\/li>\n<\/ul>\n","protected":false},"excerpt":{"rendered":"<p>Schallpegelmessger\u00e4t<\/p>\n","protected":false},"featured_media":8807,"template":"","meta":{"_crdt_document":""},"product_brand":[],"product_cat":[180,303],"product_tag":[],"class_list":{"0":"post-8812","1":"product","2":"type-product","3":"status-publish","4":"has-post-thumbnail","6":"product_cat-messung","7":"product_cat-ton","9":"first","10":"instock","11":"taxable","12":"shipping-taxable","13":"purchasable","14":"product-type-simple"},"yoast_head":"<!-- This site is optimized with the Yoast SEO plugin v27.3 - https:\/\/yoast.com\/product\/yoast-seo-wordpress\/ -->\n<title>Schallpegelmessger\u00e4t Testo 815 - Sysmatec<\/title>\n<meta name=\"description\" content=\"Schallpegelmesser mit Frequenzen von 31,5 Hz bis 8 kHz f\u00fcr einen Messbereich von +32 bis +130 dB.\" \/>\n<meta name=\"robots\" content=\"index, follow, max-snippet:-1, max-image-preview:large, max-video-preview:-1\" \/>\n<link rel=\"canonical\" href=\"https:\/\/sysmatec.ch\/de\/produit\/schallpegelmessgeraet-testo-815\/\" \/>\n<meta property=\"og:locale\" content=\"de_DE\" \/>\n<meta property=\"og:type\" content=\"article\" \/>\n<meta property=\"og:title\" content=\"Schallpegelmessger\u00e4t Testo 815 - Sysmatec\" \/>\n<meta property=\"og:description\" content=\"Schallpegelmesser mit Frequenzen von 31,5 Hz bis 8 kHz f\u00fcr einen Messbereich von +32 bis +130 dB.\" \/>\n<meta property=\"og:url\" content=\"https:\/\/sysmatec.ch\/de\/produit\/schallpegelmessgeraet-testo-815\/\" \/>\n<meta property=\"og:site_name\" content=\"Sysmatec\" \/>\n<meta property=\"article:modified_time\" content=\"2021-12-16T20:25:58+00:00\" \/>\n<meta property=\"og:image\" content=\"https:\/\/sysmatec.ch\/wp-content\/uploads\/2019\/07\/Testo815.jpg\" \/>\n\t<meta property=\"og:image:width\" content=\"187\" \/>\n\t<meta property=\"og:image:height\" content=\"230\" \/>\n\t<meta property=\"og:image:type\" content=\"image\/jpeg\" \/>\n<meta name=\"twitter:card\" content=\"summary_large_image\" \/>\n<meta name=\"twitter:label1\" content=\"Gesch\u00e4tzte Lesezeit\" \/>\n\t<meta name=\"twitter:data1\" content=\"1\u00a0Minute\" \/>\n<script type=\"application\/ld+json\" class=\"yoast-schema-graph\">{\"@context\":\"https:\\\/\\\/schema.org\",\"@graph\":[{\"@type\":\"WebPage\",\"@id\":\"https:\\\/\\\/sysmatec.ch\\\/de\\\/produit\\\/schallpegelmessgeraet-testo-815\\\/\",\"url\":\"https:\\\/\\\/sysmatec.ch\\\/de\\\/produit\\\/schallpegelmessgeraet-testo-815\\\/\",\"name\":\"Schallpegelmessger\u00e4t Testo 815 - Sysmatec\",\"isPartOf\":{\"@id\":\"https:\\\/\\\/sysmatec.ch\\\/de\\\/#website\"},\"primaryImageOfPage\":{\"@id\":\"https:\\\/\\\/sysmatec.ch\\\/de\\\/produit\\\/schallpegelmessgeraet-testo-815\\\/#primaryimage\"},\"image\":{\"@id\":\"https:\\\/\\\/sysmatec.ch\\\/de\\\/produit\\\/schallpegelmessgeraet-testo-815\\\/#primaryimage\"},\"thumbnailUrl\":\"https:\\\/\\\/sysmatec.ch\\\/wp-content\\\/uploads\\\/2019\\\/07\\\/Testo815.jpg\",\"datePublished\":\"2019-07-11T06:52:49+00:00\",\"dateModified\":\"2021-12-16T20:25:58+00:00\",\"description\":\"Schallpegelmesser mit Frequenzen von 31,5 Hz bis 8 kHz f\u00fcr einen Messbereich von +32 bis +130 dB.\",\"breadcrumb\":{\"@id\":\"https:\\\/\\\/sysmatec.ch\\\/de\\\/produit\\\/schallpegelmessgeraet-testo-815\\\/#breadcrumb\"},\"inLanguage\":\"de\",\"potentialAction\":[{\"@type\":\"ReadAction\",\"target\":[\"https:\\\/\\\/sysmatec.ch\\\/de\\\/produit\\\/schallpegelmessgeraet-testo-815\\\/\"]}]},{\"@type\":\"ImageObject\",\"inLanguage\":\"de\",\"@id\":\"https:\\\/\\\/sysmatec.ch\\\/de\\\/produit\\\/schallpegelmessgeraet-testo-815\\\/#primaryimage\",\"url\":\"https:\\\/\\\/sysmatec.ch\\\/wp-content\\\/uploads\\\/2019\\\/07\\\/Testo815.jpg\",\"contentUrl\":\"https:\\\/\\\/sysmatec.ch\\\/wp-content\\\/uploads\\\/2019\\\/07\\\/Testo815.jpg\",\"width\":187,\"height\":230},{\"@type\":\"BreadcrumbList\",\"@id\":\"https:\\\/\\\/sysmatec.ch\\\/de\\\/produit\\\/schallpegelmessgeraet-testo-815\\\/#breadcrumb\",\"itemListElement\":[{\"@type\":\"ListItem\",\"position\":1,\"name\":\"Accueil\",\"item\":\"https:\\\/\\\/sysmatec.ch\\\/de\\\/\"},{\"@type\":\"ListItem\",\"position\":2,\"name\":\"Die Aktivit\u00e4t von Sysmatec\",\"item\":\"https:\\\/\\\/sysmatec.ch\\\/de\\\/\"},{\"@type\":\"ListItem\",\"position\":3,\"name\":\"Schallpegelmessger\u00e4t Testo 815\"}]},{\"@type\":\"WebSite\",\"@id\":\"https:\\\/\\\/sysmatec.ch\\\/de\\\/#website\",\"url\":\"https:\\\/\\\/sysmatec.ch\\\/de\\\/\",\"name\":\"Sysmatec\",\"description\":\"Equipement de laboratoire et logiciels\",\"publisher\":{\"@id\":\"https:\\\/\\\/sysmatec.ch\\\/de\\\/#organization\"},\"potentialAction\":[{\"@type\":\"SearchAction\",\"target\":{\"@type\":\"EntryPoint\",\"urlTemplate\":\"https:\\\/\\\/sysmatec.ch\\\/de\\\/?s={search_term_string}\"},\"query-input\":{\"@type\":\"PropertyValueSpecification\",\"valueRequired\":true,\"valueName\":\"search_term_string\"}}],\"inLanguage\":\"de\"},{\"@type\":\"Organization\",\"@id\":\"https:\\\/\\\/sysmatec.ch\\\/de\\\/#organization\",\"name\":\"Sysmatec\",\"url\":\"https:\\\/\\\/sysmatec.ch\\\/de\\\/\",\"logo\":{\"@type\":\"ImageObject\",\"inLanguage\":\"de\",\"@id\":\"https:\\\/\\\/sysmatec.ch\\\/de\\\/#\\\/schema\\\/logo\\\/image\\\/\",\"url\":\"https:\\\/\\\/sysmatec.ch\\\/wp-content\\\/uploads\\\/2018\\\/11\\\/LogoSysmatec.jpg\",\"contentUrl\":\"https:\\\/\\\/sysmatec.ch\\\/wp-content\\\/uploads\\\/2018\\\/11\\\/LogoSysmatec.jpg\",\"width\":301,\"height\":297,\"caption\":\"Sysmatec\"},\"image\":{\"@id\":\"https:\\\/\\\/sysmatec.ch\\\/de\\\/#\\\/schema\\\/logo\\\/image\\\/\"}}]}<\/script>\n<!-- \/ Yoast SEO plugin. -->","yoast_head_json":{"title":"Schallpegelmessger\u00e4t Testo 815 - Sysmatec","description":"Schallpegelmesser mit Frequenzen von 31,5 Hz bis 8 kHz f\u00fcr einen Messbereich von +32 bis +130 dB.","robots":{"index":"index","follow":"follow","max-snippet":"max-snippet:-1","max-image-preview":"max-image-preview:large","max-video-preview":"max-video-preview:-1"},"canonical":"https:\/\/sysmatec.ch\/de\/produit\/schallpegelmessgeraet-testo-815\/","og_locale":"de_DE","og_type":"article","og_title":"Schallpegelmessger\u00e4t Testo 815 - Sysmatec","og_description":"Schallpegelmesser mit Frequenzen von 31,5 Hz bis 8 kHz f\u00fcr einen Messbereich von +32 bis +130 dB.","og_url":"https:\/\/sysmatec.ch\/de\/produit\/schallpegelmessgeraet-testo-815\/","og_site_name":"Sysmatec","article_modified_time":"2021-12-16T20:25:58+00:00","og_image":[{"width":187,"height":230,"url":"https:\/\/sysmatec.ch\/wp-content\/uploads\/2019\/07\/Testo815.jpg","type":"image\/jpeg"}],"twitter_card":"summary_large_image","twitter_misc":{"Gesch\u00e4tzte Lesezeit":"1\u00a0Minute"},"schema":{"@context":"https:\/\/schema.org","@graph":[{"@type":"WebPage","@id":"https:\/\/sysmatec.ch\/de\/produit\/schallpegelmessgeraet-testo-815\/","url":"https:\/\/sysmatec.ch\/de\/produit\/schallpegelmessgeraet-testo-815\/","name":"Schallpegelmessger\u00e4t Testo 815 - Sysmatec","isPartOf":{"@id":"https:\/\/sysmatec.ch\/de\/#website"},"primaryImageOfPage":{"@id":"https:\/\/sysmatec.ch\/de\/produit\/schallpegelmessgeraet-testo-815\/#primaryimage"},"image":{"@id":"https:\/\/sysmatec.ch\/de\/produit\/schallpegelmessgeraet-testo-815\/#primaryimage"},"thumbnailUrl":"https:\/\/sysmatec.ch\/wp-content\/uploads\/2019\/07\/Testo815.jpg","datePublished":"2019-07-11T06:52:49+00:00","dateModified":"2021-12-16T20:25:58+00:00","description":"Schallpegelmesser mit Frequenzen von 31,5 Hz bis 8 kHz f\u00fcr einen Messbereich von +32 bis +130 dB.","breadcrumb":{"@id":"https:\/\/sysmatec.ch\/de\/produit\/schallpegelmessgeraet-testo-815\/#breadcrumb"},"inLanguage":"de","potentialAction":[{"@type":"ReadAction","target":["https:\/\/sysmatec.ch\/de\/produit\/schallpegelmessgeraet-testo-815\/"]}]},{"@type":"ImageObject","inLanguage":"de","@id":"https:\/\/sysmatec.ch\/de\/produit\/schallpegelmessgeraet-testo-815\/#primaryimage","url":"https:\/\/sysmatec.ch\/wp-content\/uploads\/2019\/07\/Testo815.jpg","contentUrl":"https:\/\/sysmatec.ch\/wp-content\/uploads\/2019\/07\/Testo815.jpg","width":187,"height":230},{"@type":"BreadcrumbList","@id":"https:\/\/sysmatec.ch\/de\/produit\/schallpegelmessgeraet-testo-815\/#breadcrumb","itemListElement":[{"@type":"ListItem","position":1,"name":"Accueil","item":"https:\/\/sysmatec.ch\/de\/"},{"@type":"ListItem","position":2,"name":"Die Aktivit\u00e4t von Sysmatec","item":"https:\/\/sysmatec.ch\/de\/"},{"@type":"ListItem","position":3,"name":"Schallpegelmessger\u00e4t Testo 815"}]},{"@type":"WebSite","@id":"https:\/\/sysmatec.ch\/de\/#website","url":"https:\/\/sysmatec.ch\/de\/","name":"Sysmatec","description":"Equipement de laboratoire et logiciels","publisher":{"@id":"https:\/\/sysmatec.ch\/de\/#organization"},"potentialAction":[{"@type":"SearchAction","target":{"@type":"EntryPoint","urlTemplate":"https:\/\/sysmatec.ch\/de\/?s={search_term_string}"},"query-input":{"@type":"PropertyValueSpecification","valueRequired":true,"valueName":"search_term_string"}}],"inLanguage":"de"},{"@type":"Organization","@id":"https:\/\/sysmatec.ch\/de\/#organization","name":"Sysmatec","url":"https:\/\/sysmatec.ch\/de\/","logo":{"@type":"ImageObject","inLanguage":"de","@id":"https:\/\/sysmatec.ch\/de\/#\/schema\/logo\/image\/","url":"https:\/\/sysmatec.ch\/wp-content\/uploads\/2018\/11\/LogoSysmatec.jpg","contentUrl":"https:\/\/sysmatec.ch\/wp-content\/uploads\/2018\/11\/LogoSysmatec.jpg","width":301,"height":297,"caption":"Sysmatec"},"image":{"@id":"https:\/\/sysmatec.ch\/de\/#\/schema\/logo\/image\/"}}]}},"_links":{"self":[{"href":"https:\/\/sysmatec.ch\/de\/wp-json\/wp\/v2\/product\/8812","targetHints":{"allow":["GET"]}}],"collection":[{"href":"https:\/\/sysmatec.ch\/de\/wp-json\/wp\/v2\/product"}],"about":[{"href":"https:\/\/sysmatec.ch\/de\/wp-json\/wp\/v2\/types\/product"}],"wp:featuredmedia":[{"embeddable":true,"href":"https:\/\/sysmatec.ch\/de\/wp-json\/wp\/v2\/media\/8807"}],"wp:attachment":[{"href":"https:\/\/sysmatec.ch\/de\/wp-json\/wp\/v2\/media?parent=8812"}],"wp:term":[{"taxonomy":"product_brand","embeddable":true,"href":"https:\/\/sysmatec.ch\/de\/wp-json\/wp\/v2\/product_brand?post=8812"},{"taxonomy":"product_cat","embeddable":true,"href":"https:\/\/sysmatec.ch\/de\/wp-json\/wp\/v2\/product_cat?post=8812"},{"taxonomy":"product_tag","embeddable":true,"href":"https:\/\/sysmatec.ch\/de\/wp-json\/wp\/v2\/product_tag?post=8812"}],"curies":[{"name":"wp","href":"https:\/\/api.w.org\/{rel}","templated":true}]}}