{"id":8792,"date":"2019-07-10T21:53:35","date_gmt":"2019-07-10T19:53:35","guid":{"rendered":"https:\/\/sysmatec.ch\/produit\/visualiseur-de-bruit-msv\/"},"modified":"2021-12-17T15:33:08","modified_gmt":"2021-12-17T14:33:08","slug":"rauschquelle-anzeige-msv","status":"publish","type":"product","link":"https:\/\/sysmatec.ch\/de\/Produkt\/rauschquelle-anzeige-msv\/","title":{"rendered":"Rauschquelle-Anzeige MSV"},"content":{"rendered":"<p>Mobile Sound-Viewer ist das erste vollst\u00e4ndig tragbare akustische Kamera. Sie kann in Echtzeit, im Raum, die wichtigsten Schallwellen lokalisieren.<\/p>\n<p>Die Ortsgenauigkeit ist im Zentimeter Bereich, wenn die Messung in der N\u00e4he ist, und ein paar Dutzend Zentimeter, wenn die Messung weit ist. Es ist m\u00f6glich, Bilder oder Videos, mit anderen Ger\u00e4ten zu austauchen.<\/p>\n<h2>Akustische Kamera Vorteile<\/h2>\n<ul>\n<li type=\"disc\">Visualisierung der akustischen Fleck auf dem Echtzeit-Video.<\/li>\n<li type=\"disc\">Bereit, direkt aus der Tasche einsetzbar<\/li>\n<li type=\"disc\">Erkennt die \u00fcblichen Ger\u00e4usche, kurze Ger\u00e4usche wie Schock, oder speziellen Ger\u00e4usche<\/li>\n<li type=\"disc\">Ultrakompakt<\/li>\n<\/ul>\n<h2>Akustische Kamera Eigenschaften<\/h2>\n<ul>\n<li type=\"disc\">Ad Wandler 2 kHz, 16 Bit<\/li>\n<li type=\"disc\">60 Minuten Aufnahme<\/li>\n<li type=\"disc\">Kapazitive Display mit 1280&#215;800 Pixel Aufl\u00f6sung<\/li>\n<li type=\"disc\">Interne Batterie (genug f\u00fcr 4 kontinuierliche Stunden, 1 Tag bei normalem Gebrauch)<\/li>\n<li type=\"disc\">8 Mikrofone 20Hz bis 20 000 Hz (Begrenzung auf 160 bis 6000 Hz durch Software)<\/li>\n<li type=\"disc\">Autofokus-Optik<\/li>\n<li type=\"disc\">15 akustische Bilder \/ Sek<\/li>\n<li type=\"disc\">\u00dcbliche Rauscherkennung<\/li>\n<li type=\"disc\">Erkennung von kurze Ger\u00e4usche (Schock)<\/li>\n<li type=\"disc\">Auswahl bestimmter Kl\u00e4nge durch das H\u00f6ren<\/li>\n<li type=\"disc\">Autofokus (0.2 bis 5 m)<\/li>\n<li type=\"disc\">Messdistanz (0.2 bis 50 m)<\/li>\n<li type=\"disc\">L\u00e4rmst\u00e4rke Vergleich<\/li>\n<li type=\"disc\">Aufnahmen (Fotos, Videos)<\/li>\n<li type=\"disc\">S\u00e4ttigung Alarm<\/li>\n<li type=\"disc\">Geh\u00e4use aus Faserverbund<\/li>\n<li type=\"disc\">Gewicht 0.5 kg<\/li>\n<li type=\"disc\">Dimension: 0.3m x 0.2m x 0.03 m<\/li>\n<\/ul>\n<p>3 Versionen<\/p>\n<ul>\n<li type=\"disc\">1. Nur die haupte Ger\u00e4usche<\/li>\n<li type=\"disc\">2. Damit kann man nur bestimmte T\u00f6ne herausfiltrieren um nur bestimmte L\u00e4rme zu erkennen, wie z. B: Pfeifen<\/li>\n<li type=\"disc\">3. Die High-End-MSV Version gibt auch die M\u00f6glichkeit, kurze Ger\u00e4usche wie Klicks oder Schl\u00e4ge, zu lokalisieren.<\/li>\n<\/ul>\n<p>Hier k\u00f6nnen Sie sehen, wie es funktioniert: https:\/\/www.youtube.com\/watch?v=HtKigHWz3Ek<\/p>\n","protected":false},"excerpt":{"rendered":"<p>Rauschquelle-Anzeige MSV<\/p>\n","protected":false},"featured_media":8790,"template":"","meta":{"_crdt_document":""},"product_brand":[],"product_cat":[180,303],"product_tag":[],"class_list":{"0":"post-8792","1":"product","2":"type-product","3":"status-publish","4":"has-post-thumbnail","6":"product_cat-messung","7":"product_cat-ton","9":"first","10":"instock","11":"taxable","12":"shipping-taxable","13":"product-type-simple"},"yoast_head":"<!-- This site is optimized with the Yoast SEO plugin v27.3 - https:\/\/yoast.com\/product\/yoast-seo-wordpress\/ -->\n<title>Rauschquelle-Anzeige MSV - Sysmatec<\/title>\n<meta name=\"description\" content=\"Tragbare akustische Kamera, die die wichtigsten Schallquellen in Echtzeit orten kann. Kann Echzeitvideo speichern.\" \/>\n<meta name=\"robots\" content=\"index, follow, max-snippet:-1, max-image-preview:large, max-video-preview:-1\" \/>\n<link rel=\"canonical\" href=\"https:\/\/sysmatec.ch\/de\/produit\/rauschquelle-anzeige-msv\/\" \/>\n<meta property=\"og:locale\" content=\"de_DE\" \/>\n<meta property=\"og:type\" content=\"article\" \/>\n<meta property=\"og:title\" content=\"Rauschquelle-Anzeige MSV - Sysmatec\" \/>\n<meta property=\"og:description\" content=\"Tragbare akustische Kamera, die die wichtigsten Schallquellen in Echtzeit orten kann. Kann Echzeitvideo speichern.\" \/>\n<meta property=\"og:url\" content=\"https:\/\/sysmatec.ch\/de\/produit\/rauschquelle-anzeige-msv\/\" \/>\n<meta property=\"og:site_name\" content=\"Sysmatec\" \/>\n<meta property=\"article:modified_time\" content=\"2021-12-17T14:33:08+00:00\" \/>\n<meta property=\"og:image\" content=\"https:\/\/sysmatec.ch\/wp-content\/uploads\/2019\/07\/Son_ACBEngineeringMSV.jpg\" \/>\n\t<meta property=\"og:image:width\" content=\"187\" \/>\n\t<meta property=\"og:image:height\" content=\"162\" \/>\n\t<meta property=\"og:image:type\" content=\"image\/jpeg\" \/>\n<meta name=\"twitter:card\" content=\"summary_large_image\" \/>\n<meta name=\"twitter:label1\" content=\"Gesch\u00e4tzte Lesezeit\" \/>\n\t<meta name=\"twitter:data1\" content=\"2\u00a0Minuten\" \/>\n<script type=\"application\/ld+json\" class=\"yoast-schema-graph\">{\"@context\":\"https:\\\/\\\/schema.org\",\"@graph\":[{\"@type\":\"WebPage\",\"@id\":\"https:\\\/\\\/sysmatec.ch\\\/de\\\/produit\\\/rauschquelle-anzeige-msv\\\/\",\"url\":\"https:\\\/\\\/sysmatec.ch\\\/de\\\/produit\\\/rauschquelle-anzeige-msv\\\/\",\"name\":\"Rauschquelle-Anzeige MSV - Sysmatec\",\"isPartOf\":{\"@id\":\"https:\\\/\\\/sysmatec.ch\\\/de\\\/#website\"},\"primaryImageOfPage\":{\"@id\":\"https:\\\/\\\/sysmatec.ch\\\/de\\\/produit\\\/rauschquelle-anzeige-msv\\\/#primaryimage\"},\"image\":{\"@id\":\"https:\\\/\\\/sysmatec.ch\\\/de\\\/produit\\\/rauschquelle-anzeige-msv\\\/#primaryimage\"},\"thumbnailUrl\":\"https:\\\/\\\/sysmatec.ch\\\/wp-content\\\/uploads\\\/2019\\\/07\\\/Son_ACBEngineeringMSV.jpg\",\"datePublished\":\"2019-07-10T19:53:35+00:00\",\"dateModified\":\"2021-12-17T14:33:08+00:00\",\"description\":\"Tragbare akustische Kamera, die die wichtigsten Schallquellen in Echtzeit orten kann. Kann Echzeitvideo speichern.\",\"breadcrumb\":{\"@id\":\"https:\\\/\\\/sysmatec.ch\\\/de\\\/produit\\\/rauschquelle-anzeige-msv\\\/#breadcrumb\"},\"inLanguage\":\"de\",\"potentialAction\":[{\"@type\":\"ReadAction\",\"target\":[\"https:\\\/\\\/sysmatec.ch\\\/de\\\/produit\\\/rauschquelle-anzeige-msv\\\/\"]}]},{\"@type\":\"ImageObject\",\"inLanguage\":\"de\",\"@id\":\"https:\\\/\\\/sysmatec.ch\\\/de\\\/produit\\\/rauschquelle-anzeige-msv\\\/#primaryimage\",\"url\":\"https:\\\/\\\/sysmatec.ch\\\/wp-content\\\/uploads\\\/2019\\\/07\\\/Son_ACBEngineeringMSV.jpg\",\"contentUrl\":\"https:\\\/\\\/sysmatec.ch\\\/wp-content\\\/uploads\\\/2019\\\/07\\\/Son_ACBEngineeringMSV.jpg\",\"width\":187,\"height\":162},{\"@type\":\"BreadcrumbList\",\"@id\":\"https:\\\/\\\/sysmatec.ch\\\/de\\\/produit\\\/rauschquelle-anzeige-msv\\\/#breadcrumb\",\"itemListElement\":[{\"@type\":\"ListItem\",\"position\":1,\"name\":\"Accueil\",\"item\":\"https:\\\/\\\/sysmatec.ch\\\/de\\\/\"},{\"@type\":\"ListItem\",\"position\":2,\"name\":\"Die Aktivit\u00e4t von Sysmatec\",\"item\":\"https:\\\/\\\/sysmatec.ch\\\/de\\\/\"},{\"@type\":\"ListItem\",\"position\":3,\"name\":\"Rauschquelle-Anzeige MSV\"}]},{\"@type\":\"WebSite\",\"@id\":\"https:\\\/\\\/sysmatec.ch\\\/de\\\/#website\",\"url\":\"https:\\\/\\\/sysmatec.ch\\\/de\\\/\",\"name\":\"Sysmatec\",\"description\":\"Equipement de laboratoire et logiciels\",\"publisher\":{\"@id\":\"https:\\\/\\\/sysmatec.ch\\\/de\\\/#organization\"},\"potentialAction\":[{\"@type\":\"SearchAction\",\"target\":{\"@type\":\"EntryPoint\",\"urlTemplate\":\"https:\\\/\\\/sysmatec.ch\\\/de\\\/?s={search_term_string}\"},\"query-input\":{\"@type\":\"PropertyValueSpecification\",\"valueRequired\":true,\"valueName\":\"search_term_string\"}}],\"inLanguage\":\"de\"},{\"@type\":\"Organization\",\"@id\":\"https:\\\/\\\/sysmatec.ch\\\/de\\\/#organization\",\"name\":\"Sysmatec\",\"url\":\"https:\\\/\\\/sysmatec.ch\\\/de\\\/\",\"logo\":{\"@type\":\"ImageObject\",\"inLanguage\":\"de\",\"@id\":\"https:\\\/\\\/sysmatec.ch\\\/de\\\/#\\\/schema\\\/logo\\\/image\\\/\",\"url\":\"https:\\\/\\\/sysmatec.ch\\\/wp-content\\\/uploads\\\/2018\\\/11\\\/LogoSysmatec.jpg\",\"contentUrl\":\"https:\\\/\\\/sysmatec.ch\\\/wp-content\\\/uploads\\\/2018\\\/11\\\/LogoSysmatec.jpg\",\"width\":301,\"height\":297,\"caption\":\"Sysmatec\"},\"image\":{\"@id\":\"https:\\\/\\\/sysmatec.ch\\\/de\\\/#\\\/schema\\\/logo\\\/image\\\/\"}}]}<\/script>\n<!-- \/ Yoast SEO plugin. -->","yoast_head_json":{"title":"Rauschquelle-Anzeige MSV - Sysmatec","description":"Tragbare akustische Kamera, die die wichtigsten Schallquellen in Echtzeit orten kann. Kann Echzeitvideo speichern.","robots":{"index":"index","follow":"follow","max-snippet":"max-snippet:-1","max-image-preview":"max-image-preview:large","max-video-preview":"max-video-preview:-1"},"canonical":"https:\/\/sysmatec.ch\/de\/produit\/rauschquelle-anzeige-msv\/","og_locale":"de_DE","og_type":"article","og_title":"Rauschquelle-Anzeige MSV - Sysmatec","og_description":"Tragbare akustische Kamera, die die wichtigsten Schallquellen in Echtzeit orten kann. Kann Echzeitvideo speichern.","og_url":"https:\/\/sysmatec.ch\/de\/produit\/rauschquelle-anzeige-msv\/","og_site_name":"Sysmatec","article_modified_time":"2021-12-17T14:33:08+00:00","og_image":[{"width":187,"height":162,"url":"https:\/\/sysmatec.ch\/wp-content\/uploads\/2019\/07\/Son_ACBEngineeringMSV.jpg","type":"image\/jpeg"}],"twitter_card":"summary_large_image","twitter_misc":{"Gesch\u00e4tzte Lesezeit":"2\u00a0Minuten"},"schema":{"@context":"https:\/\/schema.org","@graph":[{"@type":"WebPage","@id":"https:\/\/sysmatec.ch\/de\/produit\/rauschquelle-anzeige-msv\/","url":"https:\/\/sysmatec.ch\/de\/produit\/rauschquelle-anzeige-msv\/","name":"Rauschquelle-Anzeige MSV - Sysmatec","isPartOf":{"@id":"https:\/\/sysmatec.ch\/de\/#website"},"primaryImageOfPage":{"@id":"https:\/\/sysmatec.ch\/de\/produit\/rauschquelle-anzeige-msv\/#primaryimage"},"image":{"@id":"https:\/\/sysmatec.ch\/de\/produit\/rauschquelle-anzeige-msv\/#primaryimage"},"thumbnailUrl":"https:\/\/sysmatec.ch\/wp-content\/uploads\/2019\/07\/Son_ACBEngineeringMSV.jpg","datePublished":"2019-07-10T19:53:35+00:00","dateModified":"2021-12-17T14:33:08+00:00","description":"Tragbare akustische Kamera, die die wichtigsten Schallquellen in Echtzeit orten kann. Kann Echzeitvideo speichern.","breadcrumb":{"@id":"https:\/\/sysmatec.ch\/de\/produit\/rauschquelle-anzeige-msv\/#breadcrumb"},"inLanguage":"de","potentialAction":[{"@type":"ReadAction","target":["https:\/\/sysmatec.ch\/de\/produit\/rauschquelle-anzeige-msv\/"]}]},{"@type":"ImageObject","inLanguage":"de","@id":"https:\/\/sysmatec.ch\/de\/produit\/rauschquelle-anzeige-msv\/#primaryimage","url":"https:\/\/sysmatec.ch\/wp-content\/uploads\/2019\/07\/Son_ACBEngineeringMSV.jpg","contentUrl":"https:\/\/sysmatec.ch\/wp-content\/uploads\/2019\/07\/Son_ACBEngineeringMSV.jpg","width":187,"height":162},{"@type":"BreadcrumbList","@id":"https:\/\/sysmatec.ch\/de\/produit\/rauschquelle-anzeige-msv\/#breadcrumb","itemListElement":[{"@type":"ListItem","position":1,"name":"Accueil","item":"https:\/\/sysmatec.ch\/de\/"},{"@type":"ListItem","position":2,"name":"Die Aktivit\u00e4t von Sysmatec","item":"https:\/\/sysmatec.ch\/de\/"},{"@type":"ListItem","position":3,"name":"Rauschquelle-Anzeige MSV"}]},{"@type":"WebSite","@id":"https:\/\/sysmatec.ch\/de\/#website","url":"https:\/\/sysmatec.ch\/de\/","name":"Sysmatec","description":"Equipement de laboratoire et logiciels","publisher":{"@id":"https:\/\/sysmatec.ch\/de\/#organization"},"potentialAction":[{"@type":"SearchAction","target":{"@type":"EntryPoint","urlTemplate":"https:\/\/sysmatec.ch\/de\/?s={search_term_string}"},"query-input":{"@type":"PropertyValueSpecification","valueRequired":true,"valueName":"search_term_string"}}],"inLanguage":"de"},{"@type":"Organization","@id":"https:\/\/sysmatec.ch\/de\/#organization","name":"Sysmatec","url":"https:\/\/sysmatec.ch\/de\/","logo":{"@type":"ImageObject","inLanguage":"de","@id":"https:\/\/sysmatec.ch\/de\/#\/schema\/logo\/image\/","url":"https:\/\/sysmatec.ch\/wp-content\/uploads\/2018\/11\/LogoSysmatec.jpg","contentUrl":"https:\/\/sysmatec.ch\/wp-content\/uploads\/2018\/11\/LogoSysmatec.jpg","width":301,"height":297,"caption":"Sysmatec"},"image":{"@id":"https:\/\/sysmatec.ch\/de\/#\/schema\/logo\/image\/"}}]}},"_links":{"self":[{"href":"https:\/\/sysmatec.ch\/de\/wp-json\/wp\/v2\/product\/8792","targetHints":{"allow":["GET"]}}],"collection":[{"href":"https:\/\/sysmatec.ch\/de\/wp-json\/wp\/v2\/product"}],"about":[{"href":"https:\/\/sysmatec.ch\/de\/wp-json\/wp\/v2\/types\/product"}],"wp:featuredmedia":[{"embeddable":true,"href":"https:\/\/sysmatec.ch\/de\/wp-json\/wp\/v2\/media\/8790"}],"wp:attachment":[{"href":"https:\/\/sysmatec.ch\/de\/wp-json\/wp\/v2\/media?parent=8792"}],"wp:term":[{"taxonomy":"product_brand","embeddable":true,"href":"https:\/\/sysmatec.ch\/de\/wp-json\/wp\/v2\/product_brand?post=8792"},{"taxonomy":"product_cat","embeddable":true,"href":"https:\/\/sysmatec.ch\/de\/wp-json\/wp\/v2\/product_cat?post=8792"},{"taxonomy":"product_tag","embeddable":true,"href":"https:\/\/sysmatec.ch\/de\/wp-json\/wp\/v2\/product_tag?post=8792"}],"curies":[{"name":"wp","href":"https:\/\/api.w.org\/{rel}","templated":true}]}}