{"id":8748,"date":"2019-07-09T11:10:33","date_gmt":"2019-07-09T09:10:33","guid":{"rendered":"https:\/\/sysmatec.ch\/produit\/enregistreur-de-chocs-pour-le-transport-msr-175\/"},"modified":"2022-05-15T20:49:19","modified_gmt":"2022-05-15T18:49:19","slug":"schock-datenlogger-fuer-transport-msr-175","status":"publish","type":"product","link":"https:\/\/sysmatec.ch\/de\/Produkt\/schock-datenlogger-fuer-transport-msr-175\/","title":{"rendered":"Schock-Datenlogger f\u00fcr Transport MSR 175"},"content":{"rendered":"<p>Der autark arbeitende Mini-Datenlogger MSR 175 zeichnet mittels hochauf-l\u00f6senden Sensoren l\u00fcckenlos auf, was mit Ihrem Gut w\u00e4hrend eines Transports geschieht. Die Auswertung der Logger-Daten \u2013 sei es zur Schadensermittlung oder um Transportverpackungen zu verbessern \u2013 gelingt anschliessend sehr pr\u00e4zise mit der intuitiv bedienbaren Analyse-Software \u00abMSR ShockViewer\u00bb. Er ist von den meisten Luftverkehrsunternehmen wie Lufthansa erlaubt.<\/p>\n<p>Die beiden im MSR 175 integrierten 3-Achsen-Beschleunigungssensoren (\u00b1 15 g und \u00b1 100 g) zeichnen Schocks mit einer Messrate von bis zu 5&#8217;000\/s auf. Die Speicherkapazit\u00e4t des Loggers von \u00fcber 2 Mio. Messwerten reicht zur Aufzeichnung von mind. 1&#8217;000 St\u00f6ssen aus. Zus\u00e4tzlich misst und speichert der MSR 175 Temperaturverl\u00e4ufe von -20 \u00b0C bis +65 \u00b0C. In einer zweiten Typ-Variante ist der Datenlogger zudem mit internen Feuchte-, Druck- und Lichtsensoren erh\u00e4ltlich.<\/p>\n<p>Variante 1 des MSR 175 beinhaltet zwei interne 3-Achsen-Beschleunigungssensoren (\u00b1 15 g und \u00b1 100 g) sowie einen internen Temperatursensor. Bestellcode: MSR175B16AA5T5<\/p>\n<p>Variante 2 des MSR 175 beinhaltet zwei interne 3-Achsen-Beschleunigungssensoren (\u00b1 15 g und \u00b1 100 g) sowie zus\u00e4tzlich je einen internen Feuchte-, Druck- und Lichtsensor. Bestellcode: MSR175B16AA5T5H3P5L2.<\/p>\n<p><span class=\"VIiyi\" lang=\"de\"><span class=\"JLqJ4b ChMk0b\" data-language-for-alternatives=\"de\" data-language-to-translate-into=\"fr\" data-phrase-index=\"0\">Der Datenlogger MSR175 ist jetzt auch in einer Version mit austauschbarem Li-SOCI2-Akku erh\u00e4ltlich, die im Vergleich zum Standard-LiPo-Akku eine noch l\u00e4ngere Betriebszeit erm\u00f6glicht: Dies bedeutet, dass die Transport- und Lager\u00fcberwachung sensibler G\u00fcter \u00fcber einen Zeitraum von mehr als zwei Jahre m\u00f6glich (Versionen 3 und 4 unten).<\/span><\/span><\/p>\n<p><span class=\"VIiyi\" lang=\"de\"><span class=\"JLqJ4b ChMk0b\" data-language-for-alternatives=\"de\" data-language-to-translate-into=\"fr\" data-phrase-index=\"2\">Die MSR 175-Variante 3 enth\u00e4lt zwei interne 3-Achsen-Beschleunigungsmesser (\u00b1 15 g und \u00b1 100 g), einen internen Temperatursensor und eine Li-SOCI2 3.7 V \/ 7700 mAh-Batterie.<\/span> <span class=\"JLqJ4b ChMk0b\" data-language-for-alternatives=\"de\" data-language-to-translate-into=\"fr\" data-phrase-index=\"3\">Bestellnummer: 175B54T2AA5.<\/span><\/span><\/p>\n<p><span class=\"VIiyi\" lang=\"de\"><span class=\"JLqJ4b ChMk0b\" data-language-for-alternatives=\"de\" data-language-to-translate-into=\"fr\" data-phrase-index=\"5\">MSR 175 Version 4 enth\u00e4lt zwei interne 3-Achsen-Beschleunigungssensoren (\u00b1 15 g und \u00b1 100 g) sowie einen zus\u00e4tzlichen Feuchtigkeits-, Druck- und Lichtsensor und einen Li-SOCI2 3.7 V \/ 7700 mAh-Akku.<\/span> <span class=\"JLqJ4b ChMk0b\" data-language-for-alternatives=\"de\" data-language-to-translate-into=\"fr\" data-phrase-index=\"6\">Bestellnummer: 175B54T6H3P5AA5L2.<\/span><\/span><\/p>\n<h2>Allgemeine Datenlogger Daten<\/h2>\n<ul>\n<li type=\"disc\">Abmessung &amp; Gewicht: PC-Designgeh\u00e4use, vergossen, IP67, 47 x 16 x 54 mm (B x H x L), ca. 28 g<\/li>\n<li type=\"disc\">Medium:Luft, div. Fl\u00fcssigkeiten<\/li>\n<li type=\"disc\">Speicherkapazit\u00e4t:\u00fcber 2 Mio. Messwerte<\/li>\n<li type=\"disc\">Taster: Messung starten\/Status abfragen<\/li>\n<li type=\"disc\">3-Achsen-Beschleunigungssensoren:2 interne 3-Achsen-Beschleunigungssensoren<\/li>\n<li type=\"disc\">Messbereich:\u00b1 15 g und \u00b1100 g (-20 to +65 \u00b0C)<\/li>\n<li type=\"disc\">Genauigkeit:15 g Sensor: \u00b10.15 g (+25 \u00b0C);100 g Sensor: bis 15 g \u00b12 g, bis 100 g \u00b15 g (bei +25 \u00b0C)<\/li>\n<li type=\"disc\">Mess-\/Speicherrate:bis zu 5&#8217;000\/s (\u00b115 %)<\/li>\n<li type=\"disc\">Spannungs-versorgung: LiPo-Akku 260 mAh, aufladbar \u00fcber USB-Anschluss, Aufzeichnungsdauer bis zu 4 Monate<\/li>\n<li type=\"disc\">PC-Software: kostenlose MSR ShockViewer Basis-Version oder kostenpflichtige MSR ShockViewer Pro-Version<\/li>\n<li type=\"disc\">Interface: USB<\/li>\n<li type=\"disc\">Betriebsbedingungen:Temperatur -20 bis +65 \u00b0C<\/li>\n<li type=\"disc\">Ideal f\u00fcr Schockaufzeichnung w\u00e4hrend den Tranpsort, Beschleunigung oder Vibration auf Machine.<\/li>\n<li type=\"disc\">Erf\u00fcllt den RTCA DO-160G-Standard<\/li>\n<\/ul>\n<h2>Spezifische Datenlogger Daten (Variante 2)<\/h2>\n<ul>\n<li>Temperatur -20 bis +65 \u00b0C \u00b10.5 \u00b0C (-10 bis +65 \u00b0C)<\/li>\n<li>Relative Feuchte: mit integrierter Temperatur, 0 to 100% rel \u00b12% rel. Feuchte (10 bis 85%, 0 bis +40 \u00b0C), \u00b14% rel. Feuchte (85 bis 95%, 0 bis+40 \u00b0C)<\/li>\n<li>Luftdruck: absolut, mit integrierter Temperatur (-20 bis +65 \u00b0C), 0 bis 2000 mbar absolut \u00b12.5 mbar (750 bis 1100 mbar absolut, +25 \u00b0C)<\/li>\n<li>Licht: 0 bis 65 000 lx max. Empfindlichkeit bei 500 nm<\/li>\n<li>Speicherung: alle 10 Min<\/li>\n<\/ul>\n<h2>Sie k\u00f6nnen hier den Datenlogger bestellen:<br \/>\n<iframe loading=\"lazy\" style=\"border: 0px; padding: 0; margin: 0;\" src=\"https:\/\/www.msr.ch\/affiliate\/de\/msr175.php?ver=Sysmatec\" name=\"value\" width=\"695\" height=\"2500\" frameborder=\"0\" scrolling=\"no\"><span data-mce-type=\"bookmark\" style=\"display: inline-block; width: 0px; overflow: hidden; line-height: 0;\" class=\"mce_SELRES_start\">\ufeff<\/span><span class=\"mce_SELRES_start\" style=\"width: 0px; line-height: 0; overflow: hidden; display: inline-block;\" data-mce-type=\"bookmark\">\ufeff<\/span><span class=\"mce_SELRES_start\" style=\"width: 0px; line-height: 0; overflow: hidden; display: inline-block;\" data-mce-type=\"bookmark\">\ufeff<\/span><span class=\"mce_SELRES_start\" style=\"width: 0px; line-height: 0; overflow: hidden; display: inline-block;\" data-mce-type=\"bookmark\">\ufeff<\/span><span class=\"mce_SELRES_start\" style=\"width: 0px; line-height: 0; overflow: hidden; display: inline-block;\" data-mce-type=\"bookmark\">\ufeff<\/span><\/iframe><\/h2>\n","protected":false},"excerpt":{"rendered":"<p>Schock-Datenlogger f\u00fcr Transport. M\u00f6glichkeit zu erweitern mit <span style=\"display: inline !important; float: none; background-color: #ffffff; color: #333333; cursor: text; font-family: Georgia,'Times New Roman','Bitstream Charter',Times,serif; font-size: 16px; font-style: normal; font-variant: normal; font-weight: 400; letter-spacing: normal; orphans: 2; text-align: left; text-decoration: none; text-indent: 0px; text-transform: none; -webkit-text-stroke-width: 0px; white-space: normal; word-spacing: 0px;\">Temperatur, Feuchte, Druck, Licht Messungen.<\/span><\/p>\n","protected":false},"featured_media":8746,"template":"","meta":{"_crdt_document":""},"product_brand":[],"product_cat":[288,168,169,175,206,173],"product_tag":[],"class_list":{"0":"post-8748","1":"product","2":"type-product","3":"status-publish","4":"has-post-thumbnail","6":"product_cat-beschleunigung","7":"product_cat-datenlogger","8":"product_cat-druck","9":"product_cat-feuchte","10":"product_cat-licht","11":"product_cat-temperatur","13":"first","14":"instock","15":"taxable","16":"shipping-taxable","17":"product-type-simple"},"yoast_head":"<!-- This site is optimized with the Yoast SEO plugin v27.4 - https:\/\/yoast.com\/product\/yoast-seo-wordpress\/ -->\n<title>Schock-Datenlogger f\u00fcr Transport MSR 175 - Sysmatec<\/title>\n<meta name=\"description\" content=\"Sto\u00df- und Beschleunigung Datenlogger. Optionale Aufzeichnung von Druck, Feuchtigkeit, Temperatur und Licht.\" \/>\n<meta name=\"robots\" content=\"index, follow, max-snippet:-1, max-image-preview:large, max-video-preview:-1\" \/>\n<link rel=\"canonical\" href=\"https:\/\/sysmatec.ch\/de\/produit\/schock-datenlogger-fuer-transport-msr-175\/\" \/>\n<meta property=\"og:locale\" content=\"de_DE\" \/>\n<meta property=\"og:type\" content=\"article\" \/>\n<meta property=\"og:title\" content=\"Schock-Datenlogger f\u00fcr Transport MSR 175 - Sysmatec\" \/>\n<meta property=\"og:description\" content=\"Sto\u00df- und Beschleunigung Datenlogger. Optionale Aufzeichnung von Druck, Feuchtigkeit, Temperatur und Licht.\" \/>\n<meta property=\"og:url\" content=\"https:\/\/sysmatec.ch\/de\/produit\/schock-datenlogger-fuer-transport-msr-175\/\" \/>\n<meta property=\"og:site_name\" content=\"Sysmatec\" \/>\n<meta property=\"article:modified_time\" content=\"2022-05-15T18:49:19+00:00\" \/>\n<meta property=\"og:image\" content=\"https:\/\/sysmatec.ch\/wp-content\/uploads\/2019\/07\/Enregistreur_MSR175.jpg\" \/>\n\t<meta property=\"og:image:width\" content=\"181\" \/>\n\t<meta property=\"og:image:height\" content=\"178\" \/>\n\t<meta property=\"og:image:type\" content=\"image\/jpeg\" \/>\n<meta name=\"twitter:card\" content=\"summary_large_image\" \/>\n<meta name=\"twitter:label1\" content=\"Gesch\u00e4tzte Lesezeit\" \/>\n\t<meta name=\"twitter:data1\" content=\"3\u00a0Minuten\" \/>\n<script type=\"application\/ld+json\" class=\"yoast-schema-graph\">{\"@context\":\"https:\\\/\\\/schema.org\",\"@graph\":[{\"@type\":\"WebPage\",\"@id\":\"https:\\\/\\\/sysmatec.ch\\\/de\\\/produit\\\/schock-datenlogger-fuer-transport-msr-175\\\/\",\"url\":\"https:\\\/\\\/sysmatec.ch\\\/de\\\/produit\\\/schock-datenlogger-fuer-transport-msr-175\\\/\",\"name\":\"Schock-Datenlogger f\u00fcr Transport MSR 175 - Sysmatec\",\"isPartOf\":{\"@id\":\"https:\\\/\\\/sysmatec.ch\\\/de\\\/#website\"},\"primaryImageOfPage\":{\"@id\":\"https:\\\/\\\/sysmatec.ch\\\/de\\\/produit\\\/schock-datenlogger-fuer-transport-msr-175\\\/#primaryimage\"},\"image\":{\"@id\":\"https:\\\/\\\/sysmatec.ch\\\/de\\\/produit\\\/schock-datenlogger-fuer-transport-msr-175\\\/#primaryimage\"},\"thumbnailUrl\":\"https:\\\/\\\/sysmatec.ch\\\/wp-content\\\/uploads\\\/2019\\\/07\\\/Enregistreur_MSR175.jpg\",\"datePublished\":\"2019-07-09T09:10:33+00:00\",\"dateModified\":\"2022-05-15T18:49:19+00:00\",\"description\":\"Sto\u00df- und Beschleunigung Datenlogger. Optionale Aufzeichnung von Druck, Feuchtigkeit, Temperatur und Licht.\",\"breadcrumb\":{\"@id\":\"https:\\\/\\\/sysmatec.ch\\\/de\\\/produit\\\/schock-datenlogger-fuer-transport-msr-175\\\/#breadcrumb\"},\"inLanguage\":\"de\",\"potentialAction\":[{\"@type\":\"ReadAction\",\"target\":[\"https:\\\/\\\/sysmatec.ch\\\/de\\\/produit\\\/schock-datenlogger-fuer-transport-msr-175\\\/\"]}]},{\"@type\":\"ImageObject\",\"inLanguage\":\"de\",\"@id\":\"https:\\\/\\\/sysmatec.ch\\\/de\\\/produit\\\/schock-datenlogger-fuer-transport-msr-175\\\/#primaryimage\",\"url\":\"https:\\\/\\\/sysmatec.ch\\\/wp-content\\\/uploads\\\/2019\\\/07\\\/Enregistreur_MSR175.jpg\",\"contentUrl\":\"https:\\\/\\\/sysmatec.ch\\\/wp-content\\\/uploads\\\/2019\\\/07\\\/Enregistreur_MSR175.jpg\",\"width\":181,\"height\":178},{\"@type\":\"BreadcrumbList\",\"@id\":\"https:\\\/\\\/sysmatec.ch\\\/de\\\/produit\\\/schock-datenlogger-fuer-transport-msr-175\\\/#breadcrumb\",\"itemListElement\":[{\"@type\":\"ListItem\",\"position\":1,\"name\":\"Accueil\",\"item\":\"https:\\\/\\\/sysmatec.ch\\\/de\\\/\"},{\"@type\":\"ListItem\",\"position\":2,\"name\":\"Die Aktivit\u00e4t von Sysmatec\",\"item\":\"https:\\\/\\\/sysmatec.ch\\\/de\\\/\"},{\"@type\":\"ListItem\",\"position\":3,\"name\":\"Schock-Datenlogger f\u00fcr Transport MSR 175\"}]},{\"@type\":\"WebSite\",\"@id\":\"https:\\\/\\\/sysmatec.ch\\\/de\\\/#website\",\"url\":\"https:\\\/\\\/sysmatec.ch\\\/de\\\/\",\"name\":\"Sysmatec\",\"description\":\"Equipement de laboratoire et logiciels\",\"publisher\":{\"@id\":\"https:\\\/\\\/sysmatec.ch\\\/de\\\/#organization\"},\"potentialAction\":[{\"@type\":\"SearchAction\",\"target\":{\"@type\":\"EntryPoint\",\"urlTemplate\":\"https:\\\/\\\/sysmatec.ch\\\/de\\\/?s={search_term_string}\"},\"query-input\":{\"@type\":\"PropertyValueSpecification\",\"valueRequired\":true,\"valueName\":\"search_term_string\"}}],\"inLanguage\":\"de\"},{\"@type\":\"Organization\",\"@id\":\"https:\\\/\\\/sysmatec.ch\\\/de\\\/#organization\",\"name\":\"Sysmatec\",\"url\":\"https:\\\/\\\/sysmatec.ch\\\/de\\\/\",\"logo\":{\"@type\":\"ImageObject\",\"inLanguage\":\"de\",\"@id\":\"https:\\\/\\\/sysmatec.ch\\\/de\\\/#\\\/schema\\\/logo\\\/image\\\/\",\"url\":\"https:\\\/\\\/sysmatec.ch\\\/wp-content\\\/uploads\\\/2018\\\/11\\\/LogoSysmatec.jpg\",\"contentUrl\":\"https:\\\/\\\/sysmatec.ch\\\/wp-content\\\/uploads\\\/2018\\\/11\\\/LogoSysmatec.jpg\",\"width\":301,\"height\":297,\"caption\":\"Sysmatec\"},\"image\":{\"@id\":\"https:\\\/\\\/sysmatec.ch\\\/de\\\/#\\\/schema\\\/logo\\\/image\\\/\"}}]}<\/script>\n<!-- \/ Yoast SEO plugin. -->","yoast_head_json":{"title":"Schock-Datenlogger f\u00fcr Transport MSR 175 - Sysmatec","description":"Sto\u00df- und Beschleunigung Datenlogger. Optionale Aufzeichnung von Druck, Feuchtigkeit, Temperatur und Licht.","robots":{"index":"index","follow":"follow","max-snippet":"max-snippet:-1","max-image-preview":"max-image-preview:large","max-video-preview":"max-video-preview:-1"},"canonical":"https:\/\/sysmatec.ch\/de\/produit\/schock-datenlogger-fuer-transport-msr-175\/","og_locale":"de_DE","og_type":"article","og_title":"Schock-Datenlogger f\u00fcr Transport MSR 175 - Sysmatec","og_description":"Sto\u00df- und Beschleunigung Datenlogger. Optionale Aufzeichnung von Druck, Feuchtigkeit, Temperatur und Licht.","og_url":"https:\/\/sysmatec.ch\/de\/produit\/schock-datenlogger-fuer-transport-msr-175\/","og_site_name":"Sysmatec","article_modified_time":"2022-05-15T18:49:19+00:00","og_image":[{"width":181,"height":178,"url":"https:\/\/sysmatec.ch\/wp-content\/uploads\/2019\/07\/Enregistreur_MSR175.jpg","type":"image\/jpeg"}],"twitter_card":"summary_large_image","twitter_misc":{"Gesch\u00e4tzte Lesezeit":"3\u00a0Minuten"},"schema":{"@context":"https:\/\/schema.org","@graph":[{"@type":"WebPage","@id":"https:\/\/sysmatec.ch\/de\/produit\/schock-datenlogger-fuer-transport-msr-175\/","url":"https:\/\/sysmatec.ch\/de\/produit\/schock-datenlogger-fuer-transport-msr-175\/","name":"Schock-Datenlogger f\u00fcr Transport MSR 175 - Sysmatec","isPartOf":{"@id":"https:\/\/sysmatec.ch\/de\/#website"},"primaryImageOfPage":{"@id":"https:\/\/sysmatec.ch\/de\/produit\/schock-datenlogger-fuer-transport-msr-175\/#primaryimage"},"image":{"@id":"https:\/\/sysmatec.ch\/de\/produit\/schock-datenlogger-fuer-transport-msr-175\/#primaryimage"},"thumbnailUrl":"https:\/\/sysmatec.ch\/wp-content\/uploads\/2019\/07\/Enregistreur_MSR175.jpg","datePublished":"2019-07-09T09:10:33+00:00","dateModified":"2022-05-15T18:49:19+00:00","description":"Sto\u00df- und Beschleunigung Datenlogger. Optionale Aufzeichnung von Druck, Feuchtigkeit, Temperatur und Licht.","breadcrumb":{"@id":"https:\/\/sysmatec.ch\/de\/produit\/schock-datenlogger-fuer-transport-msr-175\/#breadcrumb"},"inLanguage":"de","potentialAction":[{"@type":"ReadAction","target":["https:\/\/sysmatec.ch\/de\/produit\/schock-datenlogger-fuer-transport-msr-175\/"]}]},{"@type":"ImageObject","inLanguage":"de","@id":"https:\/\/sysmatec.ch\/de\/produit\/schock-datenlogger-fuer-transport-msr-175\/#primaryimage","url":"https:\/\/sysmatec.ch\/wp-content\/uploads\/2019\/07\/Enregistreur_MSR175.jpg","contentUrl":"https:\/\/sysmatec.ch\/wp-content\/uploads\/2019\/07\/Enregistreur_MSR175.jpg","width":181,"height":178},{"@type":"BreadcrumbList","@id":"https:\/\/sysmatec.ch\/de\/produit\/schock-datenlogger-fuer-transport-msr-175\/#breadcrumb","itemListElement":[{"@type":"ListItem","position":1,"name":"Accueil","item":"https:\/\/sysmatec.ch\/de\/"},{"@type":"ListItem","position":2,"name":"Die Aktivit\u00e4t von Sysmatec","item":"https:\/\/sysmatec.ch\/de\/"},{"@type":"ListItem","position":3,"name":"Schock-Datenlogger f\u00fcr Transport MSR 175"}]},{"@type":"WebSite","@id":"https:\/\/sysmatec.ch\/de\/#website","url":"https:\/\/sysmatec.ch\/de\/","name":"Sysmatec","description":"Equipement de laboratoire et logiciels","publisher":{"@id":"https:\/\/sysmatec.ch\/de\/#organization"},"potentialAction":[{"@type":"SearchAction","target":{"@type":"EntryPoint","urlTemplate":"https:\/\/sysmatec.ch\/de\/?s={search_term_string}"},"query-input":{"@type":"PropertyValueSpecification","valueRequired":true,"valueName":"search_term_string"}}],"inLanguage":"de"},{"@type":"Organization","@id":"https:\/\/sysmatec.ch\/de\/#organization","name":"Sysmatec","url":"https:\/\/sysmatec.ch\/de\/","logo":{"@type":"ImageObject","inLanguage":"de","@id":"https:\/\/sysmatec.ch\/de\/#\/schema\/logo\/image\/","url":"https:\/\/sysmatec.ch\/wp-content\/uploads\/2018\/11\/LogoSysmatec.jpg","contentUrl":"https:\/\/sysmatec.ch\/wp-content\/uploads\/2018\/11\/LogoSysmatec.jpg","width":301,"height":297,"caption":"Sysmatec"},"image":{"@id":"https:\/\/sysmatec.ch\/de\/#\/schema\/logo\/image\/"}}]}},"_links":{"self":[{"href":"https:\/\/sysmatec.ch\/de\/wp-json\/wp\/v2\/product\/8748","targetHints":{"allow":["GET"]}}],"collection":[{"href":"https:\/\/sysmatec.ch\/de\/wp-json\/wp\/v2\/product"}],"about":[{"href":"https:\/\/sysmatec.ch\/de\/wp-json\/wp\/v2\/types\/product"}],"wp:featuredmedia":[{"embeddable":true,"href":"https:\/\/sysmatec.ch\/de\/wp-json\/wp\/v2\/media\/8746"}],"wp:attachment":[{"href":"https:\/\/sysmatec.ch\/de\/wp-json\/wp\/v2\/media?parent=8748"}],"wp:term":[{"taxonomy":"product_brand","embeddable":true,"href":"https:\/\/sysmatec.ch\/de\/wp-json\/wp\/v2\/product_brand?post=8748"},{"taxonomy":"product_cat","embeddable":true,"href":"https:\/\/sysmatec.ch\/de\/wp-json\/wp\/v2\/product_cat?post=8748"},{"taxonomy":"product_tag","embeddable":true,"href":"https:\/\/sysmatec.ch\/de\/wp-json\/wp\/v2\/product_tag?post=8748"}],"curies":[{"name":"wp","href":"https:\/\/api.w.org\/{rel}","templated":true}]}}