{"id":8715,"date":"2019-07-08T21:17:23","date_gmt":"2019-07-08T19:17:23","guid":{"rendered":"https:\/\/sysmatec.ch\/produit\/tuyau-en-viton-typ-gf-s-lez-vitchem-70gf\/"},"modified":"2021-12-17T18:23:00","modified_gmt":"2021-12-17T17:23:00","slug":"viton-typ-gf-s-schlauch-lez-vitchem-70gf","status":"publish","type":"product","link":"https:\/\/sysmatec.ch\/de\/Produkt\/viton-typ-gf-s-schlauch-lez-vitchem-70gf\/","title":{"rendered":"Viton\u00ae Typ GF-S Schlauch (LEZ-VITCHEM 70GF)"},"content":{"rendered":"<p>Viton\u00ae Typ GF-Sist ein Fluorelastomer Terpolymer, peroxidvernetzt der neuen Generation. Mit 70 % Fluoranteil gegen\u00fcber 66 % f\u00fcr Viton\u00ae A und 67 % f\u00fcr Viton B, die gew\u00f6hnlich angewendet werden, n\u00e4hert sich die Molek\u00fclstruktur der Molek\u00fclstruktur von PTFE, wohlbekannt f\u00fcr ihre ausgezeichnete Best\u00e4ndigkeit gegen fast alle Chemikalien. Somit weist Viton GF-S eine viel bessere chemische Best\u00e4ndigkeit als die Typen A und B :<\/p>\n<ul>\n<li type=\"disc\">deutliche bessere Best\u00e4ndigkeit gegen\u00fcber hei\u00dfem Wasserdampf bis 140 \u00b0C.<\/li>\n<li type=\"disc\">bessere Best\u00e4ndigkeit gegen Reinigungsmittel, die in der pharmazeutischen oder Lebensmittelindustrie verwendet werden.<\/li>\n<li type=\"disc\">bessere Best\u00e4ndigkeit gegen vielen chemischen Produkte und L\u00f6sungsmitteln, insbesondere gegen starken S\u00e4uren, starken Alkalis, Methanol, Ethanol und viele Aminen, Esters und Terpenen<\/li>\n<li type=\"disc\">bessere Best\u00e4ndigkeit gegen Bioester (FAME), zum Beispiel vom Raps\u00f6l, die im Biodiesel in Verbindung mit Methanol und Ethanol verwendet werden.<\/li>\n<li type=\"disc\">mit der verbesserten Best\u00e4ndigkeit erh\u00f6ht sich auch deutlich der Sicherheitsfaktor bei Anwendungen mit hohem Risiko wie z.B. f\u00fcr Schl\u00e4uche und Dichtungen mit hei\u00dfem Wasserdampf oder aggressiven Chemikalien und L\u00f6sungsmitteln.<\/li>\n<li type=\"disc\">niedrigere Extraktionsrate von Metallen und organischen Kohlenstoffen, sodass er geeignet ist f\u00fcr Anwendungen mit wiederholten Lebensmittelkontakten gem\u00e4\u00df der FDA-Regulation 21 CFR \u00a7 177.2600.<\/li>\n<\/ul>\n<p>Ein weiterer Vorteil ist, dass mit Viton GF-S, k\u00f6nnen Produkte mit niedrigeren Shore-H\u00e4rte produziert werden (70 Shore A oder sogar 60 Shore A)<\/p>\n","protected":false},"excerpt":{"rendered":"<p>Viton\u00ae Typ GF-S Schlauch (LEZ-VITCHEM 70GF)<\/p>\n","protected":false},"featured_media":8704,"template":"","meta":{"_crdt_document":""},"product_brand":[],"product_cat":[285,279],"product_tag":[],"class_list":{"0":"post-8715","1":"product","2":"type-product","3":"status-publish","4":"has-post-thumbnail","6":"product_cat-schlauch","7":"product_cat-verbrauchsmaterial","9":"first","10":"instock","11":"taxable","12":"shipping-taxable","13":"purchasable","14":"product-type-variable"},"yoast_head":"<!-- This site is optimized with the Yoast SEO plugin v27.3 - https:\/\/yoast.com\/product\/yoast-seo-wordpress\/ -->\n<title>Viton\u00ae Typ GF-S Schlauch (LEZ-VITCHEM 70GF) - Sysmatec<\/title>\n<meta name=\"description\" content=\"Viton-Schlauch. Gute Hitzebest\u00e4ndigkeit und ausgezeichnete Best\u00e4ndigkeit gegen fast alle Chemikalien. 70 Shore A oder 60 Shore A\" \/>\n<meta name=\"robots\" content=\"index, follow, max-snippet:-1, max-image-preview:large, max-video-preview:-1\" \/>\n<link rel=\"canonical\" href=\"https:\/\/sysmatec.ch\/de\/produit\/viton-typ-gf-s-schlauch-lez-vitchem-70gf\/\" \/>\n<meta property=\"og:locale\" content=\"de_DE\" \/>\n<meta property=\"og:type\" content=\"article\" \/>\n<meta property=\"og:title\" content=\"Viton\u00ae Typ GF-S Schlauch (LEZ-VITCHEM 70GF) - Sysmatec\" \/>\n<meta property=\"og:description\" content=\"Viton-Schlauch. Gute Hitzebest\u00e4ndigkeit und ausgezeichnete Best\u00e4ndigkeit gegen fast alle Chemikalien. 70 Shore A oder 60 Shore A\" \/>\n<meta property=\"og:url\" content=\"https:\/\/sysmatec.ch\/de\/produit\/viton-typ-gf-s-schlauch-lez-vitchem-70gf\/\" \/>\n<meta property=\"og:site_name\" content=\"Sysmatec\" \/>\n<meta property=\"article:modified_time\" content=\"2021-12-17T17:23:00+00:00\" \/>\n<meta property=\"og:image\" content=\"https:\/\/sysmatec.ch\/wp-content\/uploads\/2019\/07\/Tuyau_LezaudLezVitchem.jpg\" \/>\n\t<meta property=\"og:image:width\" content=\"186\" \/>\n\t<meta property=\"og:image:height\" content=\"124\" \/>\n\t<meta property=\"og:image:type\" content=\"image\/jpeg\" \/>\n<meta name=\"twitter:card\" content=\"summary_large_image\" \/>\n<meta name=\"twitter:label1\" content=\"Gesch\u00e4tzte Lesezeit\" \/>\n\t<meta name=\"twitter:data1\" content=\"1\u00a0Minute\" \/>\n<script type=\"application\/ld+json\" class=\"yoast-schema-graph\">{\"@context\":\"https:\\\/\\\/schema.org\",\"@graph\":[{\"@type\":\"WebPage\",\"@id\":\"https:\\\/\\\/sysmatec.ch\\\/de\\\/produit\\\/viton-typ-gf-s-schlauch-lez-vitchem-70gf\\\/\",\"url\":\"https:\\\/\\\/sysmatec.ch\\\/de\\\/produit\\\/viton-typ-gf-s-schlauch-lez-vitchem-70gf\\\/\",\"name\":\"Viton\u00ae Typ GF-S Schlauch (LEZ-VITCHEM 70GF) - Sysmatec\",\"isPartOf\":{\"@id\":\"https:\\\/\\\/sysmatec.ch\\\/de\\\/#website\"},\"primaryImageOfPage\":{\"@id\":\"https:\\\/\\\/sysmatec.ch\\\/de\\\/produit\\\/viton-typ-gf-s-schlauch-lez-vitchem-70gf\\\/#primaryimage\"},\"image\":{\"@id\":\"https:\\\/\\\/sysmatec.ch\\\/de\\\/produit\\\/viton-typ-gf-s-schlauch-lez-vitchem-70gf\\\/#primaryimage\"},\"thumbnailUrl\":\"https:\\\/\\\/sysmatec.ch\\\/wp-content\\\/uploads\\\/2019\\\/07\\\/Tuyau_LezaudLezVitchem.jpg\",\"datePublished\":\"2019-07-08T19:17:23+00:00\",\"dateModified\":\"2021-12-17T17:23:00+00:00\",\"description\":\"Viton-Schlauch. Gute Hitzebest\u00e4ndigkeit und ausgezeichnete Best\u00e4ndigkeit gegen fast alle Chemikalien. 70 Shore A oder 60 Shore A\",\"breadcrumb\":{\"@id\":\"https:\\\/\\\/sysmatec.ch\\\/de\\\/produit\\\/viton-typ-gf-s-schlauch-lez-vitchem-70gf\\\/#breadcrumb\"},\"inLanguage\":\"de\",\"potentialAction\":[{\"@type\":\"ReadAction\",\"target\":[\"https:\\\/\\\/sysmatec.ch\\\/de\\\/produit\\\/viton-typ-gf-s-schlauch-lez-vitchem-70gf\\\/\"]}]},{\"@type\":\"ImageObject\",\"inLanguage\":\"de\",\"@id\":\"https:\\\/\\\/sysmatec.ch\\\/de\\\/produit\\\/viton-typ-gf-s-schlauch-lez-vitchem-70gf\\\/#primaryimage\",\"url\":\"https:\\\/\\\/sysmatec.ch\\\/wp-content\\\/uploads\\\/2019\\\/07\\\/Tuyau_LezaudLezVitchem.jpg\",\"contentUrl\":\"https:\\\/\\\/sysmatec.ch\\\/wp-content\\\/uploads\\\/2019\\\/07\\\/Tuyau_LezaudLezVitchem.jpg\",\"width\":186,\"height\":124},{\"@type\":\"BreadcrumbList\",\"@id\":\"https:\\\/\\\/sysmatec.ch\\\/de\\\/produit\\\/viton-typ-gf-s-schlauch-lez-vitchem-70gf\\\/#breadcrumb\",\"itemListElement\":[{\"@type\":\"ListItem\",\"position\":1,\"name\":\"Accueil\",\"item\":\"https:\\\/\\\/sysmatec.ch\\\/de\\\/\"},{\"@type\":\"ListItem\",\"position\":2,\"name\":\"Die Aktivit\u00e4t von Sysmatec\",\"item\":\"https:\\\/\\\/sysmatec.ch\\\/de\\\/\"},{\"@type\":\"ListItem\",\"position\":3,\"name\":\"Viton\u00ae Typ GF-S Schlauch (LEZ-VITCHEM 70GF)\"}]},{\"@type\":\"WebSite\",\"@id\":\"https:\\\/\\\/sysmatec.ch\\\/de\\\/#website\",\"url\":\"https:\\\/\\\/sysmatec.ch\\\/de\\\/\",\"name\":\"Sysmatec\",\"description\":\"Equipement de laboratoire et logiciels\",\"publisher\":{\"@id\":\"https:\\\/\\\/sysmatec.ch\\\/de\\\/#organization\"},\"potentialAction\":[{\"@type\":\"SearchAction\",\"target\":{\"@type\":\"EntryPoint\",\"urlTemplate\":\"https:\\\/\\\/sysmatec.ch\\\/de\\\/?s={search_term_string}\"},\"query-input\":{\"@type\":\"PropertyValueSpecification\",\"valueRequired\":true,\"valueName\":\"search_term_string\"}}],\"inLanguage\":\"de\"},{\"@type\":\"Organization\",\"@id\":\"https:\\\/\\\/sysmatec.ch\\\/de\\\/#organization\",\"name\":\"Sysmatec\",\"url\":\"https:\\\/\\\/sysmatec.ch\\\/de\\\/\",\"logo\":{\"@type\":\"ImageObject\",\"inLanguage\":\"de\",\"@id\":\"https:\\\/\\\/sysmatec.ch\\\/de\\\/#\\\/schema\\\/logo\\\/image\\\/\",\"url\":\"https:\\\/\\\/sysmatec.ch\\\/wp-content\\\/uploads\\\/2018\\\/11\\\/LogoSysmatec.jpg\",\"contentUrl\":\"https:\\\/\\\/sysmatec.ch\\\/wp-content\\\/uploads\\\/2018\\\/11\\\/LogoSysmatec.jpg\",\"width\":301,\"height\":297,\"caption\":\"Sysmatec\"},\"image\":{\"@id\":\"https:\\\/\\\/sysmatec.ch\\\/de\\\/#\\\/schema\\\/logo\\\/image\\\/\"}}]}<\/script>\n<!-- \/ Yoast SEO plugin. -->","yoast_head_json":{"title":"Viton\u00ae Typ GF-S Schlauch (LEZ-VITCHEM 70GF) - Sysmatec","description":"Viton-Schlauch. Gute Hitzebest\u00e4ndigkeit und ausgezeichnete Best\u00e4ndigkeit gegen fast alle Chemikalien. 70 Shore A oder 60 Shore A","robots":{"index":"index","follow":"follow","max-snippet":"max-snippet:-1","max-image-preview":"max-image-preview:large","max-video-preview":"max-video-preview:-1"},"canonical":"https:\/\/sysmatec.ch\/de\/produit\/viton-typ-gf-s-schlauch-lez-vitchem-70gf\/","og_locale":"de_DE","og_type":"article","og_title":"Viton\u00ae Typ GF-S Schlauch (LEZ-VITCHEM 70GF) - Sysmatec","og_description":"Viton-Schlauch. Gute Hitzebest\u00e4ndigkeit und ausgezeichnete Best\u00e4ndigkeit gegen fast alle Chemikalien. 70 Shore A oder 60 Shore A","og_url":"https:\/\/sysmatec.ch\/de\/produit\/viton-typ-gf-s-schlauch-lez-vitchem-70gf\/","og_site_name":"Sysmatec","article_modified_time":"2021-12-17T17:23:00+00:00","og_image":[{"width":186,"height":124,"url":"https:\/\/sysmatec.ch\/wp-content\/uploads\/2019\/07\/Tuyau_LezaudLezVitchem.jpg","type":"image\/jpeg"}],"twitter_card":"summary_large_image","twitter_misc":{"Gesch\u00e4tzte Lesezeit":"1\u00a0Minute"},"schema":{"@context":"https:\/\/schema.org","@graph":[{"@type":"WebPage","@id":"https:\/\/sysmatec.ch\/de\/produit\/viton-typ-gf-s-schlauch-lez-vitchem-70gf\/","url":"https:\/\/sysmatec.ch\/de\/produit\/viton-typ-gf-s-schlauch-lez-vitchem-70gf\/","name":"Viton\u00ae Typ GF-S Schlauch (LEZ-VITCHEM 70GF) - Sysmatec","isPartOf":{"@id":"https:\/\/sysmatec.ch\/de\/#website"},"primaryImageOfPage":{"@id":"https:\/\/sysmatec.ch\/de\/produit\/viton-typ-gf-s-schlauch-lez-vitchem-70gf\/#primaryimage"},"image":{"@id":"https:\/\/sysmatec.ch\/de\/produit\/viton-typ-gf-s-schlauch-lez-vitchem-70gf\/#primaryimage"},"thumbnailUrl":"https:\/\/sysmatec.ch\/wp-content\/uploads\/2019\/07\/Tuyau_LezaudLezVitchem.jpg","datePublished":"2019-07-08T19:17:23+00:00","dateModified":"2021-12-17T17:23:00+00:00","description":"Viton-Schlauch. Gute Hitzebest\u00e4ndigkeit und ausgezeichnete Best\u00e4ndigkeit gegen fast alle Chemikalien. 70 Shore A oder 60 Shore A","breadcrumb":{"@id":"https:\/\/sysmatec.ch\/de\/produit\/viton-typ-gf-s-schlauch-lez-vitchem-70gf\/#breadcrumb"},"inLanguage":"de","potentialAction":[{"@type":"ReadAction","target":["https:\/\/sysmatec.ch\/de\/produit\/viton-typ-gf-s-schlauch-lez-vitchem-70gf\/"]}]},{"@type":"ImageObject","inLanguage":"de","@id":"https:\/\/sysmatec.ch\/de\/produit\/viton-typ-gf-s-schlauch-lez-vitchem-70gf\/#primaryimage","url":"https:\/\/sysmatec.ch\/wp-content\/uploads\/2019\/07\/Tuyau_LezaudLezVitchem.jpg","contentUrl":"https:\/\/sysmatec.ch\/wp-content\/uploads\/2019\/07\/Tuyau_LezaudLezVitchem.jpg","width":186,"height":124},{"@type":"BreadcrumbList","@id":"https:\/\/sysmatec.ch\/de\/produit\/viton-typ-gf-s-schlauch-lez-vitchem-70gf\/#breadcrumb","itemListElement":[{"@type":"ListItem","position":1,"name":"Accueil","item":"https:\/\/sysmatec.ch\/de\/"},{"@type":"ListItem","position":2,"name":"Die Aktivit\u00e4t von Sysmatec","item":"https:\/\/sysmatec.ch\/de\/"},{"@type":"ListItem","position":3,"name":"Viton\u00ae Typ GF-S Schlauch (LEZ-VITCHEM 70GF)"}]},{"@type":"WebSite","@id":"https:\/\/sysmatec.ch\/de\/#website","url":"https:\/\/sysmatec.ch\/de\/","name":"Sysmatec","description":"Equipement de laboratoire et logiciels","publisher":{"@id":"https:\/\/sysmatec.ch\/de\/#organization"},"potentialAction":[{"@type":"SearchAction","target":{"@type":"EntryPoint","urlTemplate":"https:\/\/sysmatec.ch\/de\/?s={search_term_string}"},"query-input":{"@type":"PropertyValueSpecification","valueRequired":true,"valueName":"search_term_string"}}],"inLanguage":"de"},{"@type":"Organization","@id":"https:\/\/sysmatec.ch\/de\/#organization","name":"Sysmatec","url":"https:\/\/sysmatec.ch\/de\/","logo":{"@type":"ImageObject","inLanguage":"de","@id":"https:\/\/sysmatec.ch\/de\/#\/schema\/logo\/image\/","url":"https:\/\/sysmatec.ch\/wp-content\/uploads\/2018\/11\/LogoSysmatec.jpg","contentUrl":"https:\/\/sysmatec.ch\/wp-content\/uploads\/2018\/11\/LogoSysmatec.jpg","width":301,"height":297,"caption":"Sysmatec"},"image":{"@id":"https:\/\/sysmatec.ch\/de\/#\/schema\/logo\/image\/"}}]}},"_links":{"self":[{"href":"https:\/\/sysmatec.ch\/de\/wp-json\/wp\/v2\/product\/8715","targetHints":{"allow":["GET"]}}],"collection":[{"href":"https:\/\/sysmatec.ch\/de\/wp-json\/wp\/v2\/product"}],"about":[{"href":"https:\/\/sysmatec.ch\/de\/wp-json\/wp\/v2\/types\/product"}],"wp:featuredmedia":[{"embeddable":true,"href":"https:\/\/sysmatec.ch\/de\/wp-json\/wp\/v2\/media\/8704"}],"wp:attachment":[{"href":"https:\/\/sysmatec.ch\/de\/wp-json\/wp\/v2\/media?parent=8715"}],"wp:term":[{"taxonomy":"product_brand","embeddable":true,"href":"https:\/\/sysmatec.ch\/de\/wp-json\/wp\/v2\/product_brand?post=8715"},{"taxonomy":"product_cat","embeddable":true,"href":"https:\/\/sysmatec.ch\/de\/wp-json\/wp\/v2\/product_cat?post=8715"},{"taxonomy":"product_tag","embeddable":true,"href":"https:\/\/sysmatec.ch\/de\/wp-json\/wp\/v2\/product_tag?post=8715"}],"curies":[{"name":"wp","href":"https:\/\/api.w.org\/{rel}","templated":true}]}}