{"id":8699,"date":"2019-07-08T21:09:20","date_gmt":"2019-07-08T19:09:20","guid":{"rendered":"https:\/\/sysmatec.ch\/produit\/tuyaux-en-pfa-perfluoroalkoxy-hyflon-antideflagrant\/"},"modified":"2021-12-17T20:42:38","modified_gmt":"2021-12-17T19:42:38","slug":"ex-schutz-schlaeuche-pfa-perfluoroalkoxy-hyflon-ex","status":"publish","type":"product","link":"https:\/\/sysmatec.ch\/de\/Produkt\/ex-schutz-schlaeuche-pfa-perfluoroalkoxy-hyflon-ex\/","title":{"rendered":"Ex-Schutz Schl\u00e4uche, PFA (perfluoroalkoxy, Hyflon) EX"},"content":{"rendered":"<ul>\n<li>Transparenter PFA-Schlauch mit auschlie\u00dflich auf der Au\u00dfenseite der Wandung in L\u00e4ngsrichtung verlaufenden leitf\u00e4higen schwarzen Streifen. Die Schl\u00e4uche sind sowohl innen als auch au\u00dfen rund und k\u00f6nnen problemlos mit den \u00fcblichen Anschlussst\u00fccken verbunden werden.<\/li>\n<li>durchflie\u00dfendes Medium kommt nur mit PFA in Ber\u00fchrung<\/li>\n<li>keine chemische Einschr\u00e4nkung durch die \u00e4u\u00dferlichen Leitungsstreifen<\/li>\n<li>Arbeitswiderstand von weniger als 1.000 kOhm<\/li>\n<li>glatte, porenfreie Innenfl\u00e4che<\/li>\n<li>problemlose Sicht auf das durchflie\u00dfende Medium<\/li>\n<li>keine Korrosion wie bei Metall-Leitungen oder \u2013 Netzen<\/li>\n<li>nahezu universelle chemische Best\u00e4ndigkeit<\/li>\n<\/ul>\n<table border=\"1\" width=\"650\" cellspacing=\"0\" cellpadding=\"2\">\n<tbody>\n<tr>\n<td>Ref. Nr<\/td>\n<td>Innen Durchmessermm<\/td>\n<td>Aussen Durchmessermm<\/td>\n<td>Wandst\u00e4rkemm<\/td>\n<td>Biegeradiusmm (bei 23 \u00b0C)<\/td>\n<td>Platzdruckbar (bei 23 \u00b0C)<\/td>\n<\/tr>\n<tr>\n<td>S 1855-30<\/td>\n<td>2<\/td>\n<td>3<\/td>\n<td>0.5<\/td>\n<td>15<\/td>\n<td>57<\/td>\n<\/tr>\n<tr>\n<td>S 1855-40<\/td>\n<td>4<\/td>\n<td>6<\/td>\n<td>1<\/td>\n<td>25<\/td>\n<td>57<\/td>\n<\/tr>\n<tr>\n<td>S 1855-50<\/td>\n<td>6<\/td>\n<td>8<\/td>\n<td>1<\/td>\n<td>50<\/td>\n<td>41<\/td>\n<\/tr>\n<tr>\n<td>S 1855-60<\/td>\n<td>8<\/td>\n<td>10<\/td>\n<td>1<\/td>\n<td>80<\/td>\n<td>32<\/td>\n<\/tr>\n<tr>\n<td>S 1855-64<\/td>\n<td>10<\/td>\n<td>12<\/td>\n<td>1<\/td>\n<td>130<\/td>\n<td>27<\/td>\n<\/tr>\n<\/tbody>\n<\/table>\n","protected":false},"excerpt":{"rendered":"<p>Ex-Schutz Schl\u00e4uche, PFA (perfluoroalkoxy, Hyflon) EX<\/p>\n","protected":false},"featured_media":8694,"template":"","meta":{"_crdt_document":""},"product_brand":[],"product_cat":[285,279],"product_tag":[],"class_list":{"0":"post-8699","1":"product","2":"type-product","3":"status-publish","4":"has-post-thumbnail","6":"product_cat-schlauch","7":"product_cat-verbrauchsmaterial","9":"first","10":"instock","11":"taxable","12":"shipping-taxable","13":"product-type-simple"},"yoast_head":"<!-- This site is optimized with the Yoast SEO plugin v27.3 - https:\/\/yoast.com\/product\/yoast-seo-wordpress\/ -->\n<title>Ex-Schutz Schl\u00e4uche, PFA (perfluoroalkoxy, Hyflon) EX - Sysmatec<\/title>\n<meta name=\"description\" content=\"Explosionsgesch\u00fctzter PFA-Schlauch. Es ist mit einem leitf\u00e4higen Klebeband bedeckt. Ausgezeichnete chemische Best\u00e4ndigkeit. Erh\u00e4ltlich in verschiedenen Durchmessern.\" \/>\n<meta name=\"robots\" content=\"index, follow, max-snippet:-1, max-image-preview:large, max-video-preview:-1\" \/>\n<link rel=\"canonical\" href=\"https:\/\/sysmatec.ch\/de\/produit\/ex-schutz-schlaeuche-pfa-perfluoroalkoxy-hyflon-ex\/\" \/>\n<meta property=\"og:locale\" content=\"de_DE\" \/>\n<meta property=\"og:type\" content=\"article\" \/>\n<meta property=\"og:title\" content=\"Ex-Schutz Schl\u00e4uche, PFA (perfluoroalkoxy, Hyflon) EX - Sysmatec\" \/>\n<meta property=\"og:description\" content=\"Explosionsgesch\u00fctzter PFA-Schlauch. Es ist mit einem leitf\u00e4higen Klebeband bedeckt. Ausgezeichnete chemische Best\u00e4ndigkeit. Erh\u00e4ltlich in verschiedenen Durchmessern.\" \/>\n<meta property=\"og:url\" content=\"https:\/\/sysmatec.ch\/de\/produit\/ex-schutz-schlaeuche-pfa-perfluoroalkoxy-hyflon-ex\/\" \/>\n<meta property=\"og:site_name\" content=\"Sysmatec\" \/>\n<meta property=\"article:modified_time\" content=\"2021-12-17T19:42:38+00:00\" \/>\n<meta property=\"og:image\" content=\"https:\/\/sysmatec.ch\/wp-content\/uploads\/2019\/07\/Tuyau_BolaPfaEX1.jpg\" \/>\n\t<meta property=\"og:image:width\" content=\"204\" \/>\n\t<meta property=\"og:image:height\" content=\"154\" \/>\n\t<meta property=\"og:image:type\" content=\"image\/jpeg\" \/>\n<meta name=\"twitter:card\" content=\"summary_large_image\" \/>\n<meta name=\"twitter:label1\" content=\"Gesch\u00e4tzte Lesezeit\" \/>\n\t<meta name=\"twitter:data1\" content=\"1\u00a0Minute\" \/>\n<script type=\"application\/ld+json\" class=\"yoast-schema-graph\">{\"@context\":\"https:\\\/\\\/schema.org\",\"@graph\":[{\"@type\":\"WebPage\",\"@id\":\"https:\\\/\\\/sysmatec.ch\\\/de\\\/produit\\\/ex-schutz-schlaeuche-pfa-perfluoroalkoxy-hyflon-ex\\\/\",\"url\":\"https:\\\/\\\/sysmatec.ch\\\/de\\\/produit\\\/ex-schutz-schlaeuche-pfa-perfluoroalkoxy-hyflon-ex\\\/\",\"name\":\"Ex-Schutz Schl\u00e4uche, PFA (perfluoroalkoxy, Hyflon) EX - Sysmatec\",\"isPartOf\":{\"@id\":\"https:\\\/\\\/sysmatec.ch\\\/de\\\/#website\"},\"primaryImageOfPage\":{\"@id\":\"https:\\\/\\\/sysmatec.ch\\\/de\\\/produit\\\/ex-schutz-schlaeuche-pfa-perfluoroalkoxy-hyflon-ex\\\/#primaryimage\"},\"image\":{\"@id\":\"https:\\\/\\\/sysmatec.ch\\\/de\\\/produit\\\/ex-schutz-schlaeuche-pfa-perfluoroalkoxy-hyflon-ex\\\/#primaryimage\"},\"thumbnailUrl\":\"https:\\\/\\\/sysmatec.ch\\\/wp-content\\\/uploads\\\/2019\\\/07\\\/Tuyau_BolaPfaEX1.jpg\",\"datePublished\":\"2019-07-08T19:09:20+00:00\",\"dateModified\":\"2021-12-17T19:42:38+00:00\",\"description\":\"Explosionsgesch\u00fctzter PFA-Schlauch. Es ist mit einem leitf\u00e4higen Klebeband bedeckt. Ausgezeichnete chemische Best\u00e4ndigkeit. Erh\u00e4ltlich in verschiedenen Durchmessern.\",\"breadcrumb\":{\"@id\":\"https:\\\/\\\/sysmatec.ch\\\/de\\\/produit\\\/ex-schutz-schlaeuche-pfa-perfluoroalkoxy-hyflon-ex\\\/#breadcrumb\"},\"inLanguage\":\"de\",\"potentialAction\":[{\"@type\":\"ReadAction\",\"target\":[\"https:\\\/\\\/sysmatec.ch\\\/de\\\/produit\\\/ex-schutz-schlaeuche-pfa-perfluoroalkoxy-hyflon-ex\\\/\"]}]},{\"@type\":\"ImageObject\",\"inLanguage\":\"de\",\"@id\":\"https:\\\/\\\/sysmatec.ch\\\/de\\\/produit\\\/ex-schutz-schlaeuche-pfa-perfluoroalkoxy-hyflon-ex\\\/#primaryimage\",\"url\":\"https:\\\/\\\/sysmatec.ch\\\/wp-content\\\/uploads\\\/2019\\\/07\\\/Tuyau_BolaPfaEX1.jpg\",\"contentUrl\":\"https:\\\/\\\/sysmatec.ch\\\/wp-content\\\/uploads\\\/2019\\\/07\\\/Tuyau_BolaPfaEX1.jpg\",\"width\":204,\"height\":154},{\"@type\":\"BreadcrumbList\",\"@id\":\"https:\\\/\\\/sysmatec.ch\\\/de\\\/produit\\\/ex-schutz-schlaeuche-pfa-perfluoroalkoxy-hyflon-ex\\\/#breadcrumb\",\"itemListElement\":[{\"@type\":\"ListItem\",\"position\":1,\"name\":\"Accueil\",\"item\":\"https:\\\/\\\/sysmatec.ch\\\/de\\\/\"},{\"@type\":\"ListItem\",\"position\":2,\"name\":\"Die Aktivit\u00e4t von Sysmatec\",\"item\":\"https:\\\/\\\/sysmatec.ch\\\/de\\\/\"},{\"@type\":\"ListItem\",\"position\":3,\"name\":\"Ex-Schutz Schl\u00e4uche, PFA (perfluoroalkoxy, Hyflon) EX\"}]},{\"@type\":\"WebSite\",\"@id\":\"https:\\\/\\\/sysmatec.ch\\\/de\\\/#website\",\"url\":\"https:\\\/\\\/sysmatec.ch\\\/de\\\/\",\"name\":\"Sysmatec\",\"description\":\"Equipement de laboratoire et logiciels\",\"publisher\":{\"@id\":\"https:\\\/\\\/sysmatec.ch\\\/de\\\/#organization\"},\"potentialAction\":[{\"@type\":\"SearchAction\",\"target\":{\"@type\":\"EntryPoint\",\"urlTemplate\":\"https:\\\/\\\/sysmatec.ch\\\/de\\\/?s={search_term_string}\"},\"query-input\":{\"@type\":\"PropertyValueSpecification\",\"valueRequired\":true,\"valueName\":\"search_term_string\"}}],\"inLanguage\":\"de\"},{\"@type\":\"Organization\",\"@id\":\"https:\\\/\\\/sysmatec.ch\\\/de\\\/#organization\",\"name\":\"Sysmatec\",\"url\":\"https:\\\/\\\/sysmatec.ch\\\/de\\\/\",\"logo\":{\"@type\":\"ImageObject\",\"inLanguage\":\"de\",\"@id\":\"https:\\\/\\\/sysmatec.ch\\\/de\\\/#\\\/schema\\\/logo\\\/image\\\/\",\"url\":\"https:\\\/\\\/sysmatec.ch\\\/wp-content\\\/uploads\\\/2018\\\/11\\\/LogoSysmatec.jpg\",\"contentUrl\":\"https:\\\/\\\/sysmatec.ch\\\/wp-content\\\/uploads\\\/2018\\\/11\\\/LogoSysmatec.jpg\",\"width\":301,\"height\":297,\"caption\":\"Sysmatec\"},\"image\":{\"@id\":\"https:\\\/\\\/sysmatec.ch\\\/de\\\/#\\\/schema\\\/logo\\\/image\\\/\"}}]}<\/script>\n<!-- \/ Yoast SEO plugin. -->","yoast_head_json":{"title":"Ex-Schutz Schl\u00e4uche, PFA (perfluoroalkoxy, Hyflon) EX - Sysmatec","description":"Explosionsgesch\u00fctzter PFA-Schlauch. Es ist mit einem leitf\u00e4higen Klebeband bedeckt. Ausgezeichnete chemische Best\u00e4ndigkeit. Erh\u00e4ltlich in verschiedenen Durchmessern.","robots":{"index":"index","follow":"follow","max-snippet":"max-snippet:-1","max-image-preview":"max-image-preview:large","max-video-preview":"max-video-preview:-1"},"canonical":"https:\/\/sysmatec.ch\/de\/produit\/ex-schutz-schlaeuche-pfa-perfluoroalkoxy-hyflon-ex\/","og_locale":"de_DE","og_type":"article","og_title":"Ex-Schutz Schl\u00e4uche, PFA (perfluoroalkoxy, Hyflon) EX - Sysmatec","og_description":"Explosionsgesch\u00fctzter PFA-Schlauch. Es ist mit einem leitf\u00e4higen Klebeband bedeckt. Ausgezeichnete chemische Best\u00e4ndigkeit. Erh\u00e4ltlich in verschiedenen Durchmessern.","og_url":"https:\/\/sysmatec.ch\/de\/produit\/ex-schutz-schlaeuche-pfa-perfluoroalkoxy-hyflon-ex\/","og_site_name":"Sysmatec","article_modified_time":"2021-12-17T19:42:38+00:00","og_image":[{"width":204,"height":154,"url":"https:\/\/sysmatec.ch\/wp-content\/uploads\/2019\/07\/Tuyau_BolaPfaEX1.jpg","type":"image\/jpeg"}],"twitter_card":"summary_large_image","twitter_misc":{"Gesch\u00e4tzte Lesezeit":"1\u00a0Minute"},"schema":{"@context":"https:\/\/schema.org","@graph":[{"@type":"WebPage","@id":"https:\/\/sysmatec.ch\/de\/produit\/ex-schutz-schlaeuche-pfa-perfluoroalkoxy-hyflon-ex\/","url":"https:\/\/sysmatec.ch\/de\/produit\/ex-schutz-schlaeuche-pfa-perfluoroalkoxy-hyflon-ex\/","name":"Ex-Schutz Schl\u00e4uche, PFA (perfluoroalkoxy, Hyflon) EX - Sysmatec","isPartOf":{"@id":"https:\/\/sysmatec.ch\/de\/#website"},"primaryImageOfPage":{"@id":"https:\/\/sysmatec.ch\/de\/produit\/ex-schutz-schlaeuche-pfa-perfluoroalkoxy-hyflon-ex\/#primaryimage"},"image":{"@id":"https:\/\/sysmatec.ch\/de\/produit\/ex-schutz-schlaeuche-pfa-perfluoroalkoxy-hyflon-ex\/#primaryimage"},"thumbnailUrl":"https:\/\/sysmatec.ch\/wp-content\/uploads\/2019\/07\/Tuyau_BolaPfaEX1.jpg","datePublished":"2019-07-08T19:09:20+00:00","dateModified":"2021-12-17T19:42:38+00:00","description":"Explosionsgesch\u00fctzter PFA-Schlauch. Es ist mit einem leitf\u00e4higen Klebeband bedeckt. Ausgezeichnete chemische Best\u00e4ndigkeit. Erh\u00e4ltlich in verschiedenen Durchmessern.","breadcrumb":{"@id":"https:\/\/sysmatec.ch\/de\/produit\/ex-schutz-schlaeuche-pfa-perfluoroalkoxy-hyflon-ex\/#breadcrumb"},"inLanguage":"de","potentialAction":[{"@type":"ReadAction","target":["https:\/\/sysmatec.ch\/de\/produit\/ex-schutz-schlaeuche-pfa-perfluoroalkoxy-hyflon-ex\/"]}]},{"@type":"ImageObject","inLanguage":"de","@id":"https:\/\/sysmatec.ch\/de\/produit\/ex-schutz-schlaeuche-pfa-perfluoroalkoxy-hyflon-ex\/#primaryimage","url":"https:\/\/sysmatec.ch\/wp-content\/uploads\/2019\/07\/Tuyau_BolaPfaEX1.jpg","contentUrl":"https:\/\/sysmatec.ch\/wp-content\/uploads\/2019\/07\/Tuyau_BolaPfaEX1.jpg","width":204,"height":154},{"@type":"BreadcrumbList","@id":"https:\/\/sysmatec.ch\/de\/produit\/ex-schutz-schlaeuche-pfa-perfluoroalkoxy-hyflon-ex\/#breadcrumb","itemListElement":[{"@type":"ListItem","position":1,"name":"Accueil","item":"https:\/\/sysmatec.ch\/de\/"},{"@type":"ListItem","position":2,"name":"Die Aktivit\u00e4t von Sysmatec","item":"https:\/\/sysmatec.ch\/de\/"},{"@type":"ListItem","position":3,"name":"Ex-Schutz Schl\u00e4uche, PFA (perfluoroalkoxy, Hyflon) EX"}]},{"@type":"WebSite","@id":"https:\/\/sysmatec.ch\/de\/#website","url":"https:\/\/sysmatec.ch\/de\/","name":"Sysmatec","description":"Equipement de laboratoire et logiciels","publisher":{"@id":"https:\/\/sysmatec.ch\/de\/#organization"},"potentialAction":[{"@type":"SearchAction","target":{"@type":"EntryPoint","urlTemplate":"https:\/\/sysmatec.ch\/de\/?s={search_term_string}"},"query-input":{"@type":"PropertyValueSpecification","valueRequired":true,"valueName":"search_term_string"}}],"inLanguage":"de"},{"@type":"Organization","@id":"https:\/\/sysmatec.ch\/de\/#organization","name":"Sysmatec","url":"https:\/\/sysmatec.ch\/de\/","logo":{"@type":"ImageObject","inLanguage":"de","@id":"https:\/\/sysmatec.ch\/de\/#\/schema\/logo\/image\/","url":"https:\/\/sysmatec.ch\/wp-content\/uploads\/2018\/11\/LogoSysmatec.jpg","contentUrl":"https:\/\/sysmatec.ch\/wp-content\/uploads\/2018\/11\/LogoSysmatec.jpg","width":301,"height":297,"caption":"Sysmatec"},"image":{"@id":"https:\/\/sysmatec.ch\/de\/#\/schema\/logo\/image\/"}}]}},"_links":{"self":[{"href":"https:\/\/sysmatec.ch\/de\/wp-json\/wp\/v2\/product\/8699","targetHints":{"allow":["GET"]}}],"collection":[{"href":"https:\/\/sysmatec.ch\/de\/wp-json\/wp\/v2\/product"}],"about":[{"href":"https:\/\/sysmatec.ch\/de\/wp-json\/wp\/v2\/types\/product"}],"wp:featuredmedia":[{"embeddable":true,"href":"https:\/\/sysmatec.ch\/de\/wp-json\/wp\/v2\/media\/8694"}],"wp:attachment":[{"href":"https:\/\/sysmatec.ch\/de\/wp-json\/wp\/v2\/media?parent=8699"}],"wp:term":[{"taxonomy":"product_brand","embeddable":true,"href":"https:\/\/sysmatec.ch\/de\/wp-json\/wp\/v2\/product_brand?post=8699"},{"taxonomy":"product_cat","embeddable":true,"href":"https:\/\/sysmatec.ch\/de\/wp-json\/wp\/v2\/product_cat?post=8699"},{"taxonomy":"product_tag","embeddable":true,"href":"https:\/\/sysmatec.ch\/de\/wp-json\/wp\/v2\/product_tag?post=8699"}],"curies":[{"name":"wp","href":"https:\/\/api.w.org\/{rel}","templated":true}]}}