{"id":8657,"date":"2019-07-08T19:05:47","date_gmt":"2019-07-08T17:05:47","guid":{"rendered":"https:\/\/sysmatec.ch\/produit\/couvercle-de-reacteur-ptfe\/"},"modified":"2021-12-17T21:30:07","modified_gmt":"2021-12-17T20:30:07","slug":"reaktordeckel-ptfe","status":"publish","type":"product","link":"https:\/\/sysmatec.ch\/de\/Produkt\/reaktordeckel-ptfe\/","title":{"rendered":"Reaktordeckel, PTFE"},"content":{"rendered":"<p>Passend f\u00fcr Glasreaktoren DN 100 mit SCHOTT\u00ae -Planflansch. Mit Einschraubgewinden zum Anschluss von \u00dcbergangsfittings und einem Mittelhals NPT 1\/2&#8243;.<\/p>\n<p>Temperaturbest\u00e4ndigkeit: -200\u00b0C bis +250\u00b0C<\/p>\n<p>Chemische Best\u00e4ndigkeit: sehr gut<\/p>\n<p>einfache Montage<\/p>\n<p>flexibel erweiterbar<\/p>\n<p>kompatibel mit Glasreaktoren mit SCHOTT-Planflansch<\/p>\n<p>mit Aufs\u00e4tzen zur Verwendung vorhandener Apparaturen mit Schliff oder GL-Gewinde<\/p>\n<h2>Gewindeanschl\u00fcsse im Detail<\/h2>\n<p>zentrischer Gewinde-Anschluss (lila) zum Einbringen einer R\u00fchrerf\u00fchrung<\/p>\n<p>senkrechter Gewinde-Anschluss (blau) mit Ausrichtung parallel zur R\u00fchrwelle<\/p>\n<p>schr\u00e4ger Gewindeanschluss (gelb) mit Ausrichtung direkt zur R\u00fchrwelle<\/p>\n<p>schr\u00e4ger Gewindeanschluss (gr\u00fcn) mit Ausrichtung an der R\u00fchrwelle vorbei<\/p>\n<table border=\"1\" width=\"663\" cellspacing=\"2\" cellpadding=\"0\">\n<tbody>\n<tr>\n<td>Referenznummer<\/td>\n<td>Anschluss 1<\/td>\n<td>Anschluss 2<\/td>\n<td>Anschluss 3<\/td>\n<td>Anschluss 4<\/td>\n<td>Anschluss 5<\/td>\n<\/tr>\n<tr>\n<td>B150-12<\/td>\n<td>NPT 1\/2&#8243; (an Welle vorbei \/ aside the shaft)<\/td>\n<td>NPT 1\/2&#8243; (direkt zur Welle \/ directly to the shaft)<\/td>\n<td>NPT 1\/2&#8243; (direkt zur Welle \/ directly to the shaft)<\/td>\n<td>kein<\/td>\n<td>kein<\/td>\n<\/tr>\n<tr>\n<td>B150-14<\/td>\n<td>NPT 1\/2&#8243; (direkt zur Welle \/ directly to the shaft)<\/td>\n<td>NPT 1\/2&#8243; (an Welle vorbei \/ aside the shaft)<\/td>\n<td>NPT 1\/2&#8243; (direkt zur Welle \/ directly to the shaft)<\/td>\n<td>NPT 3\/4&#8243; (an Welle vorbei \/ aside the shaft)<\/td>\n<td>NPT 1\/4&#8243; (senkrecht \/ vertical)<\/td>\n<\/tr>\n<tr>\n<td>B150-16<\/td>\n<td>NPT 1\/2&#8243; (direkt zur Welle \/ directly to the shaft)<\/td>\n<td>NPT 1\/2&#8243; (an Welle vorbei \/ aside the shaft)<\/td>\n<td>NPT 1\/2&#8243; (direkt zur Welle \/ directly to the shaft)<\/td>\n<td>NPT 1\/4&#8243; (an Welle vorbei \/ aside the shaft)<\/td>\n<td>NPT 1\/4&#8243; (senkrecht \/ vertical)<\/td>\n<\/tr>\n<\/tbody>\n<\/table>\n","protected":false},"excerpt":{"rendered":"<p>Reaktordeckel, PTFE<\/p>\n","protected":false},"featured_media":8652,"template":"","meta":{"_crdt_document":""},"product_brand":[],"product_cat":[282],"product_tag":[],"class_list":{"0":"post-8657","1":"product","2":"type-product","3":"status-publish","4":"has-post-thumbnail","6":"product_cat-chemischer-reaktor","8":"first","9":"instock","10":"taxable","11":"shipping-taxable","12":"purchasable","13":"product-type-variable"},"yoast_head":"<!-- This site is optimized with the Yoast SEO plugin v27.4 - https:\/\/yoast.com\/product\/yoast-seo-wordpress\/ -->\n<title>Reaktordeckel, PTFE - Sysmatec<\/title>\n<meta name=\"description\" content=\"Reaktordeckel aus PTFE. Er hat umlaufende Verschraubungen und einen 1\/2 NPT Mittelhals. Sehr gute chemische Best\u00e4ndigkeit.\" \/>\n<meta name=\"robots\" content=\"index, follow, max-snippet:-1, max-image-preview:large, max-video-preview:-1\" \/>\n<link rel=\"canonical\" href=\"https:\/\/sysmatec.ch\/de\/produit\/reaktordeckel-ptfe\/\" \/>\n<meta property=\"og:locale\" content=\"de_DE\" \/>\n<meta property=\"og:type\" content=\"article\" \/>\n<meta property=\"og:title\" content=\"Reaktordeckel, PTFE - Sysmatec\" \/>\n<meta property=\"og:description\" content=\"Reaktordeckel aus PTFE. Er hat umlaufende Verschraubungen und einen 1\/2 NPT Mittelhals. Sehr gute chemische Best\u00e4ndigkeit.\" \/>\n<meta property=\"og:url\" content=\"https:\/\/sysmatec.ch\/de\/produit\/reaktordeckel-ptfe\/\" \/>\n<meta property=\"og:site_name\" content=\"Sysmatec\" \/>\n<meta property=\"article:modified_time\" content=\"2021-12-17T20:30:07+00:00\" \/>\n<meta property=\"og:image\" content=\"https:\/\/sysmatec.ch\/wp-content\/uploads\/2019\/07\/Reacteur_BolaB150.jpg\" \/>\n\t<meta property=\"og:image:width\" content=\"185\" \/>\n\t<meta property=\"og:image:height\" content=\"133\" \/>\n\t<meta property=\"og:image:type\" content=\"image\/jpeg\" \/>\n<meta name=\"twitter:card\" content=\"summary_large_image\" \/>\n<meta name=\"twitter:label1\" content=\"Gesch\u00e4tzte Lesezeit\" \/>\n\t<meta name=\"twitter:data1\" content=\"2\u00a0Minuten\" \/>\n<script type=\"application\/ld+json\" class=\"yoast-schema-graph\">{\"@context\":\"https:\\\/\\\/schema.org\",\"@graph\":[{\"@type\":\"WebPage\",\"@id\":\"https:\\\/\\\/sysmatec.ch\\\/de\\\/produit\\\/reaktordeckel-ptfe\\\/\",\"url\":\"https:\\\/\\\/sysmatec.ch\\\/de\\\/produit\\\/reaktordeckel-ptfe\\\/\",\"name\":\"Reaktordeckel, PTFE - Sysmatec\",\"isPartOf\":{\"@id\":\"https:\\\/\\\/sysmatec.ch\\\/de\\\/#website\"},\"primaryImageOfPage\":{\"@id\":\"https:\\\/\\\/sysmatec.ch\\\/de\\\/produit\\\/reaktordeckel-ptfe\\\/#primaryimage\"},\"image\":{\"@id\":\"https:\\\/\\\/sysmatec.ch\\\/de\\\/produit\\\/reaktordeckel-ptfe\\\/#primaryimage\"},\"thumbnailUrl\":\"https:\\\/\\\/sysmatec.ch\\\/wp-content\\\/uploads\\\/2019\\\/07\\\/Reacteur_BolaB150.jpg\",\"datePublished\":\"2019-07-08T17:05:47+00:00\",\"dateModified\":\"2021-12-17T20:30:07+00:00\",\"description\":\"Reaktordeckel aus PTFE. Er hat umlaufende Verschraubungen und einen 1\\\/2 NPT Mittelhals. Sehr gute chemische Best\u00e4ndigkeit.\",\"breadcrumb\":{\"@id\":\"https:\\\/\\\/sysmatec.ch\\\/de\\\/produit\\\/reaktordeckel-ptfe\\\/#breadcrumb\"},\"inLanguage\":\"de\",\"potentialAction\":[{\"@type\":\"ReadAction\",\"target\":[\"https:\\\/\\\/sysmatec.ch\\\/de\\\/produit\\\/reaktordeckel-ptfe\\\/\"]}]},{\"@type\":\"ImageObject\",\"inLanguage\":\"de\",\"@id\":\"https:\\\/\\\/sysmatec.ch\\\/de\\\/produit\\\/reaktordeckel-ptfe\\\/#primaryimage\",\"url\":\"https:\\\/\\\/sysmatec.ch\\\/wp-content\\\/uploads\\\/2019\\\/07\\\/Reacteur_BolaB150.jpg\",\"contentUrl\":\"https:\\\/\\\/sysmatec.ch\\\/wp-content\\\/uploads\\\/2019\\\/07\\\/Reacteur_BolaB150.jpg\",\"width\":185,\"height\":133},{\"@type\":\"BreadcrumbList\",\"@id\":\"https:\\\/\\\/sysmatec.ch\\\/de\\\/produit\\\/reaktordeckel-ptfe\\\/#breadcrumb\",\"itemListElement\":[{\"@type\":\"ListItem\",\"position\":1,\"name\":\"Accueil\",\"item\":\"https:\\\/\\\/sysmatec.ch\\\/de\\\/\"},{\"@type\":\"ListItem\",\"position\":2,\"name\":\"Die Aktivit\u00e4t von Sysmatec\",\"item\":\"https:\\\/\\\/sysmatec.ch\\\/de\\\/\"},{\"@type\":\"ListItem\",\"position\":3,\"name\":\"Reaktordeckel, PTFE\"}]},{\"@type\":\"WebSite\",\"@id\":\"https:\\\/\\\/sysmatec.ch\\\/de\\\/#website\",\"url\":\"https:\\\/\\\/sysmatec.ch\\\/de\\\/\",\"name\":\"Sysmatec\",\"description\":\"Equipement de laboratoire et logiciels\",\"publisher\":{\"@id\":\"https:\\\/\\\/sysmatec.ch\\\/de\\\/#organization\"},\"potentialAction\":[{\"@type\":\"SearchAction\",\"target\":{\"@type\":\"EntryPoint\",\"urlTemplate\":\"https:\\\/\\\/sysmatec.ch\\\/de\\\/?s={search_term_string}\"},\"query-input\":{\"@type\":\"PropertyValueSpecification\",\"valueRequired\":true,\"valueName\":\"search_term_string\"}}],\"inLanguage\":\"de\"},{\"@type\":\"Organization\",\"@id\":\"https:\\\/\\\/sysmatec.ch\\\/de\\\/#organization\",\"name\":\"Sysmatec\",\"url\":\"https:\\\/\\\/sysmatec.ch\\\/de\\\/\",\"logo\":{\"@type\":\"ImageObject\",\"inLanguage\":\"de\",\"@id\":\"https:\\\/\\\/sysmatec.ch\\\/de\\\/#\\\/schema\\\/logo\\\/image\\\/\",\"url\":\"https:\\\/\\\/sysmatec.ch\\\/wp-content\\\/uploads\\\/2018\\\/11\\\/LogoSysmatec.jpg\",\"contentUrl\":\"https:\\\/\\\/sysmatec.ch\\\/wp-content\\\/uploads\\\/2018\\\/11\\\/LogoSysmatec.jpg\",\"width\":301,\"height\":297,\"caption\":\"Sysmatec\"},\"image\":{\"@id\":\"https:\\\/\\\/sysmatec.ch\\\/de\\\/#\\\/schema\\\/logo\\\/image\\\/\"}}]}<\/script>\n<!-- \/ Yoast SEO plugin. -->","yoast_head_json":{"title":"Reaktordeckel, PTFE - Sysmatec","description":"Reaktordeckel aus PTFE. Er hat umlaufende Verschraubungen und einen 1\/2 NPT Mittelhals. Sehr gute chemische Best\u00e4ndigkeit.","robots":{"index":"index","follow":"follow","max-snippet":"max-snippet:-1","max-image-preview":"max-image-preview:large","max-video-preview":"max-video-preview:-1"},"canonical":"https:\/\/sysmatec.ch\/de\/produit\/reaktordeckel-ptfe\/","og_locale":"de_DE","og_type":"article","og_title":"Reaktordeckel, PTFE - Sysmatec","og_description":"Reaktordeckel aus PTFE. Er hat umlaufende Verschraubungen und einen 1\/2 NPT Mittelhals. Sehr gute chemische Best\u00e4ndigkeit.","og_url":"https:\/\/sysmatec.ch\/de\/produit\/reaktordeckel-ptfe\/","og_site_name":"Sysmatec","article_modified_time":"2021-12-17T20:30:07+00:00","og_image":[{"width":185,"height":133,"url":"https:\/\/sysmatec.ch\/wp-content\/uploads\/2019\/07\/Reacteur_BolaB150.jpg","type":"image\/jpeg"}],"twitter_card":"summary_large_image","twitter_misc":{"Gesch\u00e4tzte Lesezeit":"2\u00a0Minuten"},"schema":{"@context":"https:\/\/schema.org","@graph":[{"@type":"WebPage","@id":"https:\/\/sysmatec.ch\/de\/produit\/reaktordeckel-ptfe\/","url":"https:\/\/sysmatec.ch\/de\/produit\/reaktordeckel-ptfe\/","name":"Reaktordeckel, PTFE - Sysmatec","isPartOf":{"@id":"https:\/\/sysmatec.ch\/de\/#website"},"primaryImageOfPage":{"@id":"https:\/\/sysmatec.ch\/de\/produit\/reaktordeckel-ptfe\/#primaryimage"},"image":{"@id":"https:\/\/sysmatec.ch\/de\/produit\/reaktordeckel-ptfe\/#primaryimage"},"thumbnailUrl":"https:\/\/sysmatec.ch\/wp-content\/uploads\/2019\/07\/Reacteur_BolaB150.jpg","datePublished":"2019-07-08T17:05:47+00:00","dateModified":"2021-12-17T20:30:07+00:00","description":"Reaktordeckel aus PTFE. Er hat umlaufende Verschraubungen und einen 1\/2 NPT Mittelhals. Sehr gute chemische Best\u00e4ndigkeit.","breadcrumb":{"@id":"https:\/\/sysmatec.ch\/de\/produit\/reaktordeckel-ptfe\/#breadcrumb"},"inLanguage":"de","potentialAction":[{"@type":"ReadAction","target":["https:\/\/sysmatec.ch\/de\/produit\/reaktordeckel-ptfe\/"]}]},{"@type":"ImageObject","inLanguage":"de","@id":"https:\/\/sysmatec.ch\/de\/produit\/reaktordeckel-ptfe\/#primaryimage","url":"https:\/\/sysmatec.ch\/wp-content\/uploads\/2019\/07\/Reacteur_BolaB150.jpg","contentUrl":"https:\/\/sysmatec.ch\/wp-content\/uploads\/2019\/07\/Reacteur_BolaB150.jpg","width":185,"height":133},{"@type":"BreadcrumbList","@id":"https:\/\/sysmatec.ch\/de\/produit\/reaktordeckel-ptfe\/#breadcrumb","itemListElement":[{"@type":"ListItem","position":1,"name":"Accueil","item":"https:\/\/sysmatec.ch\/de\/"},{"@type":"ListItem","position":2,"name":"Die Aktivit\u00e4t von Sysmatec","item":"https:\/\/sysmatec.ch\/de\/"},{"@type":"ListItem","position":3,"name":"Reaktordeckel, PTFE"}]},{"@type":"WebSite","@id":"https:\/\/sysmatec.ch\/de\/#website","url":"https:\/\/sysmatec.ch\/de\/","name":"Sysmatec","description":"Equipement de laboratoire et logiciels","publisher":{"@id":"https:\/\/sysmatec.ch\/de\/#organization"},"potentialAction":[{"@type":"SearchAction","target":{"@type":"EntryPoint","urlTemplate":"https:\/\/sysmatec.ch\/de\/?s={search_term_string}"},"query-input":{"@type":"PropertyValueSpecification","valueRequired":true,"valueName":"search_term_string"}}],"inLanguage":"de"},{"@type":"Organization","@id":"https:\/\/sysmatec.ch\/de\/#organization","name":"Sysmatec","url":"https:\/\/sysmatec.ch\/de\/","logo":{"@type":"ImageObject","inLanguage":"de","@id":"https:\/\/sysmatec.ch\/de\/#\/schema\/logo\/image\/","url":"https:\/\/sysmatec.ch\/wp-content\/uploads\/2018\/11\/LogoSysmatec.jpg","contentUrl":"https:\/\/sysmatec.ch\/wp-content\/uploads\/2018\/11\/LogoSysmatec.jpg","width":301,"height":297,"caption":"Sysmatec"},"image":{"@id":"https:\/\/sysmatec.ch\/de\/#\/schema\/logo\/image\/"}}]}},"_links":{"self":[{"href":"https:\/\/sysmatec.ch\/de\/wp-json\/wp\/v2\/product\/8657","targetHints":{"allow":["GET"]}}],"collection":[{"href":"https:\/\/sysmatec.ch\/de\/wp-json\/wp\/v2\/product"}],"about":[{"href":"https:\/\/sysmatec.ch\/de\/wp-json\/wp\/v2\/types\/product"}],"wp:featuredmedia":[{"embeddable":true,"href":"https:\/\/sysmatec.ch\/de\/wp-json\/wp\/v2\/media\/8652"}],"wp:attachment":[{"href":"https:\/\/sysmatec.ch\/de\/wp-json\/wp\/v2\/media?parent=8657"}],"wp:term":[{"taxonomy":"product_brand","embeddable":true,"href":"https:\/\/sysmatec.ch\/de\/wp-json\/wp\/v2\/product_brand?post=8657"},{"taxonomy":"product_cat","embeddable":true,"href":"https:\/\/sysmatec.ch\/de\/wp-json\/wp\/v2\/product_cat?post=8657"},{"taxonomy":"product_tag","embeddable":true,"href":"https:\/\/sysmatec.ch\/de\/wp-json\/wp\/v2\/product_tag?post=8657"}],"curies":[{"name":"wp","href":"https:\/\/api.w.org\/{rel}","templated":true}]}}