{"id":8635,"date":"2019-07-08T18:29:57","date_gmt":"2019-07-08T16:29:57","guid":{"rendered":"https:\/\/sysmatec.ch\/produit\/mini-reacteur\/"},"modified":"2021-12-17T21:53:02","modified_gmt":"2021-12-17T20:53:02","slug":"mini-reacteur","status":"publish","type":"product","link":"https:\/\/sysmatec.ch\/de\/Produkt\/mini-reacteur\/","title":{"rendered":"Mini Reaktor"},"content":{"rendered":"<ul>\n<li>Aus PFA (Perfluoralkoxy)<\/li>\n<li>Nahezu universelle chemische Best\u00e4ndigkeit und Temperaturbest\u00e4ndigkeit maximal (-200 \u00b0C bis 250 \u00b0C)<\/li>\n<li>Verschiedene Zubeh\u00f6r k\u00f6nnen angeschlossen werden (Schlauch, Sonde,&#8230;)<\/li>\n<\/ul>\n<table border=\"1\" width=\"671\" cellspacing=\"2\" cellpadding=\"0\">\n<tbody>\n<tr>\n<td>Referenz<\/td>\n<td>Inhalt<\/td>\n<td>Anschlu\u00dfstutzen<\/td>\n<td>Innen Durchmesser<\/td>\n<td>Innen H\u00f6he<\/td>\n<td>Aussen Durchmesser<\/td>\n<td>Aussen H\u00f6he<\/td>\n<\/tr>\n<tr>\n<td><\/td>\n<td><\/td>\n<td><\/td>\n<td><\/td>\n<td><\/td>\n<td><\/td>\n<td><\/td>\n<\/tr>\n<tr>\n<td>B318-40<\/td>\n<td>90 ml<\/td>\n<td>2xGL14 1xGL18<\/td>\n<td>45,5 mm<\/td>\n<td>58 mm<\/td>\n<td>50 mm<\/td>\n<td>96 mm<\/td>\n<\/tr>\n<tr>\n<td>B318-64<\/td>\n<td>240 ml<\/td>\n<td>2xGL18 1xGL25<\/td>\n<td>60 mm<\/td>\n<td>86 mm<\/td>\n<td>66 mm<\/td>\n<td>130 mm<\/td>\n<\/tr>\n<tr>\n<td>B318-80<\/td>\n<td>500 ml<\/td>\n<td>3xGL25<\/td>\n<td>80 mm<\/td>\n<td>109 mm<\/td>\n<td>85 mm<\/td>\n<td>158 mm<\/td>\n<\/tr>\n<\/tbody>\n<\/table>\n","protected":false},"excerpt":{"rendered":"<p>Mini Reaktor<\/p>\n","protected":false},"featured_media":8630,"template":"","meta":{"_crdt_document":""},"product_brand":[],"product_cat":[282],"product_tag":[],"class_list":{"0":"post-8635","1":"product","2":"type-product","3":"status-publish","4":"has-post-thumbnail","6":"product_cat-chemischer-reaktor","8":"first","9":"instock","10":"taxable","11":"shipping-taxable","12":"purchasable","13":"product-type-variable"},"yoast_head":"<!-- This site is optimized with the Yoast SEO plugin v27.3 - https:\/\/yoast.com\/product\/yoast-seo-wordpress\/ -->\n<title>Mini Reaktor - Sysmatec<\/title>\n<meta name=\"description\" content=\"Chemischer Minireaktor aus PFA. Abdeckung mit Gewinde f\u00fcr Anschl\u00fcsse. Ausgezeichnete chemische Best\u00e4ndigkeit. F\u00fcr den Temperaturbereich von -200 \u00b0C bis +250 \u00b0C.\" \/>\n<meta name=\"robots\" content=\"index, follow, max-snippet:-1, max-image-preview:large, max-video-preview:-1\" \/>\n<link rel=\"canonical\" href=\"https:\/\/sysmatec.ch\/de\/produit\/mini-reacteur\/\" \/>\n<meta property=\"og:locale\" content=\"de_DE\" \/>\n<meta property=\"og:type\" content=\"article\" \/>\n<meta property=\"og:title\" content=\"Mini Reaktor - Sysmatec\" \/>\n<meta property=\"og:description\" content=\"Chemischer Minireaktor aus PFA. Abdeckung mit Gewinde f\u00fcr Anschl\u00fcsse. Ausgezeichnete chemische Best\u00e4ndigkeit. F\u00fcr den Temperaturbereich von -200 \u00b0C bis +250 \u00b0C.\" \/>\n<meta property=\"og:url\" content=\"https:\/\/sysmatec.ch\/de\/produit\/mini-reacteur\/\" \/>\n<meta property=\"og:site_name\" content=\"Sysmatec\" \/>\n<meta property=\"article:modified_time\" content=\"2021-12-17T20:53:02+00:00\" \/>\n<meta property=\"og:image\" content=\"https:\/\/sysmatec.ch\/wp-content\/uploads\/2019\/07\/Reacteur_BolaB318.gif\" \/>\n\t<meta property=\"og:image:width\" content=\"142\" \/>\n\t<meta property=\"og:image:height\" content=\"184\" \/>\n\t<meta property=\"og:image:type\" content=\"image\/gif\" \/>\n<meta name=\"twitter:card\" content=\"summary_large_image\" \/>\n<meta name=\"twitter:label1\" content=\"Gesch\u00e4tzte Lesezeit\" \/>\n\t<meta name=\"twitter:data1\" content=\"1\u00a0Minute\" \/>\n<script type=\"application\/ld+json\" class=\"yoast-schema-graph\">{\"@context\":\"https:\\\/\\\/schema.org\",\"@graph\":[{\"@type\":\"WebPage\",\"@id\":\"https:\\\/\\\/sysmatec.ch\\\/de\\\/produit\\\/mini-reacteur\\\/\",\"url\":\"https:\\\/\\\/sysmatec.ch\\\/de\\\/produit\\\/mini-reacteur\\\/\",\"name\":\"Mini Reaktor - Sysmatec\",\"isPartOf\":{\"@id\":\"https:\\\/\\\/sysmatec.ch\\\/de\\\/#website\"},\"primaryImageOfPage\":{\"@id\":\"https:\\\/\\\/sysmatec.ch\\\/de\\\/produit\\\/mini-reacteur\\\/#primaryimage\"},\"image\":{\"@id\":\"https:\\\/\\\/sysmatec.ch\\\/de\\\/produit\\\/mini-reacteur\\\/#primaryimage\"},\"thumbnailUrl\":\"https:\\\/\\\/sysmatec.ch\\\/wp-content\\\/uploads\\\/2019\\\/07\\\/Reacteur_BolaB318.gif\",\"datePublished\":\"2019-07-08T16:29:57+00:00\",\"dateModified\":\"2021-12-17T20:53:02+00:00\",\"description\":\"Chemischer Minireaktor aus PFA. Abdeckung mit Gewinde f\u00fcr Anschl\u00fcsse. Ausgezeichnete chemische Best\u00e4ndigkeit. F\u00fcr den Temperaturbereich von -200 \u00b0C bis +250 \u00b0C.\",\"breadcrumb\":{\"@id\":\"https:\\\/\\\/sysmatec.ch\\\/de\\\/produit\\\/mini-reacteur\\\/#breadcrumb\"},\"inLanguage\":\"de\",\"potentialAction\":[{\"@type\":\"ReadAction\",\"target\":[\"https:\\\/\\\/sysmatec.ch\\\/de\\\/produit\\\/mini-reacteur\\\/\"]}]},{\"@type\":\"ImageObject\",\"inLanguage\":\"de\",\"@id\":\"https:\\\/\\\/sysmatec.ch\\\/de\\\/produit\\\/mini-reacteur\\\/#primaryimage\",\"url\":\"https:\\\/\\\/sysmatec.ch\\\/wp-content\\\/uploads\\\/2019\\\/07\\\/Reacteur_BolaB318.gif\",\"contentUrl\":\"https:\\\/\\\/sysmatec.ch\\\/wp-content\\\/uploads\\\/2019\\\/07\\\/Reacteur_BolaB318.gif\",\"width\":142,\"height\":184},{\"@type\":\"BreadcrumbList\",\"@id\":\"https:\\\/\\\/sysmatec.ch\\\/de\\\/produit\\\/mini-reacteur\\\/#breadcrumb\",\"itemListElement\":[{\"@type\":\"ListItem\",\"position\":1,\"name\":\"Accueil\",\"item\":\"https:\\\/\\\/sysmatec.ch\\\/de\\\/\"},{\"@type\":\"ListItem\",\"position\":2,\"name\":\"Die Aktivit\u00e4t von Sysmatec\",\"item\":\"https:\\\/\\\/sysmatec.ch\\\/de\\\/\"},{\"@type\":\"ListItem\",\"position\":3,\"name\":\"Mini Reaktor\"}]},{\"@type\":\"WebSite\",\"@id\":\"https:\\\/\\\/sysmatec.ch\\\/de\\\/#website\",\"url\":\"https:\\\/\\\/sysmatec.ch\\\/de\\\/\",\"name\":\"Sysmatec\",\"description\":\"Equipement de laboratoire et logiciels\",\"publisher\":{\"@id\":\"https:\\\/\\\/sysmatec.ch\\\/de\\\/#organization\"},\"potentialAction\":[{\"@type\":\"SearchAction\",\"target\":{\"@type\":\"EntryPoint\",\"urlTemplate\":\"https:\\\/\\\/sysmatec.ch\\\/de\\\/?s={search_term_string}\"},\"query-input\":{\"@type\":\"PropertyValueSpecification\",\"valueRequired\":true,\"valueName\":\"search_term_string\"}}],\"inLanguage\":\"de\"},{\"@type\":\"Organization\",\"@id\":\"https:\\\/\\\/sysmatec.ch\\\/de\\\/#organization\",\"name\":\"Sysmatec\",\"url\":\"https:\\\/\\\/sysmatec.ch\\\/de\\\/\",\"logo\":{\"@type\":\"ImageObject\",\"inLanguage\":\"de\",\"@id\":\"https:\\\/\\\/sysmatec.ch\\\/de\\\/#\\\/schema\\\/logo\\\/image\\\/\",\"url\":\"https:\\\/\\\/sysmatec.ch\\\/wp-content\\\/uploads\\\/2018\\\/11\\\/LogoSysmatec.jpg\",\"contentUrl\":\"https:\\\/\\\/sysmatec.ch\\\/wp-content\\\/uploads\\\/2018\\\/11\\\/LogoSysmatec.jpg\",\"width\":301,\"height\":297,\"caption\":\"Sysmatec\"},\"image\":{\"@id\":\"https:\\\/\\\/sysmatec.ch\\\/de\\\/#\\\/schema\\\/logo\\\/image\\\/\"}}]}<\/script>\n<!-- \/ Yoast SEO plugin. -->","yoast_head_json":{"title":"Mini Reaktor - Sysmatec","description":"Chemischer Minireaktor aus PFA. Abdeckung mit Gewinde f\u00fcr Anschl\u00fcsse. Ausgezeichnete chemische Best\u00e4ndigkeit. F\u00fcr den Temperaturbereich von -200 \u00b0C bis +250 \u00b0C.","robots":{"index":"index","follow":"follow","max-snippet":"max-snippet:-1","max-image-preview":"max-image-preview:large","max-video-preview":"max-video-preview:-1"},"canonical":"https:\/\/sysmatec.ch\/de\/produit\/mini-reacteur\/","og_locale":"de_DE","og_type":"article","og_title":"Mini Reaktor - Sysmatec","og_description":"Chemischer Minireaktor aus PFA. Abdeckung mit Gewinde f\u00fcr Anschl\u00fcsse. Ausgezeichnete chemische Best\u00e4ndigkeit. F\u00fcr den Temperaturbereich von -200 \u00b0C bis +250 \u00b0C.","og_url":"https:\/\/sysmatec.ch\/de\/produit\/mini-reacteur\/","og_site_name":"Sysmatec","article_modified_time":"2021-12-17T20:53:02+00:00","og_image":[{"width":142,"height":184,"url":"https:\/\/sysmatec.ch\/wp-content\/uploads\/2019\/07\/Reacteur_BolaB318.gif","type":"image\/gif"}],"twitter_card":"summary_large_image","twitter_misc":{"Gesch\u00e4tzte Lesezeit":"1\u00a0Minute"},"schema":{"@context":"https:\/\/schema.org","@graph":[{"@type":"WebPage","@id":"https:\/\/sysmatec.ch\/de\/produit\/mini-reacteur\/","url":"https:\/\/sysmatec.ch\/de\/produit\/mini-reacteur\/","name":"Mini Reaktor - Sysmatec","isPartOf":{"@id":"https:\/\/sysmatec.ch\/de\/#website"},"primaryImageOfPage":{"@id":"https:\/\/sysmatec.ch\/de\/produit\/mini-reacteur\/#primaryimage"},"image":{"@id":"https:\/\/sysmatec.ch\/de\/produit\/mini-reacteur\/#primaryimage"},"thumbnailUrl":"https:\/\/sysmatec.ch\/wp-content\/uploads\/2019\/07\/Reacteur_BolaB318.gif","datePublished":"2019-07-08T16:29:57+00:00","dateModified":"2021-12-17T20:53:02+00:00","description":"Chemischer Minireaktor aus PFA. Abdeckung mit Gewinde f\u00fcr Anschl\u00fcsse. Ausgezeichnete chemische Best\u00e4ndigkeit. F\u00fcr den Temperaturbereich von -200 \u00b0C bis +250 \u00b0C.","breadcrumb":{"@id":"https:\/\/sysmatec.ch\/de\/produit\/mini-reacteur\/#breadcrumb"},"inLanguage":"de","potentialAction":[{"@type":"ReadAction","target":["https:\/\/sysmatec.ch\/de\/produit\/mini-reacteur\/"]}]},{"@type":"ImageObject","inLanguage":"de","@id":"https:\/\/sysmatec.ch\/de\/produit\/mini-reacteur\/#primaryimage","url":"https:\/\/sysmatec.ch\/wp-content\/uploads\/2019\/07\/Reacteur_BolaB318.gif","contentUrl":"https:\/\/sysmatec.ch\/wp-content\/uploads\/2019\/07\/Reacteur_BolaB318.gif","width":142,"height":184},{"@type":"BreadcrumbList","@id":"https:\/\/sysmatec.ch\/de\/produit\/mini-reacteur\/#breadcrumb","itemListElement":[{"@type":"ListItem","position":1,"name":"Accueil","item":"https:\/\/sysmatec.ch\/de\/"},{"@type":"ListItem","position":2,"name":"Die Aktivit\u00e4t von Sysmatec","item":"https:\/\/sysmatec.ch\/de\/"},{"@type":"ListItem","position":3,"name":"Mini Reaktor"}]},{"@type":"WebSite","@id":"https:\/\/sysmatec.ch\/de\/#website","url":"https:\/\/sysmatec.ch\/de\/","name":"Sysmatec","description":"Equipement de laboratoire et logiciels","publisher":{"@id":"https:\/\/sysmatec.ch\/de\/#organization"},"potentialAction":[{"@type":"SearchAction","target":{"@type":"EntryPoint","urlTemplate":"https:\/\/sysmatec.ch\/de\/?s={search_term_string}"},"query-input":{"@type":"PropertyValueSpecification","valueRequired":true,"valueName":"search_term_string"}}],"inLanguage":"de"},{"@type":"Organization","@id":"https:\/\/sysmatec.ch\/de\/#organization","name":"Sysmatec","url":"https:\/\/sysmatec.ch\/de\/","logo":{"@type":"ImageObject","inLanguage":"de","@id":"https:\/\/sysmatec.ch\/de\/#\/schema\/logo\/image\/","url":"https:\/\/sysmatec.ch\/wp-content\/uploads\/2018\/11\/LogoSysmatec.jpg","contentUrl":"https:\/\/sysmatec.ch\/wp-content\/uploads\/2018\/11\/LogoSysmatec.jpg","width":301,"height":297,"caption":"Sysmatec"},"image":{"@id":"https:\/\/sysmatec.ch\/de\/#\/schema\/logo\/image\/"}}]}},"_links":{"self":[{"href":"https:\/\/sysmatec.ch\/de\/wp-json\/wp\/v2\/product\/8635","targetHints":{"allow":["GET"]}}],"collection":[{"href":"https:\/\/sysmatec.ch\/de\/wp-json\/wp\/v2\/product"}],"about":[{"href":"https:\/\/sysmatec.ch\/de\/wp-json\/wp\/v2\/types\/product"}],"wp:featuredmedia":[{"embeddable":true,"href":"https:\/\/sysmatec.ch\/de\/wp-json\/wp\/v2\/media\/8630"}],"wp:attachment":[{"href":"https:\/\/sysmatec.ch\/de\/wp-json\/wp\/v2\/media?parent=8635"}],"wp:term":[{"taxonomy":"product_brand","embeddable":true,"href":"https:\/\/sysmatec.ch\/de\/wp-json\/wp\/v2\/product_brand?post=8635"},{"taxonomy":"product_cat","embeddable":true,"href":"https:\/\/sysmatec.ch\/de\/wp-json\/wp\/v2\/product_cat?post=8635"},{"taxonomy":"product_tag","embeddable":true,"href":"https:\/\/sysmatec.ch\/de\/wp-json\/wp\/v2\/product_tag?post=8635"}],"curies":[{"name":"wp","href":"https:\/\/api.w.org\/{rel}","templated":true}]}}