{"id":8603,"date":"2019-07-08T11:43:53","date_gmt":"2019-07-08T09:43:53","guid":{"rendered":"https:\/\/sysmatec.ch\/produit\/boites-de-congelation-expell\/"},"modified":"2021-12-18T09:59:53","modified_gmt":"2021-12-18T08:59:53","slug":"expell-tiefkuehlboxen","status":"publish","type":"product","link":"https:\/\/sysmatec.ch\/de\/Produkt\/expell-tiefkuehlboxen\/","title":{"rendered":"Expell Tiefk\u00fchlboxen"},"content":{"rendered":"<p>Sie sind aus hochfestem Polypropylen hergestellt, so dass sie perfekt geeignet f\u00fcr die Arbeit bei niedrigen und hohen Temperaturen sind. Sie k\u00f6nnen die Expell Gefrierschrank-Boxen f\u00fcr die Lagerung bei -90 \u00b0 C verwenden aber auch sie 20 Minuten bei 121 \u00b0 C im Autoklaven sterilisieren. Expell Gefrierschrank-Boxen sind f\u00fcr Kryovials Lagerung ideal. Alle Capp Cryoboxen haben den gleichen unteren Teil von 130 x 130 mm und einen Deckel in 4 verschiedenen H\u00f6hen: 32, 50, 80 und 90 mm. Mit diesem flexiblen Aufbau k\u00f6nnen Sie die Expell Gefrierschrank-Boxen f\u00fcr die Lagerung von Kryor\u00f6hrchen in Gr\u00f6\u00dfen von 0.5 bis 5 ml verwenden. Die Expell Cryoboxen sind auch f\u00fcr die Lagerung von mehreren Marken Kryovials geeignet. Verwendet jedoch zusammen mit Expell Kryor\u00f6hrchen, die Kryo-Boxen von Capp bieten aber weitere einzigartige und platzsparende Vorteile.<\/p>\n<p>Expell Kryor\u00f6hrchen sind zwischen die einzige mit Au\u00dfengewinde Rohren, die geeignet f\u00fcr die Lagerung auf Tiefk\u00fchlboxen mit 10&#215;10 Teiler. Expell Kryovials kombiniert mit Expell Kryoboxen sparen Sie bis zu 23% Lagerungplatz, im Vergleich zu anderen Standardl\u00f6sungen. Zus\u00e4tzlich mit Expell 0.5 ml Kryor\u00f6hrchen, k\u00f6nnen Sie diese Gefrierschrank-Boxen aufeinander legen und so Ihre Speicherkapazit\u00e4t verdoppeln.<\/p>\n<p>Capp Gefrierschrank-Boxen haben f\u00fcr jedes Rohr eine numerische Codierung, die eine schnelle und einfache Probenidentifikation erm\u00f6glicht. Der Stern-Fu\u00df-Schloss am Boden jeder Vertiefung erm\u00f6glicht eine einh\u00e4ndige Rohr\u00f6ffnung ohne das Rohr aus der Box zu nehmen. Zus\u00e4tzlich haben Capp Tiefk\u00fchlboxen schr\u00e4gen Kanten zur leichteren Identifizierung und Handhabung.<\/p>\n<p>5040510C Expell Gefrierschrank Boxen w \/ 10x10dv, 0.5 mL., 180 St\u00fcck<\/p>\n<p>5042010C Expell Gefrierschrank Boxen w \/ 10x10dv, 1 und 2 mL, 105 St\u00fcck<\/p>\n<p>5044010C Expell Gefrierschrank Boxen w \/ 10x10dv, 4 mL, 90 St\u00fcck.<\/p>\n<p>5045010C Expell Gefrierschrank Boxen w \/ 10x10dv, 5 mL, 60 St\u00fcck.<\/p>\n","protected":false},"excerpt":{"rendered":"<p>Expell Tiefk\u00fchlboxen<\/p>\n","protected":false},"featured_media":8601,"template":"","meta":{"_crdt_document":""},"product_brand":[],"product_cat":[385,279],"product_tag":[],"class_list":{"0":"post-8603","1":"product","2":"type-product","3":"status-publish","4":"has-post-thumbnail","6":"product_cat-kaeltetechnik","7":"product_cat-verbrauchsmaterial","9":"first","10":"instock","11":"taxable","12":"shipping-taxable","13":"product-type-simple"},"yoast_head":"<!-- This site is optimized with the Yoast SEO plugin v27.3 - https:\/\/yoast.com\/product\/yoast-seo-wordpress\/ -->\n<title>Expell Tiefk\u00fchlboxen - Sysmatec<\/title>\n<meta name=\"description\" content=\"Gefrierboxen zur Lagerung bis -90 \u00b0C. Kann f\u00fcr Kryo-R\u00f6hrchen mit Volumina von 0.5 bis 5 ml verwendet werden.\" \/>\n<meta name=\"robots\" content=\"index, follow, max-snippet:-1, max-image-preview:large, max-video-preview:-1\" \/>\n<link rel=\"canonical\" href=\"https:\/\/sysmatec.ch\/de\/produit\/expell-tiefkuehlboxen\/\" \/>\n<meta property=\"og:locale\" content=\"de_DE\" \/>\n<meta property=\"og:type\" content=\"article\" \/>\n<meta property=\"og:title\" content=\"Expell Tiefk\u00fchlboxen - Sysmatec\" \/>\n<meta property=\"og:description\" content=\"Gefrierboxen zur Lagerung bis -90 \u00b0C. Kann f\u00fcr Kryo-R\u00f6hrchen mit Volumina von 0.5 bis 5 ml verwendet werden.\" \/>\n<meta property=\"og:url\" content=\"https:\/\/sysmatec.ch\/de\/produit\/expell-tiefkuehlboxen\/\" \/>\n<meta property=\"og:site_name\" content=\"Sysmatec\" \/>\n<meta property=\"article:modified_time\" content=\"2021-12-18T08:59:53+00:00\" \/>\n<meta property=\"og:image\" content=\"https:\/\/sysmatec.ch\/wp-content\/uploads\/2019\/07\/Consommable_CappFreezerBox.jpg\" \/>\n\t<meta property=\"og:image:width\" content=\"187\" \/>\n\t<meta property=\"og:image:height\" content=\"129\" \/>\n\t<meta property=\"og:image:type\" content=\"image\/jpeg\" \/>\n<meta name=\"twitter:card\" content=\"summary_large_image\" \/>\n<meta name=\"twitter:label1\" content=\"Gesch\u00e4tzte Lesezeit\" \/>\n\t<meta name=\"twitter:data1\" content=\"1\u00a0Minute\" \/>\n<script type=\"application\/ld+json\" class=\"yoast-schema-graph\">{\"@context\":\"https:\\\/\\\/schema.org\",\"@graph\":[{\"@type\":\"WebPage\",\"@id\":\"https:\\\/\\\/sysmatec.ch\\\/de\\\/produit\\\/expell-tiefkuehlboxen\\\/\",\"url\":\"https:\\\/\\\/sysmatec.ch\\\/de\\\/produit\\\/expell-tiefkuehlboxen\\\/\",\"name\":\"Expell Tiefk\u00fchlboxen - Sysmatec\",\"isPartOf\":{\"@id\":\"https:\\\/\\\/sysmatec.ch\\\/de\\\/#website\"},\"primaryImageOfPage\":{\"@id\":\"https:\\\/\\\/sysmatec.ch\\\/de\\\/produit\\\/expell-tiefkuehlboxen\\\/#primaryimage\"},\"image\":{\"@id\":\"https:\\\/\\\/sysmatec.ch\\\/de\\\/produit\\\/expell-tiefkuehlboxen\\\/#primaryimage\"},\"thumbnailUrl\":\"https:\\\/\\\/sysmatec.ch\\\/wp-content\\\/uploads\\\/2019\\\/07\\\/Consommable_CappFreezerBox.jpg\",\"datePublished\":\"2019-07-08T09:43:53+00:00\",\"dateModified\":\"2021-12-18T08:59:53+00:00\",\"description\":\"Gefrierboxen zur Lagerung bis -90 \u00b0C. Kann f\u00fcr Kryo-R\u00f6hrchen mit Volumina von 0.5 bis 5 ml verwendet werden.\",\"breadcrumb\":{\"@id\":\"https:\\\/\\\/sysmatec.ch\\\/de\\\/produit\\\/expell-tiefkuehlboxen\\\/#breadcrumb\"},\"inLanguage\":\"de\",\"potentialAction\":[{\"@type\":\"ReadAction\",\"target\":[\"https:\\\/\\\/sysmatec.ch\\\/de\\\/produit\\\/expell-tiefkuehlboxen\\\/\"]}]},{\"@type\":\"ImageObject\",\"inLanguage\":\"de\",\"@id\":\"https:\\\/\\\/sysmatec.ch\\\/de\\\/produit\\\/expell-tiefkuehlboxen\\\/#primaryimage\",\"url\":\"https:\\\/\\\/sysmatec.ch\\\/wp-content\\\/uploads\\\/2019\\\/07\\\/Consommable_CappFreezerBox.jpg\",\"contentUrl\":\"https:\\\/\\\/sysmatec.ch\\\/wp-content\\\/uploads\\\/2019\\\/07\\\/Consommable_CappFreezerBox.jpg\",\"width\":187,\"height\":129},{\"@type\":\"BreadcrumbList\",\"@id\":\"https:\\\/\\\/sysmatec.ch\\\/de\\\/produit\\\/expell-tiefkuehlboxen\\\/#breadcrumb\",\"itemListElement\":[{\"@type\":\"ListItem\",\"position\":1,\"name\":\"Accueil\",\"item\":\"https:\\\/\\\/sysmatec.ch\\\/de\\\/\"},{\"@type\":\"ListItem\",\"position\":2,\"name\":\"Die Aktivit\u00e4t von Sysmatec\",\"item\":\"https:\\\/\\\/sysmatec.ch\\\/de\\\/\"},{\"@type\":\"ListItem\",\"position\":3,\"name\":\"Expell Tiefk\u00fchlboxen\"}]},{\"@type\":\"WebSite\",\"@id\":\"https:\\\/\\\/sysmatec.ch\\\/de\\\/#website\",\"url\":\"https:\\\/\\\/sysmatec.ch\\\/de\\\/\",\"name\":\"Sysmatec\",\"description\":\"Equipement de laboratoire et logiciels\",\"publisher\":{\"@id\":\"https:\\\/\\\/sysmatec.ch\\\/de\\\/#organization\"},\"potentialAction\":[{\"@type\":\"SearchAction\",\"target\":{\"@type\":\"EntryPoint\",\"urlTemplate\":\"https:\\\/\\\/sysmatec.ch\\\/de\\\/?s={search_term_string}\"},\"query-input\":{\"@type\":\"PropertyValueSpecification\",\"valueRequired\":true,\"valueName\":\"search_term_string\"}}],\"inLanguage\":\"de\"},{\"@type\":\"Organization\",\"@id\":\"https:\\\/\\\/sysmatec.ch\\\/de\\\/#organization\",\"name\":\"Sysmatec\",\"url\":\"https:\\\/\\\/sysmatec.ch\\\/de\\\/\",\"logo\":{\"@type\":\"ImageObject\",\"inLanguage\":\"de\",\"@id\":\"https:\\\/\\\/sysmatec.ch\\\/de\\\/#\\\/schema\\\/logo\\\/image\\\/\",\"url\":\"https:\\\/\\\/sysmatec.ch\\\/wp-content\\\/uploads\\\/2018\\\/11\\\/LogoSysmatec.jpg\",\"contentUrl\":\"https:\\\/\\\/sysmatec.ch\\\/wp-content\\\/uploads\\\/2018\\\/11\\\/LogoSysmatec.jpg\",\"width\":301,\"height\":297,\"caption\":\"Sysmatec\"},\"image\":{\"@id\":\"https:\\\/\\\/sysmatec.ch\\\/de\\\/#\\\/schema\\\/logo\\\/image\\\/\"}}]}<\/script>\n<!-- \/ Yoast SEO plugin. -->","yoast_head_json":{"title":"Expell Tiefk\u00fchlboxen - Sysmatec","description":"Gefrierboxen zur Lagerung bis -90 \u00b0C. Kann f\u00fcr Kryo-R\u00f6hrchen mit Volumina von 0.5 bis 5 ml verwendet werden.","robots":{"index":"index","follow":"follow","max-snippet":"max-snippet:-1","max-image-preview":"max-image-preview:large","max-video-preview":"max-video-preview:-1"},"canonical":"https:\/\/sysmatec.ch\/de\/produit\/expell-tiefkuehlboxen\/","og_locale":"de_DE","og_type":"article","og_title":"Expell Tiefk\u00fchlboxen - Sysmatec","og_description":"Gefrierboxen zur Lagerung bis -90 \u00b0C. Kann f\u00fcr Kryo-R\u00f6hrchen mit Volumina von 0.5 bis 5 ml verwendet werden.","og_url":"https:\/\/sysmatec.ch\/de\/produit\/expell-tiefkuehlboxen\/","og_site_name":"Sysmatec","article_modified_time":"2021-12-18T08:59:53+00:00","og_image":[{"width":187,"height":129,"url":"https:\/\/sysmatec.ch\/wp-content\/uploads\/2019\/07\/Consommable_CappFreezerBox.jpg","type":"image\/jpeg"}],"twitter_card":"summary_large_image","twitter_misc":{"Gesch\u00e4tzte Lesezeit":"1\u00a0Minute"},"schema":{"@context":"https:\/\/schema.org","@graph":[{"@type":"WebPage","@id":"https:\/\/sysmatec.ch\/de\/produit\/expell-tiefkuehlboxen\/","url":"https:\/\/sysmatec.ch\/de\/produit\/expell-tiefkuehlboxen\/","name":"Expell Tiefk\u00fchlboxen - Sysmatec","isPartOf":{"@id":"https:\/\/sysmatec.ch\/de\/#website"},"primaryImageOfPage":{"@id":"https:\/\/sysmatec.ch\/de\/produit\/expell-tiefkuehlboxen\/#primaryimage"},"image":{"@id":"https:\/\/sysmatec.ch\/de\/produit\/expell-tiefkuehlboxen\/#primaryimage"},"thumbnailUrl":"https:\/\/sysmatec.ch\/wp-content\/uploads\/2019\/07\/Consommable_CappFreezerBox.jpg","datePublished":"2019-07-08T09:43:53+00:00","dateModified":"2021-12-18T08:59:53+00:00","description":"Gefrierboxen zur Lagerung bis -90 \u00b0C. Kann f\u00fcr Kryo-R\u00f6hrchen mit Volumina von 0.5 bis 5 ml verwendet werden.","breadcrumb":{"@id":"https:\/\/sysmatec.ch\/de\/produit\/expell-tiefkuehlboxen\/#breadcrumb"},"inLanguage":"de","potentialAction":[{"@type":"ReadAction","target":["https:\/\/sysmatec.ch\/de\/produit\/expell-tiefkuehlboxen\/"]}]},{"@type":"ImageObject","inLanguage":"de","@id":"https:\/\/sysmatec.ch\/de\/produit\/expell-tiefkuehlboxen\/#primaryimage","url":"https:\/\/sysmatec.ch\/wp-content\/uploads\/2019\/07\/Consommable_CappFreezerBox.jpg","contentUrl":"https:\/\/sysmatec.ch\/wp-content\/uploads\/2019\/07\/Consommable_CappFreezerBox.jpg","width":187,"height":129},{"@type":"BreadcrumbList","@id":"https:\/\/sysmatec.ch\/de\/produit\/expell-tiefkuehlboxen\/#breadcrumb","itemListElement":[{"@type":"ListItem","position":1,"name":"Accueil","item":"https:\/\/sysmatec.ch\/de\/"},{"@type":"ListItem","position":2,"name":"Die Aktivit\u00e4t von Sysmatec","item":"https:\/\/sysmatec.ch\/de\/"},{"@type":"ListItem","position":3,"name":"Expell Tiefk\u00fchlboxen"}]},{"@type":"WebSite","@id":"https:\/\/sysmatec.ch\/de\/#website","url":"https:\/\/sysmatec.ch\/de\/","name":"Sysmatec","description":"Equipement de laboratoire et logiciels","publisher":{"@id":"https:\/\/sysmatec.ch\/de\/#organization"},"potentialAction":[{"@type":"SearchAction","target":{"@type":"EntryPoint","urlTemplate":"https:\/\/sysmatec.ch\/de\/?s={search_term_string}"},"query-input":{"@type":"PropertyValueSpecification","valueRequired":true,"valueName":"search_term_string"}}],"inLanguage":"de"},{"@type":"Organization","@id":"https:\/\/sysmatec.ch\/de\/#organization","name":"Sysmatec","url":"https:\/\/sysmatec.ch\/de\/","logo":{"@type":"ImageObject","inLanguage":"de","@id":"https:\/\/sysmatec.ch\/de\/#\/schema\/logo\/image\/","url":"https:\/\/sysmatec.ch\/wp-content\/uploads\/2018\/11\/LogoSysmatec.jpg","contentUrl":"https:\/\/sysmatec.ch\/wp-content\/uploads\/2018\/11\/LogoSysmatec.jpg","width":301,"height":297,"caption":"Sysmatec"},"image":{"@id":"https:\/\/sysmatec.ch\/de\/#\/schema\/logo\/image\/"}}]}},"_links":{"self":[{"href":"https:\/\/sysmatec.ch\/de\/wp-json\/wp\/v2\/product\/8603","targetHints":{"allow":["GET"]}}],"collection":[{"href":"https:\/\/sysmatec.ch\/de\/wp-json\/wp\/v2\/product"}],"about":[{"href":"https:\/\/sysmatec.ch\/de\/wp-json\/wp\/v2\/types\/product"}],"wp:featuredmedia":[{"embeddable":true,"href":"https:\/\/sysmatec.ch\/de\/wp-json\/wp\/v2\/media\/8601"}],"wp:attachment":[{"href":"https:\/\/sysmatec.ch\/de\/wp-json\/wp\/v2\/media?parent=8603"}],"wp:term":[{"taxonomy":"product_brand","embeddable":true,"href":"https:\/\/sysmatec.ch\/de\/wp-json\/wp\/v2\/product_brand?post=8603"},{"taxonomy":"product_cat","embeddable":true,"href":"https:\/\/sysmatec.ch\/de\/wp-json\/wp\/v2\/product_cat?post=8603"},{"taxonomy":"product_tag","embeddable":true,"href":"https:\/\/sysmatec.ch\/de\/wp-json\/wp\/v2\/product_tag?post=8603"}],"curies":[{"name":"wp","href":"https:\/\/api.w.org\/{rel}","templated":true}]}}