{"id":8586,"date":"2019-07-08T11:30:21","date_gmt":"2019-07-08T09:30:21","guid":{"rendered":"https:\/\/sysmatec.ch\/produit\/cryotubes-expell\/"},"modified":"2022-05-25T17:30:22","modified_gmt":"2022-05-25T15:30:22","slug":"expell-kryoroehrchen","status":"publish","type":"product","link":"https:\/\/sysmatec.ch\/de\/Produkt\/expell-kryoroehrchen\/","title":{"rendered":"Expell Kryor\u00f6hrchen"},"content":{"rendered":"<p>Expell Linie von Kryovials ist revolution\u00e4r! Mit einem Volumen von 0.5 ml sind sie die kleinsten Kryovials auf dem Markt, so dass Sie eine effiziente Lagerung von kleinen Proben erlauben. Dar\u00fcber hinaus sind diese Kryor\u00f6hrchen zwischen der einzigen Au\u00dfengewinde Kryor\u00f6hrchen geeignet f\u00fcr die Lagerung in Geh\u00e4use mit 10 x 10 Teiler. Im Vergleich zu den herk\u00f6mmlichen Au\u00dfengewinde Kryor\u00f6hrchen, die nur in einem 9 x 9 Rack passen, sparen Sie bis zu 23% auf Ihre Lagerungskapazit\u00e4t. Wenn Sie mit den 0.5 mL-Expell Kryor\u00f6hrchen arbeiten, k\u00f6nnen Sie zwei 10 x 10 Cryoboxen aufeinander legen und so Ihre Speicherkapazit\u00e4t verdoppeln! Die Kryor\u00f6hrchen sind in 5 Gr\u00f6\u00dfen erh\u00e4ltlich: 0.5 ml, 1.0 ml, 2.0 ml, 4.0 ml und 5.0 ml und sterilisiert nach ISO 11137-2: 2013 &#8211; Sterility Assurance Level (SAL) von Standardprodukten 06.10.<\/p>\n<p>Sowohl die Kappen und die Kryo-R\u00f6hrchen werden aus speziell formulierten Polypropylen, den gleichen Ausdehnungskoeffizienten aufweisen und somit die Dichtigkeit Qualit\u00e4ten bei verschiedenen Temperaturen verbessern, produziert. Expell Kryo Endrohre sind in den wiederverschlie\u00dfbaren Standbeuteln verpackt. So wird viel Platz auf dem Benchtop gespart. Sie sind f\u00fcr die Lagerung in der Dampfphase von fl\u00fcssigem Stickstoff sehr gut geeignet.<\/p>\n<p>Quickseal \u2122 &amp; Lip Seal Cap Design: f\u00fcr Einhandbedienung. Sorgt f\u00fcr 100% auslaufsicher Schliessen \/ \u00d6ffnen mit nur einer halben Umdrehung.<\/p>\n<p>F\u00fcllstandsanzeige f\u00fcr -196 \u00b0 C: eine rote Linie zeigt die maximale F\u00fcllh\u00f6he die bei Lagerung bei-196 \u00b0 C in der Dampfphase von fl\u00fcssigem Stickstoff empfohlen ist.<\/p>\n<p>5040500C Expell Cryotubes 0.5 ml, Pre-steril, Tasche, 10&#215;100 St\u00fcck<\/p>\n<p>5041000C Expell Cryotubes 1.0 ml, Pre-steril, Tasche, 10&#215;100 St\u00fcck<\/p>\n<p>5042000C Expell Cryotubes 2.0 ml, Pre-steril, Tasche, 10&#215;100 St\u00fcck<\/p>\n<p>5044000C Expell Cryotubes 4.0 ml, Pre-steril, Tasche, 5&#215;100 St\u00fcck<\/p>\n<p>5045000C Expell Cryotubes 5.0 ml, Pre-steril, Tasche, 5&#215;100 St\u00fcck<\/p>\n<p>504R000C Roter Kappeneinsatz f\u00fcr Expell Cryotubes, 1&#215;500 Stk.<\/p>\n<p>504B000C BlauerKappeneinsatz f\u00fcr Expell Cryotubes, 1&#215;500 Stk.<\/p>\n<p>504G000C Gr\u00fcner Kappeneinsatz f\u00fcr Expell Cryotubes, 1&#215;500 Stk.<\/p>\n<p>504W000C Weisser\u00a0Kappeneinsatz f\u00fcr Expell Cryotubes, 1&#215;500 Stk.<\/p>\n<p>504Y000C Gelber Kappeneinsatz f\u00fcr Expell Cryotubes, 1&#215;500 Stk.<\/p>\n","protected":false},"excerpt":{"rendered":"<p>Expell Kryor\u00f6hrchen<\/p>\n","protected":false},"featured_media":8598,"template":"","meta":{"_crdt_document":""},"product_brand":[],"product_cat":[385,279],"product_tag":[],"class_list":{"0":"post-8586","1":"product","2":"type-product","3":"status-publish","4":"has-post-thumbnail","6":"product_cat-kaeltetechnik","7":"product_cat-verbrauchsmaterial","9":"first","10":"instock","11":"taxable","12":"shipping-taxable","13":"product-type-simple"},"yoast_head":"<!-- This site is optimized with the Yoast SEO plugin v27.4 - https:\/\/yoast.com\/product\/yoast-seo-wordpress\/ -->\n<title>Expell Kryor\u00f6hrchen - Sysmatec<\/title>\n<meta name=\"description\" content=\"Kryor\u00f6hrchen geeignet f\u00fcr den Einsatz in der Dampfphase von fl\u00fcssigem Stickstoff bei -196 \u00b0C. Es hat ein schnelles \u00d6ffnungs- und Schlie\u00dfsystem.\" \/>\n<meta name=\"robots\" content=\"index, follow, max-snippet:-1, max-image-preview:large, max-video-preview:-1\" \/>\n<link rel=\"canonical\" href=\"https:\/\/sysmatec.ch\/de\/produit\/expell-kryoroehrchen\/\" \/>\n<meta property=\"og:locale\" content=\"de_DE\" \/>\n<meta property=\"og:type\" content=\"article\" \/>\n<meta property=\"og:title\" content=\"Expell Kryor\u00f6hrchen - Sysmatec\" \/>\n<meta property=\"og:description\" content=\"Kryor\u00f6hrchen geeignet f\u00fcr den Einsatz in der Dampfphase von fl\u00fcssigem Stickstoff bei -196 \u00b0C. Es hat ein schnelles \u00d6ffnungs- und Schlie\u00dfsystem.\" \/>\n<meta property=\"og:url\" content=\"https:\/\/sysmatec.ch\/de\/produit\/expell-kryoroehrchen\/\" \/>\n<meta property=\"og:site_name\" content=\"Sysmatec\" \/>\n<meta property=\"article:modified_time\" content=\"2022-05-25T15:30:22+00:00\" \/>\n<meta property=\"og:image\" content=\"https:\/\/sysmatec.ch\/wp-content\/uploads\/2019\/07\/Consommable_CappCryovials.jpg\" \/>\n\t<meta property=\"og:image:width\" content=\"190\" \/>\n\t<meta property=\"og:image:height\" content=\"237\" \/>\n\t<meta property=\"og:image:type\" content=\"image\/jpeg\" \/>\n<meta name=\"twitter:card\" content=\"summary_large_image\" \/>\n<meta name=\"twitter:label1\" content=\"Gesch\u00e4tzte Lesezeit\" \/>\n\t<meta name=\"twitter:data1\" content=\"2\u00a0Minuten\" \/>\n<script type=\"application\/ld+json\" class=\"yoast-schema-graph\">{\"@context\":\"https:\\\/\\\/schema.org\",\"@graph\":[{\"@type\":\"WebPage\",\"@id\":\"https:\\\/\\\/sysmatec.ch\\\/de\\\/produit\\\/expell-kryoroehrchen\\\/\",\"url\":\"https:\\\/\\\/sysmatec.ch\\\/de\\\/produit\\\/expell-kryoroehrchen\\\/\",\"name\":\"Expell Kryor\u00f6hrchen - Sysmatec\",\"isPartOf\":{\"@id\":\"https:\\\/\\\/sysmatec.ch\\\/de\\\/#website\"},\"primaryImageOfPage\":{\"@id\":\"https:\\\/\\\/sysmatec.ch\\\/de\\\/produit\\\/expell-kryoroehrchen\\\/#primaryimage\"},\"image\":{\"@id\":\"https:\\\/\\\/sysmatec.ch\\\/de\\\/produit\\\/expell-kryoroehrchen\\\/#primaryimage\"},\"thumbnailUrl\":\"https:\\\/\\\/sysmatec.ch\\\/wp-content\\\/uploads\\\/2019\\\/07\\\/Consommable_CappCryovials.jpg\",\"datePublished\":\"2019-07-08T09:30:21+00:00\",\"dateModified\":\"2022-05-25T15:30:22+00:00\",\"description\":\"Kryor\u00f6hrchen geeignet f\u00fcr den Einsatz in der Dampfphase von fl\u00fcssigem Stickstoff bei -196 \u00b0C. Es hat ein schnelles \u00d6ffnungs- und Schlie\u00dfsystem.\",\"breadcrumb\":{\"@id\":\"https:\\\/\\\/sysmatec.ch\\\/de\\\/produit\\\/expell-kryoroehrchen\\\/#breadcrumb\"},\"inLanguage\":\"de\",\"potentialAction\":[{\"@type\":\"ReadAction\",\"target\":[\"https:\\\/\\\/sysmatec.ch\\\/de\\\/produit\\\/expell-kryoroehrchen\\\/\"]}]},{\"@type\":\"ImageObject\",\"inLanguage\":\"de\",\"@id\":\"https:\\\/\\\/sysmatec.ch\\\/de\\\/produit\\\/expell-kryoroehrchen\\\/#primaryimage\",\"url\":\"https:\\\/\\\/sysmatec.ch\\\/wp-content\\\/uploads\\\/2019\\\/07\\\/Consommable_CappCryovials.jpg\",\"contentUrl\":\"https:\\\/\\\/sysmatec.ch\\\/wp-content\\\/uploads\\\/2019\\\/07\\\/Consommable_CappCryovials.jpg\",\"width\":190,\"height\":237},{\"@type\":\"BreadcrumbList\",\"@id\":\"https:\\\/\\\/sysmatec.ch\\\/de\\\/produit\\\/expell-kryoroehrchen\\\/#breadcrumb\",\"itemListElement\":[{\"@type\":\"ListItem\",\"position\":1,\"name\":\"Accueil\",\"item\":\"https:\\\/\\\/sysmatec.ch\\\/de\\\/\"},{\"@type\":\"ListItem\",\"position\":2,\"name\":\"Die Aktivit\u00e4t von Sysmatec\",\"item\":\"https:\\\/\\\/sysmatec.ch\\\/de\\\/\"},{\"@type\":\"ListItem\",\"position\":3,\"name\":\"Expell Kryor\u00f6hrchen\"}]},{\"@type\":\"WebSite\",\"@id\":\"https:\\\/\\\/sysmatec.ch\\\/de\\\/#website\",\"url\":\"https:\\\/\\\/sysmatec.ch\\\/de\\\/\",\"name\":\"Sysmatec\",\"description\":\"Equipement de laboratoire et logiciels\",\"publisher\":{\"@id\":\"https:\\\/\\\/sysmatec.ch\\\/de\\\/#organization\"},\"potentialAction\":[{\"@type\":\"SearchAction\",\"target\":{\"@type\":\"EntryPoint\",\"urlTemplate\":\"https:\\\/\\\/sysmatec.ch\\\/de\\\/?s={search_term_string}\"},\"query-input\":{\"@type\":\"PropertyValueSpecification\",\"valueRequired\":true,\"valueName\":\"search_term_string\"}}],\"inLanguage\":\"de\"},{\"@type\":\"Organization\",\"@id\":\"https:\\\/\\\/sysmatec.ch\\\/de\\\/#organization\",\"name\":\"Sysmatec\",\"url\":\"https:\\\/\\\/sysmatec.ch\\\/de\\\/\",\"logo\":{\"@type\":\"ImageObject\",\"inLanguage\":\"de\",\"@id\":\"https:\\\/\\\/sysmatec.ch\\\/de\\\/#\\\/schema\\\/logo\\\/image\\\/\",\"url\":\"https:\\\/\\\/sysmatec.ch\\\/wp-content\\\/uploads\\\/2018\\\/11\\\/LogoSysmatec.jpg\",\"contentUrl\":\"https:\\\/\\\/sysmatec.ch\\\/wp-content\\\/uploads\\\/2018\\\/11\\\/LogoSysmatec.jpg\",\"width\":301,\"height\":297,\"caption\":\"Sysmatec\"},\"image\":{\"@id\":\"https:\\\/\\\/sysmatec.ch\\\/de\\\/#\\\/schema\\\/logo\\\/image\\\/\"}}]}<\/script>\n<!-- \/ Yoast SEO plugin. -->","yoast_head_json":{"title":"Expell Kryor\u00f6hrchen - Sysmatec","description":"Kryor\u00f6hrchen geeignet f\u00fcr den Einsatz in der Dampfphase von fl\u00fcssigem Stickstoff bei -196 \u00b0C. Es hat ein schnelles \u00d6ffnungs- und Schlie\u00dfsystem.","robots":{"index":"index","follow":"follow","max-snippet":"max-snippet:-1","max-image-preview":"max-image-preview:large","max-video-preview":"max-video-preview:-1"},"canonical":"https:\/\/sysmatec.ch\/de\/produit\/expell-kryoroehrchen\/","og_locale":"de_DE","og_type":"article","og_title":"Expell Kryor\u00f6hrchen - Sysmatec","og_description":"Kryor\u00f6hrchen geeignet f\u00fcr den Einsatz in der Dampfphase von fl\u00fcssigem Stickstoff bei -196 \u00b0C. Es hat ein schnelles \u00d6ffnungs- und Schlie\u00dfsystem.","og_url":"https:\/\/sysmatec.ch\/de\/produit\/expell-kryoroehrchen\/","og_site_name":"Sysmatec","article_modified_time":"2022-05-25T15:30:22+00:00","og_image":[{"width":190,"height":237,"url":"https:\/\/sysmatec.ch\/wp-content\/uploads\/2019\/07\/Consommable_CappCryovials.jpg","type":"image\/jpeg"}],"twitter_card":"summary_large_image","twitter_misc":{"Gesch\u00e4tzte Lesezeit":"2\u00a0Minuten"},"schema":{"@context":"https:\/\/schema.org","@graph":[{"@type":"WebPage","@id":"https:\/\/sysmatec.ch\/de\/produit\/expell-kryoroehrchen\/","url":"https:\/\/sysmatec.ch\/de\/produit\/expell-kryoroehrchen\/","name":"Expell Kryor\u00f6hrchen - Sysmatec","isPartOf":{"@id":"https:\/\/sysmatec.ch\/de\/#website"},"primaryImageOfPage":{"@id":"https:\/\/sysmatec.ch\/de\/produit\/expell-kryoroehrchen\/#primaryimage"},"image":{"@id":"https:\/\/sysmatec.ch\/de\/produit\/expell-kryoroehrchen\/#primaryimage"},"thumbnailUrl":"https:\/\/sysmatec.ch\/wp-content\/uploads\/2019\/07\/Consommable_CappCryovials.jpg","datePublished":"2019-07-08T09:30:21+00:00","dateModified":"2022-05-25T15:30:22+00:00","description":"Kryor\u00f6hrchen geeignet f\u00fcr den Einsatz in der Dampfphase von fl\u00fcssigem Stickstoff bei -196 \u00b0C. Es hat ein schnelles \u00d6ffnungs- und Schlie\u00dfsystem.","breadcrumb":{"@id":"https:\/\/sysmatec.ch\/de\/produit\/expell-kryoroehrchen\/#breadcrumb"},"inLanguage":"de","potentialAction":[{"@type":"ReadAction","target":["https:\/\/sysmatec.ch\/de\/produit\/expell-kryoroehrchen\/"]}]},{"@type":"ImageObject","inLanguage":"de","@id":"https:\/\/sysmatec.ch\/de\/produit\/expell-kryoroehrchen\/#primaryimage","url":"https:\/\/sysmatec.ch\/wp-content\/uploads\/2019\/07\/Consommable_CappCryovials.jpg","contentUrl":"https:\/\/sysmatec.ch\/wp-content\/uploads\/2019\/07\/Consommable_CappCryovials.jpg","width":190,"height":237},{"@type":"BreadcrumbList","@id":"https:\/\/sysmatec.ch\/de\/produit\/expell-kryoroehrchen\/#breadcrumb","itemListElement":[{"@type":"ListItem","position":1,"name":"Accueil","item":"https:\/\/sysmatec.ch\/de\/"},{"@type":"ListItem","position":2,"name":"Die Aktivit\u00e4t von Sysmatec","item":"https:\/\/sysmatec.ch\/de\/"},{"@type":"ListItem","position":3,"name":"Expell Kryor\u00f6hrchen"}]},{"@type":"WebSite","@id":"https:\/\/sysmatec.ch\/de\/#website","url":"https:\/\/sysmatec.ch\/de\/","name":"Sysmatec","description":"Equipement de laboratoire et logiciels","publisher":{"@id":"https:\/\/sysmatec.ch\/de\/#organization"},"potentialAction":[{"@type":"SearchAction","target":{"@type":"EntryPoint","urlTemplate":"https:\/\/sysmatec.ch\/de\/?s={search_term_string}"},"query-input":{"@type":"PropertyValueSpecification","valueRequired":true,"valueName":"search_term_string"}}],"inLanguage":"de"},{"@type":"Organization","@id":"https:\/\/sysmatec.ch\/de\/#organization","name":"Sysmatec","url":"https:\/\/sysmatec.ch\/de\/","logo":{"@type":"ImageObject","inLanguage":"de","@id":"https:\/\/sysmatec.ch\/de\/#\/schema\/logo\/image\/","url":"https:\/\/sysmatec.ch\/wp-content\/uploads\/2018\/11\/LogoSysmatec.jpg","contentUrl":"https:\/\/sysmatec.ch\/wp-content\/uploads\/2018\/11\/LogoSysmatec.jpg","width":301,"height":297,"caption":"Sysmatec"},"image":{"@id":"https:\/\/sysmatec.ch\/de\/#\/schema\/logo\/image\/"}}]}},"_links":{"self":[{"href":"https:\/\/sysmatec.ch\/de\/wp-json\/wp\/v2\/product\/8586","targetHints":{"allow":["GET"]}}],"collection":[{"href":"https:\/\/sysmatec.ch\/de\/wp-json\/wp\/v2\/product"}],"about":[{"href":"https:\/\/sysmatec.ch\/de\/wp-json\/wp\/v2\/types\/product"}],"wp:featuredmedia":[{"embeddable":true,"href":"https:\/\/sysmatec.ch\/de\/wp-json\/wp\/v2\/media\/8598"}],"wp:attachment":[{"href":"https:\/\/sysmatec.ch\/de\/wp-json\/wp\/v2\/media?parent=8586"}],"wp:term":[{"taxonomy":"product_brand","embeddable":true,"href":"https:\/\/sysmatec.ch\/de\/wp-json\/wp\/v2\/product_brand?post=8586"},{"taxonomy":"product_cat","embeddable":true,"href":"https:\/\/sysmatec.ch\/de\/wp-json\/wp\/v2\/product_cat?post=8586"},{"taxonomy":"product_tag","embeddable":true,"href":"https:\/\/sysmatec.ch\/de\/wp-json\/wp\/v2\/product_tag?post=8586"}],"curies":[{"name":"wp","href":"https:\/\/api.w.org\/{rel}","templated":true}]}}