{"id":8480,"date":"2019-07-06T11:03:42","date_gmt":"2019-07-06T09:03:42","guid":{"rendered":"https:\/\/sysmatec.ch\/produit\/micro-plaques-96-puits-sensorplates\/"},"modified":"2021-12-18T16:29:12","modified_gmt":"2021-12-18T15:29:12","slug":"96-well-sensor-platte","status":"publish","type":"product","link":"https:\/\/sysmatec.ch\/de\/Produkt\/96-well-sensor-platte\/","title":{"rendered":"96-Well Sensor Platte"},"content":{"rendered":"<p>Sauerstoff (OxoPlate) und pH (HydroPlate) Sensoren sind am Boden 96 Wells-Mikrotiterplatten eingebaut. Sie werden mit herk\u00f6mmlichen Fluoreszenz Microplatereader von der Unterseite gelesen lesen. Nur ein paar L\u00f6cher pro Platte werden f\u00fcr die Kalibrierung verwendet. Die SensorPlates sind in der runden oder flachen Boden-Format verf\u00fcgbar.<\/p>\n<p><span class=\"JLqJ4b ChMk0b\" data-language-for-alternatives=\"de\" data-language-to-translate-into=\"en\" data-phrase-index=\"0\" data-number-of-phrases=\"14\">Die Oxoplate OP96U ist eine 96-Well-Multiplatte mit rundem Boden und einem am Boden jedes Wells integrierten Sauerstoffsensor.<\/span> <span class=\"JLqJ4b ChMk0b\" data-language-for-alternatives=\"de\" data-language-to-translate-into=\"en\" data-phrase-index=\"1\" data-number-of-phrases=\"14\">Die Platte ist aus Polystyrol.<\/span> <span class=\"JLqJ4b ChMk0b\" data-language-for-alternatives=\"de\" data-language-to-translate-into=\"en\" data-phrase-index=\"2\" data-number-of-phrases=\"14\">Die Sensoren k\u00f6nnen von der Unterseite mit einem handels\u00fcblichen Fluoreszenz-Reader parallel ausgelesen werden.<\/span><\/p>\n<p><span class=\"JLqJ4b ChMk0b\" data-language-for-alternatives=\"de\" data-language-to-translate-into=\"en\" data-phrase-index=\"4\" data-number-of-phrases=\"14\">Die OxoPlate OP96C ist eine beta-bestrahlte 96-Well-Mikrotiterplatte mit flachem Boden aus Polystyrol.<\/span> <span class=\"JLqJ4b ChMk0b\" data-language-for-alternatives=\"de\" data-language-to-translate-into=\"en\" data-phrase-index=\"5\" data-number-of-phrases=\"14\">Am Boden jedes Wells ist ein Sauerstoffsensor integriert.<\/span> <span class=\"JLqJ4b ChMk0b\" data-language-for-alternatives=\"de\" data-language-to-translate-into=\"en\" data-phrase-index=\"6\" data-number-of-phrases=\"14\">Die Sensoren k\u00f6nnen von der Unterseite mit einem handels\u00fcblichen Fluoreszenz-Reader parallel ausgelesen werden.<\/span><\/p>\n<p>O2 Messbereich: 0-30 %<\/p>\n<p><span class=\"JLqJ4b ChMk0b\" data-language-for-alternatives=\"de\" data-language-to-translate-into=\"en\" data-phrase-index=\"8\" data-number-of-phrases=\"14\">Die HydroPlate HP96U ist eine beta-bestrahlte 96-Well-Mikrotiterplatte aus Polystyrol mit rundem Boden.<\/span> <span class=\"JLqJ4b ChMk0b\" data-language-for-alternatives=\"de\" data-language-to-translate-into=\"en\" data-phrase-index=\"9\" data-number-of-phrases=\"14\">Am Boden jedes Wells ist ein pH-Sensor immobilisiert.<\/span> <span class=\"JLqJ4b ChMk0b\" data-language-for-alternatives=\"de\" data-language-to-translate-into=\"en\" data-phrase-index=\"10\" data-number-of-phrases=\"14\">Die Sensoren werden von der Unterseite mit einem handels\u00fcblichen Fluoreszenz-Reader ausgelesen und die ca.<\/span> <span class=\"JLqJ4b ChMk0b\" data-language-for-alternatives=\"de\" data-language-to-translate-into=\"en\" data-phrase-index=\"11\" data-number-of-phrases=\"14\">Wellenl\u00e4ngen 485\/540 nm und 485\/620 nm.<\/span><\/p>\n<p>pH Messbereich: 5-8<\/p>\n","protected":false},"excerpt":{"rendered":"<p>96-Well Sensor Platte<\/p>\n","protected":false},"featured_media":8475,"template":"","meta":{"_crdt_document":""},"product_brand":[],"product_cat":[159,279],"product_tag":[],"class_list":{"0":"post-8480","1":"product","2":"type-product","3":"status-publish","4":"has-post-thumbnail","6":"product_cat-kultur","7":"product_cat-verbrauchsmaterial","9":"first","10":"instock","11":"taxable","12":"shipping-taxable","13":"product-type-simple"},"yoast_head":"<!-- This site is optimized with the Yoast SEO plugin v27.4 - https:\/\/yoast.com\/product\/yoast-seo-wordpress\/ -->\n<title>96-Well Sensor Platte - Sysmatec<\/title>\n<meta name=\"description\" content=\"96-Well-Mikrotiterplatten mit Messung von gel\u00f6stem Sauerstoff (Oxoplate) und pH (Hydroplate) mit einem Mikrotiterplatten-Reader.\" \/>\n<meta name=\"robots\" content=\"index, follow, max-snippet:-1, max-image-preview:large, max-video-preview:-1\" \/>\n<link rel=\"canonical\" href=\"https:\/\/sysmatec.ch\/de\/produit\/96-well-sensor-platte\/\" \/>\n<meta property=\"og:locale\" content=\"de_DE\" \/>\n<meta property=\"og:type\" content=\"article\" \/>\n<meta property=\"og:title\" content=\"96-Well Sensor Platte - Sysmatec\" \/>\n<meta property=\"og:description\" content=\"96-Well-Mikrotiterplatten mit Messung von gel\u00f6stem Sauerstoff (Oxoplate) und pH (Hydroplate) mit einem Mikrotiterplatten-Reader.\" \/>\n<meta property=\"og:url\" content=\"https:\/\/sysmatec.ch\/de\/produit\/96-well-sensor-platte\/\" \/>\n<meta property=\"og:site_name\" content=\"Sysmatec\" \/>\n<meta property=\"article:modified_time\" content=\"2021-12-18T15:29:12+00:00\" \/>\n<meta property=\"og:image\" content=\"https:\/\/sysmatec.ch\/wp-content\/uploads\/2019\/07\/Consommable_PresensSensorplate.jpg\" \/>\n\t<meta property=\"og:image:width\" content=\"180\" \/>\n\t<meta property=\"og:image:height\" content=\"129\" \/>\n\t<meta property=\"og:image:type\" content=\"image\/jpeg\" \/>\n<meta name=\"twitter:card\" content=\"summary_large_image\" \/>\n<meta name=\"twitter:label1\" content=\"Gesch\u00e4tzte Lesezeit\" \/>\n\t<meta name=\"twitter:data1\" content=\"1\u00a0Minute\" \/>\n<script type=\"application\/ld+json\" class=\"yoast-schema-graph\">{\"@context\":\"https:\\\/\\\/schema.org\",\"@graph\":[{\"@type\":\"WebPage\",\"@id\":\"https:\\\/\\\/sysmatec.ch\\\/de\\\/produit\\\/96-well-sensor-platte\\\/\",\"url\":\"https:\\\/\\\/sysmatec.ch\\\/de\\\/produit\\\/96-well-sensor-platte\\\/\",\"name\":\"96-Well Sensor Platte - Sysmatec\",\"isPartOf\":{\"@id\":\"https:\\\/\\\/sysmatec.ch\\\/de\\\/#website\"},\"primaryImageOfPage\":{\"@id\":\"https:\\\/\\\/sysmatec.ch\\\/de\\\/produit\\\/96-well-sensor-platte\\\/#primaryimage\"},\"image\":{\"@id\":\"https:\\\/\\\/sysmatec.ch\\\/de\\\/produit\\\/96-well-sensor-platte\\\/#primaryimage\"},\"thumbnailUrl\":\"https:\\\/\\\/sysmatec.ch\\\/wp-content\\\/uploads\\\/2019\\\/07\\\/Consommable_PresensSensorplate.jpg\",\"datePublished\":\"2019-07-06T09:03:42+00:00\",\"dateModified\":\"2021-12-18T15:29:12+00:00\",\"description\":\"96-Well-Mikrotiterplatten mit Messung von gel\u00f6stem Sauerstoff (Oxoplate) und pH (Hydroplate) mit einem Mikrotiterplatten-Reader.\",\"breadcrumb\":{\"@id\":\"https:\\\/\\\/sysmatec.ch\\\/de\\\/produit\\\/96-well-sensor-platte\\\/#breadcrumb\"},\"inLanguage\":\"de\",\"potentialAction\":[{\"@type\":\"ReadAction\",\"target\":[\"https:\\\/\\\/sysmatec.ch\\\/de\\\/produit\\\/96-well-sensor-platte\\\/\"]}]},{\"@type\":\"ImageObject\",\"inLanguage\":\"de\",\"@id\":\"https:\\\/\\\/sysmatec.ch\\\/de\\\/produit\\\/96-well-sensor-platte\\\/#primaryimage\",\"url\":\"https:\\\/\\\/sysmatec.ch\\\/wp-content\\\/uploads\\\/2019\\\/07\\\/Consommable_PresensSensorplate.jpg\",\"contentUrl\":\"https:\\\/\\\/sysmatec.ch\\\/wp-content\\\/uploads\\\/2019\\\/07\\\/Consommable_PresensSensorplate.jpg\",\"width\":180,\"height\":129},{\"@type\":\"BreadcrumbList\",\"@id\":\"https:\\\/\\\/sysmatec.ch\\\/de\\\/produit\\\/96-well-sensor-platte\\\/#breadcrumb\",\"itemListElement\":[{\"@type\":\"ListItem\",\"position\":1,\"name\":\"Accueil\",\"item\":\"https:\\\/\\\/sysmatec.ch\\\/de\\\/\"},{\"@type\":\"ListItem\",\"position\":2,\"name\":\"Die Aktivit\u00e4t von Sysmatec\",\"item\":\"https:\\\/\\\/sysmatec.ch\\\/de\\\/\"},{\"@type\":\"ListItem\",\"position\":3,\"name\":\"96-Well Sensor Platte\"}]},{\"@type\":\"WebSite\",\"@id\":\"https:\\\/\\\/sysmatec.ch\\\/de\\\/#website\",\"url\":\"https:\\\/\\\/sysmatec.ch\\\/de\\\/\",\"name\":\"Sysmatec\",\"description\":\"Equipement de laboratoire et logiciels\",\"publisher\":{\"@id\":\"https:\\\/\\\/sysmatec.ch\\\/de\\\/#organization\"},\"potentialAction\":[{\"@type\":\"SearchAction\",\"target\":{\"@type\":\"EntryPoint\",\"urlTemplate\":\"https:\\\/\\\/sysmatec.ch\\\/de\\\/?s={search_term_string}\"},\"query-input\":{\"@type\":\"PropertyValueSpecification\",\"valueRequired\":true,\"valueName\":\"search_term_string\"}}],\"inLanguage\":\"de\"},{\"@type\":\"Organization\",\"@id\":\"https:\\\/\\\/sysmatec.ch\\\/de\\\/#organization\",\"name\":\"Sysmatec\",\"url\":\"https:\\\/\\\/sysmatec.ch\\\/de\\\/\",\"logo\":{\"@type\":\"ImageObject\",\"inLanguage\":\"de\",\"@id\":\"https:\\\/\\\/sysmatec.ch\\\/de\\\/#\\\/schema\\\/logo\\\/image\\\/\",\"url\":\"https:\\\/\\\/sysmatec.ch\\\/wp-content\\\/uploads\\\/2018\\\/11\\\/LogoSysmatec.jpg\",\"contentUrl\":\"https:\\\/\\\/sysmatec.ch\\\/wp-content\\\/uploads\\\/2018\\\/11\\\/LogoSysmatec.jpg\",\"width\":301,\"height\":297,\"caption\":\"Sysmatec\"},\"image\":{\"@id\":\"https:\\\/\\\/sysmatec.ch\\\/de\\\/#\\\/schema\\\/logo\\\/image\\\/\"}}]}<\/script>\n<!-- \/ Yoast SEO plugin. -->","yoast_head_json":{"title":"96-Well Sensor Platte - Sysmatec","description":"96-Well-Mikrotiterplatten mit Messung von gel\u00f6stem Sauerstoff (Oxoplate) und pH (Hydroplate) mit einem Mikrotiterplatten-Reader.","robots":{"index":"index","follow":"follow","max-snippet":"max-snippet:-1","max-image-preview":"max-image-preview:large","max-video-preview":"max-video-preview:-1"},"canonical":"https:\/\/sysmatec.ch\/de\/produit\/96-well-sensor-platte\/","og_locale":"de_DE","og_type":"article","og_title":"96-Well Sensor Platte - Sysmatec","og_description":"96-Well-Mikrotiterplatten mit Messung von gel\u00f6stem Sauerstoff (Oxoplate) und pH (Hydroplate) mit einem Mikrotiterplatten-Reader.","og_url":"https:\/\/sysmatec.ch\/de\/produit\/96-well-sensor-platte\/","og_site_name":"Sysmatec","article_modified_time":"2021-12-18T15:29:12+00:00","og_image":[{"width":180,"height":129,"url":"https:\/\/sysmatec.ch\/wp-content\/uploads\/2019\/07\/Consommable_PresensSensorplate.jpg","type":"image\/jpeg"}],"twitter_card":"summary_large_image","twitter_misc":{"Gesch\u00e4tzte Lesezeit":"1\u00a0Minute"},"schema":{"@context":"https:\/\/schema.org","@graph":[{"@type":"WebPage","@id":"https:\/\/sysmatec.ch\/de\/produit\/96-well-sensor-platte\/","url":"https:\/\/sysmatec.ch\/de\/produit\/96-well-sensor-platte\/","name":"96-Well Sensor Platte - Sysmatec","isPartOf":{"@id":"https:\/\/sysmatec.ch\/de\/#website"},"primaryImageOfPage":{"@id":"https:\/\/sysmatec.ch\/de\/produit\/96-well-sensor-platte\/#primaryimage"},"image":{"@id":"https:\/\/sysmatec.ch\/de\/produit\/96-well-sensor-platte\/#primaryimage"},"thumbnailUrl":"https:\/\/sysmatec.ch\/wp-content\/uploads\/2019\/07\/Consommable_PresensSensorplate.jpg","datePublished":"2019-07-06T09:03:42+00:00","dateModified":"2021-12-18T15:29:12+00:00","description":"96-Well-Mikrotiterplatten mit Messung von gel\u00f6stem Sauerstoff (Oxoplate) und pH (Hydroplate) mit einem Mikrotiterplatten-Reader.","breadcrumb":{"@id":"https:\/\/sysmatec.ch\/de\/produit\/96-well-sensor-platte\/#breadcrumb"},"inLanguage":"de","potentialAction":[{"@type":"ReadAction","target":["https:\/\/sysmatec.ch\/de\/produit\/96-well-sensor-platte\/"]}]},{"@type":"ImageObject","inLanguage":"de","@id":"https:\/\/sysmatec.ch\/de\/produit\/96-well-sensor-platte\/#primaryimage","url":"https:\/\/sysmatec.ch\/wp-content\/uploads\/2019\/07\/Consommable_PresensSensorplate.jpg","contentUrl":"https:\/\/sysmatec.ch\/wp-content\/uploads\/2019\/07\/Consommable_PresensSensorplate.jpg","width":180,"height":129},{"@type":"BreadcrumbList","@id":"https:\/\/sysmatec.ch\/de\/produit\/96-well-sensor-platte\/#breadcrumb","itemListElement":[{"@type":"ListItem","position":1,"name":"Accueil","item":"https:\/\/sysmatec.ch\/de\/"},{"@type":"ListItem","position":2,"name":"Die Aktivit\u00e4t von Sysmatec","item":"https:\/\/sysmatec.ch\/de\/"},{"@type":"ListItem","position":3,"name":"96-Well Sensor Platte"}]},{"@type":"WebSite","@id":"https:\/\/sysmatec.ch\/de\/#website","url":"https:\/\/sysmatec.ch\/de\/","name":"Sysmatec","description":"Equipement de laboratoire et logiciels","publisher":{"@id":"https:\/\/sysmatec.ch\/de\/#organization"},"potentialAction":[{"@type":"SearchAction","target":{"@type":"EntryPoint","urlTemplate":"https:\/\/sysmatec.ch\/de\/?s={search_term_string}"},"query-input":{"@type":"PropertyValueSpecification","valueRequired":true,"valueName":"search_term_string"}}],"inLanguage":"de"},{"@type":"Organization","@id":"https:\/\/sysmatec.ch\/de\/#organization","name":"Sysmatec","url":"https:\/\/sysmatec.ch\/de\/","logo":{"@type":"ImageObject","inLanguage":"de","@id":"https:\/\/sysmatec.ch\/de\/#\/schema\/logo\/image\/","url":"https:\/\/sysmatec.ch\/wp-content\/uploads\/2018\/11\/LogoSysmatec.jpg","contentUrl":"https:\/\/sysmatec.ch\/wp-content\/uploads\/2018\/11\/LogoSysmatec.jpg","width":301,"height":297,"caption":"Sysmatec"},"image":{"@id":"https:\/\/sysmatec.ch\/de\/#\/schema\/logo\/image\/"}}]}},"_links":{"self":[{"href":"https:\/\/sysmatec.ch\/de\/wp-json\/wp\/v2\/product\/8480","targetHints":{"allow":["GET"]}}],"collection":[{"href":"https:\/\/sysmatec.ch\/de\/wp-json\/wp\/v2\/product"}],"about":[{"href":"https:\/\/sysmatec.ch\/de\/wp-json\/wp\/v2\/types\/product"}],"wp:featuredmedia":[{"embeddable":true,"href":"https:\/\/sysmatec.ch\/de\/wp-json\/wp\/v2\/media\/8475"}],"wp:attachment":[{"href":"https:\/\/sysmatec.ch\/de\/wp-json\/wp\/v2\/media?parent=8480"}],"wp:term":[{"taxonomy":"product_brand","embeddable":true,"href":"https:\/\/sysmatec.ch\/de\/wp-json\/wp\/v2\/product_brand?post=8480"},{"taxonomy":"product_cat","embeddable":true,"href":"https:\/\/sysmatec.ch\/de\/wp-json\/wp\/v2\/product_cat?post=8480"},{"taxonomy":"product_tag","embeddable":true,"href":"https:\/\/sysmatec.ch\/de\/wp-json\/wp\/v2\/product_tag?post=8480"}],"curies":[{"name":"wp","href":"https:\/\/api.w.org\/{rel}","templated":true}]}}